{"id":5666,"date":"2023-04-01T04:34:25","date_gmt":"2023-04-01T04:34:25","guid":{"rendered":"https:\/\/decolights.eu\/?post_type=product&#038;p=5666"},"modified":"2023-05-10T09:13:53","modified_gmt":"2023-05-10T09:13:53","slug":"led-lights-chain","status":"publish","type":"product","link":"https:\/\/decolights.eu\/pl\/produkt-2\/led-lights-chain\/","title":{"rendered":"\u0141a\u0144cuch \u015bwiate\u0142 LED"},"content":{"rendered":"<p>\u0141a\u0144cuch \u015bwietlny z 64 ciep\u0142ymi bia\u0142ymi diodami LED i pojemnikiem na baterie do u\u017cytku wewn\u0105trz lub na zewn\u0105trz, zasilany 3 bateriami AA. Aby zapewni\u0107 optymaln\u0105 \u017cywotno\u015b\u0107 baterii, lekki \u0142a\u0144cuch ma funkcj\u0119 powtarzalnego timera, 6 godzin w\u0142\u0105czenia i 18 godzin wy\u0142\u0105czenia.<\/p>\n<p>U\u017cywaj zar\u00f3wno jako lampki do parasola w okresie letnim, jak i jako lampki choinkowej na Bo\u017ce Narodzenie.<\/p>\n<ul>\n<li><strong>Kolor diody<\/strong>: ciep\u0142y bia\u0142y<\/li>\n<li><strong>Liczba diod LED<\/strong><strong>: <\/strong>64 diody LED (8 \u0142a\u0144cuch\u00f3w x 8 diod LED)<\/li>\n<li><b>D\u0142ugo\u015b\u0107:\u00a0<\/b>140 CM<\/li>\n<li><strong>Rozstaw mi\u0119dzy \u017car\u00f3wkami:<\/strong> 7CM<\/li>\n<li><strong>Kolor kabla: <\/strong>czarny<\/li>\n<li><strong>Klasa IP: <\/strong>IP44<\/li>\n<li dir=\"ltr\" data-placeholder=\"Translation\"><strong>\u0179r\u00f3d\u0142o pr\u0105du:<\/strong> 3 baterie AA (brak w zestawie)<\/li>\n<li dir=\"ltr\" data-placeholder=\"Translation\"><strong>Regulator czasowy:<\/strong> 6 godzin w\u0142\u0105czony\/18 godzin wy\u0142\u0105czony, powt\u00f3rz<\/li>\n<li><strong>Materia\u0142 kabla:\u00a0<\/strong>PCW<\/li>\n<li><strong>Mo\u017cliwo\u015b\u0107 pod\u0142\u0105czenia:\u00a0<\/strong>NIE<\/li>\n<li><strong>Za\u015blepka\/gniazdo:\u00a0<\/strong>Niewymienne<\/li>\n<li><strong>Certyfikat CE:\u00a0<\/strong>Tak<\/li>\n<li>4,5V pr\u0105du sta\u0142ego<\/li>\n<\/ul>","protected":false},"excerpt":{"rendered":"<p>Light chain with 64 warm white LED lights and with battery box for in- or outdoor use, run by 3xAA batteries. For optimal battery life, the light chain has repeating timer function, 6h on and 18h off. Use as both parasol light in summer time and as a tree light for Christmas. LED colour: warm [&#8230;]\n","protected":false},"featured_media":5722,"comment_status":"open","ping_status":"closed","template":"","meta":[],"product_brand":[],"product_cat":[236,226,230],"product_tag":[],"class_list":{"0":"post-5666","1":"product","2":"type-product","3":"status-publish","4":"has-post-thumbnail","6":"product_cat-led-string-lights-outdoor-lights","7":"product_cat-outdoor-lights","8":"product_cat-patio-lights","9":"pa_brand-deco","10":"pa_led-colour-warm-white","12":"first","13":"instock","14":"sale","15":"shipping-taxable","16":"purchasable","17":"product-type-simple"},"yoast_head":"<!-- This site is optimized with the Yoast SEO plugin v27.3 - https:\/\/yoast.com\/product\/yoast-seo-wordpress\/ -->\n<title>LED Lights Chain - Best price - Decolights.eu<\/title>\n<meta name=\"description\" content=\"Decorate your patio or garden with a nice string LED lights to get a cosy atmosphere. Do not hesitate and buy now the get the best price!\" \/>\n<meta name=\"robots\" content=\"index, follow, max-snippet:-1, max-image-preview:large, max-video-preview:-1\" \/>\n<link rel=\"canonical\" href=\"https:\/\/decolights.eu\/pl\/produkt-2\/led-lights-chain\/\" \/>\n<meta property=\"og:locale\" content=\"pl_PL\" \/>\n<meta property=\"og:type\" content=\"article\" \/>\n<meta property=\"og:title\" content=\"LED Lights Chain - Best price - Decolights.eu\" \/>\n<meta property=\"og:description\" content=\"Decorate your patio or garden with a nice string LED lights to get a cosy atmosphere. Do not hesitate and buy now the get the best price!\" \/>\n<meta property=\"og:url\" content=\"https:\/\/decolights.eu\/pl\/produkt-2\/led-lights-chain\/\" \/>\n<meta property=\"og:site_name\" content=\"Decolights.eu\" \/>\n<meta property=\"article:modified_time\" content=\"2023-05-10T09:13:53+00:00\" \/>\n<meta property=\"og:image\" content=\"https:\/\/decolights.eu\/wp-content\/uploads\/2023\/04\/727-04_MB_001.png\" \/>\n\t<meta property=\"og:image:width\" content=\"600\" \/>\n\t<meta property=\"og:image:height\" content=\"600\" \/>\n\t<meta property=\"og:image:type\" content=\"image\/png\" \/>\n<meta name=\"twitter:card\" content=\"summary_large_image\" \/>\n<meta name=\"twitter:label1\" content=\"Szacowany czas czytania\" \/>\n\t<meta name=\"twitter:data1\" content=\"1 minuta\" \/>\n<script type=\"application\/ld+json\" class=\"yoast-schema-graph\">{\"@context\":\"https:\\\/\\\/schema.org\",\"@graph\":[{\"@type\":\"WebPage\",\"@id\":\"https:\\\/\\\/decolights.eu\\\/product\\\/led-lights-chain\\\/\",\"url\":\"https:\\\/\\\/decolights.eu\\\/product\\\/led-lights-chain\\\/\",\"name\":\"LED Lights Chain - Best price - Decolights.eu\",\"isPartOf\":{\"@id\":\"https:\\\/\\\/decolights.eu\\\/#website\"},\"primaryImageOfPage\":{\"@id\":\"https:\\\/\\\/decolights.eu\\\/product\\\/led-lights-chain\\\/#primaryimage\"},\"image\":{\"@id\":\"https:\\\/\\\/decolights.eu\\\/product\\\/led-lights-chain\\\/#primaryimage\"},\"thumbnailUrl\":\"https:\\\/\\\/decolights.eu\\\/wp-content\\\/uploads\\\/2023\\\/04\\\/727-04_MB_001.png\",\"datePublished\":\"2023-04-01T04:34:25+00:00\",\"dateModified\":\"2023-05-10T09:13:53+00:00\",\"description\":\"Decorate your patio or garden with a nice string LED lights to get a cosy atmosphere. Do not hesitate and buy now the get the best price!\",\"breadcrumb\":{\"@id\":\"https:\\\/\\\/decolights.eu\\\/product\\\/led-lights-chain\\\/#breadcrumb\"},\"inLanguage\":\"pl-PL\",\"potentialAction\":[{\"@type\":\"ReadAction\",\"target\":[\"https:\\\/\\\/decolights.eu\\\/product\\\/led-lights-chain\\\/\"]}]},{\"@type\":\"ImageObject\",\"inLanguage\":\"pl-PL\",\"@id\":\"https:\\\/\\\/decolights.eu\\\/product\\\/led-lights-chain\\\/#primaryimage\",\"url\":\"https:\\\/\\\/decolights.eu\\\/wp-content\\\/uploads\\\/2023\\\/04\\\/727-04_MB_001.png\",\"contentUrl\":\"https:\\\/\\\/decolights.eu\\\/wp-content\\\/uploads\\\/2023\\\/04\\\/727-04_MB_001.png\",\"width\":600,\"height\":600},{\"@type\":\"BreadcrumbList\",\"@id\":\"https:\\\/\\\/decolights.eu\\\/product\\\/led-lights-chain\\\/#breadcrumb\",\"itemListElement\":[{\"@type\":\"ListItem\",\"position\":1,\"name\":\"Shop\",\"item\":\"https:\\\/\\\/decolights.eu\\\/shop\\\/\"},{\"@type\":\"ListItem\",\"position\":2,\"name\":\"LED Lights Chain\"}]},{\"@type\":\"WebSite\",\"@id\":\"https:\\\/\\\/decolights.eu\\\/#website\",\"url\":\"https:\\\/\\\/decolights.eu\\\/\",\"name\":\"decolights\",\"description\":\"Led Decorations for Home and Garden\",\"publisher\":{\"@id\":\"https:\\\/\\\/decolights.eu\\\/#organization\"},\"alternateName\":\"decolights.eu\",\"potentialAction\":[{\"@type\":\"SearchAction\",\"target\":{\"@type\":\"EntryPoint\",\"urlTemplate\":\"https:\\\/\\\/decolights.eu\\\/?s={search_term_string}\"},\"query-input\":{\"@type\":\"PropertyValueSpecification\",\"valueRequired\":true,\"valueName\":\"search_term_string\"}}],\"inLanguage\":\"pl-PL\"},{\"@type\":\"Organization\",\"@id\":\"https:\\\/\\\/decolights.eu\\\/#organization\",\"name\":\"decolights\",\"url\":\"https:\\\/\\\/decolights.eu\\\/\",\"logo\":{\"@type\":\"ImageObject\",\"inLanguage\":\"pl-PL\",\"@id\":\"https:\\\/\\\/decolights.eu\\\/#\\\/schema\\\/logo\\\/image\\\/\",\"url\":\"https:\\\/\\\/decolights.eu\\\/wp-content\\\/uploads\\\/2023\\\/07\\\/cropped-decolight-siteicon.png\",\"contentUrl\":\"https:\\\/\\\/decolights.eu\\\/wp-content\\\/uploads\\\/2023\\\/07\\\/cropped-decolight-siteicon.png\",\"width\":512,\"height\":512,\"caption\":\"decolights\"},\"image\":{\"@id\":\"https:\\\/\\\/decolights.eu\\\/#\\\/schema\\\/logo\\\/image\\\/\"}}]}<\/script>\n<!-- \/ Yoast SEO plugin. -->","yoast_head_json":{"title":"\u0141a\u0144cuch \u015bwietlny LED - Najlepsza cena - Decolights.eu","description":"Udekoruj swoje patio lub ogr\u00f3d \u0142adn\u0105 girland\u0105 LED, aby uzyska\u0107 przytuln\u0105 atmosfer\u0119. Nie wahaj si\u0119 i kup teraz, aby uzyska\u0107 najlepsz\u0105 cen\u0119!","robots":{"index":"index","follow":"follow","max-snippet":"max-snippet:-1","max-image-preview":"max-image-preview:large","max-video-preview":"max-video-preview:-1"},"canonical":"https:\/\/decolights.eu\/pl\/produkt-2\/led-lights-chain\/","og_locale":"pl_PL","og_type":"article","og_title":"LED Lights Chain - Best price - Decolights.eu","og_description":"Decorate your patio or garden with a nice string LED lights to get a cosy atmosphere. Do not hesitate and buy now the get the best price!","og_url":"https:\/\/decolights.eu\/pl\/produkt-2\/led-lights-chain\/","og_site_name":"Decolights.eu","article_modified_time":"2023-05-10T09:13:53+00:00","og_image":[{"width":600,"height":600,"url":"https:\/\/decolights.eu\/wp-content\/uploads\/2023\/04\/727-04_MB_001.png","type":"image\/png"}],"twitter_card":"summary_large_image","twitter_misc":{"Szacowany czas czytania":"1 minuta"},"schema":{"@context":"https:\/\/schema.org","@graph":[{"@type":"WebPage","@id":"https:\/\/decolights.eu\/product\/led-lights-chain\/","url":"https:\/\/decolights.eu\/product\/led-lights-chain\/","name":"\u0141a\u0144cuch \u015bwietlny LED - Najlepsza cena - Decolights.eu","isPartOf":{"@id":"https:\/\/decolights.eu\/#website"},"primaryImageOfPage":{"@id":"https:\/\/decolights.eu\/product\/led-lights-chain\/#primaryimage"},"image":{"@id":"https:\/\/decolights.eu\/product\/led-lights-chain\/#primaryimage"},"thumbnailUrl":"https:\/\/decolights.eu\/wp-content\/uploads\/2023\/04\/727-04_MB_001.png","datePublished":"2023-04-01T04:34:25+00:00","dateModified":"2023-05-10T09:13:53+00:00","description":"Udekoruj swoje patio lub ogr\u00f3d \u0142adn\u0105 girland\u0105 LED, aby uzyska\u0107 przytuln\u0105 atmosfer\u0119. Nie wahaj si\u0119 i kup teraz, aby uzyska\u0107 najlepsz\u0105 cen\u0119!","breadcrumb":{"@id":"https:\/\/decolights.eu\/product\/led-lights-chain\/#breadcrumb"},"inLanguage":"pl-PL","potentialAction":[{"@type":"ReadAction","target":["https:\/\/decolights.eu\/product\/led-lights-chain\/"]}]},{"@type":"ImageObject","inLanguage":"pl-PL","@id":"https:\/\/decolights.eu\/product\/led-lights-chain\/#primaryimage","url":"https:\/\/decolights.eu\/wp-content\/uploads\/2023\/04\/727-04_MB_001.png","contentUrl":"https:\/\/decolights.eu\/wp-content\/uploads\/2023\/04\/727-04_MB_001.png","width":600,"height":600},{"@type":"BreadcrumbList","@id":"https:\/\/decolights.eu\/product\/led-lights-chain\/#breadcrumb","itemListElement":[{"@type":"ListItem","position":1,"name":"Shop","item":"https:\/\/decolights.eu\/shop\/"},{"@type":"ListItem","position":2,"name":"LED Lights Chain"}]},{"@type":"WebSite","@id":"https:\/\/decolights.eu\/#website","url":"https:\/\/decolights.eu\/","name":"dekoracje","description":"Dekoracje LED do domu i ogrodu","publisher":{"@id":"https:\/\/decolights.eu\/#organization"},"alternateName":"decolights.eu","potentialAction":[{"@type":"SearchAction","target":{"@type":"EntryPoint","urlTemplate":"https:\/\/decolights.eu\/?s={search_term_string}"},"query-input":{"@type":"PropertyValueSpecification","valueRequired":true,"valueName":"search_term_string"}}],"inLanguage":"pl-PL"},{"@type":"Organization","@id":"https:\/\/decolights.eu\/#organization","name":"dekoracje","url":"https:\/\/decolights.eu\/","logo":{"@type":"ImageObject","inLanguage":"pl-PL","@id":"https:\/\/decolights.eu\/#\/schema\/logo\/image\/","url":"https:\/\/decolights.eu\/wp-content\/uploads\/2023\/07\/cropped-decolight-siteicon.png","contentUrl":"https:\/\/decolights.eu\/wp-content\/uploads\/2023\/07\/cropped-decolight-siteicon.png","width":512,"height":512,"caption":"decolights"},"image":{"@id":"https:\/\/decolights.eu\/#\/schema\/logo\/image\/"}}]}},"jetpack_sharing_enabled":true,"_links":{"self":[{"href":"https:\/\/decolights.eu\/pl\/wp-json\/wp\/v2\/product\/5666","targetHints":{"allow":["GET"]}}],"collection":[{"href":"https:\/\/decolights.eu\/pl\/wp-json\/wp\/v2\/product"}],"about":[{"href":"https:\/\/decolights.eu\/pl\/wp-json\/wp\/v2\/types\/product"}],"replies":[{"embeddable":true,"href":"https:\/\/decolights.eu\/pl\/wp-json\/wp\/v2\/comments?post=5666"}],"wp:featuredmedia":[{"embeddable":true,"href":"https:\/\/decolights.eu\/pl\/wp-json\/wp\/v2\/media\/5722"}],"wp:attachment":[{"href":"https:\/\/decolights.eu\/pl\/wp-json\/wp\/v2\/media?parent=5666"}],"wp:term":[{"taxonomy":"product_brand","embeddable":true,"href":"https:\/\/decolights.eu\/pl\/wp-json\/wp\/v2\/product_brand?post=5666"},{"taxonomy":"product_cat","embeddable":true,"href":"https:\/\/decolights.eu\/pl\/wp-json\/wp\/v2\/product_cat?post=5666"},{"taxonomy":"product_tag","embeddable":true,"href":"https:\/\/decolights.eu\/pl\/wp-json\/wp\/v2\/product_tag?post=5666"}],"curies":[{"name":"wp","href":"https:\/\/api.w.org\/{rel}","templated":true}]}}