{"id":5870,"date":"2023-04-01T04:37:39","date_gmt":"2023-04-01T04:37:39","guid":{"rendered":"https:\/\/decolights.eu\/?post_type=product&#038;p=5870"},"modified":"2023-05-09T12:18:17","modified_gmt":"2023-05-09T12:18:17","slug":"dimmer","status":"publish","type":"product","link":"https:\/\/decolights.eu\/pl\/produkt-2\/dimmer\/","title":{"rendered":"Opornik"},"content":{"rendered":"<p>\u015aciemniacz to idealne urz\u0105dzenie do regulacji jasno\u015bci o\u015bwietlenia.<\/p>\n<ul>\n<li class=\"d-flex border-bottom py-2\"><strong>Kolor:\u00a0<\/strong>bia\u0142y<\/li>\n<li class=\"d-flex border-bottom py-2\"><i class=\"fi fi-colors-2 fs--20 text-muted\"><\/i><span class=\"px-2 text-nowrap text-muted mt-1\"><strong>Klasa IP: <\/strong><\/span><span class=\"d-flex-1-1-auto text-right text-truncate mt-1\">IP20<\/span><\/li>\n<li class=\"d-flex border-bottom py-2\"><i class=\"fi fi-eq-horizontal fs--20 text-muted\"><\/i><strong><span class=\"px-2 text-nowrap text-muted mt-1\">Rozmiar: <\/span><\/strong><span class=\"d-flex-1-1-auto text-right text-truncate mt-1\">1<\/span><span class=\"d-flex-1-1-auto text-right text-truncate mt-1\">08mm x 55mm x 55mm<\/span><\/li>\n<li class=\"d-flex border-bottom py-2\"><strong>Materia\u0142:\u00a0<\/strong>Plastikowy<i class=\"fi fi-shrink fs--20 text-muted\"><\/i><\/li>\n<li>230V 2ooW<\/li>\n<\/ul>","protected":false},"excerpt":{"rendered":"<p>Dimmer is a perfect device for regulating brightness of your lights. Colour:\u00a0white IP Rating: IP20 Size: 108 mm x 55mm x 55mm Material:\u00a0plastic 230V 2ooW<\/p>","protected":false},"featured_media":6027,"comment_status":"open","ping_status":"closed","template":"","meta":[],"product_brand":[],"product_cat":[211,226,212],"product_tag":[],"class_list":{"0":"post-5870","1":"product","2":"type-product","3":"status-publish","4":"has-post-thumbnail","6":"product_cat-accessories","7":"product_cat-outdoor-lights","8":"product_cat-pro-accessories","10":"first","11":"instock","12":"sale","13":"shipping-taxable","14":"purchasable","15":"product-type-simple"},"yoast_head":"<!-- This site is optimized with the Yoast SEO plugin v27.3 - https:\/\/yoast.com\/product\/yoast-seo-wordpress\/ -->\n<title>Dimmer - Decolights.eu<\/title>\n<meta name=\"description\" content=\"Dimmer is a perfect device for regulating brightness of your lights.\u00a0Regular your festoon lights and decorative LED bulbs. Buy now for the best price!\" \/>\n<meta name=\"robots\" content=\"index, follow, max-snippet:-1, max-image-preview:large, max-video-preview:-1\" \/>\n<link rel=\"canonical\" href=\"https:\/\/decolights.eu\/pl\/produkt-2\/dimmer\/\" \/>\n<meta property=\"og:locale\" content=\"pl_PL\" \/>\n<meta property=\"og:type\" content=\"article\" \/>\n<meta property=\"og:title\" content=\"Dimmer - Decolights.eu\" \/>\n<meta property=\"og:description\" content=\"Dimmer is a perfect device for regulating brightness of your lights.\u00a0Regular your festoon lights and decorative LED bulbs. Buy now for the best price!\" \/>\n<meta property=\"og:url\" content=\"https:\/\/decolights.eu\/pl\/produkt-2\/dimmer\/\" \/>\n<meta property=\"og:site_name\" content=\"Decolights.eu\" \/>\n<meta property=\"article:modified_time\" content=\"2023-05-09T12:18:17+00:00\" \/>\n<meta property=\"og:image\" content=\"https:\/\/decolights.eu\/wp-content\/uploads\/2023\/04\/399-21_MN.png\" \/>\n\t<meta property=\"og:image:width\" content=\"600\" \/>\n\t<meta property=\"og:image:height\" content=\"600\" \/>\n\t<meta property=\"og:image:type\" content=\"image\/png\" \/>\n<meta name=\"twitter:card\" content=\"summary_large_image\" \/>\n<meta name=\"twitter:label1\" content=\"Szacowany czas czytania\" \/>\n\t<meta name=\"twitter:data1\" content=\"1 minuta\" \/>\n<script type=\"application\/ld+json\" class=\"yoast-schema-graph\">{\"@context\":\"https:\\\/\\\/schema.org\",\"@graph\":[{\"@type\":\"WebPage\",\"@id\":\"https:\\\/\\\/decolights.eu\\\/product\\\/dimmer\\\/\",\"url\":\"https:\\\/\\\/decolights.eu\\\/product\\\/dimmer\\\/\",\"name\":\"Dimmer - Decolights.eu\",\"isPartOf\":{\"@id\":\"https:\\\/\\\/decolights.eu\\\/#website\"},\"primaryImageOfPage\":{\"@id\":\"https:\\\/\\\/decolights.eu\\\/product\\\/dimmer\\\/#primaryimage\"},\"image\":{\"@id\":\"https:\\\/\\\/decolights.eu\\\/product\\\/dimmer\\\/#primaryimage\"},\"thumbnailUrl\":\"https:\\\/\\\/decolights.eu\\\/wp-content\\\/uploads\\\/2023\\\/04\\\/399-21_MN.png\",\"datePublished\":\"2023-04-01T04:37:39+00:00\",\"dateModified\":\"2023-05-09T12:18:17+00:00\",\"description\":\"Dimmer is a perfect device for regulating brightness of your lights.\u00a0Regular your festoon lights and decorative LED bulbs. Buy now for the best price!\",\"breadcrumb\":{\"@id\":\"https:\\\/\\\/decolights.eu\\\/product\\\/dimmer\\\/#breadcrumb\"},\"inLanguage\":\"pl-PL\",\"potentialAction\":[{\"@type\":\"ReadAction\",\"target\":[\"https:\\\/\\\/decolights.eu\\\/product\\\/dimmer\\\/\"]}]},{\"@type\":\"ImageObject\",\"inLanguage\":\"pl-PL\",\"@id\":\"https:\\\/\\\/decolights.eu\\\/product\\\/dimmer\\\/#primaryimage\",\"url\":\"https:\\\/\\\/decolights.eu\\\/wp-content\\\/uploads\\\/2023\\\/04\\\/399-21_MN.png\",\"contentUrl\":\"https:\\\/\\\/decolights.eu\\\/wp-content\\\/uploads\\\/2023\\\/04\\\/399-21_MN.png\",\"width\":600,\"height\":600},{\"@type\":\"BreadcrumbList\",\"@id\":\"https:\\\/\\\/decolights.eu\\\/product\\\/dimmer\\\/#breadcrumb\",\"itemListElement\":[{\"@type\":\"ListItem\",\"position\":1,\"name\":\"Shop\",\"item\":\"https:\\\/\\\/decolights.eu\\\/shop\\\/\"},{\"@type\":\"ListItem\",\"position\":2,\"name\":\"Dimmer\"}]},{\"@type\":\"WebSite\",\"@id\":\"https:\\\/\\\/decolights.eu\\\/#website\",\"url\":\"https:\\\/\\\/decolights.eu\\\/\",\"name\":\"decolights\",\"description\":\"Led Decorations for Home and Garden\",\"publisher\":{\"@id\":\"https:\\\/\\\/decolights.eu\\\/#organization\"},\"alternateName\":\"decolights.eu\",\"potentialAction\":[{\"@type\":\"SearchAction\",\"target\":{\"@type\":\"EntryPoint\",\"urlTemplate\":\"https:\\\/\\\/decolights.eu\\\/?s={search_term_string}\"},\"query-input\":{\"@type\":\"PropertyValueSpecification\",\"valueRequired\":true,\"valueName\":\"search_term_string\"}}],\"inLanguage\":\"pl-PL\"},{\"@type\":\"Organization\",\"@id\":\"https:\\\/\\\/decolights.eu\\\/#organization\",\"name\":\"decolights\",\"url\":\"https:\\\/\\\/decolights.eu\\\/\",\"logo\":{\"@type\":\"ImageObject\",\"inLanguage\":\"pl-PL\",\"@id\":\"https:\\\/\\\/decolights.eu\\\/#\\\/schema\\\/logo\\\/image\\\/\",\"url\":\"https:\\\/\\\/decolights.eu\\\/wp-content\\\/uploads\\\/2023\\\/07\\\/cropped-decolight-siteicon.png\",\"contentUrl\":\"https:\\\/\\\/decolights.eu\\\/wp-content\\\/uploads\\\/2023\\\/07\\\/cropped-decolight-siteicon.png\",\"width\":512,\"height\":512,\"caption\":\"decolights\"},\"image\":{\"@id\":\"https:\\\/\\\/decolights.eu\\\/#\\\/schema\\\/logo\\\/image\\\/\"}}]}<\/script>\n<!-- \/ Yoast SEO plugin. -->","yoast_head_json":{"title":"\u015aciemniacz - Decolights.eu","description":"\u015aciemniacz to idealne urz\u0105dzenie do regulacji jasno\u015bci o\u015bwietlenia. Regularnie u\u017cywaj \u015bwiate\u0142 festonowych i dekoracyjnych \u017car\u00f3wek LED. Kup teraz w najlepszej cenie!","robots":{"index":"index","follow":"follow","max-snippet":"max-snippet:-1","max-image-preview":"max-image-preview:large","max-video-preview":"max-video-preview:-1"},"canonical":"https:\/\/decolights.eu\/pl\/produkt-2\/dimmer\/","og_locale":"pl_PL","og_type":"article","og_title":"Dimmer - Decolights.eu","og_description":"Dimmer is a perfect device for regulating brightness of your lights.\u00a0Regular your festoon lights and decorative LED bulbs. Buy now for the best price!","og_url":"https:\/\/decolights.eu\/pl\/produkt-2\/dimmer\/","og_site_name":"Decolights.eu","article_modified_time":"2023-05-09T12:18:17+00:00","og_image":[{"width":600,"height":600,"url":"https:\/\/decolights.eu\/wp-content\/uploads\/2023\/04\/399-21_MN.png","type":"image\/png"}],"twitter_card":"summary_large_image","twitter_misc":{"Szacowany czas czytania":"1 minuta"},"schema":{"@context":"https:\/\/schema.org","@graph":[{"@type":"WebPage","@id":"https:\/\/decolights.eu\/product\/dimmer\/","url":"https:\/\/decolights.eu\/product\/dimmer\/","name":"\u015aciemniacz - Decolights.eu","isPartOf":{"@id":"https:\/\/decolights.eu\/#website"},"primaryImageOfPage":{"@id":"https:\/\/decolights.eu\/product\/dimmer\/#primaryimage"},"image":{"@id":"https:\/\/decolights.eu\/product\/dimmer\/#primaryimage"},"thumbnailUrl":"https:\/\/decolights.eu\/wp-content\/uploads\/2023\/04\/399-21_MN.png","datePublished":"2023-04-01T04:37:39+00:00","dateModified":"2023-05-09T12:18:17+00:00","description":"\u015aciemniacz to idealne urz\u0105dzenie do regulacji jasno\u015bci o\u015bwietlenia. Regularnie u\u017cywaj \u015bwiate\u0142 festonowych i dekoracyjnych \u017car\u00f3wek LED. Kup teraz w najlepszej cenie!","breadcrumb":{"@id":"https:\/\/decolights.eu\/product\/dimmer\/#breadcrumb"},"inLanguage":"pl-PL","potentialAction":[{"@type":"ReadAction","target":["https:\/\/decolights.eu\/product\/dimmer\/"]}]},{"@type":"ImageObject","inLanguage":"pl-PL","@id":"https:\/\/decolights.eu\/product\/dimmer\/#primaryimage","url":"https:\/\/decolights.eu\/wp-content\/uploads\/2023\/04\/399-21_MN.png","contentUrl":"https:\/\/decolights.eu\/wp-content\/uploads\/2023\/04\/399-21_MN.png","width":600,"height":600},{"@type":"BreadcrumbList","@id":"https:\/\/decolights.eu\/product\/dimmer\/#breadcrumb","itemListElement":[{"@type":"ListItem","position":1,"name":"Shop","item":"https:\/\/decolights.eu\/shop\/"},{"@type":"ListItem","position":2,"name":"Dimmer"}]},{"@type":"WebSite","@id":"https:\/\/decolights.eu\/#website","url":"https:\/\/decolights.eu\/","name":"dekoracje","description":"Dekoracje LED do domu i ogrodu","publisher":{"@id":"https:\/\/decolights.eu\/#organization"},"alternateName":"decolights.eu","potentialAction":[{"@type":"SearchAction","target":{"@type":"EntryPoint","urlTemplate":"https:\/\/decolights.eu\/?s={search_term_string}"},"query-input":{"@type":"PropertyValueSpecification","valueRequired":true,"valueName":"search_term_string"}}],"inLanguage":"pl-PL"},{"@type":"Organization","@id":"https:\/\/decolights.eu\/#organization","name":"dekoracje","url":"https:\/\/decolights.eu\/","logo":{"@type":"ImageObject","inLanguage":"pl-PL","@id":"https:\/\/decolights.eu\/#\/schema\/logo\/image\/","url":"https:\/\/decolights.eu\/wp-content\/uploads\/2023\/07\/cropped-decolight-siteicon.png","contentUrl":"https:\/\/decolights.eu\/wp-content\/uploads\/2023\/07\/cropped-decolight-siteicon.png","width":512,"height":512,"caption":"decolights"},"image":{"@id":"https:\/\/decolights.eu\/#\/schema\/logo\/image\/"}}]}},"jetpack_sharing_enabled":true,"_links":{"self":[{"href":"https:\/\/decolights.eu\/pl\/wp-json\/wp\/v2\/product\/5870","targetHints":{"allow":["GET"]}}],"collection":[{"href":"https:\/\/decolights.eu\/pl\/wp-json\/wp\/v2\/product"}],"about":[{"href":"https:\/\/decolights.eu\/pl\/wp-json\/wp\/v2\/types\/product"}],"replies":[{"embeddable":true,"href":"https:\/\/decolights.eu\/pl\/wp-json\/wp\/v2\/comments?post=5870"}],"wp:featuredmedia":[{"embeddable":true,"href":"https:\/\/decolights.eu\/pl\/wp-json\/wp\/v2\/media\/6027"}],"wp:attachment":[{"href":"https:\/\/decolights.eu\/pl\/wp-json\/wp\/v2\/media?parent=5870"}],"wp:term":[{"taxonomy":"product_brand","embeddable":true,"href":"https:\/\/decolights.eu\/pl\/wp-json\/wp\/v2\/product_brand?post=5870"},{"taxonomy":"product_cat","embeddable":true,"href":"https:\/\/decolights.eu\/pl\/wp-json\/wp\/v2\/product_cat?post=5870"},{"taxonomy":"product_tag","embeddable":true,"href":"https:\/\/decolights.eu\/pl\/wp-json\/wp\/v2\/product_tag?post=5870"}],"curies":[{"name":"wp","href":"https:\/\/api.w.org\/{rel}","templated":true}]}}