{"id":6130,"date":"2023-04-01T04:41:08","date_gmt":"2023-04-01T04:41:08","guid":{"rendered":"https:\/\/decolights.eu\/?post_type=product&#038;p=6130"},"modified":"2023-04-17T11:03:17","modified_gmt":"2023-04-17T11:03:17","slug":"fairy-led-string-light-warm-white","status":"publish","type":"product","link":"https:\/\/decolights.eu\/pl\/produkt-2\/fairy-led-string-light-warm-white\/","title":{"rendered":"Bajkowa girlanda \u017car\u00f3wkowa LED w kolorze ciep\u0142ej bieli"},"content":{"rendered":"<ul>\n<li><strong>Kolor diody:<\/strong> ciep\u0142y bia\u0142y<\/li>\n<li><strong>Liczba mikro diod LED:<\/strong> 480LED<\/li>\n<li><strong>Kolor drutu: <\/strong>Srebro<\/li>\n<li><strong>D\u0142ugo\u015b\u0107 ca\u0142kowita (\u0142\u0105cznie z przewodem zasilaj\u0105cym):<\/strong> 51M<\/li>\n<li><strong>D\u0142ugo\u015b\u0107 \u015bwiat\u0142a:\u00a0<\/strong>48 mln<\/li>\n<li><strong>D\u0142ugo\u015b\u0107 przewodu zasilaj\u0105cego<\/strong>: 3M<\/li>\n<li><strong>Pilot:\u00a0<\/strong>Tak<\/li>\n<li><strong>Funkcje:\u00a0<\/strong>Tak (8 r\u00f3\u017cnych funkcji migaj\u0105cych i sta\u0142ych)<\/li>\n<li><b>Klasa IP:\u00a0<\/b>IP44<\/li>\n<li><strong>Mo\u017cliwo\u015b\u0107 pod\u0142\u0105czenia:\u00a0<\/strong>NIE<\/li>\n<li><strong>\u0179r\u00f3d\u0142o pr\u0105du:\u00a0<\/strong>pod\u0142\u0105cz<\/li>\n<li><strong>Certyfikat CE:\u00a0<\/strong>Tak<\/li>\n<\/ul>","protected":false},"excerpt":{"rendered":"<p>LED Colour: warm white Number of Micro LEDs: 480LED Wire colour: Silver Total length (including power lead cable): 51M Lit length:\u00a048M Power lead cable length:\u00a03M Remote control:\u00a0Yes Functions:\u00a0Yes (8 different flashing and steady functions) IP Rating:\u00a0IP44 Connectable:\u00a0No Power source:\u00a0plug in CE Certificate:\u00a0Yes<\/p>","protected":false},"featured_media":6281,"comment_status":"open","ping_status":"closed","template":"","meta":[],"product_brand":[],"product_cat":[218,214,236,226,230],"product_tag":[],"class_list":{"0":"post-6130","1":"product","2":"type-product","3":"status-publish","4":"has-post-thumbnail","6":"product_cat-decorative-led-lights","7":"product_cat-indoor-lights","8":"product_cat-led-string-lights-outdoor-lights","9":"product_cat-outdoor-lights","10":"product_cat-patio-lights","11":"pa_brand-deco","12":"pa_led-colour-warm-white","14":"first","15":"instock","16":"sale","17":"shipping-taxable","18":"purchasable","19":"product-type-simple"},"yoast_head":"<!-- This site is optimized with the Yoast SEO plugin v27.3 - https:\/\/yoast.com\/product\/yoast-seo-wordpress\/ -->\n<title>Fairy LED string light warm white - Best price guaranteed - Decolights.eu<\/title>\n<meta name=\"description\" content=\"Fairy lights are miniature, almost hidden, micro led string lights are perfect for decorating plants, Christmas trees and vases. Buy now for the best price!\" \/>\n<meta name=\"robots\" content=\"index, follow, max-snippet:-1, max-image-preview:large, max-video-preview:-1\" \/>\n<link rel=\"canonical\" href=\"https:\/\/decolights.eu\/pl\/produkt-2\/fairy-led-string-light-warm-white\/\" \/>\n<meta property=\"og:locale\" content=\"pl_PL\" \/>\n<meta property=\"og:type\" content=\"article\" \/>\n<meta property=\"og:title\" content=\"Fairy LED string light warm white - Best price guaranteed - Decolights.eu\" \/>\n<meta property=\"og:description\" content=\"Fairy lights are miniature, almost hidden, micro led string lights are perfect for decorating plants, Christmas trees and vases. Buy now for the best price!\" \/>\n<meta property=\"og:url\" content=\"https:\/\/decolights.eu\/pl\/produkt-2\/fairy-led-string-light-warm-white\/\" \/>\n<meta property=\"og:site_name\" content=\"Decolights.eu\" \/>\n<meta property=\"article:modified_time\" content=\"2023-04-17T11:03:17+00:00\" \/>\n<meta property=\"og:image\" content=\"https:\/\/decolights.eu\/wp-content\/uploads\/2023\/04\/64479-cl0512-lampki-choinkowe-480-led_M1.jpg\" \/>\n\t<meta property=\"og:image:width\" content=\"1000\" \/>\n\t<meta property=\"og:image:height\" content=\"1000\" \/>\n\t<meta property=\"og:image:type\" content=\"image\/jpeg\" \/>\n<meta name=\"twitter:card\" content=\"summary_large_image\" \/>\n<meta name=\"twitter:label1\" content=\"Szacowany czas czytania\" \/>\n\t<meta name=\"twitter:data1\" content=\"1 minuta\" \/>\n<script type=\"application\/ld+json\" class=\"yoast-schema-graph\">{\"@context\":\"https:\\\/\\\/schema.org\",\"@graph\":[{\"@type\":\"WebPage\",\"@id\":\"https:\\\/\\\/decolights.eu\\\/product\\\/fairy-led-string-light-warm-white\\\/\",\"url\":\"https:\\\/\\\/decolights.eu\\\/product\\\/fairy-led-string-light-warm-white\\\/\",\"name\":\"Fairy LED string light warm white - Best price guaranteed - Decolights.eu\",\"isPartOf\":{\"@id\":\"https:\\\/\\\/decolights.eu\\\/#website\"},\"primaryImageOfPage\":{\"@id\":\"https:\\\/\\\/decolights.eu\\\/product\\\/fairy-led-string-light-warm-white\\\/#primaryimage\"},\"image\":{\"@id\":\"https:\\\/\\\/decolights.eu\\\/product\\\/fairy-led-string-light-warm-white\\\/#primaryimage\"},\"thumbnailUrl\":\"https:\\\/\\\/decolights.eu\\\/wp-content\\\/uploads\\\/2023\\\/04\\\/64479-cl0512-lampki-choinkowe-480-led_M1.jpg\",\"datePublished\":\"2023-04-01T04:41:08+00:00\",\"dateModified\":\"2023-04-17T11:03:17+00:00\",\"description\":\"Fairy lights are miniature, almost hidden, micro led string lights are perfect for decorating plants, Christmas trees and vases. Buy now for the best price!\",\"breadcrumb\":{\"@id\":\"https:\\\/\\\/decolights.eu\\\/product\\\/fairy-led-string-light-warm-white\\\/#breadcrumb\"},\"inLanguage\":\"pl-PL\",\"potentialAction\":[{\"@type\":\"ReadAction\",\"target\":[\"https:\\\/\\\/decolights.eu\\\/product\\\/fairy-led-string-light-warm-white\\\/\"]}]},{\"@type\":\"ImageObject\",\"inLanguage\":\"pl-PL\",\"@id\":\"https:\\\/\\\/decolights.eu\\\/product\\\/fairy-led-string-light-warm-white\\\/#primaryimage\",\"url\":\"https:\\\/\\\/decolights.eu\\\/wp-content\\\/uploads\\\/2023\\\/04\\\/64479-cl0512-lampki-choinkowe-480-led_M1.jpg\",\"contentUrl\":\"https:\\\/\\\/decolights.eu\\\/wp-content\\\/uploads\\\/2023\\\/04\\\/64479-cl0512-lampki-choinkowe-480-led_M1.jpg\",\"width\":1000,\"height\":1000},{\"@type\":\"BreadcrumbList\",\"@id\":\"https:\\\/\\\/decolights.eu\\\/product\\\/fairy-led-string-light-warm-white\\\/#breadcrumb\",\"itemListElement\":[{\"@type\":\"ListItem\",\"position\":1,\"name\":\"Shop\",\"item\":\"https:\\\/\\\/decolights.eu\\\/shop\\\/\"},{\"@type\":\"ListItem\",\"position\":2,\"name\":\"Fairy LED string light warm white\"}]},{\"@type\":\"WebSite\",\"@id\":\"https:\\\/\\\/decolights.eu\\\/#website\",\"url\":\"https:\\\/\\\/decolights.eu\\\/\",\"name\":\"decolights\",\"description\":\"Led Decorations for Home and Garden\",\"publisher\":{\"@id\":\"https:\\\/\\\/decolights.eu\\\/#organization\"},\"alternateName\":\"decolights.eu\",\"potentialAction\":[{\"@type\":\"SearchAction\",\"target\":{\"@type\":\"EntryPoint\",\"urlTemplate\":\"https:\\\/\\\/decolights.eu\\\/?s={search_term_string}\"},\"query-input\":{\"@type\":\"PropertyValueSpecification\",\"valueRequired\":true,\"valueName\":\"search_term_string\"}}],\"inLanguage\":\"pl-PL\"},{\"@type\":\"Organization\",\"@id\":\"https:\\\/\\\/decolights.eu\\\/#organization\",\"name\":\"decolights\",\"url\":\"https:\\\/\\\/decolights.eu\\\/\",\"logo\":{\"@type\":\"ImageObject\",\"inLanguage\":\"pl-PL\",\"@id\":\"https:\\\/\\\/decolights.eu\\\/#\\\/schema\\\/logo\\\/image\\\/\",\"url\":\"https:\\\/\\\/decolights.eu\\\/wp-content\\\/uploads\\\/2023\\\/07\\\/cropped-decolight-siteicon.png\",\"contentUrl\":\"https:\\\/\\\/decolights.eu\\\/wp-content\\\/uploads\\\/2023\\\/07\\\/cropped-decolight-siteicon.png\",\"width\":512,\"height\":512,\"caption\":\"decolights\"},\"image\":{\"@id\":\"https:\\\/\\\/decolights.eu\\\/#\\\/schema\\\/logo\\\/image\\\/\"}}]}<\/script>\n<!-- \/ Yoast SEO plugin. -->","yoast_head_json":{"title":"Girlanda \u015bwietlna LED Fairy ciep\u0142a biel - najlepsza cena gwarantowana - Decolights.eu","description":"Fairy Lights to miniaturowe, prawie ukryte, \u0142a\u0144cuchy \u015bwietlne z mikro diodami doskonale nadaj\u0105 si\u0119 do ozdabiania ro\u015blin, choinek i wazon\u00f3w. Kup teraz w najlepszej cenie!","robots":{"index":"index","follow":"follow","max-snippet":"max-snippet:-1","max-image-preview":"max-image-preview:large","max-video-preview":"max-video-preview:-1"},"canonical":"https:\/\/decolights.eu\/pl\/produkt-2\/fairy-led-string-light-warm-white\/","og_locale":"pl_PL","og_type":"article","og_title":"Fairy LED string light warm white - Best price guaranteed - Decolights.eu","og_description":"Fairy lights are miniature, almost hidden, micro led string lights are perfect for decorating plants, Christmas trees and vases. Buy now for the best price!","og_url":"https:\/\/decolights.eu\/pl\/produkt-2\/fairy-led-string-light-warm-white\/","og_site_name":"Decolights.eu","article_modified_time":"2023-04-17T11:03:17+00:00","og_image":[{"width":1000,"height":1000,"url":"https:\/\/decolights.eu\/wp-content\/uploads\/2023\/04\/64479-cl0512-lampki-choinkowe-480-led_M1.jpg","type":"image\/jpeg"}],"twitter_card":"summary_large_image","twitter_misc":{"Szacowany czas czytania":"1 minuta"},"schema":{"@context":"https:\/\/schema.org","@graph":[{"@type":"WebPage","@id":"https:\/\/decolights.eu\/product\/fairy-led-string-light-warm-white\/","url":"https:\/\/decolights.eu\/product\/fairy-led-string-light-warm-white\/","name":"Girlanda \u015bwietlna LED Fairy ciep\u0142a biel - najlepsza cena gwarantowana - Decolights.eu","isPartOf":{"@id":"https:\/\/decolights.eu\/#website"},"primaryImageOfPage":{"@id":"https:\/\/decolights.eu\/product\/fairy-led-string-light-warm-white\/#primaryimage"},"image":{"@id":"https:\/\/decolights.eu\/product\/fairy-led-string-light-warm-white\/#primaryimage"},"thumbnailUrl":"https:\/\/decolights.eu\/wp-content\/uploads\/2023\/04\/64479-cl0512-lampki-choinkowe-480-led_M1.jpg","datePublished":"2023-04-01T04:41:08+00:00","dateModified":"2023-04-17T11:03:17+00:00","description":"Fairy Lights to miniaturowe, prawie ukryte, \u0142a\u0144cuchy \u015bwietlne z mikro diodami doskonale nadaj\u0105 si\u0119 do ozdabiania ro\u015blin, choinek i wazon\u00f3w. Kup teraz w najlepszej cenie!","breadcrumb":{"@id":"https:\/\/decolights.eu\/product\/fairy-led-string-light-warm-white\/#breadcrumb"},"inLanguage":"pl-PL","potentialAction":[{"@type":"ReadAction","target":["https:\/\/decolights.eu\/product\/fairy-led-string-light-warm-white\/"]}]},{"@type":"ImageObject","inLanguage":"pl-PL","@id":"https:\/\/decolights.eu\/product\/fairy-led-string-light-warm-white\/#primaryimage","url":"https:\/\/decolights.eu\/wp-content\/uploads\/2023\/04\/64479-cl0512-lampki-choinkowe-480-led_M1.jpg","contentUrl":"https:\/\/decolights.eu\/wp-content\/uploads\/2023\/04\/64479-cl0512-lampki-choinkowe-480-led_M1.jpg","width":1000,"height":1000},{"@type":"BreadcrumbList","@id":"https:\/\/decolights.eu\/product\/fairy-led-string-light-warm-white\/#breadcrumb","itemListElement":[{"@type":"ListItem","position":1,"name":"Shop","item":"https:\/\/decolights.eu\/shop\/"},{"@type":"ListItem","position":2,"name":"Fairy LED string light warm white"}]},{"@type":"WebSite","@id":"https:\/\/decolights.eu\/#website","url":"https:\/\/decolights.eu\/","name":"dekoracje","description":"Dekoracje LED do domu i ogrodu","publisher":{"@id":"https:\/\/decolights.eu\/#organization"},"alternateName":"decolights.eu","potentialAction":[{"@type":"SearchAction","target":{"@type":"EntryPoint","urlTemplate":"https:\/\/decolights.eu\/?s={search_term_string}"},"query-input":{"@type":"PropertyValueSpecification","valueRequired":true,"valueName":"search_term_string"}}],"inLanguage":"pl-PL"},{"@type":"Organization","@id":"https:\/\/decolights.eu\/#organization","name":"dekoracje","url":"https:\/\/decolights.eu\/","logo":{"@type":"ImageObject","inLanguage":"pl-PL","@id":"https:\/\/decolights.eu\/#\/schema\/logo\/image\/","url":"https:\/\/decolights.eu\/wp-content\/uploads\/2023\/07\/cropped-decolight-siteicon.png","contentUrl":"https:\/\/decolights.eu\/wp-content\/uploads\/2023\/07\/cropped-decolight-siteicon.png","width":512,"height":512,"caption":"decolights"},"image":{"@id":"https:\/\/decolights.eu\/#\/schema\/logo\/image\/"}}]}},"jetpack_sharing_enabled":true,"_links":{"self":[{"href":"https:\/\/decolights.eu\/pl\/wp-json\/wp\/v2\/product\/6130","targetHints":{"allow":["GET"]}}],"collection":[{"href":"https:\/\/decolights.eu\/pl\/wp-json\/wp\/v2\/product"}],"about":[{"href":"https:\/\/decolights.eu\/pl\/wp-json\/wp\/v2\/types\/product"}],"replies":[{"embeddable":true,"href":"https:\/\/decolights.eu\/pl\/wp-json\/wp\/v2\/comments?post=6130"}],"wp:featuredmedia":[{"embeddable":true,"href":"https:\/\/decolights.eu\/pl\/wp-json\/wp\/v2\/media\/6281"}],"wp:attachment":[{"href":"https:\/\/decolights.eu\/pl\/wp-json\/wp\/v2\/media?parent=6130"}],"wp:term":[{"taxonomy":"product_brand","embeddable":true,"href":"https:\/\/decolights.eu\/pl\/wp-json\/wp\/v2\/product_brand?post=6130"},{"taxonomy":"product_cat","embeddable":true,"href":"https:\/\/decolights.eu\/pl\/wp-json\/wp\/v2\/product_cat?post=6130"},{"taxonomy":"product_tag","embeddable":true,"href":"https:\/\/decolights.eu\/pl\/wp-json\/wp\/v2\/product_tag?post=6130"}],"curies":[{"name":"wp","href":"https:\/\/api.w.org\/{rel}","templated":true}]}}