{"id":6287,"date":"2023-04-01T04:43:12","date_gmt":"2023-04-01T04:43:12","guid":{"rendered":"https:\/\/decolights.eu\/?post_type=product&#038;p=6287"},"modified":"2023-04-17T07:25:11","modified_gmt":"2023-04-17T07:25:11","slug":"led-table-lamp-with-wireless-charger","status":"publish","type":"product","link":"https:\/\/decolights.eu\/pl\/produkt-2\/led-table-lamp-with-wireless-charger\/","title":{"rendered":"Lampa sto\u0142owa LED z bezprzewodow\u0105 \u0142adowark\u0105"},"content":{"rendered":"<div><strong>\u0141ADOWARKA BEZPRZEWODOWA<\/strong> \u2013 prezentowana wielofunkcyjna lampa sto\u0142owa do biura lub domu posiada indukcyjn\u0105 \u0142adowark\u0119 do telefonu, dzi\u0119ki kt\u00f3rej szybko i bezproblemowo na\u0142adujesz sw\u00f3j telefon kom\u00f3rkowy. Dodatkowo posiada port USB. Podczas \u0142adowania telefonu lamp\u0119 nale\u017cy pod\u0142\u0105czy\u0107 do urz\u0105dze\u0144 z szybkim \u0142adowaniem.<\/div>\n<div><strong>3 RODZAJE TRYB\u00d3W O\u015aWIETLENIA<\/strong> \u2013 lampa biurowa z podstawk\u0105 pod telefon wyposa\u017cona jest w 3 tryby o\u015bwietlenia \u2013 ch\u0142odn\u0105 biel, ciep\u0142\u0105 biel i neutraln\u0105.<br \/>\nDelikatne przyciemnianie i rozja\u015bnianie \u2013 wielofunkcyjna lampa biurowa posiada funkcj\u0119 \u0142agodnego przyciemniania i rozja\u015bniania, dzi\u0119ki czemu ka\u017cdy mo\u017ce dostosowa\u0107 j\u0105 do swoich indywidualnych potrzeb i preferencji.<\/div>\n<div><strong>STYLOWY DESIGN<\/strong> \u2013 lampka biurowa z miejscem na telefon to kompaktowy dodatek o ponadczasowym designie, kt\u00f3ry doskonale wpasuje si\u0119 w ka\u017cde wn\u0119trze.<\/div>\n<div>\n<ul>\n<li><strong>Kolor diody<\/strong>: ciep\u0142a biel, zimna biel, neutralna biel<\/li>\n<li><strong>D\u0142ugo\u015b\u0107 ca\u0142kowita (z przewodem zasilaj\u0105cym): <\/strong>8,50 mln<\/li>\n<li><b>Rozmiar:\u00a0<\/b>12cm x 17xm x 33cm<\/li>\n<li><strong>Kolor kabla: <\/strong>czarny<\/li>\n<li><strong>D\u0142ugo\u015b\u0107 przewodu zasilaj\u0105cego:\u00a0<\/strong>110cm<\/li>\n<li><strong>Klasa IP: <\/strong>IP44<\/li>\n<li><strong>\u0179r\u00f3d\u0142o pr\u0105du: <\/strong>USB (adapter USB nie jest do\u0142\u0105czony)<\/li>\n<li>Z bezprzewodow\u0105 \u0142adowark\u0105 do telefonu (telefon powinien mie\u0107 funkcj\u0119 \u0142adowania QI)<\/li>\n<li><strong>Materia\u0142 kabla:\u00a0<\/strong>PCW<\/li>\n<li><strong>Za\u015blepka\/gniazdo:\u00a0<\/strong>Niewymienne<\/li>\n<li><strong>Certyfikat CE:\u00a0<\/strong>Tak<\/li>\n<li>10 W<\/li>\n<\/ul>\n<\/div>\n<div><\/div>","protected":false},"excerpt":{"rendered":"<p>WIRELESS CHARGER &#8211; the presented multifunctional office or home table lamp has an inductive phone charger with which you can charge your mobile phone quickly and without problems. In addition, it has a USB port. When charging the phone, the light must be connected to fast charging devices. 3 TYPES OF LIGHTING MODES &#8211; the [&#8230;]\n","protected":false},"featured_media":6410,"comment_status":"open","ping_status":"closed","template":"","meta":[],"product_brand":[],"product_cat":[218,214],"product_tag":[],"class_list":{"0":"post-6287","1":"product","2":"type-product","3":"status-publish","4":"has-post-thumbnail","6":"product_cat-decorative-led-lights","7":"product_cat-indoor-lights","8":"pa_brand-deco","9":"pa_led-colour-cold-white","10":"pa_led-colour-neutral-white","11":"pa_led-colour-warm-white","13":"first","14":"instock","15":"sale","16":"shipping-taxable","17":"purchasable","18":"product-type-simple"},"yoast_head":"<!-- This site is optimized with the Yoast SEO plugin v27.3 - https:\/\/yoast.com\/product\/yoast-seo-wordpress\/ -->\n<title>LED table lamp with wireless charger - Best price guarantee - Decolights.eu<\/title>\n<meta name=\"description\" content=\"LED lamp with wireless charger and 3 different white tones is a perfect table lamp for home or office. Do not hesitate, buy now for the best price!\" \/>\n<meta name=\"robots\" content=\"index, follow, max-snippet:-1, max-image-preview:large, max-video-preview:-1\" \/>\n<link rel=\"canonical\" href=\"https:\/\/decolights.eu\/pl\/produkt-2\/led-table-lamp-with-wireless-charger\/\" \/>\n<meta property=\"og:locale\" content=\"pl_PL\" \/>\n<meta property=\"og:type\" content=\"article\" \/>\n<meta property=\"og:title\" content=\"LED table lamp with wireless charger - Best price guarantee - Decolights.eu\" \/>\n<meta property=\"og:description\" content=\"LED lamp with wireless charger and 3 different white tones is a perfect table lamp for home or office. Do not hesitate, buy now for the best price!\" \/>\n<meta property=\"og:url\" content=\"https:\/\/decolights.eu\/pl\/produkt-2\/led-table-lamp-with-wireless-charger\/\" \/>\n<meta property=\"og:site_name\" content=\"Decolights.eu\" \/>\n<meta property=\"article:modified_time\" content=\"2023-04-17T07:25:11+00:00\" \/>\n<meta property=\"og:image\" content=\"https:\/\/decolights.eu\/wp-content\/uploads\/2023\/04\/eng_pl_LED-desk-lamp-with-inductive-charger-15333_10.jpg\" \/>\n\t<meta property=\"og:image:width\" content=\"500\" \/>\n\t<meta property=\"og:image:height\" content=\"500\" \/>\n\t<meta property=\"og:image:type\" content=\"image\/jpeg\" \/>\n<meta name=\"twitter:card\" content=\"summary_large_image\" \/>\n<meta name=\"twitter:label1\" content=\"Szacowany czas czytania\" \/>\n\t<meta name=\"twitter:data1\" content=\"1 minuta\" \/>\n<script type=\"application\/ld+json\" class=\"yoast-schema-graph\">{\"@context\":\"https:\\\/\\\/schema.org\",\"@graph\":[{\"@type\":\"WebPage\",\"@id\":\"https:\\\/\\\/decolights.eu\\\/product\\\/led-table-lamp-with-wireless-charger\\\/\",\"url\":\"https:\\\/\\\/decolights.eu\\\/product\\\/led-table-lamp-with-wireless-charger\\\/\",\"name\":\"LED table lamp with wireless charger - Best price guarantee - Decolights.eu\",\"isPartOf\":{\"@id\":\"https:\\\/\\\/decolights.eu\\\/#website\"},\"primaryImageOfPage\":{\"@id\":\"https:\\\/\\\/decolights.eu\\\/product\\\/led-table-lamp-with-wireless-charger\\\/#primaryimage\"},\"image\":{\"@id\":\"https:\\\/\\\/decolights.eu\\\/product\\\/led-table-lamp-with-wireless-charger\\\/#primaryimage\"},\"thumbnailUrl\":\"https:\\\/\\\/decolights.eu\\\/wp-content\\\/uploads\\\/2023\\\/04\\\/eng_pl_LED-desk-lamp-with-inductive-charger-15333_10.jpg\",\"datePublished\":\"2023-04-01T04:43:12+00:00\",\"dateModified\":\"2023-04-17T07:25:11+00:00\",\"description\":\"LED lamp with wireless charger and 3 different white tones is a perfect table lamp for home or office. Do not hesitate, buy now for the best price!\",\"breadcrumb\":{\"@id\":\"https:\\\/\\\/decolights.eu\\\/product\\\/led-table-lamp-with-wireless-charger\\\/#breadcrumb\"},\"inLanguage\":\"pl-PL\",\"potentialAction\":[{\"@type\":\"ReadAction\",\"target\":[\"https:\\\/\\\/decolights.eu\\\/product\\\/led-table-lamp-with-wireless-charger\\\/\"]}]},{\"@type\":\"ImageObject\",\"inLanguage\":\"pl-PL\",\"@id\":\"https:\\\/\\\/decolights.eu\\\/product\\\/led-table-lamp-with-wireless-charger\\\/#primaryimage\",\"url\":\"https:\\\/\\\/decolights.eu\\\/wp-content\\\/uploads\\\/2023\\\/04\\\/eng_pl_LED-desk-lamp-with-inductive-charger-15333_10.jpg\",\"contentUrl\":\"https:\\\/\\\/decolights.eu\\\/wp-content\\\/uploads\\\/2023\\\/04\\\/eng_pl_LED-desk-lamp-with-inductive-charger-15333_10.jpg\",\"width\":500,\"height\":500},{\"@type\":\"BreadcrumbList\",\"@id\":\"https:\\\/\\\/decolights.eu\\\/product\\\/led-table-lamp-with-wireless-charger\\\/#breadcrumb\",\"itemListElement\":[{\"@type\":\"ListItem\",\"position\":1,\"name\":\"Shop\",\"item\":\"https:\\\/\\\/decolights.eu\\\/shop\\\/\"},{\"@type\":\"ListItem\",\"position\":2,\"name\":\"LED table lamp with wireless charger\"}]},{\"@type\":\"WebSite\",\"@id\":\"https:\\\/\\\/decolights.eu\\\/#website\",\"url\":\"https:\\\/\\\/decolights.eu\\\/\",\"name\":\"decolights\",\"description\":\"Led Decorations for Home and Garden\",\"publisher\":{\"@id\":\"https:\\\/\\\/decolights.eu\\\/#organization\"},\"alternateName\":\"decolights.eu\",\"potentialAction\":[{\"@type\":\"SearchAction\",\"target\":{\"@type\":\"EntryPoint\",\"urlTemplate\":\"https:\\\/\\\/decolights.eu\\\/?s={search_term_string}\"},\"query-input\":{\"@type\":\"PropertyValueSpecification\",\"valueRequired\":true,\"valueName\":\"search_term_string\"}}],\"inLanguage\":\"pl-PL\"},{\"@type\":\"Organization\",\"@id\":\"https:\\\/\\\/decolights.eu\\\/#organization\",\"name\":\"decolights\",\"url\":\"https:\\\/\\\/decolights.eu\\\/\",\"logo\":{\"@type\":\"ImageObject\",\"inLanguage\":\"pl-PL\",\"@id\":\"https:\\\/\\\/decolights.eu\\\/#\\\/schema\\\/logo\\\/image\\\/\",\"url\":\"https:\\\/\\\/decolights.eu\\\/wp-content\\\/uploads\\\/2023\\\/07\\\/cropped-decolight-siteicon.png\",\"contentUrl\":\"https:\\\/\\\/decolights.eu\\\/wp-content\\\/uploads\\\/2023\\\/07\\\/cropped-decolight-siteicon.png\",\"width\":512,\"height\":512,\"caption\":\"decolights\"},\"image\":{\"@id\":\"https:\\\/\\\/decolights.eu\\\/#\\\/schema\\\/logo\\\/image\\\/\"}}]}<\/script>\n<!-- \/ Yoast SEO plugin. -->","yoast_head_json":{"title":"Lampa sto\u0142owa LED z \u0142adowark\u0105 bezprzewodow\u0105 - Gwarancja najlepszej ceny - Decolights.eu","description":"Lampa LED z bezprzewodow\u0105 \u0142adowark\u0105 i 3 r\u00f3\u017cnymi odcieniami bieli to idealna lampa sto\u0142owa do domu lub biura. Nie wahaj si\u0119, kup teraz w najlepszej cenie!","robots":{"index":"index","follow":"follow","max-snippet":"max-snippet:-1","max-image-preview":"max-image-preview:large","max-video-preview":"max-video-preview:-1"},"canonical":"https:\/\/decolights.eu\/pl\/produkt-2\/led-table-lamp-with-wireless-charger\/","og_locale":"pl_PL","og_type":"article","og_title":"LED table lamp with wireless charger - Best price guarantee - Decolights.eu","og_description":"LED lamp with wireless charger and 3 different white tones is a perfect table lamp for home or office. Do not hesitate, buy now for the best price!","og_url":"https:\/\/decolights.eu\/pl\/produkt-2\/led-table-lamp-with-wireless-charger\/","og_site_name":"Decolights.eu","article_modified_time":"2023-04-17T07:25:11+00:00","og_image":[{"width":500,"height":500,"url":"https:\/\/decolights.eu\/wp-content\/uploads\/2023\/04\/eng_pl_LED-desk-lamp-with-inductive-charger-15333_10.jpg","type":"image\/jpeg"}],"twitter_card":"summary_large_image","twitter_misc":{"Szacowany czas czytania":"1 minuta"},"schema":{"@context":"https:\/\/schema.org","@graph":[{"@type":"WebPage","@id":"https:\/\/decolights.eu\/product\/led-table-lamp-with-wireless-charger\/","url":"https:\/\/decolights.eu\/product\/led-table-lamp-with-wireless-charger\/","name":"Lampa sto\u0142owa LED z \u0142adowark\u0105 bezprzewodow\u0105 - Gwarancja najlepszej ceny - Decolights.eu","isPartOf":{"@id":"https:\/\/decolights.eu\/#website"},"primaryImageOfPage":{"@id":"https:\/\/decolights.eu\/product\/led-table-lamp-with-wireless-charger\/#primaryimage"},"image":{"@id":"https:\/\/decolights.eu\/product\/led-table-lamp-with-wireless-charger\/#primaryimage"},"thumbnailUrl":"https:\/\/decolights.eu\/wp-content\/uploads\/2023\/04\/eng_pl_LED-desk-lamp-with-inductive-charger-15333_10.jpg","datePublished":"2023-04-01T04:43:12+00:00","dateModified":"2023-04-17T07:25:11+00:00","description":"Lampa LED z bezprzewodow\u0105 \u0142adowark\u0105 i 3 r\u00f3\u017cnymi odcieniami bieli to idealna lampa sto\u0142owa do domu lub biura. Nie wahaj si\u0119, kup teraz w najlepszej cenie!","breadcrumb":{"@id":"https:\/\/decolights.eu\/product\/led-table-lamp-with-wireless-charger\/#breadcrumb"},"inLanguage":"pl-PL","potentialAction":[{"@type":"ReadAction","target":["https:\/\/decolights.eu\/product\/led-table-lamp-with-wireless-charger\/"]}]},{"@type":"ImageObject","inLanguage":"pl-PL","@id":"https:\/\/decolights.eu\/product\/led-table-lamp-with-wireless-charger\/#primaryimage","url":"https:\/\/decolights.eu\/wp-content\/uploads\/2023\/04\/eng_pl_LED-desk-lamp-with-inductive-charger-15333_10.jpg","contentUrl":"https:\/\/decolights.eu\/wp-content\/uploads\/2023\/04\/eng_pl_LED-desk-lamp-with-inductive-charger-15333_10.jpg","width":500,"height":500},{"@type":"BreadcrumbList","@id":"https:\/\/decolights.eu\/product\/led-table-lamp-with-wireless-charger\/#breadcrumb","itemListElement":[{"@type":"ListItem","position":1,"name":"Shop","item":"https:\/\/decolights.eu\/shop\/"},{"@type":"ListItem","position":2,"name":"LED table lamp with wireless charger"}]},{"@type":"WebSite","@id":"https:\/\/decolights.eu\/#website","url":"https:\/\/decolights.eu\/","name":"dekoracje","description":"Dekoracje LED do domu i ogrodu","publisher":{"@id":"https:\/\/decolights.eu\/#organization"},"alternateName":"decolights.eu","potentialAction":[{"@type":"SearchAction","target":{"@type":"EntryPoint","urlTemplate":"https:\/\/decolights.eu\/?s={search_term_string}"},"query-input":{"@type":"PropertyValueSpecification","valueRequired":true,"valueName":"search_term_string"}}],"inLanguage":"pl-PL"},{"@type":"Organization","@id":"https:\/\/decolights.eu\/#organization","name":"dekoracje","url":"https:\/\/decolights.eu\/","logo":{"@type":"ImageObject","inLanguage":"pl-PL","@id":"https:\/\/decolights.eu\/#\/schema\/logo\/image\/","url":"https:\/\/decolights.eu\/wp-content\/uploads\/2023\/07\/cropped-decolight-siteicon.png","contentUrl":"https:\/\/decolights.eu\/wp-content\/uploads\/2023\/07\/cropped-decolight-siteicon.png","width":512,"height":512,"caption":"decolights"},"image":{"@id":"https:\/\/decolights.eu\/#\/schema\/logo\/image\/"}}]}},"jetpack_sharing_enabled":true,"_links":{"self":[{"href":"https:\/\/decolights.eu\/pl\/wp-json\/wp\/v2\/product\/6287","targetHints":{"allow":["GET"]}}],"collection":[{"href":"https:\/\/decolights.eu\/pl\/wp-json\/wp\/v2\/product"}],"about":[{"href":"https:\/\/decolights.eu\/pl\/wp-json\/wp\/v2\/types\/product"}],"replies":[{"embeddable":true,"href":"https:\/\/decolights.eu\/pl\/wp-json\/wp\/v2\/comments?post=6287"}],"wp:featuredmedia":[{"embeddable":true,"href":"https:\/\/decolights.eu\/pl\/wp-json\/wp\/v2\/media\/6410"}],"wp:attachment":[{"href":"https:\/\/decolights.eu\/pl\/wp-json\/wp\/v2\/media?parent=6287"}],"wp:term":[{"taxonomy":"product_brand","embeddable":true,"href":"https:\/\/decolights.eu\/pl\/wp-json\/wp\/v2\/product_brand?post=6287"},{"taxonomy":"product_cat","embeddable":true,"href":"https:\/\/decolights.eu\/pl\/wp-json\/wp\/v2\/product_cat?post=6287"},{"taxonomy":"product_tag","embeddable":true,"href":"https:\/\/decolights.eu\/pl\/wp-json\/wp\/v2\/product_tag?post=6287"}],"curies":[{"name":"wp","href":"https:\/\/api.w.org\/{rel}","templated":true}]}}