{"id":6368,"date":"2023-04-01T04:44:31","date_gmt":"2023-04-01T04:44:31","guid":{"rendered":"https:\/\/decolights.eu\/?post_type=product&#038;p=6368"},"modified":"2023-04-16T16:07:33","modified_gmt":"2023-04-16T16:07:33","slug":"solar-decoration-fountain","status":"publish","type":"product","link":"https:\/\/decolights.eu\/pl\/produkt-2\/solar-decoration-fountain\/","title":{"rendered":"Fontanna Dekoracji S\u0142onecznej"},"content":{"rendered":"<p>Ta fontanna jest zasilana energi\u0105 s\u0142oneczn\u0105, kt\u00f3ra \u0142aduje do\u0142\u0105czony akumulator i nadaje si\u0119 do k\u0105pieli ptak\u00f3w lub ma\u0142ego stawu. Wybierz dysz\u0119, kt\u00f3r\u0105 chcesz, jest dostarczana z 5 r\u00f3\u017cnymi cz\u0119\u015bciami, pomp\u0119 umieszcza si\u0119 na dole cz\u0119\u015bci panelu, a na koniec wsuwa si\u0119 wtyczk\u0119 pompy do panelu. Ustaw fontann\u0119 tak, aby cz\u0119\u015b\u0107 pompy by\u0142a ca\u0142kowicie pokryta wod\u0105, a panel z dysz\u0105 by\u0142 skierowany do g\u00f3ry.<\/p>\n<p><strong>Nale\u017cy pami\u0119ta\u0107, \u017ce pompy NIE NALE\u017bY instalowa\u0107 przed umieszczeniem jej w poide\u0142ku dla ptak\u00f3w lub stawie.<\/strong>, gdy s\u0142o\u0144ce \u0142aduje panel, woda zaczyna bulgota\u0107. Gdy zapada ciemno\u015b\u0107, fontanna r\u00f3wnie\u017c roz\u015bwietla si\u0119 r\u00f3\u017cnokolorowymi diodami LED. Fontanna dzia\u0142a tylko wtedy, gdy s\u0142o\u0144ce mo\u017ce \u015bwieci\u0107 na cz\u0119\u015b\u0107 panelu.<\/p>\n<ul>\n<li><strong>Kolor:\u00a0<\/strong>czarny<\/li>\n<li><strong>kolor diody:<\/strong> RGB<\/li>\n<li><strong>Liczba diod LED:\u00a0<\/strong>4<\/li>\n<li><strong>Funkcje:\u00a0<\/strong>5<\/li>\n<li><strong>Rozmiar: <\/strong>16 (szeroko\u015b\u0107) x 10 (wysoko\u015b\u0107) x 16 (g\u0142\u0119boko\u015b\u0107) CM<\/li>\n<li><strong>Klasa IP: <\/strong>IP68<\/li>\n<li><strong>\u0179r\u00f3d\u0142o pr\u0105du: <\/strong>S\u0142oneczny<\/li>\n<li><strong>Regulator czasowy:\u00a0<\/strong>\u015awieci w ciemno\u015bci<\/li>\n<li><strong>Materia\u0142 kabla:\u00a0<\/strong>PCW<\/li>\n<li><strong>Certyfikat CE:\u00a0<\/strong>Tak<\/li>\n<li>3,7V pr\u0105du sta\u0142ego 0,30W<\/li>\n<\/ul>","protected":false},"excerpt":{"rendered":"<p>This fountain is powered by solar energy that charges the included battery and is suitable for bird baths or a small pond. Select the nozzle you want, it comes with 5 different pieces, the pump is placed at the bottom of the panel part and finally the plug from the pump is inserted into the [&#8230;]\n","protected":false},"featured_media":6439,"comment_status":"open","ping_status":"closed","template":"","meta":[],"product_brand":[],"product_cat":[226,194,231,171],"product_tag":[],"class_list":{"0":"post-6368","1":"product","2":"type-product","3":"status-publish","4":"has-post-thumbnail","6":"product_cat-outdoor-lights","7":"product_cat-solar-decking-lights","8":"product_cat-solar-decking-lights-outdoor-lights","9":"product_cat-solar-lights","10":"pa_brand-deco","11":"pa_led-colour-warm-white","13":"first","14":"instock","15":"sale","16":"shipping-taxable","17":"purchasable","18":"product-type-simple"},"yoast_head":"<!-- This site is optimized with the Yoast SEO plugin v27.3 - https:\/\/yoast.com\/product\/yoast-seo-wordpress\/ -->\n<title>Solar Decoration Fountain - The best price guaranteed - Decolights.eu<\/title>\n<meta name=\"description\" content=\"Amazing solar decoration fountain is perfect for bird baths or a small pond. It has RGB LEDs and different functions. Buy now for the best price!\" \/>\n<meta name=\"robots\" content=\"index, follow, max-snippet:-1, max-image-preview:large, max-video-preview:-1\" \/>\n<link rel=\"canonical\" href=\"https:\/\/decolights.eu\/pl\/produkt-2\/solar-decoration-fountain\/\" \/>\n<meta property=\"og:locale\" content=\"pl_PL\" \/>\n<meta property=\"og:type\" content=\"article\" \/>\n<meta property=\"og:title\" content=\"Solar Decoration Fountain - The best price guaranteed - Decolights.eu\" \/>\n<meta property=\"og:description\" content=\"Amazing solar decoration fountain is perfect for bird baths or a small pond. It has RGB LEDs and different functions. Buy now for the best price!\" \/>\n<meta property=\"og:url\" content=\"https:\/\/decolights.eu\/pl\/produkt-2\/solar-decoration-fountain\/\" \/>\n<meta property=\"og:site_name\" content=\"Decolights.eu\" \/>\n<meta property=\"article:modified_time\" content=\"2023-04-16T16:07:33+00:00\" \/>\n<meta property=\"og:image\" content=\"https:\/\/decolights.eu\/wp-content\/uploads\/2023\/04\/482-82_M2.png\" \/>\n\t<meta property=\"og:image:width\" content=\"600\" \/>\n\t<meta property=\"og:image:height\" content=\"600\" \/>\n\t<meta property=\"og:image:type\" content=\"image\/png\" \/>\n<meta name=\"twitter:card\" content=\"summary_large_image\" \/>\n<meta name=\"twitter:label1\" content=\"Szacowany czas czytania\" \/>\n\t<meta name=\"twitter:data1\" content=\"1 minuta\" \/>\n<script type=\"application\/ld+json\" class=\"yoast-schema-graph\">{\"@context\":\"https:\\\/\\\/schema.org\",\"@graph\":[{\"@type\":\"WebPage\",\"@id\":\"https:\\\/\\\/decolights.eu\\\/product\\\/solar-decoration-fountain\\\/\",\"url\":\"https:\\\/\\\/decolights.eu\\\/product\\\/solar-decoration-fountain\\\/\",\"name\":\"Solar Decoration Fountain - The best price guaranteed - Decolights.eu\",\"isPartOf\":{\"@id\":\"https:\\\/\\\/decolights.eu\\\/#website\"},\"primaryImageOfPage\":{\"@id\":\"https:\\\/\\\/decolights.eu\\\/product\\\/solar-decoration-fountain\\\/#primaryimage\"},\"image\":{\"@id\":\"https:\\\/\\\/decolights.eu\\\/product\\\/solar-decoration-fountain\\\/#primaryimage\"},\"thumbnailUrl\":\"https:\\\/\\\/decolights.eu\\\/wp-content\\\/uploads\\\/2023\\\/04\\\/482-82_M2.png\",\"datePublished\":\"2023-04-01T04:44:31+00:00\",\"dateModified\":\"2023-04-16T16:07:33+00:00\",\"description\":\"Amazing solar decoration fountain is perfect for bird baths or a small pond. It has RGB LEDs and different functions. Buy now for the best price!\",\"breadcrumb\":{\"@id\":\"https:\\\/\\\/decolights.eu\\\/product\\\/solar-decoration-fountain\\\/#breadcrumb\"},\"inLanguage\":\"pl-PL\",\"potentialAction\":[{\"@type\":\"ReadAction\",\"target\":[\"https:\\\/\\\/decolights.eu\\\/product\\\/solar-decoration-fountain\\\/\"]}]},{\"@type\":\"ImageObject\",\"inLanguage\":\"pl-PL\",\"@id\":\"https:\\\/\\\/decolights.eu\\\/product\\\/solar-decoration-fountain\\\/#primaryimage\",\"url\":\"https:\\\/\\\/decolights.eu\\\/wp-content\\\/uploads\\\/2023\\\/04\\\/482-82_M2.png\",\"contentUrl\":\"https:\\\/\\\/decolights.eu\\\/wp-content\\\/uploads\\\/2023\\\/04\\\/482-82_M2.png\",\"width\":600,\"height\":600},{\"@type\":\"BreadcrumbList\",\"@id\":\"https:\\\/\\\/decolights.eu\\\/product\\\/solar-decoration-fountain\\\/#breadcrumb\",\"itemListElement\":[{\"@type\":\"ListItem\",\"position\":1,\"name\":\"Shop\",\"item\":\"https:\\\/\\\/decolights.eu\\\/shop\\\/\"},{\"@type\":\"ListItem\",\"position\":2,\"name\":\"Solar Decoration Fountain\"}]},{\"@type\":\"WebSite\",\"@id\":\"https:\\\/\\\/decolights.eu\\\/#website\",\"url\":\"https:\\\/\\\/decolights.eu\\\/\",\"name\":\"decolights\",\"description\":\"Led Decorations for Home and Garden\",\"publisher\":{\"@id\":\"https:\\\/\\\/decolights.eu\\\/#organization\"},\"alternateName\":\"decolights.eu\",\"potentialAction\":[{\"@type\":\"SearchAction\",\"target\":{\"@type\":\"EntryPoint\",\"urlTemplate\":\"https:\\\/\\\/decolights.eu\\\/?s={search_term_string}\"},\"query-input\":{\"@type\":\"PropertyValueSpecification\",\"valueRequired\":true,\"valueName\":\"search_term_string\"}}],\"inLanguage\":\"pl-PL\"},{\"@type\":\"Organization\",\"@id\":\"https:\\\/\\\/decolights.eu\\\/#organization\",\"name\":\"decolights\",\"url\":\"https:\\\/\\\/decolights.eu\\\/\",\"logo\":{\"@type\":\"ImageObject\",\"inLanguage\":\"pl-PL\",\"@id\":\"https:\\\/\\\/decolights.eu\\\/#\\\/schema\\\/logo\\\/image\\\/\",\"url\":\"https:\\\/\\\/decolights.eu\\\/wp-content\\\/uploads\\\/2023\\\/07\\\/cropped-decolight-siteicon.png\",\"contentUrl\":\"https:\\\/\\\/decolights.eu\\\/wp-content\\\/uploads\\\/2023\\\/07\\\/cropped-decolight-siteicon.png\",\"width\":512,\"height\":512,\"caption\":\"decolights\"},\"image\":{\"@id\":\"https:\\\/\\\/decolights.eu\\\/#\\\/schema\\\/logo\\\/image\\\/\"}}]}<\/script>\n<!-- \/ Yoast SEO plugin. -->","yoast_head_json":{"title":"Fontanna Dekoracyjna Solarna - Najlepsza Cena Gwarancja - Decolights.eu","description":"Niesamowita solarna fontanna dekoracyjna jest idealna do k\u0105pieli ptak\u00f3w lub ma\u0142ego stawu. Posiada diody LED RGB i r\u00f3\u017cne funkcje. Kup teraz w najlepszej cenie!","robots":{"index":"index","follow":"follow","max-snippet":"max-snippet:-1","max-image-preview":"max-image-preview:large","max-video-preview":"max-video-preview:-1"},"canonical":"https:\/\/decolights.eu\/pl\/produkt-2\/solar-decoration-fountain\/","og_locale":"pl_PL","og_type":"article","og_title":"Solar Decoration Fountain - The best price guaranteed - Decolights.eu","og_description":"Amazing solar decoration fountain is perfect for bird baths or a small pond. It has RGB LEDs and different functions. Buy now for the best price!","og_url":"https:\/\/decolights.eu\/pl\/produkt-2\/solar-decoration-fountain\/","og_site_name":"Decolights.eu","article_modified_time":"2023-04-16T16:07:33+00:00","og_image":[{"url":"https:\/\/decolights.eu\/wp-content\/uploads\/2023\/04\/482-82_M2.png","width":600,"height":600,"type":"image\/png"}],"twitter_card":"summary_large_image","twitter_misc":{"Szacowany czas czytania":"1 minuta"},"schema":{"@context":"https:\/\/schema.org","@graph":[{"@type":"WebPage","@id":"https:\/\/decolights.eu\/product\/solar-decoration-fountain\/","url":"https:\/\/decolights.eu\/product\/solar-decoration-fountain\/","name":"Fontanna Dekoracyjna Solarna - Najlepsza Cena Gwarancja - Decolights.eu","isPartOf":{"@id":"https:\/\/decolights.eu\/#website"},"primaryImageOfPage":{"@id":"https:\/\/decolights.eu\/product\/solar-decoration-fountain\/#primaryimage"},"image":{"@id":"https:\/\/decolights.eu\/product\/solar-decoration-fountain\/#primaryimage"},"thumbnailUrl":"https:\/\/decolights.eu\/wp-content\/uploads\/2023\/04\/482-82_M2.png","datePublished":"2023-04-01T04:44:31+00:00","dateModified":"2023-04-16T16:07:33+00:00","description":"Niesamowita solarna fontanna dekoracyjna jest idealna do k\u0105pieli ptak\u00f3w lub ma\u0142ego stawu. Posiada diody LED RGB i r\u00f3\u017cne funkcje. Kup teraz w najlepszej cenie!","breadcrumb":{"@id":"https:\/\/decolights.eu\/product\/solar-decoration-fountain\/#breadcrumb"},"inLanguage":"pl-PL","potentialAction":[{"@type":"ReadAction","target":["https:\/\/decolights.eu\/product\/solar-decoration-fountain\/"]}]},{"@type":"ImageObject","inLanguage":"pl-PL","@id":"https:\/\/decolights.eu\/product\/solar-decoration-fountain\/#primaryimage","url":"https:\/\/decolights.eu\/wp-content\/uploads\/2023\/04\/482-82_M2.png","contentUrl":"https:\/\/decolights.eu\/wp-content\/uploads\/2023\/04\/482-82_M2.png","width":600,"height":600},{"@type":"BreadcrumbList","@id":"https:\/\/decolights.eu\/product\/solar-decoration-fountain\/#breadcrumb","itemListElement":[{"@type":"ListItem","position":1,"name":"Shop","item":"https:\/\/decolights.eu\/shop\/"},{"@type":"ListItem","position":2,"name":"Solar Decoration Fountain"}]},{"@type":"WebSite","@id":"https:\/\/decolights.eu\/#website","url":"https:\/\/decolights.eu\/","name":"dekoracje","description":"Dekoracje LED do domu i ogrodu","publisher":{"@id":"https:\/\/decolights.eu\/#organization"},"alternateName":"decolights.eu","potentialAction":[{"@type":"SearchAction","target":{"@type":"EntryPoint","urlTemplate":"https:\/\/decolights.eu\/?s={search_term_string}"},"query-input":{"@type":"PropertyValueSpecification","valueRequired":true,"valueName":"search_term_string"}}],"inLanguage":"pl-PL"},{"@type":"Organization","@id":"https:\/\/decolights.eu\/#organization","name":"dekoracje","url":"https:\/\/decolights.eu\/","logo":{"@type":"ImageObject","inLanguage":"pl-PL","@id":"https:\/\/decolights.eu\/#\/schema\/logo\/image\/","url":"https:\/\/decolights.eu\/wp-content\/uploads\/2023\/07\/cropped-decolight-siteicon.png","contentUrl":"https:\/\/decolights.eu\/wp-content\/uploads\/2023\/07\/cropped-decolight-siteicon.png","width":512,"height":512,"caption":"decolights"},"image":{"@id":"https:\/\/decolights.eu\/#\/schema\/logo\/image\/"}}]}},"jetpack_sharing_enabled":true,"_links":{"self":[{"href":"https:\/\/decolights.eu\/pl\/wp-json\/wp\/v2\/product\/6368","targetHints":{"allow":["GET"]}}],"collection":[{"href":"https:\/\/decolights.eu\/pl\/wp-json\/wp\/v2\/product"}],"about":[{"href":"https:\/\/decolights.eu\/pl\/wp-json\/wp\/v2\/types\/product"}],"replies":[{"embeddable":true,"href":"https:\/\/decolights.eu\/pl\/wp-json\/wp\/v2\/comments?post=6368"}],"wp:featuredmedia":[{"embeddable":true,"href":"https:\/\/decolights.eu\/pl\/wp-json\/wp\/v2\/media\/6439"}],"wp:attachment":[{"href":"https:\/\/decolights.eu\/pl\/wp-json\/wp\/v2\/media?parent=6368"}],"wp:term":[{"taxonomy":"product_brand","embeddable":true,"href":"https:\/\/decolights.eu\/pl\/wp-json\/wp\/v2\/product_brand?post=6368"},{"taxonomy":"product_cat","embeddable":true,"href":"https:\/\/decolights.eu\/pl\/wp-json\/wp\/v2\/product_cat?post=6368"},{"taxonomy":"product_tag","embeddable":true,"href":"https:\/\/decolights.eu\/pl\/wp-json\/wp\/v2\/product_tag?post=6368"}],"curies":[{"name":"wp","href":"https:\/\/api.w.org\/{rel}","templated":true}]}}