{"id":6395,"date":"2023-04-01T04:44:52","date_gmt":"2023-04-01T04:44:52","guid":{"rendered":"https:\/\/decolights.eu\/?post_type=product&#038;p=6395"},"modified":"2023-06-20T17:56:07","modified_gmt":"2023-06-20T17:56:07","slug":"decorative-solar-butterfly","status":"publish","type":"product","link":"https:\/\/decolights.eu\/pl\/produkt-2\/decorative-solar-butterfly\/","title":{"rendered":"Dekoracyjny s\u0142oneczny motyl"},"content":{"rendered":"<p>Solar Butterfly to ogrodowa dekoracja w formie motyla z br\u0105zowawego metalu z wyci\u0119tym wzorem. Jest to pi\u0119kna dekoracja, kt\u00f3r\u0105 mo\u017cna \u0142atwo umie\u015bci\u0107 w ogrodzie, na balkonie lub tarasie. \u015awiat\u0142o Butterfly b\u0119dzie \u015bwieci\u0107 \u017c\u00f3\u0142t\u0105 neonow\u0105 lin\u0105 w nocy. Umie\u015b\u0107 ozdob\u0119 ogniw s\u0142onecznych w miejscu, w kt\u00f3rym s\u0142o\u0144ce mo\u017ce dotrze\u0107 do panelu w ci\u0105gu dnia, aby uzyska\u0107 maksymalne \u0142adowanie baterii s\u0142onecznej.<\/p>\n<ul>\n<li><strong>Kolor:\u00a0<\/strong>mied\u017a<\/li>\n<li><strong>kolor diody:<\/strong> ciep\u0142y bia\u0142y<\/li>\n<li><strong>Rozmiar: <\/strong>18 (szeroko\u015b\u0107) x 80 (wysoko\u015b\u0107) x 11 (g\u0142\u0119boko\u015b\u0107) CM<\/li>\n<li><strong>Klasa IP: <\/strong>IP44<\/li>\n<li><strong>\u0179r\u00f3d\u0142o pr\u0105du:\u00a0<\/strong>S\u0142oneczny<\/li>\n<li><strong>Regulator czasowy:\u00a0<\/strong>\u015awieci w ciemno\u015bci<\/li>\n<li><strong>Certyfikat CE:\u00a0<\/strong>Tak<\/li>\n<li>1,2V pr\u0105du sta\u0142ego<\/li>\n<\/ul>","protected":false},"excerpt":{"rendered":"<p>The solar Butterfly is a garden decoration in the form of a butterfly in bronze-coloured metal with an out-cut pattern. It is beautiful decoration and is easily placed in the garden or on a balcony or terrace. The Butterfly light will light up with yellow neon rope during the night. Place the solar cell decoration [&#8230;]\n","protected":false},"featured_media":43842,"comment_status":"open","ping_status":"closed","template":"","meta":[],"product_brand":[],"product_cat":[226,231,194,171],"product_tag":[],"class_list":{"0":"post-6395","1":"product","2":"type-product","3":"status-publish","4":"has-post-thumbnail","6":"product_cat-outdoor-lights","7":"product_cat-solar-decking-lights-outdoor-lights","8":"product_cat-solar-decking-lights","9":"product_cat-solar-lights","10":"pa_brand-deco","11":"pa_led-colour-warm-white","13":"first","14":"instock","15":"sale","16":"shipping-taxable","17":"purchasable","18":"product-type-simple"},"yoast_head":"<!-- This site is optimized with the Yoast SEO plugin v27.3 - https:\/\/yoast.com\/product\/yoast-seo-wordpress\/ -->\n<title>Decorative Solar Butterfly - Decolights.eu<\/title>\n<meta name=\"description\" content=\"Beautiful solar decoration butterfly will create magical atmosphere in your garden. Do not miss out best prices and purchase solar butterfly today!\" \/>\n<meta name=\"robots\" content=\"index, follow, max-snippet:-1, max-image-preview:large, max-video-preview:-1\" \/>\n<link rel=\"canonical\" href=\"https:\/\/decolights.eu\/pl\/produkt-2\/decorative-solar-butterfly\/\" \/>\n<meta property=\"og:locale\" content=\"pl_PL\" \/>\n<meta property=\"og:type\" content=\"article\" \/>\n<meta property=\"og:title\" content=\"Decorative Solar Butterfly - Decolights.eu\" \/>\n<meta property=\"og:description\" content=\"Beautiful solar decoration butterfly will create magical atmosphere in your garden. Do not miss out best prices and purchase solar butterfly today!\" \/>\n<meta property=\"og:url\" content=\"https:\/\/decolights.eu\/pl\/produkt-2\/decorative-solar-butterfly\/\" \/>\n<meta property=\"og:site_name\" content=\"Decolights.eu\" \/>\n<meta property=\"article:modified_time\" content=\"2023-06-20T17:56:07+00:00\" \/>\n<meta property=\"og:image\" content=\"https:\/\/decolights.eu\/wp-content\/uploads\/2023\/04\/482-46_M2_2.jpg\" \/>\n\t<meta property=\"og:image:width\" content=\"600\" \/>\n\t<meta property=\"og:image:height\" content=\"602\" \/>\n\t<meta property=\"og:image:type\" content=\"image\/jpeg\" \/>\n<meta name=\"twitter:card\" content=\"summary_large_image\" \/>\n<meta name=\"twitter:label1\" content=\"Szacowany czas czytania\" \/>\n\t<meta name=\"twitter:data1\" content=\"1 minuta\" \/>\n<script type=\"application\/ld+json\" class=\"yoast-schema-graph\">{\"@context\":\"https:\\\/\\\/schema.org\",\"@graph\":[{\"@type\":\"WebPage\",\"@id\":\"https:\\\/\\\/decolights.eu\\\/product\\\/decorative-solar-butterfly\\\/\",\"url\":\"https:\\\/\\\/decolights.eu\\\/product\\\/decorative-solar-butterfly\\\/\",\"name\":\"Decorative Solar Butterfly - Decolights.eu\",\"isPartOf\":{\"@id\":\"https:\\\/\\\/decolights.eu\\\/#website\"},\"primaryImageOfPage\":{\"@id\":\"https:\\\/\\\/decolights.eu\\\/product\\\/decorative-solar-butterfly\\\/#primaryimage\"},\"image\":{\"@id\":\"https:\\\/\\\/decolights.eu\\\/product\\\/decorative-solar-butterfly\\\/#primaryimage\"},\"thumbnailUrl\":\"https:\\\/\\\/decolights.eu\\\/wp-content\\\/uploads\\\/2023\\\/04\\\/482-46_M2_2.jpg\",\"datePublished\":\"2023-04-01T04:44:52+00:00\",\"dateModified\":\"2023-06-20T17:56:07+00:00\",\"description\":\"Beautiful solar decoration butterfly will create magical atmosphere in your garden. Do not miss out best prices and purchase solar butterfly today!\",\"breadcrumb\":{\"@id\":\"https:\\\/\\\/decolights.eu\\\/product\\\/decorative-solar-butterfly\\\/#breadcrumb\"},\"inLanguage\":\"pl-PL\",\"potentialAction\":[{\"@type\":\"ReadAction\",\"target\":[\"https:\\\/\\\/decolights.eu\\\/product\\\/decorative-solar-butterfly\\\/\"]}]},{\"@type\":\"ImageObject\",\"inLanguage\":\"pl-PL\",\"@id\":\"https:\\\/\\\/decolights.eu\\\/product\\\/decorative-solar-butterfly\\\/#primaryimage\",\"url\":\"https:\\\/\\\/decolights.eu\\\/wp-content\\\/uploads\\\/2023\\\/04\\\/482-46_M2_2.jpg\",\"contentUrl\":\"https:\\\/\\\/decolights.eu\\\/wp-content\\\/uploads\\\/2023\\\/04\\\/482-46_M2_2.jpg\",\"width\":600,\"height\":602},{\"@type\":\"BreadcrumbList\",\"@id\":\"https:\\\/\\\/decolights.eu\\\/product\\\/decorative-solar-butterfly\\\/#breadcrumb\",\"itemListElement\":[{\"@type\":\"ListItem\",\"position\":1,\"name\":\"Shop\",\"item\":\"https:\\\/\\\/decolights.eu\\\/shop\\\/\"},{\"@type\":\"ListItem\",\"position\":2,\"name\":\"Decorative Solar Butterfly\"}]},{\"@type\":\"WebSite\",\"@id\":\"https:\\\/\\\/decolights.eu\\\/#website\",\"url\":\"https:\\\/\\\/decolights.eu\\\/\",\"name\":\"decolights\",\"description\":\"Led Decorations for Home and Garden\",\"publisher\":{\"@id\":\"https:\\\/\\\/decolights.eu\\\/#organization\"},\"alternateName\":\"decolights.eu\",\"potentialAction\":[{\"@type\":\"SearchAction\",\"target\":{\"@type\":\"EntryPoint\",\"urlTemplate\":\"https:\\\/\\\/decolights.eu\\\/?s={search_term_string}\"},\"query-input\":{\"@type\":\"PropertyValueSpecification\",\"valueRequired\":true,\"valueName\":\"search_term_string\"}}],\"inLanguage\":\"pl-PL\"},{\"@type\":\"Organization\",\"@id\":\"https:\\\/\\\/decolights.eu\\\/#organization\",\"name\":\"decolights\",\"url\":\"https:\\\/\\\/decolights.eu\\\/\",\"logo\":{\"@type\":\"ImageObject\",\"inLanguage\":\"pl-PL\",\"@id\":\"https:\\\/\\\/decolights.eu\\\/#\\\/schema\\\/logo\\\/image\\\/\",\"url\":\"https:\\\/\\\/decolights.eu\\\/wp-content\\\/uploads\\\/2023\\\/07\\\/cropped-decolight-siteicon.png\",\"contentUrl\":\"https:\\\/\\\/decolights.eu\\\/wp-content\\\/uploads\\\/2023\\\/07\\\/cropped-decolight-siteicon.png\",\"width\":512,\"height\":512,\"caption\":\"decolights\"},\"image\":{\"@id\":\"https:\\\/\\\/decolights.eu\\\/#\\\/schema\\\/logo\\\/image\\\/\"}}]}<\/script>\n<!-- \/ Yoast SEO plugin. -->","yoast_head_json":{"title":"Dekoracyjny motyl solarny - Decolights.eu","description":"Pi\u0119kna dekoracja solarna motyl stworzy magiczn\u0105 atmosfer\u0119 w Twoim ogrodzie. Nie przegap najlepszych cen i kup solar butterfly ju\u017c dzi\u015b!","robots":{"index":"index","follow":"follow","max-snippet":"max-snippet:-1","max-image-preview":"max-image-preview:large","max-video-preview":"max-video-preview:-1"},"canonical":"https:\/\/decolights.eu\/pl\/produkt-2\/decorative-solar-butterfly\/","og_locale":"pl_PL","og_type":"article","og_title":"Decorative Solar Butterfly - Decolights.eu","og_description":"Beautiful solar decoration butterfly will create magical atmosphere in your garden. Do not miss out best prices and purchase solar butterfly today!","og_url":"https:\/\/decolights.eu\/pl\/produkt-2\/decorative-solar-butterfly\/","og_site_name":"Decolights.eu","article_modified_time":"2023-06-20T17:56:07+00:00","og_image":[{"width":600,"height":602,"url":"https:\/\/decolights.eu\/wp-content\/uploads\/2023\/04\/482-46_M2_2.jpg","type":"image\/jpeg"}],"twitter_card":"summary_large_image","twitter_misc":{"Szacowany czas czytania":"1 minuta"},"schema":{"@context":"https:\/\/schema.org","@graph":[{"@type":"WebPage","@id":"https:\/\/decolights.eu\/product\/decorative-solar-butterfly\/","url":"https:\/\/decolights.eu\/product\/decorative-solar-butterfly\/","name":"Dekoracyjny motyl solarny - Decolights.eu","isPartOf":{"@id":"https:\/\/decolights.eu\/#website"},"primaryImageOfPage":{"@id":"https:\/\/decolights.eu\/product\/decorative-solar-butterfly\/#primaryimage"},"image":{"@id":"https:\/\/decolights.eu\/product\/decorative-solar-butterfly\/#primaryimage"},"thumbnailUrl":"https:\/\/decolights.eu\/wp-content\/uploads\/2023\/04\/482-46_M2_2.jpg","datePublished":"2023-04-01T04:44:52+00:00","dateModified":"2023-06-20T17:56:07+00:00","description":"Pi\u0119kna dekoracja solarna motyl stworzy magiczn\u0105 atmosfer\u0119 w Twoim ogrodzie. Nie przegap najlepszych cen i kup solar butterfly ju\u017c dzi\u015b!","breadcrumb":{"@id":"https:\/\/decolights.eu\/product\/decorative-solar-butterfly\/#breadcrumb"},"inLanguage":"pl-PL","potentialAction":[{"@type":"ReadAction","target":["https:\/\/decolights.eu\/product\/decorative-solar-butterfly\/"]}]},{"@type":"ImageObject","inLanguage":"pl-PL","@id":"https:\/\/decolights.eu\/product\/decorative-solar-butterfly\/#primaryimage","url":"https:\/\/decolights.eu\/wp-content\/uploads\/2023\/04\/482-46_M2_2.jpg","contentUrl":"https:\/\/decolights.eu\/wp-content\/uploads\/2023\/04\/482-46_M2_2.jpg","width":600,"height":602},{"@type":"BreadcrumbList","@id":"https:\/\/decolights.eu\/product\/decorative-solar-butterfly\/#breadcrumb","itemListElement":[{"@type":"ListItem","position":1,"name":"Shop","item":"https:\/\/decolights.eu\/shop\/"},{"@type":"ListItem","position":2,"name":"Decorative Solar Butterfly"}]},{"@type":"WebSite","@id":"https:\/\/decolights.eu\/#website","url":"https:\/\/decolights.eu\/","name":"dekoracje","description":"Dekoracje LED do domu i ogrodu","publisher":{"@id":"https:\/\/decolights.eu\/#organization"},"alternateName":"decolights.eu","potentialAction":[{"@type":"SearchAction","target":{"@type":"EntryPoint","urlTemplate":"https:\/\/decolights.eu\/?s={search_term_string}"},"query-input":{"@type":"PropertyValueSpecification","valueRequired":true,"valueName":"search_term_string"}}],"inLanguage":"pl-PL"},{"@type":"Organization","@id":"https:\/\/decolights.eu\/#organization","name":"dekoracje","url":"https:\/\/decolights.eu\/","logo":{"@type":"ImageObject","inLanguage":"pl-PL","@id":"https:\/\/decolights.eu\/#\/schema\/logo\/image\/","url":"https:\/\/decolights.eu\/wp-content\/uploads\/2023\/07\/cropped-decolight-siteicon.png","contentUrl":"https:\/\/decolights.eu\/wp-content\/uploads\/2023\/07\/cropped-decolight-siteicon.png","width":512,"height":512,"caption":"decolights"},"image":{"@id":"https:\/\/decolights.eu\/#\/schema\/logo\/image\/"}}]}},"jetpack_sharing_enabled":true,"_links":{"self":[{"href":"https:\/\/decolights.eu\/pl\/wp-json\/wp\/v2\/product\/6395","targetHints":{"allow":["GET"]}}],"collection":[{"href":"https:\/\/decolights.eu\/pl\/wp-json\/wp\/v2\/product"}],"about":[{"href":"https:\/\/decolights.eu\/pl\/wp-json\/wp\/v2\/types\/product"}],"replies":[{"embeddable":true,"href":"https:\/\/decolights.eu\/pl\/wp-json\/wp\/v2\/comments?post=6395"}],"wp:featuredmedia":[{"embeddable":true,"href":"https:\/\/decolights.eu\/pl\/wp-json\/wp\/v2\/media\/43842"}],"wp:attachment":[{"href":"https:\/\/decolights.eu\/pl\/wp-json\/wp\/v2\/media?parent=6395"}],"wp:term":[{"taxonomy":"product_brand","embeddable":true,"href":"https:\/\/decolights.eu\/pl\/wp-json\/wp\/v2\/product_brand?post=6395"},{"taxonomy":"product_cat","embeddable":true,"href":"https:\/\/decolights.eu\/pl\/wp-json\/wp\/v2\/product_cat?post=6395"},{"taxonomy":"product_tag","embeddable":true,"href":"https:\/\/decolights.eu\/pl\/wp-json\/wp\/v2\/product_tag?post=6395"}],"curies":[{"name":"wp","href":"https:\/\/api.w.org\/{rel}","templated":true}]}}