{"id":6922,"date":"2023-04-28T14:23:53","date_gmt":"2023-04-28T14:23:53","guid":{"rendered":"https:\/\/decolights.eu\/?post_type=product&#038;p=6922"},"modified":"2023-05-12T07:27:38","modified_gmt":"2023-05-12T07:27:38","slug":"500led-string-lights-33-5m","status":"publish","type":"product","link":"https:\/\/decolights.eu\/pl\/produkt-2\/500led-string-lights-33-5m\/","title":{"rendered":"\u0141a\u0144cuch \u015bwietlny 500LED 33,5M"},"content":{"rendered":"<ul>\n<li><strong>Liczba diod LED:<\/strong> 500LED<\/li>\n<li><strong>Kolor drutu: <\/strong>Ciemnozielony<\/li>\n<li><strong>D\u0142ugo\u015b\u0107 ca\u0142kowita (\u0142\u0105cznie z przewodem zasilaj\u0105cym):<\/strong> 33,50 mln<\/li>\n<li><strong>D\u0142ugo\u015b\u0107 \u015bwiat\u0142a: <\/strong>32M<\/li>\n<li><strong>D\u0142ugo\u015b\u0107 przewodu zasilaj\u0105cego<\/strong>: 1,50 mln<\/li>\n<li><strong>Pilot:\u00a0<\/strong>NIE<\/li>\n<li><strong>Funkcje:\u00a0<\/strong>Tak (8 r\u00f3\u017cnych funkcji migania i funkcji sta\u0142ego w\u0142\u0105czenia)<\/li>\n<li><strong>Pami\u0119\u0107:\u00a0<\/strong>NIE<\/li>\n<li><b>Klasa IP:\u00a0<\/b>IP44<\/li>\n<li><strong>Mo\u017cliwo\u015b\u0107 pod\u0142\u0105czenia:\u00a0<\/strong>Tak (maksymalnie 10 zestaw\u00f3w)<\/li>\n<li><strong>\u0179r\u00f3d\u0142o pr\u0105du:\u00a0<\/strong>pod\u0142\u0105cz<\/li>\n<li><strong>Certyfikat CE:\u00a0<\/strong>Tak<\/li>\n<li>230 V, maks. 50 Hz, 21,42 W<\/li>\n<\/ul>","protected":false},"excerpt":{"rendered":"<p>Number of LEDs: 500LED Wire colour: Dark green Total length (including power lead cable): 33.50M Lit length: 32M Power lead cable length: 1.50M Remote control:\u00a0No Functions:\u00a0Yes (8 different flashing functions and steady on functions) Memory:\u00a0No IP Rating:\u00a0IP44 Connectable:\u00a0Yes (maximum 10 sets) Power source:\u00a0plug in CE Certificate:\u00a0Yes 230V, 50Hz max,\u00a0 21,42W<\/p>","protected":false},"featured_media":6904,"comment_status":"open","ping_status":"closed","template":"","meta":[],"product_brand":[],"product_cat":[214,236,220,226],"product_tag":[],"class_list":{"0":"post-6922","1":"product","2":"type-product","3":"status-publish","4":"has-post-thumbnail","6":"product_cat-indoor-lights","7":"product_cat-led-string-lights-outdoor-lights","8":"product_cat-led-string-lights-indoor-lights","9":"product_cat-outdoor-lights","10":"pa_available-colours-blue","11":"pa_available-colours-cold-white","12":"pa_available-colours-green","13":"pa_available-colours-multi-coloured","14":"pa_available-colours-pink","15":"pa_available-colours-red","16":"pa_available-colours-warm-white","17":"pa_brand-deco","18":"pa_led-colour-blue","19":"pa_led-colour-cold-white","20":"pa_led-colour-green","21":"pa_led-colour-multi-coloured","22":"pa_led-colour-pink","23":"pa_led-colour-red","24":"pa_led-colour-warm-white","26":"first","27":"instock","28":"sale","29":"shipping-taxable","30":"purchasable","31":"product-type-variable"},"yoast_head":"<!-- This site is optimized with the Yoast SEO plugin v27.3 - https:\/\/yoast.com\/product\/yoast-seo-wordpress\/ -->\n<title>500LED string lights 33.5M - Best price guarantee - Decolights.eu<\/title>\n<meta name=\"description\" content=\"LED String lights are traditional festive decoration and are perfect for decorating plants, Christmas trees or house. Buy now for the best price!\" \/>\n<meta name=\"robots\" content=\"index, follow, max-snippet:-1, max-image-preview:large, max-video-preview:-1\" \/>\n<link rel=\"canonical\" href=\"https:\/\/decolights.eu\/pl\/produkt-2\/500led-string-lights-33-5m\/\" \/>\n<meta property=\"og:locale\" content=\"pl_PL\" \/>\n<meta property=\"og:type\" content=\"article\" \/>\n<meta property=\"og:title\" content=\"500LED string lights 33.5M - Best price guarantee - Decolights.eu\" \/>\n<meta property=\"og:description\" content=\"LED String lights are traditional festive decoration and are perfect for decorating plants, Christmas trees or house. Buy now for the best price!\" \/>\n<meta property=\"og:url\" content=\"https:\/\/decolights.eu\/pl\/produkt-2\/500led-string-lights-33-5m\/\" \/>\n<meta property=\"og:site_name\" content=\"Decolights.eu\" \/>\n<meta property=\"article:modified_time\" content=\"2023-05-12T07:27:38+00:00\" \/>\n<meta property=\"og:image\" content=\"https:\/\/decolights.eu\/wp-content\/uploads\/2023\/04\/String-lights-warm-white.jpeg\" \/>\n\t<meta property=\"og:image:width\" content=\"1200\" \/>\n\t<meta property=\"og:image:height\" content=\"1200\" \/>\n\t<meta property=\"og:image:type\" content=\"image\/jpeg\" \/>\n<meta name=\"twitter:card\" content=\"summary_large_image\" \/>\n<meta name=\"twitter:label1\" content=\"Szacowany czas czytania\" \/>\n\t<meta name=\"twitter:data1\" content=\"1 minuta\" \/>\n<script type=\"application\/ld+json\" class=\"yoast-schema-graph\">{\"@context\":\"https:\\\/\\\/schema.org\",\"@graph\":[{\"@type\":\"WebPage\",\"@id\":\"https:\\\/\\\/decolights.eu\\\/product\\\/500led-string-lights-33-5m\\\/\",\"url\":\"https:\\\/\\\/decolights.eu\\\/product\\\/500led-string-lights-33-5m\\\/\",\"name\":\"500LED string lights 33.5M - Best price guarantee - Decolights.eu\",\"isPartOf\":{\"@id\":\"https:\\\/\\\/decolights.eu\\\/#website\"},\"primaryImageOfPage\":{\"@id\":\"https:\\\/\\\/decolights.eu\\\/product\\\/500led-string-lights-33-5m\\\/#primaryimage\"},\"image\":{\"@id\":\"https:\\\/\\\/decolights.eu\\\/product\\\/500led-string-lights-33-5m\\\/#primaryimage\"},\"thumbnailUrl\":\"https:\\\/\\\/decolights.eu\\\/wp-content\\\/uploads\\\/2023\\\/04\\\/String-lights-warm-white.jpeg\",\"datePublished\":\"2023-04-28T14:23:53+00:00\",\"dateModified\":\"2023-05-12T07:27:38+00:00\",\"description\":\"LED String lights are traditional festive decoration and are perfect for decorating plants, Christmas trees or house. Buy now for the best price!\",\"breadcrumb\":{\"@id\":\"https:\\\/\\\/decolights.eu\\\/product\\\/500led-string-lights-33-5m\\\/#breadcrumb\"},\"inLanguage\":\"pl-PL\",\"potentialAction\":[{\"@type\":\"ReadAction\",\"target\":[\"https:\\\/\\\/decolights.eu\\\/product\\\/500led-string-lights-33-5m\\\/\"]}]},{\"@type\":\"ImageObject\",\"inLanguage\":\"pl-PL\",\"@id\":\"https:\\\/\\\/decolights.eu\\\/product\\\/500led-string-lights-33-5m\\\/#primaryimage\",\"url\":\"https:\\\/\\\/decolights.eu\\\/wp-content\\\/uploads\\\/2023\\\/04\\\/String-lights-warm-white.jpeg\",\"contentUrl\":\"https:\\\/\\\/decolights.eu\\\/wp-content\\\/uploads\\\/2023\\\/04\\\/String-lights-warm-white.jpeg\",\"width\":1200,\"height\":1200,\"caption\":\"LED String Lights\"},{\"@type\":\"BreadcrumbList\",\"@id\":\"https:\\\/\\\/decolights.eu\\\/product\\\/500led-string-lights-33-5m\\\/#breadcrumb\",\"itemListElement\":[{\"@type\":\"ListItem\",\"position\":1,\"name\":\"Shop\",\"item\":\"https:\\\/\\\/decolights.eu\\\/shop\\\/\"},{\"@type\":\"ListItem\",\"position\":2,\"name\":\"500LED string lights 33.5M\"}]},{\"@type\":\"WebSite\",\"@id\":\"https:\\\/\\\/decolights.eu\\\/#website\",\"url\":\"https:\\\/\\\/decolights.eu\\\/\",\"name\":\"decolights\",\"description\":\"Led Decorations for Home and Garden\",\"publisher\":{\"@id\":\"https:\\\/\\\/decolights.eu\\\/#organization\"},\"alternateName\":\"decolights.eu\",\"potentialAction\":[{\"@type\":\"SearchAction\",\"target\":{\"@type\":\"EntryPoint\",\"urlTemplate\":\"https:\\\/\\\/decolights.eu\\\/?s={search_term_string}\"},\"query-input\":{\"@type\":\"PropertyValueSpecification\",\"valueRequired\":true,\"valueName\":\"search_term_string\"}}],\"inLanguage\":\"pl-PL\"},{\"@type\":\"Organization\",\"@id\":\"https:\\\/\\\/decolights.eu\\\/#organization\",\"name\":\"decolights\",\"url\":\"https:\\\/\\\/decolights.eu\\\/\",\"logo\":{\"@type\":\"ImageObject\",\"inLanguage\":\"pl-PL\",\"@id\":\"https:\\\/\\\/decolights.eu\\\/#\\\/schema\\\/logo\\\/image\\\/\",\"url\":\"https:\\\/\\\/decolights.eu\\\/wp-content\\\/uploads\\\/2023\\\/07\\\/cropped-decolight-siteicon.png\",\"contentUrl\":\"https:\\\/\\\/decolights.eu\\\/wp-content\\\/uploads\\\/2023\\\/07\\\/cropped-decolight-siteicon.png\",\"width\":512,\"height\":512,\"caption\":\"decolights\"},\"image\":{\"@id\":\"https:\\\/\\\/decolights.eu\\\/#\\\/schema\\\/logo\\\/image\\\/\"}}]}<\/script>\n<!-- \/ Yoast SEO plugin. -->","yoast_head_json":{"title":"\u0141a\u0144cuch \u015bwietlny 500LED 33,5M - Gwarancja najlepszej ceny - Decolights.eu","description":"Girlandy \u015bwietlne LED s\u0105 tradycyjn\u0105 dekoracj\u0105 \u015bwi\u0105teczn\u0105 i doskonale nadaj\u0105 si\u0119 do ozdabiania ro\u015blin, choinek lub domu. Kup teraz w najlepszej cenie!","robots":{"index":"index","follow":"follow","max-snippet":"max-snippet:-1","max-image-preview":"max-image-preview:large","max-video-preview":"max-video-preview:-1"},"canonical":"https:\/\/decolights.eu\/pl\/produkt-2\/500led-string-lights-33-5m\/","og_locale":"pl_PL","og_type":"article","og_title":"500LED string lights 33.5M - Best price guarantee - Decolights.eu","og_description":"LED String lights are traditional festive decoration and are perfect for decorating plants, Christmas trees or house. Buy now for the best price!","og_url":"https:\/\/decolights.eu\/pl\/produkt-2\/500led-string-lights-33-5m\/","og_site_name":"Decolights.eu","article_modified_time":"2023-05-12T07:27:38+00:00","og_image":[{"width":1200,"height":1200,"url":"https:\/\/decolights.eu\/wp-content\/uploads\/2023\/04\/String-lights-warm-white.jpeg","type":"image\/jpeg"}],"twitter_card":"summary_large_image","twitter_misc":{"Szacowany czas czytania":"1 minuta"},"schema":{"@context":"https:\/\/schema.org","@graph":[{"@type":"WebPage","@id":"https:\/\/decolights.eu\/product\/500led-string-lights-33-5m\/","url":"https:\/\/decolights.eu\/product\/500led-string-lights-33-5m\/","name":"\u0141a\u0144cuch \u015bwietlny 500LED 33,5M - Gwarancja najlepszej ceny - Decolights.eu","isPartOf":{"@id":"https:\/\/decolights.eu\/#website"},"primaryImageOfPage":{"@id":"https:\/\/decolights.eu\/product\/500led-string-lights-33-5m\/#primaryimage"},"image":{"@id":"https:\/\/decolights.eu\/product\/500led-string-lights-33-5m\/#primaryimage"},"thumbnailUrl":"https:\/\/decolights.eu\/wp-content\/uploads\/2023\/04\/String-lights-warm-white.jpeg","datePublished":"2023-04-28T14:23:53+00:00","dateModified":"2023-05-12T07:27:38+00:00","description":"Girlandy \u015bwietlne LED s\u0105 tradycyjn\u0105 dekoracj\u0105 \u015bwi\u0105teczn\u0105 i doskonale nadaj\u0105 si\u0119 do ozdabiania ro\u015blin, choinek lub domu. Kup teraz w najlepszej cenie!","breadcrumb":{"@id":"https:\/\/decolights.eu\/product\/500led-string-lights-33-5m\/#breadcrumb"},"inLanguage":"pl-PL","potentialAction":[{"@type":"ReadAction","target":["https:\/\/decolights.eu\/product\/500led-string-lights-33-5m\/"]}]},{"@type":"ImageObject","inLanguage":"pl-PL","@id":"https:\/\/decolights.eu\/product\/500led-string-lights-33-5m\/#primaryimage","url":"https:\/\/decolights.eu\/wp-content\/uploads\/2023\/04\/String-lights-warm-white.jpeg","contentUrl":"https:\/\/decolights.eu\/wp-content\/uploads\/2023\/04\/String-lights-warm-white.jpeg","width":1200,"height":1200,"caption":"LED String Lights"},{"@type":"BreadcrumbList","@id":"https:\/\/decolights.eu\/product\/500led-string-lights-33-5m\/#breadcrumb","itemListElement":[{"@type":"ListItem","position":1,"name":"Shop","item":"https:\/\/decolights.eu\/shop\/"},{"@type":"ListItem","position":2,"name":"500LED string lights 33.5M"}]},{"@type":"WebSite","@id":"https:\/\/decolights.eu\/#website","url":"https:\/\/decolights.eu\/","name":"dekoracje","description":"Dekoracje LED do domu i ogrodu","publisher":{"@id":"https:\/\/decolights.eu\/#organization"},"alternateName":"decolights.eu","potentialAction":[{"@type":"SearchAction","target":{"@type":"EntryPoint","urlTemplate":"https:\/\/decolights.eu\/?s={search_term_string}"},"query-input":{"@type":"PropertyValueSpecification","valueRequired":true,"valueName":"search_term_string"}}],"inLanguage":"pl-PL"},{"@type":"Organization","@id":"https:\/\/decolights.eu\/#organization","name":"dekoracje","url":"https:\/\/decolights.eu\/","logo":{"@type":"ImageObject","inLanguage":"pl-PL","@id":"https:\/\/decolights.eu\/#\/schema\/logo\/image\/","url":"https:\/\/decolights.eu\/wp-content\/uploads\/2023\/07\/cropped-decolight-siteicon.png","contentUrl":"https:\/\/decolights.eu\/wp-content\/uploads\/2023\/07\/cropped-decolight-siteicon.png","width":512,"height":512,"caption":"decolights"},"image":{"@id":"https:\/\/decolights.eu\/#\/schema\/logo\/image\/"}}]}},"jetpack_sharing_enabled":true,"_links":{"self":[{"href":"https:\/\/decolights.eu\/pl\/wp-json\/wp\/v2\/product\/6922","targetHints":{"allow":["GET"]}}],"collection":[{"href":"https:\/\/decolights.eu\/pl\/wp-json\/wp\/v2\/product"}],"about":[{"href":"https:\/\/decolights.eu\/pl\/wp-json\/wp\/v2\/types\/product"}],"replies":[{"embeddable":true,"href":"https:\/\/decolights.eu\/pl\/wp-json\/wp\/v2\/comments?post=6922"}],"wp:featuredmedia":[{"embeddable":true,"href":"https:\/\/decolights.eu\/pl\/wp-json\/wp\/v2\/media\/6904"}],"wp:attachment":[{"href":"https:\/\/decolights.eu\/pl\/wp-json\/wp\/v2\/media?parent=6922"}],"wp:term":[{"taxonomy":"product_brand","embeddable":true,"href":"https:\/\/decolights.eu\/pl\/wp-json\/wp\/v2\/product_brand?post=6922"},{"taxonomy":"product_cat","embeddable":true,"href":"https:\/\/decolights.eu\/pl\/wp-json\/wp\/v2\/product_cat?post=6922"},{"taxonomy":"product_tag","embeddable":true,"href":"https:\/\/decolights.eu\/pl\/wp-json\/wp\/v2\/product_tag?post=6922"}],"curies":[{"name":"wp","href":"https:\/\/api.w.org\/{rel}","templated":true}]}}