{"id":2050,"date":"2019-09-04T10:49:46","date_gmt":"2019-09-04T10:49:46","guid":{"rendered":"http:\/\/impreza15.us-themes.com\/?page_id=2050"},"modified":"2023-08-27T11:26:54","modified_gmt":"2023-08-27T11:26:54","slug":"shipping","status":"publish","type":"page","link":"https:\/\/decolights.eu\/ro\/shipping\/","title":{"rendered":"Transport"},"content":{"rendered":"<section class=\"section\" id=\"section_806983471\">\n\t\t<div class=\"bg section-bg fill bg-fill\" >\n\n\t\t\t\n\t\t\t\n\t\t\t\n\n\t\t<\/div>\n\n\t\t\n\n\t\t<div class=\"section-content relative\">\n\t\t\t\n\n<div class=\"row row-collapse\"  id=\"row-125889104\">\n\n\n\t<div id=\"col-416328446\" class=\"col small-12 large-12\"  >\n\t\t\t\t<div class=\"col-inner\"  >\n\t\t\t\n\t\t\t\n\n\t<div id=\"text-173764295\" class=\"text\">\n\t\t\n\n<h2><strong>Transport<\/strong><\/h2>\n\t\t\n<style>\n#text-173764295 {\n  font-size: 2rem;\n  text-align: center;\n  color: rgb(255,255,255);\n}\n#text-173764295 > * {\n  color: rgb(255,255,255);\n}\n<\/style>\n\t<\/div>\n\t\n\n\t\t<\/div>\n\t\t\t\t\n<style>\n#col-416328446 > .col-inner {\n  margin: 0px 0px -10px 0px;\n}\n<\/style>\n\t<\/div>\n\n\t\n\n<\/div>\n\n\t\t<\/div>\n\n\t\t\n<style>\n#section_806983471 {\n  padding-top: 30px;\n  padding-bottom: 30px;\n  background-color: rgb(0,0,0);\n}\n#section_806983471 .section-bg.bg-loaded {\n  background-image: url(https:\/\/decolights.eu\/wp-content\/uploads\/2023\/07\/decolights-shop-banner-black-new-scaled.jpg);\n}\n<\/style>\n\t<\/section>\n\t\n\t<section class=\"section\" id=\"section_1763449515\">\n\t\t<div class=\"bg section-bg fill bg-fill  bg-loaded\" >\n\n\t\t\t\n\t\t\t\n\t\t\t\n\n\t\t<\/div>\n\n\t\t\n\n\t\t<div class=\"section-content relative\">\n\t\t\t\n\n<div class=\"row row-small align-center\"  id=\"row-511397552\">\n\n\n\t<div id=\"col-387748906\" class=\"col medium-11 small-12 large-11\"  >\n\t\t\t\t<div class=\"col-inner\"  >\n\t\t\t\n\t\t\t\n\n<div class=\"PageContent PageContent--narrow Rte\">\n<p>Majoritatea comenzilor noastre sunt livrate \u00een aproximativ 3 \u2013 7 zile lucr\u0103toare, dar dup\u0103 cum \u0219ti\u021bi, exist\u0103 o mul\u021bime de variabile care pot afecta timpul de expediere.<\/p>\n<div class=\"TableWrapper\">\n<table style=\"height: 317px;\" width=\"232\">\n<tbody>\n<tr>\n<td>Polonia<\/td>\n<td>3 \u2013 5 zile lucr\u0103toare<\/td>\n<\/tr>\n<tr>\n<td>Lituania<\/td>\n<td>3 \u2013 5 zile lucr\u0103toare<\/td>\n<\/tr>\n<tr>\n<td>Germania<\/td>\n<td>3 \u2013 5 zile lucr\u0103toare<\/td>\n<\/tr>\n<tr>\n<td>Spania<\/td>\n<td>3 \u2013 5 zile lucr\u0103toare<\/td>\n<\/tr>\n<tr>\n<td>Cehia<\/td>\n<td>3 \u2013 5 zile lucr\u0103toare<\/td>\n<\/tr>\n<tr>\n<td>Slovacia<\/td>\n<td>3 \u2013 5 zile lucr\u0103toare<\/td>\n<\/tr>\n<\/tbody>\n<\/table>\n<\/div>\n<ul>\n<li>\n<div class=\"TableWrapper\">Livrare gratuit\u0103 de la 99 EUR (3 \u2013 7 zile lucr\u0103toare) \u2013 <strong>\u20ac0<\/strong><\/div>\n<\/li>\n<\/ul>\n<p>V\u0103 vom expedia comanda cu o companie interna\u021bional\u0103 de po\u0219t\u0103 \u0219i logistic\u0103 sau alt curier po\u0219tal local.<\/p>\n<p>Dac\u0103 au trecut 20 de zile lucr\u0103toare \u0219i nu a\u021bi primit comanda, v\u0103 rug\u0103m\u00a0<a href=\"https:\/\/decolights.eu\/ro\/contact\/\">Contacta\u0163i-ne<\/a>.<\/p>\n<p><strong>Conditii de livrare:<\/strong><\/p>\n<ul>\n<li>Toate comenzile sunt expediate din depozitul nostru \u00een 1-2 zile lucr\u0103toare.<\/li>\n<\/ul>\n<h5><a href=\"https:\/\/decolights.eu\/ro\/contact\/\"><strong><span style=\"color: #f09e33;\">DAC\u0102 AVE\u021aI \u00ceNTREB\u0102RI SUPLIMENTARE, NU TRIMIT\u021aI O SCRISOARE!<\/span><\/strong><\/a><\/h5>\n<\/div>\n\n\t\t<\/div>\n\t\t\t\t\t<\/div>\n\n\t\n\n<\/div>\n\n\t\t<\/div>\n\n\t\t\n<style>\n#section_1763449515 {\n  padding-top: 40px;\n  padding-bottom: 40px;\n  background-color: rgb(255,255,255);\n}\n<\/style>\n\t<\/section>","protected":false},"excerpt":{"rendered":"","protected":false},"author":1,"featured_media":0,"parent":0,"menu_order":0,"comment_status":"closed","ping_status":"closed","template":"page-blank.php","meta":{"footnotes":""},"class_list":["post-2050","page","type-page","status-publish","hentry"],"yoast_head":"<!-- This site is optimized with the Yoast SEO plugin v27.3 - https:\/\/yoast.com\/product\/yoast-seo-wordpress\/ -->\n<title>Shipping Information - Decolights.eu<\/title>\n<meta name=\"description\" content=\"Decolights.eu Information about the timing and types of delivery. We operate a next business day dispatch policy.\" \/>\n<meta name=\"robots\" content=\"index, follow, max-snippet:-1, max-image-preview:large, max-video-preview:-1\" \/>\n<link rel=\"canonical\" href=\"https:\/\/decolights.eu\/ro\/shipping\/\" \/>\n<meta property=\"og:locale\" content=\"ro_RO\" \/>\n<meta property=\"og:type\" content=\"article\" \/>\n<meta property=\"og:title\" content=\"Shipping Information - Decolights.eu\" \/>\n<meta property=\"og:description\" content=\"Decolights.eu Information about the timing and types of delivery. We operate a next business day dispatch policy.\" \/>\n<meta property=\"og:url\" content=\"https:\/\/decolights.eu\/ro\/shipping\/\" \/>\n<meta property=\"og:site_name\" content=\"Decolights.eu\" \/>\n<meta property=\"article:modified_time\" content=\"2023-08-27T11:26:54+00:00\" \/>\n<meta property=\"og:image\" content=\"https:\/\/decolights.eu\/wp-content\/uploads\/2023\/07\/DecoLights-yoast-logo.jpg\" \/>\n\t<meta property=\"og:image:width\" content=\"1200\" \/>\n\t<meta property=\"og:image:height\" content=\"675\" \/>\n\t<meta property=\"og:image:type\" content=\"image\/jpeg\" \/>\n<meta name=\"twitter:card\" content=\"summary_large_image\" \/>\n<meta name=\"twitter:label1\" content=\"Timp estimat pentru citire\" \/>\n\t<meta name=\"twitter:data1\" content=\"1 minut\" \/>\n<script type=\"application\/ld+json\" class=\"yoast-schema-graph\">{\"@context\":\"https:\\\/\\\/schema.org\",\"@graph\":[{\"@type\":\"WebPage\",\"@id\":\"https:\\\/\\\/decolights.eu\\\/shipping\\\/\",\"url\":\"https:\\\/\\\/decolights.eu\\\/shipping\\\/\",\"name\":\"Shipping Information - Decolights.eu\",\"isPartOf\":{\"@id\":\"https:\\\/\\\/decolights.eu\\\/#website\"},\"datePublished\":\"2019-09-04T10:49:46+00:00\",\"dateModified\":\"2023-08-27T11:26:54+00:00\",\"description\":\"Decolights.eu Information about the timing and types of delivery. We operate a next business day dispatch policy.\",\"inLanguage\":\"ro-RO\",\"potentialAction\":[{\"@type\":\"ReadAction\",\"target\":[\"https:\\\/\\\/decolights.eu\\\/shipping\\\/\"]}]},{\"@type\":\"WebSite\",\"@id\":\"https:\\\/\\\/decolights.eu\\\/#website\",\"url\":\"https:\\\/\\\/decolights.eu\\\/\",\"name\":\"decolights\",\"description\":\"Led Decorations for Home and Garden\",\"publisher\":{\"@id\":\"https:\\\/\\\/decolights.eu\\\/#organization\"},\"alternateName\":\"decolights.eu\",\"potentialAction\":[{\"@type\":\"SearchAction\",\"target\":{\"@type\":\"EntryPoint\",\"urlTemplate\":\"https:\\\/\\\/decolights.eu\\\/?s={search_term_string}\"},\"query-input\":{\"@type\":\"PropertyValueSpecification\",\"valueRequired\":true,\"valueName\":\"search_term_string\"}}],\"inLanguage\":\"ro-RO\"},{\"@type\":\"Organization\",\"@id\":\"https:\\\/\\\/decolights.eu\\\/#organization\",\"name\":\"decolights\",\"url\":\"https:\\\/\\\/decolights.eu\\\/\",\"logo\":{\"@type\":\"ImageObject\",\"inLanguage\":\"ro-RO\",\"@id\":\"https:\\\/\\\/decolights.eu\\\/#\\\/schema\\\/logo\\\/image\\\/\",\"url\":\"https:\\\/\\\/decolights.eu\\\/wp-content\\\/uploads\\\/2023\\\/07\\\/cropped-decolight-siteicon.png\",\"contentUrl\":\"https:\\\/\\\/decolights.eu\\\/wp-content\\\/uploads\\\/2023\\\/07\\\/cropped-decolight-siteicon.png\",\"width\":512,\"height\":512,\"caption\":\"decolights\"},\"image\":{\"@id\":\"https:\\\/\\\/decolights.eu\\\/#\\\/schema\\\/logo\\\/image\\\/\"}}]}<\/script>\n<!-- \/ Yoast SEO plugin. -->","yoast_head_json":{"title":"Informa\u021bii despre livrare - Decolights.eu","description":"Decolights.eu Informa\u021bii despre calendarul \u0219i tipurile de livrare. Oper\u0103m o politic\u0103 de expediere \u00een urm\u0103toarea zi lucr\u0103toare.","robots":{"index":"index","follow":"follow","max-snippet":"max-snippet:-1","max-image-preview":"max-image-preview:large","max-video-preview":"max-video-preview:-1"},"canonical":"https:\/\/decolights.eu\/ro\/shipping\/","og_locale":"ro_RO","og_type":"article","og_title":"Shipping Information - Decolights.eu","og_description":"Decolights.eu Information about the timing and types of delivery. We operate a next business day dispatch policy.","og_url":"https:\/\/decolights.eu\/ro\/shipping\/","og_site_name":"Decolights.eu","article_modified_time":"2023-08-27T11:26:54+00:00","og_image":[{"width":1200,"height":675,"url":"https:\/\/decolights.eu\/wp-content\/uploads\/2023\/07\/DecoLights-yoast-logo.jpg","type":"image\/jpeg"}],"twitter_card":"summary_large_image","twitter_misc":{"Timp estimat pentru citire":"1 minut"},"schema":{"@context":"https:\/\/schema.org","@graph":[{"@type":"WebPage","@id":"https:\/\/decolights.eu\/shipping\/","url":"https:\/\/decolights.eu\/shipping\/","name":"Informa\u021bii despre livrare - Decolights.eu","isPartOf":{"@id":"https:\/\/decolights.eu\/#website"},"datePublished":"2019-09-04T10:49:46+00:00","dateModified":"2023-08-27T11:26:54+00:00","description":"Decolights.eu Informa\u021bii despre calendarul \u0219i tipurile de livrare. Oper\u0103m o politic\u0103 de expediere \u00een urm\u0103toarea zi lucr\u0103toare.","inLanguage":"ro-RO","potentialAction":[{"@type":"ReadAction","target":["https:\/\/decolights.eu\/shipping\/"]}]},{"@type":"WebSite","@id":"https:\/\/decolights.eu\/#website","url":"https:\/\/decolights.eu\/","name":"decolights","description":"Decoratiuni Led pentru Casa si Gradina","publisher":{"@id":"https:\/\/decolights.eu\/#organization"},"alternateName":"decolights.eu","potentialAction":[{"@type":"SearchAction","target":{"@type":"EntryPoint","urlTemplate":"https:\/\/decolights.eu\/?s={search_term_string}"},"query-input":{"@type":"PropertyValueSpecification","valueRequired":true,"valueName":"search_term_string"}}],"inLanguage":"ro-RO"},{"@type":"Organization","@id":"https:\/\/decolights.eu\/#organization","name":"decolights","url":"https:\/\/decolights.eu\/","logo":{"@type":"ImageObject","inLanguage":"ro-RO","@id":"https:\/\/decolights.eu\/#\/schema\/logo\/image\/","url":"https:\/\/decolights.eu\/wp-content\/uploads\/2023\/07\/cropped-decolight-siteicon.png","contentUrl":"https:\/\/decolights.eu\/wp-content\/uploads\/2023\/07\/cropped-decolight-siteicon.png","width":512,"height":512,"caption":"decolights"},"image":{"@id":"https:\/\/decolights.eu\/#\/schema\/logo\/image\/"}}]}},"jetpack_sharing_enabled":true,"_links":{"self":[{"href":"https:\/\/decolights.eu\/ro\/wp-json\/wp\/v2\/pages\/2050","targetHints":{"allow":["GET"]}}],"collection":[{"href":"https:\/\/decolights.eu\/ro\/wp-json\/wp\/v2\/pages"}],"about":[{"href":"https:\/\/decolights.eu\/ro\/wp-json\/wp\/v2\/types\/page"}],"author":[{"embeddable":true,"href":"https:\/\/decolights.eu\/ro\/wp-json\/wp\/v2\/users\/1"}],"replies":[{"embeddable":true,"href":"https:\/\/decolights.eu\/ro\/wp-json\/wp\/v2\/comments?post=2050"}],"version-history":[{"count":2,"href":"https:\/\/decolights.eu\/ro\/wp-json\/wp\/v2\/pages\/2050\/revisions"}],"predecessor-version":[{"id":44731,"href":"https:\/\/decolights.eu\/ro\/wp-json\/wp\/v2\/pages\/2050\/revisions\/44731"}],"wp:attachment":[{"href":"https:\/\/decolights.eu\/ro\/wp-json\/wp\/v2\/media?parent=2050"}],"curies":[{"name":"wp","href":"https:\/\/api.w.org\/{rel}","templated":true}]}}