{"id":540,"date":"2016-08-31T12:38:04","date_gmt":"2016-08-31T12:38:04","guid":{"rendered":"http:\/\/impreza9.us-themes.com\/?page_id=540"},"modified":"2023-07-26T18:40:20","modified_gmt":"2023-07-26T18:40:20","slug":"about","status":"publish","type":"page","link":"https:\/\/decolights.eu\/ro\/about\/","title":{"rendered":"Despre noi"},"content":{"rendered":"<section class=\"section\" id=\"section_2078554801\">\n\t\t<div class=\"bg section-bg fill bg-fill\" >\n\n\t\t\t\n\t\t\t\n\t\t\t\n\n\t\t<\/div>\n\n\t\t\n\n\t\t<div class=\"section-content relative\">\n\t\t\t\n\n<div class=\"row row-collapse\"  id=\"row-1621026632\">\n\n\n\t<div id=\"col-27521653\" class=\"col small-12 large-12\"  >\n\t\t\t\t<div class=\"col-inner\"  >\n\t\t\t\n\t\t\t\n\n\t<div id=\"text-3525624984\" class=\"text\">\n\t\t\n\n<h2><strong>Despre noi<\/strong><\/h2>\n\t\t\n<style>\n#text-3525624984 {\n  font-size: 2rem;\n  text-align: center;\n  color: rgb(255,255,255);\n}\n#text-3525624984 > * {\n  color: rgb(255,255,255);\n}\n<\/style>\n\t<\/div>\n\t\n\n\t\t<\/div>\n\t\t\t\t\n<style>\n#col-27521653 > .col-inner {\n  margin: 0px 0px -10px 0px;\n}\n<\/style>\n\t<\/div>\n\n\t\n\n<\/div>\n\n\t\t<\/div>\n\n\t\t\n<style>\n#section_2078554801 {\n  padding-top: 30px;\n  padding-bottom: 30px;\n  background-color: rgb(0,0,0);\n}\n#section_2078554801 .section-bg.bg-loaded {\n  background-image: url(https:\/\/decolights.eu\/wp-content\/uploads\/2023\/07\/decolights-shop-banner-black-new-scaled.jpg);\n}\n<\/style>\n\t<\/section>\n\t\n\t<section class=\"section\" id=\"section_1819537663\">\n\t\t<div class=\"bg section-bg fill bg-fill  bg-loaded\" >\n\n\t\t\t\n\t\t\t\n\t\t\t\n\n\t\t<\/div>\n\n\t\t\n\n\t\t<div class=\"section-content relative\">\n\t\t\t\n\n<div class=\"row row-collapse align-middle align-center\"  id=\"row-318716395\">\n\n\n\t<div id=\"col-1184620801\" class=\"col medium-6 small-12 large-6\"  >\n\t\t\t\t<div class=\"col-inner\"  >\n\t\t\t\n\t\t\t\n\n\t<div id=\"text-534103880\" class=\"text\">\n\t\t\n\n<h2 style=\"text-align: left;\"><strong>Cine suntem noi<\/strong><\/h2>\n\t\t\n<style>\n#text-534103880 {\n  font-size: 1.55rem;\n}\n<\/style>\n\t<\/div>\n\t\n<p>Bine a\u021bi venit \u00een magazinul nostru online festiv \u0219i confortabil! Suntem o echip\u0103 de persoane pasionate care se dedic\u0103 s\u0103 aduc\u0103 magia sezonului s\u0103rb\u0103torilor \u0219i confortul pentru serile de var\u0103 acas\u0103 \u0219i pe teras\u0103. Colec\u021bia noastr\u0103 de produse de iluminat de Cr\u0103ciun \u0219i de var\u0103 este \u00eengrijit\u0103 cu aten\u021bie pentru a v\u0103 asigura c\u0103 ave\u021bi acces la cele mai bune \u0219i mai unice op\u021biuni de iluminat disponibile.<\/p>\n<p>La magazinul nostru credem c\u0103 iluminatul potrivit poate transforma orice spa\u021biu \u00eentr-un mediu cald \u0219i primitor. Indiferent dac\u0103 sunte\u021bi \u00een c\u0103utarea unor lumini clasice, lumini festone, lumini cu z\u00e2ne, lumini cu LED-uri colorate sau ceva mai unic, avem ceva pentru toat\u0103 lumea.<\/p>\n<p>Echipa noastr\u0103 se angajeaz\u0103 s\u0103 ofere un serviciu excep\u021bional pentru clien\u021bi \u0219i s\u0103 se asigure c\u0103 ave\u021bi o experien\u021b\u0103 de cump\u0103r\u0103turi perfect\u0103. \u00cen\u021belegem c\u0103 sezonul s\u0103rb\u0103torilor poate fi stresant, motiv pentru care ne str\u0103duim s\u0103 v\u0103 facem experien\u021ba de cump\u0103r\u0103turi c\u00e2t mai u\u0219oar\u0103 \u0219i pl\u0103cut\u0103.<\/p>\n\n\t\t<\/div>\n\t\t\t\t\n<style>\n#col-1184620801 > .col-inner {\n  padding: 20px 20px 20px 20px;\n}\n<\/style>\n\t<\/div>\n\n\t\n\n\t<div id=\"col-257488121\" class=\"col medium-5 small-12 large-5 small-col-first\"  >\n\t\t\t\t<div class=\"col-inner\"  >\n\t\t\t\n\t\t\t\n\n\t<div class=\"img has-hover x md-x lg-x y md-y lg-y\" id=\"image_2114482398\">\n\t\t\t\t\t\t\t\t<div class=\"img-inner dark\" >\n\t\t\t<img loading=\"lazy\" decoding=\"async\" width=\"800\" height=\"800\" src=\"https:\/\/decolights.eu\/wp-content\/uploads\/2023\/05\/img_5382.jpeg\" class=\"attachment-original size-original\" alt=\"\" srcset=\"https:\/\/decolights.eu\/wp-content\/uploads\/2023\/05\/img_5382.jpeg 800w, https:\/\/decolights.eu\/wp-content\/uploads\/2023\/05\/img_5382-100x100.jpeg 100w, https:\/\/decolights.eu\/wp-content\/uploads\/2023\/05\/img_5382-510x510.jpeg 510w, https:\/\/decolights.eu\/wp-content\/uploads\/2023\/05\/img_5382-400x400.jpeg 400w, https:\/\/decolights.eu\/wp-content\/uploads\/2023\/05\/img_5382-280x280.jpeg 280w, https:\/\/decolights.eu\/wp-content\/uploads\/2023\/05\/img_5382-12x12.jpeg 12w, https:\/\/decolights.eu\/wp-content\/uploads\/2023\/05\/img_5382-50x50.jpeg 50w\" sizes=\"auto, (max-width: 800px) 100vw, 800px\" \/>\t\t\t\t\t\t\n\t\t\t\t\t<\/div>\n\t\t\t\t\t\t\t\t\n<style>\n#image_2114482398 {\n  width: 100%;\n}\n<\/style>\n\t<\/div>\n\t\n\n\n\t\t<\/div>\n\t\t\t\t\n<style>\n#col-257488121 > .col-inner {\n  padding: 0px 20px 0px 20px;\n}\n<\/style>\n\t<\/div>\n\n\t\n\n<\/div>\n\t<div id=\"gap-191070101\" class=\"gap-element clearfix\" style=\"display:block; height:auto;\">\n\t\t\n<style>\n#gap-191070101 {\n  padding-top: 30px;\n}\n@media (min-width:550px) {\n  #gap-191070101 {\n    padding-top: 20px;\n  }\n}\n@media (min-width:850px) {\n  #gap-191070101 {\n    padding-top: 30px;\n  }\n}\n<\/style>\n\t<\/div>\n\t\n\n<div class=\"row row-collapse align-middle align-center\"  id=\"row-1160158027\">\n\n\n\t<div id=\"col-219263705\" class=\"col medium-5 small-12 large-5\"  >\n\t\t\t\t<div class=\"col-inner\"  >\n\t\t\t\n\t\t\t\n\n\t<div class=\"img has-hover x md-x lg-x y md-y lg-y\" id=\"image_1114802798\">\n\t\t\t\t\t\t\t\t<div class=\"img-inner dark\" >\n\t\t\t<img loading=\"lazy\" decoding=\"async\" width=\"1200\" height=\"1200\" src=\"https:\/\/decolights.eu\/wp-content\/uploads\/2023\/05\/PRO-string-lights-multi-3.jpeg\" class=\"attachment-original size-original\" alt=\"\" srcset=\"https:\/\/decolights.eu\/wp-content\/uploads\/2023\/05\/PRO-string-lights-multi-3.jpeg 1200w, https:\/\/decolights.eu\/wp-content\/uploads\/2023\/05\/PRO-string-lights-multi-3-100x100.jpeg 100w, https:\/\/decolights.eu\/wp-content\/uploads\/2023\/05\/PRO-string-lights-multi-3-800x800.jpeg 800w, https:\/\/decolights.eu\/wp-content\/uploads\/2023\/05\/PRO-string-lights-multi-3-400x400.jpeg 400w, https:\/\/decolights.eu\/wp-content\/uploads\/2023\/05\/PRO-string-lights-multi-3-280x280.jpeg 280w, https:\/\/decolights.eu\/wp-content\/uploads\/2023\/05\/PRO-string-lights-multi-3-12x12.jpeg 12w, https:\/\/decolights.eu\/wp-content\/uploads\/2023\/05\/PRO-string-lights-multi-3-50x50.jpeg 50w\" sizes=\"auto, (max-width: 1200px) 100vw, 1200px\" \/>\t\t\t\t\t\t\n\t\t\t\t\t<\/div>\n\t\t\t\t\t\t\t\t\n<style>\n#image_1114802798 {\n  width: 100%;\n}\n<\/style>\n\t<\/div>\n\t\n\n\n\t\t<\/div>\n\t\t\t\t\n<style>\n#col-219263705 > .col-inner {\n  padding: 0px 20px 0px 20px;\n}\n<\/style>\n\t<\/div>\n\n\t\n\n\t<div id=\"col-1163548575\" class=\"col medium-6 small-12 large-6\"  >\n\t\t\t\t<div class=\"col-inner\"  >\n\t\t\t\n\t\t\t\n\n\t<div id=\"text-3979596807\" class=\"text\">\n\t\t\n\n<h2 style=\"text-align: left;\"><strong>Valorile noastre<\/strong><\/h2>\n\t\t\n<style>\n#text-3979596807 {\n  font-size: 1.55rem;\n}\n<\/style>\n\t<\/div>\n\t\n<ul>\n<li><strong>Calitate<\/strong>: Credem c\u0103 clien\u021bii no\u0219tri merit\u0103 ce este mai bun, motiv pentru care oferim doar produse de \u00eenalt\u0103 calitate, care sunt construite pentru a dura. Select\u0103m cu aten\u021bie fiecare articol din colec\u021bia noastr\u0103 pentru a ne asigura c\u0103 respect\u0103 standardele noastre de durabilitate, siguran\u021b\u0103 \u0219i performan\u021b\u0103.<\/li>\n<li>\u00a0<strong>Creativitate:<\/strong>\u00a0Ne place s\u0103 inspir\u0103m creativitatea \u0219i imagina\u021bia clien\u021bilor no\u0219tri. Credem c\u0103 iluminatul de vacan\u021b\u0103 \u0219i de var\u0103 este o form\u0103 de art\u0103 \u0219i ne \u00eencuraj\u0103m clien\u021bii s\u0103 exploreze modalit\u0103\u021bi noi \u0219i unice de a folosi produsele noastre pentru a-\u0219i crea propriile afi\u0219aje unice. Las\u0103-\u021bi imagina\u021bia s\u0103 zboare!<\/li>\n<li><strong>Durabilitate<\/strong>: Ne angaj\u0103m s\u0103 minimaliz\u0103m impactul nostru asupra mediului. Ne str\u0103duim s\u0103 oferim produse eficiente din punct de vedere energetic, realizate din materiale durabile \u0219i concepute pentru a rezista multor anotimpuri de vacan\u021b\u0103 \u0219i de var\u0103 viitoare. De asemenea, lucr\u0103m pentru a reduce de\u0219eurile \u0219i a minimiza amprenta noastr\u0103 de carbon \u00een toate aspectele afacerii noastre. Verifica\u021bi articolele noastre cu panouri solare pentru a reduce consumul de energie electric\u0103!<\/li>\n<\/ul>\n\n\t\t<\/div>\n\t\t\t\t\n<style>\n#col-1163548575 > .col-inner {\n  padding: 40px 20px 20px 20px;\n}\n<\/style>\n\t<\/div>\n\n\t\n\n<\/div>\n\n\t\t<\/div>\n\n\t\t\n<style>\n#section_1819537663 {\n  padding-top: 30px;\n  padding-bottom: 30px;\n  background-color: rgb(255,255,255);\n}\n<\/style>\n\t<\/section>","protected":false},"excerpt":{"rendered":"","protected":false},"author":1,"featured_media":0,"parent":0,"menu_order":0,"comment_status":"closed","ping_status":"closed","template":"page-blank.php","meta":{"footnotes":""},"class_list":["post-540","page","type-page","status-publish","hentry"],"yoast_head":"<!-- This site is optimized with the Yoast SEO plugin v27.3 - https:\/\/yoast.com\/product\/yoast-seo-wordpress\/ -->\n<title>About Us - Decolights.eu<\/title>\n<meta name=\"robots\" content=\"index, follow, max-snippet:-1, max-image-preview:large, max-video-preview:-1\" \/>\n<link rel=\"canonical\" href=\"https:\/\/decolights.eu\/ro\/about\/\" \/>\n<meta property=\"og:locale\" content=\"ro_RO\" \/>\n<meta property=\"og:type\" content=\"article\" \/>\n<meta property=\"og:title\" content=\"About Us - Decolights.eu\" \/>\n<meta property=\"og:url\" content=\"https:\/\/decolights.eu\/ro\/about\/\" \/>\n<meta property=\"og:site_name\" content=\"Decolights.eu\" \/>\n<meta property=\"article:modified_time\" content=\"2023-07-26T18:40:20+00:00\" \/>\n<meta property=\"og:image\" content=\"https:\/\/decolights.eu\/wp-content\/uploads\/2023\/07\/DecoLights-yoast-logo.jpg\" \/>\n\t<meta property=\"og:image:width\" content=\"1200\" \/>\n\t<meta property=\"og:image:height\" content=\"675\" \/>\n\t<meta property=\"og:image:type\" content=\"image\/jpeg\" \/>\n<meta name=\"twitter:card\" content=\"summary_large_image\" \/>\n<meta name=\"twitter:label1\" content=\"Timp estimat pentru citire\" \/>\n\t<meta name=\"twitter:data1\" content=\"2 minute\" \/>\n<script type=\"application\/ld+json\" class=\"yoast-schema-graph\">{\"@context\":\"https:\\\/\\\/schema.org\",\"@graph\":[{\"@type\":\"WebPage\",\"@id\":\"https:\\\/\\\/decolights.eu\\\/about\\\/\",\"url\":\"https:\\\/\\\/decolights.eu\\\/about\\\/\",\"name\":\"About Us - Decolights.eu\",\"isPartOf\":{\"@id\":\"https:\\\/\\\/decolights.eu\\\/#website\"},\"datePublished\":\"2016-08-31T12:38:04+00:00\",\"dateModified\":\"2023-07-26T18:40:20+00:00\",\"inLanguage\":\"ro-RO\",\"potentialAction\":[{\"@type\":\"ReadAction\",\"target\":[\"https:\\\/\\\/decolights.eu\\\/about\\\/\"]}]},{\"@type\":\"WebSite\",\"@id\":\"https:\\\/\\\/decolights.eu\\\/#website\",\"url\":\"https:\\\/\\\/decolights.eu\\\/\",\"name\":\"decolights\",\"description\":\"Led Decorations for Home and Garden\",\"publisher\":{\"@id\":\"https:\\\/\\\/decolights.eu\\\/#organization\"},\"alternateName\":\"decolights.eu\",\"potentialAction\":[{\"@type\":\"SearchAction\",\"target\":{\"@type\":\"EntryPoint\",\"urlTemplate\":\"https:\\\/\\\/decolights.eu\\\/?s={search_term_string}\"},\"query-input\":{\"@type\":\"PropertyValueSpecification\",\"valueRequired\":true,\"valueName\":\"search_term_string\"}}],\"inLanguage\":\"ro-RO\"},{\"@type\":\"Organization\",\"@id\":\"https:\\\/\\\/decolights.eu\\\/#organization\",\"name\":\"decolights\",\"url\":\"https:\\\/\\\/decolights.eu\\\/\",\"logo\":{\"@type\":\"ImageObject\",\"inLanguage\":\"ro-RO\",\"@id\":\"https:\\\/\\\/decolights.eu\\\/#\\\/schema\\\/logo\\\/image\\\/\",\"url\":\"https:\\\/\\\/decolights.eu\\\/wp-content\\\/uploads\\\/2023\\\/07\\\/cropped-decolight-siteicon.png\",\"contentUrl\":\"https:\\\/\\\/decolights.eu\\\/wp-content\\\/uploads\\\/2023\\\/07\\\/cropped-decolight-siteicon.png\",\"width\":512,\"height\":512,\"caption\":\"decolights\"},\"image\":{\"@id\":\"https:\\\/\\\/decolights.eu\\\/#\\\/schema\\\/logo\\\/image\\\/\"}}]}<\/script>\n<!-- \/ Yoast SEO plugin. -->","yoast_head_json":{"title":"Despre noi - Decolights.eu","robots":{"index":"index","follow":"follow","max-snippet":"max-snippet:-1","max-image-preview":"max-image-preview:large","max-video-preview":"max-video-preview:-1"},"canonical":"https:\/\/decolights.eu\/ro\/about\/","og_locale":"ro_RO","og_type":"article","og_title":"About Us - Decolights.eu","og_url":"https:\/\/decolights.eu\/ro\/about\/","og_site_name":"Decolights.eu","article_modified_time":"2023-07-26T18:40:20+00:00","og_image":[{"width":1200,"height":675,"url":"https:\/\/decolights.eu\/wp-content\/uploads\/2023\/07\/DecoLights-yoast-logo.jpg","type":"image\/jpeg"}],"twitter_card":"summary_large_image","twitter_misc":{"Timp estimat pentru citire":"2 minute"},"schema":{"@context":"https:\/\/schema.org","@graph":[{"@type":"WebPage","@id":"https:\/\/decolights.eu\/about\/","url":"https:\/\/decolights.eu\/about\/","name":"Despre noi - Decolights.eu","isPartOf":{"@id":"https:\/\/decolights.eu\/#website"},"datePublished":"2016-08-31T12:38:04+00:00","dateModified":"2023-07-26T18:40:20+00:00","inLanguage":"ro-RO","potentialAction":[{"@type":"ReadAction","target":["https:\/\/decolights.eu\/about\/"]}]},{"@type":"WebSite","@id":"https:\/\/decolights.eu\/#website","url":"https:\/\/decolights.eu\/","name":"decolights","description":"Decoratiuni Led pentru Casa si Gradina","publisher":{"@id":"https:\/\/decolights.eu\/#organization"},"alternateName":"decolights.eu","potentialAction":[{"@type":"SearchAction","target":{"@type":"EntryPoint","urlTemplate":"https:\/\/decolights.eu\/?s={search_term_string}"},"query-input":{"@type":"PropertyValueSpecification","valueRequired":true,"valueName":"search_term_string"}}],"inLanguage":"ro-RO"},{"@type":"Organization","@id":"https:\/\/decolights.eu\/#organization","name":"decolights","url":"https:\/\/decolights.eu\/","logo":{"@type":"ImageObject","inLanguage":"ro-RO","@id":"https:\/\/decolights.eu\/#\/schema\/logo\/image\/","url":"https:\/\/decolights.eu\/wp-content\/uploads\/2023\/07\/cropped-decolight-siteicon.png","contentUrl":"https:\/\/decolights.eu\/wp-content\/uploads\/2023\/07\/cropped-decolight-siteicon.png","width":512,"height":512,"caption":"decolights"},"image":{"@id":"https:\/\/decolights.eu\/#\/schema\/logo\/image\/"}}]}},"jetpack_sharing_enabled":true,"_links":{"self":[{"href":"https:\/\/decolights.eu\/ro\/wp-json\/wp\/v2\/pages\/540","targetHints":{"allow":["GET"]}}],"collection":[{"href":"https:\/\/decolights.eu\/ro\/wp-json\/wp\/v2\/pages"}],"about":[{"href":"https:\/\/decolights.eu\/ro\/wp-json\/wp\/v2\/types\/page"}],"author":[{"embeddable":true,"href":"https:\/\/decolights.eu\/ro\/wp-json\/wp\/v2\/users\/1"}],"replies":[{"embeddable":true,"href":"https:\/\/decolights.eu\/ro\/wp-json\/wp\/v2\/comments?post=540"}],"version-history":[{"count":0,"href":"https:\/\/decolights.eu\/ro\/wp-json\/wp\/v2\/pages\/540\/revisions"}],"wp:attachment":[{"href":"https:\/\/decolights.eu\/ro\/wp-json\/wp\/v2\/media?parent=540"}],"curies":[{"name":"wp","href":"https:\/\/api.w.org\/{rel}","templated":true}]}}