{"id":44636,"date":"2023-07-29T15:01:06","date_gmt":"2023-07-29T15:01:06","guid":{"rendered":"https:\/\/decolights.eu\/?post_type=product&#038;p=44636"},"modified":"2023-08-11T15:20:21","modified_gmt":"2023-08-11T15:20:21","slug":"solar-latern-lumiz-round30-marrakesh-petrol","status":"publish","type":"product","link":"https:\/\/decolights.eu\/ro\/produs-2\/solar-latern-lumiz-round30-marrakesh-petrol\/","title":{"rendered":"Solar Latern Lumiz Round30 Marrakesh Petrol"},"content":{"rendered":"<p><strong>Dimensiune: \u00d8 30 cm x K 29 cm<\/strong><\/p>\n<p><strong>Culoare: albastru (benzin\u0103)<\/strong><\/p>\n<p><strong><img loading=\"lazy\" decoding=\"async\" src=\"https:\/\/lumiz.nl\/wp-content\/uploads\/2021\/04\/LUMIZ_PATRON_Marakesh-119x300.jpg\" alt=\"LUMIZ_PATRON_Marakesh\" width=\"76\" height=\"191\" \/>\u00a0<img loading=\"lazy\" decoding=\"async\" src=\"https:\/\/lumiz.nl\/wp-content\/uploads\/2022\/02\/petrol-2.png\" width=\"163\" height=\"163\" \/><\/strong><\/p>\n<p><strong>Crea\u021bi o atmosfer\u0103 magic\u0103 cu felinarele solare Lumiz.<\/strong><\/p>\n<p><strong>Modul perfect de a crea o atmosfer\u0103 magic\u0103 \u00een orice gr\u0103din\u0103, curte sau verand\u0103. Ele vin \u00eentr-o mare varietate de culori, forme \u0219i modele delicioase. Las\u0103-\u021bi creativitatea s\u0103 curg\u0103 \u2013 aceste felinare pot fi amestecate \u0219i asortate pentru a crea atmosfera perfect\u0103.<\/strong><\/p>\n<p>Lampioanele solare Lumizi pot fi folosite \u00een aer liber tot timpul anului. At\u00e2rn\u0103-le la soare, iar felinarele vor oferi lumin\u0103 magic\u0103 seara.<\/p>\n<p><strong>Lumiz este o lantern\u0103 LED durabil\u0103<\/strong> fabricat din Tyvek puternic, rezistent la intemperii \u0219i reciclabil 100%, un material patentat. Tyvek este un material de \u00eenalt\u0103 calitate, ceea ce \u00eenseamn\u0103 c\u0103 felinarele vor rezista.<\/p>\n<p><strong>Lanterna solar\u0103 este un felinar cu LED, care se \u00eencarc\u0103 pe tot parcursul zilei de baterii solare.<\/strong> Modulul bateriei solare din lantern\u0103 este realizat \u00eentr-o culoare care se potrive\u0219te cu Tyvek \u0219i ofer\u0103 o culoare cald\u0103 a luminii LED. Pentru a face felinarul s\u0103 str\u0103luceasc\u0103 la maxim, Lumiz a decis s\u0103-\u0219i dezvolte propriul modul solar. Modulul con\u021bine baterii re\u00eenc\u0103rcabile AAA, care sunt \u00eenc\u0103rcate optim \u00een lumina soarelui.<\/p>\n<p><strong>\u00cen condi\u021bii optime de soare, felinarul poate str\u0103luci timp de 6-8 ore. Intensitatea luminii poate scadea dupa 5-6 ore.<\/strong><\/p>\n<p><strong>V\u00e2rf de \u00eenc\u0103rcare<\/strong>: at\u00e2rn\u0103 felinarul unde soarele poate str\u0103luci direct pe panoul solar.<\/p>\n<p><strong>\u00eentre\u021binere<\/strong>: cur\u0103\u021ba\u021bi panoul solar cu o c\u00e2rp\u0103 moale umed\u0103. Absorb\u021bia de energie solar\u0103 va r\u0103m\u00e2ne apoi la capacitatea maxim\u0103. Materialul Tyvek poate fi \u0219ters cu o c\u00e2rp\u0103 moale umed\u0103 dac\u0103 este necesar.<\/p>\n<p>Dac\u0103 dori\u021bi s\u0103 \u00eempacheta\u021bi felinarul iarna, acestea sunt u\u0219or de pliat, astfel \u00eenc\u00e2t s\u0103 fie complet plate. V\u0103 recomand\u0103m s\u0103 scoate\u021bi bateriile din modulul solar. (L\u0103sarea bateriilor \u00een panoul solar pentru o perioad\u0103 lung\u0103 de timp poate cauza scurgeri \u0219i deteriorarea componentelor electronice).<\/p>","protected":false},"excerpt":{"rendered":"<p>Size: \u00d8\u00a0 30 cm x K 29 cm Colour: Blue (Petrol) \u00a0 Create a magical atmosphere with Lumiz solar lanterns. The perfect way to create a magical atmosphere in any garden, backyard or porch. They come in a wide variety of delicious colours, shapes and patterns. Let your creativity flow &#8211; these lanterns can be [&#8230;]\n","protected":false},"featured_media":44637,"comment_status":"open","ping_status":"closed","template":"","meta":[],"product_brand":[],"product_cat":[381],"product_tag":[],"class_list":{"0":"post-44636","1":"product","2":"type-product","3":"status-publish","4":"has-post-thumbnail","6":"product_cat-lumiz","8":"first","9":"instock","10":"sale","11":"shipping-taxable","12":"purchasable","13":"product-type-simple"},"yoast_head":"<!-- This site is optimized with the Yoast SEO plugin v27.3 - https:\/\/yoast.com\/product\/yoast-seo-wordpress\/ -->\n<title>Solar Latern Lumiz Round30 Marrakesh Petrol - Decolights.eu<\/title>\n<meta name=\"description\" content=\"Buy Solar Latern Lumiz Round30 Marrakesh Petrol for . Browse our range of . Buy for the best price today and enjoy cozy atmosphere.\" \/>\n<meta name=\"robots\" content=\"index, follow, max-snippet:-1, max-image-preview:large, max-video-preview:-1\" \/>\n<link rel=\"canonical\" href=\"https:\/\/decolights.eu\/ro\/produs-2\/solar-latern-lumiz-round30-marrakesh-petrol\/\" \/>\n<meta property=\"og:locale\" content=\"ro_RO\" \/>\n<meta property=\"og:type\" content=\"article\" \/>\n<meta property=\"og:title\" content=\"Solar Latern Lumiz Round30 Marrakesh Petrol - Decolights.eu\" \/>\n<meta property=\"og:description\" content=\"Buy Solar Latern Lumiz Round30 Marrakesh Petrol for . Browse our range of . Buy for the best price today and enjoy cozy atmosphere.\" \/>\n<meta property=\"og:url\" content=\"https:\/\/decolights.eu\/ro\/produs-2\/solar-latern-lumiz-round30-marrakesh-petrol\/\" \/>\n<meta property=\"og:site_name\" content=\"Decolights.eu\" \/>\n<meta property=\"article:modified_time\" content=\"2023-08-11T15:20:21+00:00\" \/>\n<meta property=\"og:image\" content=\"https:\/\/decolights.eu\/wp-content\/uploads\/2023\/08\/23.-Round-30-Marrakesh-Petrol.jpg\" \/>\n\t<meta property=\"og:image:width\" content=\"1173\" \/>\n\t<meta property=\"og:image:height\" content=\"1638\" \/>\n\t<meta property=\"og:image:type\" content=\"image\/jpeg\" \/>\n<meta name=\"twitter:card\" content=\"summary_large_image\" \/>\n<meta name=\"twitter:label1\" content=\"Timp estimat pentru citire\" \/>\n\t<meta name=\"twitter:data1\" content=\"2 minute\" \/>\n<script type=\"application\/ld+json\" class=\"yoast-schema-graph\">{\"@context\":\"https:\\\/\\\/schema.org\",\"@graph\":[{\"@type\":\"WebPage\",\"@id\":\"https:\\\/\\\/decolights.eu\\\/product\\\/solar-latern-lumiz-round30-marrakesh-petrol\\\/\",\"url\":\"https:\\\/\\\/decolights.eu\\\/product\\\/solar-latern-lumiz-round30-marrakesh-petrol\\\/\",\"name\":\"Solar Latern Lumiz Round30 Marrakesh Petrol - Decolights.eu\",\"isPartOf\":{\"@id\":\"https:\\\/\\\/decolights.eu\\\/#website\"},\"primaryImageOfPage\":{\"@id\":\"https:\\\/\\\/decolights.eu\\\/product\\\/solar-latern-lumiz-round30-marrakesh-petrol\\\/#primaryimage\"},\"image\":{\"@id\":\"https:\\\/\\\/decolights.eu\\\/product\\\/solar-latern-lumiz-round30-marrakesh-petrol\\\/#primaryimage\"},\"thumbnailUrl\":\"https:\\\/\\\/decolights.eu\\\/wp-content\\\/uploads\\\/2023\\\/08\\\/23.-Round-30-Marrakesh-Petrol.jpg\",\"datePublished\":\"2023-07-29T15:01:06+00:00\",\"dateModified\":\"2023-08-11T15:20:21+00:00\",\"description\":\"Buy Solar Latern Lumiz Round30 Marrakesh Petrol for . Browse our range of . Buy for the best price today and enjoy cozy atmosphere.\",\"breadcrumb\":{\"@id\":\"https:\\\/\\\/decolights.eu\\\/product\\\/solar-latern-lumiz-round30-marrakesh-petrol\\\/#breadcrumb\"},\"inLanguage\":\"ro-RO\",\"potentialAction\":[{\"@type\":\"ReadAction\",\"target\":[\"https:\\\/\\\/decolights.eu\\\/product\\\/solar-latern-lumiz-round30-marrakesh-petrol\\\/\"]}]},{\"@type\":\"ImageObject\",\"inLanguage\":\"ro-RO\",\"@id\":\"https:\\\/\\\/decolights.eu\\\/product\\\/solar-latern-lumiz-round30-marrakesh-petrol\\\/#primaryimage\",\"url\":\"https:\\\/\\\/decolights.eu\\\/wp-content\\\/uploads\\\/2023\\\/08\\\/23.-Round-30-Marrakesh-Petrol.jpg\",\"contentUrl\":\"https:\\\/\\\/decolights.eu\\\/wp-content\\\/uploads\\\/2023\\\/08\\\/23.-Round-30-Marrakesh-Petrol.jpg\",\"width\":1173,\"height\":1638},{\"@type\":\"BreadcrumbList\",\"@id\":\"https:\\\/\\\/decolights.eu\\\/product\\\/solar-latern-lumiz-round30-marrakesh-petrol\\\/#breadcrumb\",\"itemListElement\":[{\"@type\":\"ListItem\",\"position\":1,\"name\":\"Shop\",\"item\":\"https:\\\/\\\/decolights.eu\\\/shop\\\/\"},{\"@type\":\"ListItem\",\"position\":2,\"name\":\"Solar Latern Lumiz Round30 Marrakesh Petrol\"}]},{\"@type\":\"WebSite\",\"@id\":\"https:\\\/\\\/decolights.eu\\\/#website\",\"url\":\"https:\\\/\\\/decolights.eu\\\/\",\"name\":\"decolights\",\"description\":\"Led Decorations for Home and Garden\",\"publisher\":{\"@id\":\"https:\\\/\\\/decolights.eu\\\/#organization\"},\"alternateName\":\"decolights.eu\",\"potentialAction\":[{\"@type\":\"SearchAction\",\"target\":{\"@type\":\"EntryPoint\",\"urlTemplate\":\"https:\\\/\\\/decolights.eu\\\/?s={search_term_string}\"},\"query-input\":{\"@type\":\"PropertyValueSpecification\",\"valueRequired\":true,\"valueName\":\"search_term_string\"}}],\"inLanguage\":\"ro-RO\"},{\"@type\":\"Organization\",\"@id\":\"https:\\\/\\\/decolights.eu\\\/#organization\",\"name\":\"decolights\",\"url\":\"https:\\\/\\\/decolights.eu\\\/\",\"logo\":{\"@type\":\"ImageObject\",\"inLanguage\":\"ro-RO\",\"@id\":\"https:\\\/\\\/decolights.eu\\\/#\\\/schema\\\/logo\\\/image\\\/\",\"url\":\"https:\\\/\\\/decolights.eu\\\/wp-content\\\/uploads\\\/2023\\\/07\\\/cropped-decolight-siteicon.png\",\"contentUrl\":\"https:\\\/\\\/decolights.eu\\\/wp-content\\\/uploads\\\/2023\\\/07\\\/cropped-decolight-siteicon.png\",\"width\":512,\"height\":512,\"caption\":\"decolights\"},\"image\":{\"@id\":\"https:\\\/\\\/decolights.eu\\\/#\\\/schema\\\/logo\\\/image\\\/\"}}]}<\/script>\n<!-- \/ Yoast SEO plugin. -->","yoast_head_json":{"title":"Solar Latern Lumiz Round30 Marrakesh Petrol - Decolights.eu","description":"Cump\u0103ra\u021bi Solar Latern Lumiz Round30 Marrakesh Petrol pentru . R\u0103sfoi\u021bi gama noastr\u0103 de . Cump\u0103ra\u021bi la cel mai bun pre\u021b ast\u0103zi \u0219i bucura\u021bi-v\u0103 de atmosfera confortabil\u0103.","robots":{"index":"index","follow":"follow","max-snippet":"max-snippet:-1","max-image-preview":"max-image-preview:large","max-video-preview":"max-video-preview:-1"},"canonical":"https:\/\/decolights.eu\/ro\/produs-2\/solar-latern-lumiz-round30-marrakesh-petrol\/","og_locale":"ro_RO","og_type":"article","og_title":"Solar Latern Lumiz Round30 Marrakesh Petrol - Decolights.eu","og_description":"Buy Solar Latern Lumiz Round30 Marrakesh Petrol for . Browse our range of . Buy for the best price today and enjoy cozy atmosphere.","og_url":"https:\/\/decolights.eu\/ro\/produs-2\/solar-latern-lumiz-round30-marrakesh-petrol\/","og_site_name":"Decolights.eu","article_modified_time":"2023-08-11T15:20:21+00:00","og_image":[{"width":1173,"height":1638,"url":"https:\/\/decolights.eu\/wp-content\/uploads\/2023\/08\/23.-Round-30-Marrakesh-Petrol.jpg","type":"image\/jpeg"}],"twitter_card":"summary_large_image","twitter_misc":{"Timp estimat pentru citire":"2 minute"},"schema":{"@context":"https:\/\/schema.org","@graph":[{"@type":"WebPage","@id":"https:\/\/decolights.eu\/product\/solar-latern-lumiz-round30-marrakesh-petrol\/","url":"https:\/\/decolights.eu\/product\/solar-latern-lumiz-round30-marrakesh-petrol\/","name":"Solar Latern Lumiz Round30 Marrakesh Petrol - Decolights.eu","isPartOf":{"@id":"https:\/\/decolights.eu\/#website"},"primaryImageOfPage":{"@id":"https:\/\/decolights.eu\/product\/solar-latern-lumiz-round30-marrakesh-petrol\/#primaryimage"},"image":{"@id":"https:\/\/decolights.eu\/product\/solar-latern-lumiz-round30-marrakesh-petrol\/#primaryimage"},"thumbnailUrl":"https:\/\/decolights.eu\/wp-content\/uploads\/2023\/08\/23.-Round-30-Marrakesh-Petrol.jpg","datePublished":"2023-07-29T15:01:06+00:00","dateModified":"2023-08-11T15:20:21+00:00","description":"Cump\u0103ra\u021bi Solar Latern Lumiz Round30 Marrakesh Petrol pentru . R\u0103sfoi\u021bi gama noastr\u0103 de . Cump\u0103ra\u021bi la cel mai bun pre\u021b ast\u0103zi \u0219i bucura\u021bi-v\u0103 de atmosfera confortabil\u0103.","breadcrumb":{"@id":"https:\/\/decolights.eu\/product\/solar-latern-lumiz-round30-marrakesh-petrol\/#breadcrumb"},"inLanguage":"ro-RO","potentialAction":[{"@type":"ReadAction","target":["https:\/\/decolights.eu\/product\/solar-latern-lumiz-round30-marrakesh-petrol\/"]}]},{"@type":"ImageObject","inLanguage":"ro-RO","@id":"https:\/\/decolights.eu\/product\/solar-latern-lumiz-round30-marrakesh-petrol\/#primaryimage","url":"https:\/\/decolights.eu\/wp-content\/uploads\/2023\/08\/23.-Round-30-Marrakesh-Petrol.jpg","contentUrl":"https:\/\/decolights.eu\/wp-content\/uploads\/2023\/08\/23.-Round-30-Marrakesh-Petrol.jpg","width":1173,"height":1638},{"@type":"BreadcrumbList","@id":"https:\/\/decolights.eu\/product\/solar-latern-lumiz-round30-marrakesh-petrol\/#breadcrumb","itemListElement":[{"@type":"ListItem","position":1,"name":"Shop","item":"https:\/\/decolights.eu\/shop\/"},{"@type":"ListItem","position":2,"name":"Solar Latern Lumiz Round30 Marrakesh Petrol"}]},{"@type":"WebSite","@id":"https:\/\/decolights.eu\/#website","url":"https:\/\/decolights.eu\/","name":"decolights","description":"Decoratiuni Led pentru Casa si Gradina","publisher":{"@id":"https:\/\/decolights.eu\/#organization"},"alternateName":"decolights.eu","potentialAction":[{"@type":"SearchAction","target":{"@type":"EntryPoint","urlTemplate":"https:\/\/decolights.eu\/?s={search_term_string}"},"query-input":{"@type":"PropertyValueSpecification","valueRequired":true,"valueName":"search_term_string"}}],"inLanguage":"ro-RO"},{"@type":"Organization","@id":"https:\/\/decolights.eu\/#organization","name":"decolights","url":"https:\/\/decolights.eu\/","logo":{"@type":"ImageObject","inLanguage":"ro-RO","@id":"https:\/\/decolights.eu\/#\/schema\/logo\/image\/","url":"https:\/\/decolights.eu\/wp-content\/uploads\/2023\/07\/cropped-decolight-siteicon.png","contentUrl":"https:\/\/decolights.eu\/wp-content\/uploads\/2023\/07\/cropped-decolight-siteicon.png","width":512,"height":512,"caption":"decolights"},"image":{"@id":"https:\/\/decolights.eu\/#\/schema\/logo\/image\/"}}]}},"jetpack_sharing_enabled":true,"_links":{"self":[{"href":"https:\/\/decolights.eu\/ro\/wp-json\/wp\/v2\/product\/44636","targetHints":{"allow":["GET"]}}],"collection":[{"href":"https:\/\/decolights.eu\/ro\/wp-json\/wp\/v2\/product"}],"about":[{"href":"https:\/\/decolights.eu\/ro\/wp-json\/wp\/v2\/types\/product"}],"replies":[{"embeddable":true,"href":"https:\/\/decolights.eu\/ro\/wp-json\/wp\/v2\/comments?post=44636"}],"wp:featuredmedia":[{"embeddable":true,"href":"https:\/\/decolights.eu\/ro\/wp-json\/wp\/v2\/media\/44637"}],"wp:attachment":[{"href":"https:\/\/decolights.eu\/ro\/wp-json\/wp\/v2\/media?parent=44636"}],"wp:term":[{"taxonomy":"product_brand","embeddable":true,"href":"https:\/\/decolights.eu\/ro\/wp-json\/wp\/v2\/product_brand?post=44636"},{"taxonomy":"product_cat","embeddable":true,"href":"https:\/\/decolights.eu\/ro\/wp-json\/wp\/v2\/product_cat?post=44636"},{"taxonomy":"product_tag","embeddable":true,"href":"https:\/\/decolights.eu\/ro\/wp-json\/wp\/v2\/product_tag?post=44636"}],"curies":[{"name":"wp","href":"https:\/\/api.w.org\/{rel}","templated":true}]}}