{"id":44659,"date":"2023-07-29T15:34:21","date_gmt":"2023-07-29T15:34:21","guid":{"rendered":"https:\/\/decolights.eu\/?post_type=product&#038;p=44659"},"modified":"2023-08-11T15:30:22","modified_gmt":"2023-08-11T15:30:22","slug":"solar-latern-lumiz-round40-tigres-yellow","status":"publish","type":"product","link":"https:\/\/decolights.eu\/ro\/produs-2\/solar-latern-lumiz-round40-tigres-yellow\/","title":{"rendered":"Latern solar Lumiz Round40 Tigres Galben"},"content":{"rendered":"<p><strong>Dimensiuni:<\/strong> <strong>\u00d8 40 cm x H 38 cm<\/strong><\/p>\n<p><strong>Culoare:<\/strong> <strong>Galben<\/strong><\/p>\n<p><strong>Crea\u021bi o atmosfer\u0103 magic\u0103 cu ajutorul felinarelor solare Lumiz.<\/strong><\/p>\n<p><strong>Modul perfect de a crea o atmosfer\u0103 magic\u0103 \u00een orice gr\u0103din\u0103, curte sau verand\u0103. Ele vin \u00een diferite culori, modele \u0219i modele \u00eenc\u00e2nt\u0103toare. Dezl\u0103n\u021bui\u021bi-v\u0103 creativitatea - aceste felinare pot fi combinate \u00eentre ele pentru a crea atmosfera perfect\u0103.<\/strong><\/p>\n<p>Lampioanele solare Lumiz pot fi folosite \u00een aer liber pe tot parcursul anului. At\u00e2rn\u0103-le \u00een lumina soarelui, iar spre sear\u0103, felinarele ofer\u0103 o iluminare magic\u0103.<\/p>\n<p><strong>Lumiz este o lantern\u0103 LED durabil\u0103.<\/strong> Lampioanele sunt fabricate din material Tyvek patentat, durabil, rezistent la intemperii \u0219i reciclabil 100%. Tyvek este un material de \u00eenalt\u0103 calitate, ceea ce \u00eenseamn\u0103 c\u0103 felinarele sunt de lung\u0103 durat\u0103.<\/p>\n<p><strong>Lanterna solar\u0103 este un felinar cu LED care se \u00eencarc\u0103 pe tot parcursul zilei cu ajutorul bateriilor solare.<\/strong> Modulul bateriei solare din interiorul felinarului este proiectat pentru a se potrivi cu culoarea Tyvek \u0219i emite o culoare cald\u0103 de lumin\u0103 LED. Pentru a se asigura c\u0103 felinarul str\u0103luce\u0219te la maxim, Lumiz a decis s\u0103-\u0219i dezvolte propriul modul solar. Modulul include baterii re\u00eenc\u0103rcabile AAA care sunt \u00eenc\u0103rcate optim \u00een lumina soarelui.<\/p>\n<p>\u00cen condi\u021bii optime de soare, felinarul poate str\u0103luci timp de 6-8 ore. Intensitatea luminii poate sc\u0103dea dup\u0103 5-6 ore.<\/p>\n<p><strong>Sfat de \u00eenc\u0103rcare:<\/strong> Ag\u0103\u021ba\u021bi felinarul \u00eentr-un loc \u00een care soarele poate str\u0103luci direct pe panoul solar.<\/p>\n<p><strong>\u00centre\u0163inere:<\/strong> Cur\u0103\u021ba\u021bi panoul solar cu o c\u00e2rp\u0103 moale umed\u0103. Acest lucru asigur\u0103 absorb\u021bia maxim\u0103 a energiei solare. Materialul Tyvek poate fi \u0219ters cu o c\u00e2rp\u0103 moale umed\u0103 dac\u0103 este necesar.<\/p>\n<p>Dac\u0103 dori\u021bi s\u0103 depozita\u021bi felinarul \u00een timpul iernii, este u\u0219or s\u0103 le plia\u021bi plat. V\u0103 recomand\u0103m s\u0103 scoate\u021bi bateriile din modulul solar. (Dac\u0103 l\u0103sa\u021bi bateriile \u00een panoul solar pentru o perioad\u0103 lung\u0103 de timp, acestea pot curge \u0219i pot deteriora componentele electronice.)<\/p>","protected":false},"excerpt":{"rendered":"<p>Dimensions: \u00d8 40 cm x H 38 cm Color: Yellow Create a magical atmosphere with the help of Lumiz solar lanterns. The perfect way to create a magical atmosphere in any garden, backyard, or veranda. They come in various delightful colours, designs, and patterns. Unleash your creativity \u2013 these lanterns can be combined with one [&#8230;]\n","protected":false},"featured_media":44660,"comment_status":"open","ping_status":"closed","template":"","meta":[],"product_brand":[],"product_cat":[381,171],"product_tag":[],"class_list":{"0":"post-44659","1":"product","2":"type-product","3":"status-publish","4":"has-post-thumbnail","6":"product_cat-lumiz","7":"product_cat-solar-lights","9":"first","10":"instock","11":"sale","12":"shipping-taxable","13":"purchasable","14":"product-type-simple"},"yoast_head":"<!-- This site is optimized with the Yoast SEO plugin v27.3 - https:\/\/yoast.com\/product\/yoast-seo-wordpress\/ -->\n<title>Solar Latern Lumiz Round40 Tigres Yellow - Decolights.eu<\/title>\n<meta name=\"description\" content=\"Buy Solar Latern Lumiz Round40 Tigres Yellow for . Browse our range of . Buy for the best price today and enjoy cozy atmosphere.\" \/>\n<meta name=\"robots\" content=\"index, follow, max-snippet:-1, max-image-preview:large, max-video-preview:-1\" \/>\n<link rel=\"canonical\" href=\"https:\/\/decolights.eu\/ro\/produs-2\/solar-latern-lumiz-round40-tigres-yellow\/\" \/>\n<meta property=\"og:locale\" content=\"ro_RO\" \/>\n<meta property=\"og:type\" content=\"article\" \/>\n<meta property=\"og:title\" content=\"Solar Latern Lumiz Round40 Tigres Yellow - Decolights.eu\" \/>\n<meta property=\"og:description\" content=\"Buy Solar Latern Lumiz Round40 Tigres Yellow for . Browse our range of . Buy for the best price today and enjoy cozy atmosphere.\" \/>\n<meta property=\"og:url\" content=\"https:\/\/decolights.eu\/ro\/produs-2\/solar-latern-lumiz-round40-tigres-yellow\/\" \/>\n<meta property=\"og:site_name\" content=\"Decolights.eu\" \/>\n<meta property=\"article:modified_time\" content=\"2023-08-11T15:30:22+00:00\" \/>\n<meta property=\"og:image\" content=\"https:\/\/decolights.eu\/wp-content\/uploads\/2023\/08\/Round-40-Tigres-Yellow.jpg\" \/>\n\t<meta property=\"og:image:width\" content=\"1700\" \/>\n\t<meta property=\"og:image:height\" content=\"1700\" \/>\n\t<meta property=\"og:image:type\" content=\"image\/jpeg\" \/>\n<meta name=\"twitter:card\" content=\"summary_large_image\" \/>\n<meta name=\"twitter:label1\" content=\"Timp estimat pentru citire\" \/>\n\t<meta name=\"twitter:data1\" content=\"2 minute\" \/>\n<script type=\"application\/ld+json\" class=\"yoast-schema-graph\">{\"@context\":\"https:\\\/\\\/schema.org\",\"@graph\":[{\"@type\":\"WebPage\",\"@id\":\"https:\\\/\\\/decolights.eu\\\/product\\\/solar-latern-lumiz-round40-tigres-yellow\\\/\",\"url\":\"https:\\\/\\\/decolights.eu\\\/product\\\/solar-latern-lumiz-round40-tigres-yellow\\\/\",\"name\":\"Solar Latern Lumiz Round40 Tigres Yellow - Decolights.eu\",\"isPartOf\":{\"@id\":\"https:\\\/\\\/decolights.eu\\\/#website\"},\"primaryImageOfPage\":{\"@id\":\"https:\\\/\\\/decolights.eu\\\/product\\\/solar-latern-lumiz-round40-tigres-yellow\\\/#primaryimage\"},\"image\":{\"@id\":\"https:\\\/\\\/decolights.eu\\\/product\\\/solar-latern-lumiz-round40-tigres-yellow\\\/#primaryimage\"},\"thumbnailUrl\":\"https:\\\/\\\/decolights.eu\\\/wp-content\\\/uploads\\\/2023\\\/08\\\/Round-40-Tigres-Yellow.jpg\",\"datePublished\":\"2023-07-29T15:34:21+00:00\",\"dateModified\":\"2023-08-11T15:30:22+00:00\",\"description\":\"Buy Solar Latern Lumiz Round40 Tigres Yellow for . Browse our range of . Buy for the best price today and enjoy cozy atmosphere.\",\"breadcrumb\":{\"@id\":\"https:\\\/\\\/decolights.eu\\\/product\\\/solar-latern-lumiz-round40-tigres-yellow\\\/#breadcrumb\"},\"inLanguage\":\"ro-RO\",\"potentialAction\":[{\"@type\":\"ReadAction\",\"target\":[\"https:\\\/\\\/decolights.eu\\\/product\\\/solar-latern-lumiz-round40-tigres-yellow\\\/\"]}]},{\"@type\":\"ImageObject\",\"inLanguage\":\"ro-RO\",\"@id\":\"https:\\\/\\\/decolights.eu\\\/product\\\/solar-latern-lumiz-round40-tigres-yellow\\\/#primaryimage\",\"url\":\"https:\\\/\\\/decolights.eu\\\/wp-content\\\/uploads\\\/2023\\\/08\\\/Round-40-Tigres-Yellow.jpg\",\"contentUrl\":\"https:\\\/\\\/decolights.eu\\\/wp-content\\\/uploads\\\/2023\\\/08\\\/Round-40-Tigres-Yellow.jpg\",\"width\":1700,\"height\":1700},{\"@type\":\"BreadcrumbList\",\"@id\":\"https:\\\/\\\/decolights.eu\\\/product\\\/solar-latern-lumiz-round40-tigres-yellow\\\/#breadcrumb\",\"itemListElement\":[{\"@type\":\"ListItem\",\"position\":1,\"name\":\"Shop\",\"item\":\"https:\\\/\\\/decolights.eu\\\/shop\\\/\"},{\"@type\":\"ListItem\",\"position\":2,\"name\":\"Solar Latern Lumiz Round40 Tigres Yellow\"}]},{\"@type\":\"WebSite\",\"@id\":\"https:\\\/\\\/decolights.eu\\\/#website\",\"url\":\"https:\\\/\\\/decolights.eu\\\/\",\"name\":\"decolights\",\"description\":\"Led Decorations for Home and Garden\",\"publisher\":{\"@id\":\"https:\\\/\\\/decolights.eu\\\/#organization\"},\"alternateName\":\"decolights.eu\",\"potentialAction\":[{\"@type\":\"SearchAction\",\"target\":{\"@type\":\"EntryPoint\",\"urlTemplate\":\"https:\\\/\\\/decolights.eu\\\/?s={search_term_string}\"},\"query-input\":{\"@type\":\"PropertyValueSpecification\",\"valueRequired\":true,\"valueName\":\"search_term_string\"}}],\"inLanguage\":\"ro-RO\"},{\"@type\":\"Organization\",\"@id\":\"https:\\\/\\\/decolights.eu\\\/#organization\",\"name\":\"decolights\",\"url\":\"https:\\\/\\\/decolights.eu\\\/\",\"logo\":{\"@type\":\"ImageObject\",\"inLanguage\":\"ro-RO\",\"@id\":\"https:\\\/\\\/decolights.eu\\\/#\\\/schema\\\/logo\\\/image\\\/\",\"url\":\"https:\\\/\\\/decolights.eu\\\/wp-content\\\/uploads\\\/2023\\\/07\\\/cropped-decolight-siteicon.png\",\"contentUrl\":\"https:\\\/\\\/decolights.eu\\\/wp-content\\\/uploads\\\/2023\\\/07\\\/cropped-decolight-siteicon.png\",\"width\":512,\"height\":512,\"caption\":\"decolights\"},\"image\":{\"@id\":\"https:\\\/\\\/decolights.eu\\\/#\\\/schema\\\/logo\\\/image\\\/\"}}]}<\/script>\n<!-- \/ Yoast SEO plugin. -->","yoast_head_json":{"title":"Latern solar Lumiz Round40 Tigres Yellow - Decolights.eu","description":"Cump\u0103ra\u021bi Solar Latern Lumiz Round40 Tigres Yellow pentru . R\u0103sfoi\u021bi gama noastr\u0103 de . Cump\u0103ra\u021bi la cel mai bun pre\u021b ast\u0103zi \u0219i bucura\u021bi-v\u0103 de atmosfera confortabil\u0103.","robots":{"index":"index","follow":"follow","max-snippet":"max-snippet:-1","max-image-preview":"max-image-preview:large","max-video-preview":"max-video-preview:-1"},"canonical":"https:\/\/decolights.eu\/ro\/produs-2\/solar-latern-lumiz-round40-tigres-yellow\/","og_locale":"ro_RO","og_type":"article","og_title":"Solar Latern Lumiz Round40 Tigres Yellow - Decolights.eu","og_description":"Buy Solar Latern Lumiz Round40 Tigres Yellow for . Browse our range of . Buy for the best price today and enjoy cozy atmosphere.","og_url":"https:\/\/decolights.eu\/ro\/produs-2\/solar-latern-lumiz-round40-tigres-yellow\/","og_site_name":"Decolights.eu","article_modified_time":"2023-08-11T15:30:22+00:00","og_image":[{"width":1700,"height":1700,"url":"https:\/\/decolights.eu\/wp-content\/uploads\/2023\/08\/Round-40-Tigres-Yellow.jpg","type":"image\/jpeg"}],"twitter_card":"summary_large_image","twitter_misc":{"Timp estimat pentru citire":"2 minute"},"schema":{"@context":"https:\/\/schema.org","@graph":[{"@type":"WebPage","@id":"https:\/\/decolights.eu\/product\/solar-latern-lumiz-round40-tigres-yellow\/","url":"https:\/\/decolights.eu\/product\/solar-latern-lumiz-round40-tigres-yellow\/","name":"Latern solar Lumiz Round40 Tigres Yellow - Decolights.eu","isPartOf":{"@id":"https:\/\/decolights.eu\/#website"},"primaryImageOfPage":{"@id":"https:\/\/decolights.eu\/product\/solar-latern-lumiz-round40-tigres-yellow\/#primaryimage"},"image":{"@id":"https:\/\/decolights.eu\/product\/solar-latern-lumiz-round40-tigres-yellow\/#primaryimage"},"thumbnailUrl":"https:\/\/decolights.eu\/wp-content\/uploads\/2023\/08\/Round-40-Tigres-Yellow.jpg","datePublished":"2023-07-29T15:34:21+00:00","dateModified":"2023-08-11T15:30:22+00:00","description":"Cump\u0103ra\u021bi Solar Latern Lumiz Round40 Tigres Yellow pentru . R\u0103sfoi\u021bi gama noastr\u0103 de . Cump\u0103ra\u021bi la cel mai bun pre\u021b ast\u0103zi \u0219i bucura\u021bi-v\u0103 de atmosfera confortabil\u0103.","breadcrumb":{"@id":"https:\/\/decolights.eu\/product\/solar-latern-lumiz-round40-tigres-yellow\/#breadcrumb"},"inLanguage":"ro-RO","potentialAction":[{"@type":"ReadAction","target":["https:\/\/decolights.eu\/product\/solar-latern-lumiz-round40-tigres-yellow\/"]}]},{"@type":"ImageObject","inLanguage":"ro-RO","@id":"https:\/\/decolights.eu\/product\/solar-latern-lumiz-round40-tigres-yellow\/#primaryimage","url":"https:\/\/decolights.eu\/wp-content\/uploads\/2023\/08\/Round-40-Tigres-Yellow.jpg","contentUrl":"https:\/\/decolights.eu\/wp-content\/uploads\/2023\/08\/Round-40-Tigres-Yellow.jpg","width":1700,"height":1700},{"@type":"BreadcrumbList","@id":"https:\/\/decolights.eu\/product\/solar-latern-lumiz-round40-tigres-yellow\/#breadcrumb","itemListElement":[{"@type":"ListItem","position":1,"name":"Shop","item":"https:\/\/decolights.eu\/shop\/"},{"@type":"ListItem","position":2,"name":"Solar Latern Lumiz Round40 Tigres Yellow"}]},{"@type":"WebSite","@id":"https:\/\/decolights.eu\/#website","url":"https:\/\/decolights.eu\/","name":"decolights","description":"Decoratiuni Led pentru Casa si Gradina","publisher":{"@id":"https:\/\/decolights.eu\/#organization"},"alternateName":"decolights.eu","potentialAction":[{"@type":"SearchAction","target":{"@type":"EntryPoint","urlTemplate":"https:\/\/decolights.eu\/?s={search_term_string}"},"query-input":{"@type":"PropertyValueSpecification","valueRequired":true,"valueName":"search_term_string"}}],"inLanguage":"ro-RO"},{"@type":"Organization","@id":"https:\/\/decolights.eu\/#organization","name":"decolights","url":"https:\/\/decolights.eu\/","logo":{"@type":"ImageObject","inLanguage":"ro-RO","@id":"https:\/\/decolights.eu\/#\/schema\/logo\/image\/","url":"https:\/\/decolights.eu\/wp-content\/uploads\/2023\/07\/cropped-decolight-siteicon.png","contentUrl":"https:\/\/decolights.eu\/wp-content\/uploads\/2023\/07\/cropped-decolight-siteicon.png","width":512,"height":512,"caption":"decolights"},"image":{"@id":"https:\/\/decolights.eu\/#\/schema\/logo\/image\/"}}]}},"jetpack_sharing_enabled":true,"_links":{"self":[{"href":"https:\/\/decolights.eu\/ro\/wp-json\/wp\/v2\/product\/44659","targetHints":{"allow":["GET"]}}],"collection":[{"href":"https:\/\/decolights.eu\/ro\/wp-json\/wp\/v2\/product"}],"about":[{"href":"https:\/\/decolights.eu\/ro\/wp-json\/wp\/v2\/types\/product"}],"replies":[{"embeddable":true,"href":"https:\/\/decolights.eu\/ro\/wp-json\/wp\/v2\/comments?post=44659"}],"wp:featuredmedia":[{"embeddable":true,"href":"https:\/\/decolights.eu\/ro\/wp-json\/wp\/v2\/media\/44660"}],"wp:attachment":[{"href":"https:\/\/decolights.eu\/ro\/wp-json\/wp\/v2\/media?parent=44659"}],"wp:term":[{"taxonomy":"product_brand","embeddable":true,"href":"https:\/\/decolights.eu\/ro\/wp-json\/wp\/v2\/product_brand?post=44659"},{"taxonomy":"product_cat","embeddable":true,"href":"https:\/\/decolights.eu\/ro\/wp-json\/wp\/v2\/product_cat?post=44659"},{"taxonomy":"product_tag","embeddable":true,"href":"https:\/\/decolights.eu\/ro\/wp-json\/wp\/v2\/product_tag?post=44659"}],"curies":[{"name":"wp","href":"https:\/\/api.w.org\/{rel}","templated":true}]}}