{"id":4613,"date":"2023-04-01T04:21:46","date_gmt":"2023-04-01T04:21:46","guid":{"rendered":"https:\/\/decolights.eu\/?post_type=product&#038;p=4613"},"modified":"2023-04-29T08:31:59","modified_gmt":"2023-04-29T08:31:59","slug":"mosquito-lamp","status":"publish","type":"product","link":"https:\/\/decolights.eu\/ro\/produs-2\/mosquito-lamp\/","title":{"rendered":"Lamp\u0103 pentru \u021b\u00e2n\u021bari"},"content":{"rendered":"<p>Plafoniera multifunctionala originala anti-tantari. Este foarte eficient in indepartarea insectelor suparatoare, fara mirosuri sau produse chimice care dauneaza mediului inconjurator. Pe l\u00e2ng\u0103 \u021b\u00e2n\u021bari, lumina sa atractiv\u0103 \u0219i plasa electrificat\u0103 prinde \u0219i distrug \u0219i alte insecte zbur\u0103toare. Aceast\u0103 lamp\u0103 versatil\u0103 poate fi instalat\u0103 \u00een dou\u0103 moduri diferite, \u00een func\u021bie de preferin\u021bele dumneavoastr\u0103: tip tavan sau ca soclu cu filet pentru lamp\u0103 suspendat\u0103 (baz\u0103 E27). Include dou\u0103 tipuri de suporturi, accesorii de montare (cablu, \u0219uruburi, dopuri) \u0219i o perie de cur\u0103\u021bare. \u00cen principal pentru uz exterior (gr\u0103din\u0103, teras\u0103, teras\u0103 etc.), dar poate fi folosit \u0219i \u00een interior (garaj, depozit, subsol etc.).<\/p>\n<ul>\n<li><strong>Material:<\/strong> ABS, PC, metal<\/li>\n<li><strong>Culoare:\u00a0<\/strong>alb<\/li>\n<li><strong>Culoarea LED-ului:\u00a0<\/strong>alb cald<\/li>\n<li><strong>M\u0103rimea: <\/strong>26 x 6 cm<\/li>\n<li><strong>lumina UV:<\/strong>\n<ul>\n<li>Alb: 365 nm<\/li>\n<li>Violet: 395 nm<\/li>\n<\/ul>\n<\/li>\n<li><strong>Bec:\u00a0<\/strong>E27<\/li>\n<li>Potrivit pentru interior \u0219i exterior<\/li>\n<li>Inovator, silen\u021bios \u0219i multifunc\u021bional<\/li>\n<li>Poate fi folosit \u00een diferite pozi\u021bii<\/li>\n<li>Fara miros si produse chimice<\/li>\n<li>3 regimuri de iluminare<\/li>\n<li>U\u0219or de instalat \u0219i \u00eentre\u021binut<\/li>\n<li>Design original \u0219i versatil<\/li>\n<li>25W \/ 3000K \/ 800lm<\/li>\n<li>AC \u00een 110-240 V \/ 50-60 Hz<\/li>\n<\/ul>\n<p><iframe loading=\"lazy\" title=\"Plafoniera anti-\u021b\u00e2n\u021bari InnovaGoods\" width=\"1020\" height=\"574\" src=\"https:\/\/www.youtube.com\/embed\/Gm6phGavKT8?start=37&#038;feature=oembed\" frameborder=\"0\" allow=\"accelerometer; autoplay; clipboard-write; encrypted-media; gyroscope; picture-in-picture; web-share\" allowfullscreen><\/iframe><\/p>","protected":false},"excerpt":{"rendered":"<p>Original multifunctional anti-mosquito ceiling lamp. It is very effective in removing troublesome insects, without odors or chemical products that harm the environment. Besides mosquitoes, its attractive light and electrified net also catch and destroy other flying insects. This versatile lamp can be installed in two different ways, depending on your preference: ceiling type or as [&#8230;]\n","protected":false},"featured_media":4672,"comment_status":"open","ping_status":"closed","template":"","meta":[],"product_brand":[],"product_cat":[276,226],"product_tag":[],"class_list":{"0":"post-4613","1":"product","2":"type-product","3":"status-publish","4":"has-post-thumbnail","6":"product_cat-mosquito-lamps-and-net","7":"product_cat-outdoor-lights","8":"pa_brand-deco","10":"first","11":"instock","12":"sale","13":"shipping-taxable","14":"purchasable","15":"product-type-simple"},"yoast_head":"<!-- This site is optimized with the Yoast SEO plugin v27.3 - https:\/\/yoast.com\/product\/yoast-seo-wordpress\/ -->\n<title>Mosquito lamp - Best price guarantee - Decolights.eu<\/title>\n<meta name=\"description\" content=\"A mosquito lamp is a very practical and effective device for removing troublesome insects(flies, mosquitoes, bees, etc.). Buy now to get the best price!\" \/>\n<meta name=\"robots\" content=\"index, follow, max-snippet:-1, max-image-preview:large, max-video-preview:-1\" \/>\n<link rel=\"canonical\" href=\"https:\/\/decolights.eu\/ro\/produs-2\/mosquito-lamp\/\" \/>\n<meta property=\"og:locale\" content=\"ro_RO\" \/>\n<meta property=\"og:type\" content=\"article\" \/>\n<meta property=\"og:title\" content=\"Mosquito lamp - Best price guarantee - Decolights.eu\" \/>\n<meta property=\"og:description\" content=\"A mosquito lamp is a very practical and effective device for removing troublesome insects(flies, mosquitoes, bees, etc.). Buy now to get the best price!\" \/>\n<meta property=\"og:url\" content=\"https:\/\/decolights.eu\/ro\/produs-2\/mosquito-lamp\/\" \/>\n<meta property=\"og:site_name\" content=\"Decolights.eu\" \/>\n<meta property=\"article:modified_time\" content=\"2023-04-29T08:31:59+00:00\" \/>\n<meta property=\"og:image\" content=\"https:\/\/decolights.eu\/wp-content\/uploads\/2023\/04\/saasevastane-laevalgusti-kl-lamp-innovagoods_153546.jpg\" \/>\n\t<meta property=\"og:image:width\" content=\"600\" \/>\n\t<meta property=\"og:image:height\" content=\"600\" \/>\n\t<meta property=\"og:image:type\" content=\"image\/jpeg\" \/>\n<meta name=\"twitter:card\" content=\"summary_large_image\" \/>\n<meta name=\"twitter:label1\" content=\"Timp estimat pentru citire\" \/>\n\t<meta name=\"twitter:data1\" content=\"1 minut\" \/>\n<script type=\"application\/ld+json\" class=\"yoast-schema-graph\">{\"@context\":\"https:\\\/\\\/schema.org\",\"@graph\":[{\"@type\":\"WebPage\",\"@id\":\"https:\\\/\\\/decolights.eu\\\/product\\\/mosquito-lamp\\\/\",\"url\":\"https:\\\/\\\/decolights.eu\\\/product\\\/mosquito-lamp\\\/\",\"name\":\"Mosquito lamp - Best price guarantee - Decolights.eu\",\"isPartOf\":{\"@id\":\"https:\\\/\\\/decolights.eu\\\/#website\"},\"primaryImageOfPage\":{\"@id\":\"https:\\\/\\\/decolights.eu\\\/product\\\/mosquito-lamp\\\/#primaryimage\"},\"image\":{\"@id\":\"https:\\\/\\\/decolights.eu\\\/product\\\/mosquito-lamp\\\/#primaryimage\"},\"thumbnailUrl\":\"https:\\\/\\\/decolights.eu\\\/wp-content\\\/uploads\\\/2023\\\/04\\\/saasevastane-laevalgusti-kl-lamp-innovagoods_153546.jpg\",\"datePublished\":\"2023-04-01T04:21:46+00:00\",\"dateModified\":\"2023-04-29T08:31:59+00:00\",\"description\":\"A mosquito lamp is a very practical and effective device for removing troublesome insects(flies, mosquitoes, bees, etc.). Buy now to get the best price!\",\"breadcrumb\":{\"@id\":\"https:\\\/\\\/decolights.eu\\\/product\\\/mosquito-lamp\\\/#breadcrumb\"},\"inLanguage\":\"ro-RO\",\"potentialAction\":[{\"@type\":\"ReadAction\",\"target\":[\"https:\\\/\\\/decolights.eu\\\/product\\\/mosquito-lamp\\\/\"]}]},{\"@type\":\"ImageObject\",\"inLanguage\":\"ro-RO\",\"@id\":\"https:\\\/\\\/decolights.eu\\\/product\\\/mosquito-lamp\\\/#primaryimage\",\"url\":\"https:\\\/\\\/decolights.eu\\\/wp-content\\\/uploads\\\/2023\\\/04\\\/saasevastane-laevalgusti-kl-lamp-innovagoods_153546.jpg\",\"contentUrl\":\"https:\\\/\\\/decolights.eu\\\/wp-content\\\/uploads\\\/2023\\\/04\\\/saasevastane-laevalgusti-kl-lamp-innovagoods_153546.jpg\",\"width\":600,\"height\":600},{\"@type\":\"BreadcrumbList\",\"@id\":\"https:\\\/\\\/decolights.eu\\\/product\\\/mosquito-lamp\\\/#breadcrumb\",\"itemListElement\":[{\"@type\":\"ListItem\",\"position\":1,\"name\":\"Shop\",\"item\":\"https:\\\/\\\/decolights.eu\\\/shop\\\/\"},{\"@type\":\"ListItem\",\"position\":2,\"name\":\"Mosquito lamp\"}]},{\"@type\":\"WebSite\",\"@id\":\"https:\\\/\\\/decolights.eu\\\/#website\",\"url\":\"https:\\\/\\\/decolights.eu\\\/\",\"name\":\"decolights\",\"description\":\"Led Decorations for Home and Garden\",\"publisher\":{\"@id\":\"https:\\\/\\\/decolights.eu\\\/#organization\"},\"alternateName\":\"decolights.eu\",\"potentialAction\":[{\"@type\":\"SearchAction\",\"target\":{\"@type\":\"EntryPoint\",\"urlTemplate\":\"https:\\\/\\\/decolights.eu\\\/?s={search_term_string}\"},\"query-input\":{\"@type\":\"PropertyValueSpecification\",\"valueRequired\":true,\"valueName\":\"search_term_string\"}}],\"inLanguage\":\"ro-RO\"},{\"@type\":\"Organization\",\"@id\":\"https:\\\/\\\/decolights.eu\\\/#organization\",\"name\":\"decolights\",\"url\":\"https:\\\/\\\/decolights.eu\\\/\",\"logo\":{\"@type\":\"ImageObject\",\"inLanguage\":\"ro-RO\",\"@id\":\"https:\\\/\\\/decolights.eu\\\/#\\\/schema\\\/logo\\\/image\\\/\",\"url\":\"https:\\\/\\\/decolights.eu\\\/wp-content\\\/uploads\\\/2023\\\/07\\\/cropped-decolight-siteicon.png\",\"contentUrl\":\"https:\\\/\\\/decolights.eu\\\/wp-content\\\/uploads\\\/2023\\\/07\\\/cropped-decolight-siteicon.png\",\"width\":512,\"height\":512,\"caption\":\"decolights\"},\"image\":{\"@id\":\"https:\\\/\\\/decolights.eu\\\/#\\\/schema\\\/logo\\\/image\\\/\"}}]}<\/script>\n<!-- \/ Yoast SEO plugin. -->","yoast_head_json":{"title":"Lamp\u0103 \u021b\u00e2n\u021bari - Cel mai bun pre\u021b garantat - Decolights.eu","description":"O lamp\u0103 pentru \u021b\u00e2n\u021bari este un dispozitiv foarte practic \u0219i eficient pentru \u00eendep\u0103rtarea insectelor sup\u0103r\u0103toare (mu\u0219te, \u021b\u00e2n\u021bari, albine etc.). Cump\u0103ra\u021bi acum pentru a ob\u021bine cel mai bun pre\u021b!","robots":{"index":"index","follow":"follow","max-snippet":"max-snippet:-1","max-image-preview":"max-image-preview:large","max-video-preview":"max-video-preview:-1"},"canonical":"https:\/\/decolights.eu\/ro\/produs-2\/mosquito-lamp\/","og_locale":"ro_RO","og_type":"article","og_title":"Mosquito lamp - Best price guarantee - Decolights.eu","og_description":"A mosquito lamp is a very practical and effective device for removing troublesome insects(flies, mosquitoes, bees, etc.). Buy now to get the best price!","og_url":"https:\/\/decolights.eu\/ro\/produs-2\/mosquito-lamp\/","og_site_name":"Decolights.eu","article_modified_time":"2023-04-29T08:31:59+00:00","og_image":[{"width":600,"height":600,"url":"https:\/\/decolights.eu\/wp-content\/uploads\/2023\/04\/saasevastane-laevalgusti-kl-lamp-innovagoods_153546.jpg","type":"image\/jpeg"}],"twitter_card":"summary_large_image","twitter_misc":{"Timp estimat pentru citire":"1 minut"},"schema":{"@context":"https:\/\/schema.org","@graph":[{"@type":"WebPage","@id":"https:\/\/decolights.eu\/product\/mosquito-lamp\/","url":"https:\/\/decolights.eu\/product\/mosquito-lamp\/","name":"Lamp\u0103 \u021b\u00e2n\u021bari - Cel mai bun pre\u021b garantat - Decolights.eu","isPartOf":{"@id":"https:\/\/decolights.eu\/#website"},"primaryImageOfPage":{"@id":"https:\/\/decolights.eu\/product\/mosquito-lamp\/#primaryimage"},"image":{"@id":"https:\/\/decolights.eu\/product\/mosquito-lamp\/#primaryimage"},"thumbnailUrl":"https:\/\/decolights.eu\/wp-content\/uploads\/2023\/04\/saasevastane-laevalgusti-kl-lamp-innovagoods_153546.jpg","datePublished":"2023-04-01T04:21:46+00:00","dateModified":"2023-04-29T08:31:59+00:00","description":"O lamp\u0103 pentru \u021b\u00e2n\u021bari este un dispozitiv foarte practic \u0219i eficient pentru \u00eendep\u0103rtarea insectelor sup\u0103r\u0103toare (mu\u0219te, \u021b\u00e2n\u021bari, albine etc.). Cump\u0103ra\u021bi acum pentru a ob\u021bine cel mai bun pre\u021b!","breadcrumb":{"@id":"https:\/\/decolights.eu\/product\/mosquito-lamp\/#breadcrumb"},"inLanguage":"ro-RO","potentialAction":[{"@type":"ReadAction","target":["https:\/\/decolights.eu\/product\/mosquito-lamp\/"]}]},{"@type":"ImageObject","inLanguage":"ro-RO","@id":"https:\/\/decolights.eu\/product\/mosquito-lamp\/#primaryimage","url":"https:\/\/decolights.eu\/wp-content\/uploads\/2023\/04\/saasevastane-laevalgusti-kl-lamp-innovagoods_153546.jpg","contentUrl":"https:\/\/decolights.eu\/wp-content\/uploads\/2023\/04\/saasevastane-laevalgusti-kl-lamp-innovagoods_153546.jpg","width":600,"height":600},{"@type":"BreadcrumbList","@id":"https:\/\/decolights.eu\/product\/mosquito-lamp\/#breadcrumb","itemListElement":[{"@type":"ListItem","position":1,"name":"Shop","item":"https:\/\/decolights.eu\/shop\/"},{"@type":"ListItem","position":2,"name":"Mosquito lamp"}]},{"@type":"WebSite","@id":"https:\/\/decolights.eu\/#website","url":"https:\/\/decolights.eu\/","name":"decolights","description":"Decoratiuni Led pentru Casa si Gradina","publisher":{"@id":"https:\/\/decolights.eu\/#organization"},"alternateName":"decolights.eu","potentialAction":[{"@type":"SearchAction","target":{"@type":"EntryPoint","urlTemplate":"https:\/\/decolights.eu\/?s={search_term_string}"},"query-input":{"@type":"PropertyValueSpecification","valueRequired":true,"valueName":"search_term_string"}}],"inLanguage":"ro-RO"},{"@type":"Organization","@id":"https:\/\/decolights.eu\/#organization","name":"decolights","url":"https:\/\/decolights.eu\/","logo":{"@type":"ImageObject","inLanguage":"ro-RO","@id":"https:\/\/decolights.eu\/#\/schema\/logo\/image\/","url":"https:\/\/decolights.eu\/wp-content\/uploads\/2023\/07\/cropped-decolight-siteicon.png","contentUrl":"https:\/\/decolights.eu\/wp-content\/uploads\/2023\/07\/cropped-decolight-siteicon.png","width":512,"height":512,"caption":"decolights"},"image":{"@id":"https:\/\/decolights.eu\/#\/schema\/logo\/image\/"}}]}},"jetpack_sharing_enabled":true,"_links":{"self":[{"href":"https:\/\/decolights.eu\/ro\/wp-json\/wp\/v2\/product\/4613","targetHints":{"allow":["GET"]}}],"collection":[{"href":"https:\/\/decolights.eu\/ro\/wp-json\/wp\/v2\/product"}],"about":[{"href":"https:\/\/decolights.eu\/ro\/wp-json\/wp\/v2\/types\/product"}],"replies":[{"embeddable":true,"href":"https:\/\/decolights.eu\/ro\/wp-json\/wp\/v2\/comments?post=4613"}],"wp:featuredmedia":[{"embeddable":true,"href":"https:\/\/decolights.eu\/ro\/wp-json\/wp\/v2\/media\/4672"}],"wp:attachment":[{"href":"https:\/\/decolights.eu\/ro\/wp-json\/wp\/v2\/media?parent=4613"}],"wp:term":[{"taxonomy":"product_brand","embeddable":true,"href":"https:\/\/decolights.eu\/ro\/wp-json\/wp\/v2\/product_brand?post=4613"},{"taxonomy":"product_cat","embeddable":true,"href":"https:\/\/decolights.eu\/ro\/wp-json\/wp\/v2\/product_cat?post=4613"},{"taxonomy":"product_tag","embeddable":true,"href":"https:\/\/decolights.eu\/ro\/wp-json\/wp\/v2\/product_tag?post=4613"}],"curies":[{"name":"wp","href":"https:\/\/api.w.org\/{rel}","templated":true}]}}