{"id":4660,"date":"2023-04-01T04:22:13","date_gmt":"2023-04-01T04:22:13","guid":{"rendered":"https:\/\/decolights.eu\/?post_type=product&#038;p=4660"},"modified":"2023-05-02T03:15:20","modified_gmt":"2023-05-02T03:15:20","slug":"pro-festoon-led-lights-21-5m-20-sockets-bulbs-not-included-2","status":"publish","type":"product","link":"https:\/\/decolights.eu\/ro\/produs-2\/pro-festoon-led-lights-21-5m-20-sockets-bulbs-not-included-2\/","title":{"rendered":"Lumini LED PRO Festoon 21,5M 20 prize (becuri nu sunt incluse)"},"content":{"rendered":"<p>Linia noastr\u0103 PRO este o serie de lumini de \u00eenalt\u0103 calitate \u0219i de lung\u0103 durat\u0103. Ghirlandele sunt cu cablu rezistent la UV \u0219i pot fi folosite afar\u0103 tot timpul anului.<\/p>\n<p>PRO Festoon LED light chain with 20 sockets is a remarkable product that is perfect for decorative and practical lighting in the garden or patio. Choose separately your favourite LED bulbs and enjoy perfect result with customised and perfect festoon light.<\/p>\n<ul>\n<li><strong>Num\u0103rul de prize<\/strong><strong>: <\/strong>20 buc<\/li>\n<li><strong>Lungime total\u0103 (cablu de alimentare inclus): <\/strong>21,50 M<\/li>\n<li><strong>Lungimea piesei iluminate: <\/strong>20M<\/li>\n<li><strong>Cablu de alimentare:<\/strong> 1,50 M<\/li>\n<li><strong>Lungimea p\u0103r\u021bii suspendate: <\/strong>10CM<\/li>\n<li><strong>Distan\u021ba dintre prize:<\/strong> 1M<\/li>\n<li><strong>Culoare cablu: <\/strong>negru<\/li>\n<li><strong>Evaluare IP: <\/strong>IP44<\/li>\n<li><strong>Sursa de putere:\u00a0<\/strong>Conecteaza<\/li>\n<li><strong>Material cablu:\u00a0<\/strong>cablu din cauciuc PVC<\/li>\n<li><strong>Conectabil:\u00a0<\/strong>da<\/li>\n<li><strong>Capacul\/priza:\u00a0<\/strong>Becuri E27 \u00eenlocuibile<\/li>\n<li><strong>Certificat CE:\u00a0<\/strong>da<\/li>\n<li>220-240V<\/li>\n<\/ul>\n<p><strong>NB! Becurile nu sunt incluse. <a href=\"https:\/\/decolights.eu\/ro\/categorie-produs-2\/outdoor-lights\/bulbs\/\"><span style=\"color: #ed1c24;\">Face\u021bi clic aici pentru a g\u0103si becurile dvs. preferate.<\/span><\/a><\/strong><\/p>","protected":false},"excerpt":{"rendered":"<p>Our PRO line is a high quality and long lasting light series. Garlands are with UV-proof cable and can be used outside all year around. PRO Festoon LED light chain with 20 sockets is a remarkable product that is perfect for decorative and practical lighting in the garden or patio. Choose separately your favourite LED [&#8230;]\n","protected":false},"featured_media":4723,"comment_status":"open","ping_status":"closed","template":"","meta":[],"product_brand":[],"product_cat":[226,228],"product_tag":[],"class_list":{"0":"post-4660","1":"product","2":"type-product","3":"status-publish","4":"has-post-thumbnail","6":"product_cat-outdoor-lights","7":"product_cat-pro-festoon-lights","8":"pa_brand-deco","10":"first","11":"instock","12":"sale","13":"shipping-taxable","14":"purchasable","15":"product-type-simple"},"yoast_head":"<!-- This site is optimized with the Yoast SEO plugin v27.3 - https:\/\/yoast.com\/product\/yoast-seo-wordpress\/ -->\n<title>PRO Festoon LED lights 21.5M 20 sockets (bulbs not included) - Best price - Decolights.eu<\/title>\n<meta name=\"description\" content=\"Decorate your patio with a high quality PRO festoon LED lights 21.5M 20 sockets to get cozy atmosphere. Buy now the get the best price!\" \/>\n<meta name=\"robots\" content=\"index, follow, max-snippet:-1, max-image-preview:large, max-video-preview:-1\" \/>\n<link rel=\"canonical\" href=\"https:\/\/decolights.eu\/ro\/produs-2\/pro-festoon-led-lights-21-5m-20-sockets-bulbs-not-included-2\/\" \/>\n<meta property=\"og:locale\" content=\"ro_RO\" \/>\n<meta property=\"og:type\" content=\"article\" \/>\n<meta property=\"og:title\" content=\"PRO Festoon LED lights 21.5M 20 sockets (bulbs not included) - Best price - Decolights.eu\" \/>\n<meta property=\"og:description\" content=\"Decorate your patio with a high quality PRO festoon LED lights 21.5M 20 sockets to get cozy atmosphere. Buy now the get the best price!\" \/>\n<meta property=\"og:url\" content=\"https:\/\/decolights.eu\/ro\/produs-2\/pro-festoon-led-lights-21-5m-20-sockets-bulbs-not-included-2\/\" \/>\n<meta property=\"og:site_name\" content=\"Decolights.eu\" \/>\n<meta property=\"article:modified_time\" content=\"2023-05-02T03:15:20+00:00\" \/>\n<meta property=\"og:image\" content=\"https:\/\/decolights.eu\/wp-content\/uploads\/2023\/04\/lambikett-Joulutuled.ee_.jpeg\" \/>\n\t<meta property=\"og:image:width\" content=\"720\" \/>\n\t<meta property=\"og:image:height\" content=\"720\" \/>\n\t<meta property=\"og:image:type\" content=\"image\/jpeg\" \/>\n<meta name=\"twitter:card\" content=\"summary_large_image\" \/>\n<meta name=\"twitter:label1\" content=\"Timp estimat pentru citire\" \/>\n\t<meta name=\"twitter:data1\" content=\"1 minut\" \/>\n<script type=\"application\/ld+json\" class=\"yoast-schema-graph\">{\"@context\":\"https:\\\/\\\/schema.org\",\"@graph\":[{\"@type\":\"WebPage\",\"@id\":\"https:\\\/\\\/decolights.eu\\\/product\\\/pro-festoon-led-lights-21-5m-20-sockets-bulbs-not-included-2\\\/\",\"url\":\"https:\\\/\\\/decolights.eu\\\/product\\\/pro-festoon-led-lights-21-5m-20-sockets-bulbs-not-included-2\\\/\",\"name\":\"PRO Festoon LED lights 21.5M 20 sockets (bulbs not included) - Best price - Decolights.eu\",\"isPartOf\":{\"@id\":\"https:\\\/\\\/decolights.eu\\\/#website\"},\"primaryImageOfPage\":{\"@id\":\"https:\\\/\\\/decolights.eu\\\/product\\\/pro-festoon-led-lights-21-5m-20-sockets-bulbs-not-included-2\\\/#primaryimage\"},\"image\":{\"@id\":\"https:\\\/\\\/decolights.eu\\\/product\\\/pro-festoon-led-lights-21-5m-20-sockets-bulbs-not-included-2\\\/#primaryimage\"},\"thumbnailUrl\":\"https:\\\/\\\/decolights.eu\\\/wp-content\\\/uploads\\\/2023\\\/04\\\/lambikett-Joulutuled.ee_.jpeg\",\"datePublished\":\"2023-04-01T04:22:13+00:00\",\"dateModified\":\"2023-05-02T03:15:20+00:00\",\"description\":\"Decorate your patio with a high quality PRO festoon LED lights 21.5M 20 sockets to get cozy atmosphere. Buy now the get the best price!\",\"breadcrumb\":{\"@id\":\"https:\\\/\\\/decolights.eu\\\/product\\\/pro-festoon-led-lights-21-5m-20-sockets-bulbs-not-included-2\\\/#breadcrumb\"},\"inLanguage\":\"ro-RO\",\"potentialAction\":[{\"@type\":\"ReadAction\",\"target\":[\"https:\\\/\\\/decolights.eu\\\/product\\\/pro-festoon-led-lights-21-5m-20-sockets-bulbs-not-included-2\\\/\"]}]},{\"@type\":\"ImageObject\",\"inLanguage\":\"ro-RO\",\"@id\":\"https:\\\/\\\/decolights.eu\\\/product\\\/pro-festoon-led-lights-21-5m-20-sockets-bulbs-not-included-2\\\/#primaryimage\",\"url\":\"https:\\\/\\\/decolights.eu\\\/wp-content\\\/uploads\\\/2023\\\/04\\\/lambikett-Joulutuled.ee_.jpeg\",\"contentUrl\":\"https:\\\/\\\/decolights.eu\\\/wp-content\\\/uploads\\\/2023\\\/04\\\/lambikett-Joulutuled.ee_.jpeg\",\"width\":720,\"height\":720},{\"@type\":\"BreadcrumbList\",\"@id\":\"https:\\\/\\\/decolights.eu\\\/product\\\/pro-festoon-led-lights-21-5m-20-sockets-bulbs-not-included-2\\\/#breadcrumb\",\"itemListElement\":[{\"@type\":\"ListItem\",\"position\":1,\"name\":\"Shop\",\"item\":\"https:\\\/\\\/decolights.eu\\\/shop\\\/\"},{\"@type\":\"ListItem\",\"position\":2,\"name\":\"PRO Festoon LED lights 21.5M 20 sockets (bulbs not included)\"}]},{\"@type\":\"WebSite\",\"@id\":\"https:\\\/\\\/decolights.eu\\\/#website\",\"url\":\"https:\\\/\\\/decolights.eu\\\/\",\"name\":\"decolights\",\"description\":\"Led Decorations for Home and Garden\",\"publisher\":{\"@id\":\"https:\\\/\\\/decolights.eu\\\/#organization\"},\"alternateName\":\"decolights.eu\",\"potentialAction\":[{\"@type\":\"SearchAction\",\"target\":{\"@type\":\"EntryPoint\",\"urlTemplate\":\"https:\\\/\\\/decolights.eu\\\/?s={search_term_string}\"},\"query-input\":{\"@type\":\"PropertyValueSpecification\",\"valueRequired\":true,\"valueName\":\"search_term_string\"}}],\"inLanguage\":\"ro-RO\"},{\"@type\":\"Organization\",\"@id\":\"https:\\\/\\\/decolights.eu\\\/#organization\",\"name\":\"decolights\",\"url\":\"https:\\\/\\\/decolights.eu\\\/\",\"logo\":{\"@type\":\"ImageObject\",\"inLanguage\":\"ro-RO\",\"@id\":\"https:\\\/\\\/decolights.eu\\\/#\\\/schema\\\/logo\\\/image\\\/\",\"url\":\"https:\\\/\\\/decolights.eu\\\/wp-content\\\/uploads\\\/2023\\\/07\\\/cropped-decolight-siteicon.png\",\"contentUrl\":\"https:\\\/\\\/decolights.eu\\\/wp-content\\\/uploads\\\/2023\\\/07\\\/cropped-decolight-siteicon.png\",\"width\":512,\"height\":512,\"caption\":\"decolights\"},\"image\":{\"@id\":\"https:\\\/\\\/decolights.eu\\\/#\\\/schema\\\/logo\\\/image\\\/\"}}]}<\/script>\n<!-- \/ Yoast SEO plugin. -->","yoast_head_json":{"title":"PRO Festoon LED lights 21.5M 20 sockets (bulbs not included) - Best price - Decolights.eu","description":"Decorate your patio with a high quality PRO festoon LED lights 21.5M 20 sockets to get cozy atmosphere. Buy now the get the best price!","robots":{"index":"index","follow":"follow","max-snippet":"max-snippet:-1","max-image-preview":"max-image-preview:large","max-video-preview":"max-video-preview:-1"},"canonical":"https:\/\/decolights.eu\/ro\/produs-2\/pro-festoon-led-lights-21-5m-20-sockets-bulbs-not-included-2\/","og_locale":"ro_RO","og_type":"article","og_title":"PRO Festoon LED lights 21.5M 20 sockets (bulbs not included) - Best price - Decolights.eu","og_description":"Decorate your patio with a high quality PRO festoon LED lights 21.5M 20 sockets to get cozy atmosphere. Buy now the get the best price!","og_url":"https:\/\/decolights.eu\/ro\/produs-2\/pro-festoon-led-lights-21-5m-20-sockets-bulbs-not-included-2\/","og_site_name":"Decolights.eu","article_modified_time":"2023-05-02T03:15:20+00:00","og_image":[{"width":720,"height":720,"url":"https:\/\/decolights.eu\/wp-content\/uploads\/2023\/04\/lambikett-Joulutuled.ee_.jpeg","type":"image\/jpeg"}],"twitter_card":"summary_large_image","twitter_misc":{"Timp estimat pentru citire":"1 minut"},"schema":{"@context":"https:\/\/schema.org","@graph":[{"@type":"WebPage","@id":"https:\/\/decolights.eu\/product\/pro-festoon-led-lights-21-5m-20-sockets-bulbs-not-included-2\/","url":"https:\/\/decolights.eu\/product\/pro-festoon-led-lights-21-5m-20-sockets-bulbs-not-included-2\/","name":"PRO Festoon LED lights 21.5M 20 sockets (bulbs not included) - Best price - Decolights.eu","isPartOf":{"@id":"https:\/\/decolights.eu\/#website"},"primaryImageOfPage":{"@id":"https:\/\/decolights.eu\/product\/pro-festoon-led-lights-21-5m-20-sockets-bulbs-not-included-2\/#primaryimage"},"image":{"@id":"https:\/\/decolights.eu\/product\/pro-festoon-led-lights-21-5m-20-sockets-bulbs-not-included-2\/#primaryimage"},"thumbnailUrl":"https:\/\/decolights.eu\/wp-content\/uploads\/2023\/04\/lambikett-Joulutuled.ee_.jpeg","datePublished":"2023-04-01T04:22:13+00:00","dateModified":"2023-05-02T03:15:20+00:00","description":"Decorate your patio with a high quality PRO festoon LED lights 21.5M 20 sockets to get cozy atmosphere. Buy now the get the best price!","breadcrumb":{"@id":"https:\/\/decolights.eu\/product\/pro-festoon-led-lights-21-5m-20-sockets-bulbs-not-included-2\/#breadcrumb"},"inLanguage":"ro-RO","potentialAction":[{"@type":"ReadAction","target":["https:\/\/decolights.eu\/product\/pro-festoon-led-lights-21-5m-20-sockets-bulbs-not-included-2\/"]}]},{"@type":"ImageObject","inLanguage":"ro-RO","@id":"https:\/\/decolights.eu\/product\/pro-festoon-led-lights-21-5m-20-sockets-bulbs-not-included-2\/#primaryimage","url":"https:\/\/decolights.eu\/wp-content\/uploads\/2023\/04\/lambikett-Joulutuled.ee_.jpeg","contentUrl":"https:\/\/decolights.eu\/wp-content\/uploads\/2023\/04\/lambikett-Joulutuled.ee_.jpeg","width":720,"height":720},{"@type":"BreadcrumbList","@id":"https:\/\/decolights.eu\/product\/pro-festoon-led-lights-21-5m-20-sockets-bulbs-not-included-2\/#breadcrumb","itemListElement":[{"@type":"ListItem","position":1,"name":"Shop","item":"https:\/\/decolights.eu\/shop\/"},{"@type":"ListItem","position":2,"name":"PRO Festoon LED lights 21.5M 20 sockets (bulbs not included)"}]},{"@type":"WebSite","@id":"https:\/\/decolights.eu\/#website","url":"https:\/\/decolights.eu\/","name":"decolights","description":"Decoratiuni Led pentru Casa si Gradina","publisher":{"@id":"https:\/\/decolights.eu\/#organization"},"alternateName":"decolights.eu","potentialAction":[{"@type":"SearchAction","target":{"@type":"EntryPoint","urlTemplate":"https:\/\/decolights.eu\/?s={search_term_string}"},"query-input":{"@type":"PropertyValueSpecification","valueRequired":true,"valueName":"search_term_string"}}],"inLanguage":"ro-RO"},{"@type":"Organization","@id":"https:\/\/decolights.eu\/#organization","name":"decolights","url":"https:\/\/decolights.eu\/","logo":{"@type":"ImageObject","inLanguage":"ro-RO","@id":"https:\/\/decolights.eu\/#\/schema\/logo\/image\/","url":"https:\/\/decolights.eu\/wp-content\/uploads\/2023\/07\/cropped-decolight-siteicon.png","contentUrl":"https:\/\/decolights.eu\/wp-content\/uploads\/2023\/07\/cropped-decolight-siteicon.png","width":512,"height":512,"caption":"decolights"},"image":{"@id":"https:\/\/decolights.eu\/#\/schema\/logo\/image\/"}}]}},"jetpack_sharing_enabled":true,"_links":{"self":[{"href":"https:\/\/decolights.eu\/ro\/wp-json\/wp\/v2\/product\/4660","targetHints":{"allow":["GET"]}}],"collection":[{"href":"https:\/\/decolights.eu\/ro\/wp-json\/wp\/v2\/product"}],"about":[{"href":"https:\/\/decolights.eu\/ro\/wp-json\/wp\/v2\/types\/product"}],"replies":[{"embeddable":true,"href":"https:\/\/decolights.eu\/ro\/wp-json\/wp\/v2\/comments?post=4660"}],"wp:featuredmedia":[{"embeddable":true,"href":"https:\/\/decolights.eu\/ro\/wp-json\/wp\/v2\/media\/4723"}],"wp:attachment":[{"href":"https:\/\/decolights.eu\/ro\/wp-json\/wp\/v2\/media?parent=4660"}],"wp:term":[{"taxonomy":"product_brand","embeddable":true,"href":"https:\/\/decolights.eu\/ro\/wp-json\/wp\/v2\/product_brand?post=4660"},{"taxonomy":"product_cat","embeddable":true,"href":"https:\/\/decolights.eu\/ro\/wp-json\/wp\/v2\/product_cat?post=4660"},{"taxonomy":"product_tag","embeddable":true,"href":"https:\/\/decolights.eu\/ro\/wp-json\/wp\/v2\/product_tag?post=4660"}],"curies":[{"name":"wp","href":"https:\/\/api.w.org\/{rel}","templated":true}]}}