{"id":4736,"date":"2023-04-01T04:22:58","date_gmt":"2023-04-01T04:22:58","guid":{"rendered":"https:\/\/decolights.eu\/?post_type=product&#038;p=4736"},"modified":"2023-05-12T06:55:13","modified_gmt":"2023-05-12T06:55:13","slug":"pro-led-icicle-lights","status":"publish","type":"product","link":"https:\/\/decolights.eu\/ro\/produs-2\/pro-led-icicle-lights\/","title":{"rendered":"Lumini PRO LED pentru \u021bur\u021buri"},"content":{"rendered":"<div class=\"product_details_parameter_groups spoiler_component\">\n<div class=\"product_details_parameter_group\">\n<div class=\"spoiler_component_content_wrapper\">\n<div class=\"product_details_parameters spoiler_component_content\">\n<div class=\"spoiler_component_content_wrapper\">\n<div class=\"product_details_parameters spoiler_component_content\">\n<p>Linia noastr\u0103 PRO este o serie de lumini LED de \u00eenalt\u0103 calitate \u0219i de lung\u0103 durat\u0103. Ghirlandele sunt cu cablu din cauciuc rezistent la UV \u0219i pot fi folosite afar\u0103 tot timpul anului.<\/p>\n<p>Lumina LED PRO Icicle este perfecta pentru decorarea fatadelor sau balcoanelor. Ofer\u0103 un efect de fulger luminos \u0219i fabulos \u0219i va face casa ta s\u0103 arate \u0219i mai frumoas\u0103 \u0219i mai remarcabil\u0103.<\/p>\n<p>Nu ezita\u021bi s\u0103 ne contacta\u021bi dac\u0103 sunte\u021bi interesat de orice alt\u0103 culoare de LED sau cablu <a href=\"mailto:info@decolights.eu\">info@decolights.eu<\/a>.<\/p>\n<\/div>\n<\/div>\n<ul>\n<li><strong>Num\u0103rul de LED-uri<\/strong><strong>: <\/strong>120LED<\/li>\n<li><strong>Lungime total\u0103 (cablu de alimentare inclus): <\/strong>6,5 milioane<\/li>\n<li><strong>Lungimea piesei iluminate: <\/strong>5M<\/li>\n<li><strong>Cablu de alimentare:<\/strong> 1,50 M<\/li>\n<li><strong>Lungimea celei mai lungi p\u0103r\u021bi suspendate: <\/strong>70CM<\/li>\n<li><strong>Distan\u021ba dintre becuri:<\/strong> 10CM<\/li>\n<li><strong>Dimensiunea LED-ului:<\/strong> 8MM<\/li>\n<li><strong>Clipe\u0219te:\u00a0<\/strong>Nu<\/li>\n<li><strong>Evaluare IP: <\/strong>IP65<\/li>\n<li><strong>Sursa de putere:\u00a0<\/strong>Conecteaza<\/li>\n<li><strong>Material cablu:\u00a0<\/strong>Cauciuc 3,2 mm<\/li>\n<li><strong>Conectabil:\u00a0<\/strong>Da (maximum 10 seturi)<\/li>\n<li><strong>Certificat CE:\u00a0<\/strong>da<\/li>\n<li>220-240V, 9,2W<\/li>\n<\/ul>\n<\/div>\n<\/div>\n<\/div>\n<\/div>","protected":false},"excerpt":{"rendered":"<p>Our PRO line is a high quality and long lasting LED light series. Garlands are with UV-proof, rubber cable and can be used outside all year around. PRO Icicle LED light is perfect for decorating facades or balconies. Gives a bright and fabulous lightning effect and will make your home look even more beautiful and [&#8230;]\n","protected":false},"featured_media":4771,"comment_status":"open","ping_status":"closed","template":"","meta":[],"product_brand":[],"product_cat":[226,239],"product_tag":[],"class_list":{"0":"post-4736","1":"product","2":"type-product","3":"status-publish","4":"has-post-thumbnail","6":"product_cat-outdoor-lights","7":"product_cat-pro-christmas-lights","8":"pa_available-colours-blue","9":"pa_available-colours-cold-white","10":"pa_available-colours-multi-coloured","11":"pa_available-colours-warm-white","12":"pa_brand-deco","13":"pa_led-colour-blue","14":"pa_led-colour-cold-white","15":"pa_led-colour-multi-coloured","16":"pa_led-colour-warm-white","18":"first","19":"onbackorder","20":"sale","21":"shipping-taxable","22":"purchasable","23":"product-type-variable"},"yoast_head":"<!-- This site is optimized with the Yoast SEO plugin v27.3 - https:\/\/yoast.com\/product\/yoast-seo-wordpress\/ -->\n<title>PRO LED Icicle Lights - Best quality - Decolights.eu<\/title>\n<meta name=\"description\" content=\"PRO Icicle LED lights will create a magical and shiny atmosphere. Festive mood in guaranteed! Buy now to get the best price.\" \/>\n<meta name=\"robots\" content=\"index, follow, max-snippet:-1, max-image-preview:large, max-video-preview:-1\" \/>\n<link rel=\"canonical\" href=\"https:\/\/decolights.eu\/ro\/produs-2\/pro-led-icicle-lights\/\" \/>\n<meta property=\"og:locale\" content=\"ro_RO\" \/>\n<meta property=\"og:type\" content=\"article\" \/>\n<meta property=\"og:title\" content=\"PRO LED Icicle Lights - Best quality - Decolights.eu\" \/>\n<meta property=\"og:description\" content=\"PRO Icicle LED lights will create a magical and shiny atmosphere. Festive mood in guaranteed! Buy now to get the best price.\" \/>\n<meta property=\"og:url\" content=\"https:\/\/decolights.eu\/ro\/produs-2\/pro-led-icicle-lights\/\" \/>\n<meta property=\"og:site_name\" content=\"Decolights.eu\" \/>\n<meta property=\"article:modified_time\" content=\"2023-05-12T06:55:13+00:00\" \/>\n<meta property=\"og:image\" content=\"https:\/\/decolights.eu\/wp-content\/uploads\/2023\/04\/yan1308.jpg\" \/>\n\t<meta property=\"og:image:width\" content=\"495\" \/>\n\t<meta property=\"og:image:height\" content=\"400\" \/>\n\t<meta property=\"og:image:type\" content=\"image\/jpeg\" \/>\n<meta name=\"twitter:card\" content=\"summary_large_image\" \/>\n<meta name=\"twitter:label1\" content=\"Timp estimat pentru citire\" \/>\n\t<meta name=\"twitter:data1\" content=\"1 minut\" \/>\n<script type=\"application\/ld+json\" class=\"yoast-schema-graph\">{\"@context\":\"https:\\\/\\\/schema.org\",\"@graph\":[{\"@type\":\"WebPage\",\"@id\":\"https:\\\/\\\/decolights.eu\\\/product\\\/pro-led-icicle-lights\\\/\",\"url\":\"https:\\\/\\\/decolights.eu\\\/product\\\/pro-led-icicle-lights\\\/\",\"name\":\"PRO LED Icicle Lights - Best quality - Decolights.eu\",\"isPartOf\":{\"@id\":\"https:\\\/\\\/decolights.eu\\\/#website\"},\"primaryImageOfPage\":{\"@id\":\"https:\\\/\\\/decolights.eu\\\/product\\\/pro-led-icicle-lights\\\/#primaryimage\"},\"image\":{\"@id\":\"https:\\\/\\\/decolights.eu\\\/product\\\/pro-led-icicle-lights\\\/#primaryimage\"},\"thumbnailUrl\":\"https:\\\/\\\/decolights.eu\\\/wp-content\\\/uploads\\\/2023\\\/04\\\/yan1308.jpg\",\"datePublished\":\"2023-04-01T04:22:58+00:00\",\"dateModified\":\"2023-05-12T06:55:13+00:00\",\"description\":\"PRO Icicle LED lights will create a magical and shiny atmosphere. Festive mood in guaranteed! Buy now to get the best price.\",\"breadcrumb\":{\"@id\":\"https:\\\/\\\/decolights.eu\\\/product\\\/pro-led-icicle-lights\\\/#breadcrumb\"},\"inLanguage\":\"ro-RO\",\"potentialAction\":[{\"@type\":\"ReadAction\",\"target\":[\"https:\\\/\\\/decolights.eu\\\/product\\\/pro-led-icicle-lights\\\/\"]}]},{\"@type\":\"ImageObject\",\"inLanguage\":\"ro-RO\",\"@id\":\"https:\\\/\\\/decolights.eu\\\/product\\\/pro-led-icicle-lights\\\/#primaryimage\",\"url\":\"https:\\\/\\\/decolights.eu\\\/wp-content\\\/uploads\\\/2023\\\/04\\\/yan1308.jpg\",\"contentUrl\":\"https:\\\/\\\/decolights.eu\\\/wp-content\\\/uploads\\\/2023\\\/04\\\/yan1308.jpg\",\"width\":495,\"height\":400},{\"@type\":\"BreadcrumbList\",\"@id\":\"https:\\\/\\\/decolights.eu\\\/product\\\/pro-led-icicle-lights\\\/#breadcrumb\",\"itemListElement\":[{\"@type\":\"ListItem\",\"position\":1,\"name\":\"Shop\",\"item\":\"https:\\\/\\\/decolights.eu\\\/shop\\\/\"},{\"@type\":\"ListItem\",\"position\":2,\"name\":\"PRO LED Icicle Lights\"}]},{\"@type\":\"WebSite\",\"@id\":\"https:\\\/\\\/decolights.eu\\\/#website\",\"url\":\"https:\\\/\\\/decolights.eu\\\/\",\"name\":\"decolights\",\"description\":\"Led Decorations for Home and Garden\",\"publisher\":{\"@id\":\"https:\\\/\\\/decolights.eu\\\/#organization\"},\"alternateName\":\"decolights.eu\",\"potentialAction\":[{\"@type\":\"SearchAction\",\"target\":{\"@type\":\"EntryPoint\",\"urlTemplate\":\"https:\\\/\\\/decolights.eu\\\/?s={search_term_string}\"},\"query-input\":{\"@type\":\"PropertyValueSpecification\",\"valueRequired\":true,\"valueName\":\"search_term_string\"}}],\"inLanguage\":\"ro-RO\"},{\"@type\":\"Organization\",\"@id\":\"https:\\\/\\\/decolights.eu\\\/#organization\",\"name\":\"decolights\",\"url\":\"https:\\\/\\\/decolights.eu\\\/\",\"logo\":{\"@type\":\"ImageObject\",\"inLanguage\":\"ro-RO\",\"@id\":\"https:\\\/\\\/decolights.eu\\\/#\\\/schema\\\/logo\\\/image\\\/\",\"url\":\"https:\\\/\\\/decolights.eu\\\/wp-content\\\/uploads\\\/2023\\\/07\\\/cropped-decolight-siteicon.png\",\"contentUrl\":\"https:\\\/\\\/decolights.eu\\\/wp-content\\\/uploads\\\/2023\\\/07\\\/cropped-decolight-siteicon.png\",\"width\":512,\"height\":512,\"caption\":\"decolights\"},\"image\":{\"@id\":\"https:\\\/\\\/decolights.eu\\\/#\\\/schema\\\/logo\\\/image\\\/\"}}]}<\/script>\n<!-- \/ Yoast SEO plugin. -->","yoast_head_json":{"title":"Lumini cu ghea\u021b\u0103 PRO LED - Cea mai bun\u0103 calitate - Decolights.eu","description":"Luminile LED PRO Icicle vor crea o atmosfer\u0103 magic\u0103 \u0219i str\u0103lucitoare. Dispozi\u021bie de s\u0103rb\u0103toare garantat\u0103! Cump\u0103ra\u021bi acum pentru a ob\u021bine cel mai bun pre\u021b.","robots":{"index":"index","follow":"follow","max-snippet":"max-snippet:-1","max-image-preview":"max-image-preview:large","max-video-preview":"max-video-preview:-1"},"canonical":"https:\/\/decolights.eu\/ro\/produs-2\/pro-led-icicle-lights\/","og_locale":"ro_RO","og_type":"article","og_title":"PRO LED Icicle Lights - Best quality - Decolights.eu","og_description":"PRO Icicle LED lights will create a magical and shiny atmosphere. Festive mood in guaranteed! Buy now to get the best price.","og_url":"https:\/\/decolights.eu\/ro\/produs-2\/pro-led-icicle-lights\/","og_site_name":"Decolights.eu","article_modified_time":"2023-05-12T06:55:13+00:00","og_image":[{"width":495,"height":400,"url":"https:\/\/decolights.eu\/wp-content\/uploads\/2023\/04\/yan1308.jpg","type":"image\/jpeg"}],"twitter_card":"summary_large_image","twitter_misc":{"Timp estimat pentru citire":"1 minut"},"schema":{"@context":"https:\/\/schema.org","@graph":[{"@type":"WebPage","@id":"https:\/\/decolights.eu\/product\/pro-led-icicle-lights\/","url":"https:\/\/decolights.eu\/product\/pro-led-icicle-lights\/","name":"Lumini cu ghea\u021b\u0103 PRO LED - Cea mai bun\u0103 calitate - Decolights.eu","isPartOf":{"@id":"https:\/\/decolights.eu\/#website"},"primaryImageOfPage":{"@id":"https:\/\/decolights.eu\/product\/pro-led-icicle-lights\/#primaryimage"},"image":{"@id":"https:\/\/decolights.eu\/product\/pro-led-icicle-lights\/#primaryimage"},"thumbnailUrl":"https:\/\/decolights.eu\/wp-content\/uploads\/2023\/04\/yan1308.jpg","datePublished":"2023-04-01T04:22:58+00:00","dateModified":"2023-05-12T06:55:13+00:00","description":"Luminile LED PRO Icicle vor crea o atmosfer\u0103 magic\u0103 \u0219i str\u0103lucitoare. Dispozi\u021bie de s\u0103rb\u0103toare garantat\u0103! Cump\u0103ra\u021bi acum pentru a ob\u021bine cel mai bun pre\u021b.","breadcrumb":{"@id":"https:\/\/decolights.eu\/product\/pro-led-icicle-lights\/#breadcrumb"},"inLanguage":"ro-RO","potentialAction":[{"@type":"ReadAction","target":["https:\/\/decolights.eu\/product\/pro-led-icicle-lights\/"]}]},{"@type":"ImageObject","inLanguage":"ro-RO","@id":"https:\/\/decolights.eu\/product\/pro-led-icicle-lights\/#primaryimage","url":"https:\/\/decolights.eu\/wp-content\/uploads\/2023\/04\/yan1308.jpg","contentUrl":"https:\/\/decolights.eu\/wp-content\/uploads\/2023\/04\/yan1308.jpg","width":495,"height":400},{"@type":"BreadcrumbList","@id":"https:\/\/decolights.eu\/product\/pro-led-icicle-lights\/#breadcrumb","itemListElement":[{"@type":"ListItem","position":1,"name":"Shop","item":"https:\/\/decolights.eu\/shop\/"},{"@type":"ListItem","position":2,"name":"PRO LED Icicle Lights"}]},{"@type":"WebSite","@id":"https:\/\/decolights.eu\/#website","url":"https:\/\/decolights.eu\/","name":"decolights","description":"Decoratiuni Led pentru Casa si Gradina","publisher":{"@id":"https:\/\/decolights.eu\/#organization"},"alternateName":"decolights.eu","potentialAction":[{"@type":"SearchAction","target":{"@type":"EntryPoint","urlTemplate":"https:\/\/decolights.eu\/?s={search_term_string}"},"query-input":{"@type":"PropertyValueSpecification","valueRequired":true,"valueName":"search_term_string"}}],"inLanguage":"ro-RO"},{"@type":"Organization","@id":"https:\/\/decolights.eu\/#organization","name":"decolights","url":"https:\/\/decolights.eu\/","logo":{"@type":"ImageObject","inLanguage":"ro-RO","@id":"https:\/\/decolights.eu\/#\/schema\/logo\/image\/","url":"https:\/\/decolights.eu\/wp-content\/uploads\/2023\/07\/cropped-decolight-siteicon.png","contentUrl":"https:\/\/decolights.eu\/wp-content\/uploads\/2023\/07\/cropped-decolight-siteicon.png","width":512,"height":512,"caption":"decolights"},"image":{"@id":"https:\/\/decolights.eu\/#\/schema\/logo\/image\/"}}]}},"jetpack_sharing_enabled":true,"_links":{"self":[{"href":"https:\/\/decolights.eu\/ro\/wp-json\/wp\/v2\/product\/4736","targetHints":{"allow":["GET"]}}],"collection":[{"href":"https:\/\/decolights.eu\/ro\/wp-json\/wp\/v2\/product"}],"about":[{"href":"https:\/\/decolights.eu\/ro\/wp-json\/wp\/v2\/types\/product"}],"replies":[{"embeddable":true,"href":"https:\/\/decolights.eu\/ro\/wp-json\/wp\/v2\/comments?post=4736"}],"wp:featuredmedia":[{"embeddable":true,"href":"https:\/\/decolights.eu\/ro\/wp-json\/wp\/v2\/media\/4771"}],"wp:attachment":[{"href":"https:\/\/decolights.eu\/ro\/wp-json\/wp\/v2\/media?parent=4736"}],"wp:term":[{"taxonomy":"product_brand","embeddable":true,"href":"https:\/\/decolights.eu\/ro\/wp-json\/wp\/v2\/product_brand?post=4736"},{"taxonomy":"product_cat","embeddable":true,"href":"https:\/\/decolights.eu\/ro\/wp-json\/wp\/v2\/product_cat?post=4736"},{"taxonomy":"product_tag","embeddable":true,"href":"https:\/\/decolights.eu\/ro\/wp-json\/wp\/v2\/product_tag?post=4736"}],"curies":[{"name":"wp","href":"https:\/\/api.w.org\/{rel}","templated":true}]}}