{"id":4741,"date":"2023-04-01T04:22:58","date_gmt":"2023-04-01T04:22:58","guid":{"rendered":"https:\/\/decolights.eu\/?post_type=product&#038;p=4741"},"modified":"2023-05-02T03:24:58","modified_gmt":"2023-05-02T03:24:58","slug":"pro-net-led-light-2x1m-with-cold-white-flash","status":"publish","type":"product","link":"https:\/\/decolights.eu\/ro\/produs-2\/pro-net-led-light-2x1m-with-cold-white-flash\/","title":{"rendered":"Lumin\u0103 LED PRO Net 2x1m cu blitz alb rece"},"content":{"rendered":"<p>Linia noastr\u0103 PRO este o serie de lumini de \u00eenalt\u0103 calitate \u0219i de lung\u0103 durat\u0103. Ghirlandele sunt cu cablu rezistent la UV \u0219i pot fi folosite afar\u0103 tot timpul anului.<\/p>\n<p>Net light with 176 warm white LED bulbs with beautiful light. Perfect for decoration in your garden.<\/p>\n<ul>\n<li><strong>Culoare LED:<\/strong>\u00a0alb cald<\/li>\n<li><strong>Culoarea firului: <\/strong>Negru<\/li>\n<li><strong>M\u0103rimea:<\/strong> 2 x 1M<\/li>\n<li><strong>Cablu de alimentare:<\/strong> 1,50 M<\/li>\n<li><strong>Telecomand\u0103:\u00a0<\/strong>Nu<\/li>\n<li><strong>Functii:\u00a0<\/strong>Nu<\/li>\n<li><b>Evaluare IP:\u00a0<\/b>IP44<\/li>\n<li><strong>Cable:<\/strong> PVC Rubber<\/li>\n<li><strong>Conectabil:\u00a0<\/strong>Nu<\/li>\n<li><strong>Sursa de putere:\u00a0<\/strong>conecteaza<\/li>\n<li><strong>Certificat CE:\u00a0<\/strong>da<\/li>\n<li>220-240V, 18.40W<\/li>\n<\/ul>\n<div class=\"spoiler_component_content_wrapper\">\n<div class=\"product_details_parameters spoiler_component_content\"><\/div>\n<\/div>","protected":false},"excerpt":{"rendered":"<p>Our PRO line is a high quality and long lasting light series. Garlands are with UV-proof cable and can be used outside all year around. Net light with 176 warm white LED bulbs with beautiful light. Perfect for decoration in your garden. LED Colour:\u00a0warm white Wire colour: Black Size: 2 x 1M Power lead cable: [&#8230;]\n","protected":false},"featured_media":4800,"comment_status":"open","ping_status":"closed","template":"","meta":[],"product_brand":[],"product_cat":[226,228],"product_tag":[],"class_list":{"0":"post-4741","1":"product","2":"type-product","3":"status-publish","4":"has-post-thumbnail","6":"product_cat-outdoor-lights","7":"product_cat-pro-festoon-lights","8":"pa_brand-deco","9":"pa_led-colour-warm-white","11":"first","12":"instock","13":"sale","14":"shipping-taxable","15":"purchasable","16":"product-type-simple"},"yoast_head":"<!-- This site is optimized with the Yoast SEO plugin v27.3 - https:\/\/yoast.com\/product\/yoast-seo-wordpress\/ -->\n<title>PRO Net LED Light 2x1m with cold white flash - Decolights.eu<\/title>\n<meta name=\"description\" content=\"Net LED Light 2x1M is perfect festive light for decorating trees, bushes, walls and ceilings. Buy now to get the best price!\" \/>\n<meta name=\"robots\" content=\"index, follow, max-snippet:-1, max-image-preview:large, max-video-preview:-1\" \/>\n<link rel=\"canonical\" href=\"https:\/\/decolights.eu\/ro\/produktas\/pro-net-led-light-2x1m-with-cold-white-flash\/\" \/>\n<meta property=\"og:locale\" content=\"ro_RO\" \/>\n<meta property=\"og:type\" content=\"article\" \/>\n<meta property=\"og:title\" content=\"PRO Net LED Light 2x1m with cold white flash - Decolights.eu\" \/>\n<meta property=\"og:description\" content=\"Net LED Light 2x1M is perfect festive light for decorating trees, bushes, walls and ceilings. Buy now to get the best price!\" \/>\n<meta property=\"og:url\" content=\"https:\/\/decolights.eu\/ro\/produktas\/pro-net-led-light-2x1m-with-cold-white-flash\/\" \/>\n<meta property=\"og:site_name\" content=\"Decolights.eu\" \/>\n<meta property=\"article:modified_time\" content=\"2023-05-02T03:24:58+00:00\" \/>\n<meta property=\"og:image\" content=\"https:\/\/decolights.eu\/wp-content\/uploads\/2023\/04\/vork-pro.jpg\" \/>\n\t<meta property=\"og:image:width\" content=\"550\" \/>\n\t<meta property=\"og:image:height\" content=\"366\" \/>\n\t<meta property=\"og:image:type\" content=\"image\/jpeg\" \/>\n<meta name=\"twitter:card\" content=\"summary_large_image\" \/>\n<meta name=\"twitter:label1\" content=\"Timp estimat pentru citire\" \/>\n\t<meta name=\"twitter:data1\" content=\"1 minut\" \/>\n<script type=\"application\/ld+json\" class=\"yoast-schema-graph\">{\"@context\":\"https:\\\/\\\/schema.org\",\"@graph\":[{\"@type\":\"WebPage\",\"@id\":\"https:\\\/\\\/decolights.eu\\\/lt\\\/produktas\\\/pro-net-led-light-2x1m-with-cold-white-flash\\\/\",\"url\":\"https:\\\/\\\/decolights.eu\\\/lt\\\/produktas\\\/pro-net-led-light-2x1m-with-cold-white-flash\\\/\",\"name\":\"PRO Net LED Light 2x1m with cold white flash - Decolights.eu\",\"isPartOf\":{\"@id\":\"https:\\\/\\\/decolights.eu\\\/#website\"},\"primaryImageOfPage\":{\"@id\":\"https:\\\/\\\/decolights.eu\\\/lt\\\/produktas\\\/pro-net-led-light-2x1m-with-cold-white-flash\\\/#primaryimage\"},\"image\":{\"@id\":\"https:\\\/\\\/decolights.eu\\\/lt\\\/produktas\\\/pro-net-led-light-2x1m-with-cold-white-flash\\\/#primaryimage\"},\"thumbnailUrl\":\"https:\\\/\\\/decolights.eu\\\/wp-content\\\/uploads\\\/2023\\\/04\\\/vork-pro.jpg\",\"datePublished\":\"2023-04-01T04:22:58+00:00\",\"dateModified\":\"2023-05-02T03:24:58+00:00\",\"description\":\"Net LED Light 2x1M is perfect festive light for decorating trees, bushes, walls and ceilings. Buy now to get the best price!\",\"breadcrumb\":{\"@id\":\"https:\\\/\\\/decolights.eu\\\/lt\\\/produktas\\\/pro-net-led-light-2x1m-with-cold-white-flash\\\/#breadcrumb\"},\"inLanguage\":\"ro-RO\",\"potentialAction\":[{\"@type\":\"ReadAction\",\"target\":[\"https:\\\/\\\/decolights.eu\\\/lt\\\/produktas\\\/pro-net-led-light-2x1m-with-cold-white-flash\\\/\"]}]},{\"@type\":\"ImageObject\",\"inLanguage\":\"ro-RO\",\"@id\":\"https:\\\/\\\/decolights.eu\\\/lt\\\/produktas\\\/pro-net-led-light-2x1m-with-cold-white-flash\\\/#primaryimage\",\"url\":\"https:\\\/\\\/decolights.eu\\\/wp-content\\\/uploads\\\/2023\\\/04\\\/vork-pro.jpg\",\"contentUrl\":\"https:\\\/\\\/decolights.eu\\\/wp-content\\\/uploads\\\/2023\\\/04\\\/vork-pro.jpg\",\"width\":550,\"height\":366},{\"@type\":\"BreadcrumbList\",\"@id\":\"https:\\\/\\\/decolights.eu\\\/lt\\\/produktas\\\/pro-net-led-light-2x1m-with-cold-white-flash\\\/#breadcrumb\",\"itemListElement\":[{\"@type\":\"ListItem\",\"position\":1,\"name\":\"Shop\",\"item\":\"https:\\\/\\\/decolights.eu\\\/shop\\\/\"},{\"@type\":\"ListItem\",\"position\":2,\"name\":\"PRO Net LED Light 2x1m with cold white flash\"}]},{\"@type\":\"WebSite\",\"@id\":\"https:\\\/\\\/decolights.eu\\\/#website\",\"url\":\"https:\\\/\\\/decolights.eu\\\/\",\"name\":\"decolights\",\"description\":\"Led Decorations for Home and Garden\",\"publisher\":{\"@id\":\"https:\\\/\\\/decolights.eu\\\/#organization\"},\"alternateName\":\"decolights.eu\",\"potentialAction\":[{\"@type\":\"SearchAction\",\"target\":{\"@type\":\"EntryPoint\",\"urlTemplate\":\"https:\\\/\\\/decolights.eu\\\/?s={search_term_string}\"},\"query-input\":{\"@type\":\"PropertyValueSpecification\",\"valueRequired\":true,\"valueName\":\"search_term_string\"}}],\"inLanguage\":\"ro-RO\"},{\"@type\":\"Organization\",\"@id\":\"https:\\\/\\\/decolights.eu\\\/#organization\",\"name\":\"decolights\",\"url\":\"https:\\\/\\\/decolights.eu\\\/\",\"logo\":{\"@type\":\"ImageObject\",\"inLanguage\":\"ro-RO\",\"@id\":\"https:\\\/\\\/decolights.eu\\\/#\\\/schema\\\/logo\\\/image\\\/\",\"url\":\"https:\\\/\\\/decolights.eu\\\/wp-content\\\/uploads\\\/2023\\\/07\\\/cropped-decolight-siteicon.png\",\"contentUrl\":\"https:\\\/\\\/decolights.eu\\\/wp-content\\\/uploads\\\/2023\\\/07\\\/cropped-decolight-siteicon.png\",\"width\":512,\"height\":512,\"caption\":\"decolights\"},\"image\":{\"@id\":\"https:\\\/\\\/decolights.eu\\\/#\\\/schema\\\/logo\\\/image\\\/\"}}]}<\/script>\n<!-- \/ Yoast SEO plugin. -->","yoast_head_json":{"title":"PRO Net LED Light 2x1m with cold white flash - Decolights.eu","description":"Net LED Light 2x1M is perfect festive light for decorating trees, bushes, walls and ceilings. Buy now to get the best price!","robots":{"index":"index","follow":"follow","max-snippet":"max-snippet:-1","max-image-preview":"max-image-preview:large","max-video-preview":"max-video-preview:-1"},"canonical":"https:\/\/decolights.eu\/ro\/produktas\/pro-net-led-light-2x1m-with-cold-white-flash\/","og_locale":"ro_RO","og_type":"article","og_title":"PRO Net LED Light 2x1m with cold white flash - Decolights.eu","og_description":"Net LED Light 2x1M is perfect festive light for decorating trees, bushes, walls and ceilings. Buy now to get the best price!","og_url":"https:\/\/decolights.eu\/ro\/produktas\/pro-net-led-light-2x1m-with-cold-white-flash\/","og_site_name":"Decolights.eu","article_modified_time":"2023-05-02T03:24:58+00:00","og_image":[{"width":550,"height":366,"url":"https:\/\/decolights.eu\/wp-content\/uploads\/2023\/04\/vork-pro.jpg","type":"image\/jpeg"}],"twitter_card":"summary_large_image","twitter_misc":{"Timp estimat pentru citire":"1 minut"},"schema":{"@context":"https:\/\/schema.org","@graph":[{"@type":"WebPage","@id":"https:\/\/decolights.eu\/lt\/produktas\/pro-net-led-light-2x1m-with-cold-white-flash\/","url":"https:\/\/decolights.eu\/lt\/produktas\/pro-net-led-light-2x1m-with-cold-white-flash\/","name":"PRO Net LED Light 2x1m with cold white flash - Decolights.eu","isPartOf":{"@id":"https:\/\/decolights.eu\/#website"},"primaryImageOfPage":{"@id":"https:\/\/decolights.eu\/lt\/produktas\/pro-net-led-light-2x1m-with-cold-white-flash\/#primaryimage"},"image":{"@id":"https:\/\/decolights.eu\/lt\/produktas\/pro-net-led-light-2x1m-with-cold-white-flash\/#primaryimage"},"thumbnailUrl":"https:\/\/decolights.eu\/wp-content\/uploads\/2023\/04\/vork-pro.jpg","datePublished":"2023-04-01T04:22:58+00:00","dateModified":"2023-05-02T03:24:58+00:00","description":"Net LED Light 2x1M is perfect festive light for decorating trees, bushes, walls and ceilings. Buy now to get the best price!","breadcrumb":{"@id":"https:\/\/decolights.eu\/lt\/produktas\/pro-net-led-light-2x1m-with-cold-white-flash\/#breadcrumb"},"inLanguage":"ro-RO","potentialAction":[{"@type":"ReadAction","target":["https:\/\/decolights.eu\/lt\/produktas\/pro-net-led-light-2x1m-with-cold-white-flash\/"]}]},{"@type":"ImageObject","inLanguage":"ro-RO","@id":"https:\/\/decolights.eu\/lt\/produktas\/pro-net-led-light-2x1m-with-cold-white-flash\/#primaryimage","url":"https:\/\/decolights.eu\/wp-content\/uploads\/2023\/04\/vork-pro.jpg","contentUrl":"https:\/\/decolights.eu\/wp-content\/uploads\/2023\/04\/vork-pro.jpg","width":550,"height":366},{"@type":"BreadcrumbList","@id":"https:\/\/decolights.eu\/lt\/produktas\/pro-net-led-light-2x1m-with-cold-white-flash\/#breadcrumb","itemListElement":[{"@type":"ListItem","position":1,"name":"Shop","item":"https:\/\/decolights.eu\/shop\/"},{"@type":"ListItem","position":2,"name":"PRO Net LED Light 2x1m with cold white flash"}]},{"@type":"WebSite","@id":"https:\/\/decolights.eu\/#website","url":"https:\/\/decolights.eu\/","name":"decolights","description":"Decoratiuni Led pentru Casa si Gradina","publisher":{"@id":"https:\/\/decolights.eu\/#organization"},"alternateName":"decolights.eu","potentialAction":[{"@type":"SearchAction","target":{"@type":"EntryPoint","urlTemplate":"https:\/\/decolights.eu\/?s={search_term_string}"},"query-input":{"@type":"PropertyValueSpecification","valueRequired":true,"valueName":"search_term_string"}}],"inLanguage":"ro-RO"},{"@type":"Organization","@id":"https:\/\/decolights.eu\/#organization","name":"decolights","url":"https:\/\/decolights.eu\/","logo":{"@type":"ImageObject","inLanguage":"ro-RO","@id":"https:\/\/decolights.eu\/#\/schema\/logo\/image\/","url":"https:\/\/decolights.eu\/wp-content\/uploads\/2023\/07\/cropped-decolight-siteicon.png","contentUrl":"https:\/\/decolights.eu\/wp-content\/uploads\/2023\/07\/cropped-decolight-siteicon.png","width":512,"height":512,"caption":"decolights"},"image":{"@id":"https:\/\/decolights.eu\/#\/schema\/logo\/image\/"}}]}},"jetpack_sharing_enabled":true,"_links":{"self":[{"href":"https:\/\/decolights.eu\/ro\/wp-json\/wp\/v2\/product\/4741","targetHints":{"allow":["GET"]}}],"collection":[{"href":"https:\/\/decolights.eu\/ro\/wp-json\/wp\/v2\/product"}],"about":[{"href":"https:\/\/decolights.eu\/ro\/wp-json\/wp\/v2\/types\/product"}],"replies":[{"embeddable":true,"href":"https:\/\/decolights.eu\/ro\/wp-json\/wp\/v2\/comments?post=4741"}],"wp:featuredmedia":[{"embeddable":true,"href":"https:\/\/decolights.eu\/ro\/wp-json\/wp\/v2\/media\/4800"}],"wp:attachment":[{"href":"https:\/\/decolights.eu\/ro\/wp-json\/wp\/v2\/media?parent=4741"}],"wp:term":[{"taxonomy":"product_brand","embeddable":true,"href":"https:\/\/decolights.eu\/ro\/wp-json\/wp\/v2\/product_brand?post=4741"},{"taxonomy":"product_cat","embeddable":true,"href":"https:\/\/decolights.eu\/ro\/wp-json\/wp\/v2\/product_cat?post=4741"},{"taxonomy":"product_tag","embeddable":true,"href":"https:\/\/decolights.eu\/ro\/wp-json\/wp\/v2\/product_tag?post=4741"}],"curies":[{"name":"wp","href":"https:\/\/api.w.org\/{rel}","templated":true}]}}