{"id":4743,"date":"2023-04-01T04:22:59","date_gmt":"2023-04-01T04:22:59","guid":{"rendered":"https:\/\/decolights.eu\/?post_type=product&#038;p=4743"},"modified":"2023-05-12T05:01:22","modified_gmt":"2023-05-12T05:01:22","slug":"pro-meteor-led-light","status":"publish","type":"product","link":"https:\/\/decolights.eu\/ro\/produs-2\/pro-meteor-led-light\/","title":{"rendered":"Lumin\u0103 LED PRO Meteor"},"content":{"rendered":"<div class=\"spoiler_component_content_wrapper\">\n<div class=\"product_details_parameters spoiler_component_content\">\n<div class=\"spoiler_component_content_wrapper\">\n<div class=\"product_details_parameters spoiler_component_content\">\n<p>Linia noastr\u0103 PRO este o serie de lumini LED de \u00eenalt\u0103 calitate \u0219i de lung\u0103 durat\u0103. Ghirlandele sunt cu cablu din cauciuc rezistent la UV \u0219i pot fi folosite afar\u0103 tot timpul anului.<\/p>\n<p>Lumina LED PRO Meteor este perfecta pentru decorarea fatadelor, balcoanelor sau copacilor. Ofer\u0103 un efect luminos \u0219i fabulos de fulger \u0219i va face casa ta s\u0103 arate \u0219i mai frumoas\u0103 \u0219i mai remarcabil\u0103.<\/p>\n<p>Nu ezita\u021bi s\u0103 ne contacta\u021bi dac\u0103 sunte\u021bi interesat de orice alt\u0103 culoare de LED sau cablu <a href=\"mailto:info@decolights.eu\">info@decolights.eu<\/a>.<\/p>\n<\/div>\n<\/div>\n<ul>\n<li><strong>Num\u0103rul de meteori<\/strong><strong>:\u00a0<\/strong>5 buc<\/li>\n<li><strong>Numar de LED-uri:\u00a0<\/strong>320LED<\/li>\n<li><strong>Lungime total\u0103 (cablu de alimentare inclus): <\/strong>7M<\/li>\n<li><strong>Lungimea piesei iluminate: <\/strong>5M<\/li>\n<li><strong>Cablu de alimentare:<\/strong> 2,0 milioane<\/li>\n<li><strong>Lungimea meteorului:\u00a0<\/strong>50CM<\/li>\n<li><strong>Distan\u021ba dintre meteori:<\/strong> 1M<\/li>\n<li><strong>Dimensiunea LED-ului:<\/strong> 8MM<\/li>\n<li><strong>Unghiul fulgerului:\u00a0<\/strong>360 de grade<\/li>\n<li><strong>Clipe\u0219te:\u00a0<\/strong>Nu<\/li>\n<li><strong>Evaluare IP: <\/strong>IP65<\/li>\n<li><strong>Sursa de putere:\u00a0<\/strong>Conecteaza<\/li>\n<li><strong>Material cablu:\u00a0<\/strong>Cauciuc 3,2 mm<\/li>\n<li><strong>Conectabil:\u00a0<\/strong>Da (maxim 3 seturi)<\/li>\n<li><strong>Certificat CE:\u00a0<\/strong>da<\/li>\n<li>220-240V, 24W<\/li>\n<\/ul>\n<\/div>\n<\/div>","protected":false},"excerpt":{"rendered":"<p>Our PRO line is a high quality and long lasting LED light series. Garlands are with UV-proof, rubber cable and can be used outside all year around. PRO Meteor LED Light is perfect for decorating facades, balconies or trees. Gives a bright and fabulous lightning effect and will make your home look even more beautiful [&#8230;]\n","protected":false},"featured_media":4805,"comment_status":"open","ping_status":"closed","template":"","meta":[],"product_brand":[],"product_cat":[226,239],"product_tag":[],"class_list":{"0":"post-4743","1":"product","2":"type-product","3":"status-publish","4":"has-post-thumbnail","6":"product_cat-outdoor-lights","7":"product_cat-pro-christmas-lights","8":"pa_available-colours-cold-white","9":"pa_available-colours-warm-white","10":"pa_brand-deco","11":"pa_led-colour-cold-white","12":"pa_led-colour-warm-white","14":"first","15":"onbackorder","16":"sale","17":"shipping-taxable","18":"purchasable","19":"product-type-variable"},"yoast_head":"<!-- This site is optimized with the Yoast SEO plugin v27.3 - https:\/\/yoast.com\/product\/yoast-seo-wordpress\/ -->\n<title>PRO Meteor LED Light - Best price &amp; Quality - Decolights.eu<\/title>\n<meta name=\"description\" content=\"PRO Meteor LED light will create a magical atmosphere. Festive mood in guaranteed! Decorate your outside tree or facade. Buy now to get the best price.\" \/>\n<meta name=\"robots\" content=\"index, follow, max-snippet:-1, max-image-preview:large, max-video-preview:-1\" \/>\n<link rel=\"canonical\" href=\"https:\/\/decolights.eu\/ro\/produs-2\/pro-meteor-led-light\/\" \/>\n<meta property=\"og:locale\" content=\"ro_RO\" \/>\n<meta property=\"og:type\" content=\"article\" \/>\n<meta property=\"og:title\" content=\"PRO Meteor LED Light - Best price &amp; Quality - Decolights.eu\" \/>\n<meta property=\"og:description\" content=\"PRO Meteor LED light will create a magical atmosphere. Festive mood in guaranteed! Decorate your outside tree or facade. Buy now to get the best price.\" \/>\n<meta property=\"og:url\" content=\"https:\/\/decolights.eu\/ro\/produs-2\/pro-meteor-led-light\/\" \/>\n<meta property=\"og:site_name\" content=\"Decolights.eu\" \/>\n<meta property=\"article:modified_time\" content=\"2023-05-12T05:01:22+00:00\" \/>\n<meta property=\"og:image\" content=\"https:\/\/decolights.eu\/wp-content\/uploads\/2023\/04\/dekor-puud-1.jpg\" \/>\n\t<meta property=\"og:image:width\" content=\"995\" \/>\n\t<meta property=\"og:image:height\" content=\"578\" \/>\n\t<meta property=\"og:image:type\" content=\"image\/jpeg\" \/>\n<meta name=\"twitter:card\" content=\"summary_large_image\" \/>\n<meta name=\"twitter:label1\" content=\"Timp estimat pentru citire\" \/>\n\t<meta name=\"twitter:data1\" content=\"1 minut\" \/>\n<script type=\"application\/ld+json\" class=\"yoast-schema-graph\">{\"@context\":\"https:\\\/\\\/schema.org\",\"@graph\":[{\"@type\":\"WebPage\",\"@id\":\"https:\\\/\\\/decolights.eu\\\/product\\\/pro-meteor-led-light\\\/\",\"url\":\"https:\\\/\\\/decolights.eu\\\/product\\\/pro-meteor-led-light\\\/\",\"name\":\"PRO Meteor LED Light - Best price & Quality - Decolights.eu\",\"isPartOf\":{\"@id\":\"https:\\\/\\\/decolights.eu\\\/#website\"},\"primaryImageOfPage\":{\"@id\":\"https:\\\/\\\/decolights.eu\\\/product\\\/pro-meteor-led-light\\\/#primaryimage\"},\"image\":{\"@id\":\"https:\\\/\\\/decolights.eu\\\/product\\\/pro-meteor-led-light\\\/#primaryimage\"},\"thumbnailUrl\":\"https:\\\/\\\/decolights.eu\\\/wp-content\\\/uploads\\\/2023\\\/04\\\/dekor-puud-1.jpg\",\"datePublished\":\"2023-04-01T04:22:59+00:00\",\"dateModified\":\"2023-05-12T05:01:22+00:00\",\"description\":\"PRO Meteor LED light will create a magical atmosphere. Festive mood in guaranteed! Decorate your outside tree or facade. Buy now to get the best price.\",\"breadcrumb\":{\"@id\":\"https:\\\/\\\/decolights.eu\\\/product\\\/pro-meteor-led-light\\\/#breadcrumb\"},\"inLanguage\":\"ro-RO\",\"potentialAction\":[{\"@type\":\"ReadAction\",\"target\":[\"https:\\\/\\\/decolights.eu\\\/product\\\/pro-meteor-led-light\\\/\"]}]},{\"@type\":\"ImageObject\",\"inLanguage\":\"ro-RO\",\"@id\":\"https:\\\/\\\/decolights.eu\\\/product\\\/pro-meteor-led-light\\\/#primaryimage\",\"url\":\"https:\\\/\\\/decolights.eu\\\/wp-content\\\/uploads\\\/2023\\\/04\\\/dekor-puud-1.jpg\",\"contentUrl\":\"https:\\\/\\\/decolights.eu\\\/wp-content\\\/uploads\\\/2023\\\/04\\\/dekor-puud-1.jpg\",\"width\":995,\"height\":578},{\"@type\":\"BreadcrumbList\",\"@id\":\"https:\\\/\\\/decolights.eu\\\/product\\\/pro-meteor-led-light\\\/#breadcrumb\",\"itemListElement\":[{\"@type\":\"ListItem\",\"position\":1,\"name\":\"Shop\",\"item\":\"https:\\\/\\\/decolights.eu\\\/shop\\\/\"},{\"@type\":\"ListItem\",\"position\":2,\"name\":\"PRO Meteor LED Light\"}]},{\"@type\":\"WebSite\",\"@id\":\"https:\\\/\\\/decolights.eu\\\/#website\",\"url\":\"https:\\\/\\\/decolights.eu\\\/\",\"name\":\"decolights\",\"description\":\"Led Decorations for Home and Garden\",\"publisher\":{\"@id\":\"https:\\\/\\\/decolights.eu\\\/#organization\"},\"alternateName\":\"decolights.eu\",\"potentialAction\":[{\"@type\":\"SearchAction\",\"target\":{\"@type\":\"EntryPoint\",\"urlTemplate\":\"https:\\\/\\\/decolights.eu\\\/?s={search_term_string}\"},\"query-input\":{\"@type\":\"PropertyValueSpecification\",\"valueRequired\":true,\"valueName\":\"search_term_string\"}}],\"inLanguage\":\"ro-RO\"},{\"@type\":\"Organization\",\"@id\":\"https:\\\/\\\/decolights.eu\\\/#organization\",\"name\":\"decolights\",\"url\":\"https:\\\/\\\/decolights.eu\\\/\",\"logo\":{\"@type\":\"ImageObject\",\"inLanguage\":\"ro-RO\",\"@id\":\"https:\\\/\\\/decolights.eu\\\/#\\\/schema\\\/logo\\\/image\\\/\",\"url\":\"https:\\\/\\\/decolights.eu\\\/wp-content\\\/uploads\\\/2023\\\/07\\\/cropped-decolight-siteicon.png\",\"contentUrl\":\"https:\\\/\\\/decolights.eu\\\/wp-content\\\/uploads\\\/2023\\\/07\\\/cropped-decolight-siteicon.png\",\"width\":512,\"height\":512,\"caption\":\"decolights\"},\"image\":{\"@id\":\"https:\\\/\\\/decolights.eu\\\/#\\\/schema\\\/logo\\\/image\\\/\"}}]}<\/script>\n<!-- \/ Yoast SEO plugin. -->","yoast_head_json":{"title":"Lumin\u0103 LED PRO Meteor - Cel mai bun pre\u021b \u0219i calitate - Decolights.eu","description":"Lumina LED PRO Meteor va crea o atmosfer\u0103 magic\u0103. Dispozi\u021bie de s\u0103rb\u0103toare garantat\u0103! Decora\u021bi-v\u0103 copacul exterior sau fa\u021bada. Cump\u0103ra\u021bi acum pentru a ob\u021bine cel mai bun pre\u021b.","robots":{"index":"index","follow":"follow","max-snippet":"max-snippet:-1","max-image-preview":"max-image-preview:large","max-video-preview":"max-video-preview:-1"},"canonical":"https:\/\/decolights.eu\/ro\/produs-2\/pro-meteor-led-light\/","og_locale":"ro_RO","og_type":"article","og_title":"PRO Meteor LED Light - Best price & Quality - Decolights.eu","og_description":"PRO Meteor LED light will create a magical atmosphere. Festive mood in guaranteed! Decorate your outside tree or facade. Buy now to get the best price.","og_url":"https:\/\/decolights.eu\/ro\/produs-2\/pro-meteor-led-light\/","og_site_name":"Decolights.eu","article_modified_time":"2023-05-12T05:01:22+00:00","og_image":[{"width":995,"height":578,"url":"https:\/\/decolights.eu\/wp-content\/uploads\/2023\/04\/dekor-puud-1.jpg","type":"image\/jpeg"}],"twitter_card":"summary_large_image","twitter_misc":{"Timp estimat pentru citire":"1 minut"},"schema":{"@context":"https:\/\/schema.org","@graph":[{"@type":"WebPage","@id":"https:\/\/decolights.eu\/product\/pro-meteor-led-light\/","url":"https:\/\/decolights.eu\/product\/pro-meteor-led-light\/","name":"Lumin\u0103 LED PRO Meteor - Cel mai bun pre\u021b \u0219i calitate - Decolights.eu","isPartOf":{"@id":"https:\/\/decolights.eu\/#website"},"primaryImageOfPage":{"@id":"https:\/\/decolights.eu\/product\/pro-meteor-led-light\/#primaryimage"},"image":{"@id":"https:\/\/decolights.eu\/product\/pro-meteor-led-light\/#primaryimage"},"thumbnailUrl":"https:\/\/decolights.eu\/wp-content\/uploads\/2023\/04\/dekor-puud-1.jpg","datePublished":"2023-04-01T04:22:59+00:00","dateModified":"2023-05-12T05:01:22+00:00","description":"Lumina LED PRO Meteor va crea o atmosfer\u0103 magic\u0103. Dispozi\u021bie de s\u0103rb\u0103toare garantat\u0103! Decora\u021bi-v\u0103 copacul exterior sau fa\u021bada. Cump\u0103ra\u021bi acum pentru a ob\u021bine cel mai bun pre\u021b.","breadcrumb":{"@id":"https:\/\/decolights.eu\/product\/pro-meteor-led-light\/#breadcrumb"},"inLanguage":"ro-RO","potentialAction":[{"@type":"ReadAction","target":["https:\/\/decolights.eu\/product\/pro-meteor-led-light\/"]}]},{"@type":"ImageObject","inLanguage":"ro-RO","@id":"https:\/\/decolights.eu\/product\/pro-meteor-led-light\/#primaryimage","url":"https:\/\/decolights.eu\/wp-content\/uploads\/2023\/04\/dekor-puud-1.jpg","contentUrl":"https:\/\/decolights.eu\/wp-content\/uploads\/2023\/04\/dekor-puud-1.jpg","width":995,"height":578},{"@type":"BreadcrumbList","@id":"https:\/\/decolights.eu\/product\/pro-meteor-led-light\/#breadcrumb","itemListElement":[{"@type":"ListItem","position":1,"name":"Shop","item":"https:\/\/decolights.eu\/shop\/"},{"@type":"ListItem","position":2,"name":"PRO Meteor LED Light"}]},{"@type":"WebSite","@id":"https:\/\/decolights.eu\/#website","url":"https:\/\/decolights.eu\/","name":"decolights","description":"Decoratiuni Led pentru Casa si Gradina","publisher":{"@id":"https:\/\/decolights.eu\/#organization"},"alternateName":"decolights.eu","potentialAction":[{"@type":"SearchAction","target":{"@type":"EntryPoint","urlTemplate":"https:\/\/decolights.eu\/?s={search_term_string}"},"query-input":{"@type":"PropertyValueSpecification","valueRequired":true,"valueName":"search_term_string"}}],"inLanguage":"ro-RO"},{"@type":"Organization","@id":"https:\/\/decolights.eu\/#organization","name":"decolights","url":"https:\/\/decolights.eu\/","logo":{"@type":"ImageObject","inLanguage":"ro-RO","@id":"https:\/\/decolights.eu\/#\/schema\/logo\/image\/","url":"https:\/\/decolights.eu\/wp-content\/uploads\/2023\/07\/cropped-decolight-siteicon.png","contentUrl":"https:\/\/decolights.eu\/wp-content\/uploads\/2023\/07\/cropped-decolight-siteicon.png","width":512,"height":512,"caption":"decolights"},"image":{"@id":"https:\/\/decolights.eu\/#\/schema\/logo\/image\/"}}]}},"jetpack_sharing_enabled":true,"_links":{"self":[{"href":"https:\/\/decolights.eu\/ro\/wp-json\/wp\/v2\/product\/4743","targetHints":{"allow":["GET"]}}],"collection":[{"href":"https:\/\/decolights.eu\/ro\/wp-json\/wp\/v2\/product"}],"about":[{"href":"https:\/\/decolights.eu\/ro\/wp-json\/wp\/v2\/types\/product"}],"replies":[{"embeddable":true,"href":"https:\/\/decolights.eu\/ro\/wp-json\/wp\/v2\/comments?post=4743"}],"wp:featuredmedia":[{"embeddable":true,"href":"https:\/\/decolights.eu\/ro\/wp-json\/wp\/v2\/media\/4805"}],"wp:attachment":[{"href":"https:\/\/decolights.eu\/ro\/wp-json\/wp\/v2\/media?parent=4743"}],"wp:term":[{"taxonomy":"product_brand","embeddable":true,"href":"https:\/\/decolights.eu\/ro\/wp-json\/wp\/v2\/product_brand?post=4743"},{"taxonomy":"product_cat","embeddable":true,"href":"https:\/\/decolights.eu\/ro\/wp-json\/wp\/v2\/product_cat?post=4743"},{"taxonomy":"product_tag","embeddable":true,"href":"https:\/\/decolights.eu\/ro\/wp-json\/wp\/v2\/product_tag?post=4743"}],"curies":[{"name":"wp","href":"https:\/\/api.w.org\/{rel}","templated":true}]}}