{"id":5051,"date":"2023-04-01T04:26:07","date_gmt":"2023-04-01T04:26:07","guid":{"rendered":"https:\/\/decolights.eu\/?post_type=product&#038;p=5051"},"modified":"2023-05-01T14:36:55","modified_gmt":"2023-05-01T14:36:55","slug":"mini-festoon-led-lights-hooky-9-5m-16-bulbs","status":"publish","type":"product","link":"https:\/\/decolights.eu\/ro\/produs-2\/mini-festoon-led-lights-hooky-9-5m-16-bulbs\/","title":{"rendered":"Mini Festoon LED Lights Hooky 9.5M 16 becuri"},"content":{"rendered":"<p>Mini Festoon LED Lights Hooky cu huse mai mici, multicolore, cu 16 buc\u0103\u021bi LED-uri alb cald pentru utilizare \u00een aer liber. Ofer\u0103 o lumin\u0103 frumoas\u0103 \u0219i confortabil\u0103 \u00een \u00eentuneric.<\/p>\n<ul>\n<li><strong>Culoare<\/strong>: coper\u021bi multicolore<\/li>\n<li><strong>Culoare LED:\u00a0<\/strong>alb cald<\/li>\n<li><strong>Num\u0103rul de l\u0103mpi<\/strong><strong>: <\/strong>16 buc<\/li>\n<li><strong>Lungime total\u0103 (cablu de alimentare inclus): <\/strong>9,50 M<\/li>\n<li><strong>Lungime aprins\u0103:\u00a0<\/strong>4,50 M<\/li>\n<li><strong>Cablu de alimentare:<\/strong> 5M<\/li>\n<li><strong>Dimensiunea becului:\u00a0<\/strong>2,50 cm<\/li>\n<li><strong>Distan\u021ba dintre becuri:<\/strong> 30CM<\/li>\n<li><strong>Culoare cablu: <\/strong>negru<\/li>\n<li><strong>Evaluare IP: <\/strong>IP44<\/li>\n<li><strong>Sursa de putere:\u00a0<\/strong>Conecteaza<\/li>\n<li><strong>Material cablu:\u00a0<\/strong>PVC<\/li>\n<li><strong>Conectabil:\u00a0<\/strong>Nu<\/li>\n<li><strong>Capacul\/priza:\u00a0<\/strong>Nu se poate \u00eenlocui<\/li>\n<li><strong>Certificat CE:\u00a0<\/strong>da<\/li>\n<li>3,2 V DC 0,96 W<\/li>\n<\/ul>","protected":false},"excerpt":{"rendered":"<p>Mini Festoon LED Lights Hooky with a little smaller multi coloured covers, with 16 pcs warm white LED-lights for outdoor use. Gives a beautiful and cozy light in the dark. Colour: multi-coloured covers LED Colour:\u00a0warm white Number of lamps: 16pcs Total length (included power lead cable): 9.50M Lit length:\u00a04.50M Power lead cable: 5M Bulb size:\u00a02.50CM [&#8230;]\n","protected":false},"featured_media":5123,"comment_status":"open","ping_status":"closed","template":"","meta":[],"product_brand":[],"product_cat":[227,226],"product_tag":[],"class_list":{"0":"post-5051","1":"product","2":"type-product","3":"status-publish","4":"has-post-thumbnail","6":"product_cat-led-festoon-lights-outdoor-lights","7":"product_cat-outdoor-lights","8":"pa_brand-deco","9":"pa_led-colour-warm-white","11":"first","12":"instock","13":"sale","14":"shipping-taxable","15":"purchasable","16":"product-type-simple"},"yoast_head":"<!-- This site is optimized with the Yoast SEO plugin v27.3 - https:\/\/yoast.com\/product\/yoast-seo-wordpress\/ -->\n<title>Mini Festoon LED Lights Hooky 9.5M 16 bulbs - Best price - Decolights.eu<\/title>\n<meta name=\"description\" content=\"Decorate your patio or garden with a nice mini festoon LED lights Hooky to get a cozy atmosphere. Do not hesitate and buy now the get the best price!\" \/>\n<meta name=\"robots\" content=\"index, follow, max-snippet:-1, max-image-preview:large, max-video-preview:-1\" \/>\n<link rel=\"canonical\" href=\"https:\/\/decolights.eu\/ro\/produkt\/mini-festoon-led-lights-hooky-9-5m-16-bulbs\/\" \/>\n<meta property=\"og:locale\" content=\"ro_RO\" \/>\n<meta property=\"og:type\" content=\"article\" \/>\n<meta property=\"og:title\" content=\"Mini Festoon LED Lights Hooky 9.5M 16 bulbs - Best price - Decolights.eu\" \/>\n<meta property=\"og:description\" content=\"Decorate your patio or garden with a nice mini festoon LED lights Hooky to get a cozy atmosphere. Do not hesitate and buy now the get the best price!\" \/>\n<meta property=\"og:url\" content=\"https:\/\/decolights.eu\/ro\/produkt\/mini-festoon-led-lights-hooky-9-5m-16-bulbs\/\" \/>\n<meta property=\"og:site_name\" content=\"Decolights.eu\" \/>\n<meta property=\"article:modified_time\" content=\"2023-05-01T14:36:55+00:00\" \/>\n<meta property=\"og:image\" content=\"https:\/\/decolights.eu\/wp-content\/uploads\/2023\/04\/476-91_M2.jpg\" \/>\n\t<meta property=\"og:image:width\" content=\"1000\" \/>\n\t<meta property=\"og:image:height\" content=\"1000\" \/>\n\t<meta property=\"og:image:type\" content=\"image\/jpeg\" \/>\n<meta name=\"twitter:card\" content=\"summary_large_image\" \/>\n<meta name=\"twitter:label1\" content=\"Timp estimat pentru citire\" \/>\n\t<meta name=\"twitter:data1\" content=\"1 minut\" \/>\n<script type=\"application\/ld+json\" class=\"yoast-schema-graph\">{\"@context\":\"https:\\\/\\\/schema.org\",\"@graph\":[{\"@type\":\"WebPage\",\"@id\":\"https:\\\/\\\/decolights.eu\\\/sk\\\/produkt\\\/mini-festoon-led-lights-hooky-9-5m-16-bulbs\\\/\",\"url\":\"https:\\\/\\\/decolights.eu\\\/sk\\\/produkt\\\/mini-festoon-led-lights-hooky-9-5m-16-bulbs\\\/\",\"name\":\"Mini Festoon LED Lights Hooky 9.5M 16 bulbs - Best price - Decolights.eu\",\"isPartOf\":{\"@id\":\"https:\\\/\\\/decolights.eu\\\/#website\"},\"primaryImageOfPage\":{\"@id\":\"https:\\\/\\\/decolights.eu\\\/sk\\\/produkt\\\/mini-festoon-led-lights-hooky-9-5m-16-bulbs\\\/#primaryimage\"},\"image\":{\"@id\":\"https:\\\/\\\/decolights.eu\\\/sk\\\/produkt\\\/mini-festoon-led-lights-hooky-9-5m-16-bulbs\\\/#primaryimage\"},\"thumbnailUrl\":\"https:\\\/\\\/decolights.eu\\\/wp-content\\\/uploads\\\/2023\\\/04\\\/476-91_M2.jpg\",\"datePublished\":\"2023-04-01T04:26:07+00:00\",\"dateModified\":\"2023-05-01T14:36:55+00:00\",\"description\":\"Decorate your patio or garden with a nice mini festoon LED lights Hooky to get a cozy atmosphere. Do not hesitate and buy now the get the best price!\",\"breadcrumb\":{\"@id\":\"https:\\\/\\\/decolights.eu\\\/sk\\\/produkt\\\/mini-festoon-led-lights-hooky-9-5m-16-bulbs\\\/#breadcrumb\"},\"inLanguage\":\"ro-RO\",\"potentialAction\":[{\"@type\":\"ReadAction\",\"target\":[\"https:\\\/\\\/decolights.eu\\\/sk\\\/produkt\\\/mini-festoon-led-lights-hooky-9-5m-16-bulbs\\\/\"]}]},{\"@type\":\"ImageObject\",\"inLanguage\":\"ro-RO\",\"@id\":\"https:\\\/\\\/decolights.eu\\\/sk\\\/produkt\\\/mini-festoon-led-lights-hooky-9-5m-16-bulbs\\\/#primaryimage\",\"url\":\"https:\\\/\\\/decolights.eu\\\/wp-content\\\/uploads\\\/2023\\\/04\\\/476-91_M2.jpg\",\"contentUrl\":\"https:\\\/\\\/decolights.eu\\\/wp-content\\\/uploads\\\/2023\\\/04\\\/476-91_M2.jpg\",\"width\":1000,\"height\":1000},{\"@type\":\"BreadcrumbList\",\"@id\":\"https:\\\/\\\/decolights.eu\\\/sk\\\/produkt\\\/mini-festoon-led-lights-hooky-9-5m-16-bulbs\\\/#breadcrumb\",\"itemListElement\":[{\"@type\":\"ListItem\",\"position\":1,\"name\":\"Shop\",\"item\":\"https:\\\/\\\/decolights.eu\\\/shop\\\/\"},{\"@type\":\"ListItem\",\"position\":2,\"name\":\"Mini Festoon LED Lights Hooky 9.5M 16 bulbs\"}]},{\"@type\":\"WebSite\",\"@id\":\"https:\\\/\\\/decolights.eu\\\/#website\",\"url\":\"https:\\\/\\\/decolights.eu\\\/\",\"name\":\"decolights\",\"description\":\"Led Decorations for Home and Garden\",\"publisher\":{\"@id\":\"https:\\\/\\\/decolights.eu\\\/#organization\"},\"alternateName\":\"decolights.eu\",\"potentialAction\":[{\"@type\":\"SearchAction\",\"target\":{\"@type\":\"EntryPoint\",\"urlTemplate\":\"https:\\\/\\\/decolights.eu\\\/?s={search_term_string}\"},\"query-input\":{\"@type\":\"PropertyValueSpecification\",\"valueRequired\":true,\"valueName\":\"search_term_string\"}}],\"inLanguage\":\"ro-RO\"},{\"@type\":\"Organization\",\"@id\":\"https:\\\/\\\/decolights.eu\\\/#organization\",\"name\":\"decolights\",\"url\":\"https:\\\/\\\/decolights.eu\\\/\",\"logo\":{\"@type\":\"ImageObject\",\"inLanguage\":\"ro-RO\",\"@id\":\"https:\\\/\\\/decolights.eu\\\/#\\\/schema\\\/logo\\\/image\\\/\",\"url\":\"https:\\\/\\\/decolights.eu\\\/wp-content\\\/uploads\\\/2023\\\/07\\\/cropped-decolight-siteicon.png\",\"contentUrl\":\"https:\\\/\\\/decolights.eu\\\/wp-content\\\/uploads\\\/2023\\\/07\\\/cropped-decolight-siteicon.png\",\"width\":512,\"height\":512,\"caption\":\"decolights\"},\"image\":{\"@id\":\"https:\\\/\\\/decolights.eu\\\/#\\\/schema\\\/logo\\\/image\\\/\"}}]}<\/script>\n<!-- \/ Yoast SEO plugin. -->","yoast_head_json":{"title":"Mini Festoon LED Lights Hooky 9.5M 16 becuri - Cel mai bun pre\u021b - Decolights.eu","description":"Decora\u021bi-v\u0103 curtea sau gr\u0103dina cu un mini feston dr\u0103gu\u021b cu LED-uri Hooky pentru a ob\u021bine o atmosfer\u0103 confortabil\u0103. Nu ezita \u0219i cump\u0103r\u0103 acum la cel mai bun pre\u021b!","robots":{"index":"index","follow":"follow","max-snippet":"max-snippet:-1","max-image-preview":"max-image-preview:large","max-video-preview":"max-video-preview:-1"},"canonical":"https:\/\/decolights.eu\/ro\/produkt\/mini-festoon-led-lights-hooky-9-5m-16-bulbs\/","og_locale":"ro_RO","og_type":"article","og_title":"Mini Festoon LED Lights Hooky 9.5M 16 bulbs - Best price - Decolights.eu","og_description":"Decorate your patio or garden with a nice mini festoon LED lights Hooky to get a cozy atmosphere. Do not hesitate and buy now the get the best price!","og_url":"https:\/\/decolights.eu\/ro\/produkt\/mini-festoon-led-lights-hooky-9-5m-16-bulbs\/","og_site_name":"Decolights.eu","article_modified_time":"2023-05-01T14:36:55+00:00","og_image":[{"width":1000,"height":1000,"url":"https:\/\/decolights.eu\/wp-content\/uploads\/2023\/04\/476-91_M2.jpg","type":"image\/jpeg"}],"twitter_card":"summary_large_image","twitter_misc":{"Timp estimat pentru citire":"1 minut"},"schema":{"@context":"https:\/\/schema.org","@graph":[{"@type":"WebPage","@id":"https:\/\/decolights.eu\/sk\/produkt\/mini-festoon-led-lights-hooky-9-5m-16-bulbs\/","url":"https:\/\/decolights.eu\/sk\/produkt\/mini-festoon-led-lights-hooky-9-5m-16-bulbs\/","name":"Mini Festoon LED Lights Hooky 9.5M 16 becuri - Cel mai bun pre\u021b - Decolights.eu","isPartOf":{"@id":"https:\/\/decolights.eu\/#website"},"primaryImageOfPage":{"@id":"https:\/\/decolights.eu\/sk\/produkt\/mini-festoon-led-lights-hooky-9-5m-16-bulbs\/#primaryimage"},"image":{"@id":"https:\/\/decolights.eu\/sk\/produkt\/mini-festoon-led-lights-hooky-9-5m-16-bulbs\/#primaryimage"},"thumbnailUrl":"https:\/\/decolights.eu\/wp-content\/uploads\/2023\/04\/476-91_M2.jpg","datePublished":"2023-04-01T04:26:07+00:00","dateModified":"2023-05-01T14:36:55+00:00","description":"Decora\u021bi-v\u0103 curtea sau gr\u0103dina cu un mini feston dr\u0103gu\u021b cu LED-uri Hooky pentru a ob\u021bine o atmosfer\u0103 confortabil\u0103. Nu ezita \u0219i cump\u0103r\u0103 acum la cel mai bun pre\u021b!","breadcrumb":{"@id":"https:\/\/decolights.eu\/sk\/produkt\/mini-festoon-led-lights-hooky-9-5m-16-bulbs\/#breadcrumb"},"inLanguage":"ro-RO","potentialAction":[{"@type":"ReadAction","target":["https:\/\/decolights.eu\/sk\/produkt\/mini-festoon-led-lights-hooky-9-5m-16-bulbs\/"]}]},{"@type":"ImageObject","inLanguage":"ro-RO","@id":"https:\/\/decolights.eu\/sk\/produkt\/mini-festoon-led-lights-hooky-9-5m-16-bulbs\/#primaryimage","url":"https:\/\/decolights.eu\/wp-content\/uploads\/2023\/04\/476-91_M2.jpg","contentUrl":"https:\/\/decolights.eu\/wp-content\/uploads\/2023\/04\/476-91_M2.jpg","width":1000,"height":1000},{"@type":"BreadcrumbList","@id":"https:\/\/decolights.eu\/sk\/produkt\/mini-festoon-led-lights-hooky-9-5m-16-bulbs\/#breadcrumb","itemListElement":[{"@type":"ListItem","position":1,"name":"Shop","item":"https:\/\/decolights.eu\/shop\/"},{"@type":"ListItem","position":2,"name":"Mini Festoon LED Lights Hooky 9.5M 16 bulbs"}]},{"@type":"WebSite","@id":"https:\/\/decolights.eu\/#website","url":"https:\/\/decolights.eu\/","name":"decolights","description":"Decoratiuni Led pentru Casa si Gradina","publisher":{"@id":"https:\/\/decolights.eu\/#organization"},"alternateName":"decolights.eu","potentialAction":[{"@type":"SearchAction","target":{"@type":"EntryPoint","urlTemplate":"https:\/\/decolights.eu\/?s={search_term_string}"},"query-input":{"@type":"PropertyValueSpecification","valueRequired":true,"valueName":"search_term_string"}}],"inLanguage":"ro-RO"},{"@type":"Organization","@id":"https:\/\/decolights.eu\/#organization","name":"decolights","url":"https:\/\/decolights.eu\/","logo":{"@type":"ImageObject","inLanguage":"ro-RO","@id":"https:\/\/decolights.eu\/#\/schema\/logo\/image\/","url":"https:\/\/decolights.eu\/wp-content\/uploads\/2023\/07\/cropped-decolight-siteicon.png","contentUrl":"https:\/\/decolights.eu\/wp-content\/uploads\/2023\/07\/cropped-decolight-siteicon.png","width":512,"height":512,"caption":"decolights"},"image":{"@id":"https:\/\/decolights.eu\/#\/schema\/logo\/image\/"}}]}},"jetpack_sharing_enabled":true,"_links":{"self":[{"href":"https:\/\/decolights.eu\/ro\/wp-json\/wp\/v2\/product\/5051","targetHints":{"allow":["GET"]}}],"collection":[{"href":"https:\/\/decolights.eu\/ro\/wp-json\/wp\/v2\/product"}],"about":[{"href":"https:\/\/decolights.eu\/ro\/wp-json\/wp\/v2\/types\/product"}],"replies":[{"embeddable":true,"href":"https:\/\/decolights.eu\/ro\/wp-json\/wp\/v2\/comments?post=5051"}],"wp:featuredmedia":[{"embeddable":true,"href":"https:\/\/decolights.eu\/ro\/wp-json\/wp\/v2\/media\/5123"}],"wp:attachment":[{"href":"https:\/\/decolights.eu\/ro\/wp-json\/wp\/v2\/media?parent=5051"}],"wp:term":[{"taxonomy":"product_brand","embeddable":true,"href":"https:\/\/decolights.eu\/ro\/wp-json\/wp\/v2\/product_brand?post=5051"},{"taxonomy":"product_cat","embeddable":true,"href":"https:\/\/decolights.eu\/ro\/wp-json\/wp\/v2\/product_cat?post=5051"},{"taxonomy":"product_tag","embeddable":true,"href":"https:\/\/decolights.eu\/ro\/wp-json\/wp\/v2\/product_tag?post=5051"}],"curies":[{"name":"wp","href":"https:\/\/api.w.org\/{rel}","templated":true}]}}