{"id":5080,"date":"2023-04-01T04:26:32","date_gmt":"2023-04-01T04:26:32","guid":{"rendered":"https:\/\/decolights.eu\/?post_type=product&#038;p=5080"},"modified":"2023-05-01T13:28:36","modified_gmt":"2023-05-01T13:28:36","slug":"festoon-led-lights-10m-20-hanging-bulbs","status":"publish","type":"product","link":"https:\/\/decolights.eu\/ro\/produs-2\/festoon-led-lights-10m-20-hanging-bulbs\/","title":{"rendered":"Festoon LED-uri 10M 20 becuri suspendate"},"content":{"rendered":"<p>Lan\u021bul luminos LED Festoon cu becuri suspendate este un produs remarcabil, perfect pentru iluminatul decorativ \u0219i practic \u00een gr\u0103din\u0103 sau teras\u0103. Ofer\u0103 un efect de fulger frumos, alb cald. Va crea o atmosfer\u0103 deosebit\u0103 \u0219i confortabil\u0103.<\/p>\n<ul>\n<li><strong>Culoare LED<\/strong>: alb cald<\/li>\n<li><strong>Num\u0103rul de l\u0103mpi<\/strong><strong>: <\/strong>20 buc<\/li>\n<li><strong>Lungime total\u0103 (cablu de alimentare inclus): <\/strong>11.60M<\/li>\n<li><strong>Cablu de alimentare:<\/strong> 1,50 M<\/li>\n<li><strong>Dimensiunea becului: <\/strong>4CM<\/li>\n<li><strong>Bec:\u00a0<\/strong>1W<\/li>\n<li><strong>Distan\u021ba dintre becuri:<\/strong> 25CM<\/li>\n<li><strong>Culoare cablu: <\/strong>negru<\/li>\n<li><strong>Evaluare IP: <\/strong>IP44<\/li>\n<li><strong>Sursa de putere:\u00a0<\/strong>Conecteaza<\/li>\n<li><strong>Material cablu:\u00a0<\/strong>PVC<\/li>\n<li><strong>Conectabil:\u00a0<\/strong>Da (max. 5 seturi)<\/li>\n<li><strong>Capacul\/priza:\u00a0<\/strong>Becuri E27 \/ G45 \u00eenlocuibile<\/li>\n<li><strong>Certificat CE:\u00a0<\/strong>da<\/li>\n<li>24V<\/li>\n<\/ul>","protected":false},"excerpt":{"rendered":"<p>Festoon LED light chain with hanging bulbs is a remarkable product that is perfect for decorative and practical lighting in the garden or patio. Gives a nice, warm white lightning effect. It will create an outstanding and cozy atmosphere. LED colour: warm white Number of lamps: 20pcs Total length (included power lead cable): 11.60M Power [&#8230;]\n","protected":false},"featured_media":4752,"comment_status":"open","ping_status":"closed","template":"","meta":[],"product_brand":[],"product_cat":[227,226],"product_tag":[],"class_list":{"0":"post-5080","1":"product","2":"type-product","3":"status-publish","4":"has-post-thumbnail","6":"product_cat-led-festoon-lights-outdoor-lights","7":"product_cat-outdoor-lights","8":"pa_brand-deco","9":"pa_led-colour-warm-white","11":"first","12":"instock","13":"sale","14":"shipping-taxable","15":"purchasable","16":"product-type-simple"},"yoast_head":"<!-- This site is optimized with the Yoast SEO plugin v27.3 - https:\/\/yoast.com\/product\/yoast-seo-wordpress\/ -->\n<title>Festoon LED lights 10M 20 hanging bulbs - Best price - Decolights.eu<\/title>\n<meta name=\"description\" content=\"Decorate your patio or garden with a nice festoon LED lights with hanging bulbs to get cozy atmosphere. Do not hesitate and buy now the get the best price!\" \/>\n<meta name=\"robots\" content=\"index, follow, max-snippet:-1, max-image-preview:large, max-video-preview:-1\" \/>\n<link rel=\"canonical\" href=\"https:\/\/decolights.eu\/ro\/produs-2\/festoon-led-lights-10m-20-hanging-bulbs\/\" \/>\n<meta property=\"og:locale\" content=\"ro_RO\" \/>\n<meta property=\"og:type\" content=\"article\" \/>\n<meta property=\"og:title\" content=\"Festoon LED lights 10M 20 hanging bulbs - Best price - Decolights.eu\" \/>\n<meta property=\"og:description\" content=\"Decorate your patio or garden with a nice festoon LED lights with hanging bulbs to get cozy atmosphere. Do not hesitate and buy now the get the best price!\" \/>\n<meta property=\"og:url\" content=\"https:\/\/decolights.eu\/ro\/produs-2\/festoon-led-lights-10m-20-hanging-bulbs\/\" \/>\n<meta property=\"og:site_name\" content=\"Decolights.eu\" \/>\n<meta property=\"article:modified_time\" content=\"2023-05-01T13:28:36+00:00\" \/>\n<meta property=\"og:image\" content=\"https:\/\/decolights.eu\/wp-content\/uploads\/2023\/04\/img_5374.jpeg\" \/>\n\t<meta property=\"og:image:width\" content=\"960\" \/>\n\t<meta property=\"og:image:height\" content=\"960\" \/>\n\t<meta property=\"og:image:type\" content=\"image\/jpeg\" \/>\n<meta name=\"twitter:card\" content=\"summary_large_image\" \/>\n<meta name=\"twitter:label1\" content=\"Timp estimat pentru citire\" \/>\n\t<meta name=\"twitter:data1\" content=\"1 minut\" \/>\n<script type=\"application\/ld+json\" class=\"yoast-schema-graph\">{\"@context\":\"https:\\\/\\\/schema.org\",\"@graph\":[{\"@type\":\"WebPage\",\"@id\":\"https:\\\/\\\/decolights.eu\\\/product\\\/festoon-led-lights-10m-20-hanging-bulbs\\\/\",\"url\":\"https:\\\/\\\/decolights.eu\\\/product\\\/festoon-led-lights-10m-20-hanging-bulbs\\\/\",\"name\":\"Festoon LED lights 10M 20 hanging bulbs - Best price - Decolights.eu\",\"isPartOf\":{\"@id\":\"https:\\\/\\\/decolights.eu\\\/#website\"},\"primaryImageOfPage\":{\"@id\":\"https:\\\/\\\/decolights.eu\\\/product\\\/festoon-led-lights-10m-20-hanging-bulbs\\\/#primaryimage\"},\"image\":{\"@id\":\"https:\\\/\\\/decolights.eu\\\/product\\\/festoon-led-lights-10m-20-hanging-bulbs\\\/#primaryimage\"},\"thumbnailUrl\":\"https:\\\/\\\/decolights.eu\\\/wp-content\\\/uploads\\\/2023\\\/04\\\/img_5374.jpeg\",\"datePublished\":\"2023-04-01T04:26:32+00:00\",\"dateModified\":\"2023-05-01T13:28:36+00:00\",\"description\":\"Decorate your patio or garden with a nice festoon LED lights with hanging bulbs to get cozy atmosphere. Do not hesitate and buy now the get the best price!\",\"breadcrumb\":{\"@id\":\"https:\\\/\\\/decolights.eu\\\/product\\\/festoon-led-lights-10m-20-hanging-bulbs\\\/#breadcrumb\"},\"inLanguage\":\"ro-RO\",\"potentialAction\":[{\"@type\":\"ReadAction\",\"target\":[\"https:\\\/\\\/decolights.eu\\\/product\\\/festoon-led-lights-10m-20-hanging-bulbs\\\/\"]}]},{\"@type\":\"ImageObject\",\"inLanguage\":\"ro-RO\",\"@id\":\"https:\\\/\\\/decolights.eu\\\/product\\\/festoon-led-lights-10m-20-hanging-bulbs\\\/#primaryimage\",\"url\":\"https:\\\/\\\/decolights.eu\\\/wp-content\\\/uploads\\\/2023\\\/04\\\/img_5374.jpeg\",\"contentUrl\":\"https:\\\/\\\/decolights.eu\\\/wp-content\\\/uploads\\\/2023\\\/04\\\/img_5374.jpeg\",\"width\":960,\"height\":960},{\"@type\":\"BreadcrumbList\",\"@id\":\"https:\\\/\\\/decolights.eu\\\/product\\\/festoon-led-lights-10m-20-hanging-bulbs\\\/#breadcrumb\",\"itemListElement\":[{\"@type\":\"ListItem\",\"position\":1,\"name\":\"Shop\",\"item\":\"https:\\\/\\\/decolights.eu\\\/shop\\\/\"},{\"@type\":\"ListItem\",\"position\":2,\"name\":\"Festoon LED lights 10M 20 hanging bulbs\"}]},{\"@type\":\"WebSite\",\"@id\":\"https:\\\/\\\/decolights.eu\\\/#website\",\"url\":\"https:\\\/\\\/decolights.eu\\\/\",\"name\":\"decolights\",\"description\":\"Led Decorations for Home and Garden\",\"publisher\":{\"@id\":\"https:\\\/\\\/decolights.eu\\\/#organization\"},\"alternateName\":\"decolights.eu\",\"potentialAction\":[{\"@type\":\"SearchAction\",\"target\":{\"@type\":\"EntryPoint\",\"urlTemplate\":\"https:\\\/\\\/decolights.eu\\\/?s={search_term_string}\"},\"query-input\":{\"@type\":\"PropertyValueSpecification\",\"valueRequired\":true,\"valueName\":\"search_term_string\"}}],\"inLanguage\":\"ro-RO\"},{\"@type\":\"Organization\",\"@id\":\"https:\\\/\\\/decolights.eu\\\/#organization\",\"name\":\"decolights\",\"url\":\"https:\\\/\\\/decolights.eu\\\/\",\"logo\":{\"@type\":\"ImageObject\",\"inLanguage\":\"ro-RO\",\"@id\":\"https:\\\/\\\/decolights.eu\\\/#\\\/schema\\\/logo\\\/image\\\/\",\"url\":\"https:\\\/\\\/decolights.eu\\\/wp-content\\\/uploads\\\/2023\\\/07\\\/cropped-decolight-siteicon.png\",\"contentUrl\":\"https:\\\/\\\/decolights.eu\\\/wp-content\\\/uploads\\\/2023\\\/07\\\/cropped-decolight-siteicon.png\",\"width\":512,\"height\":512,\"caption\":\"decolights\"},\"image\":{\"@id\":\"https:\\\/\\\/decolights.eu\\\/#\\\/schema\\\/logo\\\/image\\\/\"}}]}<\/script>\n<!-- \/ Yoast SEO plugin. -->","yoast_head_json":{"title":"Festoon LED lights 10M 20 hanging bulbs - Best price - Decolights.eu","description":"Decora\u021bi-v\u0103 curtea sau gr\u0103dina cu lumini LED cu festoon cu becuri suspendate pentru a ob\u021bine o atmosfer\u0103 confortabil\u0103. Nu ezita \u0219i cump\u0103r\u0103 acum la cel mai bun pre\u021b!","robots":{"index":"index","follow":"follow","max-snippet":"max-snippet:-1","max-image-preview":"max-image-preview:large","max-video-preview":"max-video-preview:-1"},"canonical":"https:\/\/decolights.eu\/ro\/produs-2\/festoon-led-lights-10m-20-hanging-bulbs\/","og_locale":"ro_RO","og_type":"article","og_title":"Festoon LED lights 10M 20 hanging bulbs - Best price - Decolights.eu","og_description":"Decorate your patio or garden with a nice festoon LED lights with hanging bulbs to get cozy atmosphere. Do not hesitate and buy now the get the best price!","og_url":"https:\/\/decolights.eu\/ro\/produs-2\/festoon-led-lights-10m-20-hanging-bulbs\/","og_site_name":"Decolights.eu","article_modified_time":"2023-05-01T13:28:36+00:00","og_image":[{"width":960,"height":960,"url":"https:\/\/decolights.eu\/wp-content\/uploads\/2023\/04\/img_5374.jpeg","type":"image\/jpeg"}],"twitter_card":"summary_large_image","twitter_misc":{"Timp estimat pentru citire":"1 minut"},"schema":{"@context":"https:\/\/schema.org","@graph":[{"@type":"WebPage","@id":"https:\/\/decolights.eu\/product\/festoon-led-lights-10m-20-hanging-bulbs\/","url":"https:\/\/decolights.eu\/product\/festoon-led-lights-10m-20-hanging-bulbs\/","name":"Festoon LED lights 10M 20 hanging bulbs - Best price - Decolights.eu","isPartOf":{"@id":"https:\/\/decolights.eu\/#website"},"primaryImageOfPage":{"@id":"https:\/\/decolights.eu\/product\/festoon-led-lights-10m-20-hanging-bulbs\/#primaryimage"},"image":{"@id":"https:\/\/decolights.eu\/product\/festoon-led-lights-10m-20-hanging-bulbs\/#primaryimage"},"thumbnailUrl":"https:\/\/decolights.eu\/wp-content\/uploads\/2023\/04\/img_5374.jpeg","datePublished":"2023-04-01T04:26:32+00:00","dateModified":"2023-05-01T13:28:36+00:00","description":"Decora\u021bi-v\u0103 curtea sau gr\u0103dina cu lumini LED cu festoon cu becuri suspendate pentru a ob\u021bine o atmosfer\u0103 confortabil\u0103. Nu ezita \u0219i cump\u0103r\u0103 acum la cel mai bun pre\u021b!","breadcrumb":{"@id":"https:\/\/decolights.eu\/product\/festoon-led-lights-10m-20-hanging-bulbs\/#breadcrumb"},"inLanguage":"ro-RO","potentialAction":[{"@type":"ReadAction","target":["https:\/\/decolights.eu\/product\/festoon-led-lights-10m-20-hanging-bulbs\/"]}]},{"@type":"ImageObject","inLanguage":"ro-RO","@id":"https:\/\/decolights.eu\/product\/festoon-led-lights-10m-20-hanging-bulbs\/#primaryimage","url":"https:\/\/decolights.eu\/wp-content\/uploads\/2023\/04\/img_5374.jpeg","contentUrl":"https:\/\/decolights.eu\/wp-content\/uploads\/2023\/04\/img_5374.jpeg","width":960,"height":960},{"@type":"BreadcrumbList","@id":"https:\/\/decolights.eu\/product\/festoon-led-lights-10m-20-hanging-bulbs\/#breadcrumb","itemListElement":[{"@type":"ListItem","position":1,"name":"Shop","item":"https:\/\/decolights.eu\/shop\/"},{"@type":"ListItem","position":2,"name":"Festoon LED lights 10M 20 hanging bulbs"}]},{"@type":"WebSite","@id":"https:\/\/decolights.eu\/#website","url":"https:\/\/decolights.eu\/","name":"decolights","description":"Decoratiuni Led pentru Casa si Gradina","publisher":{"@id":"https:\/\/decolights.eu\/#organization"},"alternateName":"decolights.eu","potentialAction":[{"@type":"SearchAction","target":{"@type":"EntryPoint","urlTemplate":"https:\/\/decolights.eu\/?s={search_term_string}"},"query-input":{"@type":"PropertyValueSpecification","valueRequired":true,"valueName":"search_term_string"}}],"inLanguage":"ro-RO"},{"@type":"Organization","@id":"https:\/\/decolights.eu\/#organization","name":"decolights","url":"https:\/\/decolights.eu\/","logo":{"@type":"ImageObject","inLanguage":"ro-RO","@id":"https:\/\/decolights.eu\/#\/schema\/logo\/image\/","url":"https:\/\/decolights.eu\/wp-content\/uploads\/2023\/07\/cropped-decolight-siteicon.png","contentUrl":"https:\/\/decolights.eu\/wp-content\/uploads\/2023\/07\/cropped-decolight-siteicon.png","width":512,"height":512,"caption":"decolights"},"image":{"@id":"https:\/\/decolights.eu\/#\/schema\/logo\/image\/"}}]}},"jetpack_sharing_enabled":true,"_links":{"self":[{"href":"https:\/\/decolights.eu\/ro\/wp-json\/wp\/v2\/product\/5080","targetHints":{"allow":["GET"]}}],"collection":[{"href":"https:\/\/decolights.eu\/ro\/wp-json\/wp\/v2\/product"}],"about":[{"href":"https:\/\/decolights.eu\/ro\/wp-json\/wp\/v2\/types\/product"}],"replies":[{"embeddable":true,"href":"https:\/\/decolights.eu\/ro\/wp-json\/wp\/v2\/comments?post=5080"}],"wp:featuredmedia":[{"embeddable":true,"href":"https:\/\/decolights.eu\/ro\/wp-json\/wp\/v2\/media\/4752"}],"wp:attachment":[{"href":"https:\/\/decolights.eu\/ro\/wp-json\/wp\/v2\/media?parent=5080"}],"wp:term":[{"taxonomy":"product_brand","embeddable":true,"href":"https:\/\/decolights.eu\/ro\/wp-json\/wp\/v2\/product_brand?post=5080"},{"taxonomy":"product_cat","embeddable":true,"href":"https:\/\/decolights.eu\/ro\/wp-json\/wp\/v2\/product_cat?post=5080"},{"taxonomy":"product_tag","embeddable":true,"href":"https:\/\/decolights.eu\/ro\/wp-json\/wp\/v2\/product_tag?post=5080"}],"curies":[{"name":"wp","href":"https:\/\/api.w.org\/{rel}","templated":true}]}}