{"id":5158,"date":"2023-04-01T04:27:17","date_gmt":"2023-04-01T04:27:17","guid":{"rendered":"https:\/\/decolights.eu\/?post_type=product&#038;p=5158"},"modified":"2023-04-29T14:38:29","modified_gmt":"2023-04-29T14:38:29","slug":"led-candle-flamme-golden","status":"publish","type":"product","link":"https:\/\/decolights.eu\/ro\/produs-2\/led-candle-flamme-golden\/","title":{"rendered":"Lumanare LED Flamme aurie"},"content":{"rendered":"<p>Golden wax candle in our family Flamme with a nature looking flame that lights up in warm white. The candle have a built in timer.<\/p>\n<ul>\n<li dir=\"ltr\" data-placeholder=\"Translation\"><strong>Culoare LED:<\/strong> golden<\/li>\n<li dir=\"ltr\" data-placeholder=\"Translation\"><strong>M\u0103rimea:<\/strong> 7.50 x 15 cm<\/li>\n<li dir=\"ltr\" data-placeholder=\"Translation\"><strong>Sursa de putere:<\/strong> 2 x baterii AA (nu sunt incluse)<\/li>\n<li dir=\"ltr\" data-placeholder=\"Translation\"><strong>Temporizator:<\/strong> 6H pornit\/18H oprit, repeta\u021bi<\/li>\n<li dir=\"ltr\" data-placeholder=\"Translation\"><strong>Evaluare IP<\/strong>: IP20<\/li>\n<li dir=\"ltr\" data-placeholder=\"Translation\"><strong>Certificat CE:<\/strong> da<\/li>\n<\/ul>","protected":false},"excerpt":{"rendered":"<p>Golden wax candle in our family Flamme with a nature looking flame that lights up in warm white. The candle have a built in timer. LED Colour: golden Size: 7.50 x 15 cm Power source: 2 x AA batteries (not included) Timer: 6H on\/18H off, repeat IP Rating: IP20 CE certified: Yes<\/p>","protected":false},"featured_media":4396,"comment_status":"open","ping_status":"closed","template":"","meta":[],"product_brand":[],"product_cat":[214,216],"product_tag":[],"class_list":{"0":"post-5158","1":"product","2":"type-product","3":"status-publish","4":"has-post-thumbnail","6":"product_cat-indoor-lights","7":"product_cat-led-candles","8":"pa_brand-deco","9":"pa_led-colour-warm-white","11":"first","12":"instock","13":"sale","14":"shipping-taxable","15":"purchasable","16":"product-type-simple"},"yoast_head":"<!-- This site is optimized with the Yoast SEO plugin v27.3 - https:\/\/yoast.com\/product\/yoast-seo-wordpress\/ -->\n<title>LED Candle Flamme golden - Best price - Decolights.eu<\/title>\n<meta name=\"description\" content=\"LED Candles are the best and safest way for decorating your home and patio. Buy LED candles for the best price today and enjoy cozy atmosphere.\" \/>\n<meta name=\"robots\" content=\"index, follow, max-snippet:-1, max-image-preview:large, max-video-preview:-1\" \/>\n<link rel=\"canonical\" href=\"https:\/\/decolights.eu\/ro\/produs-2\/led-candle-flamme-golden\/\" \/>\n<meta property=\"og:locale\" content=\"ro_RO\" \/>\n<meta property=\"og:type\" content=\"article\" \/>\n<meta property=\"og:title\" content=\"LED Candle Flamme golden - Best price - Decolights.eu\" \/>\n<meta property=\"og:description\" content=\"LED Candles are the best and safest way for decorating your home and patio. Buy LED candles for the best price today and enjoy cozy atmosphere.\" \/>\n<meta property=\"og:url\" content=\"https:\/\/decolights.eu\/ro\/produs-2\/led-candle-flamme-golden\/\" \/>\n<meta property=\"og:site_name\" content=\"Decolights.eu\" \/>\n<meta property=\"article:modified_time\" content=\"2023-04-29T14:38:29+00:00\" \/>\n<meta property=\"og:image\" content=\"https:\/\/decolights.eu\/wp-content\/uploads\/2023\/04\/063-49_M2.png\" \/>\n\t<meta property=\"og:image:width\" content=\"800\" \/>\n\t<meta property=\"og:image:height\" content=\"802\" \/>\n\t<meta property=\"og:image:type\" content=\"image\/png\" \/>\n<meta name=\"twitter:card\" content=\"summary_large_image\" \/>\n<meta name=\"twitter:label1\" content=\"Timp estimat pentru citire\" \/>\n\t<meta name=\"twitter:data1\" content=\"1 minut\" \/>\n<script type=\"application\/ld+json\" class=\"yoast-schema-graph\">{\"@context\":\"https:\\\/\\\/schema.org\",\"@graph\":[{\"@type\":\"WebPage\",\"@id\":\"https:\\\/\\\/decolights.eu\\\/product\\\/led-candle-flamme-golden\\\/\",\"url\":\"https:\\\/\\\/decolights.eu\\\/product\\\/led-candle-flamme-golden\\\/\",\"name\":\"LED Candle Flamme golden - Best price - Decolights.eu\",\"isPartOf\":{\"@id\":\"https:\\\/\\\/decolights.eu\\\/#website\"},\"primaryImageOfPage\":{\"@id\":\"https:\\\/\\\/decolights.eu\\\/product\\\/led-candle-flamme-golden\\\/#primaryimage\"},\"image\":{\"@id\":\"https:\\\/\\\/decolights.eu\\\/product\\\/led-candle-flamme-golden\\\/#primaryimage\"},\"thumbnailUrl\":\"https:\\\/\\\/decolights.eu\\\/wp-content\\\/uploads\\\/2023\\\/04\\\/063-49_M2.png\",\"datePublished\":\"2023-04-01T04:27:17+00:00\",\"dateModified\":\"2023-04-29T14:38:29+00:00\",\"description\":\"LED Candles are the best and safest way for decorating your home and patio. Buy LED candles for the best price today and enjoy cozy atmosphere.\",\"breadcrumb\":{\"@id\":\"https:\\\/\\\/decolights.eu\\\/product\\\/led-candle-flamme-golden\\\/#breadcrumb\"},\"inLanguage\":\"ro-RO\",\"potentialAction\":[{\"@type\":\"ReadAction\",\"target\":[\"https:\\\/\\\/decolights.eu\\\/product\\\/led-candle-flamme-golden\\\/\"]}]},{\"@type\":\"ImageObject\",\"inLanguage\":\"ro-RO\",\"@id\":\"https:\\\/\\\/decolights.eu\\\/product\\\/led-candle-flamme-golden\\\/#primaryimage\",\"url\":\"https:\\\/\\\/decolights.eu\\\/wp-content\\\/uploads\\\/2023\\\/04\\\/063-49_M2.png\",\"contentUrl\":\"https:\\\/\\\/decolights.eu\\\/wp-content\\\/uploads\\\/2023\\\/04\\\/063-49_M2.png\",\"width\":800,\"height\":802},{\"@type\":\"BreadcrumbList\",\"@id\":\"https:\\\/\\\/decolights.eu\\\/product\\\/led-candle-flamme-golden\\\/#breadcrumb\",\"itemListElement\":[{\"@type\":\"ListItem\",\"position\":1,\"name\":\"Shop\",\"item\":\"https:\\\/\\\/decolights.eu\\\/shop\\\/\"},{\"@type\":\"ListItem\",\"position\":2,\"name\":\"LED Candle Flamme golden\"}]},{\"@type\":\"WebSite\",\"@id\":\"https:\\\/\\\/decolights.eu\\\/#website\",\"url\":\"https:\\\/\\\/decolights.eu\\\/\",\"name\":\"decolights\",\"description\":\"Led Decorations for Home and Garden\",\"publisher\":{\"@id\":\"https:\\\/\\\/decolights.eu\\\/#organization\"},\"alternateName\":\"decolights.eu\",\"potentialAction\":[{\"@type\":\"SearchAction\",\"target\":{\"@type\":\"EntryPoint\",\"urlTemplate\":\"https:\\\/\\\/decolights.eu\\\/?s={search_term_string}\"},\"query-input\":{\"@type\":\"PropertyValueSpecification\",\"valueRequired\":true,\"valueName\":\"search_term_string\"}}],\"inLanguage\":\"ro-RO\"},{\"@type\":\"Organization\",\"@id\":\"https:\\\/\\\/decolights.eu\\\/#organization\",\"name\":\"decolights\",\"url\":\"https:\\\/\\\/decolights.eu\\\/\",\"logo\":{\"@type\":\"ImageObject\",\"inLanguage\":\"ro-RO\",\"@id\":\"https:\\\/\\\/decolights.eu\\\/#\\\/schema\\\/logo\\\/image\\\/\",\"url\":\"https:\\\/\\\/decolights.eu\\\/wp-content\\\/uploads\\\/2023\\\/07\\\/cropped-decolight-siteicon.png\",\"contentUrl\":\"https:\\\/\\\/decolights.eu\\\/wp-content\\\/uploads\\\/2023\\\/07\\\/cropped-decolight-siteicon.png\",\"width\":512,\"height\":512,\"caption\":\"decolights\"},\"image\":{\"@id\":\"https:\\\/\\\/decolights.eu\\\/#\\\/schema\\\/logo\\\/image\\\/\"}}]}<\/script>\n<!-- \/ Yoast SEO plugin. -->","yoast_head_json":{"title":"LED Candle Flamme golden - Best price - Decolights.eu","description":"Lum\u00e2n\u0103rile LED sunt cea mai bun\u0103 \u0219i mai sigur\u0103 modalitate de a v\u0103 decora casa \u0219i curtea. Cump\u0103ra\u021bi lum\u00e2n\u0103ri LED la cel mai bun pre\u021b ast\u0103zi \u0219i bucura\u021bi-v\u0103 de atmosfera confortabil\u0103.","robots":{"index":"index","follow":"follow","max-snippet":"max-snippet:-1","max-image-preview":"max-image-preview:large","max-video-preview":"max-video-preview:-1"},"canonical":"https:\/\/decolights.eu\/ro\/produs-2\/led-candle-flamme-golden\/","og_locale":"ro_RO","og_type":"article","og_title":"LED Candle Flamme golden - Best price - Decolights.eu","og_description":"LED Candles are the best and safest way for decorating your home and patio. Buy LED candles for the best price today and enjoy cozy atmosphere.","og_url":"https:\/\/decolights.eu\/ro\/produs-2\/led-candle-flamme-golden\/","og_site_name":"Decolights.eu","article_modified_time":"2023-04-29T14:38:29+00:00","og_image":[{"width":800,"height":802,"url":"https:\/\/decolights.eu\/wp-content\/uploads\/2023\/04\/063-49_M2.png","type":"image\/png"}],"twitter_card":"summary_large_image","twitter_misc":{"Timp estimat pentru citire":"1 minut"},"schema":{"@context":"https:\/\/schema.org","@graph":[{"@type":"WebPage","@id":"https:\/\/decolights.eu\/product\/led-candle-flamme-golden\/","url":"https:\/\/decolights.eu\/product\/led-candle-flamme-golden\/","name":"LED Candle Flamme golden - Best price - Decolights.eu","isPartOf":{"@id":"https:\/\/decolights.eu\/#website"},"primaryImageOfPage":{"@id":"https:\/\/decolights.eu\/product\/led-candle-flamme-golden\/#primaryimage"},"image":{"@id":"https:\/\/decolights.eu\/product\/led-candle-flamme-golden\/#primaryimage"},"thumbnailUrl":"https:\/\/decolights.eu\/wp-content\/uploads\/2023\/04\/063-49_M2.png","datePublished":"2023-04-01T04:27:17+00:00","dateModified":"2023-04-29T14:38:29+00:00","description":"Lum\u00e2n\u0103rile LED sunt cea mai bun\u0103 \u0219i mai sigur\u0103 modalitate de a v\u0103 decora casa \u0219i curtea. Cump\u0103ra\u021bi lum\u00e2n\u0103ri LED la cel mai bun pre\u021b ast\u0103zi \u0219i bucura\u021bi-v\u0103 de atmosfera confortabil\u0103.","breadcrumb":{"@id":"https:\/\/decolights.eu\/product\/led-candle-flamme-golden\/#breadcrumb"},"inLanguage":"ro-RO","potentialAction":[{"@type":"ReadAction","target":["https:\/\/decolights.eu\/product\/led-candle-flamme-golden\/"]}]},{"@type":"ImageObject","inLanguage":"ro-RO","@id":"https:\/\/decolights.eu\/product\/led-candle-flamme-golden\/#primaryimage","url":"https:\/\/decolights.eu\/wp-content\/uploads\/2023\/04\/063-49_M2.png","contentUrl":"https:\/\/decolights.eu\/wp-content\/uploads\/2023\/04\/063-49_M2.png","width":800,"height":802},{"@type":"BreadcrumbList","@id":"https:\/\/decolights.eu\/product\/led-candle-flamme-golden\/#breadcrumb","itemListElement":[{"@type":"ListItem","position":1,"name":"Shop","item":"https:\/\/decolights.eu\/shop\/"},{"@type":"ListItem","position":2,"name":"LED Candle Flamme golden"}]},{"@type":"WebSite","@id":"https:\/\/decolights.eu\/#website","url":"https:\/\/decolights.eu\/","name":"decolights","description":"Decoratiuni Led pentru Casa si Gradina","publisher":{"@id":"https:\/\/decolights.eu\/#organization"},"alternateName":"decolights.eu","potentialAction":[{"@type":"SearchAction","target":{"@type":"EntryPoint","urlTemplate":"https:\/\/decolights.eu\/?s={search_term_string}"},"query-input":{"@type":"PropertyValueSpecification","valueRequired":true,"valueName":"search_term_string"}}],"inLanguage":"ro-RO"},{"@type":"Organization","@id":"https:\/\/decolights.eu\/#organization","name":"decolights","url":"https:\/\/decolights.eu\/","logo":{"@type":"ImageObject","inLanguage":"ro-RO","@id":"https:\/\/decolights.eu\/#\/schema\/logo\/image\/","url":"https:\/\/decolights.eu\/wp-content\/uploads\/2023\/07\/cropped-decolight-siteicon.png","contentUrl":"https:\/\/decolights.eu\/wp-content\/uploads\/2023\/07\/cropped-decolight-siteicon.png","width":512,"height":512,"caption":"decolights"},"image":{"@id":"https:\/\/decolights.eu\/#\/schema\/logo\/image\/"}}]}},"jetpack_sharing_enabled":true,"_links":{"self":[{"href":"https:\/\/decolights.eu\/ro\/wp-json\/wp\/v2\/product\/5158","targetHints":{"allow":["GET"]}}],"collection":[{"href":"https:\/\/decolights.eu\/ro\/wp-json\/wp\/v2\/product"}],"about":[{"href":"https:\/\/decolights.eu\/ro\/wp-json\/wp\/v2\/types\/product"}],"replies":[{"embeddable":true,"href":"https:\/\/decolights.eu\/ro\/wp-json\/wp\/v2\/comments?post=5158"}],"wp:featuredmedia":[{"embeddable":true,"href":"https:\/\/decolights.eu\/ro\/wp-json\/wp\/v2\/media\/4396"}],"wp:attachment":[{"href":"https:\/\/decolights.eu\/ro\/wp-json\/wp\/v2\/media?parent=5158"}],"wp:term":[{"taxonomy":"product_brand","embeddable":true,"href":"https:\/\/decolights.eu\/ro\/wp-json\/wp\/v2\/product_brand?post=5158"},{"taxonomy":"product_cat","embeddable":true,"href":"https:\/\/decolights.eu\/ro\/wp-json\/wp\/v2\/product_cat?post=5158"},{"taxonomy":"product_tag","embeddable":true,"href":"https:\/\/decolights.eu\/ro\/wp-json\/wp\/v2\/product_tag?post=5158"}],"curies":[{"name":"wp","href":"https:\/\/api.w.org\/{rel}","templated":true}]}}