{"id":5457,"date":"2023-04-01T04:31:14","date_gmt":"2023-04-01T04:31:14","guid":{"rendered":"https:\/\/decolights.eu\/?post_type=product&#038;p=5457"},"modified":"2023-04-17T06:43:02","modified_gmt":"2023-04-17T06:43:02","slug":"led-candles-2pcs-set","status":"publish","type":"product","link":"https:\/\/decolights.eu\/ro\/produs-2\/led-candles-2pcs-set\/","title":{"rendered":"Set lumanari LED 2buc"},"content":{"rendered":"<p>Setul nostru de 2 buc\u0103\u021bi de lum\u00e2n\u0103ri de ceainic cu flac\u0103r\u0103 alb\u0103 cald\u0103 din seria noastr\u0103 Flamme aduce o str\u0103lucire alb\u0103 cald\u0103 uimitoare \u0219i creeaz\u0103 o atmosfer\u0103 confortabil\u0103 \u00een casa ta.<\/p>\n<ul>\n<li><strong>Culoarea lum\u00e2n\u0103rii:<\/strong> alb<\/li>\n<li dir=\"ltr\" data-placeholder=\"Translation\"><strong>Culoare LED:<\/strong> alb cald<\/li>\n<li dir=\"ltr\" data-placeholder=\"Translation\">Sunt incluse 2 lum\u00e2n\u0103ri<\/li>\n<li dir=\"ltr\" data-placeholder=\"Translation\"><strong>Dimensiuni:<\/strong> 5 cm x 3,80 cm<\/li>\n<li dir=\"ltr\" data-placeholder=\"Translation\"><strong>Sursa de putere:<\/strong> 2 x CR2032 (incluse)<\/li>\n<li dir=\"ltr\" data-placeholder=\"Translation\"><strong>Temporizator:<\/strong> 6H pornit\/18H oprit, repeta\u021bi<\/li>\n<li dir=\"ltr\" data-placeholder=\"Translation\"><strong>Telecomand\u0103:\u00a0<\/strong>incluse (func\u021bii ON\/OFF)<\/li>\n<li dir=\"ltr\" data-placeholder=\"Translation\"><strong>Evaluare IP<\/strong>: IP20<\/li>\n<li dir=\"ltr\" data-placeholder=\"Translation\"><strong>Certificat CE:<\/strong> da<\/li>\n<\/ul>","protected":false},"excerpt":{"rendered":"<p>Our 2 pcs tealight candles set with warm white flame in our Flamme series brings an amazing warm white glow and creates cozy atmosphere in your home. Candle colour: white LED Colour: warm white 2 candles are included Sizes: 5CM x 3.80CM Power source: 2 x CR2032 (included) Timer: 6H on\/18H off, repeat Remote control:\u00a0included [&#8230;]\n","protected":false},"featured_media":4414,"comment_status":"open","ping_status":"closed","template":"","meta":[],"product_brand":[],"product_cat":[214,216],"product_tag":[],"class_list":{"0":"post-5457","1":"product","2":"type-product","3":"status-publish","4":"has-post-thumbnail","6":"product_cat-indoor-lights","7":"product_cat-led-candles","8":"pa_brand-deco","9":"pa_led-colour-warm-white","11":"first","12":"instock","13":"sale","14":"shipping-taxable","15":"purchasable","16":"product-type-simple"},"yoast_head":"<!-- This site is optimized with the Yoast SEO plugin v27.3 - https:\/\/yoast.com\/product\/yoast-seo-wordpress\/ -->\n<title>LED candles 2pcs set - Best price guarantee - Decolights.eu<\/title>\n<meta name=\"description\" content=\"LED Tealight candles are the best and safest way for decorating your home and patio. Buy LED candles for the best price today and enjoy cozy atmosphere.\" \/>\n<meta name=\"robots\" content=\"index, follow, max-snippet:-1, max-image-preview:large, max-video-preview:-1\" \/>\n<link rel=\"canonical\" href=\"https:\/\/decolights.eu\/ro\/produs-2\/led-candles-2pcs-set\/\" \/>\n<meta property=\"og:locale\" content=\"ro_RO\" \/>\n<meta property=\"og:type\" content=\"article\" \/>\n<meta property=\"og:title\" content=\"LED candles 2pcs set - Best price guarantee - Decolights.eu\" \/>\n<meta property=\"og:description\" content=\"LED Tealight candles are the best and safest way for decorating your home and patio. Buy LED candles for the best price today and enjoy cozy atmosphere.\" \/>\n<meta property=\"og:url\" content=\"https:\/\/decolights.eu\/ro\/produs-2\/led-candles-2pcs-set\/\" \/>\n<meta property=\"og:site_name\" content=\"Decolights.eu\" \/>\n<meta property=\"article:modified_time\" content=\"2023-04-17T06:43:02+00:00\" \/>\n<meta property=\"og:image\" content=\"https:\/\/decolights.eu\/wp-content\/uploads\/2023\/04\/063-05_M2.png\" \/>\n\t<meta property=\"og:image:width\" content=\"600\" \/>\n\t<meta property=\"og:image:height\" content=\"602\" \/>\n\t<meta property=\"og:image:type\" content=\"image\/png\" \/>\n<meta name=\"twitter:card\" content=\"summary_large_image\" \/>\n<meta name=\"twitter:label1\" content=\"Timp estimat pentru citire\" \/>\n\t<meta name=\"twitter:data1\" content=\"1 minut\" \/>\n<script type=\"application\/ld+json\" class=\"yoast-schema-graph\">{\"@context\":\"https:\\\/\\\/schema.org\",\"@graph\":[{\"@type\":\"WebPage\",\"@id\":\"https:\\\/\\\/decolights.eu\\\/product\\\/led-candles-2pcs-set\\\/\",\"url\":\"https:\\\/\\\/decolights.eu\\\/product\\\/led-candles-2pcs-set\\\/\",\"name\":\"LED candles 2pcs set - Best price guarantee - Decolights.eu\",\"isPartOf\":{\"@id\":\"https:\\\/\\\/decolights.eu\\\/#website\"},\"primaryImageOfPage\":{\"@id\":\"https:\\\/\\\/decolights.eu\\\/product\\\/led-candles-2pcs-set\\\/#primaryimage\"},\"image\":{\"@id\":\"https:\\\/\\\/decolights.eu\\\/product\\\/led-candles-2pcs-set\\\/#primaryimage\"},\"thumbnailUrl\":\"https:\\\/\\\/decolights.eu\\\/wp-content\\\/uploads\\\/2023\\\/04\\\/063-05_M2.png\",\"datePublished\":\"2023-04-01T04:31:14+00:00\",\"dateModified\":\"2023-04-17T06:43:02+00:00\",\"description\":\"LED Tealight candles are the best and safest way for decorating your home and patio. Buy LED candles for the best price today and enjoy cozy atmosphere.\",\"breadcrumb\":{\"@id\":\"https:\\\/\\\/decolights.eu\\\/product\\\/led-candles-2pcs-set\\\/#breadcrumb\"},\"inLanguage\":\"ro-RO\",\"potentialAction\":[{\"@type\":\"ReadAction\",\"target\":[\"https:\\\/\\\/decolights.eu\\\/product\\\/led-candles-2pcs-set\\\/\"]}]},{\"@type\":\"ImageObject\",\"inLanguage\":\"ro-RO\",\"@id\":\"https:\\\/\\\/decolights.eu\\\/product\\\/led-candles-2pcs-set\\\/#primaryimage\",\"url\":\"https:\\\/\\\/decolights.eu\\\/wp-content\\\/uploads\\\/2023\\\/04\\\/063-05_M2.png\",\"contentUrl\":\"https:\\\/\\\/decolights.eu\\\/wp-content\\\/uploads\\\/2023\\\/04\\\/063-05_M2.png\",\"width\":600,\"height\":602},{\"@type\":\"BreadcrumbList\",\"@id\":\"https:\\\/\\\/decolights.eu\\\/product\\\/led-candles-2pcs-set\\\/#breadcrumb\",\"itemListElement\":[{\"@type\":\"ListItem\",\"position\":1,\"name\":\"Shop\",\"item\":\"https:\\\/\\\/decolights.eu\\\/shop\\\/\"},{\"@type\":\"ListItem\",\"position\":2,\"name\":\"LED candles 2pcs set\"}]},{\"@type\":\"WebSite\",\"@id\":\"https:\\\/\\\/decolights.eu\\\/#website\",\"url\":\"https:\\\/\\\/decolights.eu\\\/\",\"name\":\"decolights\",\"description\":\"Led Decorations for Home and Garden\",\"publisher\":{\"@id\":\"https:\\\/\\\/decolights.eu\\\/#organization\"},\"alternateName\":\"decolights.eu\",\"potentialAction\":[{\"@type\":\"SearchAction\",\"target\":{\"@type\":\"EntryPoint\",\"urlTemplate\":\"https:\\\/\\\/decolights.eu\\\/?s={search_term_string}\"},\"query-input\":{\"@type\":\"PropertyValueSpecification\",\"valueRequired\":true,\"valueName\":\"search_term_string\"}}],\"inLanguage\":\"ro-RO\"},{\"@type\":\"Organization\",\"@id\":\"https:\\\/\\\/decolights.eu\\\/#organization\",\"name\":\"decolights\",\"url\":\"https:\\\/\\\/decolights.eu\\\/\",\"logo\":{\"@type\":\"ImageObject\",\"inLanguage\":\"ro-RO\",\"@id\":\"https:\\\/\\\/decolights.eu\\\/#\\\/schema\\\/logo\\\/image\\\/\",\"url\":\"https:\\\/\\\/decolights.eu\\\/wp-content\\\/uploads\\\/2023\\\/07\\\/cropped-decolight-siteicon.png\",\"contentUrl\":\"https:\\\/\\\/decolights.eu\\\/wp-content\\\/uploads\\\/2023\\\/07\\\/cropped-decolight-siteicon.png\",\"width\":512,\"height\":512,\"caption\":\"decolights\"},\"image\":{\"@id\":\"https:\\\/\\\/decolights.eu\\\/#\\\/schema\\\/logo\\\/image\\\/\"}}]}<\/script>\n<!-- \/ Yoast SEO plugin. -->","yoast_head_json":{"title":"Set lumanari LED 2buc - Garantie cel mai bun pret - Decolights.eu","description":"Lum\u00e2n\u0103rile LED Tealight sunt cea mai bun\u0103 \u0219i mai sigur\u0103 modalitate de a v\u0103 decora casa \u0219i curtea. Cump\u0103ra\u021bi lum\u00e2n\u0103ri LED la cel mai bun pre\u021b ast\u0103zi \u0219i bucura\u021bi-v\u0103 de atmosfera confortabil\u0103.","robots":{"index":"index","follow":"follow","max-snippet":"max-snippet:-1","max-image-preview":"max-image-preview:large","max-video-preview":"max-video-preview:-1"},"canonical":"https:\/\/decolights.eu\/ro\/produs-2\/led-candles-2pcs-set\/","og_locale":"ro_RO","og_type":"article","og_title":"LED candles 2pcs set - Best price guarantee - Decolights.eu","og_description":"LED Tealight candles are the best and safest way for decorating your home and patio. Buy LED candles for the best price today and enjoy cozy atmosphere.","og_url":"https:\/\/decolights.eu\/ro\/produs-2\/led-candles-2pcs-set\/","og_site_name":"Decolights.eu","article_modified_time":"2023-04-17T06:43:02+00:00","og_image":[{"width":600,"height":602,"url":"https:\/\/decolights.eu\/wp-content\/uploads\/2023\/04\/063-05_M2.png","type":"image\/png"}],"twitter_card":"summary_large_image","twitter_misc":{"Timp estimat pentru citire":"1 minut"},"schema":{"@context":"https:\/\/schema.org","@graph":[{"@type":"WebPage","@id":"https:\/\/decolights.eu\/product\/led-candles-2pcs-set\/","url":"https:\/\/decolights.eu\/product\/led-candles-2pcs-set\/","name":"Set lumanari LED 2buc - Garantie cel mai bun pret - Decolights.eu","isPartOf":{"@id":"https:\/\/decolights.eu\/#website"},"primaryImageOfPage":{"@id":"https:\/\/decolights.eu\/product\/led-candles-2pcs-set\/#primaryimage"},"image":{"@id":"https:\/\/decolights.eu\/product\/led-candles-2pcs-set\/#primaryimage"},"thumbnailUrl":"https:\/\/decolights.eu\/wp-content\/uploads\/2023\/04\/063-05_M2.png","datePublished":"2023-04-01T04:31:14+00:00","dateModified":"2023-04-17T06:43:02+00:00","description":"Lum\u00e2n\u0103rile LED Tealight sunt cea mai bun\u0103 \u0219i mai sigur\u0103 modalitate de a v\u0103 decora casa \u0219i curtea. Cump\u0103ra\u021bi lum\u00e2n\u0103ri LED la cel mai bun pre\u021b ast\u0103zi \u0219i bucura\u021bi-v\u0103 de atmosfera confortabil\u0103.","breadcrumb":{"@id":"https:\/\/decolights.eu\/product\/led-candles-2pcs-set\/#breadcrumb"},"inLanguage":"ro-RO","potentialAction":[{"@type":"ReadAction","target":["https:\/\/decolights.eu\/product\/led-candles-2pcs-set\/"]}]},{"@type":"ImageObject","inLanguage":"ro-RO","@id":"https:\/\/decolights.eu\/product\/led-candles-2pcs-set\/#primaryimage","url":"https:\/\/decolights.eu\/wp-content\/uploads\/2023\/04\/063-05_M2.png","contentUrl":"https:\/\/decolights.eu\/wp-content\/uploads\/2023\/04\/063-05_M2.png","width":600,"height":602},{"@type":"BreadcrumbList","@id":"https:\/\/decolights.eu\/product\/led-candles-2pcs-set\/#breadcrumb","itemListElement":[{"@type":"ListItem","position":1,"name":"Shop","item":"https:\/\/decolights.eu\/shop\/"},{"@type":"ListItem","position":2,"name":"LED candles 2pcs set"}]},{"@type":"WebSite","@id":"https:\/\/decolights.eu\/#website","url":"https:\/\/decolights.eu\/","name":"decolights","description":"Decoratiuni Led pentru Casa si Gradina","publisher":{"@id":"https:\/\/decolights.eu\/#organization"},"alternateName":"decolights.eu","potentialAction":[{"@type":"SearchAction","target":{"@type":"EntryPoint","urlTemplate":"https:\/\/decolights.eu\/?s={search_term_string}"},"query-input":{"@type":"PropertyValueSpecification","valueRequired":true,"valueName":"search_term_string"}}],"inLanguage":"ro-RO"},{"@type":"Organization","@id":"https:\/\/decolights.eu\/#organization","name":"decolights","url":"https:\/\/decolights.eu\/","logo":{"@type":"ImageObject","inLanguage":"ro-RO","@id":"https:\/\/decolights.eu\/#\/schema\/logo\/image\/","url":"https:\/\/decolights.eu\/wp-content\/uploads\/2023\/07\/cropped-decolight-siteicon.png","contentUrl":"https:\/\/decolights.eu\/wp-content\/uploads\/2023\/07\/cropped-decolight-siteicon.png","width":512,"height":512,"caption":"decolights"},"image":{"@id":"https:\/\/decolights.eu\/#\/schema\/logo\/image\/"}}]}},"jetpack_sharing_enabled":true,"_links":{"self":[{"href":"https:\/\/decolights.eu\/ro\/wp-json\/wp\/v2\/product\/5457","targetHints":{"allow":["GET"]}}],"collection":[{"href":"https:\/\/decolights.eu\/ro\/wp-json\/wp\/v2\/product"}],"about":[{"href":"https:\/\/decolights.eu\/ro\/wp-json\/wp\/v2\/types\/product"}],"replies":[{"embeddable":true,"href":"https:\/\/decolights.eu\/ro\/wp-json\/wp\/v2\/comments?post=5457"}],"wp:featuredmedia":[{"embeddable":true,"href":"https:\/\/decolights.eu\/ro\/wp-json\/wp\/v2\/media\/4414"}],"wp:attachment":[{"href":"https:\/\/decolights.eu\/ro\/wp-json\/wp\/v2\/media?parent=5457"}],"wp:term":[{"taxonomy":"product_brand","embeddable":true,"href":"https:\/\/decolights.eu\/ro\/wp-json\/wp\/v2\/product_brand?post=5457"},{"taxonomy":"product_cat","embeddable":true,"href":"https:\/\/decolights.eu\/ro\/wp-json\/wp\/v2\/product_cat?post=5457"},{"taxonomy":"product_tag","embeddable":true,"href":"https:\/\/decolights.eu\/ro\/wp-json\/wp\/v2\/product_tag?post=5457"}],"curies":[{"name":"wp","href":"https:\/\/api.w.org\/{rel}","templated":true}]}}