{"id":5661,"date":"2023-04-01T04:34:25","date_gmt":"2023-04-01T04:34:25","guid":{"rendered":"https:\/\/decolights.eu\/?post_type=product&#038;p=5661"},"modified":"2023-05-10T09:05:31","modified_gmt":"2023-05-10T09:05:31","slug":"led-candle-flamme-marble","status":"publish","type":"product","link":"https:\/\/decolights.eu\/ro\/produs-2\/led-candle-flamme-marble\/","title":{"rendered":"Lum\u00e2nare LED Flamme Marmur\u0103"},"content":{"rendered":"<p>Flamme Marble \u00een form\u0103 de glob are un model frumos de marmur\u0103. Aceast\u0103 lum\u00e2nare cu led va fi un decor frumos, at\u00e2t singur\u0103, c\u00e2t \u0219i \u00een grup \u00eempreun\u0103 cu alte lum\u00e2n\u0103ri din seria noastr\u0103 Marble. Are o func\u021bie de cronometru \u0219i c\u00e2nd comutatorul este \u00een modul de cronometru, lumina str\u0103luce\u0219te timp de aproximativ 30 de zile cu o flac\u0103r\u0103 frumoas\u0103 realist\u0103 \u00een alb cald.<\/p>\n<ul>\n<li><strong>Culoarea lum\u00e2n\u0103rii:<\/strong> marmur\u0103 gri<\/li>\n<li dir=\"ltr\" data-placeholder=\"Translation\"><strong>Culoare LED:<\/strong> alb cald<\/li>\n<li dir=\"ltr\" data-placeholder=\"Translation\"><strong>M\u0103rimea:<\/strong> 10 x 12 x 10 CM<\/li>\n<li dir=\"ltr\" data-placeholder=\"Translation\"><strong>Sursa de putere:<\/strong> 2 x baterii AAA (nu sunt incluse)<\/li>\n<li dir=\"ltr\" data-placeholder=\"Translation\"><strong>Temporizator:<\/strong> 6H pornit\/18H oprit, repeta\u021bi<\/li>\n<li dir=\"ltr\" data-placeholder=\"Translation\"><strong>Evaluare IP<\/strong>: IP20<\/li>\n<li dir=\"ltr\" data-placeholder=\"Translation\"><strong>Certificat CE:<\/strong> da<\/li>\n<\/ul>","protected":false},"excerpt":{"rendered":"<p>Flamme Marble in globe shape has a beautiful marble pattern. This led candle will be a beautiful decoration, both alone or in a group together with other candles from our Marble series. It has a timer function and when the switch is in the timer mode, the light shines for about 30 days with a [&#8230;]\n","protected":false},"featured_media":4432,"comment_status":"open","ping_status":"closed","template":"","meta":[],"product_brand":[],"product_cat":[214,216],"product_tag":[],"class_list":{"0":"post-5661","1":"product","2":"type-product","3":"status-publish","4":"has-post-thumbnail","6":"product_cat-indoor-lights","7":"product_cat-led-candles","8":"pa_brand-deco","9":"pa_led-colour-warm-white","11":"first","12":"instock","13":"sale","14":"shipping-taxable","15":"purchasable","16":"product-type-simple"},"yoast_head":"<!-- This site is optimized with the Yoast SEO plugin v27.3 - https:\/\/yoast.com\/product\/yoast-seo-wordpress\/ -->\n<title>LED Candle Flamme Marble - Best price - Decolights.eu<\/title>\n<meta name=\"description\" content=\"LED Candles are the best and safest way for decorating your home and patio. Buy LED candles for the best price today and enjoy cozy atmosphere.\" \/>\n<meta name=\"robots\" content=\"index, follow, max-snippet:-1, max-image-preview:large, max-video-preview:-1\" \/>\n<link rel=\"canonical\" href=\"https:\/\/decolights.eu\/ro\/produs-2\/led-candle-flamme-marble\/\" \/>\n<meta property=\"og:locale\" content=\"ro_RO\" \/>\n<meta property=\"og:type\" content=\"article\" \/>\n<meta property=\"og:title\" content=\"LED Candle Flamme Marble - Best price - Decolights.eu\" \/>\n<meta property=\"og:description\" content=\"LED Candles are the best and safest way for decorating your home and patio. Buy LED candles for the best price today and enjoy cozy atmosphere.\" \/>\n<meta property=\"og:url\" content=\"https:\/\/decolights.eu\/ro\/produs-2\/led-candle-flamme-marble\/\" \/>\n<meta property=\"og:site_name\" content=\"Decolights.eu\" \/>\n<meta property=\"article:modified_time\" content=\"2023-05-10T09:05:31+00:00\" \/>\n<meta property=\"og:image\" content=\"https:\/\/decolights.eu\/wp-content\/uploads\/2023\/04\/064-13_M2.png\" \/>\n\t<meta property=\"og:image:width\" content=\"600\" \/>\n\t<meta property=\"og:image:height\" content=\"602\" \/>\n\t<meta property=\"og:image:type\" content=\"image\/png\" \/>\n<meta name=\"twitter:card\" content=\"summary_large_image\" \/>\n<meta name=\"twitter:label1\" content=\"Timp estimat pentru citire\" \/>\n\t<meta name=\"twitter:data1\" content=\"1 minut\" \/>\n<script type=\"application\/ld+json\" class=\"yoast-schema-graph\">{\"@context\":\"https:\\\/\\\/schema.org\",\"@graph\":[{\"@type\":\"WebPage\",\"@id\":\"https:\\\/\\\/decolights.eu\\\/product\\\/led-candle-flamme-marble\\\/\",\"url\":\"https:\\\/\\\/decolights.eu\\\/product\\\/led-candle-flamme-marble\\\/\",\"name\":\"LED Candle Flamme Marble - Best price - Decolights.eu\",\"isPartOf\":{\"@id\":\"https:\\\/\\\/decolights.eu\\\/#website\"},\"primaryImageOfPage\":{\"@id\":\"https:\\\/\\\/decolights.eu\\\/product\\\/led-candle-flamme-marble\\\/#primaryimage\"},\"image\":{\"@id\":\"https:\\\/\\\/decolights.eu\\\/product\\\/led-candle-flamme-marble\\\/#primaryimage\"},\"thumbnailUrl\":\"https:\\\/\\\/decolights.eu\\\/wp-content\\\/uploads\\\/2023\\\/04\\\/064-13_M2.png\",\"datePublished\":\"2023-04-01T04:34:25+00:00\",\"dateModified\":\"2023-05-10T09:05:31+00:00\",\"description\":\"LED Candles are the best and safest way for decorating your home and patio. Buy LED candles for the best price today and enjoy cozy atmosphere.\",\"breadcrumb\":{\"@id\":\"https:\\\/\\\/decolights.eu\\\/product\\\/led-candle-flamme-marble\\\/#breadcrumb\"},\"inLanguage\":\"ro-RO\",\"potentialAction\":[{\"@type\":\"ReadAction\",\"target\":[\"https:\\\/\\\/decolights.eu\\\/product\\\/led-candle-flamme-marble\\\/\"]}]},{\"@type\":\"ImageObject\",\"inLanguage\":\"ro-RO\",\"@id\":\"https:\\\/\\\/decolights.eu\\\/product\\\/led-candle-flamme-marble\\\/#primaryimage\",\"url\":\"https:\\\/\\\/decolights.eu\\\/wp-content\\\/uploads\\\/2023\\\/04\\\/064-13_M2.png\",\"contentUrl\":\"https:\\\/\\\/decolights.eu\\\/wp-content\\\/uploads\\\/2023\\\/04\\\/064-13_M2.png\",\"width\":600,\"height\":602},{\"@type\":\"BreadcrumbList\",\"@id\":\"https:\\\/\\\/decolights.eu\\\/product\\\/led-candle-flamme-marble\\\/#breadcrumb\",\"itemListElement\":[{\"@type\":\"ListItem\",\"position\":1,\"name\":\"Shop\",\"item\":\"https:\\\/\\\/decolights.eu\\\/shop\\\/\"},{\"@type\":\"ListItem\",\"position\":2,\"name\":\"LED Candle Flamme Marble\"}]},{\"@type\":\"WebSite\",\"@id\":\"https:\\\/\\\/decolights.eu\\\/#website\",\"url\":\"https:\\\/\\\/decolights.eu\\\/\",\"name\":\"decolights\",\"description\":\"Led Decorations for Home and Garden\",\"publisher\":{\"@id\":\"https:\\\/\\\/decolights.eu\\\/#organization\"},\"alternateName\":\"decolights.eu\",\"potentialAction\":[{\"@type\":\"SearchAction\",\"target\":{\"@type\":\"EntryPoint\",\"urlTemplate\":\"https:\\\/\\\/decolights.eu\\\/?s={search_term_string}\"},\"query-input\":{\"@type\":\"PropertyValueSpecification\",\"valueRequired\":true,\"valueName\":\"search_term_string\"}}],\"inLanguage\":\"ro-RO\"},{\"@type\":\"Organization\",\"@id\":\"https:\\\/\\\/decolights.eu\\\/#organization\",\"name\":\"decolights\",\"url\":\"https:\\\/\\\/decolights.eu\\\/\",\"logo\":{\"@type\":\"ImageObject\",\"inLanguage\":\"ro-RO\",\"@id\":\"https:\\\/\\\/decolights.eu\\\/#\\\/schema\\\/logo\\\/image\\\/\",\"url\":\"https:\\\/\\\/decolights.eu\\\/wp-content\\\/uploads\\\/2023\\\/07\\\/cropped-decolight-siteicon.png\",\"contentUrl\":\"https:\\\/\\\/decolights.eu\\\/wp-content\\\/uploads\\\/2023\\\/07\\\/cropped-decolight-siteicon.png\",\"width\":512,\"height\":512,\"caption\":\"decolights\"},\"image\":{\"@id\":\"https:\\\/\\\/decolights.eu\\\/#\\\/schema\\\/logo\\\/image\\\/\"}}]}<\/script>\n<!-- \/ Yoast SEO plugin. -->","yoast_head_json":{"title":"Lumanare LED Flamme Marble - Cel mai bun pret - Decolights.eu","description":"Lum\u00e2n\u0103rile LED sunt cea mai bun\u0103 \u0219i mai sigur\u0103 modalitate de a v\u0103 decora casa \u0219i curtea. Cump\u0103ra\u021bi lum\u00e2n\u0103ri LED la cel mai bun pre\u021b ast\u0103zi \u0219i bucura\u021bi-v\u0103 de atmosfera confortabil\u0103.","robots":{"index":"index","follow":"follow","max-snippet":"max-snippet:-1","max-image-preview":"max-image-preview:large","max-video-preview":"max-video-preview:-1"},"canonical":"https:\/\/decolights.eu\/ro\/produs-2\/led-candle-flamme-marble\/","og_locale":"ro_RO","og_type":"article","og_title":"LED Candle Flamme Marble - Best price - Decolights.eu","og_description":"LED Candles are the best and safest way for decorating your home and patio. Buy LED candles for the best price today and enjoy cozy atmosphere.","og_url":"https:\/\/decolights.eu\/ro\/produs-2\/led-candle-flamme-marble\/","og_site_name":"Decolights.eu","article_modified_time":"2023-05-10T09:05:31+00:00","og_image":[{"width":600,"height":602,"url":"https:\/\/decolights.eu\/wp-content\/uploads\/2023\/04\/064-13_M2.png","type":"image\/png"}],"twitter_card":"summary_large_image","twitter_misc":{"Timp estimat pentru citire":"1 minut"},"schema":{"@context":"https:\/\/schema.org","@graph":[{"@type":"WebPage","@id":"https:\/\/decolights.eu\/product\/led-candle-flamme-marble\/","url":"https:\/\/decolights.eu\/product\/led-candle-flamme-marble\/","name":"Lumanare LED Flamme Marble - Cel mai bun pret - Decolights.eu","isPartOf":{"@id":"https:\/\/decolights.eu\/#website"},"primaryImageOfPage":{"@id":"https:\/\/decolights.eu\/product\/led-candle-flamme-marble\/#primaryimage"},"image":{"@id":"https:\/\/decolights.eu\/product\/led-candle-flamme-marble\/#primaryimage"},"thumbnailUrl":"https:\/\/decolights.eu\/wp-content\/uploads\/2023\/04\/064-13_M2.png","datePublished":"2023-04-01T04:34:25+00:00","dateModified":"2023-05-10T09:05:31+00:00","description":"Lum\u00e2n\u0103rile LED sunt cea mai bun\u0103 \u0219i mai sigur\u0103 modalitate de a v\u0103 decora casa \u0219i curtea. Cump\u0103ra\u021bi lum\u00e2n\u0103ri LED la cel mai bun pre\u021b ast\u0103zi \u0219i bucura\u021bi-v\u0103 de atmosfera confortabil\u0103.","breadcrumb":{"@id":"https:\/\/decolights.eu\/product\/led-candle-flamme-marble\/#breadcrumb"},"inLanguage":"ro-RO","potentialAction":[{"@type":"ReadAction","target":["https:\/\/decolights.eu\/product\/led-candle-flamme-marble\/"]}]},{"@type":"ImageObject","inLanguage":"ro-RO","@id":"https:\/\/decolights.eu\/product\/led-candle-flamme-marble\/#primaryimage","url":"https:\/\/decolights.eu\/wp-content\/uploads\/2023\/04\/064-13_M2.png","contentUrl":"https:\/\/decolights.eu\/wp-content\/uploads\/2023\/04\/064-13_M2.png","width":600,"height":602},{"@type":"BreadcrumbList","@id":"https:\/\/decolights.eu\/product\/led-candle-flamme-marble\/#breadcrumb","itemListElement":[{"@type":"ListItem","position":1,"name":"Shop","item":"https:\/\/decolights.eu\/shop\/"},{"@type":"ListItem","position":2,"name":"LED Candle Flamme Marble"}]},{"@type":"WebSite","@id":"https:\/\/decolights.eu\/#website","url":"https:\/\/decolights.eu\/","name":"decolights","description":"Decoratiuni Led pentru Casa si Gradina","publisher":{"@id":"https:\/\/decolights.eu\/#organization"},"alternateName":"decolights.eu","potentialAction":[{"@type":"SearchAction","target":{"@type":"EntryPoint","urlTemplate":"https:\/\/decolights.eu\/?s={search_term_string}"},"query-input":{"@type":"PropertyValueSpecification","valueRequired":true,"valueName":"search_term_string"}}],"inLanguage":"ro-RO"},{"@type":"Organization","@id":"https:\/\/decolights.eu\/#organization","name":"decolights","url":"https:\/\/decolights.eu\/","logo":{"@type":"ImageObject","inLanguage":"ro-RO","@id":"https:\/\/decolights.eu\/#\/schema\/logo\/image\/","url":"https:\/\/decolights.eu\/wp-content\/uploads\/2023\/07\/cropped-decolight-siteicon.png","contentUrl":"https:\/\/decolights.eu\/wp-content\/uploads\/2023\/07\/cropped-decolight-siteicon.png","width":512,"height":512,"caption":"decolights"},"image":{"@id":"https:\/\/decolights.eu\/#\/schema\/logo\/image\/"}}]}},"jetpack_sharing_enabled":true,"_links":{"self":[{"href":"https:\/\/decolights.eu\/ro\/wp-json\/wp\/v2\/product\/5661","targetHints":{"allow":["GET"]}}],"collection":[{"href":"https:\/\/decolights.eu\/ro\/wp-json\/wp\/v2\/product"}],"about":[{"href":"https:\/\/decolights.eu\/ro\/wp-json\/wp\/v2\/types\/product"}],"replies":[{"embeddable":true,"href":"https:\/\/decolights.eu\/ro\/wp-json\/wp\/v2\/comments?post=5661"}],"wp:featuredmedia":[{"embeddable":true,"href":"https:\/\/decolights.eu\/ro\/wp-json\/wp\/v2\/media\/4432"}],"wp:attachment":[{"href":"https:\/\/decolights.eu\/ro\/wp-json\/wp\/v2\/media?parent=5661"}],"wp:term":[{"taxonomy":"product_brand","embeddable":true,"href":"https:\/\/decolights.eu\/ro\/wp-json\/wp\/v2\/product_brand?post=5661"},{"taxonomy":"product_cat","embeddable":true,"href":"https:\/\/decolights.eu\/ro\/wp-json\/wp\/v2\/product_cat?post=5661"},{"taxonomy":"product_tag","embeddable":true,"href":"https:\/\/decolights.eu\/ro\/wp-json\/wp\/v2\/product_tag?post=5661"}],"curies":[{"name":"wp","href":"https:\/\/api.w.org\/{rel}","templated":true}]}}