{"id":570,"date":"2018-10-22T20:48:06","date_gmt":"2018-10-22T20:48:06","guid":{"rendered":"https:\/\/decolights.eu\/?post_type=product&#038;p=570"},"modified":"2023-05-12T07:42:48","modified_gmt":"2023-05-12T07:42:48","slug":"20led-dekoratiiv-joulutuled-kulm-valge-2-5m","status":"publish","type":"product","link":"https:\/\/decolights.eu\/ro\/produs-2\/20led-dekoratiiv-joulutuled-kulm-valge-2-5m\/","title":{"rendered":"20LED dekoratiiv j\u00f5ulutuled k\u00fclm valge 2.5M"},"content":{"rendered":"<ul>\n<li>V\u00e4rvus: <strong>k\u00fclm valge<\/strong><\/li>\n<li>Pikkus: 2.5M<\/li>\n<li>Andmed: 3V, 50Hz max,\u00a0 1.02W<\/li>\n<\/ul>\n<p><strong>NB! Vajavad AA batareisid (2tk)<\/strong><\/p>","protected":false},"excerpt":{"rendered":"<h3><a href=\"https:\/\/www.joulutuled.ee\/wp-content\/uploads\/2022\/10\/2022.jpg\"><img loading=\"lazy\" decoding=\"async\" class=\"alignnone size-medium wp-image-39128\" src=\"https:\/\/www.joulutuled.ee\/wp-content\/uploads\/2022\/10\/2022-800x276.jpg\" alt=\"\" width=\"800\" height=\"276\" \/><\/a><img decoding=\"async\" src=\"https:\/\/www.joulutuled.ee\/wp-content\/uploads\/2021\/09\/EST-banner-transport.jpg\" \/><\/h3>","protected":false},"featured_media":7328,"comment_status":"open","ping_status":"closed","template":"","meta":[],"product_brand":[],"product_cat":[15],"product_tag":[305,306,307,289,290,291,292],"class_list":{"0":"post-570","1":"product","2":"type-product","3":"status-publish","4":"has-post-thumbnail","6":"product_cat-festoon-lights","7":"product_tag-dekoratiiv-joulutuled","8":"product_tag-dekoratiiv-tuled","9":"product_tag-dekoratsioon","10":"product_tag-joulud","11":"product_tag-joulutuled","12":"product_tag-kodu-kaunistus","13":"product_tag-led","15":"first","16":"outofstock","17":"sale","18":"shipping-taxable","19":"purchasable","20":"product-type-simple"},"yoast_head":"<!-- This site is optimized with the Yoast SEO plugin v27.3 - https:\/\/yoast.com\/product\/yoast-seo-wordpress\/ -->\n<title>20LED dekoratiiv j\u00f5ulutuled k\u00fclm valge 2.5M - Decolights.eu<\/title>\n<meta name=\"description\" content=\"Buy 20LED dekoratiiv j\u00f5ulutuled k\u00fclm valge 2.5M for . Browse our range of . Buy for the best price today and enjoy cozy atmosphere.\" \/>\n<meta name=\"robots\" content=\"index, follow, max-snippet:-1, max-image-preview:large, max-video-preview:-1\" \/>\n<link rel=\"canonical\" href=\"https:\/\/decolights.eu\/ro\/produs-2\/20led-dekoratiiv-joulutuled-kulm-valge-2-5m\/\" \/>\n<meta property=\"og:locale\" content=\"ro_RO\" \/>\n<meta property=\"og:type\" content=\"article\" \/>\n<meta property=\"og:title\" content=\"20LED dekoratiiv j\u00f5ulutuled k\u00fclm valge 2.5M - Decolights.eu\" \/>\n<meta property=\"og:description\" content=\"Buy 20LED dekoratiiv j\u00f5ulutuled k\u00fclm valge 2.5M for . Browse our range of . Buy for the best price today and enjoy cozy atmosphere.\" \/>\n<meta property=\"og:url\" content=\"https:\/\/decolights.eu\/ro\/produs-2\/20led-dekoratiiv-joulutuled-kulm-valge-2-5m\/\" \/>\n<meta property=\"og:site_name\" content=\"Decolights.eu\" \/>\n<meta property=\"article:modified_time\" content=\"2023-05-12T07:42:48+00:00\" \/>\n<meta property=\"og:image\" content=\"https:\/\/decolights.eu\/wp-content\/uploads\/2023\/05\/20led-kulm-valge.jpeg\" \/>\n\t<meta property=\"og:image:width\" content=\"1280\" \/>\n\t<meta property=\"og:image:height\" content=\"762\" \/>\n\t<meta property=\"og:image:type\" content=\"image\/jpeg\" \/>\n<meta name=\"twitter:card\" content=\"summary_large_image\" \/>\n<meta name=\"twitter:label1\" content=\"Timp estimat pentru citire\" \/>\n\t<meta name=\"twitter:data1\" content=\"1 minut\" \/>\n<script type=\"application\/ld+json\" class=\"yoast-schema-graph\">{\"@context\":\"https:\\\/\\\/schema.org\",\"@graph\":[{\"@type\":\"WebPage\",\"@id\":\"https:\\\/\\\/decolights.eu\\\/product\\\/20led-dekoratiiv-joulutuled-kulm-valge-2-5m\\\/\",\"url\":\"https:\\\/\\\/decolights.eu\\\/product\\\/20led-dekoratiiv-joulutuled-kulm-valge-2-5m\\\/\",\"name\":\"20LED dekoratiiv j\u00f5ulutuled k\u00fclm valge 2.5M - Decolights.eu\",\"isPartOf\":{\"@id\":\"https:\\\/\\\/decolights.eu\\\/#website\"},\"primaryImageOfPage\":{\"@id\":\"https:\\\/\\\/decolights.eu\\\/product\\\/20led-dekoratiiv-joulutuled-kulm-valge-2-5m\\\/#primaryimage\"},\"image\":{\"@id\":\"https:\\\/\\\/decolights.eu\\\/product\\\/20led-dekoratiiv-joulutuled-kulm-valge-2-5m\\\/#primaryimage\"},\"thumbnailUrl\":\"https:\\\/\\\/decolights.eu\\\/wp-content\\\/uploads\\\/2023\\\/05\\\/20led-kulm-valge.jpeg\",\"datePublished\":\"2018-10-22T20:48:06+00:00\",\"dateModified\":\"2023-05-12T07:42:48+00:00\",\"description\":\"Buy 20LED dekoratiiv j\u00f5ulutuled k\u00fclm valge 2.5M for . Browse our range of . Buy for the best price today and enjoy cozy atmosphere.\",\"breadcrumb\":{\"@id\":\"https:\\\/\\\/decolights.eu\\\/product\\\/20led-dekoratiiv-joulutuled-kulm-valge-2-5m\\\/#breadcrumb\"},\"inLanguage\":\"ro-RO\",\"potentialAction\":[{\"@type\":\"ReadAction\",\"target\":[\"https:\\\/\\\/decolights.eu\\\/product\\\/20led-dekoratiiv-joulutuled-kulm-valge-2-5m\\\/\"]}]},{\"@type\":\"ImageObject\",\"inLanguage\":\"ro-RO\",\"@id\":\"https:\\\/\\\/decolights.eu\\\/product\\\/20led-dekoratiiv-joulutuled-kulm-valge-2-5m\\\/#primaryimage\",\"url\":\"https:\\\/\\\/decolights.eu\\\/wp-content\\\/uploads\\\/2023\\\/05\\\/20led-kulm-valge.jpeg\",\"contentUrl\":\"https:\\\/\\\/decolights.eu\\\/wp-content\\\/uploads\\\/2023\\\/05\\\/20led-kulm-valge.jpeg\",\"width\":1280,\"height\":762},{\"@type\":\"BreadcrumbList\",\"@id\":\"https:\\\/\\\/decolights.eu\\\/product\\\/20led-dekoratiiv-joulutuled-kulm-valge-2-5m\\\/#breadcrumb\",\"itemListElement\":[{\"@type\":\"ListItem\",\"position\":1,\"name\":\"Shop\",\"item\":\"https:\\\/\\\/decolights.eu\\\/shop\\\/\"},{\"@type\":\"ListItem\",\"position\":2,\"name\":\"20LED dekoratiiv j\u00f5ulutuled k\u00fclm valge 2.5M\"}]},{\"@type\":\"WebSite\",\"@id\":\"https:\\\/\\\/decolights.eu\\\/#website\",\"url\":\"https:\\\/\\\/decolights.eu\\\/\",\"name\":\"decolights\",\"description\":\"Led Decorations for Home and Garden\",\"publisher\":{\"@id\":\"https:\\\/\\\/decolights.eu\\\/#organization\"},\"alternateName\":\"decolights.eu\",\"potentialAction\":[{\"@type\":\"SearchAction\",\"target\":{\"@type\":\"EntryPoint\",\"urlTemplate\":\"https:\\\/\\\/decolights.eu\\\/?s={search_term_string}\"},\"query-input\":{\"@type\":\"PropertyValueSpecification\",\"valueRequired\":true,\"valueName\":\"search_term_string\"}}],\"inLanguage\":\"ro-RO\"},{\"@type\":\"Organization\",\"@id\":\"https:\\\/\\\/decolights.eu\\\/#organization\",\"name\":\"decolights\",\"url\":\"https:\\\/\\\/decolights.eu\\\/\",\"logo\":{\"@type\":\"ImageObject\",\"inLanguage\":\"ro-RO\",\"@id\":\"https:\\\/\\\/decolights.eu\\\/#\\\/schema\\\/logo\\\/image\\\/\",\"url\":\"https:\\\/\\\/decolights.eu\\\/wp-content\\\/uploads\\\/2023\\\/07\\\/cropped-decolight-siteicon.png\",\"contentUrl\":\"https:\\\/\\\/decolights.eu\\\/wp-content\\\/uploads\\\/2023\\\/07\\\/cropped-decolight-siteicon.png\",\"width\":512,\"height\":512,\"caption\":\"decolights\"},\"image\":{\"@id\":\"https:\\\/\\\/decolights.eu\\\/#\\\/schema\\\/logo\\\/image\\\/\"}}]}<\/script>\n<!-- \/ Yoast SEO plugin. -->","yoast_head_json":{"title":"20LED dekoratiiv j\u00f5ulutuled k\u00fclm valge 2.5M - Decolights.eu","description":"Buy 20LED dekoratiiv j\u00f5ulutuled k\u00fclm valge 2.5M for . Browse our range of . Buy for the best price today and enjoy cozy atmosphere.","robots":{"index":"index","follow":"follow","max-snippet":"max-snippet:-1","max-image-preview":"max-image-preview:large","max-video-preview":"max-video-preview:-1"},"canonical":"https:\/\/decolights.eu\/ro\/produs-2\/20led-dekoratiiv-joulutuled-kulm-valge-2-5m\/","og_locale":"ro_RO","og_type":"article","og_title":"20LED dekoratiiv j\u00f5ulutuled k\u00fclm valge 2.5M - Decolights.eu","og_description":"Buy 20LED dekoratiiv j\u00f5ulutuled k\u00fclm valge 2.5M for . Browse our range of . Buy for the best price today and enjoy cozy atmosphere.","og_url":"https:\/\/decolights.eu\/ro\/produs-2\/20led-dekoratiiv-joulutuled-kulm-valge-2-5m\/","og_site_name":"Decolights.eu","article_modified_time":"2023-05-12T07:42:48+00:00","og_image":[{"width":1280,"height":762,"url":"https:\/\/decolights.eu\/wp-content\/uploads\/2023\/05\/20led-kulm-valge.jpeg","type":"image\/jpeg"}],"twitter_card":"summary_large_image","twitter_misc":{"Timp estimat pentru citire":"1 minut"},"schema":{"@context":"https:\/\/schema.org","@graph":[{"@type":"WebPage","@id":"https:\/\/decolights.eu\/product\/20led-dekoratiiv-joulutuled-kulm-valge-2-5m\/","url":"https:\/\/decolights.eu\/product\/20led-dekoratiiv-joulutuled-kulm-valge-2-5m\/","name":"20LED dekoratiiv j\u00f5ulutuled k\u00fclm valge 2.5M - Decolights.eu","isPartOf":{"@id":"https:\/\/decolights.eu\/#website"},"primaryImageOfPage":{"@id":"https:\/\/decolights.eu\/product\/20led-dekoratiiv-joulutuled-kulm-valge-2-5m\/#primaryimage"},"image":{"@id":"https:\/\/decolights.eu\/product\/20led-dekoratiiv-joulutuled-kulm-valge-2-5m\/#primaryimage"},"thumbnailUrl":"https:\/\/decolights.eu\/wp-content\/uploads\/2023\/05\/20led-kulm-valge.jpeg","datePublished":"2018-10-22T20:48:06+00:00","dateModified":"2023-05-12T07:42:48+00:00","description":"Buy 20LED dekoratiiv j\u00f5ulutuled k\u00fclm valge 2.5M for . Browse our range of . Buy for the best price today and enjoy cozy atmosphere.","breadcrumb":{"@id":"https:\/\/decolights.eu\/product\/20led-dekoratiiv-joulutuled-kulm-valge-2-5m\/#breadcrumb"},"inLanguage":"ro-RO","potentialAction":[{"@type":"ReadAction","target":["https:\/\/decolights.eu\/product\/20led-dekoratiiv-joulutuled-kulm-valge-2-5m\/"]}]},{"@type":"ImageObject","inLanguage":"ro-RO","@id":"https:\/\/decolights.eu\/product\/20led-dekoratiiv-joulutuled-kulm-valge-2-5m\/#primaryimage","url":"https:\/\/decolights.eu\/wp-content\/uploads\/2023\/05\/20led-kulm-valge.jpeg","contentUrl":"https:\/\/decolights.eu\/wp-content\/uploads\/2023\/05\/20led-kulm-valge.jpeg","width":1280,"height":762},{"@type":"BreadcrumbList","@id":"https:\/\/decolights.eu\/product\/20led-dekoratiiv-joulutuled-kulm-valge-2-5m\/#breadcrumb","itemListElement":[{"@type":"ListItem","position":1,"name":"Shop","item":"https:\/\/decolights.eu\/shop\/"},{"@type":"ListItem","position":2,"name":"20LED dekoratiiv j\u00f5ulutuled k\u00fclm valge 2.5M"}]},{"@type":"WebSite","@id":"https:\/\/decolights.eu\/#website","url":"https:\/\/decolights.eu\/","name":"decolights","description":"Decoratiuni Led pentru Casa si Gradina","publisher":{"@id":"https:\/\/decolights.eu\/#organization"},"alternateName":"decolights.eu","potentialAction":[{"@type":"SearchAction","target":{"@type":"EntryPoint","urlTemplate":"https:\/\/decolights.eu\/?s={search_term_string}"},"query-input":{"@type":"PropertyValueSpecification","valueRequired":true,"valueName":"search_term_string"}}],"inLanguage":"ro-RO"},{"@type":"Organization","@id":"https:\/\/decolights.eu\/#organization","name":"decolights","url":"https:\/\/decolights.eu\/","logo":{"@type":"ImageObject","inLanguage":"ro-RO","@id":"https:\/\/decolights.eu\/#\/schema\/logo\/image\/","url":"https:\/\/decolights.eu\/wp-content\/uploads\/2023\/07\/cropped-decolight-siteicon.png","contentUrl":"https:\/\/decolights.eu\/wp-content\/uploads\/2023\/07\/cropped-decolight-siteicon.png","width":512,"height":512,"caption":"decolights"},"image":{"@id":"https:\/\/decolights.eu\/#\/schema\/logo\/image\/"}}]}},"jetpack_sharing_enabled":true,"_links":{"self":[{"href":"https:\/\/decolights.eu\/ro\/wp-json\/wp\/v2\/product\/570","targetHints":{"allow":["GET"]}}],"collection":[{"href":"https:\/\/decolights.eu\/ro\/wp-json\/wp\/v2\/product"}],"about":[{"href":"https:\/\/decolights.eu\/ro\/wp-json\/wp\/v2\/types\/product"}],"replies":[{"embeddable":true,"href":"https:\/\/decolights.eu\/ro\/wp-json\/wp\/v2\/comments?post=570"}],"wp:featuredmedia":[{"embeddable":true,"href":"https:\/\/decolights.eu\/ro\/wp-json\/wp\/v2\/media\/7328"}],"wp:attachment":[{"href":"https:\/\/decolights.eu\/ro\/wp-json\/wp\/v2\/media?parent=570"}],"wp:term":[{"taxonomy":"product_brand","embeddable":true,"href":"https:\/\/decolights.eu\/ro\/wp-json\/wp\/v2\/product_brand?post=570"},{"taxonomy":"product_cat","embeddable":true,"href":"https:\/\/decolights.eu\/ro\/wp-json\/wp\/v2\/product_cat?post=570"},{"taxonomy":"product_tag","embeddable":true,"href":"https:\/\/decolights.eu\/ro\/wp-json\/wp\/v2\/product_tag?post=570"}],"curies":[{"name":"wp","href":"https:\/\/api.w.org\/{rel}","templated":true}]}}