{"id":5742,"date":"2023-04-01T04:35:17","date_gmt":"2023-04-01T04:35:17","guid":{"rendered":"https:\/\/decolights.eu\/?post_type=product&#038;p=5742"},"modified":"2023-04-22T16:09:35","modified_gmt":"2023-04-22T16:09:35","slug":"solar-spotlight-driveway","status":"publish","type":"product","link":"https:\/\/decolights.eu\/ro\/produs-2\/solar-spotlight-driveway\/","title":{"rendered":"Aleea cu reflectoare solare"},"content":{"rendered":"<p>Lumin\u0103 pentru alee sau alee care este condus\u0103 de energie solar\u0103. Se aprinde pe timp de noapte cu 10 lumeni. Constructia rezista pana la 3 tone.<\/p>\n<p>NB folosi\u021bi \u0219urubelni\u021ba PZ1 la deschiderea articolului! \u00cendep\u0103rta\u021bi plasticul de securitate \u00eenainte de utilizare.<\/p>\n<ul>\n<li><strong>Culoare LED:<\/strong> alb cald<\/li>\n<li><strong>Culoare:\u00a0<\/strong>negru<\/li>\n<li><strong>M\u0103rimea: <\/strong>12 x 3 x 12 CM<\/li>\n<li><strong>Evaluare IP: <\/strong>IP44<\/li>\n<li><strong>Sursa de putere:\u00a0<\/strong>Solar<\/li>\n<li><strong>Temporizator:\u00a0<\/strong>Aprins \u00een \u00eentuneric<\/li>\n<li><strong>Certificat CE:\u00a0<\/strong>da<\/li>\n<li>1,2 V DC<\/li>\n<\/ul>","protected":false},"excerpt":{"rendered":"<p>Driveway or pathway light that is run by solar power. Lights up during night time with 10 Lumen. The construction holds for up to 3 tonnes. NB use screwdriver PZ1 when opening the item! Remove security plastic before using. LED colour: warm white Colour:\u00a0black Size: 12 x 3 x 12 CM IP Rating: IP44 Power [&#8230;]\n","protected":false},"featured_media":5866,"comment_status":"open","ping_status":"closed","template":"","meta":[],"product_brand":[],"product_cat":[226,171,197],"product_tag":[],"class_list":{"0":"post-5742","1":"product","2":"type-product","3":"status-publish","4":"has-post-thumbnail","6":"product_cat-outdoor-lights","7":"product_cat-solar-lights","8":"product_cat-solar-spotlight","9":"pa_brand-deco","10":"pa_led-colour-warm-white","12":"first","13":"instock","14":"sale","15":"shipping-taxable","16":"purchasable","17":"product-type-simple"},"yoast_head":"<!-- This site is optimized with the Yoast SEO plugin v27.3 - https:\/\/yoast.com\/product\/yoast-seo-wordpress\/ -->\n<title>Solar Spotlight Driveway - The best price - Decolights.eu<\/title>\n<meta name=\"description\" content=\"Buy solar spotlight driveway for the best prices on Decolights.eu. Decorate your patio and terrace and create cozy ambience at home.\" \/>\n<meta name=\"robots\" content=\"index, follow, max-snippet:-1, max-image-preview:large, max-video-preview:-1\" \/>\n<link rel=\"canonical\" href=\"https:\/\/decolights.eu\/ro\/produs-2\/solar-spotlight-driveway\/\" \/>\n<meta property=\"og:locale\" content=\"ro_RO\" \/>\n<meta property=\"og:type\" content=\"article\" \/>\n<meta property=\"og:title\" content=\"Solar Spotlight Driveway - The best price - Decolights.eu\" \/>\n<meta property=\"og:description\" content=\"Buy solar spotlight driveway for the best prices on Decolights.eu. Decorate your patio and terrace and create cozy ambience at home.\" \/>\n<meta property=\"og:url\" content=\"https:\/\/decolights.eu\/ro\/produs-2\/solar-spotlight-driveway\/\" \/>\n<meta property=\"og:site_name\" content=\"Decolights.eu\" \/>\n<meta property=\"article:modified_time\" content=\"2023-04-22T16:09:35+00:00\" \/>\n<meta property=\"og:image\" content=\"https:\/\/decolights.eu\/wp-content\/uploads\/2023\/04\/480-48_MN.png\" \/>\n\t<meta property=\"og:image:width\" content=\"600\" \/>\n\t<meta property=\"og:image:height\" content=\"600\" \/>\n\t<meta property=\"og:image:type\" content=\"image\/png\" \/>\n<meta name=\"twitter:card\" content=\"summary_large_image\" \/>\n<meta name=\"twitter:label1\" content=\"Timp estimat pentru citire\" \/>\n\t<meta name=\"twitter:data1\" content=\"1 minut\" \/>\n<script type=\"application\/ld+json\" class=\"yoast-schema-graph\">{\"@context\":\"https:\\\/\\\/schema.org\",\"@graph\":[{\"@type\":\"WebPage\",\"@id\":\"https:\\\/\\\/decolights.eu\\\/product\\\/solar-spotlight-driveway\\\/\",\"url\":\"https:\\\/\\\/decolights.eu\\\/product\\\/solar-spotlight-driveway\\\/\",\"name\":\"Solar Spotlight Driveway - The best price - Decolights.eu\",\"isPartOf\":{\"@id\":\"https:\\\/\\\/decolights.eu\\\/#website\"},\"primaryImageOfPage\":{\"@id\":\"https:\\\/\\\/decolights.eu\\\/product\\\/solar-spotlight-driveway\\\/#primaryimage\"},\"image\":{\"@id\":\"https:\\\/\\\/decolights.eu\\\/product\\\/solar-spotlight-driveway\\\/#primaryimage\"},\"thumbnailUrl\":\"https:\\\/\\\/decolights.eu\\\/wp-content\\\/uploads\\\/2023\\\/04\\\/480-48_MN.png\",\"datePublished\":\"2023-04-01T04:35:17+00:00\",\"dateModified\":\"2023-04-22T16:09:35+00:00\",\"description\":\"Buy solar spotlight driveway for the best prices on Decolights.eu. Decorate your patio and terrace and create cozy ambience at home.\",\"breadcrumb\":{\"@id\":\"https:\\\/\\\/decolights.eu\\\/product\\\/solar-spotlight-driveway\\\/#breadcrumb\"},\"inLanguage\":\"ro-RO\",\"potentialAction\":[{\"@type\":\"ReadAction\",\"target\":[\"https:\\\/\\\/decolights.eu\\\/product\\\/solar-spotlight-driveway\\\/\"]}]},{\"@type\":\"ImageObject\",\"inLanguage\":\"ro-RO\",\"@id\":\"https:\\\/\\\/decolights.eu\\\/product\\\/solar-spotlight-driveway\\\/#primaryimage\",\"url\":\"https:\\\/\\\/decolights.eu\\\/wp-content\\\/uploads\\\/2023\\\/04\\\/480-48_MN.png\",\"contentUrl\":\"https:\\\/\\\/decolights.eu\\\/wp-content\\\/uploads\\\/2023\\\/04\\\/480-48_MN.png\",\"width\":600,\"height\":600},{\"@type\":\"BreadcrumbList\",\"@id\":\"https:\\\/\\\/decolights.eu\\\/product\\\/solar-spotlight-driveway\\\/#breadcrumb\",\"itemListElement\":[{\"@type\":\"ListItem\",\"position\":1,\"name\":\"Shop\",\"item\":\"https:\\\/\\\/decolights.eu\\\/shop\\\/\"},{\"@type\":\"ListItem\",\"position\":2,\"name\":\"Solar Spotlight Driveway\"}]},{\"@type\":\"WebSite\",\"@id\":\"https:\\\/\\\/decolights.eu\\\/#website\",\"url\":\"https:\\\/\\\/decolights.eu\\\/\",\"name\":\"decolights\",\"description\":\"Led Decorations for Home and Garden\",\"publisher\":{\"@id\":\"https:\\\/\\\/decolights.eu\\\/#organization\"},\"alternateName\":\"decolights.eu\",\"potentialAction\":[{\"@type\":\"SearchAction\",\"target\":{\"@type\":\"EntryPoint\",\"urlTemplate\":\"https:\\\/\\\/decolights.eu\\\/?s={search_term_string}\"},\"query-input\":{\"@type\":\"PropertyValueSpecification\",\"valueRequired\":true,\"valueName\":\"search_term_string\"}}],\"inLanguage\":\"ro-RO\"},{\"@type\":\"Organization\",\"@id\":\"https:\\\/\\\/decolights.eu\\\/#organization\",\"name\":\"decolights\",\"url\":\"https:\\\/\\\/decolights.eu\\\/\",\"logo\":{\"@type\":\"ImageObject\",\"inLanguage\":\"ro-RO\",\"@id\":\"https:\\\/\\\/decolights.eu\\\/#\\\/schema\\\/logo\\\/image\\\/\",\"url\":\"https:\\\/\\\/decolights.eu\\\/wp-content\\\/uploads\\\/2023\\\/07\\\/cropped-decolight-siteicon.png\",\"contentUrl\":\"https:\\\/\\\/decolights.eu\\\/wp-content\\\/uploads\\\/2023\\\/07\\\/cropped-decolight-siteicon.png\",\"width\":512,\"height\":512,\"caption\":\"decolights\"},\"image\":{\"@id\":\"https:\\\/\\\/decolights.eu\\\/#\\\/schema\\\/logo\\\/image\\\/\"}}]}<\/script>\n<!-- \/ Yoast SEO plugin. -->","yoast_head_json":{"title":"Calea de iluminat solar\u0103 - Cel mai bun pre\u021b - Decolights.eu","description":"Cump\u0103ra\u021bi lumina reflectoarelor solare la cele mai bune pre\u021buri pe Decolights.eu. Decora\u021bi-v\u0103 curtea \u0219i terasa \u0219i crea\u021bi o ambian\u021b\u0103 confortabil\u0103 acas\u0103.","robots":{"index":"index","follow":"follow","max-snippet":"max-snippet:-1","max-image-preview":"max-image-preview:large","max-video-preview":"max-video-preview:-1"},"canonical":"https:\/\/decolights.eu\/ro\/produs-2\/solar-spotlight-driveway\/","og_locale":"ro_RO","og_type":"article","og_title":"Solar Spotlight Driveway - The best price - Decolights.eu","og_description":"Buy solar spotlight driveway for the best prices on Decolights.eu. Decorate your patio and terrace and create cozy ambience at home.","og_url":"https:\/\/decolights.eu\/ro\/produs-2\/solar-spotlight-driveway\/","og_site_name":"Decolights.eu","article_modified_time":"2023-04-22T16:09:35+00:00","og_image":[{"width":600,"height":600,"url":"https:\/\/decolights.eu\/wp-content\/uploads\/2023\/04\/480-48_MN.png","type":"image\/png"}],"twitter_card":"summary_large_image","twitter_misc":{"Timp estimat pentru citire":"1 minut"},"schema":{"@context":"https:\/\/schema.org","@graph":[{"@type":"WebPage","@id":"https:\/\/decolights.eu\/product\/solar-spotlight-driveway\/","url":"https:\/\/decolights.eu\/product\/solar-spotlight-driveway\/","name":"Calea de iluminat solar\u0103 - Cel mai bun pre\u021b - Decolights.eu","isPartOf":{"@id":"https:\/\/decolights.eu\/#website"},"primaryImageOfPage":{"@id":"https:\/\/decolights.eu\/product\/solar-spotlight-driveway\/#primaryimage"},"image":{"@id":"https:\/\/decolights.eu\/product\/solar-spotlight-driveway\/#primaryimage"},"thumbnailUrl":"https:\/\/decolights.eu\/wp-content\/uploads\/2023\/04\/480-48_MN.png","datePublished":"2023-04-01T04:35:17+00:00","dateModified":"2023-04-22T16:09:35+00:00","description":"Cump\u0103ra\u021bi lumina reflectoarelor solare la cele mai bune pre\u021buri pe Decolights.eu. Decora\u021bi-v\u0103 curtea \u0219i terasa \u0219i crea\u021bi o ambian\u021b\u0103 confortabil\u0103 acas\u0103.","breadcrumb":{"@id":"https:\/\/decolights.eu\/product\/solar-spotlight-driveway\/#breadcrumb"},"inLanguage":"ro-RO","potentialAction":[{"@type":"ReadAction","target":["https:\/\/decolights.eu\/product\/solar-spotlight-driveway\/"]}]},{"@type":"ImageObject","inLanguage":"ro-RO","@id":"https:\/\/decolights.eu\/product\/solar-spotlight-driveway\/#primaryimage","url":"https:\/\/decolights.eu\/wp-content\/uploads\/2023\/04\/480-48_MN.png","contentUrl":"https:\/\/decolights.eu\/wp-content\/uploads\/2023\/04\/480-48_MN.png","width":600,"height":600},{"@type":"BreadcrumbList","@id":"https:\/\/decolights.eu\/product\/solar-spotlight-driveway\/#breadcrumb","itemListElement":[{"@type":"ListItem","position":1,"name":"Shop","item":"https:\/\/decolights.eu\/shop\/"},{"@type":"ListItem","position":2,"name":"Solar Spotlight Driveway"}]},{"@type":"WebSite","@id":"https:\/\/decolights.eu\/#website","url":"https:\/\/decolights.eu\/","name":"decolights","description":"Decoratiuni Led pentru Casa si Gradina","publisher":{"@id":"https:\/\/decolights.eu\/#organization"},"alternateName":"decolights.eu","potentialAction":[{"@type":"SearchAction","target":{"@type":"EntryPoint","urlTemplate":"https:\/\/decolights.eu\/?s={search_term_string}"},"query-input":{"@type":"PropertyValueSpecification","valueRequired":true,"valueName":"search_term_string"}}],"inLanguage":"ro-RO"},{"@type":"Organization","@id":"https:\/\/decolights.eu\/#organization","name":"decolights","url":"https:\/\/decolights.eu\/","logo":{"@type":"ImageObject","inLanguage":"ro-RO","@id":"https:\/\/decolights.eu\/#\/schema\/logo\/image\/","url":"https:\/\/decolights.eu\/wp-content\/uploads\/2023\/07\/cropped-decolight-siteicon.png","contentUrl":"https:\/\/decolights.eu\/wp-content\/uploads\/2023\/07\/cropped-decolight-siteicon.png","width":512,"height":512,"caption":"decolights"},"image":{"@id":"https:\/\/decolights.eu\/#\/schema\/logo\/image\/"}}]}},"jetpack_sharing_enabled":true,"_links":{"self":[{"href":"https:\/\/decolights.eu\/ro\/wp-json\/wp\/v2\/product\/5742","targetHints":{"allow":["GET"]}}],"collection":[{"href":"https:\/\/decolights.eu\/ro\/wp-json\/wp\/v2\/product"}],"about":[{"href":"https:\/\/decolights.eu\/ro\/wp-json\/wp\/v2\/types\/product"}],"replies":[{"embeddable":true,"href":"https:\/\/decolights.eu\/ro\/wp-json\/wp\/v2\/comments?post=5742"}],"wp:featuredmedia":[{"embeddable":true,"href":"https:\/\/decolights.eu\/ro\/wp-json\/wp\/v2\/media\/5866"}],"wp:attachment":[{"href":"https:\/\/decolights.eu\/ro\/wp-json\/wp\/v2\/media?parent=5742"}],"wp:term":[{"taxonomy":"product_brand","embeddable":true,"href":"https:\/\/decolights.eu\/ro\/wp-json\/wp\/v2\/product_brand?post=5742"},{"taxonomy":"product_cat","embeddable":true,"href":"https:\/\/decolights.eu\/ro\/wp-json\/wp\/v2\/product_cat?post=5742"},{"taxonomy":"product_tag","embeddable":true,"href":"https:\/\/decolights.eu\/ro\/wp-json\/wp\/v2\/product_tag?post=5742"}],"curies":[{"name":"wp","href":"https:\/\/api.w.org\/{rel}","templated":true}]}}