{"id":5835,"date":"2023-04-01T04:36:56","date_gmt":"2023-04-01T04:36:56","guid":{"rendered":"https:\/\/decolights.eu\/?post_type=product&#038;p=5835"},"modified":"2023-05-10T09:06:27","modified_gmt":"2023-05-10T09:06:27","slug":"waterproof-led-lights-2pcs-set","status":"publish","type":"product","link":"https:\/\/decolights.eu\/ro\/produs-2\/waterproof-led-lights-2pcs-set\/","title":{"rendered":"Set de 2 buc\u0103\u021bi lumini LED rezistente la ap\u0103"},"content":{"rendered":"<ul>\n<li><strong>Culoare:\u00a0<\/strong>alb\/transparent<\/li>\n<li><strong>Culoare LED:<\/strong> RGB (16 culori diferite)<\/li>\n<li><strong>Numar de LED-uri: 10<\/strong><\/li>\n<li><strong>Functii: 4<\/strong><\/li>\n<li><strong>M\u0103rimea: <\/strong>7 (latime) x 2,70 (inaltime) x 7 (adancime) CM<\/li>\n<li><strong>Impermeabil: <\/strong>da<\/li>\n<li><strong>Sursa de putere: <\/strong>Baterie 3 x AAA (nu este inclus\u0103)<\/li>\n<li><strong>Temporizator:\u00a0<\/strong>Aprins \u00een \u00eentuneric<\/li>\n<li><strong>Material: <\/strong>Plastic<\/li>\n<li><strong>Certificat CE:\u00a0<\/strong>da<\/li>\n<\/ul>","protected":false},"excerpt":{"rendered":"<p>Colour:\u00a0white \/ transparent LED colour: RGB (16 different colours) Number of LEDs: 10 Functions: 4 Size: 7 (width) x 2,70 (height) x 7 (depth) CM Waterproof: Yes Power source: Battery 3 x AAA (not included) Timer:\u00a0Lit in the dark Material: Plastic CE Certified:\u00a0Yes<\/p>","protected":false},"featured_media":5990,"comment_status":"open","ping_status":"closed","template":"","meta":[],"product_brand":[],"product_cat":[217,218,214,226,230],"product_tag":[],"class_list":{"0":"post-5835","1":"product","2":"type-product","3":"status-publish","4":"has-post-thumbnail","6":"product_cat-battery-operated-led-lights","7":"product_cat-decorative-led-lights","8":"product_cat-indoor-lights","9":"product_cat-outdoor-lights","10":"product_cat-patio-lights","11":"pa_brand-deco","12":"pa_led-colour-multi-coloured","14":"first","15":"instock","16":"sale","17":"shipping-taxable","18":"purchasable","19":"product-type-simple"},"yoast_head":"<!-- This site is optimized with the Yoast SEO plugin v27.3 - https:\/\/yoast.com\/product\/yoast-seo-wordpress\/ -->\n<title>Waterproof LED lights 2pcs set - Best price guaranteed - Decolights.eu<\/title>\n<meta name=\"description\" content=\"Amazing waterproof LED lights are perfect for bird baths or a small pond. It has RGB LEDs and different functions. Buy now for the best price!\" \/>\n<meta name=\"robots\" content=\"index, follow, max-snippet:-1, max-image-preview:large, max-video-preview:-1\" \/>\n<link rel=\"canonical\" href=\"https:\/\/decolights.eu\/ro\/produs-2\/waterproof-led-lights-2pcs-set\/\" \/>\n<meta property=\"og:locale\" content=\"ro_RO\" \/>\n<meta property=\"og:type\" content=\"article\" \/>\n<meta property=\"og:title\" content=\"Waterproof LED lights 2pcs set - Best price guaranteed - Decolights.eu\" \/>\n<meta property=\"og:description\" content=\"Amazing waterproof LED lights are perfect for bird baths or a small pond. It has RGB LEDs and different functions. Buy now for the best price!\" \/>\n<meta property=\"og:url\" content=\"https:\/\/decolights.eu\/ro\/produs-2\/waterproof-led-lights-2pcs-set\/\" \/>\n<meta property=\"og:site_name\" content=\"Decolights.eu\" \/>\n<meta property=\"article:modified_time\" content=\"2023-05-10T09:06:27+00:00\" \/>\n<meta property=\"og:image\" content=\"https:\/\/decolights.eu\/wp-content\/uploads\/2023\/04\/eng_pl_Waterproof-LED-lamp-with-remote-control-set-of-2-15409_1.jpg\" \/>\n\t<meta property=\"og:image:width\" content=\"500\" \/>\n\t<meta property=\"og:image:height\" content=\"500\" \/>\n\t<meta property=\"og:image:type\" content=\"image\/jpeg\" \/>\n<meta name=\"twitter:card\" content=\"summary_large_image\" \/>\n<meta name=\"twitter:label1\" content=\"Timp estimat pentru citire\" \/>\n\t<meta name=\"twitter:data1\" content=\"1 minut\" \/>\n<script type=\"application\/ld+json\" class=\"yoast-schema-graph\">{\"@context\":\"https:\\\/\\\/schema.org\",\"@graph\":[{\"@type\":\"WebPage\",\"@id\":\"https:\\\/\\\/decolights.eu\\\/product\\\/waterproof-led-lights-2pcs-set\\\/\",\"url\":\"https:\\\/\\\/decolights.eu\\\/product\\\/waterproof-led-lights-2pcs-set\\\/\",\"name\":\"Waterproof LED lights 2pcs set - Best price guaranteed - Decolights.eu\",\"isPartOf\":{\"@id\":\"https:\\\/\\\/decolights.eu\\\/#website\"},\"primaryImageOfPage\":{\"@id\":\"https:\\\/\\\/decolights.eu\\\/product\\\/waterproof-led-lights-2pcs-set\\\/#primaryimage\"},\"image\":{\"@id\":\"https:\\\/\\\/decolights.eu\\\/product\\\/waterproof-led-lights-2pcs-set\\\/#primaryimage\"},\"thumbnailUrl\":\"https:\\\/\\\/decolights.eu\\\/wp-content\\\/uploads\\\/2023\\\/04\\\/eng_pl_Waterproof-LED-lamp-with-remote-control-set-of-2-15409_1.jpg\",\"datePublished\":\"2023-04-01T04:36:56+00:00\",\"dateModified\":\"2023-05-10T09:06:27+00:00\",\"description\":\"Amazing waterproof LED lights are perfect for bird baths or a small pond. It has RGB LEDs and different functions. Buy now for the best price!\",\"breadcrumb\":{\"@id\":\"https:\\\/\\\/decolights.eu\\\/product\\\/waterproof-led-lights-2pcs-set\\\/#breadcrumb\"},\"inLanguage\":\"ro-RO\",\"potentialAction\":[{\"@type\":\"ReadAction\",\"target\":[\"https:\\\/\\\/decolights.eu\\\/product\\\/waterproof-led-lights-2pcs-set\\\/\"]}]},{\"@type\":\"ImageObject\",\"inLanguage\":\"ro-RO\",\"@id\":\"https:\\\/\\\/decolights.eu\\\/product\\\/waterproof-led-lights-2pcs-set\\\/#primaryimage\",\"url\":\"https:\\\/\\\/decolights.eu\\\/wp-content\\\/uploads\\\/2023\\\/04\\\/eng_pl_Waterproof-LED-lamp-with-remote-control-set-of-2-15409_1.jpg\",\"contentUrl\":\"https:\\\/\\\/decolights.eu\\\/wp-content\\\/uploads\\\/2023\\\/04\\\/eng_pl_Waterproof-LED-lamp-with-remote-control-set-of-2-15409_1.jpg\",\"width\":500,\"height\":500},{\"@type\":\"BreadcrumbList\",\"@id\":\"https:\\\/\\\/decolights.eu\\\/product\\\/waterproof-led-lights-2pcs-set\\\/#breadcrumb\",\"itemListElement\":[{\"@type\":\"ListItem\",\"position\":1,\"name\":\"Shop\",\"item\":\"https:\\\/\\\/decolights.eu\\\/shop\\\/\"},{\"@type\":\"ListItem\",\"position\":2,\"name\":\"Waterproof LED lights 2pcs set\"}]},{\"@type\":\"WebSite\",\"@id\":\"https:\\\/\\\/decolights.eu\\\/#website\",\"url\":\"https:\\\/\\\/decolights.eu\\\/\",\"name\":\"decolights\",\"description\":\"Led Decorations for Home and Garden\",\"publisher\":{\"@id\":\"https:\\\/\\\/decolights.eu\\\/#organization\"},\"alternateName\":\"decolights.eu\",\"potentialAction\":[{\"@type\":\"SearchAction\",\"target\":{\"@type\":\"EntryPoint\",\"urlTemplate\":\"https:\\\/\\\/decolights.eu\\\/?s={search_term_string}\"},\"query-input\":{\"@type\":\"PropertyValueSpecification\",\"valueRequired\":true,\"valueName\":\"search_term_string\"}}],\"inLanguage\":\"ro-RO\"},{\"@type\":\"Organization\",\"@id\":\"https:\\\/\\\/decolights.eu\\\/#organization\",\"name\":\"decolights\",\"url\":\"https:\\\/\\\/decolights.eu\\\/\",\"logo\":{\"@type\":\"ImageObject\",\"inLanguage\":\"ro-RO\",\"@id\":\"https:\\\/\\\/decolights.eu\\\/#\\\/schema\\\/logo\\\/image\\\/\",\"url\":\"https:\\\/\\\/decolights.eu\\\/wp-content\\\/uploads\\\/2023\\\/07\\\/cropped-decolight-siteicon.png\",\"contentUrl\":\"https:\\\/\\\/decolights.eu\\\/wp-content\\\/uploads\\\/2023\\\/07\\\/cropped-decolight-siteicon.png\",\"width\":512,\"height\":512,\"caption\":\"decolights\"},\"image\":{\"@id\":\"https:\\\/\\\/decolights.eu\\\/#\\\/schema\\\/logo\\\/image\\\/\"}}]}<\/script>\n<!-- \/ Yoast SEO plugin. -->","yoast_head_json":{"title":"Set 2 buc LED-uri rezistente la apa - Cel mai bun pret garantat - Decolights.eu","description":"Luminile LED uimitoare rezistente la ap\u0103 sunt perfecte pentru b\u0103ile p\u0103s\u0103rilor sau un iaz mic. Are LED-uri RGB \u0219i diferite func\u021bii. Cump\u0103ra\u021bi acum la cel mai bun pre\u021b!","robots":{"index":"index","follow":"follow","max-snippet":"max-snippet:-1","max-image-preview":"max-image-preview:large","max-video-preview":"max-video-preview:-1"},"canonical":"https:\/\/decolights.eu\/ro\/produs-2\/waterproof-led-lights-2pcs-set\/","og_locale":"ro_RO","og_type":"article","og_title":"Waterproof LED lights 2pcs set - Best price guaranteed - Decolights.eu","og_description":"Amazing waterproof LED lights are perfect for bird baths or a small pond. It has RGB LEDs and different functions. Buy now for the best price!","og_url":"https:\/\/decolights.eu\/ro\/produs-2\/waterproof-led-lights-2pcs-set\/","og_site_name":"Decolights.eu","article_modified_time":"2023-05-10T09:06:27+00:00","og_image":[{"width":500,"height":500,"url":"https:\/\/decolights.eu\/wp-content\/uploads\/2023\/04\/eng_pl_Waterproof-LED-lamp-with-remote-control-set-of-2-15409_1.jpg","type":"image\/jpeg"}],"twitter_card":"summary_large_image","twitter_misc":{"Timp estimat pentru citire":"1 minut"},"schema":{"@context":"https:\/\/schema.org","@graph":[{"@type":"WebPage","@id":"https:\/\/decolights.eu\/product\/waterproof-led-lights-2pcs-set\/","url":"https:\/\/decolights.eu\/product\/waterproof-led-lights-2pcs-set\/","name":"Set 2 buc LED-uri rezistente la apa - Cel mai bun pret garantat - Decolights.eu","isPartOf":{"@id":"https:\/\/decolights.eu\/#website"},"primaryImageOfPage":{"@id":"https:\/\/decolights.eu\/product\/waterproof-led-lights-2pcs-set\/#primaryimage"},"image":{"@id":"https:\/\/decolights.eu\/product\/waterproof-led-lights-2pcs-set\/#primaryimage"},"thumbnailUrl":"https:\/\/decolights.eu\/wp-content\/uploads\/2023\/04\/eng_pl_Waterproof-LED-lamp-with-remote-control-set-of-2-15409_1.jpg","datePublished":"2023-04-01T04:36:56+00:00","dateModified":"2023-05-10T09:06:27+00:00","description":"Luminile LED uimitoare rezistente la ap\u0103 sunt perfecte pentru b\u0103ile p\u0103s\u0103rilor sau un iaz mic. Are LED-uri RGB \u0219i diferite func\u021bii. Cump\u0103ra\u021bi acum la cel mai bun pre\u021b!","breadcrumb":{"@id":"https:\/\/decolights.eu\/product\/waterproof-led-lights-2pcs-set\/#breadcrumb"},"inLanguage":"ro-RO","potentialAction":[{"@type":"ReadAction","target":["https:\/\/decolights.eu\/product\/waterproof-led-lights-2pcs-set\/"]}]},{"@type":"ImageObject","inLanguage":"ro-RO","@id":"https:\/\/decolights.eu\/product\/waterproof-led-lights-2pcs-set\/#primaryimage","url":"https:\/\/decolights.eu\/wp-content\/uploads\/2023\/04\/eng_pl_Waterproof-LED-lamp-with-remote-control-set-of-2-15409_1.jpg","contentUrl":"https:\/\/decolights.eu\/wp-content\/uploads\/2023\/04\/eng_pl_Waterproof-LED-lamp-with-remote-control-set-of-2-15409_1.jpg","width":500,"height":500},{"@type":"BreadcrumbList","@id":"https:\/\/decolights.eu\/product\/waterproof-led-lights-2pcs-set\/#breadcrumb","itemListElement":[{"@type":"ListItem","position":1,"name":"Shop","item":"https:\/\/decolights.eu\/shop\/"},{"@type":"ListItem","position":2,"name":"Waterproof LED lights 2pcs set"}]},{"@type":"WebSite","@id":"https:\/\/decolights.eu\/#website","url":"https:\/\/decolights.eu\/","name":"decolights","description":"Decoratiuni Led pentru Casa si Gradina","publisher":{"@id":"https:\/\/decolights.eu\/#organization"},"alternateName":"decolights.eu","potentialAction":[{"@type":"SearchAction","target":{"@type":"EntryPoint","urlTemplate":"https:\/\/decolights.eu\/?s={search_term_string}"},"query-input":{"@type":"PropertyValueSpecification","valueRequired":true,"valueName":"search_term_string"}}],"inLanguage":"ro-RO"},{"@type":"Organization","@id":"https:\/\/decolights.eu\/#organization","name":"decolights","url":"https:\/\/decolights.eu\/","logo":{"@type":"ImageObject","inLanguage":"ro-RO","@id":"https:\/\/decolights.eu\/#\/schema\/logo\/image\/","url":"https:\/\/decolights.eu\/wp-content\/uploads\/2023\/07\/cropped-decolight-siteicon.png","contentUrl":"https:\/\/decolights.eu\/wp-content\/uploads\/2023\/07\/cropped-decolight-siteicon.png","width":512,"height":512,"caption":"decolights"},"image":{"@id":"https:\/\/decolights.eu\/#\/schema\/logo\/image\/"}}]}},"jetpack_sharing_enabled":true,"_links":{"self":[{"href":"https:\/\/decolights.eu\/ro\/wp-json\/wp\/v2\/product\/5835","targetHints":{"allow":["GET"]}}],"collection":[{"href":"https:\/\/decolights.eu\/ro\/wp-json\/wp\/v2\/product"}],"about":[{"href":"https:\/\/decolights.eu\/ro\/wp-json\/wp\/v2\/types\/product"}],"replies":[{"embeddable":true,"href":"https:\/\/decolights.eu\/ro\/wp-json\/wp\/v2\/comments?post=5835"}],"wp:featuredmedia":[{"embeddable":true,"href":"https:\/\/decolights.eu\/ro\/wp-json\/wp\/v2\/media\/5990"}],"wp:attachment":[{"href":"https:\/\/decolights.eu\/ro\/wp-json\/wp\/v2\/media?parent=5835"}],"wp:term":[{"taxonomy":"product_brand","embeddable":true,"href":"https:\/\/decolights.eu\/ro\/wp-json\/wp\/v2\/product_brand?post=5835"},{"taxonomy":"product_cat","embeddable":true,"href":"https:\/\/decolights.eu\/ro\/wp-json\/wp\/v2\/product_cat?post=5835"},{"taxonomy":"product_tag","embeddable":true,"href":"https:\/\/decolights.eu\/ro\/wp-json\/wp\/v2\/product_tag?post=5835"}],"curies":[{"name":"wp","href":"https:\/\/api.w.org\/{rel}","templated":true}]}}