{"id":6285,"date":"2023-04-01T04:43:12","date_gmt":"2023-04-01T04:43:12","guid":{"rendered":"https:\/\/decolights.eu\/?post_type=product&#038;p=6285"},"modified":"2023-05-10T09:18:58","modified_gmt":"2023-05-10T09:18:58","slug":"solar-wall-lights-with-sensor","status":"publish","type":"product","link":"https:\/\/decolights.eu\/ro\/produs-2\/solar-wall-lights-with-sensor\/","title":{"rendered":"Aplice solare de perete cu senzor"},"content":{"rendered":"<p><strong>UTILIZARE GRATUIT\u0102 \u2013\u00a0<\/strong>panoul solar \u0219i bateria furnizeaz\u0103 energie care permite utilizarea dispozitivului f\u0103r\u0103 \u00eentre\u021binere \u0219i f\u0103r\u0103 costuri.\u00a0<strong>Nu necesita o sursa suplimentara de energie, este economic si economic<\/strong>\u00a0.<\/p>\n<p><strong>TILT ANGLE ADJUSTMENT +<\/strong>\u00a0<strong>SENSOR PIR DE MI\u0218CARE \u0218I ACREPUSC<\/strong>\u00a0&#8211; 3 lamps and a panel have adjustable angles of inclination: up, down, sideways. The lantern has a built-in motion and twilight sensor, thanks to which, depending on the mode\u00a0<strong>se va aprinde numai dup\u0103 \u00eentuneric atunci c\u00e2nd detecteaz\u0103 mi\u0219care \u00een imediata apropiere.<\/strong><\/p>\n<p><strong>TELECOMANDA + 4 MODURI DE OPERARE\u00a0<\/strong>\u2013 controlul convenabil al l\u0103mpii se realizeaz\u0103 cu ajutorul telecomenzii. Are butoane Off \u0219i On. Butonul ON aprinde 100% tot timpul \u0219i exist\u0103 3 moduri de comutare: \u2022 MOD 1 \u2013 Modul 1: C\u00e2nd este detectat\u0103 mi\u0219care, lampa se aprinde la 100% de putere maxim\u0103 timp de 20 de secunde. MOD 2 \u2013 Modul 2: lampa este aprins\u0103 la 30% din puterea sa, dup\u0103 detectarea mi\u0219c\u0103rii, lampa este aprins\u0103 la 100% din puterea sa maxim\u0103 timp de 20 de secunde. MOD 3 \u2013 Modul 3: Lampa este aprins\u0103 la puterea maxim\u0103 60% tot timpul.<\/p>\n<p><strong>IMPERMEABIL -\u00a0<\/strong>Lampa este rezistent\u0103 la ap\u0103, prin urmare condi\u021biile meteorologice nefavorabile nu \u00eei afecteaz\u0103 func\u021bionalitatea. Are\u00a0<strong>un IP6<\/strong><strong>5<\/strong>\u00a0rating de impermeabilitate.<\/p>\n<ul>\n<li><strong>Culoare:<\/strong> negru<\/li>\n<li><strong>Culoare LED:<\/strong> alb cald<\/li>\n<li><strong>Lightning angle<\/strong>: 180\u00b0<\/li>\n<li><strong>Senzor de mi\u0219care PIR:<\/strong> da<\/li>\n<li><strong>Sursa de putere:\u00a0<\/strong>Solar<\/li>\n<li><strong>Evaluare IP: <\/strong>IP65<\/li>\n<li><strong>Telecomand\u0103:\u00a0<\/strong>Inclus<\/li>\n<li>9W 3.7V<\/li>\n<\/ul>","protected":false},"excerpt":{"rendered":"<p>COST-FREE USE &#8211;\u00a0the solar panel and the battery provide power that enables maintenance-free and cost-free use of the device.\u00a0It does not require an additional source of energy, it is economical and economical\u00a0. TILT ANGLE ADJUSTMENT +\u00a0PIR MOTION AND TWILIGHT SENSOR\u00a0&#8211; 3 lamps and a panel have adjustable angles of inclination: up, down, sideways. The lantern [&#8230;]\n","protected":false},"featured_media":6396,"comment_status":"open","ping_status":"closed","template":"","meta":[],"product_brand":[],"product_cat":[226,194,231,171,197,277],"product_tag":[],"class_list":{"0":"post-6285","1":"product","2":"type-product","3":"status-publish","4":"has-post-thumbnail","6":"product_cat-outdoor-lights","7":"product_cat-solar-decking-lights","8":"product_cat-solar-decking-lights-outdoor-lights","9":"product_cat-solar-lights","10":"product_cat-solar-spotlight","11":"product_cat-solar-spotlight-outdoor-lights","12":"pa_brand-deco","13":"pa_led-colour-warm-white","15":"first","16":"instock","17":"sale","18":"shipping-taxable","19":"purchasable","20":"product-type-simple"},"yoast_head":"<!-- This site is optimized with the Yoast SEO plugin v27.3 - https:\/\/yoast.com\/product\/yoast-seo-wordpress\/ -->\n<title>Solar wall lights with sensor - Decolights.eu<\/title>\n<meta name=\"description\" content=\"Solar wall light gives maintenance-free and cost-free lightning to your home or office. Very comfortable and cheap to use! Do not hesitate, buy now!\" \/>\n<meta name=\"robots\" content=\"index, follow, max-snippet:-1, max-image-preview:large, max-video-preview:-1\" \/>\n<link rel=\"canonical\" href=\"https:\/\/decolights.eu\/ro\/produs-2\/solar-wall-lights-with-sensor\/\" \/>\n<meta property=\"og:locale\" content=\"ro_RO\" \/>\n<meta property=\"og:type\" content=\"article\" \/>\n<meta property=\"og:title\" content=\"Solar wall lights with sensor - Decolights.eu\" \/>\n<meta property=\"og:description\" content=\"Solar wall light gives maintenance-free and cost-free lightning to your home or office. Very comfortable and cheap to use! Do not hesitate, buy now!\" \/>\n<meta property=\"og:url\" content=\"https:\/\/decolights.eu\/ro\/produs-2\/solar-wall-lights-with-sensor\/\" \/>\n<meta property=\"og:site_name\" content=\"Decolights.eu\" \/>\n<meta property=\"article:modified_time\" content=\"2023-05-10T09:18:58+00:00\" \/>\n<meta property=\"og:image\" content=\"https:\/\/decolights.eu\/wp-content\/uploads\/2023\/04\/eng_pl_181LED-solar-lamp-with-Izoxis-outdoor-panel-16276_1.jpg\" \/>\n\t<meta property=\"og:image:width\" content=\"500\" \/>\n\t<meta property=\"og:image:height\" content=\"500\" \/>\n\t<meta property=\"og:image:type\" content=\"image\/jpeg\" \/>\n<meta name=\"twitter:card\" content=\"summary_large_image\" \/>\n<meta name=\"twitter:label1\" content=\"Timp estimat pentru citire\" \/>\n\t<meta name=\"twitter:data1\" content=\"2 minute\" \/>\n<script type=\"application\/ld+json\" class=\"yoast-schema-graph\">{\"@context\":\"https:\\\/\\\/schema.org\",\"@graph\":[{\"@type\":\"WebPage\",\"@id\":\"https:\\\/\\\/decolights.eu\\\/product\\\/solar-wall-lights-with-sensor\\\/\",\"url\":\"https:\\\/\\\/decolights.eu\\\/product\\\/solar-wall-lights-with-sensor\\\/\",\"name\":\"Solar wall lights with sensor - Decolights.eu\",\"isPartOf\":{\"@id\":\"https:\\\/\\\/decolights.eu\\\/#website\"},\"primaryImageOfPage\":{\"@id\":\"https:\\\/\\\/decolights.eu\\\/product\\\/solar-wall-lights-with-sensor\\\/#primaryimage\"},\"image\":{\"@id\":\"https:\\\/\\\/decolights.eu\\\/product\\\/solar-wall-lights-with-sensor\\\/#primaryimage\"},\"thumbnailUrl\":\"https:\\\/\\\/decolights.eu\\\/wp-content\\\/uploads\\\/2023\\\/04\\\/eng_pl_181LED-solar-lamp-with-Izoxis-outdoor-panel-16276_1.jpg\",\"datePublished\":\"2023-04-01T04:43:12+00:00\",\"dateModified\":\"2023-05-10T09:18:58+00:00\",\"description\":\"Solar wall light gives maintenance-free and cost-free lightning to your home or office. Very comfortable and cheap to use! Do not hesitate, buy now!\",\"breadcrumb\":{\"@id\":\"https:\\\/\\\/decolights.eu\\\/product\\\/solar-wall-lights-with-sensor\\\/#breadcrumb\"},\"inLanguage\":\"ro-RO\",\"potentialAction\":[{\"@type\":\"ReadAction\",\"target\":[\"https:\\\/\\\/decolights.eu\\\/product\\\/solar-wall-lights-with-sensor\\\/\"]}]},{\"@type\":\"ImageObject\",\"inLanguage\":\"ro-RO\",\"@id\":\"https:\\\/\\\/decolights.eu\\\/product\\\/solar-wall-lights-with-sensor\\\/#primaryimage\",\"url\":\"https:\\\/\\\/decolights.eu\\\/wp-content\\\/uploads\\\/2023\\\/04\\\/eng_pl_181LED-solar-lamp-with-Izoxis-outdoor-panel-16276_1.jpg\",\"contentUrl\":\"https:\\\/\\\/decolights.eu\\\/wp-content\\\/uploads\\\/2023\\\/04\\\/eng_pl_181LED-solar-lamp-with-Izoxis-outdoor-panel-16276_1.jpg\",\"width\":500,\"height\":500},{\"@type\":\"BreadcrumbList\",\"@id\":\"https:\\\/\\\/decolights.eu\\\/product\\\/solar-wall-lights-with-sensor\\\/#breadcrumb\",\"itemListElement\":[{\"@type\":\"ListItem\",\"position\":1,\"name\":\"Shop\",\"item\":\"https:\\\/\\\/decolights.eu\\\/shop\\\/\"},{\"@type\":\"ListItem\",\"position\":2,\"name\":\"Solar wall lights with sensor\"}]},{\"@type\":\"WebSite\",\"@id\":\"https:\\\/\\\/decolights.eu\\\/#website\",\"url\":\"https:\\\/\\\/decolights.eu\\\/\",\"name\":\"decolights\",\"description\":\"Led Decorations for Home and Garden\",\"publisher\":{\"@id\":\"https:\\\/\\\/decolights.eu\\\/#organization\"},\"alternateName\":\"decolights.eu\",\"potentialAction\":[{\"@type\":\"SearchAction\",\"target\":{\"@type\":\"EntryPoint\",\"urlTemplate\":\"https:\\\/\\\/decolights.eu\\\/?s={search_term_string}\"},\"query-input\":{\"@type\":\"PropertyValueSpecification\",\"valueRequired\":true,\"valueName\":\"search_term_string\"}}],\"inLanguage\":\"ro-RO\"},{\"@type\":\"Organization\",\"@id\":\"https:\\\/\\\/decolights.eu\\\/#organization\",\"name\":\"decolights\",\"url\":\"https:\\\/\\\/decolights.eu\\\/\",\"logo\":{\"@type\":\"ImageObject\",\"inLanguage\":\"ro-RO\",\"@id\":\"https:\\\/\\\/decolights.eu\\\/#\\\/schema\\\/logo\\\/image\\\/\",\"url\":\"https:\\\/\\\/decolights.eu\\\/wp-content\\\/uploads\\\/2023\\\/07\\\/cropped-decolight-siteicon.png\",\"contentUrl\":\"https:\\\/\\\/decolights.eu\\\/wp-content\\\/uploads\\\/2023\\\/07\\\/cropped-decolight-siteicon.png\",\"width\":512,\"height\":512,\"caption\":\"decolights\"},\"image\":{\"@id\":\"https:\\\/\\\/decolights.eu\\\/#\\\/schema\\\/logo\\\/image\\\/\"}}]}<\/script>\n<!-- \/ Yoast SEO plugin. -->","yoast_head_json":{"title":"Solar wall lights with sensor - Decolights.eu","description":"Lampa solar\u0103 de perete ofer\u0103 fulgere f\u0103r\u0103 \u00eentre\u021binere \u0219i f\u0103r\u0103 costuri casei sau biroului dumneavoastr\u0103. Foarte confortabil \u0219i ieftin de utilizat! Nu ezita, cump\u0103r\u0103 acum!","robots":{"index":"index","follow":"follow","max-snippet":"max-snippet:-1","max-image-preview":"max-image-preview:large","max-video-preview":"max-video-preview:-1"},"canonical":"https:\/\/decolights.eu\/ro\/produs-2\/solar-wall-lights-with-sensor\/","og_locale":"ro_RO","og_type":"article","og_title":"Solar wall lights with sensor - Decolights.eu","og_description":"Solar wall light gives maintenance-free and cost-free lightning to your home or office. Very comfortable and cheap to use! Do not hesitate, buy now!","og_url":"https:\/\/decolights.eu\/ro\/produs-2\/solar-wall-lights-with-sensor\/","og_site_name":"Decolights.eu","article_modified_time":"2023-05-10T09:18:58+00:00","og_image":[{"width":500,"height":500,"url":"https:\/\/decolights.eu\/wp-content\/uploads\/2023\/04\/eng_pl_181LED-solar-lamp-with-Izoxis-outdoor-panel-16276_1.jpg","type":"image\/jpeg"}],"twitter_card":"summary_large_image","twitter_misc":{"Timp estimat pentru citire":"2 minute"},"schema":{"@context":"https:\/\/schema.org","@graph":[{"@type":"WebPage","@id":"https:\/\/decolights.eu\/product\/solar-wall-lights-with-sensor\/","url":"https:\/\/decolights.eu\/product\/solar-wall-lights-with-sensor\/","name":"Solar wall lights with sensor - Decolights.eu","isPartOf":{"@id":"https:\/\/decolights.eu\/#website"},"primaryImageOfPage":{"@id":"https:\/\/decolights.eu\/product\/solar-wall-lights-with-sensor\/#primaryimage"},"image":{"@id":"https:\/\/decolights.eu\/product\/solar-wall-lights-with-sensor\/#primaryimage"},"thumbnailUrl":"https:\/\/decolights.eu\/wp-content\/uploads\/2023\/04\/eng_pl_181LED-solar-lamp-with-Izoxis-outdoor-panel-16276_1.jpg","datePublished":"2023-04-01T04:43:12+00:00","dateModified":"2023-05-10T09:18:58+00:00","description":"Lampa solar\u0103 de perete ofer\u0103 fulgere f\u0103r\u0103 \u00eentre\u021binere \u0219i f\u0103r\u0103 costuri casei sau biroului dumneavoastr\u0103. Foarte confortabil \u0219i ieftin de utilizat! Nu ezita, cump\u0103r\u0103 acum!","breadcrumb":{"@id":"https:\/\/decolights.eu\/product\/solar-wall-lights-with-sensor\/#breadcrumb"},"inLanguage":"ro-RO","potentialAction":[{"@type":"ReadAction","target":["https:\/\/decolights.eu\/product\/solar-wall-lights-with-sensor\/"]}]},{"@type":"ImageObject","inLanguage":"ro-RO","@id":"https:\/\/decolights.eu\/product\/solar-wall-lights-with-sensor\/#primaryimage","url":"https:\/\/decolights.eu\/wp-content\/uploads\/2023\/04\/eng_pl_181LED-solar-lamp-with-Izoxis-outdoor-panel-16276_1.jpg","contentUrl":"https:\/\/decolights.eu\/wp-content\/uploads\/2023\/04\/eng_pl_181LED-solar-lamp-with-Izoxis-outdoor-panel-16276_1.jpg","width":500,"height":500},{"@type":"BreadcrumbList","@id":"https:\/\/decolights.eu\/product\/solar-wall-lights-with-sensor\/#breadcrumb","itemListElement":[{"@type":"ListItem","position":1,"name":"Shop","item":"https:\/\/decolights.eu\/shop\/"},{"@type":"ListItem","position":2,"name":"Solar wall lights with sensor"}]},{"@type":"WebSite","@id":"https:\/\/decolights.eu\/#website","url":"https:\/\/decolights.eu\/","name":"decolights","description":"Decoratiuni Led pentru Casa si Gradina","publisher":{"@id":"https:\/\/decolights.eu\/#organization"},"alternateName":"decolights.eu","potentialAction":[{"@type":"SearchAction","target":{"@type":"EntryPoint","urlTemplate":"https:\/\/decolights.eu\/?s={search_term_string}"},"query-input":{"@type":"PropertyValueSpecification","valueRequired":true,"valueName":"search_term_string"}}],"inLanguage":"ro-RO"},{"@type":"Organization","@id":"https:\/\/decolights.eu\/#organization","name":"decolights","url":"https:\/\/decolights.eu\/","logo":{"@type":"ImageObject","inLanguage":"ro-RO","@id":"https:\/\/decolights.eu\/#\/schema\/logo\/image\/","url":"https:\/\/decolights.eu\/wp-content\/uploads\/2023\/07\/cropped-decolight-siteicon.png","contentUrl":"https:\/\/decolights.eu\/wp-content\/uploads\/2023\/07\/cropped-decolight-siteicon.png","width":512,"height":512,"caption":"decolights"},"image":{"@id":"https:\/\/decolights.eu\/#\/schema\/logo\/image\/"}}]}},"jetpack_sharing_enabled":true,"_links":{"self":[{"href":"https:\/\/decolights.eu\/ro\/wp-json\/wp\/v2\/product\/6285","targetHints":{"allow":["GET"]}}],"collection":[{"href":"https:\/\/decolights.eu\/ro\/wp-json\/wp\/v2\/product"}],"about":[{"href":"https:\/\/decolights.eu\/ro\/wp-json\/wp\/v2\/types\/product"}],"replies":[{"embeddable":true,"href":"https:\/\/decolights.eu\/ro\/wp-json\/wp\/v2\/comments?post=6285"}],"wp:featuredmedia":[{"embeddable":true,"href":"https:\/\/decolights.eu\/ro\/wp-json\/wp\/v2\/media\/6396"}],"wp:attachment":[{"href":"https:\/\/decolights.eu\/ro\/wp-json\/wp\/v2\/media?parent=6285"}],"wp:term":[{"taxonomy":"product_brand","embeddable":true,"href":"https:\/\/decolights.eu\/ro\/wp-json\/wp\/v2\/product_brand?post=6285"},{"taxonomy":"product_cat","embeddable":true,"href":"https:\/\/decolights.eu\/ro\/wp-json\/wp\/v2\/product_cat?post=6285"},{"taxonomy":"product_tag","embeddable":true,"href":"https:\/\/decolights.eu\/ro\/wp-json\/wp\/v2\/product_tag?post=6285"}],"curies":[{"name":"wp","href":"https:\/\/api.w.org\/{rel}","templated":true}]}}