{"id":6287,"date":"2023-04-01T04:43:12","date_gmt":"2023-04-01T04:43:12","guid":{"rendered":"https:\/\/decolights.eu\/?post_type=product&#038;p=6287"},"modified":"2023-04-17T07:25:11","modified_gmt":"2023-04-17T07:25:11","slug":"led-table-lamp-with-wireless-charger","status":"publish","type":"product","link":"https:\/\/decolights.eu\/ro\/produs-2\/led-table-lamp-with-wireless-charger\/","title":{"rendered":"Lampa de masa LED cu incarcator wireless"},"content":{"rendered":"<div><strong>\u00ceNC\u0102RC\u0102TOR F\u0102R\u0102 F\u0102R\u0102<\/strong> \u2013 lampa de mas\u0103 multifunc\u021bional\u0103 de birou sau acas\u0103 prezentat\u0103 are un \u00eenc\u0103rc\u0103tor inductiv pentru telefon cu care \u00ee\u021bi po\u021bi \u00eenc\u0103rca rapid \u0219i f\u0103r\u0103 probleme telefonul mobil. \u00cen plus, are un port USB. La \u00eenc\u0103rcarea telefonului, lumina trebuie conectat\u0103 la dispozitive de \u00eenc\u0103rcare rapid\u0103.<\/div>\n<div><strong>3 TIPURI DE MODURI DE ILUMINARE<\/strong> \u2013 lampa de birou cu suport pentru telefon este echipata cu 3 tipuri de moduri de iluminare \u2013 alb rece, alb cald si neutru.<br \/>\nIntensificare \u0219i iluminare bl\u00e2nd\u0103 \u2013 lampa de birou multifunc\u021bional\u0103 are o func\u021bie de reglare u\u0219oar\u0103 \u0219i de iluminare, datorit\u0103 c\u0103reia fiecare o poate regla \u00een func\u021bie de nevoile \u0219i preferin\u021bele individuale.<\/div>\n<div><strong>DESIGN STILIZ<\/strong> \u2013 lampa de birou cu loc pentru telefon este un accesoriu compact cu un design atemporal care se incadreaza perfect in orice interior.<\/div>\n<div>\n<ul>\n<li><strong>Culoare LED<\/strong>: alb cald, alb rece, alb neutru<\/li>\n<li><strong>Lungime total\u0103 (cablu de alimentare inclus): <\/strong>8,50 M<\/li>\n<li><b>M\u0103rimea:\u00a0<\/b>12cm x 17xm x 33cm<\/li>\n<li><strong>Culoare cablu: <\/strong>negru<\/li>\n<li><strong>Lungimea cablului de alimentare:\u00a0<\/strong>110 cm<\/li>\n<li><strong>Evaluare IP: <\/strong>IP44<\/li>\n<li><strong>Sursa de putere: <\/strong>USB (adaptorul USB nu este inclus)<\/li>\n<li>Cu \u00eenc\u0103rc\u0103tor de telefon f\u0103r\u0103 fir (telefonul ar trebui s\u0103 aib\u0103 func\u021bie de \u00eenc\u0103rcare QI)<\/li>\n<li><strong>Material cablu:\u00a0<\/strong>PVC<\/li>\n<li><strong>Capacul\/priza:\u00a0<\/strong>Nu se poate \u00eenlocui<\/li>\n<li><strong>Certificat CE:\u00a0<\/strong>da<\/li>\n<li>10W<\/li>\n<\/ul>\n<\/div>\n<div><\/div>","protected":false},"excerpt":{"rendered":"<p>WIRELESS CHARGER &#8211; the presented multifunctional office or home table lamp has an inductive phone charger with which you can charge your mobile phone quickly and without problems. In addition, it has a USB port. When charging the phone, the light must be connected to fast charging devices. 3 TYPES OF LIGHTING MODES &#8211; the [&#8230;]\n","protected":false},"featured_media":6410,"comment_status":"open","ping_status":"closed","template":"","meta":[],"product_brand":[],"product_cat":[218,214],"product_tag":[],"class_list":{"0":"post-6287","1":"product","2":"type-product","3":"status-publish","4":"has-post-thumbnail","6":"product_cat-decorative-led-lights","7":"product_cat-indoor-lights","8":"pa_brand-deco","9":"pa_led-colour-cold-white","10":"pa_led-colour-neutral-white","11":"pa_led-colour-warm-white","13":"first","14":"instock","15":"sale","16":"shipping-taxable","17":"purchasable","18":"product-type-simple"},"yoast_head":"<!-- This site is optimized with the Yoast SEO plugin v27.3 - https:\/\/yoast.com\/product\/yoast-seo-wordpress\/ -->\n<title>LED table lamp with wireless charger - Best price guarantee - Decolights.eu<\/title>\n<meta name=\"description\" content=\"LED lamp with wireless charger and 3 different white tones is a perfect table lamp for home or office. Do not hesitate, buy now for the best price!\" \/>\n<meta name=\"robots\" content=\"index, follow, max-snippet:-1, max-image-preview:large, max-video-preview:-1\" \/>\n<link rel=\"canonical\" href=\"https:\/\/decolights.eu\/ro\/produs-2\/led-table-lamp-with-wireless-charger\/\" \/>\n<meta property=\"og:locale\" content=\"ro_RO\" \/>\n<meta property=\"og:type\" content=\"article\" \/>\n<meta property=\"og:title\" content=\"LED table lamp with wireless charger - Best price guarantee - Decolights.eu\" \/>\n<meta property=\"og:description\" content=\"LED lamp with wireless charger and 3 different white tones is a perfect table lamp for home or office. Do not hesitate, buy now for the best price!\" \/>\n<meta property=\"og:url\" content=\"https:\/\/decolights.eu\/ro\/produs-2\/led-table-lamp-with-wireless-charger\/\" \/>\n<meta property=\"og:site_name\" content=\"Decolights.eu\" \/>\n<meta property=\"article:modified_time\" content=\"2023-04-17T07:25:11+00:00\" \/>\n<meta property=\"og:image\" content=\"https:\/\/decolights.eu\/wp-content\/uploads\/2023\/04\/eng_pl_LED-desk-lamp-with-inductive-charger-15333_10.jpg\" \/>\n\t<meta property=\"og:image:width\" content=\"500\" \/>\n\t<meta property=\"og:image:height\" content=\"500\" \/>\n\t<meta property=\"og:image:type\" content=\"image\/jpeg\" \/>\n<meta name=\"twitter:card\" content=\"summary_large_image\" \/>\n<meta name=\"twitter:label1\" content=\"Timp estimat pentru citire\" \/>\n\t<meta name=\"twitter:data1\" content=\"1 minut\" \/>\n<script type=\"application\/ld+json\" class=\"yoast-schema-graph\">{\"@context\":\"https:\\\/\\\/schema.org\",\"@graph\":[{\"@type\":\"WebPage\",\"@id\":\"https:\\\/\\\/decolights.eu\\\/product\\\/led-table-lamp-with-wireless-charger\\\/\",\"url\":\"https:\\\/\\\/decolights.eu\\\/product\\\/led-table-lamp-with-wireless-charger\\\/\",\"name\":\"LED table lamp with wireless charger - Best price guarantee - Decolights.eu\",\"isPartOf\":{\"@id\":\"https:\\\/\\\/decolights.eu\\\/#website\"},\"primaryImageOfPage\":{\"@id\":\"https:\\\/\\\/decolights.eu\\\/product\\\/led-table-lamp-with-wireless-charger\\\/#primaryimage\"},\"image\":{\"@id\":\"https:\\\/\\\/decolights.eu\\\/product\\\/led-table-lamp-with-wireless-charger\\\/#primaryimage\"},\"thumbnailUrl\":\"https:\\\/\\\/decolights.eu\\\/wp-content\\\/uploads\\\/2023\\\/04\\\/eng_pl_LED-desk-lamp-with-inductive-charger-15333_10.jpg\",\"datePublished\":\"2023-04-01T04:43:12+00:00\",\"dateModified\":\"2023-04-17T07:25:11+00:00\",\"description\":\"LED lamp with wireless charger and 3 different white tones is a perfect table lamp for home or office. Do not hesitate, buy now for the best price!\",\"breadcrumb\":{\"@id\":\"https:\\\/\\\/decolights.eu\\\/product\\\/led-table-lamp-with-wireless-charger\\\/#breadcrumb\"},\"inLanguage\":\"ro-RO\",\"potentialAction\":[{\"@type\":\"ReadAction\",\"target\":[\"https:\\\/\\\/decolights.eu\\\/product\\\/led-table-lamp-with-wireless-charger\\\/\"]}]},{\"@type\":\"ImageObject\",\"inLanguage\":\"ro-RO\",\"@id\":\"https:\\\/\\\/decolights.eu\\\/product\\\/led-table-lamp-with-wireless-charger\\\/#primaryimage\",\"url\":\"https:\\\/\\\/decolights.eu\\\/wp-content\\\/uploads\\\/2023\\\/04\\\/eng_pl_LED-desk-lamp-with-inductive-charger-15333_10.jpg\",\"contentUrl\":\"https:\\\/\\\/decolights.eu\\\/wp-content\\\/uploads\\\/2023\\\/04\\\/eng_pl_LED-desk-lamp-with-inductive-charger-15333_10.jpg\",\"width\":500,\"height\":500},{\"@type\":\"BreadcrumbList\",\"@id\":\"https:\\\/\\\/decolights.eu\\\/product\\\/led-table-lamp-with-wireless-charger\\\/#breadcrumb\",\"itemListElement\":[{\"@type\":\"ListItem\",\"position\":1,\"name\":\"Shop\",\"item\":\"https:\\\/\\\/decolights.eu\\\/shop\\\/\"},{\"@type\":\"ListItem\",\"position\":2,\"name\":\"LED table lamp with wireless charger\"}]},{\"@type\":\"WebSite\",\"@id\":\"https:\\\/\\\/decolights.eu\\\/#website\",\"url\":\"https:\\\/\\\/decolights.eu\\\/\",\"name\":\"decolights\",\"description\":\"Led Decorations for Home and Garden\",\"publisher\":{\"@id\":\"https:\\\/\\\/decolights.eu\\\/#organization\"},\"alternateName\":\"decolights.eu\",\"potentialAction\":[{\"@type\":\"SearchAction\",\"target\":{\"@type\":\"EntryPoint\",\"urlTemplate\":\"https:\\\/\\\/decolights.eu\\\/?s={search_term_string}\"},\"query-input\":{\"@type\":\"PropertyValueSpecification\",\"valueRequired\":true,\"valueName\":\"search_term_string\"}}],\"inLanguage\":\"ro-RO\"},{\"@type\":\"Organization\",\"@id\":\"https:\\\/\\\/decolights.eu\\\/#organization\",\"name\":\"decolights\",\"url\":\"https:\\\/\\\/decolights.eu\\\/\",\"logo\":{\"@type\":\"ImageObject\",\"inLanguage\":\"ro-RO\",\"@id\":\"https:\\\/\\\/decolights.eu\\\/#\\\/schema\\\/logo\\\/image\\\/\",\"url\":\"https:\\\/\\\/decolights.eu\\\/wp-content\\\/uploads\\\/2023\\\/07\\\/cropped-decolight-siteicon.png\",\"contentUrl\":\"https:\\\/\\\/decolights.eu\\\/wp-content\\\/uploads\\\/2023\\\/07\\\/cropped-decolight-siteicon.png\",\"width\":512,\"height\":512,\"caption\":\"decolights\"},\"image\":{\"@id\":\"https:\\\/\\\/decolights.eu\\\/#\\\/schema\\\/logo\\\/image\\\/\"}}]}<\/script>\n<!-- \/ Yoast SEO plugin. -->","yoast_head_json":{"title":"Lampa de masa LED cu incarcator wireless - Cel mai bun pret garantat - Decolights.eu","description":"Lampa LED cu \u00eenc\u0103rc\u0103tor wireless \u0219i 3 tonuri de alb diferite este o lamp\u0103 de mas\u0103 perfect\u0103 pentru acas\u0103 sau la birou. Nu ezita, cump\u0103r\u0103 acum la cel mai bun pre\u021b!","robots":{"index":"index","follow":"follow","max-snippet":"max-snippet:-1","max-image-preview":"max-image-preview:large","max-video-preview":"max-video-preview:-1"},"canonical":"https:\/\/decolights.eu\/ro\/produs-2\/led-table-lamp-with-wireless-charger\/","og_locale":"ro_RO","og_type":"article","og_title":"LED table lamp with wireless charger - Best price guarantee - Decolights.eu","og_description":"LED lamp with wireless charger and 3 different white tones is a perfect table lamp for home or office. Do not hesitate, buy now for the best price!","og_url":"https:\/\/decolights.eu\/ro\/produs-2\/led-table-lamp-with-wireless-charger\/","og_site_name":"Decolights.eu","article_modified_time":"2023-04-17T07:25:11+00:00","og_image":[{"width":500,"height":500,"url":"https:\/\/decolights.eu\/wp-content\/uploads\/2023\/04\/eng_pl_LED-desk-lamp-with-inductive-charger-15333_10.jpg","type":"image\/jpeg"}],"twitter_card":"summary_large_image","twitter_misc":{"Timp estimat pentru citire":"1 minut"},"schema":{"@context":"https:\/\/schema.org","@graph":[{"@type":"WebPage","@id":"https:\/\/decolights.eu\/product\/led-table-lamp-with-wireless-charger\/","url":"https:\/\/decolights.eu\/product\/led-table-lamp-with-wireless-charger\/","name":"Lampa de masa LED cu incarcator wireless - Cel mai bun pret garantat - Decolights.eu","isPartOf":{"@id":"https:\/\/decolights.eu\/#website"},"primaryImageOfPage":{"@id":"https:\/\/decolights.eu\/product\/led-table-lamp-with-wireless-charger\/#primaryimage"},"image":{"@id":"https:\/\/decolights.eu\/product\/led-table-lamp-with-wireless-charger\/#primaryimage"},"thumbnailUrl":"https:\/\/decolights.eu\/wp-content\/uploads\/2023\/04\/eng_pl_LED-desk-lamp-with-inductive-charger-15333_10.jpg","datePublished":"2023-04-01T04:43:12+00:00","dateModified":"2023-04-17T07:25:11+00:00","description":"Lampa LED cu \u00eenc\u0103rc\u0103tor wireless \u0219i 3 tonuri de alb diferite este o lamp\u0103 de mas\u0103 perfect\u0103 pentru acas\u0103 sau la birou. Nu ezita, cump\u0103r\u0103 acum la cel mai bun pre\u021b!","breadcrumb":{"@id":"https:\/\/decolights.eu\/product\/led-table-lamp-with-wireless-charger\/#breadcrumb"},"inLanguage":"ro-RO","potentialAction":[{"@type":"ReadAction","target":["https:\/\/decolights.eu\/product\/led-table-lamp-with-wireless-charger\/"]}]},{"@type":"ImageObject","inLanguage":"ro-RO","@id":"https:\/\/decolights.eu\/product\/led-table-lamp-with-wireless-charger\/#primaryimage","url":"https:\/\/decolights.eu\/wp-content\/uploads\/2023\/04\/eng_pl_LED-desk-lamp-with-inductive-charger-15333_10.jpg","contentUrl":"https:\/\/decolights.eu\/wp-content\/uploads\/2023\/04\/eng_pl_LED-desk-lamp-with-inductive-charger-15333_10.jpg","width":500,"height":500},{"@type":"BreadcrumbList","@id":"https:\/\/decolights.eu\/product\/led-table-lamp-with-wireless-charger\/#breadcrumb","itemListElement":[{"@type":"ListItem","position":1,"name":"Shop","item":"https:\/\/decolights.eu\/shop\/"},{"@type":"ListItem","position":2,"name":"LED table lamp with wireless charger"}]},{"@type":"WebSite","@id":"https:\/\/decolights.eu\/#website","url":"https:\/\/decolights.eu\/","name":"decolights","description":"Decoratiuni Led pentru Casa si Gradina","publisher":{"@id":"https:\/\/decolights.eu\/#organization"},"alternateName":"decolights.eu","potentialAction":[{"@type":"SearchAction","target":{"@type":"EntryPoint","urlTemplate":"https:\/\/decolights.eu\/?s={search_term_string}"},"query-input":{"@type":"PropertyValueSpecification","valueRequired":true,"valueName":"search_term_string"}}],"inLanguage":"ro-RO"},{"@type":"Organization","@id":"https:\/\/decolights.eu\/#organization","name":"decolights","url":"https:\/\/decolights.eu\/","logo":{"@type":"ImageObject","inLanguage":"ro-RO","@id":"https:\/\/decolights.eu\/#\/schema\/logo\/image\/","url":"https:\/\/decolights.eu\/wp-content\/uploads\/2023\/07\/cropped-decolight-siteicon.png","contentUrl":"https:\/\/decolights.eu\/wp-content\/uploads\/2023\/07\/cropped-decolight-siteicon.png","width":512,"height":512,"caption":"decolights"},"image":{"@id":"https:\/\/decolights.eu\/#\/schema\/logo\/image\/"}}]}},"jetpack_sharing_enabled":true,"_links":{"self":[{"href":"https:\/\/decolights.eu\/ro\/wp-json\/wp\/v2\/product\/6287","targetHints":{"allow":["GET"]}}],"collection":[{"href":"https:\/\/decolights.eu\/ro\/wp-json\/wp\/v2\/product"}],"about":[{"href":"https:\/\/decolights.eu\/ro\/wp-json\/wp\/v2\/types\/product"}],"replies":[{"embeddable":true,"href":"https:\/\/decolights.eu\/ro\/wp-json\/wp\/v2\/comments?post=6287"}],"wp:featuredmedia":[{"embeddable":true,"href":"https:\/\/decolights.eu\/ro\/wp-json\/wp\/v2\/media\/6410"}],"wp:attachment":[{"href":"https:\/\/decolights.eu\/ro\/wp-json\/wp\/v2\/media?parent=6287"}],"wp:term":[{"taxonomy":"product_brand","embeddable":true,"href":"https:\/\/decolights.eu\/ro\/wp-json\/wp\/v2\/product_brand?post=6287"},{"taxonomy":"product_cat","embeddable":true,"href":"https:\/\/decolights.eu\/ro\/wp-json\/wp\/v2\/product_cat?post=6287"},{"taxonomy":"product_tag","embeddable":true,"href":"https:\/\/decolights.eu\/ro\/wp-json\/wp\/v2\/product_tag?post=6287"}],"curies":[{"name":"wp","href":"https:\/\/api.w.org\/{rel}","templated":true}]}}