{"id":6289,"date":"2023-04-01T04:43:12","date_gmt":"2023-04-01T04:43:12","guid":{"rendered":"https:\/\/decolights.eu\/?post_type=product&#038;p=6289"},"modified":"2023-05-09T09:43:46","modified_gmt":"2023-05-09T09:43:46","slug":"smart-festoon-lights-rgbw","status":"publish","type":"product","link":"https:\/\/decolights.eu\/ro\/produs-2\/smart-festoon-lights-rgbw\/","title":{"rendered":"Lumini festive inteligente RGBW"},"content":{"rendered":"<p>Lan\u021bul luminos feston inteligent poate fi modificat \u00eentr-o varietate nesf\u00e2r\u0219it\u0103 de culori, \u0219irul luminos poate fi folosit \u00een bradul de Cr\u0103ciun, \u00een spatele televizorului sau ca decor. Este u\u0219or s\u0103 schimba\u021bi temperatura culorii, s\u0103 porni\u021bi sau s\u0103 opri\u021bi cu aplica\u021bia Smart Life, cutia de control sau telecomanda. Cu aplica\u021bia Smart Life ad\u0103uga\u021bi programe sau scenarii. Poate schimba lumina \u00een func\u021bie de ritmul muzicii. \u0218irul nostru de lumin\u0103 inteligent\u0103 poate fi integrat cu Google Home sau Amazon Alexa.<\/p>\n<p>U\u0219or de \u00eenceput prin desc\u0103rcarea aplica\u021biei, conecta\u021bi-v\u0103 sau crea\u021bi un cont nou \u0219i apoi ad\u0103uga\u021bi \u0219irul dvs. de lumin\u0103! U\u0219or, economise\u0219te energie \u0219i poate crea siguran\u021b\u0103 \u00een casa ta!<\/p>\n<ul>\n<li><strong>Culoare LED<\/strong>: Toate culorile posibile, pe care le pute\u021bi alege cu aplica\u021bia Smart Life<\/li>\n<li><strong>Num\u0103rul de l\u0103mpi<\/strong><strong>: <\/strong>25 buc<\/li>\n<li><strong>Lungime total\u0103 (cablu de alimentare inclus): <\/strong>8,50 M<\/li>\n<li><strong>Lungime aprins\u0103:\u00a0<\/strong>5M<\/li>\n<li><strong>Cablu de alimentare:<\/strong> 3,50 M<\/li>\n<li><strong>Dimensiunea becului: <\/strong>4CM<\/li>\n<li><strong>Distan\u021ba dintre becuri:<\/strong> 20CM<\/li>\n<li><strong>Culoare cablu: <\/strong>negru<\/li>\n<li><strong>Evaluare IP: <\/strong>IP44<\/li>\n<li><strong>Sursa de putere:\u00a0<\/strong>Conecteaza<\/li>\n<li><strong>Material cablu:\u00a0<\/strong>PVC<\/li>\n<li><strong>Conectabil:\u00a0<\/strong>Nu<\/li>\n<li><strong>Capacul\/priza:\u00a0<\/strong>Nu se poate \u00eenlocui<\/li>\n<li><strong>Certificat CE:\u00a0<\/strong>da<\/li>\n<li>5V DC 6W mufa Schuko<\/li>\n<\/ul>","protected":false},"excerpt":{"rendered":"<p>Smart festoon light chain can be altered into an endless variety of colours, the light string can be used in the Christmas tree, behind your TV or as a decoration. It is easy to change the colour temperature, turn on or off with the Smart Life app, the controller box or the remote. With the [&#8230;]\n","protected":false},"featured_media":6414,"comment_status":"open","ping_status":"closed","template":"","meta":[],"product_brand":[],"product_cat":[227,226],"product_tag":[],"class_list":{"0":"post-6289","1":"product","2":"type-product","3":"status-publish","4":"has-post-thumbnail","6":"product_cat-led-festoon-lights-outdoor-lights","7":"product_cat-outdoor-lights","8":"pa_led-colour-multi-coloured","10":"first","11":"instock","12":"sale","13":"shipping-taxable","14":"purchasable","15":"product-type-simple"},"yoast_head":"<!-- This site is optimized with the Yoast SEO plugin v27.3 - https:\/\/yoast.com\/product\/yoast-seo-wordpress\/ -->\n<title>Smart festoon lights RGBW - Best price guarantee - Decolights.eu<\/title>\n<meta name=\"description\" content=\"Smart festoon light chain can be altered into an endless variety of colours and glow in music rhythm. Perfect for home and parties. Buy now for best price!\" \/>\n<meta name=\"robots\" content=\"index, follow, max-snippet:-1, max-image-preview:large, max-video-preview:-1\" \/>\n<link rel=\"canonical\" href=\"https:\/\/decolights.eu\/ro\/produs-2\/smart-festoon-lights-rgbw\/\" \/>\n<meta property=\"og:locale\" content=\"ro_RO\" \/>\n<meta property=\"og:type\" content=\"article\" \/>\n<meta property=\"og:title\" content=\"Smart festoon lights RGBW - Best price guarantee - Decolights.eu\" \/>\n<meta property=\"og:description\" content=\"Smart festoon light chain can be altered into an endless variety of colours and glow in music rhythm. Perfect for home and parties. Buy now for best price!\" \/>\n<meta property=\"og:url\" content=\"https:\/\/decolights.eu\/ro\/produs-2\/smart-festoon-lights-rgbw\/\" \/>\n<meta property=\"og:site_name\" content=\"Decolights.eu\" \/>\n<meta property=\"article:modified_time\" content=\"2023-05-09T09:43:46+00:00\" \/>\n<meta property=\"og:image\" content=\"https:\/\/decolights.eu\/wp-content\/uploads\/2023\/04\/Nutivalguskett-RGBW-1.png\" \/>\n\t<meta property=\"og:image:width\" content=\"600\" \/>\n\t<meta property=\"og:image:height\" content=\"602\" \/>\n\t<meta property=\"og:image:type\" content=\"image\/png\" \/>\n<meta name=\"twitter:card\" content=\"summary_large_image\" \/>\n<meta name=\"twitter:label1\" content=\"Timp estimat pentru citire\" \/>\n\t<meta name=\"twitter:data1\" content=\"1 minut\" \/>\n<script type=\"application\/ld+json\" class=\"yoast-schema-graph\">{\"@context\":\"https:\\\/\\\/schema.org\",\"@graph\":[{\"@type\":\"WebPage\",\"@id\":\"https:\\\/\\\/decolights.eu\\\/product\\\/smart-festoon-lights-rgbw\\\/\",\"url\":\"https:\\\/\\\/decolights.eu\\\/product\\\/smart-festoon-lights-rgbw\\\/\",\"name\":\"Smart festoon lights RGBW - Best price guarantee - Decolights.eu\",\"isPartOf\":{\"@id\":\"https:\\\/\\\/decolights.eu\\\/#website\"},\"primaryImageOfPage\":{\"@id\":\"https:\\\/\\\/decolights.eu\\\/product\\\/smart-festoon-lights-rgbw\\\/#primaryimage\"},\"image\":{\"@id\":\"https:\\\/\\\/decolights.eu\\\/product\\\/smart-festoon-lights-rgbw\\\/#primaryimage\"},\"thumbnailUrl\":\"https:\\\/\\\/decolights.eu\\\/wp-content\\\/uploads\\\/2023\\\/04\\\/Nutivalguskett-RGBW-1.png\",\"datePublished\":\"2023-04-01T04:43:12+00:00\",\"dateModified\":\"2023-05-09T09:43:46+00:00\",\"description\":\"Smart festoon light chain can be altered into an endless variety of colours and glow in music rhythm. Perfect for home and parties. Buy now for best price!\",\"breadcrumb\":{\"@id\":\"https:\\\/\\\/decolights.eu\\\/product\\\/smart-festoon-lights-rgbw\\\/#breadcrumb\"},\"inLanguage\":\"ro-RO\",\"potentialAction\":[{\"@type\":\"ReadAction\",\"target\":[\"https:\\\/\\\/decolights.eu\\\/product\\\/smart-festoon-lights-rgbw\\\/\"]}]},{\"@type\":\"ImageObject\",\"inLanguage\":\"ro-RO\",\"@id\":\"https:\\\/\\\/decolights.eu\\\/product\\\/smart-festoon-lights-rgbw\\\/#primaryimage\",\"url\":\"https:\\\/\\\/decolights.eu\\\/wp-content\\\/uploads\\\/2023\\\/04\\\/Nutivalguskett-RGBW-1.png\",\"contentUrl\":\"https:\\\/\\\/decolights.eu\\\/wp-content\\\/uploads\\\/2023\\\/04\\\/Nutivalguskett-RGBW-1.png\",\"width\":600,\"height\":602},{\"@type\":\"BreadcrumbList\",\"@id\":\"https:\\\/\\\/decolights.eu\\\/product\\\/smart-festoon-lights-rgbw\\\/#breadcrumb\",\"itemListElement\":[{\"@type\":\"ListItem\",\"position\":1,\"name\":\"Shop\",\"item\":\"https:\\\/\\\/decolights.eu\\\/shop\\\/\"},{\"@type\":\"ListItem\",\"position\":2,\"name\":\"Smart festoon lights RGBW\"}]},{\"@type\":\"WebSite\",\"@id\":\"https:\\\/\\\/decolights.eu\\\/#website\",\"url\":\"https:\\\/\\\/decolights.eu\\\/\",\"name\":\"decolights\",\"description\":\"Led Decorations for Home and Garden\",\"publisher\":{\"@id\":\"https:\\\/\\\/decolights.eu\\\/#organization\"},\"alternateName\":\"decolights.eu\",\"potentialAction\":[{\"@type\":\"SearchAction\",\"target\":{\"@type\":\"EntryPoint\",\"urlTemplate\":\"https:\\\/\\\/decolights.eu\\\/?s={search_term_string}\"},\"query-input\":{\"@type\":\"PropertyValueSpecification\",\"valueRequired\":true,\"valueName\":\"search_term_string\"}}],\"inLanguage\":\"ro-RO\"},{\"@type\":\"Organization\",\"@id\":\"https:\\\/\\\/decolights.eu\\\/#organization\",\"name\":\"decolights\",\"url\":\"https:\\\/\\\/decolights.eu\\\/\",\"logo\":{\"@type\":\"ImageObject\",\"inLanguage\":\"ro-RO\",\"@id\":\"https:\\\/\\\/decolights.eu\\\/#\\\/schema\\\/logo\\\/image\\\/\",\"url\":\"https:\\\/\\\/decolights.eu\\\/wp-content\\\/uploads\\\/2023\\\/07\\\/cropped-decolight-siteicon.png\",\"contentUrl\":\"https:\\\/\\\/decolights.eu\\\/wp-content\\\/uploads\\\/2023\\\/07\\\/cropped-decolight-siteicon.png\",\"width\":512,\"height\":512,\"caption\":\"decolights\"},\"image\":{\"@id\":\"https:\\\/\\\/decolights.eu\\\/#\\\/schema\\\/logo\\\/image\\\/\"}}]}<\/script>\n<!-- \/ Yoast SEO plugin. -->","yoast_head_json":{"title":"Lumini festive inteligente RGBW - Cel mai bun pre\u021b garantat - Decolights.eu","description":"Lan\u021bul luminos cu feston inteligent poate fi modificat \u00eentr-o varietate nesf\u00e2r\u0219it\u0103 de culori \u0219i str\u0103luce\u0219te \u00een ritmul muzicii. Perfect pentru casa si petreceri. Cumpara acum la cel mai bun pret!","robots":{"index":"index","follow":"follow","max-snippet":"max-snippet:-1","max-image-preview":"max-image-preview:large","max-video-preview":"max-video-preview:-1"},"canonical":"https:\/\/decolights.eu\/ro\/produs-2\/smart-festoon-lights-rgbw\/","og_locale":"ro_RO","og_type":"article","og_title":"Smart festoon lights RGBW - Best price guarantee - Decolights.eu","og_description":"Smart festoon light chain can be altered into an endless variety of colours and glow in music rhythm. Perfect for home and parties. Buy now for best price!","og_url":"https:\/\/decolights.eu\/ro\/produs-2\/smart-festoon-lights-rgbw\/","og_site_name":"Decolights.eu","article_modified_time":"2023-05-09T09:43:46+00:00","og_image":[{"width":600,"height":602,"url":"https:\/\/decolights.eu\/wp-content\/uploads\/2023\/04\/Nutivalguskett-RGBW-1.png","type":"image\/png"}],"twitter_card":"summary_large_image","twitter_misc":{"Timp estimat pentru citire":"1 minut"},"schema":{"@context":"https:\/\/schema.org","@graph":[{"@type":"WebPage","@id":"https:\/\/decolights.eu\/product\/smart-festoon-lights-rgbw\/","url":"https:\/\/decolights.eu\/product\/smart-festoon-lights-rgbw\/","name":"Lumini festive inteligente RGBW - Cel mai bun pre\u021b garantat - Decolights.eu","isPartOf":{"@id":"https:\/\/decolights.eu\/#website"},"primaryImageOfPage":{"@id":"https:\/\/decolights.eu\/product\/smart-festoon-lights-rgbw\/#primaryimage"},"image":{"@id":"https:\/\/decolights.eu\/product\/smart-festoon-lights-rgbw\/#primaryimage"},"thumbnailUrl":"https:\/\/decolights.eu\/wp-content\/uploads\/2023\/04\/Nutivalguskett-RGBW-1.png","datePublished":"2023-04-01T04:43:12+00:00","dateModified":"2023-05-09T09:43:46+00:00","description":"Lan\u021bul luminos cu feston inteligent poate fi modificat \u00eentr-o varietate nesf\u00e2r\u0219it\u0103 de culori \u0219i str\u0103luce\u0219te \u00een ritmul muzicii. Perfect pentru casa si petreceri. Cumpara acum la cel mai bun pret!","breadcrumb":{"@id":"https:\/\/decolights.eu\/product\/smart-festoon-lights-rgbw\/#breadcrumb"},"inLanguage":"ro-RO","potentialAction":[{"@type":"ReadAction","target":["https:\/\/decolights.eu\/product\/smart-festoon-lights-rgbw\/"]}]},{"@type":"ImageObject","inLanguage":"ro-RO","@id":"https:\/\/decolights.eu\/product\/smart-festoon-lights-rgbw\/#primaryimage","url":"https:\/\/decolights.eu\/wp-content\/uploads\/2023\/04\/Nutivalguskett-RGBW-1.png","contentUrl":"https:\/\/decolights.eu\/wp-content\/uploads\/2023\/04\/Nutivalguskett-RGBW-1.png","width":600,"height":602},{"@type":"BreadcrumbList","@id":"https:\/\/decolights.eu\/product\/smart-festoon-lights-rgbw\/#breadcrumb","itemListElement":[{"@type":"ListItem","position":1,"name":"Shop","item":"https:\/\/decolights.eu\/shop\/"},{"@type":"ListItem","position":2,"name":"Smart festoon lights RGBW"}]},{"@type":"WebSite","@id":"https:\/\/decolights.eu\/#website","url":"https:\/\/decolights.eu\/","name":"decolights","description":"Decoratiuni Led pentru Casa si Gradina","publisher":{"@id":"https:\/\/decolights.eu\/#organization"},"alternateName":"decolights.eu","potentialAction":[{"@type":"SearchAction","target":{"@type":"EntryPoint","urlTemplate":"https:\/\/decolights.eu\/?s={search_term_string}"},"query-input":{"@type":"PropertyValueSpecification","valueRequired":true,"valueName":"search_term_string"}}],"inLanguage":"ro-RO"},{"@type":"Organization","@id":"https:\/\/decolights.eu\/#organization","name":"decolights","url":"https:\/\/decolights.eu\/","logo":{"@type":"ImageObject","inLanguage":"ro-RO","@id":"https:\/\/decolights.eu\/#\/schema\/logo\/image\/","url":"https:\/\/decolights.eu\/wp-content\/uploads\/2023\/07\/cropped-decolight-siteicon.png","contentUrl":"https:\/\/decolights.eu\/wp-content\/uploads\/2023\/07\/cropped-decolight-siteicon.png","width":512,"height":512,"caption":"decolights"},"image":{"@id":"https:\/\/decolights.eu\/#\/schema\/logo\/image\/"}}]}},"jetpack_sharing_enabled":true,"_links":{"self":[{"href":"https:\/\/decolights.eu\/ro\/wp-json\/wp\/v2\/product\/6289","targetHints":{"allow":["GET"]}}],"collection":[{"href":"https:\/\/decolights.eu\/ro\/wp-json\/wp\/v2\/product"}],"about":[{"href":"https:\/\/decolights.eu\/ro\/wp-json\/wp\/v2\/types\/product"}],"replies":[{"embeddable":true,"href":"https:\/\/decolights.eu\/ro\/wp-json\/wp\/v2\/comments?post=6289"}],"wp:featuredmedia":[{"embeddable":true,"href":"https:\/\/decolights.eu\/ro\/wp-json\/wp\/v2\/media\/6414"}],"wp:attachment":[{"href":"https:\/\/decolights.eu\/ro\/wp-json\/wp\/v2\/media?parent=6289"}],"wp:term":[{"taxonomy":"product_brand","embeddable":true,"href":"https:\/\/decolights.eu\/ro\/wp-json\/wp\/v2\/product_brand?post=6289"},{"taxonomy":"product_cat","embeddable":true,"href":"https:\/\/decolights.eu\/ro\/wp-json\/wp\/v2\/product_cat?post=6289"},{"taxonomy":"product_tag","embeddable":true,"href":"https:\/\/decolights.eu\/ro\/wp-json\/wp\/v2\/product_tag?post=6289"}],"curies":[{"name":"wp","href":"https:\/\/api.w.org\/{rel}","templated":true}]}}