{"id":6426,"date":"2023-04-01T04:45:16","date_gmt":"2023-04-01T04:45:16","guid":{"rendered":"https:\/\/decolights.eu\/?post_type=product&#038;p=6426"},"modified":"2023-04-16T12:19:00","modified_gmt":"2023-04-16T12:19:00","slug":"decorative-led-lamp-twine-brown-2","status":"publish","type":"product","link":"https:\/\/decolights.eu\/ro\/produs-2\/decorative-led-lamp-twine-brown-2\/","title":{"rendered":"Lamp\u0103 decorativ\u0103 LED Twine maro"},"content":{"rendered":"<p>Abajur elegant din ratan de plastic alb pentru decorare exterioara, bec cu LED-uri cu filament turbionat in interior.<\/p>\n<ul>\n<li><strong>Culoarea abajurului:<\/strong> maro<\/li>\n<li dir=\"ltr\" data-placeholder=\"Translation\"><strong>Culoare bec LED:<\/strong> alb cald<\/li>\n<li dir=\"ltr\" data-placeholder=\"Translation\"><strong>Culoare cablu:\u00a0<\/strong>negru<\/li>\n<li dir=\"ltr\" data-placeholder=\"Translation\"><strong>M\u0103rimea:<\/strong> 15 x 15 x 15 cm<\/li>\n<li dir=\"ltr\" data-placeholder=\"Translation\"><strong>Sursa de putere:<\/strong> 4 x baterii AA (nu sunt incluse)<\/li>\n<li dir=\"ltr\" data-placeholder=\"Translation\"><strong>Temporizator:<\/strong> 6H pornit\/18H oprit, repeta\u021bi<\/li>\n<li dir=\"ltr\" data-placeholder=\"Translation\"><strong>Evaluare IP<\/strong>: IP44<\/li>\n<li dir=\"ltr\" data-placeholder=\"Translation\"><strong>Conectabil:\u00a0<\/strong>Nu<\/li>\n<li dir=\"ltr\" data-placeholder=\"Translation\"><strong>Capacul\/priza: <\/strong>Nu se poate \u00eenlocui<\/li>\n<li dir=\"ltr\" data-placeholder=\"Translation\"><strong>Material cablu:\u00a0<\/strong>PVC<\/li>\n<li dir=\"ltr\" data-placeholder=\"Translation\"><strong>Certificat CE:<\/strong> da<\/li>\n<\/ul>","protected":false},"excerpt":{"rendered":"<p>Stylish lampshade in white plastic rattan for outdoor decoration, bulb with swirl filament LED inside. Lampshade colour: brown LED Bulb Colour: warm white Cable colour:\u00a0black Size: 15 x 15 x 15 cm Power source: 4 x AA batteries (not included) Timer: 6H on\/18H off, repeat IP Rating: IP44 Connectable:\u00a0No Cap\/Socket: Non replaceable Cable material:\u00a0PVC CE [&#8230;]\n","protected":false},"featured_media":6538,"comment_status":"open","ping_status":"closed","template":"","meta":[],"product_brand":[],"product_cat":[217,218,214,226,230],"product_tag":[],"class_list":{"0":"post-6426","1":"product","2":"type-product","3":"status-publish","4":"has-post-thumbnail","6":"product_cat-battery-operated-led-lights","7":"product_cat-decorative-led-lights","8":"product_cat-indoor-lights","9":"product_cat-outdoor-lights","10":"product_cat-patio-lights","11":"pa_led-colour-warm-white","13":"first","14":"instock","15":"sale","16":"shipping-taxable","17":"purchasable","18":"product-type-simple"},"yoast_head":"<!-- This site is optimized with the Yoast SEO plugin v27.3 - https:\/\/yoast.com\/product\/yoast-seo-wordpress\/ -->\n<title>Decorative LED lamp Twine brown - The best price guarantee - Decolights.eu<\/title>\n<meta name=\"description\" content=\"Decorative hanging LED lamp for outdoor decoration will add a cozy touch to your patio. Buy now for the best price and enjoy an awesome result!\" \/>\n<meta name=\"robots\" content=\"index, follow, max-snippet:-1, max-image-preview:large, max-video-preview:-1\" \/>\n<link rel=\"canonical\" href=\"https:\/\/decolights.eu\/ro\/produs-2\/decorative-led-lamp-twine-brown-2\/\" \/>\n<meta property=\"og:locale\" content=\"ro_RO\" \/>\n<meta property=\"og:type\" content=\"article\" \/>\n<meta property=\"og:title\" content=\"Decorative LED lamp Twine brown - The best price guarantee - Decolights.eu\" \/>\n<meta property=\"og:description\" content=\"Decorative hanging LED lamp for outdoor decoration will add a cozy touch to your patio. Buy now for the best price and enjoy an awesome result!\" \/>\n<meta property=\"og:url\" content=\"https:\/\/decolights.eu\/ro\/produs-2\/decorative-led-lamp-twine-brown-2\/\" \/>\n<meta property=\"og:site_name\" content=\"Decolights.eu\" \/>\n<meta property=\"article:modified_time\" content=\"2023-04-16T12:19:00+00:00\" \/>\n<meta property=\"og:image\" content=\"https:\/\/decolights.eu\/wp-content\/uploads\/2023\/04\/857-33_M2.png\" \/>\n\t<meta property=\"og:image:width\" content=\"600\" \/>\n\t<meta property=\"og:image:height\" content=\"602\" \/>\n\t<meta property=\"og:image:type\" content=\"image\/png\" \/>\n<meta name=\"twitter:card\" content=\"summary_large_image\" \/>\n<meta name=\"twitter:label1\" content=\"Timp estimat pentru citire\" \/>\n\t<meta name=\"twitter:data1\" content=\"1 minut\" \/>\n<script type=\"application\/ld+json\" class=\"yoast-schema-graph\">{\"@context\":\"https:\\\/\\\/schema.org\",\"@graph\":[{\"@type\":\"WebPage\",\"@id\":\"https:\\\/\\\/decolights.eu\\\/product\\\/decorative-led-lamp-twine-brown-2\\\/\",\"url\":\"https:\\\/\\\/decolights.eu\\\/product\\\/decorative-led-lamp-twine-brown-2\\\/\",\"name\":\"Decorative LED lamp Twine brown - The best price guarantee - Decolights.eu\",\"isPartOf\":{\"@id\":\"https:\\\/\\\/decolights.eu\\\/#website\"},\"primaryImageOfPage\":{\"@id\":\"https:\\\/\\\/decolights.eu\\\/product\\\/decorative-led-lamp-twine-brown-2\\\/#primaryimage\"},\"image\":{\"@id\":\"https:\\\/\\\/decolights.eu\\\/product\\\/decorative-led-lamp-twine-brown-2\\\/#primaryimage\"},\"thumbnailUrl\":\"https:\\\/\\\/decolights.eu\\\/wp-content\\\/uploads\\\/2023\\\/04\\\/857-33_M2.png\",\"datePublished\":\"2023-04-01T04:45:16+00:00\",\"dateModified\":\"2023-04-16T12:19:00+00:00\",\"description\":\"Decorative hanging LED lamp for outdoor decoration will add a cozy touch to your patio. Buy now for the best price and enjoy an awesome result!\",\"breadcrumb\":{\"@id\":\"https:\\\/\\\/decolights.eu\\\/product\\\/decorative-led-lamp-twine-brown-2\\\/#breadcrumb\"},\"inLanguage\":\"ro-RO\",\"potentialAction\":[{\"@type\":\"ReadAction\",\"target\":[\"https:\\\/\\\/decolights.eu\\\/product\\\/decorative-led-lamp-twine-brown-2\\\/\"]}]},{\"@type\":\"ImageObject\",\"inLanguage\":\"ro-RO\",\"@id\":\"https:\\\/\\\/decolights.eu\\\/product\\\/decorative-led-lamp-twine-brown-2\\\/#primaryimage\",\"url\":\"https:\\\/\\\/decolights.eu\\\/wp-content\\\/uploads\\\/2023\\\/04\\\/857-33_M2.png\",\"contentUrl\":\"https:\\\/\\\/decolights.eu\\\/wp-content\\\/uploads\\\/2023\\\/04\\\/857-33_M2.png\",\"width\":600,\"height\":602},{\"@type\":\"BreadcrumbList\",\"@id\":\"https:\\\/\\\/decolights.eu\\\/product\\\/decorative-led-lamp-twine-brown-2\\\/#breadcrumb\",\"itemListElement\":[{\"@type\":\"ListItem\",\"position\":1,\"name\":\"Shop\",\"item\":\"https:\\\/\\\/decolights.eu\\\/shop\\\/\"},{\"@type\":\"ListItem\",\"position\":2,\"name\":\"Decorative LED lamp Twine brown\"}]},{\"@type\":\"WebSite\",\"@id\":\"https:\\\/\\\/decolights.eu\\\/#website\",\"url\":\"https:\\\/\\\/decolights.eu\\\/\",\"name\":\"decolights\",\"description\":\"Led Decorations for Home and Garden\",\"publisher\":{\"@id\":\"https:\\\/\\\/decolights.eu\\\/#organization\"},\"alternateName\":\"decolights.eu\",\"potentialAction\":[{\"@type\":\"SearchAction\",\"target\":{\"@type\":\"EntryPoint\",\"urlTemplate\":\"https:\\\/\\\/decolights.eu\\\/?s={search_term_string}\"},\"query-input\":{\"@type\":\"PropertyValueSpecification\",\"valueRequired\":true,\"valueName\":\"search_term_string\"}}],\"inLanguage\":\"ro-RO\"},{\"@type\":\"Organization\",\"@id\":\"https:\\\/\\\/decolights.eu\\\/#organization\",\"name\":\"decolights\",\"url\":\"https:\\\/\\\/decolights.eu\\\/\",\"logo\":{\"@type\":\"ImageObject\",\"inLanguage\":\"ro-RO\",\"@id\":\"https:\\\/\\\/decolights.eu\\\/#\\\/schema\\\/logo\\\/image\\\/\",\"url\":\"https:\\\/\\\/decolights.eu\\\/wp-content\\\/uploads\\\/2023\\\/07\\\/cropped-decolight-siteicon.png\",\"contentUrl\":\"https:\\\/\\\/decolights.eu\\\/wp-content\\\/uploads\\\/2023\\\/07\\\/cropped-decolight-siteicon.png\",\"width\":512,\"height\":512,\"caption\":\"decolights\"},\"image\":{\"@id\":\"https:\\\/\\\/decolights.eu\\\/#\\\/schema\\\/logo\\\/image\\\/\"}}]}<\/script>\n<!-- \/ Yoast SEO plugin. -->","yoast_head_json":{"title":"Lampa decorativa LED Twine brown - Cel mai bun pret garantat - Decolights.eu","description":"Lampa decorativ\u0103 LED suspendat\u0103 pentru decorarea exterioar\u0103 va ad\u0103uga o not\u0103 confortabil\u0103 cur\u021bii tale. Cump\u0103r\u0103 acum la cel mai bun pre\u021b \u0219i bucur\u0103-te de un rezultat minunat!","robots":{"index":"index","follow":"follow","max-snippet":"max-snippet:-1","max-image-preview":"max-image-preview:large","max-video-preview":"max-video-preview:-1"},"canonical":"https:\/\/decolights.eu\/ro\/produs-2\/decorative-led-lamp-twine-brown-2\/","og_locale":"ro_RO","og_type":"article","og_title":"Decorative LED lamp Twine brown - The best price guarantee - Decolights.eu","og_description":"Decorative hanging LED lamp for outdoor decoration will add a cozy touch to your patio. Buy now for the best price and enjoy an awesome result!","og_url":"https:\/\/decolights.eu\/ro\/produs-2\/decorative-led-lamp-twine-brown-2\/","og_site_name":"Decolights.eu","article_modified_time":"2023-04-16T12:19:00+00:00","og_image":[{"width":600,"height":602,"url":"https:\/\/decolights.eu\/wp-content\/uploads\/2023\/04\/857-33_M2.png","type":"image\/png"}],"twitter_card":"summary_large_image","twitter_misc":{"Timp estimat pentru citire":"1 minut"},"schema":{"@context":"https:\/\/schema.org","@graph":[{"@type":"WebPage","@id":"https:\/\/decolights.eu\/product\/decorative-led-lamp-twine-brown-2\/","url":"https:\/\/decolights.eu\/product\/decorative-led-lamp-twine-brown-2\/","name":"Lampa decorativa LED Twine brown - Cel mai bun pret garantat - Decolights.eu","isPartOf":{"@id":"https:\/\/decolights.eu\/#website"},"primaryImageOfPage":{"@id":"https:\/\/decolights.eu\/product\/decorative-led-lamp-twine-brown-2\/#primaryimage"},"image":{"@id":"https:\/\/decolights.eu\/product\/decorative-led-lamp-twine-brown-2\/#primaryimage"},"thumbnailUrl":"https:\/\/decolights.eu\/wp-content\/uploads\/2023\/04\/857-33_M2.png","datePublished":"2023-04-01T04:45:16+00:00","dateModified":"2023-04-16T12:19:00+00:00","description":"Lampa decorativ\u0103 LED suspendat\u0103 pentru decorarea exterioar\u0103 va ad\u0103uga o not\u0103 confortabil\u0103 cur\u021bii tale. Cump\u0103r\u0103 acum la cel mai bun pre\u021b \u0219i bucur\u0103-te de un rezultat minunat!","breadcrumb":{"@id":"https:\/\/decolights.eu\/product\/decorative-led-lamp-twine-brown-2\/#breadcrumb"},"inLanguage":"ro-RO","potentialAction":[{"@type":"ReadAction","target":["https:\/\/decolights.eu\/product\/decorative-led-lamp-twine-brown-2\/"]}]},{"@type":"ImageObject","inLanguage":"ro-RO","@id":"https:\/\/decolights.eu\/product\/decorative-led-lamp-twine-brown-2\/#primaryimage","url":"https:\/\/decolights.eu\/wp-content\/uploads\/2023\/04\/857-33_M2.png","contentUrl":"https:\/\/decolights.eu\/wp-content\/uploads\/2023\/04\/857-33_M2.png","width":600,"height":602},{"@type":"BreadcrumbList","@id":"https:\/\/decolights.eu\/product\/decorative-led-lamp-twine-brown-2\/#breadcrumb","itemListElement":[{"@type":"ListItem","position":1,"name":"Shop","item":"https:\/\/decolights.eu\/shop\/"},{"@type":"ListItem","position":2,"name":"Decorative LED lamp Twine brown"}]},{"@type":"WebSite","@id":"https:\/\/decolights.eu\/#website","url":"https:\/\/decolights.eu\/","name":"decolights","description":"Decoratiuni Led pentru Casa si Gradina","publisher":{"@id":"https:\/\/decolights.eu\/#organization"},"alternateName":"decolights.eu","potentialAction":[{"@type":"SearchAction","target":{"@type":"EntryPoint","urlTemplate":"https:\/\/decolights.eu\/?s={search_term_string}"},"query-input":{"@type":"PropertyValueSpecification","valueRequired":true,"valueName":"search_term_string"}}],"inLanguage":"ro-RO"},{"@type":"Organization","@id":"https:\/\/decolights.eu\/#organization","name":"decolights","url":"https:\/\/decolights.eu\/","logo":{"@type":"ImageObject","inLanguage":"ro-RO","@id":"https:\/\/decolights.eu\/#\/schema\/logo\/image\/","url":"https:\/\/decolights.eu\/wp-content\/uploads\/2023\/07\/cropped-decolight-siteicon.png","contentUrl":"https:\/\/decolights.eu\/wp-content\/uploads\/2023\/07\/cropped-decolight-siteicon.png","width":512,"height":512,"caption":"decolights"},"image":{"@id":"https:\/\/decolights.eu\/#\/schema\/logo\/image\/"}}]}},"jetpack_sharing_enabled":true,"_links":{"self":[{"href":"https:\/\/decolights.eu\/ro\/wp-json\/wp\/v2\/product\/6426","targetHints":{"allow":["GET"]}}],"collection":[{"href":"https:\/\/decolights.eu\/ro\/wp-json\/wp\/v2\/product"}],"about":[{"href":"https:\/\/decolights.eu\/ro\/wp-json\/wp\/v2\/types\/product"}],"replies":[{"embeddable":true,"href":"https:\/\/decolights.eu\/ro\/wp-json\/wp\/v2\/comments?post=6426"}],"wp:featuredmedia":[{"embeddable":true,"href":"https:\/\/decolights.eu\/ro\/wp-json\/wp\/v2\/media\/6538"}],"wp:attachment":[{"href":"https:\/\/decolights.eu\/ro\/wp-json\/wp\/v2\/media?parent=6426"}],"wp:term":[{"taxonomy":"product_brand","embeddable":true,"href":"https:\/\/decolights.eu\/ro\/wp-json\/wp\/v2\/product_brand?post=6426"},{"taxonomy":"product_cat","embeddable":true,"href":"https:\/\/decolights.eu\/ro\/wp-json\/wp\/v2\/product_cat?post=6426"},{"taxonomy":"product_tag","embeddable":true,"href":"https:\/\/decolights.eu\/ro\/wp-json\/wp\/v2\/product_tag?post=6426"}],"curies":[{"name":"wp","href":"https:\/\/api.w.org\/{rel}","templated":true}]}}