{"id":6458,"date":"2023-04-01T04:45:46","date_gmt":"2023-04-01T04:45:46","guid":{"rendered":"https:\/\/decolights.eu\/?post_type=product&#038;p=6458"},"modified":"2023-04-16T10:12:10","modified_gmt":"2023-04-16T10:12:10","slug":"decorative-twig-willow-brown","status":"publish","type":"product","link":"https:\/\/decolights.eu\/ro\/produs-2\/decorative-twig-willow-brown\/","title":{"rendered":"Decorativ Twig Willow maro"},"content":{"rendered":"<p>Crengu\u021b\u0103 decorativ\u0103 care func\u021bioneaz\u0103 cu baterii cu lan\u021b u\u0219or de pic\u0103tur\u0103 de rou\u0103. Un decor frumos de interior care ofer\u0103 camerei tale o lumin\u0103 confortabil\u0103. Ramura are 24 de lumini LED.<\/p>\n<ul>\n<li><strong>Culoare salcie crengu\u021b\u0103:\u00a0<\/strong>maro<\/li>\n<li><strong>Culoare LED:\u00a0<\/strong>alb cald<\/li>\n<li><strong>Numar de LED-uri:\u00a0<\/strong>24 buc<\/li>\n<li dir=\"ltr\" data-placeholder=\"Translation\"><strong>Sursa de putere:<\/strong> 3 x baterii AA (nu sunt incluse)<\/li>\n<li dir=\"ltr\" data-placeholder=\"Translation\"><strong>\u00cen\u0103l\u0163ime: <\/strong>60 cm<\/li>\n<li dir=\"ltr\" data-placeholder=\"Translation\"><strong>L\u0103\u0163ime:\u00a0<\/strong>8 cm<\/li>\n<li dir=\"ltr\" data-placeholder=\"Translation\"><strong>Lungimea cablului de alimentare:\u00a0<\/strong>50 cm<\/li>\n<li dir=\"ltr\" data-placeholder=\"Translation\"><strong>Evaluare IP:<\/strong> IP20<\/li>\n<li dir=\"ltr\" data-placeholder=\"Translation\"><strong>Certificat CE:<\/strong> da<\/li>\n<li>4,5V DC<\/li>\n<\/ul>\n<div class=\"woocommerce-tabs wc-tabs-wrapper container tabbed-content\">\n<div class=\"tab-panels\"><\/div>\n<\/div>","protected":false},"excerpt":{"rendered":"<p>Battery operated decoration twig with dew drop light chain. A beautiful indoor decoration that gives your room a cozy light. The twig has 24 LED-lights. Twig Willow Colour:\u00a0brown LED Colour:\u00a0warm white Number of LEDs:\u00a024pcs Power source: 3 x AA batteries (not included) Height: 60cm Width:\u00a08cm Power lead cable length:\u00a050cm IP Rating: IP20 CE certified: Yes [&#8230;]\n","protected":false},"featured_media":6593,"comment_status":"open","ping_status":"closed","template":"","meta":[],"product_brand":[],"product_cat":[218,214],"product_tag":[],"class_list":{"0":"post-6458","1":"product","2":"type-product","3":"status-publish","4":"has-post-thumbnail","6":"product_cat-decorative-led-lights","7":"product_cat-indoor-lights","8":"pa_brand-deco","9":"pa_led-colour-warm-white","11":"first","12":"instock","13":"sale","14":"shipping-taxable","15":"purchasable","16":"product-type-simple"},"yoast_head":"<!-- This site is optimized with the Yoast SEO plugin v27.3 - https:\/\/yoast.com\/product\/yoast-seo-wordpress\/ -->\n<title>Decorative Twig Willow brown - Decolights.eu<\/title>\n<meta name=\"description\" content=\"Decorative twig willow is a beautiful indoor decoration that gives your room a cozy light. Buy today to guarantee best price!\" \/>\n<meta name=\"robots\" content=\"index, follow, max-snippet:-1, max-image-preview:large, max-video-preview:-1\" \/>\n<link rel=\"canonical\" href=\"https:\/\/decolights.eu\/ro\/produkt\/decorative-twig-willow-brown\/\" \/>\n<meta property=\"og:locale\" content=\"ro_RO\" \/>\n<meta property=\"og:type\" content=\"article\" \/>\n<meta property=\"og:title\" content=\"Decorative Twig Willow brown - Decolights.eu\" \/>\n<meta property=\"og:description\" content=\"Decorative twig willow is a beautiful indoor decoration that gives your room a cozy light. Buy today to guarantee best price!\" \/>\n<meta property=\"og:url\" content=\"https:\/\/decolights.eu\/ro\/produkt\/decorative-twig-willow-brown\/\" \/>\n<meta property=\"og:site_name\" content=\"Decolights.eu\" \/>\n<meta property=\"article:modified_time\" content=\"2023-04-16T10:12:10+00:00\" \/>\n<meta property=\"og:image\" content=\"https:\/\/decolights.eu\/wp-content\/uploads\/2023\/04\/584-33_M2.png\" \/>\n\t<meta property=\"og:image:width\" content=\"600\" \/>\n\t<meta property=\"og:image:height\" content=\"602\" \/>\n\t<meta property=\"og:image:type\" content=\"image\/png\" \/>\n<meta name=\"twitter:card\" content=\"summary_large_image\" \/>\n<meta name=\"twitter:label1\" content=\"Timp estimat pentru citire\" \/>\n\t<meta name=\"twitter:data1\" content=\"1 minut\" \/>\n<script type=\"application\/ld+json\" class=\"yoast-schema-graph\">{\"@context\":\"https:\\\/\\\/schema.org\",\"@graph\":[{\"@type\":\"WebPage\",\"@id\":\"https:\\\/\\\/decolights.eu\\\/pl\\\/produkt\\\/decorative-twig-willow-brown\\\/\",\"url\":\"https:\\\/\\\/decolights.eu\\\/pl\\\/produkt\\\/decorative-twig-willow-brown\\\/\",\"name\":\"Decorative Twig Willow brown - Decolights.eu\",\"isPartOf\":{\"@id\":\"https:\\\/\\\/decolights.eu\\\/#website\"},\"primaryImageOfPage\":{\"@id\":\"https:\\\/\\\/decolights.eu\\\/pl\\\/produkt\\\/decorative-twig-willow-brown\\\/#primaryimage\"},\"image\":{\"@id\":\"https:\\\/\\\/decolights.eu\\\/pl\\\/produkt\\\/decorative-twig-willow-brown\\\/#primaryimage\"},\"thumbnailUrl\":\"https:\\\/\\\/decolights.eu\\\/wp-content\\\/uploads\\\/2023\\\/04\\\/584-33_M2.png\",\"datePublished\":\"2023-04-01T04:45:46+00:00\",\"dateModified\":\"2023-04-16T10:12:10+00:00\",\"description\":\"Decorative twig willow is a beautiful indoor decoration that gives your room a cozy light. Buy today to guarantee best price!\",\"breadcrumb\":{\"@id\":\"https:\\\/\\\/decolights.eu\\\/pl\\\/produkt\\\/decorative-twig-willow-brown\\\/#breadcrumb\"},\"inLanguage\":\"ro-RO\",\"potentialAction\":[{\"@type\":\"ReadAction\",\"target\":[\"https:\\\/\\\/decolights.eu\\\/pl\\\/produkt\\\/decorative-twig-willow-brown\\\/\"]}]},{\"@type\":\"ImageObject\",\"inLanguage\":\"ro-RO\",\"@id\":\"https:\\\/\\\/decolights.eu\\\/pl\\\/produkt\\\/decorative-twig-willow-brown\\\/#primaryimage\",\"url\":\"https:\\\/\\\/decolights.eu\\\/wp-content\\\/uploads\\\/2023\\\/04\\\/584-33_M2.png\",\"contentUrl\":\"https:\\\/\\\/decolights.eu\\\/wp-content\\\/uploads\\\/2023\\\/04\\\/584-33_M2.png\",\"width\":600,\"height\":602},{\"@type\":\"BreadcrumbList\",\"@id\":\"https:\\\/\\\/decolights.eu\\\/pl\\\/produkt\\\/decorative-twig-willow-brown\\\/#breadcrumb\",\"itemListElement\":[{\"@type\":\"ListItem\",\"position\":1,\"name\":\"Shop\",\"item\":\"https:\\\/\\\/decolights.eu\\\/shop\\\/\"},{\"@type\":\"ListItem\",\"position\":2,\"name\":\"Decorative Twig Willow brown\"}]},{\"@type\":\"WebSite\",\"@id\":\"https:\\\/\\\/decolights.eu\\\/#website\",\"url\":\"https:\\\/\\\/decolights.eu\\\/\",\"name\":\"decolights\",\"description\":\"Led Decorations for Home and Garden\",\"publisher\":{\"@id\":\"https:\\\/\\\/decolights.eu\\\/#organization\"},\"alternateName\":\"decolights.eu\",\"potentialAction\":[{\"@type\":\"SearchAction\",\"target\":{\"@type\":\"EntryPoint\",\"urlTemplate\":\"https:\\\/\\\/decolights.eu\\\/?s={search_term_string}\"},\"query-input\":{\"@type\":\"PropertyValueSpecification\",\"valueRequired\":true,\"valueName\":\"search_term_string\"}}],\"inLanguage\":\"ro-RO\"},{\"@type\":\"Organization\",\"@id\":\"https:\\\/\\\/decolights.eu\\\/#organization\",\"name\":\"decolights\",\"url\":\"https:\\\/\\\/decolights.eu\\\/\",\"logo\":{\"@type\":\"ImageObject\",\"inLanguage\":\"ro-RO\",\"@id\":\"https:\\\/\\\/decolights.eu\\\/#\\\/schema\\\/logo\\\/image\\\/\",\"url\":\"https:\\\/\\\/decolights.eu\\\/wp-content\\\/uploads\\\/2023\\\/07\\\/cropped-decolight-siteicon.png\",\"contentUrl\":\"https:\\\/\\\/decolights.eu\\\/wp-content\\\/uploads\\\/2023\\\/07\\\/cropped-decolight-siteicon.png\",\"width\":512,\"height\":512,\"caption\":\"decolights\"},\"image\":{\"@id\":\"https:\\\/\\\/decolights.eu\\\/#\\\/schema\\\/logo\\\/image\\\/\"}}]}<\/script>\n<!-- \/ Yoast SEO plugin. -->","yoast_head_json":{"title":"Decorative Twig Willow brown - Decolights.eu","description":"Salcia crengu\u021b\u0103 decorativ\u0103 este un decor frumos de interior care ofer\u0103 camerei tale o lumin\u0103 confortabil\u0103. Cump\u0103ra\u021bi ast\u0103zi pentru a garanta cel mai bun pre\u021b!","robots":{"index":"index","follow":"follow","max-snippet":"max-snippet:-1","max-image-preview":"max-image-preview:large","max-video-preview":"max-video-preview:-1"},"canonical":"https:\/\/decolights.eu\/ro\/produkt\/decorative-twig-willow-brown\/","og_locale":"ro_RO","og_type":"article","og_title":"Decorative Twig Willow brown - Decolights.eu","og_description":"Decorative twig willow is a beautiful indoor decoration that gives your room a cozy light. Buy today to guarantee best price!","og_url":"https:\/\/decolights.eu\/ro\/produkt\/decorative-twig-willow-brown\/","og_site_name":"Decolights.eu","article_modified_time":"2023-04-16T10:12:10+00:00","og_image":[{"width":600,"height":602,"url":"https:\/\/decolights.eu\/wp-content\/uploads\/2023\/04\/584-33_M2.png","type":"image\/png"}],"twitter_card":"summary_large_image","twitter_misc":{"Timp estimat pentru citire":"1 minut"},"schema":{"@context":"https:\/\/schema.org","@graph":[{"@type":"WebPage","@id":"https:\/\/decolights.eu\/pl\/produkt\/decorative-twig-willow-brown\/","url":"https:\/\/decolights.eu\/pl\/produkt\/decorative-twig-willow-brown\/","name":"Decorative Twig Willow brown - Decolights.eu","isPartOf":{"@id":"https:\/\/decolights.eu\/#website"},"primaryImageOfPage":{"@id":"https:\/\/decolights.eu\/pl\/produkt\/decorative-twig-willow-brown\/#primaryimage"},"image":{"@id":"https:\/\/decolights.eu\/pl\/produkt\/decorative-twig-willow-brown\/#primaryimage"},"thumbnailUrl":"https:\/\/decolights.eu\/wp-content\/uploads\/2023\/04\/584-33_M2.png","datePublished":"2023-04-01T04:45:46+00:00","dateModified":"2023-04-16T10:12:10+00:00","description":"Salcia crengu\u021b\u0103 decorativ\u0103 este un decor frumos de interior care ofer\u0103 camerei tale o lumin\u0103 confortabil\u0103. Cump\u0103ra\u021bi ast\u0103zi pentru a garanta cel mai bun pre\u021b!","breadcrumb":{"@id":"https:\/\/decolights.eu\/pl\/produkt\/decorative-twig-willow-brown\/#breadcrumb"},"inLanguage":"ro-RO","potentialAction":[{"@type":"ReadAction","target":["https:\/\/decolights.eu\/pl\/produkt\/decorative-twig-willow-brown\/"]}]},{"@type":"ImageObject","inLanguage":"ro-RO","@id":"https:\/\/decolights.eu\/pl\/produkt\/decorative-twig-willow-brown\/#primaryimage","url":"https:\/\/decolights.eu\/wp-content\/uploads\/2023\/04\/584-33_M2.png","contentUrl":"https:\/\/decolights.eu\/wp-content\/uploads\/2023\/04\/584-33_M2.png","width":600,"height":602},{"@type":"BreadcrumbList","@id":"https:\/\/decolights.eu\/pl\/produkt\/decorative-twig-willow-brown\/#breadcrumb","itemListElement":[{"@type":"ListItem","position":1,"name":"Shop","item":"https:\/\/decolights.eu\/shop\/"},{"@type":"ListItem","position":2,"name":"Decorative Twig Willow brown"}]},{"@type":"WebSite","@id":"https:\/\/decolights.eu\/#website","url":"https:\/\/decolights.eu\/","name":"decolights","description":"Decoratiuni Led pentru Casa si Gradina","publisher":{"@id":"https:\/\/decolights.eu\/#organization"},"alternateName":"decolights.eu","potentialAction":[{"@type":"SearchAction","target":{"@type":"EntryPoint","urlTemplate":"https:\/\/decolights.eu\/?s={search_term_string}"},"query-input":{"@type":"PropertyValueSpecification","valueRequired":true,"valueName":"search_term_string"}}],"inLanguage":"ro-RO"},{"@type":"Organization","@id":"https:\/\/decolights.eu\/#organization","name":"decolights","url":"https:\/\/decolights.eu\/","logo":{"@type":"ImageObject","inLanguage":"ro-RO","@id":"https:\/\/decolights.eu\/#\/schema\/logo\/image\/","url":"https:\/\/decolights.eu\/wp-content\/uploads\/2023\/07\/cropped-decolight-siteicon.png","contentUrl":"https:\/\/decolights.eu\/wp-content\/uploads\/2023\/07\/cropped-decolight-siteicon.png","width":512,"height":512,"caption":"decolights"},"image":{"@id":"https:\/\/decolights.eu\/#\/schema\/logo\/image\/"}}]}},"jetpack_sharing_enabled":true,"_links":{"self":[{"href":"https:\/\/decolights.eu\/ro\/wp-json\/wp\/v2\/product\/6458","targetHints":{"allow":["GET"]}}],"collection":[{"href":"https:\/\/decolights.eu\/ro\/wp-json\/wp\/v2\/product"}],"about":[{"href":"https:\/\/decolights.eu\/ro\/wp-json\/wp\/v2\/types\/product"}],"replies":[{"embeddable":true,"href":"https:\/\/decolights.eu\/ro\/wp-json\/wp\/v2\/comments?post=6458"}],"wp:featuredmedia":[{"embeddable":true,"href":"https:\/\/decolights.eu\/ro\/wp-json\/wp\/v2\/media\/6593"}],"wp:attachment":[{"href":"https:\/\/decolights.eu\/ro\/wp-json\/wp\/v2\/media?parent=6458"}],"wp:term":[{"taxonomy":"product_brand","embeddable":true,"href":"https:\/\/decolights.eu\/ro\/wp-json\/wp\/v2\/product_brand?post=6458"},{"taxonomy":"product_cat","embeddable":true,"href":"https:\/\/decolights.eu\/ro\/wp-json\/wp\/v2\/product_cat?post=6458"},{"taxonomy":"product_tag","embeddable":true,"href":"https:\/\/decolights.eu\/ro\/wp-json\/wp\/v2\/product_tag?post=6458"}],"curies":[{"name":"wp","href":"https:\/\/api.w.org\/{rel}","templated":true}]}}