{"id":2047,"date":"2019-09-04T10:49:16","date_gmt":"2019-09-04T10:49:16","guid":{"rendered":"http:\/\/impreza15.us-themes.com\/?page_id=2047"},"modified":"2023-07-26T18:32:17","modified_gmt":"2023-07-26T18:32:17","slug":"faq","status":"publish","type":"page","link":"https:\/\/decolights.eu\/sk\/faq\/","title":{"rendered":"\u010dasto kladen\u00e9 ot\u00e1zky"},"content":{"rendered":"<section class=\"section\" id=\"section_1175280787\">\n\t\t<div class=\"bg section-bg fill bg-fill\" >\n\n\t\t\t\n\t\t\t\n\t\t\t\n\n\t\t<\/div>\n\n\t\t\n\n\t\t<div class=\"section-content relative\">\n\t\t\t\n\n<div class=\"row row-collapse\"  id=\"row-108987636\">\n\n\n\t<div id=\"col-410079722\" class=\"col small-12 large-12\"  >\n\t\t\t\t<div class=\"col-inner\"  >\n\t\t\t\n\t\t\t\n\n\t<div id=\"text-1909935342\" class=\"text\">\n\t\t\n\n<h2><strong>\u010dasto kladen\u00e9 ot\u00e1zky<\/strong><\/h2>\n\n\t\t\n<style>\n#text-1909935342 {\n  font-size: 2rem;\n  text-align: center;\n  color: rgb(255,255,255);\n}\n#text-1909935342 > * {\n  color: rgb(255,255,255);\n}\n<\/style>\n\t<\/div>\n\t\n\n\t\t<\/div>\n\t\t\t\t\n<style>\n#col-410079722 > .col-inner {\n  margin: 0px 0px -10px 0px;\n}\n<\/style>\n\t<\/div>\n\n\t\n\n<\/div>\n\n\t\t<\/div>\n\n\t\t\n<style>\n#section_1175280787 {\n  padding-top: 30px;\n  padding-bottom: 30px;\n  background-color: rgb(0,0,0);\n}\n#section_1175280787 .section-bg.bg-loaded {\n  background-image: url(https:\/\/decolights.eu\/wp-content\/uploads\/2023\/07\/decolights-shop-banner-black-new-scaled.jpg);\n}\n<\/style>\n\t<\/section>\n\t\n\t<section class=\"section\" id=\"section_322289613\">\n\t\t<div class=\"bg section-bg fill bg-fill  bg-loaded\" >\n\n\t\t\t\n\t\t\t\n\t\t\t\n\n\t\t<\/div>\n\n\t\t\n\n\t\t<div class=\"section-content relative\">\n\t\t\t\n\n<div class=\"row row-collapse\"  id=\"row-1097869841\">\n\n\n\t<div id=\"col-1767421085\" class=\"col small-12 large-12\"  >\n\t\t\t\t<div class=\"col-inner\"  >\n\t\t\t\n\t\t\t\n\n\t<div id=\"text-3910256376\" class=\"text\">\n\t\t\n\n<h1 class=\"alt-font\">ot\u00e1zky<\/h1>\n\t\t\n<style>\n#text-3910256376 {\n  font-size: 4rem;\n  line-height: 0.9;\n  text-align: center;\n  color: rgba(240, 158, 51, 0.145);\n}\n#text-3910256376 > * {\n  color: rgba(240, 158, 51, 0.145);\n}\n<\/style>\n\t<\/div>\n\t\n\n\t\t<\/div>\n\t\t\t\t\n<style>\n#col-1767421085 > .col-inner {\n  margin: 0px 0px -150px 0px;\n}\n@media (min-width:550px) {\n  #col-1767421085 > .col-inner {\n    margin: 0px 0px -180px 0px;\n  }\n}\n@media (min-width:850px) {\n  #col-1767421085 > .col-inner {\n    margin: 0px 0px -180px 0px;\n  }\n}\n<\/style>\n\t<\/div>\n\n\t\n\n<\/div>\n\t<div id=\"text-875990115\" class=\"text\">\n\t\t\n\n<p>VYMAZAJTE SI POCHYBNOSTI<\/p>\n\t\t\n<style>\n#text-875990115 {\n  font-size: 1rem;\n  line-height: 0.9;\n  text-align: center;\n  color: rgb(0,0,0);\n}\n#text-875990115 > * {\n  color: rgb(0,0,0);\n}\n<\/style>\n\t<\/div>\n\t\n\t<div id=\"text-1141062018\" class=\"text\">\n\t\t\n\n<h1>\u010casto kladen\u00e9 ot\u00e1zky<\/h1>\n\t\t\n<style>\n#text-1141062018 {\n  font-size: 1.3rem;\n  text-align: center;\n  color: rgb(0,0,0);\n}\n#text-1141062018 > * {\n  color: rgb(0,0,0);\n}\n<\/style>\n\t<\/div>\n\t\n\t<div id=\"text-126368556\" class=\"text\">\n\t\t\n\n<p>Pre\u010d\u00edtajte si na\u0161e \u010dasto kladen\u00e9 ot\u00e1zky, aby ste lep\u0161ie porozumeli be\u017en\u00fdm ot\u00e1zkam, ktor\u00e9 \u010dasto klad\u00fa na\u0161i v\u00e1\u017een\u00ed z\u00e1kazn\u00edci<\/p>\n\t\t\n<style>\n#text-126368556 {\n  font-size: 1rem;\n  text-align: center;\n}\n<\/style>\n\t<\/div>\n\t\n\t<div id=\"gap-1738141842\" class=\"gap-element clearfix\" style=\"display:block; height:auto;\">\n\t\t\n<style>\n#gap-1738141842 {\n  padding-top: 10px;\n}\n<\/style>\n\t<\/div>\n\t\n\n<div class=\"row row-collapse align-center\"  id=\"row-1177928839\">\n\n\n\t<div id=\"col-1917579667\" class=\"col medium-9 small-12 large-9\"  >\n\t\t\t\t<div class=\"col-inner text-left\"  >\n\t\t\t\n\t\t\t\n\n<div class=\"accordion\">\n\n\t<div id=\"accordion-781561091\" class=\"accordion-item\">\n\t\t<a id=\"accordion-781561091-label\" class=\"accordion-title plain\" href=\"#accordion-item-which_payment_systems_you_accept?\" aria-expanded=\"false\" aria-controls=\"accordion-781561091-content\" >\n\t\t\t<button class=\"toggle\" aria-label=\"Prepn\u00fa\u0165\"><i class=\"icon-angle-down\"><\/i><\/button>\n\t\t\t<span>Ktor\u00e9 platobn\u00e9 syst\u00e9my akceptujete?<\/span>\n\t\t<\/a>\n\t\t<div id=\"accordion-781561091-content\" class=\"accordion-inner\" aria-labelledby=\"accordion-781561091-label\" >\n\t\t\t\n\n<p class=\"p1\">Akceptujeme v\u0161etky hlavn\u00e9 kreditn\u00e9 karty, vr\u00e1tane Visa, Mastercard, Amex, Discover at\u010f. Poskytujeme aj platby z miestnej banky. Zobrazuj\u00fa sa na str\u00e1nke pokladne v z\u00e1vislosti od v\u00e1\u0161ho regi\u00f3nu.\u00a0<\/p>\n\n\t\t<\/div>\n\t<\/div>\n\t\n\t<div id=\"accordion-1802665214\" class=\"accordion-item\">\n\t\t<a id=\"accordion-1802665214-label\" class=\"accordion-title plain\" href=\"#accordion-item-how_fast_is_the_shipping?\" aria-expanded=\"false\" aria-controls=\"accordion-1802665214-content\" >\n\t\t\t<button class=\"toggle\" aria-label=\"Prepn\u00fa\u0165\"><i class=\"icon-angle-down\"><\/i><\/button>\n\t\t\t<span>Ak\u00e1 r\u00fdchla je preprava?<\/span>\n\t\t<\/a>\n\t\t<div id=\"accordion-1802665214-content\" class=\"accordion-inner\" aria-labelledby=\"accordion-1802665214-label\" >\n\t\t\t\n\n<p>V\u00e4\u010d\u0161ina na\u0161ich objedn\u00e1vok je doru\u010den\u00e1 pribli\u017ene do 3 a\u017e 7 pracovn\u00fdch dn\u00ed, ale ako viete, existuje mno\u017estvo premenn\u00fdch, ktor\u00e9 m\u00f4\u017eu ovplyvni\u0165 dodacie lehoty.<\/p>\n\n\t\t<\/div>\n\t<\/div>\n\t\n\t<div id=\"accordion-3031309230\" class=\"accordion-item\">\n\t\t<a id=\"accordion-3031309230-label\" class=\"accordion-title plain\" href=\"#accordion-item-how_can_i_track_my_order?\" aria-expanded=\"false\" aria-controls=\"accordion-3031309230-content\" >\n\t\t\t<button class=\"toggle\" aria-label=\"Prepn\u00fa\u0165\"><i class=\"icon-angle-down\"><\/i><\/button>\n\t\t\t<span>Ako m\u00f4\u017eem sledova\u0165 svoju objedn\u00e1vku?<\/span>\n\t\t<\/a>\n\t\t<div id=\"accordion-3031309230-content\" class=\"accordion-inner\" aria-labelledby=\"accordion-3031309230-label\" >\n\t\t\t\n\n<p>K\u00f3d sledovania bude poskytnut\u00fd po odoslan\u00ed bal\u00edka z n\u00e1\u0161ho skladu. Ak ch\u00fdba, kontaktujte n\u00e1\u0161 z\u00e1kazn\u00edcky servis.<\/p>\n\n\t\t<\/div>\n\t<\/div>\n\t\n\t<div id=\"accordion-706125672\" class=\"accordion-item\">\n\t\t<a id=\"accordion-706125672-label\" class=\"accordion-title plain\" href=\"#accordion-item-i_need_to_change_something_in_my_order\" aria-expanded=\"false\" aria-controls=\"accordion-706125672-content\" >\n\t\t\t<button class=\"toggle\" aria-label=\"Prepn\u00fa\u0165\"><i class=\"icon-angle-down\"><\/i><\/button>\n\t\t\t<span>Potrebujem nie\u010do zmeni\u0165 v objedn\u00e1vke<\/span>\n\t\t<\/a>\n\t\t<div id=\"accordion-706125672-content\" class=\"accordion-inner\" aria-labelledby=\"accordion-706125672-label\" >\n\t\t\t\n\n<p>M\u00f4\u017eeme vykona\u0165 zmeny vo va\u0161ej objedn\u00e1vke, ak objedn\u00e1vka e\u0161te nebola odoslan\u00e1.<br \/>\nKontaktujte n\u00e1s tu: www.decolights.eu\/contact<\/p>\n\n\t\t<\/div>\n\t<\/div>\n\t\n\t<div id=\"accordion-2988403042\" class=\"accordion-item\">\n\t\t<a id=\"accordion-2988403042-label\" class=\"accordion-title plain\" href=\"#accordion-item-i_want_to_return_my_order\" aria-expanded=\"false\" aria-controls=\"accordion-2988403042-content\" >\n\t\t\t<button class=\"toggle\" aria-label=\"Prepn\u00fa\u0165\"><i class=\"icon-angle-down\"><\/i><\/button>\n\t\t\t<span>Chcem vr\u00e1ti\u0165 objedn\u00e1vku<\/span>\n\t\t<\/a>\n\t\t<div id=\"accordion-2988403042-content\" class=\"accordion-inner\" aria-labelledby=\"accordion-2988403042-label\" >\n\t\t\t\n\n<p class=\"p1\">Tovar je mo\u017en\u00e9 vymeni\u0165 alebo vr\u00e1ti\u0165 do 14 dn\u00ed od prijatia produktu. Vr\u00e1tenie tovaru mus\u00ed by\u0165 ozn\u00e1men\u00e9 p\u00edsomne. M\u00f4\u017eete n\u00e1s kontaktova\u0165\u00a0<a href=\"https:\/\/decolights.eu\/sk\/contact\/\"><span class=\"s1\"><b>tu<\/b><\/span><\/a>.<\/p>\n<p class=\"p1\">Vr\u00e1ten\u00fd tovar mus\u00ed by\u0165 nepou\u017eit\u00fd, v p\u00f4vodnom obale a v rovnak\u00fdch podmienkach, v ak\u00fdch ho prevzal. N\u00e1klady na vr\u00e1tenie hrad\u00ed z\u00e1kazn\u00edk.<\/p>\n<p class=\"p2\"><span class=\"s2\">Pre\u010d\u00edtajte si viac tu:\u00a0<a href=\"https:\/\/decolights.eu\/sk\/returns\/\">https:\/\/decolights.eu\/returns\/<\/a><\/span><\/p>\n\n\t\t<\/div>\n\t<\/div>\n\t\n\t<div id=\"accordion-1394241426\" class=\"accordion-item\">\n\t\t<a id=\"accordion-1394241426-label\" class=\"accordion-title plain\" href=\"#accordion-item-my_product_arrived_with_a_defect,_what_should_i_do?\" aria-expanded=\"false\" aria-controls=\"accordion-1394241426-content\" >\n\t\t\t<button class=\"toggle\" aria-label=\"Prepn\u00fa\u0165\"><i class=\"icon-angle-down\"><\/i><\/button>\n\t\t\t<span>M\u00f4j produkt pri\u0161iel s chybou, \u010do m\u00e1m robi\u0165?<\/span>\n\t\t<\/a>\n\t\t<div id=\"accordion-1394241426-content\" class=\"accordion-inner\" aria-labelledby=\"accordion-1394241426-label\" >\n\t\t\t\n\n<p class=\"p1\">Radi v\u00e1m vymen\u00edme v\u00e1\u0161 produkt,<b>\u00a0<\/b>pozrite si pros\u00edm na\u0161e\u00a0<a href=\"https:\/\/decolights.eu\/sk\/returns\/\"><span class=\"s1\"><b>z\u00e1sady vr\u00e1tenia a v\u00fdmeny<\/b><\/span><\/a><\/p>\n\n\t\t<\/div>\n\t<\/div>\n\t\n\t<div id=\"accordion-2526958846\" class=\"accordion-item\">\n\t\t<a id=\"accordion-2526958846-label\" class=\"accordion-title plain\" href=\"#accordion-item-my_payment_failed\" aria-expanded=\"false\" aria-controls=\"accordion-2526958846-content\" >\n\t\t\t<button class=\"toggle\" aria-label=\"Prepn\u00fa\u0165\"><i class=\"icon-angle-down\"><\/i><\/button>\n\t\t\t<span>Moja platba zlyhala<\/span>\n\t\t<\/a>\n\t\t<div id=\"accordion-2526958846-content\" class=\"accordion-inner\" aria-labelledby=\"accordion-2526958846-label\" >\n\t\t\t\n\n<p class=\"p1\">Ak ste pri pokladni nezaplatili kreditnou kartou, m\u00f4\u017eete zaplati\u0165 prostredn\u00edctvom miestnej banky. Ak m\u00e1te \u010fal\u0161ie probl\u00e9my, kontaktujte z\u00e1kazn\u00edcku podporu a radi v\u00e1m pom\u00f4\u017eu.<\/p>\n\n\t\t<\/div>\n\t<\/div>\n\t\n\n<\/div>\n\n\t\t<\/div>\n\t\t\t\t\n<style>\n#col-1917579667 > .col-inner {\n  padding: 0px 5% 0px 5%;\n}\n<\/style>\n\t<\/div>\n\n\t\n\n<\/div>\n\t<div id=\"gap-902676102\" class=\"gap-element clearfix\" style=\"display:block; height:auto;\">\n\t\t\n<style>\n#gap-902676102 {\n  padding-top: 40px;\n}\n@media (min-width:550px) {\n  #gap-902676102 {\n    padding-top: 40px;\n  }\n}\n@media (min-width:850px) {\n  #gap-902676102 {\n    padding-top: 50px;\n  }\n}\n<\/style>\n\t<\/div>\n\t\n\n\n\t\t<\/div>\n\n\t\t\n<style>\n#section_322289613 {\n  padding-top: 30px;\n  padding-bottom: 30px;\n  background-color: rgb(255,255,255);\n}\n@media (min-width:550px) {\n  #section_322289613 {\n    padding-top: 30px;\n    padding-bottom: 30px;\n  }\n}\n@media (min-width:850px) {\n  #section_322289613 {\n    padding-top: 40px;\n    padding-bottom: 40px;\n  }\n}\n<\/style>\n\t<\/section>","protected":false},"excerpt":{"rendered":"","protected":false},"author":1,"featured_media":0,"parent":0,"menu_order":0,"comment_status":"closed","ping_status":"closed","template":"page-blank.php","meta":{"footnotes":""},"class_list":["post-2047","page","type-page","status-publish","hentry"],"yoast_head":"<!-- This site is optimized with the Yoast SEO plugin v27.3 - https:\/\/yoast.com\/product\/yoast-seo-wordpress\/ -->\n<title>FAQs Page - Decolights.eu<\/title>\n<meta name=\"description\" content=\"Decolights.eu Help &amp; FAQ Page. All product pages have a FAQ tab, you can email we are more than happy to help you.\" \/>\n<meta name=\"robots\" content=\"index, follow, max-snippet:-1, max-image-preview:large, max-video-preview:-1\" \/>\n<link rel=\"canonical\" href=\"https:\/\/decolights.eu\/sk\/faq\/\" \/>\n<meta property=\"og:locale\" content=\"sk_SK\" \/>\n<meta property=\"og:type\" content=\"article\" \/>\n<meta property=\"og:title\" content=\"FAQs Page - Decolights.eu\" \/>\n<meta property=\"og:description\" content=\"Decolights.eu Help &amp; FAQ Page. All product pages have a FAQ tab, you can email we are more than happy to help you.\" \/>\n<meta property=\"og:url\" content=\"https:\/\/decolights.eu\/sk\/faq\/\" \/>\n<meta property=\"og:site_name\" content=\"Decolights.eu\" \/>\n<meta property=\"article:modified_time\" content=\"2023-07-26T18:32:17+00:00\" \/>\n<meta property=\"og:image\" content=\"https:\/\/decolights.eu\/wp-content\/uploads\/2023\/07\/DecoLights-yoast-logo.jpg\" \/>\n\t<meta property=\"og:image:width\" content=\"1200\" \/>\n\t<meta property=\"og:image:height\" content=\"675\" \/>\n\t<meta property=\"og:image:type\" content=\"image\/jpeg\" \/>\n<meta name=\"twitter:card\" content=\"summary_large_image\" \/>\n<meta name=\"twitter:label1\" content=\"Predpokladan\u00fd \u010das \u010d\u00edtania\" \/>\n\t<meta name=\"twitter:data1\" content=\"2 min\u00faty\" \/>\n<script type=\"application\/ld+json\" class=\"yoast-schema-graph\">{\"@context\":\"https:\\\/\\\/schema.org\",\"@graph\":[{\"@type\":\"WebPage\",\"@id\":\"https:\\\/\\\/decolights.eu\\\/faq\\\/\",\"url\":\"https:\\\/\\\/decolights.eu\\\/faq\\\/\",\"name\":\"FAQs Page - Decolights.eu\",\"isPartOf\":{\"@id\":\"https:\\\/\\\/decolights.eu\\\/#website\"},\"datePublished\":\"2019-09-04T10:49:16+00:00\",\"dateModified\":\"2023-07-26T18:32:17+00:00\",\"description\":\"Decolights.eu Help & FAQ Page. All product pages have a FAQ tab, you can email we are more than happy to help you.\",\"inLanguage\":\"sk-SK\",\"potentialAction\":[{\"@type\":\"ReadAction\",\"target\":[\"https:\\\/\\\/decolights.eu\\\/faq\\\/\"]}]},{\"@type\":\"WebSite\",\"@id\":\"https:\\\/\\\/decolights.eu\\\/#website\",\"url\":\"https:\\\/\\\/decolights.eu\\\/\",\"name\":\"decolights\",\"description\":\"Led Decorations for Home and Garden\",\"publisher\":{\"@id\":\"https:\\\/\\\/decolights.eu\\\/#organization\"},\"alternateName\":\"decolights.eu\",\"potentialAction\":[{\"@type\":\"SearchAction\",\"target\":{\"@type\":\"EntryPoint\",\"urlTemplate\":\"https:\\\/\\\/decolights.eu\\\/?s={search_term_string}\"},\"query-input\":{\"@type\":\"PropertyValueSpecification\",\"valueRequired\":true,\"valueName\":\"search_term_string\"}}],\"inLanguage\":\"sk-SK\"},{\"@type\":\"Organization\",\"@id\":\"https:\\\/\\\/decolights.eu\\\/#organization\",\"name\":\"decolights\",\"url\":\"https:\\\/\\\/decolights.eu\\\/\",\"logo\":{\"@type\":\"ImageObject\",\"inLanguage\":\"sk-SK\",\"@id\":\"https:\\\/\\\/decolights.eu\\\/#\\\/schema\\\/logo\\\/image\\\/\",\"url\":\"https:\\\/\\\/decolights.eu\\\/wp-content\\\/uploads\\\/2023\\\/07\\\/cropped-decolight-siteicon.png\",\"contentUrl\":\"https:\\\/\\\/decolights.eu\\\/wp-content\\\/uploads\\\/2023\\\/07\\\/cropped-decolight-siteicon.png\",\"width\":512,\"height\":512,\"caption\":\"decolights\"},\"image\":{\"@id\":\"https:\\\/\\\/decolights.eu\\\/#\\\/schema\\\/logo\\\/image\\\/\"}}]}<\/script>\n<!-- \/ Yoast SEO plugin. -->","yoast_head_json":{"title":"Str\u00e1nka \u010dasto kladen\u00fdch ot\u00e1zok - Decolights.eu","description":"Str\u00e1nka pomocn\u00edka a \u010dasto kladen\u00fdch ot\u00e1zok Decolights.eu. V\u0161etky produktov\u00e9 str\u00e1nky maj\u00fa z\u00e1lo\u017eku FAQ, m\u00f4\u017eete n\u00e1m posla\u0165 e-mail, my v\u00e1m radi pom\u00f4\u017eeme.","robots":{"index":"index","follow":"follow","max-snippet":"max-snippet:-1","max-image-preview":"max-image-preview:large","max-video-preview":"max-video-preview:-1"},"canonical":"https:\/\/decolights.eu\/sk\/faq\/","og_locale":"sk_SK","og_type":"article","og_title":"FAQs Page - Decolights.eu","og_description":"Decolights.eu Help & FAQ Page. All product pages have a FAQ tab, you can email we are more than happy to help you.","og_url":"https:\/\/decolights.eu\/sk\/faq\/","og_site_name":"Decolights.eu","article_modified_time":"2023-07-26T18:32:17+00:00","og_image":[{"width":1200,"height":675,"url":"https:\/\/decolights.eu\/wp-content\/uploads\/2023\/07\/DecoLights-yoast-logo.jpg","type":"image\/jpeg"}],"twitter_card":"summary_large_image","twitter_misc":{"Predpokladan\u00fd \u010das \u010d\u00edtania":"2 min\u00faty"},"schema":{"@context":"https:\/\/schema.org","@graph":[{"@type":"WebPage","@id":"https:\/\/decolights.eu\/faq\/","url":"https:\/\/decolights.eu\/faq\/","name":"Str\u00e1nka \u010dasto kladen\u00fdch ot\u00e1zok - Decolights.eu","isPartOf":{"@id":"https:\/\/decolights.eu\/#website"},"datePublished":"2019-09-04T10:49:16+00:00","dateModified":"2023-07-26T18:32:17+00:00","description":"Str\u00e1nka pomocn\u00edka a \u010dasto kladen\u00fdch ot\u00e1zok Decolights.eu. V\u0161etky produktov\u00e9 str\u00e1nky maj\u00fa z\u00e1lo\u017eku FAQ, m\u00f4\u017eete n\u00e1m posla\u0165 e-mail, my v\u00e1m radi pom\u00f4\u017eeme.","inLanguage":"sk-SK","potentialAction":[{"@type":"ReadAction","target":["https:\/\/decolights.eu\/faq\/"]}]},{"@type":"WebSite","@id":"https:\/\/decolights.eu\/#website","url":"https:\/\/decolights.eu\/","name":"decolights","description":"Led dekor\u00e1cie pre dom a z\u00e1hradu","publisher":{"@id":"https:\/\/decolights.eu\/#organization"},"alternateName":"decolights.eu","potentialAction":[{"@type":"SearchAction","target":{"@type":"EntryPoint","urlTemplate":"https:\/\/decolights.eu\/?s={search_term_string}"},"query-input":{"@type":"PropertyValueSpecification","valueRequired":true,"valueName":"search_term_string"}}],"inLanguage":"sk-SK"},{"@type":"Organization","@id":"https:\/\/decolights.eu\/#organization","name":"decolights","url":"https:\/\/decolights.eu\/","logo":{"@type":"ImageObject","inLanguage":"sk-SK","@id":"https:\/\/decolights.eu\/#\/schema\/logo\/image\/","url":"https:\/\/decolights.eu\/wp-content\/uploads\/2023\/07\/cropped-decolight-siteicon.png","contentUrl":"https:\/\/decolights.eu\/wp-content\/uploads\/2023\/07\/cropped-decolight-siteicon.png","width":512,"height":512,"caption":"decolights"},"image":{"@id":"https:\/\/decolights.eu\/#\/schema\/logo\/image\/"}}]}},"jetpack_sharing_enabled":true,"_links":{"self":[{"href":"https:\/\/decolights.eu\/sk\/wp-json\/wp\/v2\/pages\/2047","targetHints":{"allow":["GET"]}}],"collection":[{"href":"https:\/\/decolights.eu\/sk\/wp-json\/wp\/v2\/pages"}],"about":[{"href":"https:\/\/decolights.eu\/sk\/wp-json\/wp\/v2\/types\/page"}],"author":[{"embeddable":true,"href":"https:\/\/decolights.eu\/sk\/wp-json\/wp\/v2\/users\/1"}],"replies":[{"embeddable":true,"href":"https:\/\/decolights.eu\/sk\/wp-json\/wp\/v2\/comments?post=2047"}],"version-history":[{"count":0,"href":"https:\/\/decolights.eu\/sk\/wp-json\/wp\/v2\/pages\/2047\/revisions"}],"wp:attachment":[{"href":"https:\/\/decolights.eu\/sk\/wp-json\/wp\/v2\/media?parent=2047"}],"curies":[{"name":"wp","href":"https:\/\/api.w.org\/{rel}","templated":true}]}}