{"id":2911,"date":"2020-01-20T14:45:09","date_gmt":"2020-01-20T14:45:09","guid":{"rendered":"http:\/\/impreza15.us-themes.com\/?page_id=2911"},"modified":"2023-07-27T15:28:34","modified_gmt":"2023-07-27T15:28:34","slug":"returns","status":"publish","type":"page","link":"https:\/\/decolights.eu\/sk\/returns\/","title":{"rendered":"N\u00e1vraty"},"content":{"rendered":"<section class=\"section\" id=\"section_557782575\">\n\t\t<div class=\"bg section-bg fill bg-fill\" >\n\n\t\t\t\n\t\t\t\n\t\t\t\n\n\t\t<\/div>\n\n\t\t\n\n\t\t<div class=\"section-content relative\">\n\t\t\t\n\n<div class=\"row row-collapse\"  id=\"row-1665731446\">\n\n\n\t<div id=\"col-61446826\" class=\"col small-12 large-12\"  >\n\t\t\t\t<div class=\"col-inner\"  >\n\t\t\t\n\t\t\t\n\n\t<div id=\"text-1787570305\" class=\"text\">\n\t\t\n\n<h2><strong>N\u00e1vrat<\/strong><\/h2>\n\n\t\t\n<style>\n#text-1787570305 {\n  font-size: 2rem;\n  text-align: center;\n  color: rgb(255,255,255);\n}\n#text-1787570305 > * {\n  color: rgb(255,255,255);\n}\n<\/style>\n\t<\/div>\n\t\n\n\t\t<\/div>\n\t\t\t\t\n<style>\n#col-61446826 > .col-inner {\n  margin: 0px 0px -10px 0px;\n}\n<\/style>\n\t<\/div>\n\n\t\n\n<\/div>\n\n\t\t<\/div>\n\n\t\t\n<style>\n#section_557782575 {\n  padding-top: 30px;\n  padding-bottom: 30px;\n  background-color: rgb(0,0,0);\n}\n#section_557782575 .section-bg.bg-loaded {\n  background-image: url(https:\/\/decolights.eu\/wp-content\/uploads\/2023\/07\/decolights-shop-banner-black-new-scaled.jpg);\n}\n<\/style>\n\t<\/section>\n\t\n\t<section class=\"section\" id=\"section_727717823\">\n\t\t<div class=\"bg section-bg fill bg-fill  bg-loaded\" >\n\n\t\t\t\n\t\t\t\n\t\t\t\n\n\t\t<\/div>\n\n\t\t\n\n\t\t<div class=\"section-content relative\">\n\t\t\t\n\n<div class=\"row row-small\"  id=\"row-1457790180\">\n\n\n\t<div id=\"col-1279065529\" class=\"col small-12 large-12\"  >\n\t\t\t\t<div class=\"col-inner\"  >\n\t\t\t\n\t\t\t\n\n\t<div id=\"text-1365839823\" class=\"text\">\n\t\t\n\n<h2><strong>Ako vyda\u0165 n\u00e1vratku<\/strong><\/h2>\n<ol>\n<li>Vypl\u0148te v\u0161etky polia formul\u00e1ra \u017eiadosti o vr\u00e1tenie na na\u0161ej str\u00e1nke (n\u00e1jdete ich na konci str\u00e1nky)<\/li>\n<li>Uve\u010fte objedn\u00e1vku a \u010d\u00edslo polo\u017eky<\/li>\n<li>O \u010fal\u0161om postupe V\u00e1s budeme informova\u0165 e-mailom<\/li>\n<\/ol>\n<h2>Vr\u00e1tenie kvalitn\u00e9ho tovaru<\/h2>\n<p>Za vr\u00e1tenie kvalitn\u00e9ho tovaru kompenzujeme iba n\u00e1klady na tovar. Poplatky za doru\u010denie sa nekompenzuj\u00fa. To ist\u00e9 plat\u00ed pre \u010diasto\u010dn\u00e9 vr\u00e1tenie kvalitn\u00e9ho tovaru \u2013 poplatky za doru\u010denie tie\u017e nebud\u00fa kompenzovan\u00e9.<\/p>\n<p>Polo\u017eku alebo cel\u00fa objedn\u00e1vku m\u00f4\u017eete vr\u00e1ti\u0165, ak sp\u013a\u0148a ni\u017e\u0161ie uveden\u00e9 po\u017eiadavky:<\/p>\n<ul>\n<li>Polo\u017eka (polo\u017eky) a ich balenie by sa mali ulo\u017ei\u0165 v p\u00f4vodnom stave<\/li>\n<li>Potvrdenie v\u00e1\u0161ho n\u00e1kupu a jeho podmienky<\/li>\n<li>\u017diados\u0165 o vr\u00e1tenie je potrebn\u00e9 poda\u0165 do 14 dn\u00ed od n\u00e1kupu.<\/li>\n<\/ul>\n<h2>Vr\u00e1tenie chybn\u00e9ho tovaru<\/h2>\n<p>Chybn\u00fd tovar m\u00f4\u017eete vr\u00e1ti\u0165 s plnou refund\u00e1ciou ceny objedn\u00e1vky a n\u00e1kladov na dopravu. V pr\u00edpade \u010diasto\u010dn\u00e9ho vr\u00e1tenia sa n\u00e1klady na dopravu nekompenzuj\u00fa.<\/p>\n<p>Tovar pova\u017eujeme za chybn\u00fd, ak sp\u013a\u0148a jednu z nasleduj\u00facich podmienok: polo\u017eky s nespr\u00e1vnym v\u00fdrobkom, farbou, \u0161t\u00fdlom, kvalitou, ve\u013ekos\u0165ou. Rozdiely v rozlo\u017een\u00ed a dizajnov\u00fdch prvkoch nebud\u00fa pova\u017eovan\u00e9 za indik\u00e1tor nekvalitn\u00e9ho produktu.<\/p>\n<p>Vr\u00e1tenie pe\u0148az\u00ed sa uskuto\u010dn\u00ed do 7 pracovn\u00fdch dn\u00ed od chv\u00edle, ke\u010f dostaneme vr\u00e1ten\u00fd produkt, dostanete pr\u00edslu\u0161n\u00e9 e-mailov\u00e9 upozornenie. Ak d\u00f4jde k vr\u00e1teniu pe\u0148az\u00ed na bankov\u00fd \u00fa\u010det, lehota na vr\u00e1tenie sa m\u00f4\u017ee pred\u013a\u017ei\u0165 v d\u00f4sledku podmienok banky o spracovan\u00ed platieb. Podrobnosti v\u00e1m poskytne va\u0161a banka.<\/p>\n\t\t\n<style>\n#text-1365839823 {\n  color: rgb(0,0,0);\n}\n#text-1365839823 > * {\n  color: rgb(0,0,0);\n}\n<\/style>\n\t<\/div>\n\t\n\n\t\t<\/div>\n\t\t\t\t\t<\/div>\n\n\t\n\n<\/div>\n\n\t\t<\/div>\n\n\t\t\n<style>\n#section_727717823 {\n  padding-top: 40px;\n  padding-bottom: 40px;\n  background-color: rgb(255,255,255);\n}\n<\/style>\n\t<\/section>","protected":false},"excerpt":{"rendered":"","protected":false},"author":1,"featured_media":0,"parent":0,"menu_order":0,"comment_status":"closed","ping_status":"closed","template":"page-blank.php","meta":{"footnotes":""},"class_list":["post-2911","page","type-page","status-publish","hentry"],"yoast_head":"<!-- This site is optimized with the Yoast SEO plugin v27.3 - https:\/\/yoast.com\/product\/yoast-seo-wordpress\/ -->\n<title>Returns - Decolights.eu<\/title>\n<meta name=\"description\" content=\"Visit this page to read about the refunds policy. The page contains information about return of low-quality and defective products.\" \/>\n<meta name=\"robots\" content=\"index, follow, max-snippet:-1, max-image-preview:large, max-video-preview:-1\" \/>\n<link rel=\"canonical\" href=\"https:\/\/decolights.eu\/sk\/returns\/\" \/>\n<meta property=\"og:locale\" content=\"sk_SK\" \/>\n<meta property=\"og:type\" content=\"article\" \/>\n<meta property=\"og:title\" content=\"Returns - Decolights.eu\" \/>\n<meta property=\"og:description\" content=\"Visit this page to read about the refunds policy. The page contains information about return of low-quality and defective products.\" \/>\n<meta property=\"og:url\" content=\"https:\/\/decolights.eu\/sk\/returns\/\" \/>\n<meta property=\"og:site_name\" content=\"Decolights.eu\" \/>\n<meta property=\"article:modified_time\" content=\"2023-07-27T15:28:34+00:00\" \/>\n<meta property=\"og:image\" content=\"https:\/\/decolights.eu\/wp-content\/uploads\/2023\/07\/DecoLights-yoast-logo.jpg\" \/>\n\t<meta property=\"og:image:width\" content=\"1200\" \/>\n\t<meta property=\"og:image:height\" content=\"675\" \/>\n\t<meta property=\"og:image:type\" content=\"image\/jpeg\" \/>\n<meta name=\"twitter:card\" content=\"summary_large_image\" \/>\n<meta name=\"twitter:label1\" content=\"Predpokladan\u00fd \u010das \u010d\u00edtania\" \/>\n\t<meta name=\"twitter:data1\" content=\"2 min\u00faty\" \/>\n<script type=\"application\/ld+json\" class=\"yoast-schema-graph\">{\"@context\":\"https:\\\/\\\/schema.org\",\"@graph\":[{\"@type\":\"WebPage\",\"@id\":\"https:\\\/\\\/decolights.eu\\\/returns\\\/\",\"url\":\"https:\\\/\\\/decolights.eu\\\/returns\\\/\",\"name\":\"Returns - Decolights.eu\",\"isPartOf\":{\"@id\":\"https:\\\/\\\/decolights.eu\\\/#website\"},\"datePublished\":\"2020-01-20T14:45:09+00:00\",\"dateModified\":\"2023-07-27T15:28:34+00:00\",\"description\":\"Visit this page to read about the refunds policy. The page contains information about return of low-quality and defective products.\",\"inLanguage\":\"sk-SK\",\"potentialAction\":[{\"@type\":\"ReadAction\",\"target\":[\"https:\\\/\\\/decolights.eu\\\/returns\\\/\"]}]},{\"@type\":\"WebSite\",\"@id\":\"https:\\\/\\\/decolights.eu\\\/#website\",\"url\":\"https:\\\/\\\/decolights.eu\\\/\",\"name\":\"decolights\",\"description\":\"Led Decorations for Home and Garden\",\"publisher\":{\"@id\":\"https:\\\/\\\/decolights.eu\\\/#organization\"},\"alternateName\":\"decolights.eu\",\"potentialAction\":[{\"@type\":\"SearchAction\",\"target\":{\"@type\":\"EntryPoint\",\"urlTemplate\":\"https:\\\/\\\/decolights.eu\\\/?s={search_term_string}\"},\"query-input\":{\"@type\":\"PropertyValueSpecification\",\"valueRequired\":true,\"valueName\":\"search_term_string\"}}],\"inLanguage\":\"sk-SK\"},{\"@type\":\"Organization\",\"@id\":\"https:\\\/\\\/decolights.eu\\\/#organization\",\"name\":\"decolights\",\"url\":\"https:\\\/\\\/decolights.eu\\\/\",\"logo\":{\"@type\":\"ImageObject\",\"inLanguage\":\"sk-SK\",\"@id\":\"https:\\\/\\\/decolights.eu\\\/#\\\/schema\\\/logo\\\/image\\\/\",\"url\":\"https:\\\/\\\/decolights.eu\\\/wp-content\\\/uploads\\\/2023\\\/07\\\/cropped-decolight-siteicon.png\",\"contentUrl\":\"https:\\\/\\\/decolights.eu\\\/wp-content\\\/uploads\\\/2023\\\/07\\\/cropped-decolight-siteicon.png\",\"width\":512,\"height\":512,\"caption\":\"decolights\"},\"image\":{\"@id\":\"https:\\\/\\\/decolights.eu\\\/#\\\/schema\\\/logo\\\/image\\\/\"}}]}<\/script>\n<!-- \/ Yoast SEO plugin. -->","yoast_head_json":{"title":"Vr\u00e1tenie tovaru - Decolights.eu","description":"Nav\u0161t\u00edvte t\u00fato str\u00e1nku a pre\u010d\u00edtajte si o pravidl\u00e1ch vr\u00e1tenia pe\u0148az\u00ed. Str\u00e1nka obsahuje inform\u00e1cie o vr\u00e1ten\u00ed nekvalitn\u00fdch a chybn\u00fdch produktov.","robots":{"index":"index","follow":"follow","max-snippet":"max-snippet:-1","max-image-preview":"max-image-preview:large","max-video-preview":"max-video-preview:-1"},"canonical":"https:\/\/decolights.eu\/sk\/returns\/","og_locale":"sk_SK","og_type":"article","og_title":"Returns - Decolights.eu","og_description":"Visit this page to read about the refunds policy. The page contains information about return of low-quality and defective products.","og_url":"https:\/\/decolights.eu\/sk\/returns\/","og_site_name":"Decolights.eu","article_modified_time":"2023-07-27T15:28:34+00:00","og_image":[{"width":1200,"height":675,"url":"https:\/\/decolights.eu\/wp-content\/uploads\/2023\/07\/DecoLights-yoast-logo.jpg","type":"image\/jpeg"}],"twitter_card":"summary_large_image","twitter_misc":{"Predpokladan\u00fd \u010das \u010d\u00edtania":"2 min\u00faty"},"schema":{"@context":"https:\/\/schema.org","@graph":[{"@type":"WebPage","@id":"https:\/\/decolights.eu\/returns\/","url":"https:\/\/decolights.eu\/returns\/","name":"Vr\u00e1tenie tovaru - Decolights.eu","isPartOf":{"@id":"https:\/\/decolights.eu\/#website"},"datePublished":"2020-01-20T14:45:09+00:00","dateModified":"2023-07-27T15:28:34+00:00","description":"Nav\u0161t\u00edvte t\u00fato str\u00e1nku a pre\u010d\u00edtajte si o pravidl\u00e1ch vr\u00e1tenia pe\u0148az\u00ed. Str\u00e1nka obsahuje inform\u00e1cie o vr\u00e1ten\u00ed nekvalitn\u00fdch a chybn\u00fdch produktov.","inLanguage":"sk-SK","potentialAction":[{"@type":"ReadAction","target":["https:\/\/decolights.eu\/returns\/"]}]},{"@type":"WebSite","@id":"https:\/\/decolights.eu\/#website","url":"https:\/\/decolights.eu\/","name":"decolights","description":"Led dekor\u00e1cie pre dom a z\u00e1hradu","publisher":{"@id":"https:\/\/decolights.eu\/#organization"},"alternateName":"decolights.eu","potentialAction":[{"@type":"SearchAction","target":{"@type":"EntryPoint","urlTemplate":"https:\/\/decolights.eu\/?s={search_term_string}"},"query-input":{"@type":"PropertyValueSpecification","valueRequired":true,"valueName":"search_term_string"}}],"inLanguage":"sk-SK"},{"@type":"Organization","@id":"https:\/\/decolights.eu\/#organization","name":"decolights","url":"https:\/\/decolights.eu\/","logo":{"@type":"ImageObject","inLanguage":"sk-SK","@id":"https:\/\/decolights.eu\/#\/schema\/logo\/image\/","url":"https:\/\/decolights.eu\/wp-content\/uploads\/2023\/07\/cropped-decolight-siteicon.png","contentUrl":"https:\/\/decolights.eu\/wp-content\/uploads\/2023\/07\/cropped-decolight-siteicon.png","width":512,"height":512,"caption":"decolights"},"image":{"@id":"https:\/\/decolights.eu\/#\/schema\/logo\/image\/"}}]}},"jetpack_sharing_enabled":true,"_links":{"self":[{"href":"https:\/\/decolights.eu\/sk\/wp-json\/wp\/v2\/pages\/2911","targetHints":{"allow":["GET"]}}],"collection":[{"href":"https:\/\/decolights.eu\/sk\/wp-json\/wp\/v2\/pages"}],"about":[{"href":"https:\/\/decolights.eu\/sk\/wp-json\/wp\/v2\/types\/page"}],"author":[{"embeddable":true,"href":"https:\/\/decolights.eu\/sk\/wp-json\/wp\/v2\/users\/1"}],"replies":[{"embeddable":true,"href":"https:\/\/decolights.eu\/sk\/wp-json\/wp\/v2\/comments?post=2911"}],"version-history":[{"count":0,"href":"https:\/\/decolights.eu\/sk\/wp-json\/wp\/v2\/pages\/2911\/revisions"}],"wp:attachment":[{"href":"https:\/\/decolights.eu\/sk\/wp-json\/wp\/v2\/media?parent=2911"}],"curies":[{"name":"wp","href":"https:\/\/api.w.org\/{rel}","templated":true}]}}