{"id":540,"date":"2016-08-31T12:38:04","date_gmt":"2016-08-31T12:38:04","guid":{"rendered":"http:\/\/impreza9.us-themes.com\/?page_id=540"},"modified":"2023-07-26T18:40:20","modified_gmt":"2023-07-26T18:40:20","slug":"about","status":"publish","type":"page","link":"https:\/\/decolights.eu\/sk\/about\/","title":{"rendered":"O n\u00e1s"},"content":{"rendered":"<section class=\"section\" id=\"section_1230092697\">\n\t\t<div class=\"bg section-bg fill bg-fill\" >\n\n\t\t\t\n\t\t\t\n\t\t\t\n\n\t\t<\/div>\n\n\t\t\n\n\t\t<div class=\"section-content relative\">\n\t\t\t\n\n<div class=\"row row-collapse\"  id=\"row-113451025\">\n\n\n\t<div id=\"col-853645341\" class=\"col small-12 large-12\"  >\n\t\t\t\t<div class=\"col-inner\"  >\n\t\t\t\n\t\t\t\n\n\t<div id=\"text-810205585\" class=\"text\">\n\t\t\n\n<h2><strong>O n\u00e1s<\/strong><\/h2>\n\t\t\n<style>\n#text-810205585 {\n  font-size: 2rem;\n  text-align: center;\n  color: rgb(255,255,255);\n}\n#text-810205585 > * {\n  color: rgb(255,255,255);\n}\n<\/style>\n\t<\/div>\n\t\n\n\t\t<\/div>\n\t\t\t\t\n<style>\n#col-853645341 > .col-inner {\n  margin: 0px 0px -10px 0px;\n}\n<\/style>\n\t<\/div>\n\n\t\n\n<\/div>\n\n\t\t<\/div>\n\n\t\t\n<style>\n#section_1230092697 {\n  padding-top: 30px;\n  padding-bottom: 30px;\n  background-color: rgb(0,0,0);\n}\n#section_1230092697 .section-bg.bg-loaded {\n  background-image: url(https:\/\/decolights.eu\/wp-content\/uploads\/2023\/07\/decolights-shop-banner-black-new-scaled.jpg);\n}\n<\/style>\n\t<\/section>\n\t\n\t<section class=\"section\" id=\"section_817769084\">\n\t\t<div class=\"bg section-bg fill bg-fill  bg-loaded\" >\n\n\t\t\t\n\t\t\t\n\t\t\t\n\n\t\t<\/div>\n\n\t\t\n\n\t\t<div class=\"section-content relative\">\n\t\t\t\n\n<div class=\"row row-collapse align-middle align-center\"  id=\"row-1419327758\">\n\n\n\t<div id=\"col-2082829955\" class=\"col medium-6 small-12 large-6\"  >\n\t\t\t\t<div class=\"col-inner\"  >\n\t\t\t\n\t\t\t\n\n\t<div id=\"text-2701721588\" class=\"text\">\n\t\t\n\n<h2 style=\"text-align: left;\"><strong>Kto sme<\/strong><\/h2>\n\t\t\n<style>\n#text-2701721588 {\n  font-size: 1.55rem;\n}\n<\/style>\n\t<\/div>\n\t\n<p>Vitajte v na\u0161om sl\u00e1vnostnom a \u00fatulnom internetovom obchode! Sme t\u00edm zanieten\u00fdch jednotlivcov, ktor\u00ed s\u00fa odhodlan\u00ed prinies\u0165 k\u00fazlo dovolenkovej sez\u00f3ny a pohodu na letn\u00e9 ve\u010dery u v\u00e1s doma a na terase. Na\u0161a kolekcia produktov viano\u010dn\u00e9ho a letn\u00e9ho osvetlenia je starostlivo upraven\u00e1, aby ste mali pr\u00edstup k najlep\u0161\u00edm a najjedine\u010dnej\u0161\u00edm dostupn\u00fdm mo\u017enostiam osvetlenia.<\/p>\n<p>V na\u0161ej predajni ver\u00edme, \u017ee spr\u00e1vne osvetlenie dok\u00e1\u017ee premeni\u0165 ka\u017ed\u00fd priestor na tepl\u00e9 a pr\u00edjemn\u00e9 prostredie. \u010ci u\u017e h\u013ead\u00e1te klasick\u00e9 re\u0165azov\u00e9 svetl\u00e1, fest\u00f3nov\u00e9 svetl\u00e1, rozpr\u00e1vkov\u00e9 svetl\u00e1, farebn\u00e9 LED svetl\u00e1 alebo nie\u010do trochu jedine\u010dnej\u0161ie, pre ka\u017ed\u00e9ho m\u00e1me nie\u010do.<\/p>\n<p>N\u00e1\u0161 t\u00edm sa zaviazal poskytova\u0165 v\u00fdnimo\u010dn\u00e9 slu\u017eby z\u00e1kazn\u00edkom a zabezpe\u010di\u0165 bezprobl\u00e9mov\u00e9 nakupovanie. Ch\u00e1peme, \u017ee dovolenkov\u00e9 obdobie m\u00f4\u017ee by\u0165 stresuj\u00face, a preto sa sna\u017e\u00edme, aby bol v\u00e1\u0161 z\u00e1\u017eitok z nakupovania \u010do najjednoduch\u0161\u00ed a najpr\u00edjemnej\u0161\u00ed.<\/p>\n\n\t\t<\/div>\n\t\t\t\t\n<style>\n#col-2082829955 > .col-inner {\n  padding: 20px 20px 20px 20px;\n}\n<\/style>\n\t<\/div>\n\n\t\n\n\t<div id=\"col-1303684720\" class=\"col medium-5 small-12 large-5 small-col-first\"  >\n\t\t\t\t<div class=\"col-inner\"  >\n\t\t\t\n\t\t\t\n\n\t<div class=\"img has-hover x md-x lg-x y md-y lg-y\" id=\"image_2008058868\">\n\t\t\t\t\t\t\t\t<div class=\"img-inner dark\" >\n\t\t\t<img loading=\"lazy\" decoding=\"async\" width=\"800\" height=\"800\" src=\"https:\/\/decolights.eu\/wp-content\/uploads\/2023\/05\/img_5382.jpeg\" class=\"attachment-original size-original\" alt=\"\" srcset=\"https:\/\/decolights.eu\/wp-content\/uploads\/2023\/05\/img_5382.jpeg 800w, https:\/\/decolights.eu\/wp-content\/uploads\/2023\/05\/img_5382-100x100.jpeg 100w, https:\/\/decolights.eu\/wp-content\/uploads\/2023\/05\/img_5382-510x510.jpeg 510w, https:\/\/decolights.eu\/wp-content\/uploads\/2023\/05\/img_5382-400x400.jpeg 400w, https:\/\/decolights.eu\/wp-content\/uploads\/2023\/05\/img_5382-280x280.jpeg 280w, https:\/\/decolights.eu\/wp-content\/uploads\/2023\/05\/img_5382-12x12.jpeg 12w, https:\/\/decolights.eu\/wp-content\/uploads\/2023\/05\/img_5382-50x50.jpeg 50w\" sizes=\"auto, (max-width: 800px) 100vw, 800px\" \/>\t\t\t\t\t\t\n\t\t\t\t\t<\/div>\n\t\t\t\t\t\t\t\t\n<style>\n#image_2008058868 {\n  width: 100%;\n}\n<\/style>\n\t<\/div>\n\t\n\n\n\t\t<\/div>\n\t\t\t\t\n<style>\n#col-1303684720 > .col-inner {\n  padding: 0px 20px 0px 20px;\n}\n<\/style>\n\t<\/div>\n\n\t\n\n<\/div>\n\t<div id=\"gap-1473505177\" class=\"gap-element clearfix\" style=\"display:block; height:auto;\">\n\t\t\n<style>\n#gap-1473505177 {\n  padding-top: 30px;\n}\n@media (min-width:550px) {\n  #gap-1473505177 {\n    padding-top: 20px;\n  }\n}\n@media (min-width:850px) {\n  #gap-1473505177 {\n    padding-top: 30px;\n  }\n}\n<\/style>\n\t<\/div>\n\t\n\n<div class=\"row row-collapse align-middle align-center\"  id=\"row-1265569501\">\n\n\n\t<div id=\"col-1124810484\" class=\"col medium-5 small-12 large-5\"  >\n\t\t\t\t<div class=\"col-inner\"  >\n\t\t\t\n\t\t\t\n\n\t<div class=\"img has-hover x md-x lg-x y md-y lg-y\" id=\"image_1057941982\">\n\t\t\t\t\t\t\t\t<div class=\"img-inner dark\" >\n\t\t\t<img loading=\"lazy\" decoding=\"async\" width=\"1200\" height=\"1200\" src=\"https:\/\/decolights.eu\/wp-content\/uploads\/2023\/05\/PRO-string-lights-multi-3.jpeg\" class=\"attachment-original size-original\" alt=\"\" srcset=\"https:\/\/decolights.eu\/wp-content\/uploads\/2023\/05\/PRO-string-lights-multi-3.jpeg 1200w, https:\/\/decolights.eu\/wp-content\/uploads\/2023\/05\/PRO-string-lights-multi-3-100x100.jpeg 100w, https:\/\/decolights.eu\/wp-content\/uploads\/2023\/05\/PRO-string-lights-multi-3-800x800.jpeg 800w, https:\/\/decolights.eu\/wp-content\/uploads\/2023\/05\/PRO-string-lights-multi-3-400x400.jpeg 400w, https:\/\/decolights.eu\/wp-content\/uploads\/2023\/05\/PRO-string-lights-multi-3-280x280.jpeg 280w, https:\/\/decolights.eu\/wp-content\/uploads\/2023\/05\/PRO-string-lights-multi-3-12x12.jpeg 12w, https:\/\/decolights.eu\/wp-content\/uploads\/2023\/05\/PRO-string-lights-multi-3-50x50.jpeg 50w\" sizes=\"auto, (max-width: 1200px) 100vw, 1200px\" \/>\t\t\t\t\t\t\n\t\t\t\t\t<\/div>\n\t\t\t\t\t\t\t\t\n<style>\n#image_1057941982 {\n  width: 100%;\n}\n<\/style>\n\t<\/div>\n\t\n\n\n\t\t<\/div>\n\t\t\t\t\n<style>\n#col-1124810484 > .col-inner {\n  padding: 0px 20px 0px 20px;\n}\n<\/style>\n\t<\/div>\n\n\t\n\n\t<div id=\"col-151167216\" class=\"col medium-6 small-12 large-6\"  >\n\t\t\t\t<div class=\"col-inner\"  >\n\t\t\t\n\t\t\t\n\n\t<div id=\"text-1219528674\" class=\"text\">\n\t\t\n\n<h2 style=\"text-align: left;\"><strong>Na\u0161e hodnoty<\/strong><\/h2>\n\t\t\n<style>\n#text-1219528674 {\n  font-size: 1.55rem;\n}\n<\/style>\n\t<\/div>\n\t\n<ul>\n<li><strong>Kvalita<\/strong>: Ver\u00edme, \u017ee na\u0161i z\u00e1kazn\u00edci si zasl\u00fa\u017eia to najlep\u0161ie, a preto pon\u00fakame len vysokokvalitn\u00e9 produkty, ktor\u00e9 s\u00fa vyroben\u00e9 tak, aby vydr\u017eali. Ka\u017ed\u00fa polo\u017eku v na\u0161ej kolekcii starostlivo vyber\u00e1me, aby sme zaistili, \u017ee sp\u013a\u0148a na\u0161e \u0161tandardy odolnosti, bezpe\u010dnosti a v\u00fdkonu.<\/li>\n<li>\u00a0<strong>Kreativita:<\/strong>\u00a0Radi v na\u0161ich z\u00e1kazn\u00edkoch in\u0161pirujeme kreativitu a predstavivos\u0165. Ver\u00edme, \u017ee pr\u00e1zdninov\u00e9 a letn\u00e9 osvetlenie je umeleckou formou, a vyz\u00fdvame na\u0161ich z\u00e1kazn\u00edkov, aby presk\u00famali nov\u00e9 a jedine\u010dn\u00e9 sp\u00f4soby vyu\u017eitia na\u0161ich produktov na vytvorenie vlastn\u00fdch jedine\u010dn\u00fdch displejov. Nechajte svoju fant\u00e1ziu lieta\u0165!<\/li>\n<li><strong>Udr\u017eate\u013enos\u0165<\/strong>: Zaviazali sme sa minimalizova\u0165 n\u00e1\u0161 vplyv na \u017eivotn\u00e9 prostredie. Sna\u017e\u00edme sa pon\u00faka\u0165 produkty, ktor\u00e9 s\u00fa energeticky \u00fa\u010dinn\u00e9, vyroben\u00e9 z trvalo udr\u017eate\u013en\u00fdch materi\u00e1lov a navrhnut\u00e9 tak, aby vydr\u017eali ve\u013ea dovolenkov\u00fdch a letn\u00fdch sez\u00f3n. Pracujeme tie\u017e na zni\u017eovan\u00ed odpadu a minimaliz\u00e1cii na\u0161ej uhl\u00edkovej stopy vo v\u0161etk\u00fdch aspektoch n\u00e1\u0161ho podnikania. Pozrite si na\u0161e polo\u017eky sol\u00e1rnych panelov na zn\u00ed\u017eenie spotreby elektrickej energie!<\/li>\n<\/ul>\n\n\t\t<\/div>\n\t\t\t\t\n<style>\n#col-151167216 > .col-inner {\n  padding: 40px 20px 20px 20px;\n}\n<\/style>\n\t<\/div>\n\n\t\n\n<\/div>\n\n\t\t<\/div>\n\n\t\t\n<style>\n#section_817769084 {\n  padding-top: 30px;\n  padding-bottom: 30px;\n  background-color: rgb(255,255,255);\n}\n<\/style>\n\t<\/section>","protected":false},"excerpt":{"rendered":"","protected":false},"author":1,"featured_media":0,"parent":0,"menu_order":0,"comment_status":"closed","ping_status":"closed","template":"page-blank.php","meta":{"footnotes":""},"class_list":["post-540","page","type-page","status-publish","hentry"],"yoast_head":"<!-- This site is optimized with the Yoast SEO plugin v27.3 - https:\/\/yoast.com\/product\/yoast-seo-wordpress\/ -->\n<title>About Us - Decolights.eu<\/title>\n<meta name=\"robots\" content=\"index, follow, max-snippet:-1, max-image-preview:large, max-video-preview:-1\" \/>\n<link rel=\"canonical\" href=\"https:\/\/decolights.eu\/sk\/about\/\" \/>\n<meta property=\"og:locale\" content=\"sk_SK\" \/>\n<meta property=\"og:type\" content=\"article\" \/>\n<meta property=\"og:title\" content=\"About Us - Decolights.eu\" \/>\n<meta property=\"og:url\" content=\"https:\/\/decolights.eu\/sk\/about\/\" \/>\n<meta property=\"og:site_name\" content=\"Decolights.eu\" \/>\n<meta property=\"article:modified_time\" content=\"2023-07-26T18:40:20+00:00\" \/>\n<meta property=\"og:image\" content=\"https:\/\/decolights.eu\/wp-content\/uploads\/2023\/07\/DecoLights-yoast-logo.jpg\" \/>\n\t<meta property=\"og:image:width\" content=\"1200\" \/>\n\t<meta property=\"og:image:height\" content=\"675\" \/>\n\t<meta property=\"og:image:type\" content=\"image\/jpeg\" \/>\n<meta name=\"twitter:card\" content=\"summary_large_image\" \/>\n<meta name=\"twitter:label1\" content=\"Predpokladan\u00fd \u010das \u010d\u00edtania\" \/>\n\t<meta name=\"twitter:data1\" content=\"2 min\u00faty\" \/>\n<script type=\"application\/ld+json\" class=\"yoast-schema-graph\">{\"@context\":\"https:\\\/\\\/schema.org\",\"@graph\":[{\"@type\":\"WebPage\",\"@id\":\"https:\\\/\\\/decolights.eu\\\/about\\\/\",\"url\":\"https:\\\/\\\/decolights.eu\\\/about\\\/\",\"name\":\"About Us - Decolights.eu\",\"isPartOf\":{\"@id\":\"https:\\\/\\\/decolights.eu\\\/#website\"},\"datePublished\":\"2016-08-31T12:38:04+00:00\",\"dateModified\":\"2023-07-26T18:40:20+00:00\",\"inLanguage\":\"sk-SK\",\"potentialAction\":[{\"@type\":\"ReadAction\",\"target\":[\"https:\\\/\\\/decolights.eu\\\/about\\\/\"]}]},{\"@type\":\"WebSite\",\"@id\":\"https:\\\/\\\/decolights.eu\\\/#website\",\"url\":\"https:\\\/\\\/decolights.eu\\\/\",\"name\":\"decolights\",\"description\":\"Led Decorations for Home and Garden\",\"publisher\":{\"@id\":\"https:\\\/\\\/decolights.eu\\\/#organization\"},\"alternateName\":\"decolights.eu\",\"potentialAction\":[{\"@type\":\"SearchAction\",\"target\":{\"@type\":\"EntryPoint\",\"urlTemplate\":\"https:\\\/\\\/decolights.eu\\\/?s={search_term_string}\"},\"query-input\":{\"@type\":\"PropertyValueSpecification\",\"valueRequired\":true,\"valueName\":\"search_term_string\"}}],\"inLanguage\":\"sk-SK\"},{\"@type\":\"Organization\",\"@id\":\"https:\\\/\\\/decolights.eu\\\/#organization\",\"name\":\"decolights\",\"url\":\"https:\\\/\\\/decolights.eu\\\/\",\"logo\":{\"@type\":\"ImageObject\",\"inLanguage\":\"sk-SK\",\"@id\":\"https:\\\/\\\/decolights.eu\\\/#\\\/schema\\\/logo\\\/image\\\/\",\"url\":\"https:\\\/\\\/decolights.eu\\\/wp-content\\\/uploads\\\/2023\\\/07\\\/cropped-decolight-siteicon.png\",\"contentUrl\":\"https:\\\/\\\/decolights.eu\\\/wp-content\\\/uploads\\\/2023\\\/07\\\/cropped-decolight-siteicon.png\",\"width\":512,\"height\":512,\"caption\":\"decolights\"},\"image\":{\"@id\":\"https:\\\/\\\/decolights.eu\\\/#\\\/schema\\\/logo\\\/image\\\/\"}}]}<\/script>\n<!-- \/ Yoast SEO plugin. -->","yoast_head_json":{"title":"O n\u00e1s - Decolights.eu","robots":{"index":"index","follow":"follow","max-snippet":"max-snippet:-1","max-image-preview":"max-image-preview:large","max-video-preview":"max-video-preview:-1"},"canonical":"https:\/\/decolights.eu\/sk\/about\/","og_locale":"sk_SK","og_type":"article","og_title":"About Us - Decolights.eu","og_url":"https:\/\/decolights.eu\/sk\/about\/","og_site_name":"Decolights.eu","article_modified_time":"2023-07-26T18:40:20+00:00","og_image":[{"width":1200,"height":675,"url":"https:\/\/decolights.eu\/wp-content\/uploads\/2023\/07\/DecoLights-yoast-logo.jpg","type":"image\/jpeg"}],"twitter_card":"summary_large_image","twitter_misc":{"Predpokladan\u00fd \u010das \u010d\u00edtania":"2 min\u00faty"},"schema":{"@context":"https:\/\/schema.org","@graph":[{"@type":"WebPage","@id":"https:\/\/decolights.eu\/about\/","url":"https:\/\/decolights.eu\/about\/","name":"O n\u00e1s - Decolights.eu","isPartOf":{"@id":"https:\/\/decolights.eu\/#website"},"datePublished":"2016-08-31T12:38:04+00:00","dateModified":"2023-07-26T18:40:20+00:00","inLanguage":"sk-SK","potentialAction":[{"@type":"ReadAction","target":["https:\/\/decolights.eu\/about\/"]}]},{"@type":"WebSite","@id":"https:\/\/decolights.eu\/#website","url":"https:\/\/decolights.eu\/","name":"decolights","description":"Led dekor\u00e1cie pre dom a z\u00e1hradu","publisher":{"@id":"https:\/\/decolights.eu\/#organization"},"alternateName":"decolights.eu","potentialAction":[{"@type":"SearchAction","target":{"@type":"EntryPoint","urlTemplate":"https:\/\/decolights.eu\/?s={search_term_string}"},"query-input":{"@type":"PropertyValueSpecification","valueRequired":true,"valueName":"search_term_string"}}],"inLanguage":"sk-SK"},{"@type":"Organization","@id":"https:\/\/decolights.eu\/#organization","name":"decolights","url":"https:\/\/decolights.eu\/","logo":{"@type":"ImageObject","inLanguage":"sk-SK","@id":"https:\/\/decolights.eu\/#\/schema\/logo\/image\/","url":"https:\/\/decolights.eu\/wp-content\/uploads\/2023\/07\/cropped-decolight-siteicon.png","contentUrl":"https:\/\/decolights.eu\/wp-content\/uploads\/2023\/07\/cropped-decolight-siteicon.png","width":512,"height":512,"caption":"decolights"},"image":{"@id":"https:\/\/decolights.eu\/#\/schema\/logo\/image\/"}}]}},"jetpack_sharing_enabled":true,"_links":{"self":[{"href":"https:\/\/decolights.eu\/sk\/wp-json\/wp\/v2\/pages\/540","targetHints":{"allow":["GET"]}}],"collection":[{"href":"https:\/\/decolights.eu\/sk\/wp-json\/wp\/v2\/pages"}],"about":[{"href":"https:\/\/decolights.eu\/sk\/wp-json\/wp\/v2\/types\/page"}],"author":[{"embeddable":true,"href":"https:\/\/decolights.eu\/sk\/wp-json\/wp\/v2\/users\/1"}],"replies":[{"embeddable":true,"href":"https:\/\/decolights.eu\/sk\/wp-json\/wp\/v2\/comments?post=540"}],"version-history":[{"count":0,"href":"https:\/\/decolights.eu\/sk\/wp-json\/wp\/v2\/pages\/540\/revisions"}],"wp:attachment":[{"href":"https:\/\/decolights.eu\/sk\/wp-json\/wp\/v2\/media?parent=540"}],"curies":[{"name":"wp","href":"https:\/\/api.w.org\/{rel}","templated":true}]}}