{"id":4319,"date":"2019-10-06T21:37:34","date_gmt":"2019-10-06T21:37:34","guid":{"rendered":"https:\/\/decolights.eu\/?post_type=product&#038;p=4319"},"modified":"2023-05-12T07:46:23","modified_gmt":"2023-05-12T07:46:23","slug":"joulutuled-jaapurikad-varviline-3-5m","status":"publish","type":"product","link":"https:\/\/decolights.eu\/sk\/produkt-2\/joulutuled-jaapurikad-varviline-3-5m\/","title":{"rendered":"J\u00f5ulutuled \u201cJ\u00e4\u00e4purikad\u201d v\u00e4rviline 3,5M"},"content":{"rendered":"<ul>\n<li>V\u00e4rvus:\u00a0<strong>\u00a0varviline<\/strong><\/li>\n<li>Pikkus: 3,5M<\/li>\n<li>Tylov\u00fd k\u00f4rgus 30 cm<\/li>\n<li>Kokku 8 \u201cj\u00e4\u00e4purikat\u201d<\/li>\n<li><strong>Tuled na omavahel j\u00e4tkatavad.<\/strong><\/li>\n<li>J\u00e4tkata saab kuni 3 komplekti \u00fche vooluv\u00f5rgu kohta<\/li>\n<li>192SMD<\/li>\n<li>Andmed: 230V, 50Hz max, 19,2W<\/li>\n<li>Veekindlus aste: IP44 (saab kasutada nii toas kui v\u00e4litingimustes)<\/li>\n<\/ul>\n<p>&nbsp;<\/p>\n<p><strong>NB! Prispievajte k funkci\u00e1m kapra, ktor\u00e9 s\u00fa izolovan\u00e9 od ostatn\u00fdch vihma a lume eest!<\/strong><\/p>\n<div style=\"width: 568px;\" class=\"wp-video\"><video class=\"wp-video-shortcode\" id=\"video-4319-1\" width=\"568\" height=\"320\" preload=\"metadata\" controls=\"controls\"><source type=\"video\/mp4\" src=\"https:\/\/www.joulutuled.ee\/wp-content\/uploads\/2019\/10\/j\u00e4\u00e4purikad-video.mp4?_=1\" \/><a href=\"https:\/\/www.joulutuled.ee\/wp-content\/uploads\/2019\/10\/j\u00e4\u00e4purikad-video.mp4\">https:\/\/www.joulutuled.ee\/wp-content\/uploads\/2019\/10\/j\u00e4\u00e4purikad-video.mp4<\/a><\/video><\/div>","protected":false},"excerpt":{"rendered":"<p><a href=\"https:\/\/www.joulutuled.ee\/wp-content\/uploads\/2022\/10\/2022.jpg\"><img loading=\"lazy\" decoding=\"async\" class=\"alignnone size-medium wp-image-39128\" src=\"https:\/\/www.joulutuled.ee\/wp-content\/uploads\/2022\/10\/2022-800x276.jpg\" alt=\"\" width=\"800\" height=\"276\" \/><\/a><img decoding=\"async\" src=\"https:\/\/www.joulutuled.ee\/wp-content\/uploads\/2021\/09\/EST-banner-transport.jpg\" \/><\/p>","protected":false},"featured_media":7373,"comment_status":"open","ping_status":"closed","template":"","meta":[],"product_brand":[],"product_cat":[15],"product_tag":[320,289,290,291,292,321],"class_list":{"0":"post-4319","1":"product","2":"type-product","3":"status-publish","4":"has-post-thumbnail","6":"product_cat-festoon-lights","7":"product_tag-jaapurikad","8":"product_tag-joulud","9":"product_tag-joulutuled","10":"product_tag-kodu-kaunistus","11":"product_tag-led","12":"product_tag-vihmapiisad","14":"first","15":"outofstock","16":"sale","17":"shipping-taxable","18":"purchasable","19":"product-type-simple"},"yoast_head":"<!-- This site is optimized with the Yoast SEO plugin v27.3 - https:\/\/yoast.com\/product\/yoast-seo-wordpress\/ -->\n<title>J\u00f5ulutuled &quot;J\u00e4\u00e4purikad&quot; v\u00e4rviline 3.5M - Decolights.eu Parima hinna garanti!<\/title>\n<meta name=\"description\" content=\"J\u00f5ulutuled &quot;J\u00e4\u00e4purikad&quot; v\u00e4rviline 3.5M . Loo imeline J\u00f5ulu meeleolu oma kodu terassile! J\u00e4\u00e4purikad sobivad fantastiliselt nii \u00f5ue kui ka koju.\" \/>\n<meta name=\"robots\" content=\"index, follow, max-snippet:-1, max-image-preview:large, max-video-preview:-1\" \/>\n<link rel=\"canonical\" href=\"https:\/\/decolights.eu\/sk\/produkt-2\/joulutuled-jaapurikad-varviline-3-5m\/\" \/>\n<meta property=\"og:locale\" content=\"sk_SK\" \/>\n<meta property=\"og:type\" content=\"article\" \/>\n<meta property=\"og:title\" content=\"J\u00f5ulutuled &quot;J\u00e4\u00e4purikad&quot; v\u00e4rviline 3.5M - Decolights.eu Parima hinna garanti!\" \/>\n<meta property=\"og:description\" content=\"J\u00f5ulutuled &quot;J\u00e4\u00e4purikad&quot; v\u00e4rviline 3.5M . Loo imeline J\u00f5ulu meeleolu oma kodu terassile! J\u00e4\u00e4purikad sobivad fantastiliselt nii \u00f5ue kui ka koju.\" \/>\n<meta property=\"og:url\" content=\"https:\/\/decolights.eu\/sk\/produkt-2\/joulutuled-jaapurikad-varviline-3-5m\/\" \/>\n<meta property=\"og:site_name\" content=\"Decolights.eu\" \/>\n<meta property=\"article:modified_time\" content=\"2023-05-12T07:46:23+00:00\" \/>\n<meta property=\"og:image\" content=\"https:\/\/decolights.eu\/wp-content\/uploads\/2023\/05\/jaapurikad-multi.jpg\" \/>\n\t<meta property=\"og:image:width\" content=\"1000\" \/>\n\t<meta property=\"og:image:height\" content=\"1000\" \/>\n\t<meta property=\"og:image:type\" content=\"image\/jpeg\" \/>\n<meta name=\"twitter:card\" content=\"summary_large_image\" \/>\n<meta name=\"twitter:label1\" content=\"Predpokladan\u00fd \u010das \u010d\u00edtania\" \/>\n\t<meta name=\"twitter:data1\" content=\"1 min\u00fata\" \/>\n<script type=\"application\/ld+json\" class=\"yoast-schema-graph\">{\"@context\":\"https:\\\/\\\/schema.org\",\"@graph\":[{\"@type\":\"WebPage\",\"@id\":\"https:\\\/\\\/decolights.eu\\\/product\\\/joulutuled-jaapurikad-varviline-3-5m\\\/\",\"url\":\"https:\\\/\\\/decolights.eu\\\/product\\\/joulutuled-jaapurikad-varviline-3-5m\\\/\",\"name\":\"J\u00f5ulutuled \\\"J\u00e4\u00e4purikad\\\" v\u00e4rviline 3.5M - Decolights.eu Parima hinna garanti!\",\"isPartOf\":{\"@id\":\"https:\\\/\\\/decolights.eu\\\/#website\"},\"primaryImageOfPage\":{\"@id\":\"https:\\\/\\\/decolights.eu\\\/product\\\/joulutuled-jaapurikad-varviline-3-5m\\\/#primaryimage\"},\"image\":{\"@id\":\"https:\\\/\\\/decolights.eu\\\/product\\\/joulutuled-jaapurikad-varviline-3-5m\\\/#primaryimage\"},\"thumbnailUrl\":\"https:\\\/\\\/decolights.eu\\\/wp-content\\\/uploads\\\/2023\\\/05\\\/jaapurikad-multi.jpg\",\"datePublished\":\"2019-10-06T21:37:34+00:00\",\"dateModified\":\"2023-05-12T07:46:23+00:00\",\"description\":\"J\u00f5ulutuled \\\"J\u00e4\u00e4purikad\\\" v\u00e4rviline 3.5M . Loo imeline J\u00f5ulu meeleolu oma kodu terassile! J\u00e4\u00e4purikad sobivad fantastiliselt nii \u00f5ue kui ka koju.\",\"breadcrumb\":{\"@id\":\"https:\\\/\\\/decolights.eu\\\/product\\\/joulutuled-jaapurikad-varviline-3-5m\\\/#breadcrumb\"},\"inLanguage\":\"sk-SK\",\"potentialAction\":[{\"@type\":\"ReadAction\",\"target\":[\"https:\\\/\\\/decolights.eu\\\/product\\\/joulutuled-jaapurikad-varviline-3-5m\\\/\"]}]},{\"@type\":\"ImageObject\",\"inLanguage\":\"sk-SK\",\"@id\":\"https:\\\/\\\/decolights.eu\\\/product\\\/joulutuled-jaapurikad-varviline-3-5m\\\/#primaryimage\",\"url\":\"https:\\\/\\\/decolights.eu\\\/wp-content\\\/uploads\\\/2023\\\/05\\\/jaapurikad-multi.jpg\",\"contentUrl\":\"https:\\\/\\\/decolights.eu\\\/wp-content\\\/uploads\\\/2023\\\/05\\\/jaapurikad-multi.jpg\",\"width\":1000,\"height\":1000},{\"@type\":\"BreadcrumbList\",\"@id\":\"https:\\\/\\\/decolights.eu\\\/product\\\/joulutuled-jaapurikad-varviline-3-5m\\\/#breadcrumb\",\"itemListElement\":[{\"@type\":\"ListItem\",\"position\":1,\"name\":\"Shop\",\"item\":\"https:\\\/\\\/decolights.eu\\\/shop\\\/\"},{\"@type\":\"ListItem\",\"position\":2,\"name\":\"J\u00f5ulutuled &#8220;J\u00e4\u00e4purikad&#8221; v\u00e4rviline 3.5M\"}]},{\"@type\":\"WebSite\",\"@id\":\"https:\\\/\\\/decolights.eu\\\/#website\",\"url\":\"https:\\\/\\\/decolights.eu\\\/\",\"name\":\"decolights\",\"description\":\"Led Decorations for Home and Garden\",\"publisher\":{\"@id\":\"https:\\\/\\\/decolights.eu\\\/#organization\"},\"alternateName\":\"decolights.eu\",\"potentialAction\":[{\"@type\":\"SearchAction\",\"target\":{\"@type\":\"EntryPoint\",\"urlTemplate\":\"https:\\\/\\\/decolights.eu\\\/?s={search_term_string}\"},\"query-input\":{\"@type\":\"PropertyValueSpecification\",\"valueRequired\":true,\"valueName\":\"search_term_string\"}}],\"inLanguage\":\"sk-SK\"},{\"@type\":\"Organization\",\"@id\":\"https:\\\/\\\/decolights.eu\\\/#organization\",\"name\":\"decolights\",\"url\":\"https:\\\/\\\/decolights.eu\\\/\",\"logo\":{\"@type\":\"ImageObject\",\"inLanguage\":\"sk-SK\",\"@id\":\"https:\\\/\\\/decolights.eu\\\/#\\\/schema\\\/logo\\\/image\\\/\",\"url\":\"https:\\\/\\\/decolights.eu\\\/wp-content\\\/uploads\\\/2023\\\/07\\\/cropped-decolight-siteicon.png\",\"contentUrl\":\"https:\\\/\\\/decolights.eu\\\/wp-content\\\/uploads\\\/2023\\\/07\\\/cropped-decolight-siteicon.png\",\"width\":512,\"height\":512,\"caption\":\"decolights\"},\"image\":{\"@id\":\"https:\\\/\\\/decolights.eu\\\/#\\\/schema\\\/logo\\\/image\\\/\"}}]}<\/script>\n<!-- \/ Yoast SEO plugin. -->","yoast_head_json":{"title":"J\u00f5ulutuled &quot;J\u00e4\u00e4purikad&quot; v\u00e4rviline 3,5M - Decolights.eu Parima hinna garanti!","description":"J\u00f5ulutuled &quot;J\u00e4\u00e4purikad&quot; v\u00e4rviline 3,5M. Loo imeline J\u00f5ulu meeleolu oma kodu terassile! J\u00e4\u00e4purikad sobivad fantastiliselt nii \u00f5ue kui ka koju.","robots":{"index":"index","follow":"follow","max-snippet":"max-snippet:-1","max-image-preview":"max-image-preview:large","max-video-preview":"max-video-preview:-1"},"canonical":"https:\/\/decolights.eu\/sk\/produkt-2\/joulutuled-jaapurikad-varviline-3-5m\/","og_locale":"sk_SK","og_type":"article","og_title":"J\u00f5ulutuled \"J\u00e4\u00e4purikad\" v\u00e4rviline 3.5M - Decolights.eu Parima hinna garanti!","og_description":"J\u00f5ulutuled \"J\u00e4\u00e4purikad\" v\u00e4rviline 3.5M . Loo imeline J\u00f5ulu meeleolu oma kodu terassile! J\u00e4\u00e4purikad sobivad fantastiliselt nii \u00f5ue kui ka koju.","og_url":"https:\/\/decolights.eu\/sk\/produkt-2\/joulutuled-jaapurikad-varviline-3-5m\/","og_site_name":"Decolights.eu","article_modified_time":"2023-05-12T07:46:23+00:00","og_image":[{"width":1000,"height":1000,"url":"https:\/\/decolights.eu\/wp-content\/uploads\/2023\/05\/jaapurikad-multi.jpg","type":"image\/jpeg"}],"twitter_card":"summary_large_image","twitter_misc":{"Predpokladan\u00fd \u010das \u010d\u00edtania":"1 min\u00fata"},"schema":{"@context":"https:\/\/schema.org","@graph":[{"@type":"WebPage","@id":"https:\/\/decolights.eu\/product\/joulutuled-jaapurikad-varviline-3-5m\/","url":"https:\/\/decolights.eu\/product\/joulutuled-jaapurikad-varviline-3-5m\/","name":"J\u00f5ulutuled &quot;J\u00e4\u00e4purikad&quot; v\u00e4rviline 3,5M - Decolights.eu Parima hinna garanti!","isPartOf":{"@id":"https:\/\/decolights.eu\/#website"},"primaryImageOfPage":{"@id":"https:\/\/decolights.eu\/product\/joulutuled-jaapurikad-varviline-3-5m\/#primaryimage"},"image":{"@id":"https:\/\/decolights.eu\/product\/joulutuled-jaapurikad-varviline-3-5m\/#primaryimage"},"thumbnailUrl":"https:\/\/decolights.eu\/wp-content\/uploads\/2023\/05\/jaapurikad-multi.jpg","datePublished":"2019-10-06T21:37:34+00:00","dateModified":"2023-05-12T07:46:23+00:00","description":"J\u00f5ulutuled &quot;J\u00e4\u00e4purikad&quot; v\u00e4rviline 3,5M. Loo imeline J\u00f5ulu meeleolu oma kodu terassile! J\u00e4\u00e4purikad sobivad fantastiliselt nii \u00f5ue kui ka koju.","breadcrumb":{"@id":"https:\/\/decolights.eu\/product\/joulutuled-jaapurikad-varviline-3-5m\/#breadcrumb"},"inLanguage":"sk-SK","potentialAction":[{"@type":"ReadAction","target":["https:\/\/decolights.eu\/product\/joulutuled-jaapurikad-varviline-3-5m\/"]}]},{"@type":"ImageObject","inLanguage":"sk-SK","@id":"https:\/\/decolights.eu\/product\/joulutuled-jaapurikad-varviline-3-5m\/#primaryimage","url":"https:\/\/decolights.eu\/wp-content\/uploads\/2023\/05\/jaapurikad-multi.jpg","contentUrl":"https:\/\/decolights.eu\/wp-content\/uploads\/2023\/05\/jaapurikad-multi.jpg","width":1000,"height":1000},{"@type":"BreadcrumbList","@id":"https:\/\/decolights.eu\/product\/joulutuled-jaapurikad-varviline-3-5m\/#breadcrumb","itemListElement":[{"@type":"ListItem","position":1,"name":"Shop","item":"https:\/\/decolights.eu\/shop\/"},{"@type":"ListItem","position":2,"name":"J\u00f5ulutuled &#8220;J\u00e4\u00e4purikad&#8221; v\u00e4rviline 3.5M"}]},{"@type":"WebSite","@id":"https:\/\/decolights.eu\/#website","url":"https:\/\/decolights.eu\/","name":"decolights","description":"Led dekor\u00e1cie pre dom a z\u00e1hradu","publisher":{"@id":"https:\/\/decolights.eu\/#organization"},"alternateName":"decolights.eu","potentialAction":[{"@type":"SearchAction","target":{"@type":"EntryPoint","urlTemplate":"https:\/\/decolights.eu\/?s={search_term_string}"},"query-input":{"@type":"PropertyValueSpecification","valueRequired":true,"valueName":"search_term_string"}}],"inLanguage":"sk-SK"},{"@type":"Organization","@id":"https:\/\/decolights.eu\/#organization","name":"decolights","url":"https:\/\/decolights.eu\/","logo":{"@type":"ImageObject","inLanguage":"sk-SK","@id":"https:\/\/decolights.eu\/#\/schema\/logo\/image\/","url":"https:\/\/decolights.eu\/wp-content\/uploads\/2023\/07\/cropped-decolight-siteicon.png","contentUrl":"https:\/\/decolights.eu\/wp-content\/uploads\/2023\/07\/cropped-decolight-siteicon.png","width":512,"height":512,"caption":"decolights"},"image":{"@id":"https:\/\/decolights.eu\/#\/schema\/logo\/image\/"}}]}},"jetpack_sharing_enabled":true,"_links":{"self":[{"href":"https:\/\/decolights.eu\/sk\/wp-json\/wp\/v2\/product\/4319","targetHints":{"allow":["GET"]}}],"collection":[{"href":"https:\/\/decolights.eu\/sk\/wp-json\/wp\/v2\/product"}],"about":[{"href":"https:\/\/decolights.eu\/sk\/wp-json\/wp\/v2\/types\/product"}],"replies":[{"embeddable":true,"href":"https:\/\/decolights.eu\/sk\/wp-json\/wp\/v2\/comments?post=4319"}],"wp:featuredmedia":[{"embeddable":true,"href":"https:\/\/decolights.eu\/sk\/wp-json\/wp\/v2\/media\/7373"}],"wp:attachment":[{"href":"https:\/\/decolights.eu\/sk\/wp-json\/wp\/v2\/media?parent=4319"}],"wp:term":[{"taxonomy":"product_brand","embeddable":true,"href":"https:\/\/decolights.eu\/sk\/wp-json\/wp\/v2\/product_brand?post=4319"},{"taxonomy":"product_cat","embeddable":true,"href":"https:\/\/decolights.eu\/sk\/wp-json\/wp\/v2\/product_cat?post=4319"},{"taxonomy":"product_tag","embeddable":true,"href":"https:\/\/decolights.eu\/sk\/wp-json\/wp\/v2\/product_tag?post=4319"}],"curies":[{"name":"wp","href":"https:\/\/api.w.org\/{rel}","templated":true}]}}