{"id":44639,"date":"2023-07-29T15:04:30","date_gmt":"2023-07-29T15:04:30","guid":{"rendered":"https:\/\/decolights.eu\/?post_type=product&#038;p=44639"},"modified":"2023-08-11T15:20:57","modified_gmt":"2023-08-11T15:20:57","slug":"solar-latern-lumiz-round30-marrakesh-taupe","status":"publish","type":"product","link":"https:\/\/decolights.eu\/sk\/produkt-2\/solar-latern-lumiz-round30-marrakesh-taupe\/","title":{"rendered":"Solar Latern Lumiz Round30 Marrakesh Taupe"},"content":{"rendered":"<p><strong>Ve\u013ekos\u0165: \u00d8 30 cm x K 29 cm<\/strong><\/p>\n<p><strong>Farba: Taupe<\/strong><\/p>\n<p><img loading=\"lazy\" decoding=\"async\" src=\"https:\/\/lumiz.nl\/wp-content\/uploads\/2021\/04\/LUMIZ_PATRON_Marakesh-119x300.jpg\" alt=\"LUMIZ_PATRON_Marakesh\" width=\"76\" height=\"192\" \/><img loading=\"lazy\" decoding=\"async\" src=\"https:\/\/lumiz.nl\/wp-content\/uploads\/2022\/02\/licht-taupe-2.png\" width=\"147\" height=\"147\" \/><\/p>\n<p><strong>Vytvorte magick\u00fa atmosf\u00e9ru so sol\u00e1rnymi lamp\u00e1\u0161mi Lumiz.<\/strong><\/p>\n<p><strong>Perfektn\u00fd sp\u00f4sob, ako vytvori\u0165 magick\u00fa atmosf\u00e9ru v ka\u017edej z\u00e1hrade, dvore alebo verande. Prich\u00e1dzaj\u00fa v \u0161irokej \u0161k\u00e1le chutn\u00fdch farieb, tvarov a vzorov. Nechajte svoju kreativitu plyn\u00fa\u0165 \u2013 tieto lamp\u00e1\u0161e je mo\u017en\u00e9 kombinova\u0165 a vytv\u00e1ra\u0165 tak dokonal\u00fa atmosf\u00e9ru.<\/strong><\/p>\n<p>Sol\u00e1rne lampy Lumizi je mo\u017en\u00e9 pou\u017e\u00edva\u0165 vonku po cel\u00fd rok. Zaveste ich na slnko a lampi\u00f3ny sa ve\u010der postaraj\u00fa o magick\u00e9 svetlo.<\/p>\n<p><strong>Lumiz je udr\u017eate\u013en\u00e9 LED svietidlo<\/strong> vyroben\u00e9 z pevn\u00e9ho, poveternostn\u00fdm vplyvom odoln\u00e9ho a 100% recyklovate\u013en\u00e9ho Tyveku, patentovan\u00e9ho materi\u00e1lu. Tyvek je vysoko kvalitn\u00fd materi\u00e1l, \u010do znamen\u00e1, \u017ee lamp\u00e1\u0161e vydr\u017eia.<\/p>\n<p><strong>Sol\u00e1rne svietidlo je LED svietidlo, ktor\u00e9 sa po\u010das d\u0148a nab\u00edja sol\u00e1rnymi bat\u00e9riami.<\/strong> Modul sol\u00e1rnej bat\u00e9rie v lampe je vyroben\u00fd vo farbe, ktor\u00e1 lad\u00ed s Tyvekom a poskytuje tepl\u00fa farbu LED svetla. Aby lamp\u00e1\u0161 \u017eiaril \u010do najlep\u0161ie, Lumiz sa rozhodol vyvin\u00fa\u0165 vlastn\u00fd sol\u00e1rny modul. Modul obsahuje dob\u00edjacie AAA bat\u00e9rie, ktor\u00e9 sa optim\u00e1lne nab\u00edjaj\u00fa na slnku.<\/p>\n<p><strong>Za optim\u00e1lnych slne\u010dn\u00fdch podmienok m\u00f4\u017ee lamp\u00e1\u0161 svieti\u0165 6-8 hod\u00edn. Intenzita svetla sa m\u00f4\u017ee zn\u00ed\u017ei\u0165 po 5-6 hodin\u00e1ch.<\/strong><\/p>\n<p><strong>Tip na nab\u00edjanie<\/strong>: zaveste lampu tam, kde m\u00f4\u017ee slnko svieti\u0165 priamo na sol\u00e1rny panel.<\/p>\n<p><strong>\u00dadr\u017eba<\/strong>: vy\u010distite sol\u00e1rny panel m\u00e4kkou vlhkou handri\u010dkou. Absorpcia slne\u010dnej energie potom zostane na maxim\u00e1lnej kapacite. Materi\u00e1l Tyvek je mo\u017en\u00e9 v pr\u00edpade potreby utrie\u0165 m\u00e4kkou vlhkou handri\u010dkou.<\/p>\n<p>Ak chcete lamp\u00e1\u0161 v zime zbali\u0165, daj\u00fa sa jednoducho zlo\u017ei\u0165 tak, aby boli \u00faplne ploch\u00e9. Odpor\u00fa\u010dame vybra\u0165 bat\u00e9rie zo sol\u00e1rneho modulu. (Ponechanie bat\u00e9ri\u00ed v sol\u00e1rnom paneli dlh\u0161\u00ed \u010das m\u00f4\u017ee sp\u00f4sobi\u0165 vyte\u010denie a po\u0161kodenie elektronick\u00fdch komponentov).<\/p>","protected":false},"excerpt":{"rendered":"<p>Size: \u00d8\u00a0 30 cm x K 29 cm Colour: Taupe Create a magical atmosphere with Lumiz solar lanterns. The perfect way to create a magical atmosphere in any garden, backyard or porch. They come in a wide variety of delicious colours, shapes and patterns. Let your creativity flow &#8211; these lanterns can be mixed and [&#8230;]\n","protected":false},"featured_media":44640,"comment_status":"open","ping_status":"closed","template":"","meta":[],"product_brand":[],"product_cat":[381],"product_tag":[],"class_list":{"0":"post-44639","1":"product","2":"type-product","3":"status-publish","4":"has-post-thumbnail","6":"product_cat-lumiz","8":"first","9":"instock","10":"sale","11":"shipping-taxable","12":"purchasable","13":"product-type-simple"},"yoast_head":"<!-- This site is optimized with the Yoast SEO plugin v27.3 - https:\/\/yoast.com\/product\/yoast-seo-wordpress\/ -->\n<title>Solar Latern Lumiz Round30 Marrakesh Taupe - Decolights.eu<\/title>\n<meta name=\"description\" content=\"Buy Solar Latern Lumiz Round30 Marrakesh Taupe for . Browse our range of . Buy for the best price today and enjoy cozy atmosphere.\" \/>\n<meta name=\"robots\" content=\"index, follow, max-snippet:-1, max-image-preview:large, max-video-preview:-1\" \/>\n<link rel=\"canonical\" href=\"https:\/\/decolights.eu\/sk\/produkt-2\/solar-latern-lumiz-round30-marrakesh-taupe\/\" \/>\n<meta property=\"og:locale\" content=\"sk_SK\" \/>\n<meta property=\"og:type\" content=\"article\" \/>\n<meta property=\"og:title\" content=\"Solar Latern Lumiz Round30 Marrakesh Taupe - Decolights.eu\" \/>\n<meta property=\"og:description\" content=\"Buy Solar Latern Lumiz Round30 Marrakesh Taupe for . Browse our range of . Buy for the best price today and enjoy cozy atmosphere.\" \/>\n<meta property=\"og:url\" content=\"https:\/\/decolights.eu\/sk\/produkt-2\/solar-latern-lumiz-round30-marrakesh-taupe\/\" \/>\n<meta property=\"og:site_name\" content=\"Decolights.eu\" \/>\n<meta property=\"article:modified_time\" content=\"2023-08-11T15:20:57+00:00\" \/>\n<meta property=\"og:image\" content=\"https:\/\/decolights.eu\/wp-content\/uploads\/2023\/08\/24.-Round-30-Marrakesh-Taupe.jpg\" \/>\n\t<meta property=\"og:image:width\" content=\"1160\" \/>\n\t<meta property=\"og:image:height\" content=\"1598\" \/>\n\t<meta property=\"og:image:type\" content=\"image\/jpeg\" \/>\n<meta name=\"twitter:card\" content=\"summary_large_image\" \/>\n<meta name=\"twitter:label1\" content=\"Predpokladan\u00fd \u010das \u010d\u00edtania\" \/>\n\t<meta name=\"twitter:data1\" content=\"2 min\u00faty\" \/>\n<script type=\"application\/ld+json\" class=\"yoast-schema-graph\">{\"@context\":\"https:\\\/\\\/schema.org\",\"@graph\":[{\"@type\":\"WebPage\",\"@id\":\"https:\\\/\\\/decolights.eu\\\/product\\\/solar-latern-lumiz-round30-marrakesh-taupe\\\/\",\"url\":\"https:\\\/\\\/decolights.eu\\\/product\\\/solar-latern-lumiz-round30-marrakesh-taupe\\\/\",\"name\":\"Solar Latern Lumiz Round30 Marrakesh Taupe - Decolights.eu\",\"isPartOf\":{\"@id\":\"https:\\\/\\\/decolights.eu\\\/#website\"},\"primaryImageOfPage\":{\"@id\":\"https:\\\/\\\/decolights.eu\\\/product\\\/solar-latern-lumiz-round30-marrakesh-taupe\\\/#primaryimage\"},\"image\":{\"@id\":\"https:\\\/\\\/decolights.eu\\\/product\\\/solar-latern-lumiz-round30-marrakesh-taupe\\\/#primaryimage\"},\"thumbnailUrl\":\"https:\\\/\\\/decolights.eu\\\/wp-content\\\/uploads\\\/2023\\\/08\\\/24.-Round-30-Marrakesh-Taupe.jpg\",\"datePublished\":\"2023-07-29T15:04:30+00:00\",\"dateModified\":\"2023-08-11T15:20:57+00:00\",\"description\":\"Buy Solar Latern Lumiz Round30 Marrakesh Taupe for . Browse our range of . Buy for the best price today and enjoy cozy atmosphere.\",\"breadcrumb\":{\"@id\":\"https:\\\/\\\/decolights.eu\\\/product\\\/solar-latern-lumiz-round30-marrakesh-taupe\\\/#breadcrumb\"},\"inLanguage\":\"sk-SK\",\"potentialAction\":[{\"@type\":\"ReadAction\",\"target\":[\"https:\\\/\\\/decolights.eu\\\/product\\\/solar-latern-lumiz-round30-marrakesh-taupe\\\/\"]}]},{\"@type\":\"ImageObject\",\"inLanguage\":\"sk-SK\",\"@id\":\"https:\\\/\\\/decolights.eu\\\/product\\\/solar-latern-lumiz-round30-marrakesh-taupe\\\/#primaryimage\",\"url\":\"https:\\\/\\\/decolights.eu\\\/wp-content\\\/uploads\\\/2023\\\/08\\\/24.-Round-30-Marrakesh-Taupe.jpg\",\"contentUrl\":\"https:\\\/\\\/decolights.eu\\\/wp-content\\\/uploads\\\/2023\\\/08\\\/24.-Round-30-Marrakesh-Taupe.jpg\",\"width\":1160,\"height\":1598},{\"@type\":\"BreadcrumbList\",\"@id\":\"https:\\\/\\\/decolights.eu\\\/product\\\/solar-latern-lumiz-round30-marrakesh-taupe\\\/#breadcrumb\",\"itemListElement\":[{\"@type\":\"ListItem\",\"position\":1,\"name\":\"Shop\",\"item\":\"https:\\\/\\\/decolights.eu\\\/shop\\\/\"},{\"@type\":\"ListItem\",\"position\":2,\"name\":\"Solar Latern Lumiz Round30 Marrakesh Taupe\"}]},{\"@type\":\"WebSite\",\"@id\":\"https:\\\/\\\/decolights.eu\\\/#website\",\"url\":\"https:\\\/\\\/decolights.eu\\\/\",\"name\":\"decolights\",\"description\":\"Led Decorations for Home and Garden\",\"publisher\":{\"@id\":\"https:\\\/\\\/decolights.eu\\\/#organization\"},\"alternateName\":\"decolights.eu\",\"potentialAction\":[{\"@type\":\"SearchAction\",\"target\":{\"@type\":\"EntryPoint\",\"urlTemplate\":\"https:\\\/\\\/decolights.eu\\\/?s={search_term_string}\"},\"query-input\":{\"@type\":\"PropertyValueSpecification\",\"valueRequired\":true,\"valueName\":\"search_term_string\"}}],\"inLanguage\":\"sk-SK\"},{\"@type\":\"Organization\",\"@id\":\"https:\\\/\\\/decolights.eu\\\/#organization\",\"name\":\"decolights\",\"url\":\"https:\\\/\\\/decolights.eu\\\/\",\"logo\":{\"@type\":\"ImageObject\",\"inLanguage\":\"sk-SK\",\"@id\":\"https:\\\/\\\/decolights.eu\\\/#\\\/schema\\\/logo\\\/image\\\/\",\"url\":\"https:\\\/\\\/decolights.eu\\\/wp-content\\\/uploads\\\/2023\\\/07\\\/cropped-decolight-siteicon.png\",\"contentUrl\":\"https:\\\/\\\/decolights.eu\\\/wp-content\\\/uploads\\\/2023\\\/07\\\/cropped-decolight-siteicon.png\",\"width\":512,\"height\":512,\"caption\":\"decolights\"},\"image\":{\"@id\":\"https:\\\/\\\/decolights.eu\\\/#\\\/schema\\\/logo\\\/image\\\/\"}}]}<\/script>\n<!-- \/ Yoast SEO plugin. -->","yoast_head_json":{"title":"Solar Latern Lumiz Round30 Marrakesh Taupe - Decolights.eu","description":"K\u00fapte si Solar Latern Lumiz Round30 Marrakesh Taupe za . Prezrite si n\u00e1\u0161 sortiment . Nak\u00fapte za najlep\u0161iu cenu e\u0161te dnes a u\u017eite si \u00fatuln\u00fa atmosf\u00e9ru.","robots":{"index":"index","follow":"follow","max-snippet":"max-snippet:-1","max-image-preview":"max-image-preview:large","max-video-preview":"max-video-preview:-1"},"canonical":"https:\/\/decolights.eu\/sk\/produkt-2\/solar-latern-lumiz-round30-marrakesh-taupe\/","og_locale":"sk_SK","og_type":"article","og_title":"Solar Latern Lumiz Round30 Marrakesh Taupe - Decolights.eu","og_description":"Buy Solar Latern Lumiz Round30 Marrakesh Taupe for . Browse our range of . Buy for the best price today and enjoy cozy atmosphere.","og_url":"https:\/\/decolights.eu\/sk\/produkt-2\/solar-latern-lumiz-round30-marrakesh-taupe\/","og_site_name":"Decolights.eu","article_modified_time":"2023-08-11T15:20:57+00:00","og_image":[{"width":1160,"height":1598,"url":"https:\/\/decolights.eu\/wp-content\/uploads\/2023\/08\/24.-Round-30-Marrakesh-Taupe.jpg","type":"image\/jpeg"}],"twitter_card":"summary_large_image","twitter_misc":{"Predpokladan\u00fd \u010das \u010d\u00edtania":"2 min\u00faty"},"schema":{"@context":"https:\/\/schema.org","@graph":[{"@type":"WebPage","@id":"https:\/\/decolights.eu\/product\/solar-latern-lumiz-round30-marrakesh-taupe\/","url":"https:\/\/decolights.eu\/product\/solar-latern-lumiz-round30-marrakesh-taupe\/","name":"Solar Latern Lumiz Round30 Marrakesh Taupe - Decolights.eu","isPartOf":{"@id":"https:\/\/decolights.eu\/#website"},"primaryImageOfPage":{"@id":"https:\/\/decolights.eu\/product\/solar-latern-lumiz-round30-marrakesh-taupe\/#primaryimage"},"image":{"@id":"https:\/\/decolights.eu\/product\/solar-latern-lumiz-round30-marrakesh-taupe\/#primaryimage"},"thumbnailUrl":"https:\/\/decolights.eu\/wp-content\/uploads\/2023\/08\/24.-Round-30-Marrakesh-Taupe.jpg","datePublished":"2023-07-29T15:04:30+00:00","dateModified":"2023-08-11T15:20:57+00:00","description":"K\u00fapte si Solar Latern Lumiz Round30 Marrakesh Taupe za . Prezrite si n\u00e1\u0161 sortiment . Nak\u00fapte za najlep\u0161iu cenu e\u0161te dnes a u\u017eite si \u00fatuln\u00fa atmosf\u00e9ru.","breadcrumb":{"@id":"https:\/\/decolights.eu\/product\/solar-latern-lumiz-round30-marrakesh-taupe\/#breadcrumb"},"inLanguage":"sk-SK","potentialAction":[{"@type":"ReadAction","target":["https:\/\/decolights.eu\/product\/solar-latern-lumiz-round30-marrakesh-taupe\/"]}]},{"@type":"ImageObject","inLanguage":"sk-SK","@id":"https:\/\/decolights.eu\/product\/solar-latern-lumiz-round30-marrakesh-taupe\/#primaryimage","url":"https:\/\/decolights.eu\/wp-content\/uploads\/2023\/08\/24.-Round-30-Marrakesh-Taupe.jpg","contentUrl":"https:\/\/decolights.eu\/wp-content\/uploads\/2023\/08\/24.-Round-30-Marrakesh-Taupe.jpg","width":1160,"height":1598},{"@type":"BreadcrumbList","@id":"https:\/\/decolights.eu\/product\/solar-latern-lumiz-round30-marrakesh-taupe\/#breadcrumb","itemListElement":[{"@type":"ListItem","position":1,"name":"Shop","item":"https:\/\/decolights.eu\/shop\/"},{"@type":"ListItem","position":2,"name":"Solar Latern Lumiz Round30 Marrakesh Taupe"}]},{"@type":"WebSite","@id":"https:\/\/decolights.eu\/#website","url":"https:\/\/decolights.eu\/","name":"decolights","description":"Led dekor\u00e1cie pre dom a z\u00e1hradu","publisher":{"@id":"https:\/\/decolights.eu\/#organization"},"alternateName":"decolights.eu","potentialAction":[{"@type":"SearchAction","target":{"@type":"EntryPoint","urlTemplate":"https:\/\/decolights.eu\/?s={search_term_string}"},"query-input":{"@type":"PropertyValueSpecification","valueRequired":true,"valueName":"search_term_string"}}],"inLanguage":"sk-SK"},{"@type":"Organization","@id":"https:\/\/decolights.eu\/#organization","name":"decolights","url":"https:\/\/decolights.eu\/","logo":{"@type":"ImageObject","inLanguage":"sk-SK","@id":"https:\/\/decolights.eu\/#\/schema\/logo\/image\/","url":"https:\/\/decolights.eu\/wp-content\/uploads\/2023\/07\/cropped-decolight-siteicon.png","contentUrl":"https:\/\/decolights.eu\/wp-content\/uploads\/2023\/07\/cropped-decolight-siteicon.png","width":512,"height":512,"caption":"decolights"},"image":{"@id":"https:\/\/decolights.eu\/#\/schema\/logo\/image\/"}}]}},"jetpack_sharing_enabled":true,"_links":{"self":[{"href":"https:\/\/decolights.eu\/sk\/wp-json\/wp\/v2\/product\/44639","targetHints":{"allow":["GET"]}}],"collection":[{"href":"https:\/\/decolights.eu\/sk\/wp-json\/wp\/v2\/product"}],"about":[{"href":"https:\/\/decolights.eu\/sk\/wp-json\/wp\/v2\/types\/product"}],"replies":[{"embeddable":true,"href":"https:\/\/decolights.eu\/sk\/wp-json\/wp\/v2\/comments?post=44639"}],"wp:featuredmedia":[{"embeddable":true,"href":"https:\/\/decolights.eu\/sk\/wp-json\/wp\/v2\/media\/44640"}],"wp:attachment":[{"href":"https:\/\/decolights.eu\/sk\/wp-json\/wp\/v2\/media?parent=44639"}],"wp:term":[{"taxonomy":"product_brand","embeddable":true,"href":"https:\/\/decolights.eu\/sk\/wp-json\/wp\/v2\/product_brand?post=44639"},{"taxonomy":"product_cat","embeddable":true,"href":"https:\/\/decolights.eu\/sk\/wp-json\/wp\/v2\/product_cat?post=44639"},{"taxonomy":"product_tag","embeddable":true,"href":"https:\/\/decolights.eu\/sk\/wp-json\/wp\/v2\/product_tag?post=44639"}],"curies":[{"name":"wp","href":"https:\/\/api.w.org\/{rel}","templated":true}]}}