{"id":44659,"date":"2023-07-29T15:34:21","date_gmt":"2023-07-29T15:34:21","guid":{"rendered":"https:\/\/decolights.eu\/?post_type=product&#038;p=44659"},"modified":"2023-08-11T15:30:22","modified_gmt":"2023-08-11T15:30:22","slug":"solar-latern-lumiz-round40-tigres-yellow","status":"publish","type":"product","link":"https:\/\/decolights.eu\/sk\/produkt-2\/solar-latern-lumiz-round40-tigres-yellow\/","title":{"rendered":"Solar Latern Lumiz Round40 Tigres Yellow"},"content":{"rendered":"<p><strong>Rozmery:<\/strong> <strong>\u00d8 40 cm x V 38 cm<\/strong><\/p>\n<p><strong>Farba:<\/strong> <strong>\u017dlt\u00e1<\/strong><\/p>\n<p><strong>Vytvorte \u010darovn\u00fa atmosf\u00e9ru pomocou sol\u00e1rnych lamp\u00e1\u0161ov Lumiz.<\/strong><\/p>\n<p><strong>Perfektn\u00fd sp\u00f4sob, ako vytvori\u0165 magick\u00fa atmosf\u00e9ru v ka\u017edej z\u00e1hrade, dvore alebo verande. Prich\u00e1dzaj\u00fa v r\u00f4znych n\u00e1dhern\u00fdch farb\u00e1ch, dizajnoch a vzoroch. Popustite uzdu svojej kreativite \u2013 tieto svietidl\u00e1 je mo\u017en\u00e9 navz\u00e1jom kombinova\u0165 a vytvori\u0165 tak dokonal\u00fa atmosf\u00e9ru.<\/strong><\/p>\n<p>Sol\u00e1rne lampy Lumiz je mo\u017en\u00e9 pou\u017e\u00edva\u0165 vonku celoro\u010dne. Zaveste ich na slne\u010dn\u00e9 svetlo a do ve\u010dera bud\u00fa lampi\u00f3ny poskytova\u0165 magick\u00e9 osvetlenie.<\/p>\n<p><strong>Lumiz je udr\u017eate\u013en\u00e9 LED svietidlo.<\/strong> Svietidl\u00e1 s\u00fa vyroben\u00e9 z odoln\u00e9ho, po\u010dasiu odoln\u00e9ho a 100% recyklovate\u013en\u00e9ho, patentovan\u00e9ho materi\u00e1lu Tyvek. Tyvek je vysoko kvalitn\u00fd materi\u00e1l, \u010do znamen\u00e1, \u017ee lamp\u00e1\u0161e maj\u00fa dlh\u00fa \u017eivotnos\u0165.<\/p>\n<p><strong>Sol\u00e1rne svietidlo je LED svietidlo, ktor\u00e9 sa nab\u00edja po\u010das d\u0148a pomocou sol\u00e1rnych bat\u00e9ri\u00ed.<\/strong> Modul sol\u00e1rnej bat\u00e9rie vo vn\u00fatri svietidla je navrhnut\u00fd tak, aby zodpovedal farbe Tyvek a vy\u017earuje tepl\u00fa farbu svetla LED. Aby lampa svietila \u010do najlep\u0161ie, Lumiz sa rozhodol vyvin\u00fa\u0165 vlastn\u00fd sol\u00e1rny modul. S\u00fa\u010das\u0165ou modulu s\u00fa dob\u00edjacie AAA bat\u00e9rie, ktor\u00e9 sa optim\u00e1lne nab\u00edjaj\u00fa na slnku.<\/p>\n<p>Za optim\u00e1lnych slne\u010dn\u00fdch podmienok m\u00f4\u017ee lamp\u00e1\u0161 svieti\u0165 6-8 hod\u00edn. Intenzita svetla sa m\u00f4\u017ee zn\u00ed\u017ei\u0165 po 5-6 hodin\u00e1ch.<\/p>\n<p><strong>Tip na nab\u00edjanie:<\/strong> Zaveste lamp\u00e1\u0161 na miesto, kde m\u00f4\u017ee slnko svieti\u0165 priamo na sol\u00e1rny panel.<\/p>\n<p><strong>\u00dadr\u017eba:<\/strong> Vy\u010distite sol\u00e1rny panel m\u00e4kkou vlhkou handri\u010dkou. To zais\u0165uje maxim\u00e1lnu absorpciu slne\u010dnej energie. Materi\u00e1l Tyvek je mo\u017en\u00e9 v pr\u00edpade potreby utrie\u0165 m\u00e4kkou vlhkou handri\u010dkou.<\/p>\n<p>Ak chcete lampu uskladni\u0165 v zime, je \u013eahk\u00e9 ich zlo\u017ei\u0165 naplocho. Odpor\u00fa\u010dame vybra\u0165 bat\u00e9rie zo sol\u00e1rneho modulu. (Ak nech\u00e1te bat\u00e9rie v sol\u00e1rnom paneli dlh\u0161\u00ed \u010das, m\u00f4\u017eu vytiec\u0165 a po\u0161kodi\u0165 elektronick\u00e9 komponenty.)<\/p>","protected":false},"excerpt":{"rendered":"<p>Dimensions: \u00d8 40 cm x H 38 cm Color: Yellow Create a magical atmosphere with the help of Lumiz solar lanterns. The perfect way to create a magical atmosphere in any garden, backyard, or veranda. They come in various delightful colours, designs, and patterns. Unleash your creativity \u2013 these lanterns can be combined with one [&#8230;]\n","protected":false},"featured_media":44660,"comment_status":"open","ping_status":"closed","template":"","meta":[],"product_brand":[],"product_cat":[381,171],"product_tag":[],"class_list":{"0":"post-44659","1":"product","2":"type-product","3":"status-publish","4":"has-post-thumbnail","6":"product_cat-lumiz","7":"product_cat-solar-lights","9":"first","10":"instock","11":"sale","12":"shipping-taxable","13":"purchasable","14":"product-type-simple"},"yoast_head":"<!-- This site is optimized with the Yoast SEO plugin v27.3 - https:\/\/yoast.com\/product\/yoast-seo-wordpress\/ -->\n<title>Solar Latern Lumiz Round40 Tigres Yellow - Decolights.eu<\/title>\n<meta name=\"description\" content=\"Buy Solar Latern Lumiz Round40 Tigres Yellow for . Browse our range of . Buy for the best price today and enjoy cozy atmosphere.\" \/>\n<meta name=\"robots\" content=\"index, follow, max-snippet:-1, max-image-preview:large, max-video-preview:-1\" \/>\n<link rel=\"canonical\" href=\"https:\/\/decolights.eu\/sk\/produkt-2\/solar-latern-lumiz-round40-tigres-yellow\/\" \/>\n<meta property=\"og:locale\" content=\"sk_SK\" \/>\n<meta property=\"og:type\" content=\"article\" \/>\n<meta property=\"og:title\" content=\"Solar Latern Lumiz Round40 Tigres Yellow - Decolights.eu\" \/>\n<meta property=\"og:description\" content=\"Buy Solar Latern Lumiz Round40 Tigres Yellow for . Browse our range of . Buy for the best price today and enjoy cozy atmosphere.\" \/>\n<meta property=\"og:url\" content=\"https:\/\/decolights.eu\/sk\/produkt-2\/solar-latern-lumiz-round40-tigres-yellow\/\" \/>\n<meta property=\"og:site_name\" content=\"Decolights.eu\" \/>\n<meta property=\"article:modified_time\" content=\"2023-08-11T15:30:22+00:00\" \/>\n<meta property=\"og:image\" content=\"https:\/\/decolights.eu\/wp-content\/uploads\/2023\/08\/Round-40-Tigres-Yellow.jpg\" \/>\n\t<meta property=\"og:image:width\" content=\"1700\" \/>\n\t<meta property=\"og:image:height\" content=\"1700\" \/>\n\t<meta property=\"og:image:type\" content=\"image\/jpeg\" \/>\n<meta name=\"twitter:card\" content=\"summary_large_image\" \/>\n<meta name=\"twitter:label1\" content=\"Predpokladan\u00fd \u010das \u010d\u00edtania\" \/>\n\t<meta name=\"twitter:data1\" content=\"2 min\u00faty\" \/>\n<script type=\"application\/ld+json\" class=\"yoast-schema-graph\">{\"@context\":\"https:\\\/\\\/schema.org\",\"@graph\":[{\"@type\":\"WebPage\",\"@id\":\"https:\\\/\\\/decolights.eu\\\/product\\\/solar-latern-lumiz-round40-tigres-yellow\\\/\",\"url\":\"https:\\\/\\\/decolights.eu\\\/product\\\/solar-latern-lumiz-round40-tigres-yellow\\\/\",\"name\":\"Solar Latern Lumiz Round40 Tigres Yellow - Decolights.eu\",\"isPartOf\":{\"@id\":\"https:\\\/\\\/decolights.eu\\\/#website\"},\"primaryImageOfPage\":{\"@id\":\"https:\\\/\\\/decolights.eu\\\/product\\\/solar-latern-lumiz-round40-tigres-yellow\\\/#primaryimage\"},\"image\":{\"@id\":\"https:\\\/\\\/decolights.eu\\\/product\\\/solar-latern-lumiz-round40-tigres-yellow\\\/#primaryimage\"},\"thumbnailUrl\":\"https:\\\/\\\/decolights.eu\\\/wp-content\\\/uploads\\\/2023\\\/08\\\/Round-40-Tigres-Yellow.jpg\",\"datePublished\":\"2023-07-29T15:34:21+00:00\",\"dateModified\":\"2023-08-11T15:30:22+00:00\",\"description\":\"Buy Solar Latern Lumiz Round40 Tigres Yellow for . Browse our range of . Buy for the best price today and enjoy cozy atmosphere.\",\"breadcrumb\":{\"@id\":\"https:\\\/\\\/decolights.eu\\\/product\\\/solar-latern-lumiz-round40-tigres-yellow\\\/#breadcrumb\"},\"inLanguage\":\"sk-SK\",\"potentialAction\":[{\"@type\":\"ReadAction\",\"target\":[\"https:\\\/\\\/decolights.eu\\\/product\\\/solar-latern-lumiz-round40-tigres-yellow\\\/\"]}]},{\"@type\":\"ImageObject\",\"inLanguage\":\"sk-SK\",\"@id\":\"https:\\\/\\\/decolights.eu\\\/product\\\/solar-latern-lumiz-round40-tigres-yellow\\\/#primaryimage\",\"url\":\"https:\\\/\\\/decolights.eu\\\/wp-content\\\/uploads\\\/2023\\\/08\\\/Round-40-Tigres-Yellow.jpg\",\"contentUrl\":\"https:\\\/\\\/decolights.eu\\\/wp-content\\\/uploads\\\/2023\\\/08\\\/Round-40-Tigres-Yellow.jpg\",\"width\":1700,\"height\":1700},{\"@type\":\"BreadcrumbList\",\"@id\":\"https:\\\/\\\/decolights.eu\\\/product\\\/solar-latern-lumiz-round40-tigres-yellow\\\/#breadcrumb\",\"itemListElement\":[{\"@type\":\"ListItem\",\"position\":1,\"name\":\"Shop\",\"item\":\"https:\\\/\\\/decolights.eu\\\/shop\\\/\"},{\"@type\":\"ListItem\",\"position\":2,\"name\":\"Solar Latern Lumiz Round40 Tigres Yellow\"}]},{\"@type\":\"WebSite\",\"@id\":\"https:\\\/\\\/decolights.eu\\\/#website\",\"url\":\"https:\\\/\\\/decolights.eu\\\/\",\"name\":\"decolights\",\"description\":\"Led Decorations for Home and Garden\",\"publisher\":{\"@id\":\"https:\\\/\\\/decolights.eu\\\/#organization\"},\"alternateName\":\"decolights.eu\",\"potentialAction\":[{\"@type\":\"SearchAction\",\"target\":{\"@type\":\"EntryPoint\",\"urlTemplate\":\"https:\\\/\\\/decolights.eu\\\/?s={search_term_string}\"},\"query-input\":{\"@type\":\"PropertyValueSpecification\",\"valueRequired\":true,\"valueName\":\"search_term_string\"}}],\"inLanguage\":\"sk-SK\"},{\"@type\":\"Organization\",\"@id\":\"https:\\\/\\\/decolights.eu\\\/#organization\",\"name\":\"decolights\",\"url\":\"https:\\\/\\\/decolights.eu\\\/\",\"logo\":{\"@type\":\"ImageObject\",\"inLanguage\":\"sk-SK\",\"@id\":\"https:\\\/\\\/decolights.eu\\\/#\\\/schema\\\/logo\\\/image\\\/\",\"url\":\"https:\\\/\\\/decolights.eu\\\/wp-content\\\/uploads\\\/2023\\\/07\\\/cropped-decolight-siteicon.png\",\"contentUrl\":\"https:\\\/\\\/decolights.eu\\\/wp-content\\\/uploads\\\/2023\\\/07\\\/cropped-decolight-siteicon.png\",\"width\":512,\"height\":512,\"caption\":\"decolights\"},\"image\":{\"@id\":\"https:\\\/\\\/decolights.eu\\\/#\\\/schema\\\/logo\\\/image\\\/\"}}]}<\/script>\n<!-- \/ Yoast SEO plugin. -->","yoast_head_json":{"title":"Solar Latern Lumiz Round40 Tigres Yellow - Decolights.eu","description":"K\u00fapte si Solar Latern Lumiz Round40 Tigres Yellow za . Prezrite si n\u00e1\u0161 sortiment . Nak\u00fapte za najlep\u0161iu cenu e\u0161te dnes a u\u017eite si \u00fatuln\u00fa atmosf\u00e9ru.","robots":{"index":"index","follow":"follow","max-snippet":"max-snippet:-1","max-image-preview":"max-image-preview:large","max-video-preview":"max-video-preview:-1"},"canonical":"https:\/\/decolights.eu\/sk\/produkt-2\/solar-latern-lumiz-round40-tigres-yellow\/","og_locale":"sk_SK","og_type":"article","og_title":"Solar Latern Lumiz Round40 Tigres Yellow - Decolights.eu","og_description":"Buy Solar Latern Lumiz Round40 Tigres Yellow for . Browse our range of . Buy for the best price today and enjoy cozy atmosphere.","og_url":"https:\/\/decolights.eu\/sk\/produkt-2\/solar-latern-lumiz-round40-tigres-yellow\/","og_site_name":"Decolights.eu","article_modified_time":"2023-08-11T15:30:22+00:00","og_image":[{"width":1700,"height":1700,"url":"https:\/\/decolights.eu\/wp-content\/uploads\/2023\/08\/Round-40-Tigres-Yellow.jpg","type":"image\/jpeg"}],"twitter_card":"summary_large_image","twitter_misc":{"Predpokladan\u00fd \u010das \u010d\u00edtania":"2 min\u00faty"},"schema":{"@context":"https:\/\/schema.org","@graph":[{"@type":"WebPage","@id":"https:\/\/decolights.eu\/product\/solar-latern-lumiz-round40-tigres-yellow\/","url":"https:\/\/decolights.eu\/product\/solar-latern-lumiz-round40-tigres-yellow\/","name":"Solar Latern Lumiz Round40 Tigres Yellow - Decolights.eu","isPartOf":{"@id":"https:\/\/decolights.eu\/#website"},"primaryImageOfPage":{"@id":"https:\/\/decolights.eu\/product\/solar-latern-lumiz-round40-tigres-yellow\/#primaryimage"},"image":{"@id":"https:\/\/decolights.eu\/product\/solar-latern-lumiz-round40-tigres-yellow\/#primaryimage"},"thumbnailUrl":"https:\/\/decolights.eu\/wp-content\/uploads\/2023\/08\/Round-40-Tigres-Yellow.jpg","datePublished":"2023-07-29T15:34:21+00:00","dateModified":"2023-08-11T15:30:22+00:00","description":"K\u00fapte si Solar Latern Lumiz Round40 Tigres Yellow za . Prezrite si n\u00e1\u0161 sortiment . Nak\u00fapte za najlep\u0161iu cenu e\u0161te dnes a u\u017eite si \u00fatuln\u00fa atmosf\u00e9ru.","breadcrumb":{"@id":"https:\/\/decolights.eu\/product\/solar-latern-lumiz-round40-tigres-yellow\/#breadcrumb"},"inLanguage":"sk-SK","potentialAction":[{"@type":"ReadAction","target":["https:\/\/decolights.eu\/product\/solar-latern-lumiz-round40-tigres-yellow\/"]}]},{"@type":"ImageObject","inLanguage":"sk-SK","@id":"https:\/\/decolights.eu\/product\/solar-latern-lumiz-round40-tigres-yellow\/#primaryimage","url":"https:\/\/decolights.eu\/wp-content\/uploads\/2023\/08\/Round-40-Tigres-Yellow.jpg","contentUrl":"https:\/\/decolights.eu\/wp-content\/uploads\/2023\/08\/Round-40-Tigres-Yellow.jpg","width":1700,"height":1700},{"@type":"BreadcrumbList","@id":"https:\/\/decolights.eu\/product\/solar-latern-lumiz-round40-tigres-yellow\/#breadcrumb","itemListElement":[{"@type":"ListItem","position":1,"name":"Shop","item":"https:\/\/decolights.eu\/shop\/"},{"@type":"ListItem","position":2,"name":"Solar Latern Lumiz Round40 Tigres Yellow"}]},{"@type":"WebSite","@id":"https:\/\/decolights.eu\/#website","url":"https:\/\/decolights.eu\/","name":"decolights","description":"Led dekor\u00e1cie pre dom a z\u00e1hradu","publisher":{"@id":"https:\/\/decolights.eu\/#organization"},"alternateName":"decolights.eu","potentialAction":[{"@type":"SearchAction","target":{"@type":"EntryPoint","urlTemplate":"https:\/\/decolights.eu\/?s={search_term_string}"},"query-input":{"@type":"PropertyValueSpecification","valueRequired":true,"valueName":"search_term_string"}}],"inLanguage":"sk-SK"},{"@type":"Organization","@id":"https:\/\/decolights.eu\/#organization","name":"decolights","url":"https:\/\/decolights.eu\/","logo":{"@type":"ImageObject","inLanguage":"sk-SK","@id":"https:\/\/decolights.eu\/#\/schema\/logo\/image\/","url":"https:\/\/decolights.eu\/wp-content\/uploads\/2023\/07\/cropped-decolight-siteicon.png","contentUrl":"https:\/\/decolights.eu\/wp-content\/uploads\/2023\/07\/cropped-decolight-siteicon.png","width":512,"height":512,"caption":"decolights"},"image":{"@id":"https:\/\/decolights.eu\/#\/schema\/logo\/image\/"}}]}},"jetpack_sharing_enabled":true,"_links":{"self":[{"href":"https:\/\/decolights.eu\/sk\/wp-json\/wp\/v2\/product\/44659","targetHints":{"allow":["GET"]}}],"collection":[{"href":"https:\/\/decolights.eu\/sk\/wp-json\/wp\/v2\/product"}],"about":[{"href":"https:\/\/decolights.eu\/sk\/wp-json\/wp\/v2\/types\/product"}],"replies":[{"embeddable":true,"href":"https:\/\/decolights.eu\/sk\/wp-json\/wp\/v2\/comments?post=44659"}],"wp:featuredmedia":[{"embeddable":true,"href":"https:\/\/decolights.eu\/sk\/wp-json\/wp\/v2\/media\/44660"}],"wp:attachment":[{"href":"https:\/\/decolights.eu\/sk\/wp-json\/wp\/v2\/media?parent=44659"}],"wp:term":[{"taxonomy":"product_brand","embeddable":true,"href":"https:\/\/decolights.eu\/sk\/wp-json\/wp\/v2\/product_brand?post=44659"},{"taxonomy":"product_cat","embeddable":true,"href":"https:\/\/decolights.eu\/sk\/wp-json\/wp\/v2\/product_cat?post=44659"},{"taxonomy":"product_tag","embeddable":true,"href":"https:\/\/decolights.eu\/sk\/wp-json\/wp\/v2\/product_tag?post=44659"}],"curies":[{"name":"wp","href":"https:\/\/api.w.org\/{rel}","templated":true}]}}