{"id":4613,"date":"2023-04-01T04:21:46","date_gmt":"2023-04-01T04:21:46","guid":{"rendered":"https:\/\/decolights.eu\/?post_type=product&#038;p=4613"},"modified":"2023-04-29T08:31:59","modified_gmt":"2023-04-29T08:31:59","slug":"mosquito-lamp","status":"publish","type":"product","link":"https:\/\/decolights.eu\/sk\/produkt-2\/mosquito-lamp\/","title":{"rendered":"Lampa proti kom\u00e1rom"},"content":{"rendered":"<p>Origin\u00e1lne multifunk\u010dn\u00e9 stropn\u00e9 svietidlo proti kom\u00e1rom. Je ve\u013emi \u00fa\u010dinn\u00fd pri odstra\u0148ovan\u00ed nepr\u00edjemn\u00e9ho hmyzu bez z\u00e1pachu a chemick\u00fdch produktov, ktor\u00e9 po\u0161kodzuj\u00fa \u017eivotn\u00e9 prostredie. Jeho atrakt\u00edvna \u013eahk\u00e1 a elektrifikovan\u00e1 sie\u0165 okrem kom\u00e1rov zachyt\u00e1va a ni\u010d\u00ed aj in\u00fd lietaj\u00faci hmyz. T\u00e1to v\u0161estrann\u00e1 lampa m\u00f4\u017ee by\u0165 in\u0161talovan\u00e1 dvoma r\u00f4znymi sp\u00f4sobmi, v z\u00e1vislosti od va\u0161ich preferenci\u00ed: stropn\u00fd typ alebo ako z\u00e1vitov\u00e1 obj\u00edmka pre z\u00e1vesn\u00fa lampu (p\u00e4tica E27). Obsahuje dva typy podpier, mont\u00e1\u017ene pr\u00edslu\u0161enstvo (k\u00e1bel, skrutky, z\u00e1str\u010dky) a \u010distiacu kefku. Hlavne na vonkaj\u0161ie pou\u017eitie (z\u00e1hrada, terasa, patio a pod.), ale mo\u017eno ho pou\u017ei\u0165 aj v interi\u00e9ri (gar\u00e1\u017e, sklad, pivnica at\u010f.).<\/p>\n<ul>\n<li><strong>Materi\u00e1l:<\/strong> ABS, PC, kov<\/li>\n<li><strong>Farba:\u00a0<\/strong>biely<\/li>\n<li><strong>Farba LED:\u00a0<\/strong>tepl\u00e1 biela<\/li>\n<li><strong>Ve\u013ekos\u0165: <\/strong>26 x 6 cm<\/li>\n<li><strong>UV svetlo:<\/strong>\n<ul>\n<li>Biela: 365 nm<\/li>\n<li>fialov\u00e1: 395 nm<\/li>\n<\/ul>\n<\/li>\n<li><strong>\u017diarovka:\u00a0<\/strong>E27<\/li>\n<li>Vhodn\u00e9 do interi\u00e9ru aj exteri\u00e9ru<\/li>\n<li>Inovat\u00edvne, tich\u00e9 a multifunk\u010dn\u00e9<\/li>\n<li>Mo\u017eno pou\u017ei\u0165 v r\u00f4znych poloh\u00e1ch<\/li>\n<li>Bez z\u00e1pachu a chemik\u00e1li\u00ed<\/li>\n<li>3 sveteln\u00e9 re\u017eimy<\/li>\n<li>Jednoduch\u00e1 in\u0161tal\u00e1cia a \u00fadr\u017eba<\/li>\n<li>Origin\u00e1lny a v\u0161estrann\u00fd dizajn<\/li>\n<li>25W \/ 3000K \/ 800lm<\/li>\n<li>AC v 110-240 V \/ 50-60 Hz<\/li>\n<\/ul>\n<p><iframe loading=\"lazy\" title=\"Stropn\u00e9 svietidlo InnovaGoods proti kom\u00e1rom\" width=\"1020\" height=\"574\" src=\"https:\/\/www.youtube.com\/embed\/Gm6phGavKT8?start=37&#038;feature=oembed\" frameborder=\"0\" allow=\"accelerometer; autoplay; clipboard-write; encrypted-media; gyroscope; picture-in-picture; web-share\" allowfullscreen><\/iframe><\/p>","protected":false},"excerpt":{"rendered":"<p>Original multifunctional anti-mosquito ceiling lamp. It is very effective in removing troublesome insects, without odors or chemical products that harm the environment. Besides mosquitoes, its attractive light and electrified net also catch and destroy other flying insects. This versatile lamp can be installed in two different ways, depending on your preference: ceiling type or as [&#8230;]\n","protected":false},"featured_media":4672,"comment_status":"open","ping_status":"closed","template":"","meta":[],"product_brand":[],"product_cat":[276,226],"product_tag":[],"class_list":{"0":"post-4613","1":"product","2":"type-product","3":"status-publish","4":"has-post-thumbnail","6":"product_cat-mosquito-lamps-and-net","7":"product_cat-outdoor-lights","8":"pa_brand-deco","10":"first","11":"instock","12":"sale","13":"shipping-taxable","14":"purchasable","15":"product-type-simple"},"yoast_head":"<!-- This site is optimized with the Yoast SEO plugin v27.3 - https:\/\/yoast.com\/product\/yoast-seo-wordpress\/ -->\n<title>Mosquito lamp - Best price guarantee - Decolights.eu<\/title>\n<meta name=\"description\" content=\"A mosquito lamp is a very practical and effective device for removing troublesome insects(flies, mosquitoes, bees, etc.). Buy now to get the best price!\" \/>\n<meta name=\"robots\" content=\"index, follow, max-snippet:-1, max-image-preview:large, max-video-preview:-1\" \/>\n<link rel=\"canonical\" href=\"https:\/\/decolights.eu\/sk\/produkt-2\/mosquito-lamp\/\" \/>\n<meta property=\"og:locale\" content=\"sk_SK\" \/>\n<meta property=\"og:type\" content=\"article\" \/>\n<meta property=\"og:title\" content=\"Mosquito lamp - Best price guarantee - Decolights.eu\" \/>\n<meta property=\"og:description\" content=\"A mosquito lamp is a very practical and effective device for removing troublesome insects(flies, mosquitoes, bees, etc.). Buy now to get the best price!\" \/>\n<meta property=\"og:url\" content=\"https:\/\/decolights.eu\/sk\/produkt-2\/mosquito-lamp\/\" \/>\n<meta property=\"og:site_name\" content=\"Decolights.eu\" \/>\n<meta property=\"article:modified_time\" content=\"2023-04-29T08:31:59+00:00\" \/>\n<meta property=\"og:image\" content=\"https:\/\/decolights.eu\/wp-content\/uploads\/2023\/04\/saasevastane-laevalgusti-kl-lamp-innovagoods_153546.jpg\" \/>\n\t<meta property=\"og:image:width\" content=\"600\" \/>\n\t<meta property=\"og:image:height\" content=\"600\" \/>\n\t<meta property=\"og:image:type\" content=\"image\/jpeg\" \/>\n<meta name=\"twitter:card\" content=\"summary_large_image\" \/>\n<meta name=\"twitter:label1\" content=\"Predpokladan\u00fd \u010das \u010d\u00edtania\" \/>\n\t<meta name=\"twitter:data1\" content=\"1 min\u00fata\" \/>\n<script type=\"application\/ld+json\" class=\"yoast-schema-graph\">{\"@context\":\"https:\\\/\\\/schema.org\",\"@graph\":[{\"@type\":\"WebPage\",\"@id\":\"https:\\\/\\\/decolights.eu\\\/product\\\/mosquito-lamp\\\/\",\"url\":\"https:\\\/\\\/decolights.eu\\\/product\\\/mosquito-lamp\\\/\",\"name\":\"Mosquito lamp - Best price guarantee - Decolights.eu\",\"isPartOf\":{\"@id\":\"https:\\\/\\\/decolights.eu\\\/#website\"},\"primaryImageOfPage\":{\"@id\":\"https:\\\/\\\/decolights.eu\\\/product\\\/mosquito-lamp\\\/#primaryimage\"},\"image\":{\"@id\":\"https:\\\/\\\/decolights.eu\\\/product\\\/mosquito-lamp\\\/#primaryimage\"},\"thumbnailUrl\":\"https:\\\/\\\/decolights.eu\\\/wp-content\\\/uploads\\\/2023\\\/04\\\/saasevastane-laevalgusti-kl-lamp-innovagoods_153546.jpg\",\"datePublished\":\"2023-04-01T04:21:46+00:00\",\"dateModified\":\"2023-04-29T08:31:59+00:00\",\"description\":\"A mosquito lamp is a very practical and effective device for removing troublesome insects(flies, mosquitoes, bees, etc.). Buy now to get the best price!\",\"breadcrumb\":{\"@id\":\"https:\\\/\\\/decolights.eu\\\/product\\\/mosquito-lamp\\\/#breadcrumb\"},\"inLanguage\":\"sk-SK\",\"potentialAction\":[{\"@type\":\"ReadAction\",\"target\":[\"https:\\\/\\\/decolights.eu\\\/product\\\/mosquito-lamp\\\/\"]}]},{\"@type\":\"ImageObject\",\"inLanguage\":\"sk-SK\",\"@id\":\"https:\\\/\\\/decolights.eu\\\/product\\\/mosquito-lamp\\\/#primaryimage\",\"url\":\"https:\\\/\\\/decolights.eu\\\/wp-content\\\/uploads\\\/2023\\\/04\\\/saasevastane-laevalgusti-kl-lamp-innovagoods_153546.jpg\",\"contentUrl\":\"https:\\\/\\\/decolights.eu\\\/wp-content\\\/uploads\\\/2023\\\/04\\\/saasevastane-laevalgusti-kl-lamp-innovagoods_153546.jpg\",\"width\":600,\"height\":600},{\"@type\":\"BreadcrumbList\",\"@id\":\"https:\\\/\\\/decolights.eu\\\/product\\\/mosquito-lamp\\\/#breadcrumb\",\"itemListElement\":[{\"@type\":\"ListItem\",\"position\":1,\"name\":\"Shop\",\"item\":\"https:\\\/\\\/decolights.eu\\\/shop\\\/\"},{\"@type\":\"ListItem\",\"position\":2,\"name\":\"Mosquito lamp\"}]},{\"@type\":\"WebSite\",\"@id\":\"https:\\\/\\\/decolights.eu\\\/#website\",\"url\":\"https:\\\/\\\/decolights.eu\\\/\",\"name\":\"decolights\",\"description\":\"Led Decorations for Home and Garden\",\"publisher\":{\"@id\":\"https:\\\/\\\/decolights.eu\\\/#organization\"},\"alternateName\":\"decolights.eu\",\"potentialAction\":[{\"@type\":\"SearchAction\",\"target\":{\"@type\":\"EntryPoint\",\"urlTemplate\":\"https:\\\/\\\/decolights.eu\\\/?s={search_term_string}\"},\"query-input\":{\"@type\":\"PropertyValueSpecification\",\"valueRequired\":true,\"valueName\":\"search_term_string\"}}],\"inLanguage\":\"sk-SK\"},{\"@type\":\"Organization\",\"@id\":\"https:\\\/\\\/decolights.eu\\\/#organization\",\"name\":\"decolights\",\"url\":\"https:\\\/\\\/decolights.eu\\\/\",\"logo\":{\"@type\":\"ImageObject\",\"inLanguage\":\"sk-SK\",\"@id\":\"https:\\\/\\\/decolights.eu\\\/#\\\/schema\\\/logo\\\/image\\\/\",\"url\":\"https:\\\/\\\/decolights.eu\\\/wp-content\\\/uploads\\\/2023\\\/07\\\/cropped-decolight-siteicon.png\",\"contentUrl\":\"https:\\\/\\\/decolights.eu\\\/wp-content\\\/uploads\\\/2023\\\/07\\\/cropped-decolight-siteicon.png\",\"width\":512,\"height\":512,\"caption\":\"decolights\"},\"image\":{\"@id\":\"https:\\\/\\\/decolights.eu\\\/#\\\/schema\\\/logo\\\/image\\\/\"}}]}<\/script>\n<!-- \/ Yoast SEO plugin. -->","yoast_head_json":{"title":"Lampa proti kom\u00e1rom - Garancia najlep\u0161ej ceny - Decolights.eu","description":"Lampa proti kom\u00e1rom je ve\u013emi praktick\u00e9 a efekt\u00edvne zariadenie na odstr\u00e1nenie nepr\u00edjemn\u00e9ho hmyzu (muchy, kom\u00e1re, v\u010dely at\u010f.). K\u00fapte teraz a z\u00edskajte najlep\u0161iu cenu!","robots":{"index":"index","follow":"follow","max-snippet":"max-snippet:-1","max-image-preview":"max-image-preview:large","max-video-preview":"max-video-preview:-1"},"canonical":"https:\/\/decolights.eu\/sk\/produkt-2\/mosquito-lamp\/","og_locale":"sk_SK","og_type":"article","og_title":"Mosquito lamp - Best price guarantee - Decolights.eu","og_description":"A mosquito lamp is a very practical and effective device for removing troublesome insects(flies, mosquitoes, bees, etc.). Buy now to get the best price!","og_url":"https:\/\/decolights.eu\/sk\/produkt-2\/mosquito-lamp\/","og_site_name":"Decolights.eu","article_modified_time":"2023-04-29T08:31:59+00:00","og_image":[{"width":600,"height":600,"url":"https:\/\/decolights.eu\/wp-content\/uploads\/2023\/04\/saasevastane-laevalgusti-kl-lamp-innovagoods_153546.jpg","type":"image\/jpeg"}],"twitter_card":"summary_large_image","twitter_misc":{"Predpokladan\u00fd \u010das \u010d\u00edtania":"1 min\u00fata"},"schema":{"@context":"https:\/\/schema.org","@graph":[{"@type":"WebPage","@id":"https:\/\/decolights.eu\/product\/mosquito-lamp\/","url":"https:\/\/decolights.eu\/product\/mosquito-lamp\/","name":"Lampa proti kom\u00e1rom - Garancia najlep\u0161ej ceny - Decolights.eu","isPartOf":{"@id":"https:\/\/decolights.eu\/#website"},"primaryImageOfPage":{"@id":"https:\/\/decolights.eu\/product\/mosquito-lamp\/#primaryimage"},"image":{"@id":"https:\/\/decolights.eu\/product\/mosquito-lamp\/#primaryimage"},"thumbnailUrl":"https:\/\/decolights.eu\/wp-content\/uploads\/2023\/04\/saasevastane-laevalgusti-kl-lamp-innovagoods_153546.jpg","datePublished":"2023-04-01T04:21:46+00:00","dateModified":"2023-04-29T08:31:59+00:00","description":"Lampa proti kom\u00e1rom je ve\u013emi praktick\u00e9 a efekt\u00edvne zariadenie na odstr\u00e1nenie nepr\u00edjemn\u00e9ho hmyzu (muchy, kom\u00e1re, v\u010dely at\u010f.). K\u00fapte teraz a z\u00edskajte najlep\u0161iu cenu!","breadcrumb":{"@id":"https:\/\/decolights.eu\/product\/mosquito-lamp\/#breadcrumb"},"inLanguage":"sk-SK","potentialAction":[{"@type":"ReadAction","target":["https:\/\/decolights.eu\/product\/mosquito-lamp\/"]}]},{"@type":"ImageObject","inLanguage":"sk-SK","@id":"https:\/\/decolights.eu\/product\/mosquito-lamp\/#primaryimage","url":"https:\/\/decolights.eu\/wp-content\/uploads\/2023\/04\/saasevastane-laevalgusti-kl-lamp-innovagoods_153546.jpg","contentUrl":"https:\/\/decolights.eu\/wp-content\/uploads\/2023\/04\/saasevastane-laevalgusti-kl-lamp-innovagoods_153546.jpg","width":600,"height":600},{"@type":"BreadcrumbList","@id":"https:\/\/decolights.eu\/product\/mosquito-lamp\/#breadcrumb","itemListElement":[{"@type":"ListItem","position":1,"name":"Shop","item":"https:\/\/decolights.eu\/shop\/"},{"@type":"ListItem","position":2,"name":"Mosquito lamp"}]},{"@type":"WebSite","@id":"https:\/\/decolights.eu\/#website","url":"https:\/\/decolights.eu\/","name":"decolights","description":"Led dekor\u00e1cie pre dom a z\u00e1hradu","publisher":{"@id":"https:\/\/decolights.eu\/#organization"},"alternateName":"decolights.eu","potentialAction":[{"@type":"SearchAction","target":{"@type":"EntryPoint","urlTemplate":"https:\/\/decolights.eu\/?s={search_term_string}"},"query-input":{"@type":"PropertyValueSpecification","valueRequired":true,"valueName":"search_term_string"}}],"inLanguage":"sk-SK"},{"@type":"Organization","@id":"https:\/\/decolights.eu\/#organization","name":"decolights","url":"https:\/\/decolights.eu\/","logo":{"@type":"ImageObject","inLanguage":"sk-SK","@id":"https:\/\/decolights.eu\/#\/schema\/logo\/image\/","url":"https:\/\/decolights.eu\/wp-content\/uploads\/2023\/07\/cropped-decolight-siteicon.png","contentUrl":"https:\/\/decolights.eu\/wp-content\/uploads\/2023\/07\/cropped-decolight-siteicon.png","width":512,"height":512,"caption":"decolights"},"image":{"@id":"https:\/\/decolights.eu\/#\/schema\/logo\/image\/"}}]}},"jetpack_sharing_enabled":true,"_links":{"self":[{"href":"https:\/\/decolights.eu\/sk\/wp-json\/wp\/v2\/product\/4613","targetHints":{"allow":["GET"]}}],"collection":[{"href":"https:\/\/decolights.eu\/sk\/wp-json\/wp\/v2\/product"}],"about":[{"href":"https:\/\/decolights.eu\/sk\/wp-json\/wp\/v2\/types\/product"}],"replies":[{"embeddable":true,"href":"https:\/\/decolights.eu\/sk\/wp-json\/wp\/v2\/comments?post=4613"}],"wp:featuredmedia":[{"embeddable":true,"href":"https:\/\/decolights.eu\/sk\/wp-json\/wp\/v2\/media\/4672"}],"wp:attachment":[{"href":"https:\/\/decolights.eu\/sk\/wp-json\/wp\/v2\/media?parent=4613"}],"wp:term":[{"taxonomy":"product_brand","embeddable":true,"href":"https:\/\/decolights.eu\/sk\/wp-json\/wp\/v2\/product_brand?post=4613"},{"taxonomy":"product_cat","embeddable":true,"href":"https:\/\/decolights.eu\/sk\/wp-json\/wp\/v2\/product_cat?post=4613"},{"taxonomy":"product_tag","embeddable":true,"href":"https:\/\/decolights.eu\/sk\/wp-json\/wp\/v2\/product_tag?post=4613"}],"curies":[{"name":"wp","href":"https:\/\/api.w.org\/{rel}","templated":true}]}}