{"id":4658,"date":"2023-04-01T04:22:12","date_gmt":"2023-04-01T04:22:12","guid":{"rendered":"https:\/\/decolights.eu\/?post_type=product&#038;p=4658"},"modified":"2023-05-02T01:14:45","modified_gmt":"2023-05-02T01:14:45","slug":"led-bulb-1w-g45-e27-warm-white","status":"publish","type":"product","link":"https:\/\/decolights.eu\/sk\/produkt-2\/led-bulb-1w-g45-e27-warm-white\/","title":{"rendered":"LED \u017eiarovka 1W G45 E27 tepl\u00e1 biela"},"content":{"rendered":"<ul>\n<li><strong>\u017diarovka: <\/strong>1W E27<\/li>\n<li><strong>Typ LED: <\/strong>SMD 2835<\/li>\n<li><strong>Farba LED: <\/strong>tepl\u00e1 biela<\/li>\n<li><strong>Ve\u013ekos\u0165: <\/strong>70 x 45 mm<\/li>\n<li><strong>Sveteln\u00fd v\u00fdkon: <\/strong>110lm<\/li>\n<li><strong>\u017divot: <\/strong>25 000 h<\/li>\n<li>Odoln\u00fd vo\u010di po\u010dasiu a mrazu<\/li>\n<li>\u00daspora elektrickej energie<\/li>\n<li>230V AC\/50Hz<\/li>\n<\/ul>","protected":false},"excerpt":{"rendered":"<p>Bulb: 1W E27 LED type: SMD 2835 LED Colour: warm white Size: 70x45mm Light output: 110lm Lifetime: 25000h Weather and frost-proof Electricity-saving 230V AC\/ 50Hz<\/p>","protected":false},"featured_media":4728,"comment_status":"open","ping_status":"closed","template":"","meta":[],"product_brand":[],"product_cat":[229,226],"product_tag":[],"class_list":{"0":"post-4658","1":"product","2":"type-product","3":"status-publish","4":"has-post-thumbnail","6":"product_cat-bulbs","7":"product_cat-outdoor-lights","8":"pa_brand-deco","9":"pa_led-colour-warm-white","11":"first","12":"instock","13":"sale","14":"shipping-taxable","15":"purchasable","16":"product-type-simple"},"yoast_head":"<!-- This site is optimized with the Yoast SEO plugin v27.3 - https:\/\/yoast.com\/product\/yoast-seo-wordpress\/ -->\n<title>LED Bulb 1W G45 E27 warm white - Best price - Decolights.eu<\/title>\n<meta name=\"description\" content=\"LED Bulb 1W G45 E27 warm white will suit perfectly our festoon lights. Choose your favourite bulb and add to light chain. Get them now for best price!\" \/>\n<meta name=\"robots\" content=\"index, follow, max-snippet:-1, max-image-preview:large, max-video-preview:-1\" \/>\n<link rel=\"canonical\" href=\"https:\/\/decolights.eu\/sk\/produkt-2\/led-bulb-1w-g45-e27-warm-white\/\" \/>\n<meta property=\"og:locale\" content=\"sk_SK\" \/>\n<meta property=\"og:type\" content=\"article\" \/>\n<meta property=\"og:title\" content=\"LED Bulb 1W G45 E27 warm white - Best price - Decolights.eu\" \/>\n<meta property=\"og:description\" content=\"LED Bulb 1W G45 E27 warm white will suit perfectly our festoon lights. Choose your favourite bulb and add to light chain. Get them now for best price!\" \/>\n<meta property=\"og:url\" content=\"https:\/\/decolights.eu\/sk\/produkt-2\/led-bulb-1w-g45-e27-warm-white\/\" \/>\n<meta property=\"og:site_name\" content=\"Decolights.eu\" \/>\n<meta property=\"article:modified_time\" content=\"2023-05-02T01:14:45+00:00\" \/>\n<meta property=\"og:image\" content=\"https:\/\/decolights.eu\/wp-content\/uploads\/2023\/04\/g45-ww-t.png\" \/>\n\t<meta property=\"og:image:width\" content=\"264\" \/>\n\t<meta property=\"og:image:height\" content=\"292\" \/>\n\t<meta property=\"og:image:type\" content=\"image\/png\" \/>\n<meta name=\"twitter:card\" content=\"summary_large_image\" \/>\n<meta name=\"twitter:label1\" content=\"Predpokladan\u00fd \u010das \u010d\u00edtania\" \/>\n\t<meta name=\"twitter:data1\" content=\"1 min\u00fata\" \/>\n<script type=\"application\/ld+json\" class=\"yoast-schema-graph\">{\"@context\":\"https:\\\/\\\/schema.org\",\"@graph\":[{\"@type\":\"WebPage\",\"@id\":\"https:\\\/\\\/decolights.eu\\\/product\\\/led-bulb-1w-g45-e27-warm-white\\\/\",\"url\":\"https:\\\/\\\/decolights.eu\\\/product\\\/led-bulb-1w-g45-e27-warm-white\\\/\",\"name\":\"LED Bulb 1W G45 E27 warm white - Best price - Decolights.eu\",\"isPartOf\":{\"@id\":\"https:\\\/\\\/decolights.eu\\\/#website\"},\"primaryImageOfPage\":{\"@id\":\"https:\\\/\\\/decolights.eu\\\/product\\\/led-bulb-1w-g45-e27-warm-white\\\/#primaryimage\"},\"image\":{\"@id\":\"https:\\\/\\\/decolights.eu\\\/product\\\/led-bulb-1w-g45-e27-warm-white\\\/#primaryimage\"},\"thumbnailUrl\":\"https:\\\/\\\/decolights.eu\\\/wp-content\\\/uploads\\\/2023\\\/04\\\/g45-ww-t.png\",\"datePublished\":\"2023-04-01T04:22:12+00:00\",\"dateModified\":\"2023-05-02T01:14:45+00:00\",\"description\":\"LED Bulb 1W G45 E27 warm white will suit perfectly our festoon lights. Choose your favourite bulb and add to light chain. Get them now for best price!\",\"breadcrumb\":{\"@id\":\"https:\\\/\\\/decolights.eu\\\/product\\\/led-bulb-1w-g45-e27-warm-white\\\/#breadcrumb\"},\"inLanguage\":\"sk-SK\",\"potentialAction\":[{\"@type\":\"ReadAction\",\"target\":[\"https:\\\/\\\/decolights.eu\\\/product\\\/led-bulb-1w-g45-e27-warm-white\\\/\"]}]},{\"@type\":\"ImageObject\",\"inLanguage\":\"sk-SK\",\"@id\":\"https:\\\/\\\/decolights.eu\\\/product\\\/led-bulb-1w-g45-e27-warm-white\\\/#primaryimage\",\"url\":\"https:\\\/\\\/decolights.eu\\\/wp-content\\\/uploads\\\/2023\\\/04\\\/g45-ww-t.png\",\"contentUrl\":\"https:\\\/\\\/decolights.eu\\\/wp-content\\\/uploads\\\/2023\\\/04\\\/g45-ww-t.png\",\"width\":264,\"height\":292},{\"@type\":\"BreadcrumbList\",\"@id\":\"https:\\\/\\\/decolights.eu\\\/product\\\/led-bulb-1w-g45-e27-warm-white\\\/#breadcrumb\",\"itemListElement\":[{\"@type\":\"ListItem\",\"position\":1,\"name\":\"Shop\",\"item\":\"https:\\\/\\\/decolights.eu\\\/shop\\\/\"},{\"@type\":\"ListItem\",\"position\":2,\"name\":\"LED Bulb 1W G45 E27 warm white\"}]},{\"@type\":\"WebSite\",\"@id\":\"https:\\\/\\\/decolights.eu\\\/#website\",\"url\":\"https:\\\/\\\/decolights.eu\\\/\",\"name\":\"decolights\",\"description\":\"Led Decorations for Home and Garden\",\"publisher\":{\"@id\":\"https:\\\/\\\/decolights.eu\\\/#organization\"},\"alternateName\":\"decolights.eu\",\"potentialAction\":[{\"@type\":\"SearchAction\",\"target\":{\"@type\":\"EntryPoint\",\"urlTemplate\":\"https:\\\/\\\/decolights.eu\\\/?s={search_term_string}\"},\"query-input\":{\"@type\":\"PropertyValueSpecification\",\"valueRequired\":true,\"valueName\":\"search_term_string\"}}],\"inLanguage\":\"sk-SK\"},{\"@type\":\"Organization\",\"@id\":\"https:\\\/\\\/decolights.eu\\\/#organization\",\"name\":\"decolights\",\"url\":\"https:\\\/\\\/decolights.eu\\\/\",\"logo\":{\"@type\":\"ImageObject\",\"inLanguage\":\"sk-SK\",\"@id\":\"https:\\\/\\\/decolights.eu\\\/#\\\/schema\\\/logo\\\/image\\\/\",\"url\":\"https:\\\/\\\/decolights.eu\\\/wp-content\\\/uploads\\\/2023\\\/07\\\/cropped-decolight-siteicon.png\",\"contentUrl\":\"https:\\\/\\\/decolights.eu\\\/wp-content\\\/uploads\\\/2023\\\/07\\\/cropped-decolight-siteicon.png\",\"width\":512,\"height\":512,\"caption\":\"decolights\"},\"image\":{\"@id\":\"https:\\\/\\\/decolights.eu\\\/#\\\/schema\\\/logo\\\/image\\\/\"}}]}<\/script>\n<!-- \/ Yoast SEO plugin. -->","yoast_head_json":{"title":"LED \u017eiarovka 1W G45 E27 tepl\u00e1 biela - Najlep\u0161ia cena - Decolights.eu","description":"LED \u017eiarovka 1W G45 E27 tepl\u00e1 biela sa bude perfektne hodi\u0165 k na\u0161im girlandov\u00fdm svetl\u00e1m. Vyberte si svoju ob\u013e\u00faben\u00fa \u017eiarovku a pridajte ju do svetelnej re\u0165aze. Z\u00edskajte ich teraz za najlep\u0161iu cenu!","robots":{"index":"index","follow":"follow","max-snippet":"max-snippet:-1","max-image-preview":"max-image-preview:large","max-video-preview":"max-video-preview:-1"},"canonical":"https:\/\/decolights.eu\/sk\/produkt-2\/led-bulb-1w-g45-e27-warm-white\/","og_locale":"sk_SK","og_type":"article","og_title":"LED Bulb 1W G45 E27 warm white - Best price - Decolights.eu","og_description":"LED Bulb 1W G45 E27 warm white will suit perfectly our festoon lights. Choose your favourite bulb and add to light chain. Get them now for best price!","og_url":"https:\/\/decolights.eu\/sk\/produkt-2\/led-bulb-1w-g45-e27-warm-white\/","og_site_name":"Decolights.eu","article_modified_time":"2023-05-02T01:14:45+00:00","og_image":[{"width":264,"height":292,"url":"https:\/\/decolights.eu\/wp-content\/uploads\/2023\/04\/g45-ww-t.png","type":"image\/png"}],"twitter_card":"summary_large_image","twitter_misc":{"Predpokladan\u00fd \u010das \u010d\u00edtania":"1 min\u00fata"},"schema":{"@context":"https:\/\/schema.org","@graph":[{"@type":"WebPage","@id":"https:\/\/decolights.eu\/product\/led-bulb-1w-g45-e27-warm-white\/","url":"https:\/\/decolights.eu\/product\/led-bulb-1w-g45-e27-warm-white\/","name":"LED \u017eiarovka 1W G45 E27 tepl\u00e1 biela - Najlep\u0161ia cena - Decolights.eu","isPartOf":{"@id":"https:\/\/decolights.eu\/#website"},"primaryImageOfPage":{"@id":"https:\/\/decolights.eu\/product\/led-bulb-1w-g45-e27-warm-white\/#primaryimage"},"image":{"@id":"https:\/\/decolights.eu\/product\/led-bulb-1w-g45-e27-warm-white\/#primaryimage"},"thumbnailUrl":"https:\/\/decolights.eu\/wp-content\/uploads\/2023\/04\/g45-ww-t.png","datePublished":"2023-04-01T04:22:12+00:00","dateModified":"2023-05-02T01:14:45+00:00","description":"LED \u017eiarovka 1W G45 E27 tepl\u00e1 biela sa bude perfektne hodi\u0165 k na\u0161im girlandov\u00fdm svetl\u00e1m. Vyberte si svoju ob\u013e\u00faben\u00fa \u017eiarovku a pridajte ju do svetelnej re\u0165aze. Z\u00edskajte ich teraz za najlep\u0161iu cenu!","breadcrumb":{"@id":"https:\/\/decolights.eu\/product\/led-bulb-1w-g45-e27-warm-white\/#breadcrumb"},"inLanguage":"sk-SK","potentialAction":[{"@type":"ReadAction","target":["https:\/\/decolights.eu\/product\/led-bulb-1w-g45-e27-warm-white\/"]}]},{"@type":"ImageObject","inLanguage":"sk-SK","@id":"https:\/\/decolights.eu\/product\/led-bulb-1w-g45-e27-warm-white\/#primaryimage","url":"https:\/\/decolights.eu\/wp-content\/uploads\/2023\/04\/g45-ww-t.png","contentUrl":"https:\/\/decolights.eu\/wp-content\/uploads\/2023\/04\/g45-ww-t.png","width":264,"height":292},{"@type":"BreadcrumbList","@id":"https:\/\/decolights.eu\/product\/led-bulb-1w-g45-e27-warm-white\/#breadcrumb","itemListElement":[{"@type":"ListItem","position":1,"name":"Shop","item":"https:\/\/decolights.eu\/shop\/"},{"@type":"ListItem","position":2,"name":"LED Bulb 1W G45 E27 warm white"}]},{"@type":"WebSite","@id":"https:\/\/decolights.eu\/#website","url":"https:\/\/decolights.eu\/","name":"decolights","description":"Led dekor\u00e1cie pre dom a z\u00e1hradu","publisher":{"@id":"https:\/\/decolights.eu\/#organization"},"alternateName":"decolights.eu","potentialAction":[{"@type":"SearchAction","target":{"@type":"EntryPoint","urlTemplate":"https:\/\/decolights.eu\/?s={search_term_string}"},"query-input":{"@type":"PropertyValueSpecification","valueRequired":true,"valueName":"search_term_string"}}],"inLanguage":"sk-SK"},{"@type":"Organization","@id":"https:\/\/decolights.eu\/#organization","name":"decolights","url":"https:\/\/decolights.eu\/","logo":{"@type":"ImageObject","inLanguage":"sk-SK","@id":"https:\/\/decolights.eu\/#\/schema\/logo\/image\/","url":"https:\/\/decolights.eu\/wp-content\/uploads\/2023\/07\/cropped-decolight-siteicon.png","contentUrl":"https:\/\/decolights.eu\/wp-content\/uploads\/2023\/07\/cropped-decolight-siteicon.png","width":512,"height":512,"caption":"decolights"},"image":{"@id":"https:\/\/decolights.eu\/#\/schema\/logo\/image\/"}}]}},"jetpack_sharing_enabled":true,"_links":{"self":[{"href":"https:\/\/decolights.eu\/sk\/wp-json\/wp\/v2\/product\/4658","targetHints":{"allow":["GET"]}}],"collection":[{"href":"https:\/\/decolights.eu\/sk\/wp-json\/wp\/v2\/product"}],"about":[{"href":"https:\/\/decolights.eu\/sk\/wp-json\/wp\/v2\/types\/product"}],"replies":[{"embeddable":true,"href":"https:\/\/decolights.eu\/sk\/wp-json\/wp\/v2\/comments?post=4658"}],"wp:featuredmedia":[{"embeddable":true,"href":"https:\/\/decolights.eu\/sk\/wp-json\/wp\/v2\/media\/4728"}],"wp:attachment":[{"href":"https:\/\/decolights.eu\/sk\/wp-json\/wp\/v2\/media?parent=4658"}],"wp:term":[{"taxonomy":"product_brand","embeddable":true,"href":"https:\/\/decolights.eu\/sk\/wp-json\/wp\/v2\/product_brand?post=4658"},{"taxonomy":"product_cat","embeddable":true,"href":"https:\/\/decolights.eu\/sk\/wp-json\/wp\/v2\/product_cat?post=4658"},{"taxonomy":"product_tag","embeddable":true,"href":"https:\/\/decolights.eu\/sk\/wp-json\/wp\/v2\/product_tag?post=4658"}],"curies":[{"name":"wp","href":"https:\/\/api.w.org\/{rel}","templated":true}]}}