{"id":4699,"date":"2023-04-01T04:22:36","date_gmt":"2023-04-01T04:22:36","guid":{"rendered":"https:\/\/decolights.eu\/?post_type=product&#038;p=4699"},"modified":"2023-05-12T06:21:33","modified_gmt":"2023-05-12T06:21:33","slug":"pro-led-rope-light","status":"publish","type":"product","link":"https:\/\/decolights.eu\/sk\/produkt-2\/pro-led-rope-light\/","title":{"rendered":"Svetlo na lano PRO LED"},"content":{"rendered":"<div>\n<p>N\u00e1\u0161 rad PRO je s\u00e9ria vysokokvalitn\u00fdch LED svetiel s dlhou \u017eivotnos\u0165ou. Girlandy s\u00fa s gumen\u00fdm k\u00e1blom odoln\u00fdm vo\u010di UV \u017eiareniu a m\u00f4\u017eu sa pou\u017e\u00edva\u0165 vonku po cel\u00fd rok.<\/p>\n<p>Lanov\u00e9 svietidlo PRO LED je ide\u00e1lne na zdobenie fas\u00e1d, balk\u00f3nov alebo chodn\u00edkov. Nieko\u013eko n\u00e1padov n\u00e1jdete v gal\u00e9rii. Poskytuje jasn\u00fd a b\u00e1je\u010dn\u00fd efekt blesku a v\u00e1\u0161 domov bude vyzera\u0165 e\u0161te kraj\u0161ie a v\u00fdnimo\u010dnej\u0161ie.<\/p>\n<p>Lanov\u00e9 svetlo je mo\u017en\u00e9 reza\u0165 ka\u017ed\u00fdch 1M, tak\u017ee v pr\u00edpade, \u017ee potrebujete \u0161peci\u00e1lnu d\u013a\u017eku alebo RGB lanov\u00e9 svetlo, nev\u00e1hajte n\u00e1s kontaktova\u0165 <a href=\"mailto:info@decolights.eu\">info@decolights.eu<\/a> (5M je minim\u00e1lna d\u013a\u017eka).<\/p>\n<\/div>\n<div>\n<ul>\n<li><strong>Po\u010det svietidiel<\/strong><strong>: <\/strong>36 LED na meter DIP<\/li>\n<li><b>Priemer lana:\u00a0<\/b>13 mm<\/li>\n<li><strong>Vzdialenos\u0165 medzi LED di\u00f3dami:\u00a0<\/strong>30 mm<\/li>\n<li><strong>D\u013a\u017eka nap\u00e1jacieho k\u00e1bla:\u00a0<\/strong>1,50 mil<\/li>\n<li><strong>Farba k\u00e1bla: <\/strong>\u010dierna<\/li>\n<li><strong>Hodnotenie IP: <\/strong>IP67<\/li>\n<li><strong>Zdroj energie:\u00a0<\/strong>Zapoji\u0165<\/li>\n<li><strong>Materi\u00e1l k\u00e1bla:\u00a0<\/strong>Guma<\/li>\n<li><strong>Pripojite\u013en\u00e9:\u00a0<\/strong>Nie<\/li>\n<li><strong>CE certifikovan\u00e9:\u00a0<\/strong>\u00c1no<\/li>\n<li>230 V, 3,45 W\/m<\/li>\n<\/ul>\n<\/div>\n<div class=\"product_details_parameter_groups spoiler_component\">\n<div class=\"product_details_parameter_group\"><\/div>\n<\/div>","protected":false},"excerpt":{"rendered":"<p>Our PRO line is a high quality and long lasting LED light series. Garlands are with UV-proof, rubber cable and can be used outside all year around. PRO LED Rope light is perfect for decorating facades, balconies or pathways. Please find some ideas in the gallery.\u00a0Gives a bright and fabulous lightning effect and will make [&#8230;]\n","protected":false},"featured_media":4760,"comment_status":"open","ping_status":"closed","template":"","meta":[],"product_brand":[],"product_cat":[238,226,239],"product_tag":[],"class_list":{"0":"post-4699","1":"product","2":"type-product","3":"status-publish","4":"has-post-thumbnail","6":"product_cat-led-rope-lights-outdoor-lights","7":"product_cat-outdoor-lights","8":"product_cat-pro-christmas-lights","9":"pa_available-colours-cold-white","10":"pa_available-colours-warm-white","11":"pa_brand-deco","12":"pa_led-colour-cold-white","13":"pa_led-colour-warm-white","15":"first","16":"instock","17":"sale","18":"shipping-taxable","19":"purchasable","20":"product-type-variable"},"yoast_head":"<!-- This site is optimized with the Yoast SEO plugin v27.3 - https:\/\/yoast.com\/product\/yoast-seo-wordpress\/ -->\n<title>PRO LED Rope light - Best quality and price - Decolights.eu<\/title>\n<meta name=\"description\" content=\"PRO LED rope light is traditional festive decoration and is perfect for decorating facades, balconies and pathways. Buy now for the best price!\" \/>\n<meta name=\"robots\" content=\"index, follow, max-snippet:-1, max-image-preview:large, max-video-preview:-1\" \/>\n<link rel=\"canonical\" href=\"https:\/\/decolights.eu\/sk\/produkt-2\/pro-led-rope-light\/\" \/>\n<meta property=\"og:locale\" content=\"sk_SK\" \/>\n<meta property=\"og:type\" content=\"article\" \/>\n<meta property=\"og:title\" content=\"PRO LED Rope light - Best quality and price - Decolights.eu\" \/>\n<meta property=\"og:description\" content=\"PRO LED rope light is traditional festive decoration and is perfect for decorating facades, balconies and pathways. Buy now for the best price!\" \/>\n<meta property=\"og:url\" content=\"https:\/\/decolights.eu\/sk\/produkt-2\/pro-led-rope-light\/\" \/>\n<meta property=\"og:site_name\" content=\"Decolights.eu\" \/>\n<meta property=\"article:modified_time\" content=\"2023-05-12T06:21:33+00:00\" \/>\n<meta property=\"og:image\" content=\"https:\/\/decolights.eu\/wp-content\/uploads\/2023\/04\/Valgusvoolik-soevalge-1.jpg\" \/>\n\t<meta property=\"og:image:width\" content=\"650\" \/>\n\t<meta property=\"og:image:height\" content=\"366\" \/>\n\t<meta property=\"og:image:type\" content=\"image\/jpeg\" \/>\n<meta name=\"twitter:card\" content=\"summary_large_image\" \/>\n<meta name=\"twitter:label1\" content=\"Predpokladan\u00fd \u010das \u010d\u00edtania\" \/>\n\t<meta name=\"twitter:data1\" content=\"1 min\u00fata\" \/>\n<script type=\"application\/ld+json\" class=\"yoast-schema-graph\">{\"@context\":\"https:\\\/\\\/schema.org\",\"@graph\":[{\"@type\":\"WebPage\",\"@id\":\"https:\\\/\\\/decolights.eu\\\/product\\\/pro-led-rope-light\\\/\",\"url\":\"https:\\\/\\\/decolights.eu\\\/product\\\/pro-led-rope-light\\\/\",\"name\":\"PRO LED Rope light - Best quality and price - Decolights.eu\",\"isPartOf\":{\"@id\":\"https:\\\/\\\/decolights.eu\\\/#website\"},\"primaryImageOfPage\":{\"@id\":\"https:\\\/\\\/decolights.eu\\\/product\\\/pro-led-rope-light\\\/#primaryimage\"},\"image\":{\"@id\":\"https:\\\/\\\/decolights.eu\\\/product\\\/pro-led-rope-light\\\/#primaryimage\"},\"thumbnailUrl\":\"https:\\\/\\\/decolights.eu\\\/wp-content\\\/uploads\\\/2023\\\/04\\\/Valgusvoolik-soevalge-1.jpg\",\"datePublished\":\"2023-04-01T04:22:36+00:00\",\"dateModified\":\"2023-05-12T06:21:33+00:00\",\"description\":\"PRO LED rope light is traditional festive decoration and is perfect for decorating facades, balconies and pathways. Buy now for the best price!\",\"breadcrumb\":{\"@id\":\"https:\\\/\\\/decolights.eu\\\/product\\\/pro-led-rope-light\\\/#breadcrumb\"},\"inLanguage\":\"sk-SK\",\"potentialAction\":[{\"@type\":\"ReadAction\",\"target\":[\"https:\\\/\\\/decolights.eu\\\/product\\\/pro-led-rope-light\\\/\"]}]},{\"@type\":\"ImageObject\",\"inLanguage\":\"sk-SK\",\"@id\":\"https:\\\/\\\/decolights.eu\\\/product\\\/pro-led-rope-light\\\/#primaryimage\",\"url\":\"https:\\\/\\\/decolights.eu\\\/wp-content\\\/uploads\\\/2023\\\/04\\\/Valgusvoolik-soevalge-1.jpg\",\"contentUrl\":\"https:\\\/\\\/decolights.eu\\\/wp-content\\\/uploads\\\/2023\\\/04\\\/Valgusvoolik-soevalge-1.jpg\",\"width\":650,\"height\":366},{\"@type\":\"BreadcrumbList\",\"@id\":\"https:\\\/\\\/decolights.eu\\\/product\\\/pro-led-rope-light\\\/#breadcrumb\",\"itemListElement\":[{\"@type\":\"ListItem\",\"position\":1,\"name\":\"Shop\",\"item\":\"https:\\\/\\\/decolights.eu\\\/shop\\\/\"},{\"@type\":\"ListItem\",\"position\":2,\"name\":\"PRO LED Rope light\"}]},{\"@type\":\"WebSite\",\"@id\":\"https:\\\/\\\/decolights.eu\\\/#website\",\"url\":\"https:\\\/\\\/decolights.eu\\\/\",\"name\":\"decolights\",\"description\":\"Led Decorations for Home and Garden\",\"publisher\":{\"@id\":\"https:\\\/\\\/decolights.eu\\\/#organization\"},\"alternateName\":\"decolights.eu\",\"potentialAction\":[{\"@type\":\"SearchAction\",\"target\":{\"@type\":\"EntryPoint\",\"urlTemplate\":\"https:\\\/\\\/decolights.eu\\\/?s={search_term_string}\"},\"query-input\":{\"@type\":\"PropertyValueSpecification\",\"valueRequired\":true,\"valueName\":\"search_term_string\"}}],\"inLanguage\":\"sk-SK\"},{\"@type\":\"Organization\",\"@id\":\"https:\\\/\\\/decolights.eu\\\/#organization\",\"name\":\"decolights\",\"url\":\"https:\\\/\\\/decolights.eu\\\/\",\"logo\":{\"@type\":\"ImageObject\",\"inLanguage\":\"sk-SK\",\"@id\":\"https:\\\/\\\/decolights.eu\\\/#\\\/schema\\\/logo\\\/image\\\/\",\"url\":\"https:\\\/\\\/decolights.eu\\\/wp-content\\\/uploads\\\/2023\\\/07\\\/cropped-decolight-siteicon.png\",\"contentUrl\":\"https:\\\/\\\/decolights.eu\\\/wp-content\\\/uploads\\\/2023\\\/07\\\/cropped-decolight-siteicon.png\",\"width\":512,\"height\":512,\"caption\":\"decolights\"},\"image\":{\"@id\":\"https:\\\/\\\/decolights.eu\\\/#\\\/schema\\\/logo\\\/image\\\/\"}}]}<\/script>\n<!-- \/ Yoast SEO plugin. -->","yoast_head_json":{"title":"PRO LED Lanov\u00e9 svetlo - Najlep\u0161ia kvalita a cena - Decolights.eu","description":"Lanov\u00e9 svietidlo PRO LED je tradi\u010dn\u00e1 sl\u00e1vnostn\u00e1 dekor\u00e1cia a je ide\u00e1lne na zdobenie fas\u00e1d, balk\u00f3nov a chodn\u00edkov. Nak\u00fapte teraz za najlep\u0161iu cenu!","robots":{"index":"index","follow":"follow","max-snippet":"max-snippet:-1","max-image-preview":"max-image-preview:large","max-video-preview":"max-video-preview:-1"},"canonical":"https:\/\/decolights.eu\/sk\/produkt-2\/pro-led-rope-light\/","og_locale":"sk_SK","og_type":"article","og_title":"PRO LED Rope light - Best quality and price - Decolights.eu","og_description":"PRO LED rope light is traditional festive decoration and is perfect for decorating facades, balconies and pathways. Buy now for the best price!","og_url":"https:\/\/decolights.eu\/sk\/produkt-2\/pro-led-rope-light\/","og_site_name":"Decolights.eu","article_modified_time":"2023-05-12T06:21:33+00:00","og_image":[{"width":650,"height":366,"url":"https:\/\/decolights.eu\/wp-content\/uploads\/2023\/04\/Valgusvoolik-soevalge-1.jpg","type":"image\/jpeg"}],"twitter_card":"summary_large_image","twitter_misc":{"Predpokladan\u00fd \u010das \u010d\u00edtania":"1 min\u00fata"},"schema":{"@context":"https:\/\/schema.org","@graph":[{"@type":"WebPage","@id":"https:\/\/decolights.eu\/product\/pro-led-rope-light\/","url":"https:\/\/decolights.eu\/product\/pro-led-rope-light\/","name":"PRO LED Lanov\u00e9 svetlo - Najlep\u0161ia kvalita a cena - Decolights.eu","isPartOf":{"@id":"https:\/\/decolights.eu\/#website"},"primaryImageOfPage":{"@id":"https:\/\/decolights.eu\/product\/pro-led-rope-light\/#primaryimage"},"image":{"@id":"https:\/\/decolights.eu\/product\/pro-led-rope-light\/#primaryimage"},"thumbnailUrl":"https:\/\/decolights.eu\/wp-content\/uploads\/2023\/04\/Valgusvoolik-soevalge-1.jpg","datePublished":"2023-04-01T04:22:36+00:00","dateModified":"2023-05-12T06:21:33+00:00","description":"Lanov\u00e9 svietidlo PRO LED je tradi\u010dn\u00e1 sl\u00e1vnostn\u00e1 dekor\u00e1cia a je ide\u00e1lne na zdobenie fas\u00e1d, balk\u00f3nov a chodn\u00edkov. Nak\u00fapte teraz za najlep\u0161iu cenu!","breadcrumb":{"@id":"https:\/\/decolights.eu\/product\/pro-led-rope-light\/#breadcrumb"},"inLanguage":"sk-SK","potentialAction":[{"@type":"ReadAction","target":["https:\/\/decolights.eu\/product\/pro-led-rope-light\/"]}]},{"@type":"ImageObject","inLanguage":"sk-SK","@id":"https:\/\/decolights.eu\/product\/pro-led-rope-light\/#primaryimage","url":"https:\/\/decolights.eu\/wp-content\/uploads\/2023\/04\/Valgusvoolik-soevalge-1.jpg","contentUrl":"https:\/\/decolights.eu\/wp-content\/uploads\/2023\/04\/Valgusvoolik-soevalge-1.jpg","width":650,"height":366},{"@type":"BreadcrumbList","@id":"https:\/\/decolights.eu\/product\/pro-led-rope-light\/#breadcrumb","itemListElement":[{"@type":"ListItem","position":1,"name":"Shop","item":"https:\/\/decolights.eu\/shop\/"},{"@type":"ListItem","position":2,"name":"PRO LED Rope light"}]},{"@type":"WebSite","@id":"https:\/\/decolights.eu\/#website","url":"https:\/\/decolights.eu\/","name":"decolights","description":"Led dekor\u00e1cie pre dom a z\u00e1hradu","publisher":{"@id":"https:\/\/decolights.eu\/#organization"},"alternateName":"decolights.eu","potentialAction":[{"@type":"SearchAction","target":{"@type":"EntryPoint","urlTemplate":"https:\/\/decolights.eu\/?s={search_term_string}"},"query-input":{"@type":"PropertyValueSpecification","valueRequired":true,"valueName":"search_term_string"}}],"inLanguage":"sk-SK"},{"@type":"Organization","@id":"https:\/\/decolights.eu\/#organization","name":"decolights","url":"https:\/\/decolights.eu\/","logo":{"@type":"ImageObject","inLanguage":"sk-SK","@id":"https:\/\/decolights.eu\/#\/schema\/logo\/image\/","url":"https:\/\/decolights.eu\/wp-content\/uploads\/2023\/07\/cropped-decolight-siteicon.png","contentUrl":"https:\/\/decolights.eu\/wp-content\/uploads\/2023\/07\/cropped-decolight-siteicon.png","width":512,"height":512,"caption":"decolights"},"image":{"@id":"https:\/\/decolights.eu\/#\/schema\/logo\/image\/"}}]}},"jetpack_sharing_enabled":true,"_links":{"self":[{"href":"https:\/\/decolights.eu\/sk\/wp-json\/wp\/v2\/product\/4699","targetHints":{"allow":["GET"]}}],"collection":[{"href":"https:\/\/decolights.eu\/sk\/wp-json\/wp\/v2\/product"}],"about":[{"href":"https:\/\/decolights.eu\/sk\/wp-json\/wp\/v2\/types\/product"}],"replies":[{"embeddable":true,"href":"https:\/\/decolights.eu\/sk\/wp-json\/wp\/v2\/comments?post=4699"}],"wp:featuredmedia":[{"embeddable":true,"href":"https:\/\/decolights.eu\/sk\/wp-json\/wp\/v2\/media\/4760"}],"wp:attachment":[{"href":"https:\/\/decolights.eu\/sk\/wp-json\/wp\/v2\/media?parent=4699"}],"wp:term":[{"taxonomy":"product_brand","embeddable":true,"href":"https:\/\/decolights.eu\/sk\/wp-json\/wp\/v2\/product_brand?post=4699"},{"taxonomy":"product_cat","embeddable":true,"href":"https:\/\/decolights.eu\/sk\/wp-json\/wp\/v2\/product_cat?post=4699"},{"taxonomy":"product_tag","embeddable":true,"href":"https:\/\/decolights.eu\/sk\/wp-json\/wp\/v2\/product_tag?post=4699"}],"curies":[{"name":"wp","href":"https:\/\/api.w.org\/{rel}","templated":true}]}}