{"id":4702,"date":"2023-04-01T04:22:36","date_gmt":"2023-04-01T04:22:36","guid":{"rendered":"https:\/\/decolights.eu\/?post_type=product&#038;p=4702"},"modified":"2023-05-01T09:35:22","modified_gmt":"2023-05-01T09:35:22","slug":"rope-light-holder-10pcs","status":"publish","type":"product","link":"https:\/\/decolights.eu\/sk\/produkt-2\/rope-light-holder-10pcs\/","title":{"rendered":"Dr\u017eiak na lano 10ks"},"content":{"rendered":"<p>Pomocou t\u00fdchto dr\u017eiakov \u013eahko pripevn\u00edte lanov\u00e9 svetlo na va\u0161u fas\u00e1du alebo stenu.<\/p>\n<ul>\n<li>10ks v cene<\/li>\n<li>Vhodn\u00e9 pre ak\u00e9ko\u013evek lanov\u00e9 svetlo alebo ak\u00e9ko\u013evek podobn\u00e9 girlandy.<\/li>\n<\/ul>","protected":false},"excerpt":{"rendered":"<p>With this holders you can attach rope light easily to your facade or wall. 10pcs included Suitable for any rope light or any similar garlands.<\/p>","protected":false},"featured_media":5214,"comment_status":"open","ping_status":"closed","template":"","meta":[],"product_brand":[],"product_cat":[211,212],"product_tag":[],"class_list":{"0":"post-4702","1":"product","2":"type-product","3":"status-publish","4":"has-post-thumbnail","6":"product_cat-accessories","7":"product_cat-pro-accessories","8":"pa_brand-deco","10":"first","11":"instock","12":"sale","13":"shipping-taxable","14":"purchasable","15":"product-type-simple"},"yoast_head":"<!-- This site is optimized with the Yoast SEO plugin v27.3 - https:\/\/yoast.com\/product\/yoast-seo-wordpress\/ -->\n<title>Rope Light Holder 10pcs - Decolights.eu<\/title>\n<meta name=\"description\" content=\"Buy now rope Light Holder 10pcs in package for the best price to attach rope light easily to your facade or wall.\u00a0Great accessory to ease decoration.\" \/>\n<meta name=\"robots\" content=\"index, follow, max-snippet:-1, max-image-preview:large, max-video-preview:-1\" \/>\n<link rel=\"canonical\" href=\"https:\/\/decolights.eu\/sk\/produkt-2\/rope-light-holder-10pcs\/\" \/>\n<meta property=\"og:locale\" content=\"sk_SK\" \/>\n<meta property=\"og:type\" content=\"article\" \/>\n<meta property=\"og:title\" content=\"Rope Light Holder 10pcs - Decolights.eu\" \/>\n<meta property=\"og:description\" content=\"Buy now rope Light Holder 10pcs in package for the best price to attach rope light easily to your facade or wall.\u00a0Great accessory to ease decoration.\" \/>\n<meta property=\"og:url\" content=\"https:\/\/decolights.eu\/sk\/produkt-2\/rope-light-holder-10pcs\/\" \/>\n<meta property=\"og:site_name\" content=\"Decolights.eu\" \/>\n<meta property=\"article:modified_time\" content=\"2023-05-01T09:35:22+00:00\" \/>\n<meta property=\"og:image\" content=\"https:\/\/decolights.eu\/wp-content\/uploads\/2023\/04\/image.jpg\" \/>\n\t<meta property=\"og:image:width\" content=\"476\" \/>\n\t<meta property=\"og:image:height\" content=\"600\" \/>\n\t<meta property=\"og:image:type\" content=\"image\/jpeg\" \/>\n<meta name=\"twitter:card\" content=\"summary_large_image\" \/>\n<meta name=\"twitter:label1\" content=\"Predpokladan\u00fd \u010das \u010d\u00edtania\" \/>\n\t<meta name=\"twitter:data1\" content=\"1 min\u00fata\" \/>\n<script type=\"application\/ld+json\" class=\"yoast-schema-graph\">{\"@context\":\"https:\\\/\\\/schema.org\",\"@graph\":[{\"@type\":\"WebPage\",\"@id\":\"https:\\\/\\\/decolights.eu\\\/product\\\/rope-light-holder-10pcs\\\/\",\"url\":\"https:\\\/\\\/decolights.eu\\\/product\\\/rope-light-holder-10pcs\\\/\",\"name\":\"Rope Light Holder 10pcs - Decolights.eu\",\"isPartOf\":{\"@id\":\"https:\\\/\\\/decolights.eu\\\/#website\"},\"primaryImageOfPage\":{\"@id\":\"https:\\\/\\\/decolights.eu\\\/product\\\/rope-light-holder-10pcs\\\/#primaryimage\"},\"image\":{\"@id\":\"https:\\\/\\\/decolights.eu\\\/product\\\/rope-light-holder-10pcs\\\/#primaryimage\"},\"thumbnailUrl\":\"https:\\\/\\\/decolights.eu\\\/wp-content\\\/uploads\\\/2023\\\/04\\\/image.jpg\",\"datePublished\":\"2023-04-01T04:22:36+00:00\",\"dateModified\":\"2023-05-01T09:35:22+00:00\",\"description\":\"Buy now rope Light Holder 10pcs in package for the best price to attach rope light easily to your facade or wall.\u00a0Great accessory to ease decoration.\",\"breadcrumb\":{\"@id\":\"https:\\\/\\\/decolights.eu\\\/product\\\/rope-light-holder-10pcs\\\/#breadcrumb\"},\"inLanguage\":\"sk-SK\",\"potentialAction\":[{\"@type\":\"ReadAction\",\"target\":[\"https:\\\/\\\/decolights.eu\\\/product\\\/rope-light-holder-10pcs\\\/\"]}]},{\"@type\":\"ImageObject\",\"inLanguage\":\"sk-SK\",\"@id\":\"https:\\\/\\\/decolights.eu\\\/product\\\/rope-light-holder-10pcs\\\/#primaryimage\",\"url\":\"https:\\\/\\\/decolights.eu\\\/wp-content\\\/uploads\\\/2023\\\/04\\\/image.jpg\",\"contentUrl\":\"https:\\\/\\\/decolights.eu\\\/wp-content\\\/uploads\\\/2023\\\/04\\\/image.jpg\",\"width\":476,\"height\":600},{\"@type\":\"BreadcrumbList\",\"@id\":\"https:\\\/\\\/decolights.eu\\\/product\\\/rope-light-holder-10pcs\\\/#breadcrumb\",\"itemListElement\":[{\"@type\":\"ListItem\",\"position\":1,\"name\":\"Shop\",\"item\":\"https:\\\/\\\/decolights.eu\\\/shop\\\/\"},{\"@type\":\"ListItem\",\"position\":2,\"name\":\"Rope Light Holder 10pcs\"}]},{\"@type\":\"WebSite\",\"@id\":\"https:\\\/\\\/decolights.eu\\\/#website\",\"url\":\"https:\\\/\\\/decolights.eu\\\/\",\"name\":\"decolights\",\"description\":\"Led Decorations for Home and Garden\",\"publisher\":{\"@id\":\"https:\\\/\\\/decolights.eu\\\/#organization\"},\"alternateName\":\"decolights.eu\",\"potentialAction\":[{\"@type\":\"SearchAction\",\"target\":{\"@type\":\"EntryPoint\",\"urlTemplate\":\"https:\\\/\\\/decolights.eu\\\/?s={search_term_string}\"},\"query-input\":{\"@type\":\"PropertyValueSpecification\",\"valueRequired\":true,\"valueName\":\"search_term_string\"}}],\"inLanguage\":\"sk-SK\"},{\"@type\":\"Organization\",\"@id\":\"https:\\\/\\\/decolights.eu\\\/#organization\",\"name\":\"decolights\",\"url\":\"https:\\\/\\\/decolights.eu\\\/\",\"logo\":{\"@type\":\"ImageObject\",\"inLanguage\":\"sk-SK\",\"@id\":\"https:\\\/\\\/decolights.eu\\\/#\\\/schema\\\/logo\\\/image\\\/\",\"url\":\"https:\\\/\\\/decolights.eu\\\/wp-content\\\/uploads\\\/2023\\\/07\\\/cropped-decolight-siteicon.png\",\"contentUrl\":\"https:\\\/\\\/decolights.eu\\\/wp-content\\\/uploads\\\/2023\\\/07\\\/cropped-decolight-siteicon.png\",\"width\":512,\"height\":512,\"caption\":\"decolights\"},\"image\":{\"@id\":\"https:\\\/\\\/decolights.eu\\\/#\\\/schema\\\/logo\\\/image\\\/\"}}]}<\/script>\n<!-- \/ Yoast SEO plugin. -->","yoast_head_json":{"title":"Dr\u017eiak na lano 10ks - Decolights.eu","description":"K\u00fapte teraz lanov\u00fd dr\u017eiak svetla 10ks v balen\u00ed za najlep\u0161iu cenu na jednoduch\u00e9 pripevnenie lanov\u00e9ho svetla na va\u0161u fas\u00e1du alebo stenu. Skvel\u00fd doplnok na u\u013eah\u010denie dekor\u00e1cie.","robots":{"index":"index","follow":"follow","max-snippet":"max-snippet:-1","max-image-preview":"max-image-preview:large","max-video-preview":"max-video-preview:-1"},"canonical":"https:\/\/decolights.eu\/sk\/produkt-2\/rope-light-holder-10pcs\/","og_locale":"sk_SK","og_type":"article","og_title":"Rope Light Holder 10pcs - Decolights.eu","og_description":"Buy now rope Light Holder 10pcs in package for the best price to attach rope light easily to your facade or wall.\u00a0Great accessory to ease decoration.","og_url":"https:\/\/decolights.eu\/sk\/produkt-2\/rope-light-holder-10pcs\/","og_site_name":"Decolights.eu","article_modified_time":"2023-05-01T09:35:22+00:00","og_image":[{"width":476,"height":600,"url":"https:\/\/decolights.eu\/wp-content\/uploads\/2023\/04\/image.jpg","type":"image\/jpeg"}],"twitter_card":"summary_large_image","twitter_misc":{"Predpokladan\u00fd \u010das \u010d\u00edtania":"1 min\u00fata"},"schema":{"@context":"https:\/\/schema.org","@graph":[{"@type":"WebPage","@id":"https:\/\/decolights.eu\/product\/rope-light-holder-10pcs\/","url":"https:\/\/decolights.eu\/product\/rope-light-holder-10pcs\/","name":"Dr\u017eiak na lano 10ks - Decolights.eu","isPartOf":{"@id":"https:\/\/decolights.eu\/#website"},"primaryImageOfPage":{"@id":"https:\/\/decolights.eu\/product\/rope-light-holder-10pcs\/#primaryimage"},"image":{"@id":"https:\/\/decolights.eu\/product\/rope-light-holder-10pcs\/#primaryimage"},"thumbnailUrl":"https:\/\/decolights.eu\/wp-content\/uploads\/2023\/04\/image.jpg","datePublished":"2023-04-01T04:22:36+00:00","dateModified":"2023-05-01T09:35:22+00:00","description":"K\u00fapte teraz lanov\u00fd dr\u017eiak svetla 10ks v balen\u00ed za najlep\u0161iu cenu na jednoduch\u00e9 pripevnenie lanov\u00e9ho svetla na va\u0161u fas\u00e1du alebo stenu. Skvel\u00fd doplnok na u\u013eah\u010denie dekor\u00e1cie.","breadcrumb":{"@id":"https:\/\/decolights.eu\/product\/rope-light-holder-10pcs\/#breadcrumb"},"inLanguage":"sk-SK","potentialAction":[{"@type":"ReadAction","target":["https:\/\/decolights.eu\/product\/rope-light-holder-10pcs\/"]}]},{"@type":"ImageObject","inLanguage":"sk-SK","@id":"https:\/\/decolights.eu\/product\/rope-light-holder-10pcs\/#primaryimage","url":"https:\/\/decolights.eu\/wp-content\/uploads\/2023\/04\/image.jpg","contentUrl":"https:\/\/decolights.eu\/wp-content\/uploads\/2023\/04\/image.jpg","width":476,"height":600},{"@type":"BreadcrumbList","@id":"https:\/\/decolights.eu\/product\/rope-light-holder-10pcs\/#breadcrumb","itemListElement":[{"@type":"ListItem","position":1,"name":"Shop","item":"https:\/\/decolights.eu\/shop\/"},{"@type":"ListItem","position":2,"name":"Rope Light Holder 10pcs"}]},{"@type":"WebSite","@id":"https:\/\/decolights.eu\/#website","url":"https:\/\/decolights.eu\/","name":"decolights","description":"Led dekor\u00e1cie pre dom a z\u00e1hradu","publisher":{"@id":"https:\/\/decolights.eu\/#organization"},"alternateName":"decolights.eu","potentialAction":[{"@type":"SearchAction","target":{"@type":"EntryPoint","urlTemplate":"https:\/\/decolights.eu\/?s={search_term_string}"},"query-input":{"@type":"PropertyValueSpecification","valueRequired":true,"valueName":"search_term_string"}}],"inLanguage":"sk-SK"},{"@type":"Organization","@id":"https:\/\/decolights.eu\/#organization","name":"decolights","url":"https:\/\/decolights.eu\/","logo":{"@type":"ImageObject","inLanguage":"sk-SK","@id":"https:\/\/decolights.eu\/#\/schema\/logo\/image\/","url":"https:\/\/decolights.eu\/wp-content\/uploads\/2023\/07\/cropped-decolight-siteicon.png","contentUrl":"https:\/\/decolights.eu\/wp-content\/uploads\/2023\/07\/cropped-decolight-siteicon.png","width":512,"height":512,"caption":"decolights"},"image":{"@id":"https:\/\/decolights.eu\/#\/schema\/logo\/image\/"}}]}},"jetpack_sharing_enabled":true,"_links":{"self":[{"href":"https:\/\/decolights.eu\/sk\/wp-json\/wp\/v2\/product\/4702","targetHints":{"allow":["GET"]}}],"collection":[{"href":"https:\/\/decolights.eu\/sk\/wp-json\/wp\/v2\/product"}],"about":[{"href":"https:\/\/decolights.eu\/sk\/wp-json\/wp\/v2\/types\/product"}],"replies":[{"embeddable":true,"href":"https:\/\/decolights.eu\/sk\/wp-json\/wp\/v2\/comments?post=4702"}],"wp:featuredmedia":[{"embeddable":true,"href":"https:\/\/decolights.eu\/sk\/wp-json\/wp\/v2\/media\/5214"}],"wp:attachment":[{"href":"https:\/\/decolights.eu\/sk\/wp-json\/wp\/v2\/media?parent=4702"}],"wp:term":[{"taxonomy":"product_brand","embeddable":true,"href":"https:\/\/decolights.eu\/sk\/wp-json\/wp\/v2\/product_brand?post=4702"},{"taxonomy":"product_cat","embeddable":true,"href":"https:\/\/decolights.eu\/sk\/wp-json\/wp\/v2\/product_cat?post=4702"},{"taxonomy":"product_tag","embeddable":true,"href":"https:\/\/decolights.eu\/sk\/wp-json\/wp\/v2\/product_tag?post=4702"}],"curies":[{"name":"wp","href":"https:\/\/api.w.org\/{rel}","templated":true}]}}