{"id":5052,"date":"2023-04-01T04:26:07","date_gmt":"2023-04-01T04:26:07","guid":{"rendered":"https:\/\/decolights.eu\/?post_type=product&#038;p=5052"},"modified":"2023-05-01T14:55:54","modified_gmt":"2023-05-01T14:55:54","slug":"rgb-festoon-led-lights-15m-15-bulbs","status":"publish","type":"product","link":"https:\/\/decolights.eu\/sk\/produkt-2\/rgb-festoon-led-lights-15m-15-bulbs\/","title":{"rendered":"RGB Festoon LED svetl\u00e1 15M 15 \u017eiaroviek"},"content":{"rendered":"<p><strong>A\u017d\u00a0<\/strong><strong>21<\/strong><strong>\u00a0RE\u017dIMY OSVETLENIA \u2013<\/strong>\u00a0toto jedine\u010dn\u00e9 osvetlenie m\u00e1 a\u017e 21 r\u00f4znych sveteln\u00fdch re\u017eimov, v\u010faka \u010domu<strong>\u00a0vytv\u00e1ra jedine\u010dn\u00fa a jedine\u010dn\u00fa dekor\u00e1ciu a atmosf\u00e9ru ka\u017ed\u00e9ho interi\u00e9ru a z\u00e1hrady<\/strong>\u00a0. Svietidl\u00e1 maj\u00fa r\u00f4zne sveteln\u00e9 sekvencie, ktor\u00e9 je mo\u017en\u00e9 ovl\u00e1da\u0165 pomocou prilo\u017een\u00e9ho dia\u013ekov\u00e9ho ovl\u00e1da\u010da. Girlanda je nap\u00e1jan\u00e1 zo siete, tak\u017ee sa nemus\u00edte b\u00e1\u0165 neust\u00e1leho vymie\u0148ania bat\u00e9ri\u00ed.<\/p>\n<p><strong>15 \u017dIAROViek<\/strong><strong>\u00a0LED \u2013\u00a0<\/strong>V\u010faka tomu, \u017ee svietidl\u00e1 s\u00fa LED, spotrebuj\u00fa ove\u013ea menej energie ako tradi\u010dn\u00e9 sveteln\u00e9 zdroje, preto\u017ee pri svieten\u00ed nevy\u017earuj\u00fa teplo. Dekor\u00e1cia m\u00e1 a\u017e 15 LED \u017eiaroviek, ktor\u00e9 roz\u017eiaria aj ten najtmav\u0161\u00ed interi\u00e9r a urobia ho \u00fatuln\u00fdm a atmosf\u00e9rick\u00fdm.<\/p>\n<p><strong>VODEODOLN\u00dd -\u00a0<\/strong>ozdoba je vodotesn\u00e1 pod\u013ea IP65, \u010do znamen\u00e1, \u017ee je chr\u00e1nen\u00e1 proti a\u00a0<strong>pr\u00fad vody (12,5 l \/ min) naliaty na kryt z ktorejko\u013evek strany. M\u00e1 ochranu proti pr\u00edstupu k nebezpe\u010dn\u00fdm \u010dastiam a ochranu proti prachu.<\/strong><\/p>\n<div style=\"width: 1020px;\" class=\"wp-video\"><video class=\"wp-video-shortcode\" id=\"video-5052-1\" width=\"1020\" height=\"609\" preload=\"metadata\" controls=\"controls\"><source type=\"video\/mp4\" src=\"https:\/\/www.joulutuled.ee\/wp-content\/uploads\/2021\/07\/RGB_lambiketi_komplekt_15M_15_lampi.mp4?_=1\" \/><a href=\"https:\/\/www.joulutuled.ee\/wp-content\/uploads\/2021\/07\/RGB_lambiketi_komplekt_15M_15_lampi.mp4\">https:\/\/www.joulutuled.ee\/wp-content\/uploads\/2021\/07\/RGB_lambiketi_komplekt_15M_15_lampi.mp4<\/a><\/video><\/div>\n<p>&nbsp;<\/p>\n<ul>\n<li><strong>Farba LED:\u00a0<\/strong>RGB<\/li>\n<li><strong>Po\u010det svietidiel<\/strong><strong>: <\/strong>15 ks<\/li>\n<li><strong>Celkov\u00e1 d\u013a\u017eka (vr\u00e1tane nap\u00e1jacieho k\u00e1bla): <\/strong>15 mil<\/li>\n<li><strong>Nap\u00e1jac\u00ed k\u00e1bel:<\/strong> 1,40 mil<\/li>\n<li><strong>Vzdialenos\u0165 medzi \u017eiarovkami:<\/strong> 90 cm<\/li>\n<li><strong>Farba k\u00e1bla: <\/strong>\u010dierna<\/li>\n<li><strong>\u017diarovky:\u00a0<\/strong>0,60 W<\/li>\n<li><strong>Hodnotenie IP: <\/strong>IP65<\/li>\n<li><strong>Zdroj energie:\u00a0<\/strong>Zapoji\u0165<\/li>\n<li><strong>Materi\u00e1l k\u00e1bla:\u00a0<\/strong>PVC<\/li>\n<li><strong>Dia\u013ekov\u00e9 ovl\u00e1danie:\u00a0<\/strong>\u00c1no<\/li>\n<li><strong>Pripojite\u013en\u00e9:\u00a0<\/strong>\u00c1no (maxim\u00e1lne 3 sady)<\/li>\n<li><strong>Uz\u00e1ver\/z\u00e1suvka:\u00a0<\/strong>Vymenite\u013en\u00e9 (E27 len na rovnak\u00fd typ RGB \u017eiaroviek)<\/li>\n<li><strong>CE certifikovan\u00e9:\u00a0<\/strong>\u00c1no<\/li>\n<li>220-240V<\/li>\n<\/ul>","protected":false},"excerpt":{"rendered":"<p>UNTIL\u00a021\u00a0LIGHTING MODES &#8211;\u00a0this unique lighting has as many as 21 different lighting modes, thanks to which\u00a0creates a unique and unique decoration and atmosphere of any interior and garden\u00a0. The lamps have different lighting sequences that can be controlled with the included remote control. The garland is powered from the mains, so you do not have [&#8230;]\n","protected":false},"featured_media":5126,"comment_status":"open","ping_status":"closed","template":"","meta":[],"product_brand":[],"product_cat":[227,226],"product_tag":[],"class_list":{"0":"post-5052","1":"product","2":"type-product","3":"status-publish","4":"has-post-thumbnail","6":"product_cat-led-festoon-lights-outdoor-lights","7":"product_cat-outdoor-lights","8":"pa_brand-deco","9":"pa_led-colour-multi-coloured","11":"first","12":"instock","13":"sale","14":"shipping-taxable","15":"purchasable","16":"product-type-simple"},"yoast_head":"<!-- This site is optimized with the Yoast SEO plugin v27.3 - https:\/\/yoast.com\/product\/yoast-seo-wordpress\/ -->\n<title>RGB Festoon LED lights 15M 15 bulbs - Best price - Decolights.eu<\/title>\n<meta name=\"description\" content=\"Decorate your patio or garden with a nice festoon RGB LED lights with hanging bulbs to get an outstanding atmosphere. Buy now the get the best price!\" \/>\n<meta name=\"robots\" content=\"index, follow, max-snippet:-1, max-image-preview:large, max-video-preview:-1\" \/>\n<link rel=\"canonical\" href=\"https:\/\/decolights.eu\/sk\/produkt-2\/rgb-festoon-led-lights-15m-15-bulbs\/\" \/>\n<meta property=\"og:locale\" content=\"sk_SK\" \/>\n<meta property=\"og:type\" content=\"article\" \/>\n<meta property=\"og:title\" content=\"RGB Festoon LED lights 15M 15 bulbs - Best price - Decolights.eu\" \/>\n<meta property=\"og:description\" content=\"Decorate your patio or garden with a nice festoon RGB LED lights with hanging bulbs to get an outstanding atmosphere. Buy now the get the best price!\" \/>\n<meta property=\"og:url\" content=\"https:\/\/decolights.eu\/sk\/produkt-2\/rgb-festoon-led-lights-15m-15-bulbs\/\" \/>\n<meta property=\"og:site_name\" content=\"Decolights.eu\" \/>\n<meta property=\"article:modified_time\" content=\"2023-05-01T14:55:54+00:00\" \/>\n<meta property=\"og:image\" content=\"https:\/\/decolights.eu\/wp-content\/uploads\/2023\/04\/Hanging-garden-garland-15m-12V-IP65-15323_7.jpg\" \/>\n\t<meta property=\"og:image:width\" content=\"1500\" \/>\n\t<meta property=\"og:image:height\" content=\"1457\" \/>\n\t<meta property=\"og:image:type\" content=\"image\/jpeg\" \/>\n<meta name=\"twitter:card\" content=\"summary_large_image\" \/>\n<meta name=\"twitter:label1\" content=\"Predpokladan\u00fd \u010das \u010d\u00edtania\" \/>\n\t<meta name=\"twitter:data1\" content=\"1 min\u00fata\" \/>\n<script type=\"application\/ld+json\" class=\"yoast-schema-graph\">{\"@context\":\"https:\\\/\\\/schema.org\",\"@graph\":[{\"@type\":\"WebPage\",\"@id\":\"https:\\\/\\\/decolights.eu\\\/product\\\/rgb-festoon-led-lights-15m-15-bulbs\\\/\",\"url\":\"https:\\\/\\\/decolights.eu\\\/product\\\/rgb-festoon-led-lights-15m-15-bulbs\\\/\",\"name\":\"RGB Festoon LED lights 15M 15 bulbs - Best price - Decolights.eu\",\"isPartOf\":{\"@id\":\"https:\\\/\\\/decolights.eu\\\/#website\"},\"primaryImageOfPage\":{\"@id\":\"https:\\\/\\\/decolights.eu\\\/product\\\/rgb-festoon-led-lights-15m-15-bulbs\\\/#primaryimage\"},\"image\":{\"@id\":\"https:\\\/\\\/decolights.eu\\\/product\\\/rgb-festoon-led-lights-15m-15-bulbs\\\/#primaryimage\"},\"thumbnailUrl\":\"https:\\\/\\\/decolights.eu\\\/wp-content\\\/uploads\\\/2023\\\/04\\\/Hanging-garden-garland-15m-12V-IP65-15323_7.jpg\",\"datePublished\":\"2023-04-01T04:26:07+00:00\",\"dateModified\":\"2023-05-01T14:55:54+00:00\",\"description\":\"Decorate your patio or garden with a nice festoon RGB LED lights with hanging bulbs to get an outstanding atmosphere. Buy now the get the best price!\",\"breadcrumb\":{\"@id\":\"https:\\\/\\\/decolights.eu\\\/product\\\/rgb-festoon-led-lights-15m-15-bulbs\\\/#breadcrumb\"},\"inLanguage\":\"sk-SK\",\"potentialAction\":[{\"@type\":\"ReadAction\",\"target\":[\"https:\\\/\\\/decolights.eu\\\/product\\\/rgb-festoon-led-lights-15m-15-bulbs\\\/\"]}]},{\"@type\":\"ImageObject\",\"inLanguage\":\"sk-SK\",\"@id\":\"https:\\\/\\\/decolights.eu\\\/product\\\/rgb-festoon-led-lights-15m-15-bulbs\\\/#primaryimage\",\"url\":\"https:\\\/\\\/decolights.eu\\\/wp-content\\\/uploads\\\/2023\\\/04\\\/Hanging-garden-garland-15m-12V-IP65-15323_7.jpg\",\"contentUrl\":\"https:\\\/\\\/decolights.eu\\\/wp-content\\\/uploads\\\/2023\\\/04\\\/Hanging-garden-garland-15m-12V-IP65-15323_7.jpg\",\"width\":1500,\"height\":1457},{\"@type\":\"BreadcrumbList\",\"@id\":\"https:\\\/\\\/decolights.eu\\\/product\\\/rgb-festoon-led-lights-15m-15-bulbs\\\/#breadcrumb\",\"itemListElement\":[{\"@type\":\"ListItem\",\"position\":1,\"name\":\"Shop\",\"item\":\"https:\\\/\\\/decolights.eu\\\/shop\\\/\"},{\"@type\":\"ListItem\",\"position\":2,\"name\":\"RGB Festoon LED lights 15M 15 bulbs\"}]},{\"@type\":\"WebSite\",\"@id\":\"https:\\\/\\\/decolights.eu\\\/#website\",\"url\":\"https:\\\/\\\/decolights.eu\\\/\",\"name\":\"decolights\",\"description\":\"Led Decorations for Home and Garden\",\"publisher\":{\"@id\":\"https:\\\/\\\/decolights.eu\\\/#organization\"},\"alternateName\":\"decolights.eu\",\"potentialAction\":[{\"@type\":\"SearchAction\",\"target\":{\"@type\":\"EntryPoint\",\"urlTemplate\":\"https:\\\/\\\/decolights.eu\\\/?s={search_term_string}\"},\"query-input\":{\"@type\":\"PropertyValueSpecification\",\"valueRequired\":true,\"valueName\":\"search_term_string\"}}],\"inLanguage\":\"sk-SK\"},{\"@type\":\"Organization\",\"@id\":\"https:\\\/\\\/decolights.eu\\\/#organization\",\"name\":\"decolights\",\"url\":\"https:\\\/\\\/decolights.eu\\\/\",\"logo\":{\"@type\":\"ImageObject\",\"inLanguage\":\"sk-SK\",\"@id\":\"https:\\\/\\\/decolights.eu\\\/#\\\/schema\\\/logo\\\/image\\\/\",\"url\":\"https:\\\/\\\/decolights.eu\\\/wp-content\\\/uploads\\\/2023\\\/07\\\/cropped-decolight-siteicon.png\",\"contentUrl\":\"https:\\\/\\\/decolights.eu\\\/wp-content\\\/uploads\\\/2023\\\/07\\\/cropped-decolight-siteicon.png\",\"width\":512,\"height\":512,\"caption\":\"decolights\"},\"image\":{\"@id\":\"https:\\\/\\\/decolights.eu\\\/#\\\/schema\\\/logo\\\/image\\\/\"}}]}<\/script>\n<!-- \/ Yoast SEO plugin. -->","yoast_head_json":{"title":"RGB Festoon LED svetl\u00e1 15M 15 \u017eiaroviek - Najlep\u0161ia cena - Decolights.eu","description":"Vyzdobte si terasu alebo z\u00e1hradu pekn\u00fdmi podsvieten\u00fdmi RGB LED svetlami so z\u00e1vesn\u00fdmi \u017eiarovkami, aby ste z\u00edskali v\u00fdnimo\u010dn\u00fa atmosf\u00e9ru. K\u00fapte teraz a z\u00edskajte najlep\u0161iu cenu!","robots":{"index":"index","follow":"follow","max-snippet":"max-snippet:-1","max-image-preview":"max-image-preview:large","max-video-preview":"max-video-preview:-1"},"canonical":"https:\/\/decolights.eu\/sk\/produkt-2\/rgb-festoon-led-lights-15m-15-bulbs\/","og_locale":"sk_SK","og_type":"article","og_title":"RGB Festoon LED lights 15M 15 bulbs - Best price - Decolights.eu","og_description":"Decorate your patio or garden with a nice festoon RGB LED lights with hanging bulbs to get an outstanding atmosphere. Buy now the get the best price!","og_url":"https:\/\/decolights.eu\/sk\/produkt-2\/rgb-festoon-led-lights-15m-15-bulbs\/","og_site_name":"Decolights.eu","article_modified_time":"2023-05-01T14:55:54+00:00","og_image":[{"width":1500,"height":1457,"url":"https:\/\/decolights.eu\/wp-content\/uploads\/2023\/04\/Hanging-garden-garland-15m-12V-IP65-15323_7.jpg","type":"image\/jpeg"}],"twitter_card":"summary_large_image","twitter_misc":{"Predpokladan\u00fd \u010das \u010d\u00edtania":"1 min\u00fata"},"schema":{"@context":"https:\/\/schema.org","@graph":[{"@type":"WebPage","@id":"https:\/\/decolights.eu\/product\/rgb-festoon-led-lights-15m-15-bulbs\/","url":"https:\/\/decolights.eu\/product\/rgb-festoon-led-lights-15m-15-bulbs\/","name":"RGB Festoon LED svetl\u00e1 15M 15 \u017eiaroviek - Najlep\u0161ia cena - Decolights.eu","isPartOf":{"@id":"https:\/\/decolights.eu\/#website"},"primaryImageOfPage":{"@id":"https:\/\/decolights.eu\/product\/rgb-festoon-led-lights-15m-15-bulbs\/#primaryimage"},"image":{"@id":"https:\/\/decolights.eu\/product\/rgb-festoon-led-lights-15m-15-bulbs\/#primaryimage"},"thumbnailUrl":"https:\/\/decolights.eu\/wp-content\/uploads\/2023\/04\/Hanging-garden-garland-15m-12V-IP65-15323_7.jpg","datePublished":"2023-04-01T04:26:07+00:00","dateModified":"2023-05-01T14:55:54+00:00","description":"Vyzdobte si terasu alebo z\u00e1hradu pekn\u00fdmi podsvieten\u00fdmi RGB LED svetlami so z\u00e1vesn\u00fdmi \u017eiarovkami, aby ste z\u00edskali v\u00fdnimo\u010dn\u00fa atmosf\u00e9ru. K\u00fapte teraz a z\u00edskajte najlep\u0161iu cenu!","breadcrumb":{"@id":"https:\/\/decolights.eu\/product\/rgb-festoon-led-lights-15m-15-bulbs\/#breadcrumb"},"inLanguage":"sk-SK","potentialAction":[{"@type":"ReadAction","target":["https:\/\/decolights.eu\/product\/rgb-festoon-led-lights-15m-15-bulbs\/"]}]},{"@type":"ImageObject","inLanguage":"sk-SK","@id":"https:\/\/decolights.eu\/product\/rgb-festoon-led-lights-15m-15-bulbs\/#primaryimage","url":"https:\/\/decolights.eu\/wp-content\/uploads\/2023\/04\/Hanging-garden-garland-15m-12V-IP65-15323_7.jpg","contentUrl":"https:\/\/decolights.eu\/wp-content\/uploads\/2023\/04\/Hanging-garden-garland-15m-12V-IP65-15323_7.jpg","width":1500,"height":1457},{"@type":"BreadcrumbList","@id":"https:\/\/decolights.eu\/product\/rgb-festoon-led-lights-15m-15-bulbs\/#breadcrumb","itemListElement":[{"@type":"ListItem","position":1,"name":"Shop","item":"https:\/\/decolights.eu\/shop\/"},{"@type":"ListItem","position":2,"name":"RGB Festoon LED lights 15M 15 bulbs"}]},{"@type":"WebSite","@id":"https:\/\/decolights.eu\/#website","url":"https:\/\/decolights.eu\/","name":"decolights","description":"Led dekor\u00e1cie pre dom a z\u00e1hradu","publisher":{"@id":"https:\/\/decolights.eu\/#organization"},"alternateName":"decolights.eu","potentialAction":[{"@type":"SearchAction","target":{"@type":"EntryPoint","urlTemplate":"https:\/\/decolights.eu\/?s={search_term_string}"},"query-input":{"@type":"PropertyValueSpecification","valueRequired":true,"valueName":"search_term_string"}}],"inLanguage":"sk-SK"},{"@type":"Organization","@id":"https:\/\/decolights.eu\/#organization","name":"decolights","url":"https:\/\/decolights.eu\/","logo":{"@type":"ImageObject","inLanguage":"sk-SK","@id":"https:\/\/decolights.eu\/#\/schema\/logo\/image\/","url":"https:\/\/decolights.eu\/wp-content\/uploads\/2023\/07\/cropped-decolight-siteicon.png","contentUrl":"https:\/\/decolights.eu\/wp-content\/uploads\/2023\/07\/cropped-decolight-siteicon.png","width":512,"height":512,"caption":"decolights"},"image":{"@id":"https:\/\/decolights.eu\/#\/schema\/logo\/image\/"}}]}},"jetpack_sharing_enabled":true,"_links":{"self":[{"href":"https:\/\/decolights.eu\/sk\/wp-json\/wp\/v2\/product\/5052","targetHints":{"allow":["GET"]}}],"collection":[{"href":"https:\/\/decolights.eu\/sk\/wp-json\/wp\/v2\/product"}],"about":[{"href":"https:\/\/decolights.eu\/sk\/wp-json\/wp\/v2\/types\/product"}],"replies":[{"embeddable":true,"href":"https:\/\/decolights.eu\/sk\/wp-json\/wp\/v2\/comments?post=5052"}],"wp:featuredmedia":[{"embeddable":true,"href":"https:\/\/decolights.eu\/sk\/wp-json\/wp\/v2\/media\/5126"}],"wp:attachment":[{"href":"https:\/\/decolights.eu\/sk\/wp-json\/wp\/v2\/media?parent=5052"}],"wp:term":[{"taxonomy":"product_brand","embeddable":true,"href":"https:\/\/decolights.eu\/sk\/wp-json\/wp\/v2\/product_brand?post=5052"},{"taxonomy":"product_cat","embeddable":true,"href":"https:\/\/decolights.eu\/sk\/wp-json\/wp\/v2\/product_cat?post=5052"},{"taxonomy":"product_tag","embeddable":true,"href":"https:\/\/decolights.eu\/sk\/wp-json\/wp\/v2\/product_tag?post=5052"}],"curies":[{"name":"wp","href":"https:\/\/api.w.org\/{rel}","templated":true}]}}