{"id":5085,"date":"2023-04-01T04:26:33","date_gmt":"2023-04-01T04:26:33","guid":{"rendered":"https:\/\/decolights.eu\/?post_type=product&#038;p=5085"},"modified":"2023-05-09T12:31:23","modified_gmt":"2023-05-09T12:31:23","slug":"smart-twinkly-icicle-lights-special-edition-190-rgbw-leds-gen-ii","status":"publish","type":"product","link":"https:\/\/decolights.eu\/sk\/produkt-2\/smart-twinkly-icicle-lights-special-edition-190-rgbw-leds-gen-ii\/","title":{"rendered":"Inteligentn\u00e9 blikaj\u00face svetl\u00e1 na cenc\u00fale \u0160peci\u00e1lna ed\u00edcia 190 RGB+W LED di\u00f3d (Gen II)"},"content":{"rendered":"<p>Viano\u010dn\u00e9 osvetlenie Twinkly kombinuje viacfarebn\u00e9 RGB+W LED svetl\u00e1 a smart technol\u00f3gie. Svetl\u00e1 m\u00f4\u017eete ovl\u00e1da\u0165 cez Wi-Fi sie\u0165 alebo pomocou Bluetooth \u2013 vytvorte presne tak\u00fd druh osvetlenia a vzor, ak\u00fd sa v\u00e1m p\u00e1\u010di. Pou\u017e\u00edvajte r\u00f4zne efekty a anim\u00e1cie. <strong>MusicSync<\/strong> umo\u017e\u0148uje prepojenie osvetlenia s hudbou.<\/p>\n<p>Twinkly spolupracuje aj s virtu\u00e1lnymi asistentmi Google Assistant a Amazon Alexa. M\u00e1 IP44, tak\u017ee svietidl\u00e1 s\u00fa vhodn\u00e9 pre vn\u00fatorn\u00e9 aj vonkaj\u0161ie pou\u017eitie.<\/p>\n<p><strong>Celkov\u00e1 d\u013a\u017eka viano\u010dn\u00fdch cenc\u00fa\u013e je 8,5 metra (z toho je 5 metrov osvetlen\u00fdch) a obsahuje 900 LED di\u00f3d. \u017divotnos\u0165 svetiel je viac ako 30 000 hod\u00edn.<\/strong><\/p>\n<p>&nbsp;<\/p>\n<p><iframe loading=\"lazy\" title=\"Twinkly Generation II - Vlastnosti\" width=\"1020\" height=\"574\" src=\"https:\/\/www.youtube.com\/embed\/w7tGW7_j2jA?feature=oembed\" frameborder=\"0\" allow=\"accelerometer; autoplay; clipboard-write; encrypted-media; gyroscope; picture-in-picture; web-share\" allowfullscreen><\/iframe><\/p>\n<p><em>PS: Video je ilustra\u010dn\u00e9 a dan\u00fd produkt nemus\u00ed ma\u0165 v\u0161etky funkcie zobrazen\u00e9 vo videu.<\/em><\/p>\n<p><strong>Hodnotenie IP:<\/strong> IP44<br \/>\n<strong>Po\u010det LED di\u00f3d:<\/strong> 900 ks<br \/>\n<strong>Synchroniz\u00e1cia hudby:<\/strong> \u00c1no, iba Twinkly Music USB Mic<br \/>\n<strong>Pripojenie:<\/strong> Bluetooth\u00ae a Wi-Fi<\/p>","protected":false},"excerpt":{"rendered":"<p>Twinkly Christmas lighting combines multi-colored RGB+W LED lights and smart technologies. You can control the lights over a Wi-Fi network or using Bluetooth &#8211; create exactly the kind of lighting and pattern you like. Use different effects and animations. MusicSync allows lighting to be connected to music. Twinkly also works with Google Assistant and Amazon [&#8230;]\n","protected":false},"featured_media":5170,"comment_status":"open","ping_status":"closed","template":"","meta":[],"product_brand":[],"product_cat":[226,235],"product_tag":[],"class_list":{"0":"post-5085","1":"product","2":"type-product","3":"status-publish","4":"has-post-thumbnail","6":"product_cat-outdoor-lights","7":"product_cat-twinkly-outdoor-lights","8":"pa_brand-twinkly","9":"pa_led-colour-multi-coloured","11":"first","12":"instock","13":"sale","14":"shipping-taxable","15":"purchasable","16":"product-type-simple"},"yoast_head":"<!-- This site is optimized with the Yoast SEO plugin v27.3 - https:\/\/yoast.com\/product\/yoast-seo-wordpress\/ -->\n<title>Smart Twinkly Icicle lights Special Edition 190 RGB+W LEDs (Gen II) - Decolights.eu<\/title>\n<meta name=\"description\" content=\"Twinkly icicle lights is a smart light chain with RGB+W LED lights that can be controlled via app and voice assistants. Get it now for the best price!\" \/>\n<meta name=\"robots\" content=\"index, follow, max-snippet:-1, max-image-preview:large, max-video-preview:-1\" \/>\n<link rel=\"canonical\" href=\"https:\/\/decolights.eu\/sk\/produkt-2\/smart-twinkly-icicle-lights-special-edition-190-rgbw-leds-gen-ii\/\" \/>\n<meta property=\"og:locale\" content=\"sk_SK\" \/>\n<meta property=\"og:type\" content=\"article\" \/>\n<meta property=\"og:title\" content=\"Smart Twinkly Icicle lights Special Edition 190 RGB+W LEDs (Gen II) - Decolights.eu\" \/>\n<meta property=\"og:description\" content=\"Twinkly icicle lights is a smart light chain with RGB+W LED lights that can be controlled via app and voice assistants. Get it now for the best price!\" \/>\n<meta property=\"og:url\" content=\"https:\/\/decolights.eu\/sk\/produkt-2\/smart-twinkly-icicle-lights-special-edition-190-rgbw-leds-gen-ii\/\" \/>\n<meta property=\"og:site_name\" content=\"Decolights.eu\" \/>\n<meta property=\"article:modified_time\" content=\"2023-05-09T12:31:23+00:00\" \/>\n<meta property=\"og:image\" content=\"https:\/\/decolights.eu\/wp-content\/uploads\/2023\/04\/TWINKLY-ICICLE2.jpg\" \/>\n\t<meta property=\"og:image:width\" content=\"800\" \/>\n\t<meta property=\"og:image:height\" content=\"800\" \/>\n\t<meta property=\"og:image:type\" content=\"image\/jpeg\" \/>\n<meta name=\"twitter:card\" content=\"summary_large_image\" \/>\n<meta name=\"twitter:label1\" content=\"Predpokladan\u00fd \u010das \u010d\u00edtania\" \/>\n\t<meta name=\"twitter:data1\" content=\"1 min\u00fata\" \/>\n<script type=\"application\/ld+json\" class=\"yoast-schema-graph\">{\"@context\":\"https:\\\/\\\/schema.org\",\"@graph\":[{\"@type\":\"WebPage\",\"@id\":\"https:\\\/\\\/decolights.eu\\\/product\\\/smart-twinkly-icicle-lights-special-edition-190-rgbw-leds-gen-ii\\\/\",\"url\":\"https:\\\/\\\/decolights.eu\\\/product\\\/smart-twinkly-icicle-lights-special-edition-190-rgbw-leds-gen-ii\\\/\",\"name\":\"Smart Twinkly Icicle lights Special Edition 190 RGB+W LEDs (Gen II) - Decolights.eu\",\"isPartOf\":{\"@id\":\"https:\\\/\\\/decolights.eu\\\/#website\"},\"primaryImageOfPage\":{\"@id\":\"https:\\\/\\\/decolights.eu\\\/product\\\/smart-twinkly-icicle-lights-special-edition-190-rgbw-leds-gen-ii\\\/#primaryimage\"},\"image\":{\"@id\":\"https:\\\/\\\/decolights.eu\\\/product\\\/smart-twinkly-icicle-lights-special-edition-190-rgbw-leds-gen-ii\\\/#primaryimage\"},\"thumbnailUrl\":\"https:\\\/\\\/decolights.eu\\\/wp-content\\\/uploads\\\/2023\\\/04\\\/TWINKLY-ICICLE2.jpg\",\"datePublished\":\"2023-04-01T04:26:33+00:00\",\"dateModified\":\"2023-05-09T12:31:23+00:00\",\"description\":\"Twinkly icicle lights is a smart light chain with RGB+W LED lights that can be controlled via app and voice assistants. Get it now for the best price!\",\"breadcrumb\":{\"@id\":\"https:\\\/\\\/decolights.eu\\\/product\\\/smart-twinkly-icicle-lights-special-edition-190-rgbw-leds-gen-ii\\\/#breadcrumb\"},\"inLanguage\":\"sk-SK\",\"potentialAction\":[{\"@type\":\"ReadAction\",\"target\":[\"https:\\\/\\\/decolights.eu\\\/product\\\/smart-twinkly-icicle-lights-special-edition-190-rgbw-leds-gen-ii\\\/\"]}]},{\"@type\":\"ImageObject\",\"inLanguage\":\"sk-SK\",\"@id\":\"https:\\\/\\\/decolights.eu\\\/product\\\/smart-twinkly-icicle-lights-special-edition-190-rgbw-leds-gen-ii\\\/#primaryimage\",\"url\":\"https:\\\/\\\/decolights.eu\\\/wp-content\\\/uploads\\\/2023\\\/04\\\/TWINKLY-ICICLE2.jpg\",\"contentUrl\":\"https:\\\/\\\/decolights.eu\\\/wp-content\\\/uploads\\\/2023\\\/04\\\/TWINKLY-ICICLE2.jpg\",\"width\":800,\"height\":800},{\"@type\":\"BreadcrumbList\",\"@id\":\"https:\\\/\\\/decolights.eu\\\/product\\\/smart-twinkly-icicle-lights-special-edition-190-rgbw-leds-gen-ii\\\/#breadcrumb\",\"itemListElement\":[{\"@type\":\"ListItem\",\"position\":1,\"name\":\"Shop\",\"item\":\"https:\\\/\\\/decolights.eu\\\/shop\\\/\"},{\"@type\":\"ListItem\",\"position\":2,\"name\":\"Smart Twinkly Icicle lights Special Edition 190 RGB+W LEDs (Gen II)\"}]},{\"@type\":\"WebSite\",\"@id\":\"https:\\\/\\\/decolights.eu\\\/#website\",\"url\":\"https:\\\/\\\/decolights.eu\\\/\",\"name\":\"decolights\",\"description\":\"Led Decorations for Home and Garden\",\"publisher\":{\"@id\":\"https:\\\/\\\/decolights.eu\\\/#organization\"},\"alternateName\":\"decolights.eu\",\"potentialAction\":[{\"@type\":\"SearchAction\",\"target\":{\"@type\":\"EntryPoint\",\"urlTemplate\":\"https:\\\/\\\/decolights.eu\\\/?s={search_term_string}\"},\"query-input\":{\"@type\":\"PropertyValueSpecification\",\"valueRequired\":true,\"valueName\":\"search_term_string\"}}],\"inLanguage\":\"sk-SK\"},{\"@type\":\"Organization\",\"@id\":\"https:\\\/\\\/decolights.eu\\\/#organization\",\"name\":\"decolights\",\"url\":\"https:\\\/\\\/decolights.eu\\\/\",\"logo\":{\"@type\":\"ImageObject\",\"inLanguage\":\"sk-SK\",\"@id\":\"https:\\\/\\\/decolights.eu\\\/#\\\/schema\\\/logo\\\/image\\\/\",\"url\":\"https:\\\/\\\/decolights.eu\\\/wp-content\\\/uploads\\\/2023\\\/07\\\/cropped-decolight-siteicon.png\",\"contentUrl\":\"https:\\\/\\\/decolights.eu\\\/wp-content\\\/uploads\\\/2023\\\/07\\\/cropped-decolight-siteicon.png\",\"width\":512,\"height\":512,\"caption\":\"decolights\"},\"image\":{\"@id\":\"https:\\\/\\\/decolights.eu\\\/#\\\/schema\\\/logo\\\/image\\\/\"}}]}<\/script>\n<!-- \/ Yoast SEO plugin. -->","yoast_head_json":{"title":"Smart Twinkly Icicle lights \u0160peci\u00e1lna ed\u00edcia 190 RGB+W LED (Gen II) - Decolights.eu","description":"Svetl\u00e1 na cenc\u00fale s\u00fa inteligentn\u00e1 sveteln\u00e1 re\u0165az s RGB+W LED svetlami, ktor\u00e9 je mo\u017en\u00e9 ovl\u00e1da\u0165 pomocou aplik\u00e1cie a hlasov\u00fdch asistentov. Z\u00edskajte ho teraz za najlep\u0161iu cenu!","robots":{"index":"index","follow":"follow","max-snippet":"max-snippet:-1","max-image-preview":"max-image-preview:large","max-video-preview":"max-video-preview:-1"},"canonical":"https:\/\/decolights.eu\/sk\/produkt-2\/smart-twinkly-icicle-lights-special-edition-190-rgbw-leds-gen-ii\/","og_locale":"sk_SK","og_type":"article","og_title":"Smart Twinkly Icicle lights Special Edition 190 RGB+W LEDs (Gen II) - Decolights.eu","og_description":"Twinkly icicle lights is a smart light chain with RGB+W LED lights that can be controlled via app and voice assistants. Get it now for the best price!","og_url":"https:\/\/decolights.eu\/sk\/produkt-2\/smart-twinkly-icicle-lights-special-edition-190-rgbw-leds-gen-ii\/","og_site_name":"Decolights.eu","article_modified_time":"2023-05-09T12:31:23+00:00","og_image":[{"width":800,"height":800,"url":"https:\/\/decolights.eu\/wp-content\/uploads\/2023\/04\/TWINKLY-ICICLE2.jpg","type":"image\/jpeg"}],"twitter_card":"summary_large_image","twitter_misc":{"Predpokladan\u00fd \u010das \u010d\u00edtania":"1 min\u00fata"},"schema":{"@context":"https:\/\/schema.org","@graph":[{"@type":"WebPage","@id":"https:\/\/decolights.eu\/product\/smart-twinkly-icicle-lights-special-edition-190-rgbw-leds-gen-ii\/","url":"https:\/\/decolights.eu\/product\/smart-twinkly-icicle-lights-special-edition-190-rgbw-leds-gen-ii\/","name":"Smart Twinkly Icicle lights \u0160peci\u00e1lna ed\u00edcia 190 RGB+W LED (Gen II) - Decolights.eu","isPartOf":{"@id":"https:\/\/decolights.eu\/#website"},"primaryImageOfPage":{"@id":"https:\/\/decolights.eu\/product\/smart-twinkly-icicle-lights-special-edition-190-rgbw-leds-gen-ii\/#primaryimage"},"image":{"@id":"https:\/\/decolights.eu\/product\/smart-twinkly-icicle-lights-special-edition-190-rgbw-leds-gen-ii\/#primaryimage"},"thumbnailUrl":"https:\/\/decolights.eu\/wp-content\/uploads\/2023\/04\/TWINKLY-ICICLE2.jpg","datePublished":"2023-04-01T04:26:33+00:00","dateModified":"2023-05-09T12:31:23+00:00","description":"Svetl\u00e1 na cenc\u00fale s\u00fa inteligentn\u00e1 sveteln\u00e1 re\u0165az s RGB+W LED svetlami, ktor\u00e9 je mo\u017en\u00e9 ovl\u00e1da\u0165 pomocou aplik\u00e1cie a hlasov\u00fdch asistentov. Z\u00edskajte ho teraz za najlep\u0161iu cenu!","breadcrumb":{"@id":"https:\/\/decolights.eu\/product\/smart-twinkly-icicle-lights-special-edition-190-rgbw-leds-gen-ii\/#breadcrumb"},"inLanguage":"sk-SK","potentialAction":[{"@type":"ReadAction","target":["https:\/\/decolights.eu\/product\/smart-twinkly-icicle-lights-special-edition-190-rgbw-leds-gen-ii\/"]}]},{"@type":"ImageObject","inLanguage":"sk-SK","@id":"https:\/\/decolights.eu\/product\/smart-twinkly-icicle-lights-special-edition-190-rgbw-leds-gen-ii\/#primaryimage","url":"https:\/\/decolights.eu\/wp-content\/uploads\/2023\/04\/TWINKLY-ICICLE2.jpg","contentUrl":"https:\/\/decolights.eu\/wp-content\/uploads\/2023\/04\/TWINKLY-ICICLE2.jpg","width":800,"height":800},{"@type":"BreadcrumbList","@id":"https:\/\/decolights.eu\/product\/smart-twinkly-icicle-lights-special-edition-190-rgbw-leds-gen-ii\/#breadcrumb","itemListElement":[{"@type":"ListItem","position":1,"name":"Shop","item":"https:\/\/decolights.eu\/shop\/"},{"@type":"ListItem","position":2,"name":"Smart Twinkly Icicle lights Special Edition 190 RGB+W LEDs (Gen II)"}]},{"@type":"WebSite","@id":"https:\/\/decolights.eu\/#website","url":"https:\/\/decolights.eu\/","name":"decolights","description":"Led dekor\u00e1cie pre dom a z\u00e1hradu","publisher":{"@id":"https:\/\/decolights.eu\/#organization"},"alternateName":"decolights.eu","potentialAction":[{"@type":"SearchAction","target":{"@type":"EntryPoint","urlTemplate":"https:\/\/decolights.eu\/?s={search_term_string}"},"query-input":{"@type":"PropertyValueSpecification","valueRequired":true,"valueName":"search_term_string"}}],"inLanguage":"sk-SK"},{"@type":"Organization","@id":"https:\/\/decolights.eu\/#organization","name":"decolights","url":"https:\/\/decolights.eu\/","logo":{"@type":"ImageObject","inLanguage":"sk-SK","@id":"https:\/\/decolights.eu\/#\/schema\/logo\/image\/","url":"https:\/\/decolights.eu\/wp-content\/uploads\/2023\/07\/cropped-decolight-siteicon.png","contentUrl":"https:\/\/decolights.eu\/wp-content\/uploads\/2023\/07\/cropped-decolight-siteicon.png","width":512,"height":512,"caption":"decolights"},"image":{"@id":"https:\/\/decolights.eu\/#\/schema\/logo\/image\/"}}]}},"jetpack_sharing_enabled":true,"_links":{"self":[{"href":"https:\/\/decolights.eu\/sk\/wp-json\/wp\/v2\/product\/5085","targetHints":{"allow":["GET"]}}],"collection":[{"href":"https:\/\/decolights.eu\/sk\/wp-json\/wp\/v2\/product"}],"about":[{"href":"https:\/\/decolights.eu\/sk\/wp-json\/wp\/v2\/types\/product"}],"replies":[{"embeddable":true,"href":"https:\/\/decolights.eu\/sk\/wp-json\/wp\/v2\/comments?post=5085"}],"wp:featuredmedia":[{"embeddable":true,"href":"https:\/\/decolights.eu\/sk\/wp-json\/wp\/v2\/media\/5170"}],"wp:attachment":[{"href":"https:\/\/decolights.eu\/sk\/wp-json\/wp\/v2\/media?parent=5085"}],"wp:term":[{"taxonomy":"product_brand","embeddable":true,"href":"https:\/\/decolights.eu\/sk\/wp-json\/wp\/v2\/product_brand?post=5085"},{"taxonomy":"product_cat","embeddable":true,"href":"https:\/\/decolights.eu\/sk\/wp-json\/wp\/v2\/product_cat?post=5085"},{"taxonomy":"product_tag","embeddable":true,"href":"https:\/\/decolights.eu\/sk\/wp-json\/wp\/v2\/product_tag?post=5085"}],"curies":[{"name":"wp","href":"https:\/\/api.w.org\/{rel}","templated":true}]}}