{"id":5152,"date":"2023-04-01T04:27:17","date_gmt":"2023-04-01T04:27:17","guid":{"rendered":"https:\/\/decolights.eu\/?post_type=product&#038;p=5152"},"modified":"2023-05-09T12:18:29","modified_gmt":"2023-05-09T12:18:29","slug":"connection-for-ip65-pro-rope-lights-nk2-5pcs","status":"publish","type":"product","link":"https:\/\/decolights.eu\/sk\/produkt-2\/connection-for-ip65-pro-rope-lights-nk2-5pcs\/","title":{"rendered":"Pr\u00edpojka pre IP65 PRO lanov\u00e9 svetl\u00e1 NK2 \u2013 5ks"},"content":{"rendered":"<p>Connection for connecting rope with power cable.<\/p>\n<ul>\n<li><strong>Farba:<\/strong> transparentn\u00fd<\/li>\n<li>5pcs in pack<\/li>\n<li>Vhodn\u00e9 len pre na\u0161u s\u00e9riu IP65<\/li>\n<\/ul>","protected":false},"excerpt":{"rendered":"<p>Connection for connecting rope with power cable. Colour: transparent 5pcs in pack Suitable only for our IP65 series<\/p>","protected":false},"featured_media":5234,"comment_status":"open","ping_status":"closed","template":"","meta":[],"product_brand":[],"product_cat":[212],"product_tag":[],"class_list":{"0":"post-5152","1":"product","2":"type-product","3":"status-publish","4":"has-post-thumbnail","6":"product_cat-pro-accessories","7":"pa_brand-deco","9":"first","10":"instock","11":"sale","12":"shipping-taxable","13":"purchasable","14":"product-type-simple"},"yoast_head":"<!-- This site is optimized with the Yoast SEO plugin v27.3 - https:\/\/yoast.com\/product\/yoast-seo-wordpress\/ -->\n<title>Connection for IP65 PRO rope lights NK2 - 5pcs - Decolights.eu<\/title>\n<meta name=\"description\" content=\"Buy connection for IP65 PRO rope lights NK2 - 5pcs in package to connect your PRO LED rope light with it&#039;s power cable. Best price available now!\" \/>\n<meta name=\"robots\" content=\"index, follow, max-snippet:-1, max-image-preview:large, max-video-preview:-1\" \/>\n<link rel=\"canonical\" href=\"https:\/\/decolights.eu\/sk\/produkt-2\/connection-for-ip65-pro-rope-lights-nk2-5pcs\/\" \/>\n<meta property=\"og:locale\" content=\"sk_SK\" \/>\n<meta property=\"og:type\" content=\"article\" \/>\n<meta property=\"og:title\" content=\"Connection for IP65 PRO rope lights NK2 - 5pcs - Decolights.eu\" \/>\n<meta property=\"og:description\" content=\"Buy connection for IP65 PRO rope lights NK2 - 5pcs in package to connect your PRO LED rope light with it&#039;s power cable. Best price available now!\" \/>\n<meta property=\"og:url\" content=\"https:\/\/decolights.eu\/sk\/produkt-2\/connection-for-ip65-pro-rope-lights-nk2-5pcs\/\" \/>\n<meta property=\"og:site_name\" content=\"Decolights.eu\" \/>\n<meta property=\"article:modified_time\" content=\"2023-05-09T12:18:29+00:00\" \/>\n<meta property=\"og:image\" content=\"https:\/\/decolights.eu\/wp-content\/uploads\/2023\/04\/0-02-05-719552b492367b57f2e907a982fe7fb3e6b48a6570d141f9152c3c34c6b1bcb1_c43681b6.jpg\" \/>\n\t<meta property=\"og:image:width\" content=\"800\" \/>\n\t<meta property=\"og:image:height\" content=\"644\" \/>\n\t<meta property=\"og:image:type\" content=\"image\/jpeg\" \/>\n<meta name=\"twitter:card\" content=\"summary_large_image\" \/>\n<meta name=\"twitter:label1\" content=\"Predpokladan\u00fd \u010das \u010d\u00edtania\" \/>\n\t<meta name=\"twitter:data1\" content=\"1 min\u00fata\" \/>\n<script type=\"application\/ld+json\" class=\"yoast-schema-graph\">{\"@context\":\"https:\\\/\\\/schema.org\",\"@graph\":[{\"@type\":\"WebPage\",\"@id\":\"https:\\\/\\\/decolights.eu\\\/product\\\/connection-for-ip65-pro-rope-lights-nk2-5pcs\\\/\",\"url\":\"https:\\\/\\\/decolights.eu\\\/product\\\/connection-for-ip65-pro-rope-lights-nk2-5pcs\\\/\",\"name\":\"Connection for IP65 PRO rope lights NK2 - 5pcs - Decolights.eu\",\"isPartOf\":{\"@id\":\"https:\\\/\\\/decolights.eu\\\/#website\"},\"primaryImageOfPage\":{\"@id\":\"https:\\\/\\\/decolights.eu\\\/product\\\/connection-for-ip65-pro-rope-lights-nk2-5pcs\\\/#primaryimage\"},\"image\":{\"@id\":\"https:\\\/\\\/decolights.eu\\\/product\\\/connection-for-ip65-pro-rope-lights-nk2-5pcs\\\/#primaryimage\"},\"thumbnailUrl\":\"https:\\\/\\\/decolights.eu\\\/wp-content\\\/uploads\\\/2023\\\/04\\\/0-02-05-719552b492367b57f2e907a982fe7fb3e6b48a6570d141f9152c3c34c6b1bcb1_c43681b6.jpg\",\"datePublished\":\"2023-04-01T04:27:17+00:00\",\"dateModified\":\"2023-05-09T12:18:29+00:00\",\"description\":\"Buy connection for IP65 PRO rope lights NK2 - 5pcs in package to connect your PRO LED rope light with it's power cable. Best price available now!\",\"breadcrumb\":{\"@id\":\"https:\\\/\\\/decolights.eu\\\/product\\\/connection-for-ip65-pro-rope-lights-nk2-5pcs\\\/#breadcrumb\"},\"inLanguage\":\"sk-SK\",\"potentialAction\":[{\"@type\":\"ReadAction\",\"target\":[\"https:\\\/\\\/decolights.eu\\\/product\\\/connection-for-ip65-pro-rope-lights-nk2-5pcs\\\/\"]}]},{\"@type\":\"ImageObject\",\"inLanguage\":\"sk-SK\",\"@id\":\"https:\\\/\\\/decolights.eu\\\/product\\\/connection-for-ip65-pro-rope-lights-nk2-5pcs\\\/#primaryimage\",\"url\":\"https:\\\/\\\/decolights.eu\\\/wp-content\\\/uploads\\\/2023\\\/04\\\/0-02-05-719552b492367b57f2e907a982fe7fb3e6b48a6570d141f9152c3c34c6b1bcb1_c43681b6.jpg\",\"contentUrl\":\"https:\\\/\\\/decolights.eu\\\/wp-content\\\/uploads\\\/2023\\\/04\\\/0-02-05-719552b492367b57f2e907a982fe7fb3e6b48a6570d141f9152c3c34c6b1bcb1_c43681b6.jpg\",\"width\":800,\"height\":644},{\"@type\":\"BreadcrumbList\",\"@id\":\"https:\\\/\\\/decolights.eu\\\/product\\\/connection-for-ip65-pro-rope-lights-nk2-5pcs\\\/#breadcrumb\",\"itemListElement\":[{\"@type\":\"ListItem\",\"position\":1,\"name\":\"Shop\",\"item\":\"https:\\\/\\\/decolights.eu\\\/shop\\\/\"},{\"@type\":\"ListItem\",\"position\":2,\"name\":\"Connection for IP65 PRO rope lights NK2 &#8211; 5pcs\"}]},{\"@type\":\"WebSite\",\"@id\":\"https:\\\/\\\/decolights.eu\\\/#website\",\"url\":\"https:\\\/\\\/decolights.eu\\\/\",\"name\":\"decolights\",\"description\":\"Led Decorations for Home and Garden\",\"publisher\":{\"@id\":\"https:\\\/\\\/decolights.eu\\\/#organization\"},\"alternateName\":\"decolights.eu\",\"potentialAction\":[{\"@type\":\"SearchAction\",\"target\":{\"@type\":\"EntryPoint\",\"urlTemplate\":\"https:\\\/\\\/decolights.eu\\\/?s={search_term_string}\"},\"query-input\":{\"@type\":\"PropertyValueSpecification\",\"valueRequired\":true,\"valueName\":\"search_term_string\"}}],\"inLanguage\":\"sk-SK\"},{\"@type\":\"Organization\",\"@id\":\"https:\\\/\\\/decolights.eu\\\/#organization\",\"name\":\"decolights\",\"url\":\"https:\\\/\\\/decolights.eu\\\/\",\"logo\":{\"@type\":\"ImageObject\",\"inLanguage\":\"sk-SK\",\"@id\":\"https:\\\/\\\/decolights.eu\\\/#\\\/schema\\\/logo\\\/image\\\/\",\"url\":\"https:\\\/\\\/decolights.eu\\\/wp-content\\\/uploads\\\/2023\\\/07\\\/cropped-decolight-siteicon.png\",\"contentUrl\":\"https:\\\/\\\/decolights.eu\\\/wp-content\\\/uploads\\\/2023\\\/07\\\/cropped-decolight-siteicon.png\",\"width\":512,\"height\":512,\"caption\":\"decolights\"},\"image\":{\"@id\":\"https:\\\/\\\/decolights.eu\\\/#\\\/schema\\\/logo\\\/image\\\/\"}}]}<\/script>\n<!-- \/ Yoast SEO plugin. -->","yoast_head_json":{"title":"Connection for IP65 PRO rope lights NK2 - 5pcs - Decolights.eu","description":"Buy connection for IP65 PRO rope lights NK2 - 5pcs in package to connect your PRO LED rope light with it's power cable. Best price available now!","robots":{"index":"index","follow":"follow","max-snippet":"max-snippet:-1","max-image-preview":"max-image-preview:large","max-video-preview":"max-video-preview:-1"},"canonical":"https:\/\/decolights.eu\/sk\/produkt-2\/connection-for-ip65-pro-rope-lights-nk2-5pcs\/","og_locale":"sk_SK","og_type":"article","og_title":"Connection for IP65 PRO rope lights NK2 - 5pcs - Decolights.eu","og_description":"Buy connection for IP65 PRO rope lights NK2 - 5pcs in package to connect your PRO LED rope light with it's power cable. Best price available now!","og_url":"https:\/\/decolights.eu\/sk\/produkt-2\/connection-for-ip65-pro-rope-lights-nk2-5pcs\/","og_site_name":"Decolights.eu","article_modified_time":"2023-05-09T12:18:29+00:00","og_image":[{"width":800,"height":644,"url":"https:\/\/decolights.eu\/wp-content\/uploads\/2023\/04\/0-02-05-719552b492367b57f2e907a982fe7fb3e6b48a6570d141f9152c3c34c6b1bcb1_c43681b6.jpg","type":"image\/jpeg"}],"twitter_card":"summary_large_image","twitter_misc":{"Predpokladan\u00fd \u010das \u010d\u00edtania":"1 min\u00fata"},"schema":{"@context":"https:\/\/schema.org","@graph":[{"@type":"WebPage","@id":"https:\/\/decolights.eu\/product\/connection-for-ip65-pro-rope-lights-nk2-5pcs\/","url":"https:\/\/decolights.eu\/product\/connection-for-ip65-pro-rope-lights-nk2-5pcs\/","name":"Connection for IP65 PRO rope lights NK2 - 5pcs - Decolights.eu","isPartOf":{"@id":"https:\/\/decolights.eu\/#website"},"primaryImageOfPage":{"@id":"https:\/\/decolights.eu\/product\/connection-for-ip65-pro-rope-lights-nk2-5pcs\/#primaryimage"},"image":{"@id":"https:\/\/decolights.eu\/product\/connection-for-ip65-pro-rope-lights-nk2-5pcs\/#primaryimage"},"thumbnailUrl":"https:\/\/decolights.eu\/wp-content\/uploads\/2023\/04\/0-02-05-719552b492367b57f2e907a982fe7fb3e6b48a6570d141f9152c3c34c6b1bcb1_c43681b6.jpg","datePublished":"2023-04-01T04:27:17+00:00","dateModified":"2023-05-09T12:18:29+00:00","description":"Buy connection for IP65 PRO rope lights NK2 - 5pcs in package to connect your PRO LED rope light with it's power cable. Best price available now!","breadcrumb":{"@id":"https:\/\/decolights.eu\/product\/connection-for-ip65-pro-rope-lights-nk2-5pcs\/#breadcrumb"},"inLanguage":"sk-SK","potentialAction":[{"@type":"ReadAction","target":["https:\/\/decolights.eu\/product\/connection-for-ip65-pro-rope-lights-nk2-5pcs\/"]}]},{"@type":"ImageObject","inLanguage":"sk-SK","@id":"https:\/\/decolights.eu\/product\/connection-for-ip65-pro-rope-lights-nk2-5pcs\/#primaryimage","url":"https:\/\/decolights.eu\/wp-content\/uploads\/2023\/04\/0-02-05-719552b492367b57f2e907a982fe7fb3e6b48a6570d141f9152c3c34c6b1bcb1_c43681b6.jpg","contentUrl":"https:\/\/decolights.eu\/wp-content\/uploads\/2023\/04\/0-02-05-719552b492367b57f2e907a982fe7fb3e6b48a6570d141f9152c3c34c6b1bcb1_c43681b6.jpg","width":800,"height":644},{"@type":"BreadcrumbList","@id":"https:\/\/decolights.eu\/product\/connection-for-ip65-pro-rope-lights-nk2-5pcs\/#breadcrumb","itemListElement":[{"@type":"ListItem","position":1,"name":"Shop","item":"https:\/\/decolights.eu\/shop\/"},{"@type":"ListItem","position":2,"name":"Connection for IP65 PRO rope lights NK2 &#8211; 5pcs"}]},{"@type":"WebSite","@id":"https:\/\/decolights.eu\/#website","url":"https:\/\/decolights.eu\/","name":"decolights","description":"Led dekor\u00e1cie pre dom a z\u00e1hradu","publisher":{"@id":"https:\/\/decolights.eu\/#organization"},"alternateName":"decolights.eu","potentialAction":[{"@type":"SearchAction","target":{"@type":"EntryPoint","urlTemplate":"https:\/\/decolights.eu\/?s={search_term_string}"},"query-input":{"@type":"PropertyValueSpecification","valueRequired":true,"valueName":"search_term_string"}}],"inLanguage":"sk-SK"},{"@type":"Organization","@id":"https:\/\/decolights.eu\/#organization","name":"decolights","url":"https:\/\/decolights.eu\/","logo":{"@type":"ImageObject","inLanguage":"sk-SK","@id":"https:\/\/decolights.eu\/#\/schema\/logo\/image\/","url":"https:\/\/decolights.eu\/wp-content\/uploads\/2023\/07\/cropped-decolight-siteicon.png","contentUrl":"https:\/\/decolights.eu\/wp-content\/uploads\/2023\/07\/cropped-decolight-siteicon.png","width":512,"height":512,"caption":"decolights"},"image":{"@id":"https:\/\/decolights.eu\/#\/schema\/logo\/image\/"}}]}},"jetpack_sharing_enabled":true,"_links":{"self":[{"href":"https:\/\/decolights.eu\/sk\/wp-json\/wp\/v2\/product\/5152","targetHints":{"allow":["GET"]}}],"collection":[{"href":"https:\/\/decolights.eu\/sk\/wp-json\/wp\/v2\/product"}],"about":[{"href":"https:\/\/decolights.eu\/sk\/wp-json\/wp\/v2\/types\/product"}],"replies":[{"embeddable":true,"href":"https:\/\/decolights.eu\/sk\/wp-json\/wp\/v2\/comments?post=5152"}],"wp:featuredmedia":[{"embeddable":true,"href":"https:\/\/decolights.eu\/sk\/wp-json\/wp\/v2\/media\/5234"}],"wp:attachment":[{"href":"https:\/\/decolights.eu\/sk\/wp-json\/wp\/v2\/media?parent=5152"}],"wp:term":[{"taxonomy":"product_brand","embeddable":true,"href":"https:\/\/decolights.eu\/sk\/wp-json\/wp\/v2\/product_brand?post=5152"},{"taxonomy":"product_cat","embeddable":true,"href":"https:\/\/decolights.eu\/sk\/wp-json\/wp\/v2\/product_cat?post=5152"},{"taxonomy":"product_tag","embeddable":true,"href":"https:\/\/decolights.eu\/sk\/wp-json\/wp\/v2\/product_tag?post=5152"}],"curies":[{"name":"wp","href":"https:\/\/api.w.org\/{rel}","templated":true}]}}