{"id":5187,"date":"2023-04-01T04:27:42","date_gmt":"2023-04-01T04:27:42","guid":{"rendered":"https:\/\/decolights.eu\/?post_type=product&#038;p=5187"},"modified":"2023-04-17T06:35:05","modified_gmt":"2023-04-17T06:35:05","slug":"led-candles-5pcs-set","status":"publish","type":"product","link":"https:\/\/decolights.eu\/sk\/produkt-2\/led-candles-5pcs-set\/","title":{"rendered":"Sada LED svie\u010dok 5ks"},"content":{"rendered":"<p dir=\"ltr\" data-placeholder=\"Translation\">U\u017eite si na\u0161e 5-balenie voskov\u00fdch svie\u010dok s mramorovan\u00fdm bielym povrchom a tepl\u00fdm bielym svetlom. Pou\u017e\u00edvanie svie\u010dok je e\u0161te pohodlnej\u0161ie, preto\u017ee svie\u010dky maj\u00fa dia\u013ekov\u00e9 ovl\u00e1danie s \u010dasova\u010dom a funkciami sveteln\u00e9ho re\u017eimu.<\/p>\n<ul>\n<li><strong>Farba svie\u010dky:<\/strong> biely<\/li>\n<li dir=\"ltr\" data-placeholder=\"Translation\"><strong>Farba LED:<\/strong> tepl\u00e1 biela<\/li>\n<li dir=\"ltr\" data-placeholder=\"Translation\">S\u00fa\u010das\u0165ou balenia je 5 svie\u010dok r\u00f4znych ve\u013ekost\u00ed<\/li>\n<li dir=\"ltr\" data-placeholder=\"Translation\"><strong>Ve\u013ekosti:<\/strong> 2 x 7,50 cm, 2 x 12 cm a 1 x 15 cm<\/li>\n<li dir=\"ltr\" data-placeholder=\"Translation\"><strong>Zdroj energie:<\/strong> 10 x AA bat\u00e9rie pre tri svie\u010dky (nie s\u00fa s\u00fa\u010das\u0165ou balenia)<\/li>\n<li dir=\"ltr\" data-placeholder=\"Translation\"><strong>\u010casova\u010d:<\/strong> 6 hod\u00edn zapnut\u00e9\/18 hod\u00edn vypnut\u00e9, opakujte<\/li>\n<li dir=\"ltr\" data-placeholder=\"Translation\"><strong>Dia\u013ekov\u00e9 ovl\u00e1danie:\u00a0<\/strong>zahrnut\u00e9 (funkcie ON\/OFF)<\/li>\n<li dir=\"ltr\" data-placeholder=\"Translation\"><strong>Hodnotenie IP<\/strong>: IP44<\/li>\n<li dir=\"ltr\" data-placeholder=\"Translation\"><strong>CE certifikovan\u00e9:<\/strong> \u00c1no<\/li>\n<\/ul>","protected":false},"excerpt":{"rendered":"<p>Enjoy our 5-pack Wax candles with a marbled white surface and warm white light. We made using even more comfortable as candles have remote control with timer and light mode functions. Candle colour: white LED Colour: warm white 5 candles with difference sizes are included Sizes: 2x 7.50CM, 2 x 12CM and 1x 15CM Power [&#8230;]\n","protected":false},"featured_media":4407,"comment_status":"open","ping_status":"closed","template":"","meta":[],"product_brand":[],"product_cat":[214,216,226,234],"product_tag":[],"class_list":{"0":"post-5187","1":"product","2":"type-product","3":"status-publish","4":"has-post-thumbnail","6":"product_cat-indoor-lights","7":"product_cat-led-candles","8":"product_cat-outdoor-lights","9":"product_cat-outside-led-candles","10":"pa_brand-deco","11":"pa_led-colour-warm-white","13":"first","14":"instock","15":"sale","16":"shipping-taxable","17":"purchasable","18":"product-type-simple"},"yoast_head":"<!-- This site is optimized with the Yoast SEO plugin v27.3 - https:\/\/yoast.com\/product\/yoast-seo-wordpress\/ -->\n<title>LED Candles 5pcs set - Best price guarantee - Decolights.eu<\/title>\n<meta name=\"description\" content=\"LED Candles are the best and safest way for decorating your home and patio. Buy LED candles for the best price today and enjoy cozy atmosphere.\" \/>\n<meta name=\"robots\" content=\"index, follow, max-snippet:-1, max-image-preview:large, max-video-preview:-1\" \/>\n<link rel=\"canonical\" href=\"https:\/\/decolights.eu\/sk\/produkt-2\/led-candles-5pcs-set\/\" \/>\n<meta property=\"og:locale\" content=\"sk_SK\" \/>\n<meta property=\"og:type\" content=\"article\" \/>\n<meta property=\"og:title\" content=\"LED Candles 5pcs set - Best price guarantee - Decolights.eu\" \/>\n<meta property=\"og:description\" content=\"LED Candles are the best and safest way for decorating your home and patio. Buy LED candles for the best price today and enjoy cozy atmosphere.\" \/>\n<meta property=\"og:url\" content=\"https:\/\/decolights.eu\/sk\/produkt-2\/led-candles-5pcs-set\/\" \/>\n<meta property=\"og:site_name\" content=\"Decolights.eu\" \/>\n<meta property=\"article:modified_time\" content=\"2023-04-17T06:35:05+00:00\" \/>\n<meta property=\"og:image\" content=\"https:\/\/decolights.eu\/wp-content\/uploads\/2023\/04\/062-69_MB_001-e1681713272118.png\" \/>\n\t<meta property=\"og:image:width\" content=\"594\" \/>\n\t<meta property=\"og:image:height\" content=\"568\" \/>\n\t<meta property=\"og:image:type\" content=\"image\/png\" \/>\n<meta name=\"twitter:card\" content=\"summary_large_image\" \/>\n<meta name=\"twitter:label1\" content=\"Predpokladan\u00fd \u010das \u010d\u00edtania\" \/>\n\t<meta name=\"twitter:data1\" content=\"1 min\u00fata\" \/>\n<script type=\"application\/ld+json\" class=\"yoast-schema-graph\">{\"@context\":\"https:\\\/\\\/schema.org\",\"@graph\":[{\"@type\":\"WebPage\",\"@id\":\"https:\\\/\\\/decolights.eu\\\/product\\\/led-candles-5pcs-set\\\/\",\"url\":\"https:\\\/\\\/decolights.eu\\\/product\\\/led-candles-5pcs-set\\\/\",\"name\":\"LED Candles 5pcs set - Best price guarantee - Decolights.eu\",\"isPartOf\":{\"@id\":\"https:\\\/\\\/decolights.eu\\\/#website\"},\"primaryImageOfPage\":{\"@id\":\"https:\\\/\\\/decolights.eu\\\/product\\\/led-candles-5pcs-set\\\/#primaryimage\"},\"image\":{\"@id\":\"https:\\\/\\\/decolights.eu\\\/product\\\/led-candles-5pcs-set\\\/#primaryimage\"},\"thumbnailUrl\":\"https:\\\/\\\/decolights.eu\\\/wp-content\\\/uploads\\\/2023\\\/04\\\/062-69_MB_001-e1681713272118.png\",\"datePublished\":\"2023-04-01T04:27:42+00:00\",\"dateModified\":\"2023-04-17T06:35:05+00:00\",\"description\":\"LED Candles are the best and safest way for decorating your home and patio. Buy LED candles for the best price today and enjoy cozy atmosphere.\",\"breadcrumb\":{\"@id\":\"https:\\\/\\\/decolights.eu\\\/product\\\/led-candles-5pcs-set\\\/#breadcrumb\"},\"inLanguage\":\"sk-SK\",\"potentialAction\":[{\"@type\":\"ReadAction\",\"target\":[\"https:\\\/\\\/decolights.eu\\\/product\\\/led-candles-5pcs-set\\\/\"]}]},{\"@type\":\"ImageObject\",\"inLanguage\":\"sk-SK\",\"@id\":\"https:\\\/\\\/decolights.eu\\\/product\\\/led-candles-5pcs-set\\\/#primaryimage\",\"url\":\"https:\\\/\\\/decolights.eu\\\/wp-content\\\/uploads\\\/2023\\\/04\\\/062-69_MB_001-e1681713272118.png\",\"contentUrl\":\"https:\\\/\\\/decolights.eu\\\/wp-content\\\/uploads\\\/2023\\\/04\\\/062-69_MB_001-e1681713272118.png\",\"width\":594,\"height\":568},{\"@type\":\"BreadcrumbList\",\"@id\":\"https:\\\/\\\/decolights.eu\\\/product\\\/led-candles-5pcs-set\\\/#breadcrumb\",\"itemListElement\":[{\"@type\":\"ListItem\",\"position\":1,\"name\":\"Shop\",\"item\":\"https:\\\/\\\/decolights.eu\\\/shop\\\/\"},{\"@type\":\"ListItem\",\"position\":2,\"name\":\"LED Candles 5pcs set\"}]},{\"@type\":\"WebSite\",\"@id\":\"https:\\\/\\\/decolights.eu\\\/#website\",\"url\":\"https:\\\/\\\/decolights.eu\\\/\",\"name\":\"decolights\",\"description\":\"Led Decorations for Home and Garden\",\"publisher\":{\"@id\":\"https:\\\/\\\/decolights.eu\\\/#organization\"},\"alternateName\":\"decolights.eu\",\"potentialAction\":[{\"@type\":\"SearchAction\",\"target\":{\"@type\":\"EntryPoint\",\"urlTemplate\":\"https:\\\/\\\/decolights.eu\\\/?s={search_term_string}\"},\"query-input\":{\"@type\":\"PropertyValueSpecification\",\"valueRequired\":true,\"valueName\":\"search_term_string\"}}],\"inLanguage\":\"sk-SK\"},{\"@type\":\"Organization\",\"@id\":\"https:\\\/\\\/decolights.eu\\\/#organization\",\"name\":\"decolights\",\"url\":\"https:\\\/\\\/decolights.eu\\\/\",\"logo\":{\"@type\":\"ImageObject\",\"inLanguage\":\"sk-SK\",\"@id\":\"https:\\\/\\\/decolights.eu\\\/#\\\/schema\\\/logo\\\/image\\\/\",\"url\":\"https:\\\/\\\/decolights.eu\\\/wp-content\\\/uploads\\\/2023\\\/07\\\/cropped-decolight-siteicon.png\",\"contentUrl\":\"https:\\\/\\\/decolights.eu\\\/wp-content\\\/uploads\\\/2023\\\/07\\\/cropped-decolight-siteicon.png\",\"width\":512,\"height\":512,\"caption\":\"decolights\"},\"image\":{\"@id\":\"https:\\\/\\\/decolights.eu\\\/#\\\/schema\\\/logo\\\/image\\\/\"}}]}<\/script>\n<!-- \/ Yoast SEO plugin. -->","yoast_head_json":{"title":"Sada LED svie\u010dok 5ks - Garancia najni\u017e\u0161ej ceny - Decolights.eu","description":"LED svie\u010dky s\u00fa najlep\u0161\u00edm a najbezpe\u010dnej\u0161\u00edm sp\u00f4sobom zdobenia v\u00e1\u0161ho domova a terasy. K\u00fapte si LED svie\u010dky za najlep\u0161iu cenu e\u0161te dnes a u\u017eite si \u00fatuln\u00fa atmosf\u00e9ru.","robots":{"index":"index","follow":"follow","max-snippet":"max-snippet:-1","max-image-preview":"max-image-preview:large","max-video-preview":"max-video-preview:-1"},"canonical":"https:\/\/decolights.eu\/sk\/produkt-2\/led-candles-5pcs-set\/","og_locale":"sk_SK","og_type":"article","og_title":"LED Candles 5pcs set - Best price guarantee - Decolights.eu","og_description":"LED Candles are the best and safest way for decorating your home and patio. Buy LED candles for the best price today and enjoy cozy atmosphere.","og_url":"https:\/\/decolights.eu\/sk\/produkt-2\/led-candles-5pcs-set\/","og_site_name":"Decolights.eu","article_modified_time":"2023-04-17T06:35:05+00:00","og_image":[{"width":594,"height":568,"url":"https:\/\/decolights.eu\/wp-content\/uploads\/2023\/04\/062-69_MB_001-e1681713272118.png","type":"image\/png"}],"twitter_card":"summary_large_image","twitter_misc":{"Predpokladan\u00fd \u010das \u010d\u00edtania":"1 min\u00fata"},"schema":{"@context":"https:\/\/schema.org","@graph":[{"@type":"WebPage","@id":"https:\/\/decolights.eu\/product\/led-candles-5pcs-set\/","url":"https:\/\/decolights.eu\/product\/led-candles-5pcs-set\/","name":"Sada LED svie\u010dok 5ks - Garancia najni\u017e\u0161ej ceny - Decolights.eu","isPartOf":{"@id":"https:\/\/decolights.eu\/#website"},"primaryImageOfPage":{"@id":"https:\/\/decolights.eu\/product\/led-candles-5pcs-set\/#primaryimage"},"image":{"@id":"https:\/\/decolights.eu\/product\/led-candles-5pcs-set\/#primaryimage"},"thumbnailUrl":"https:\/\/decolights.eu\/wp-content\/uploads\/2023\/04\/062-69_MB_001-e1681713272118.png","datePublished":"2023-04-01T04:27:42+00:00","dateModified":"2023-04-17T06:35:05+00:00","description":"LED svie\u010dky s\u00fa najlep\u0161\u00edm a najbezpe\u010dnej\u0161\u00edm sp\u00f4sobom zdobenia v\u00e1\u0161ho domova a terasy. K\u00fapte si LED svie\u010dky za najlep\u0161iu cenu e\u0161te dnes a u\u017eite si \u00fatuln\u00fa atmosf\u00e9ru.","breadcrumb":{"@id":"https:\/\/decolights.eu\/product\/led-candles-5pcs-set\/#breadcrumb"},"inLanguage":"sk-SK","potentialAction":[{"@type":"ReadAction","target":["https:\/\/decolights.eu\/product\/led-candles-5pcs-set\/"]}]},{"@type":"ImageObject","inLanguage":"sk-SK","@id":"https:\/\/decolights.eu\/product\/led-candles-5pcs-set\/#primaryimage","url":"https:\/\/decolights.eu\/wp-content\/uploads\/2023\/04\/062-69_MB_001-e1681713272118.png","contentUrl":"https:\/\/decolights.eu\/wp-content\/uploads\/2023\/04\/062-69_MB_001-e1681713272118.png","width":594,"height":568},{"@type":"BreadcrumbList","@id":"https:\/\/decolights.eu\/product\/led-candles-5pcs-set\/#breadcrumb","itemListElement":[{"@type":"ListItem","position":1,"name":"Shop","item":"https:\/\/decolights.eu\/shop\/"},{"@type":"ListItem","position":2,"name":"LED Candles 5pcs set"}]},{"@type":"WebSite","@id":"https:\/\/decolights.eu\/#website","url":"https:\/\/decolights.eu\/","name":"decolights","description":"Led dekor\u00e1cie pre dom a z\u00e1hradu","publisher":{"@id":"https:\/\/decolights.eu\/#organization"},"alternateName":"decolights.eu","potentialAction":[{"@type":"SearchAction","target":{"@type":"EntryPoint","urlTemplate":"https:\/\/decolights.eu\/?s={search_term_string}"},"query-input":{"@type":"PropertyValueSpecification","valueRequired":true,"valueName":"search_term_string"}}],"inLanguage":"sk-SK"},{"@type":"Organization","@id":"https:\/\/decolights.eu\/#organization","name":"decolights","url":"https:\/\/decolights.eu\/","logo":{"@type":"ImageObject","inLanguage":"sk-SK","@id":"https:\/\/decolights.eu\/#\/schema\/logo\/image\/","url":"https:\/\/decolights.eu\/wp-content\/uploads\/2023\/07\/cropped-decolight-siteicon.png","contentUrl":"https:\/\/decolights.eu\/wp-content\/uploads\/2023\/07\/cropped-decolight-siteicon.png","width":512,"height":512,"caption":"decolights"},"image":{"@id":"https:\/\/decolights.eu\/#\/schema\/logo\/image\/"}}]}},"jetpack_sharing_enabled":true,"_links":{"self":[{"href":"https:\/\/decolights.eu\/sk\/wp-json\/wp\/v2\/product\/5187","targetHints":{"allow":["GET"]}}],"collection":[{"href":"https:\/\/decolights.eu\/sk\/wp-json\/wp\/v2\/product"}],"about":[{"href":"https:\/\/decolights.eu\/sk\/wp-json\/wp\/v2\/types\/product"}],"replies":[{"embeddable":true,"href":"https:\/\/decolights.eu\/sk\/wp-json\/wp\/v2\/comments?post=5187"}],"wp:featuredmedia":[{"embeddable":true,"href":"https:\/\/decolights.eu\/sk\/wp-json\/wp\/v2\/media\/4407"}],"wp:attachment":[{"href":"https:\/\/decolights.eu\/sk\/wp-json\/wp\/v2\/media?parent=5187"}],"wp:term":[{"taxonomy":"product_brand","embeddable":true,"href":"https:\/\/decolights.eu\/sk\/wp-json\/wp\/v2\/product_brand?post=5187"},{"taxonomy":"product_cat","embeddable":true,"href":"https:\/\/decolights.eu\/sk\/wp-json\/wp\/v2\/product_cat?post=5187"},{"taxonomy":"product_tag","embeddable":true,"href":"https:\/\/decolights.eu\/sk\/wp-json\/wp\/v2\/product_tag?post=5187"}],"curies":[{"name":"wp","href":"https:\/\/api.w.org\/{rel}","templated":true}]}}