{"id":5386,"date":"2023-04-01T04:30:00","date_gmt":"2023-04-01T04:30:00","guid":{"rendered":"https:\/\/decolights.eu\/?post_type=product&#038;p=5386"},"modified":"2023-05-10T09:03:00","modified_gmt":"2023-05-10T09:03:00","slug":"fairy-led-string-light-multi-5m","status":"publish","type":"product","link":"https:\/\/decolights.eu\/sk\/produkt-2\/fairy-led-string-light-multi-5m\/","title":{"rendered":"Rozpr\u00e1vkov\u00e9 LED strunov\u00e9 svetlo multi 5M"},"content":{"rendered":"<ul>\n<li><strong>Farba LED:<\/strong> multi<\/li>\n<li><strong>Po\u010det mikro LED:<\/strong> 50 LED<\/li>\n<li><strong>Farba dr\u00f4tu: <\/strong>Strieborn\u00e1<\/li>\n<li><strong>Celkov\u00e1 d\u013a\u017eka (vr\u00e1tane nap\u00e1jacieho k\u00e1bla):<\/strong> 5 mil<\/li>\n<li><b>Hodnotenie IP:\u00a0<\/b>IP44<\/li>\n<li><strong>Pripojite\u013en\u00e9:\u00a0<\/strong>Nie<\/li>\n<li><strong>Zdroj energie:\u00a0<\/strong>3 x AA bat\u00e9rie (nie s\u00fa s\u00fa\u010das\u0165ou balenia)<\/li>\n<li><strong>Certifik\u00e1t CE:\u00a0<\/strong>\u00c1no<\/li>\n<li>4,5 V, 50 Hz max, 2,55 W<\/li>\n<\/ul>","protected":false},"excerpt":{"rendered":"<p>LED Colour: multi Number of Micro LEDs: 50LED Wire colour: Silver Total length (including power lead cable): 5M IP Rating:\u00a0IP44 Connectable:\u00a0No Power source:\u00a03 x AA batteries (not included) CE Certificate:\u00a0Yes 4.5V, 50Hz max,\u00a0 2.55W<\/p>","protected":false},"featured_media":4573,"comment_status":"open","ping_status":"closed","template":"","meta":[],"product_brand":[],"product_cat":[217,218,214],"product_tag":[],"class_list":{"0":"post-5386","1":"product","2":"type-product","3":"status-publish","4":"has-post-thumbnail","6":"product_cat-battery-operated-led-lights","7":"product_cat-decorative-led-lights","8":"product_cat-indoor-lights","9":"pa_brand-deco","10":"pa_led-colour-multi-coloured","12":"first","13":"instock","14":"sale","15":"shipping-taxable","16":"purchasable","17":"product-type-simple"},"yoast_head":"<!-- This site is optimized with the Yoast SEO plugin v27.3 - https:\/\/yoast.com\/product\/yoast-seo-wordpress\/ -->\n<title>Fairy LED string light multi 5M - Best price - Decolights.eu<\/title>\n<meta name=\"description\" content=\"Fairy lights are miniature, almost hidden, micro led string lights are perfect for decorating plants, Christmas trees and vases. Buy now for the best price!\" \/>\n<meta name=\"robots\" content=\"index, follow, max-snippet:-1, max-image-preview:large, max-video-preview:-1\" \/>\n<link rel=\"canonical\" href=\"https:\/\/decolights.eu\/sk\/produkt-2\/fairy-led-string-light-multi-5m\/\" \/>\n<meta property=\"og:locale\" content=\"sk_SK\" \/>\n<meta property=\"og:type\" content=\"article\" \/>\n<meta property=\"og:title\" content=\"Fairy LED string light multi 5M - Best price - Decolights.eu\" \/>\n<meta property=\"og:description\" content=\"Fairy lights are miniature, almost hidden, micro led string lights are perfect for decorating plants, Christmas trees and vases. Buy now for the best price!\" \/>\n<meta property=\"og:url\" content=\"https:\/\/decolights.eu\/sk\/produkt-2\/fairy-led-string-light-multi-5m\/\" \/>\n<meta property=\"og:site_name\" content=\"Decolights.eu\" \/>\n<meta property=\"article:modified_time\" content=\"2023-05-10T09:03:00+00:00\" \/>\n<meta property=\"og:image\" content=\"https:\/\/decolights.eu\/wp-content\/uploads\/2023\/04\/50led-multi-5m.jpg\" \/>\n\t<meta property=\"og:image:width\" content=\"1280\" \/>\n\t<meta property=\"og:image:height\" content=\"1269\" \/>\n\t<meta property=\"og:image:type\" content=\"image\/jpeg\" \/>\n<meta name=\"twitter:card\" content=\"summary_large_image\" \/>\n<meta name=\"twitter:label1\" content=\"Predpokladan\u00fd \u010das \u010d\u00edtania\" \/>\n\t<meta name=\"twitter:data1\" content=\"1 min\u00fata\" \/>\n<script type=\"application\/ld+json\" class=\"yoast-schema-graph\">{\"@context\":\"https:\\\/\\\/schema.org\",\"@graph\":[{\"@type\":\"WebPage\",\"@id\":\"https:\\\/\\\/decolights.eu\\\/product\\\/fairy-led-string-light-multi-5m\\\/\",\"url\":\"https:\\\/\\\/decolights.eu\\\/product\\\/fairy-led-string-light-multi-5m\\\/\",\"name\":\"Fairy LED string light multi 5M - Best price - Decolights.eu\",\"isPartOf\":{\"@id\":\"https:\\\/\\\/decolights.eu\\\/#website\"},\"primaryImageOfPage\":{\"@id\":\"https:\\\/\\\/decolights.eu\\\/product\\\/fairy-led-string-light-multi-5m\\\/#primaryimage\"},\"image\":{\"@id\":\"https:\\\/\\\/decolights.eu\\\/product\\\/fairy-led-string-light-multi-5m\\\/#primaryimage\"},\"thumbnailUrl\":\"https:\\\/\\\/decolights.eu\\\/wp-content\\\/uploads\\\/2023\\\/04\\\/50led-multi-5m.jpg\",\"datePublished\":\"2023-04-01T04:30:00+00:00\",\"dateModified\":\"2023-05-10T09:03:00+00:00\",\"description\":\"Fairy lights are miniature, almost hidden, micro led string lights are perfect for decorating plants, Christmas trees and vases. Buy now for the best price!\",\"breadcrumb\":{\"@id\":\"https:\\\/\\\/decolights.eu\\\/product\\\/fairy-led-string-light-multi-5m\\\/#breadcrumb\"},\"inLanguage\":\"sk-SK\",\"potentialAction\":[{\"@type\":\"ReadAction\",\"target\":[\"https:\\\/\\\/decolights.eu\\\/product\\\/fairy-led-string-light-multi-5m\\\/\"]}]},{\"@type\":\"ImageObject\",\"inLanguage\":\"sk-SK\",\"@id\":\"https:\\\/\\\/decolights.eu\\\/product\\\/fairy-led-string-light-multi-5m\\\/#primaryimage\",\"url\":\"https:\\\/\\\/decolights.eu\\\/wp-content\\\/uploads\\\/2023\\\/04\\\/50led-multi-5m.jpg\",\"contentUrl\":\"https:\\\/\\\/decolights.eu\\\/wp-content\\\/uploads\\\/2023\\\/04\\\/50led-multi-5m.jpg\",\"width\":1280,\"height\":1269},{\"@type\":\"BreadcrumbList\",\"@id\":\"https:\\\/\\\/decolights.eu\\\/product\\\/fairy-led-string-light-multi-5m\\\/#breadcrumb\",\"itemListElement\":[{\"@type\":\"ListItem\",\"position\":1,\"name\":\"Shop\",\"item\":\"https:\\\/\\\/decolights.eu\\\/shop\\\/\"},{\"@type\":\"ListItem\",\"position\":2,\"name\":\"Fairy LED string light multi 5M\"}]},{\"@type\":\"WebSite\",\"@id\":\"https:\\\/\\\/decolights.eu\\\/#website\",\"url\":\"https:\\\/\\\/decolights.eu\\\/\",\"name\":\"decolights\",\"description\":\"Led Decorations for Home and Garden\",\"publisher\":{\"@id\":\"https:\\\/\\\/decolights.eu\\\/#organization\"},\"alternateName\":\"decolights.eu\",\"potentialAction\":[{\"@type\":\"SearchAction\",\"target\":{\"@type\":\"EntryPoint\",\"urlTemplate\":\"https:\\\/\\\/decolights.eu\\\/?s={search_term_string}\"},\"query-input\":{\"@type\":\"PropertyValueSpecification\",\"valueRequired\":true,\"valueName\":\"search_term_string\"}}],\"inLanguage\":\"sk-SK\"},{\"@type\":\"Organization\",\"@id\":\"https:\\\/\\\/decolights.eu\\\/#organization\",\"name\":\"decolights\",\"url\":\"https:\\\/\\\/decolights.eu\\\/\",\"logo\":{\"@type\":\"ImageObject\",\"inLanguage\":\"sk-SK\",\"@id\":\"https:\\\/\\\/decolights.eu\\\/#\\\/schema\\\/logo\\\/image\\\/\",\"url\":\"https:\\\/\\\/decolights.eu\\\/wp-content\\\/uploads\\\/2023\\\/07\\\/cropped-decolight-siteicon.png\",\"contentUrl\":\"https:\\\/\\\/decolights.eu\\\/wp-content\\\/uploads\\\/2023\\\/07\\\/cropped-decolight-siteicon.png\",\"width\":512,\"height\":512,\"caption\":\"decolights\"},\"image\":{\"@id\":\"https:\\\/\\\/decolights.eu\\\/#\\\/schema\\\/logo\\\/image\\\/\"}}]}<\/script>\n<!-- \/ Yoast SEO plugin. -->","yoast_head_json":{"title":"Fairy LED string light multi 5M - Najlep\u0161ia cena - Decolights.eu","description":"Rozpr\u00e1vkov\u00e9 svetl\u00e1 s\u00fa miniat\u00farne, takmer skryt\u00e9, mikro led svetl\u00e1 s\u00fa ide\u00e1lne na zdobenie rastl\u00edn, viano\u010dn\u00fdch strom\u010dekov a v\u00e1z. Nak\u00fapte teraz za najlep\u0161iu cenu!","robots":{"index":"index","follow":"follow","max-snippet":"max-snippet:-1","max-image-preview":"max-image-preview:large","max-video-preview":"max-video-preview:-1"},"canonical":"https:\/\/decolights.eu\/sk\/produkt-2\/fairy-led-string-light-multi-5m\/","og_locale":"sk_SK","og_type":"article","og_title":"Fairy LED string light multi 5M - Best price - Decolights.eu","og_description":"Fairy lights are miniature, almost hidden, micro led string lights are perfect for decorating plants, Christmas trees and vases. Buy now for the best price!","og_url":"https:\/\/decolights.eu\/sk\/produkt-2\/fairy-led-string-light-multi-5m\/","og_site_name":"Decolights.eu","article_modified_time":"2023-05-10T09:03:00+00:00","og_image":[{"width":1280,"height":1269,"url":"https:\/\/decolights.eu\/wp-content\/uploads\/2023\/04\/50led-multi-5m.jpg","type":"image\/jpeg"}],"twitter_card":"summary_large_image","twitter_misc":{"Predpokladan\u00fd \u010das \u010d\u00edtania":"1 min\u00fata"},"schema":{"@context":"https:\/\/schema.org","@graph":[{"@type":"WebPage","@id":"https:\/\/decolights.eu\/product\/fairy-led-string-light-multi-5m\/","url":"https:\/\/decolights.eu\/product\/fairy-led-string-light-multi-5m\/","name":"Fairy LED string light multi 5M - Najlep\u0161ia cena - Decolights.eu","isPartOf":{"@id":"https:\/\/decolights.eu\/#website"},"primaryImageOfPage":{"@id":"https:\/\/decolights.eu\/product\/fairy-led-string-light-multi-5m\/#primaryimage"},"image":{"@id":"https:\/\/decolights.eu\/product\/fairy-led-string-light-multi-5m\/#primaryimage"},"thumbnailUrl":"https:\/\/decolights.eu\/wp-content\/uploads\/2023\/04\/50led-multi-5m.jpg","datePublished":"2023-04-01T04:30:00+00:00","dateModified":"2023-05-10T09:03:00+00:00","description":"Rozpr\u00e1vkov\u00e9 svetl\u00e1 s\u00fa miniat\u00farne, takmer skryt\u00e9, mikro led svetl\u00e1 s\u00fa ide\u00e1lne na zdobenie rastl\u00edn, viano\u010dn\u00fdch strom\u010dekov a v\u00e1z. Nak\u00fapte teraz za najlep\u0161iu cenu!","breadcrumb":{"@id":"https:\/\/decolights.eu\/product\/fairy-led-string-light-multi-5m\/#breadcrumb"},"inLanguage":"sk-SK","potentialAction":[{"@type":"ReadAction","target":["https:\/\/decolights.eu\/product\/fairy-led-string-light-multi-5m\/"]}]},{"@type":"ImageObject","inLanguage":"sk-SK","@id":"https:\/\/decolights.eu\/product\/fairy-led-string-light-multi-5m\/#primaryimage","url":"https:\/\/decolights.eu\/wp-content\/uploads\/2023\/04\/50led-multi-5m.jpg","contentUrl":"https:\/\/decolights.eu\/wp-content\/uploads\/2023\/04\/50led-multi-5m.jpg","width":1280,"height":1269},{"@type":"BreadcrumbList","@id":"https:\/\/decolights.eu\/product\/fairy-led-string-light-multi-5m\/#breadcrumb","itemListElement":[{"@type":"ListItem","position":1,"name":"Shop","item":"https:\/\/decolights.eu\/shop\/"},{"@type":"ListItem","position":2,"name":"Fairy LED string light multi 5M"}]},{"@type":"WebSite","@id":"https:\/\/decolights.eu\/#website","url":"https:\/\/decolights.eu\/","name":"decolights","description":"Led dekor\u00e1cie pre dom a z\u00e1hradu","publisher":{"@id":"https:\/\/decolights.eu\/#organization"},"alternateName":"decolights.eu","potentialAction":[{"@type":"SearchAction","target":{"@type":"EntryPoint","urlTemplate":"https:\/\/decolights.eu\/?s={search_term_string}"},"query-input":{"@type":"PropertyValueSpecification","valueRequired":true,"valueName":"search_term_string"}}],"inLanguage":"sk-SK"},{"@type":"Organization","@id":"https:\/\/decolights.eu\/#organization","name":"decolights","url":"https:\/\/decolights.eu\/","logo":{"@type":"ImageObject","inLanguage":"sk-SK","@id":"https:\/\/decolights.eu\/#\/schema\/logo\/image\/","url":"https:\/\/decolights.eu\/wp-content\/uploads\/2023\/07\/cropped-decolight-siteicon.png","contentUrl":"https:\/\/decolights.eu\/wp-content\/uploads\/2023\/07\/cropped-decolight-siteicon.png","width":512,"height":512,"caption":"decolights"},"image":{"@id":"https:\/\/decolights.eu\/#\/schema\/logo\/image\/"}}]}},"jetpack_sharing_enabled":true,"_links":{"self":[{"href":"https:\/\/decolights.eu\/sk\/wp-json\/wp\/v2\/product\/5386","targetHints":{"allow":["GET"]}}],"collection":[{"href":"https:\/\/decolights.eu\/sk\/wp-json\/wp\/v2\/product"}],"about":[{"href":"https:\/\/decolights.eu\/sk\/wp-json\/wp\/v2\/types\/product"}],"replies":[{"embeddable":true,"href":"https:\/\/decolights.eu\/sk\/wp-json\/wp\/v2\/comments?post=5386"}],"wp:featuredmedia":[{"embeddable":true,"href":"https:\/\/decolights.eu\/sk\/wp-json\/wp\/v2\/media\/4573"}],"wp:attachment":[{"href":"https:\/\/decolights.eu\/sk\/wp-json\/wp\/v2\/media?parent=5386"}],"wp:term":[{"taxonomy":"product_brand","embeddable":true,"href":"https:\/\/decolights.eu\/sk\/wp-json\/wp\/v2\/product_brand?post=5386"},{"taxonomy":"product_cat","embeddable":true,"href":"https:\/\/decolights.eu\/sk\/wp-json\/wp\/v2\/product_cat?post=5386"},{"taxonomy":"product_tag","embeddable":true,"href":"https:\/\/decolights.eu\/sk\/wp-json\/wp\/v2\/product_tag?post=5386"}],"curies":[{"name":"wp","href":"https:\/\/api.w.org\/{rel}","templated":true}]}}