{"id":5514,"date":"2023-04-01T04:32:00","date_gmt":"2023-04-01T04:32:00","guid":{"rendered":"https:\/\/decolights.eu\/?post_type=product&#038;p=5514"},"modified":"2023-05-10T08:57:53","modified_gmt":"2023-05-10T08:57:53","slug":"solar-light-chain-globini-2","status":"publish","type":"product","link":"https:\/\/decolights.eu\/sk\/produkt-2\/solar-light-chain-globini-2\/","title":{"rendered":"Sol\u00e1rna sveteln\u00e1 re\u0165az Globini"},"content":{"rendered":"<p>Solar powered light chain with small white baubles. Separate panel that makes it easy to have the light chain placed in the shadow, and the panel into the sun.<\/p>\n<ul>\n<li><strong>Farba LED<\/strong>: tepl\u00e1 biela<\/li>\n<li><strong>Po\u010det svietidiel<\/strong><strong>: <\/strong>20 ks<\/li>\n<li><strong>Celkov\u00e1 d\u013a\u017eka (vr\u00e1tane nap\u00e1jacieho k\u00e1bla): <\/strong>6.80M<\/li>\n<li><strong>D\u013a\u017eka svietenia:\u00a0<\/strong>4.75M<\/li>\n<li><strong>Nap\u00e1jac\u00ed k\u00e1bel:<\/strong> 2 mil<\/li>\n<li><strong>Vzdialenos\u0165 medzi \u017eiarovkami:<\/strong> 25 cm<\/li>\n<li><strong>Farba k\u00e1bla: <\/strong>transparentn\u00fd<\/li>\n<li><strong>Hodnotenie IP: <\/strong>IP44<\/li>\n<li><strong>Zdroj energie:\u00a0<\/strong>Sol\u00e1rne<\/li>\n<li><strong>\u010casova\u010d:\u00a0<\/strong>Svieti v tme<\/li>\n<li><strong>Materi\u00e1l k\u00e1bla:\u00a0<\/strong>PVC<\/li>\n<li><strong>Pripojite\u013en\u00e9:\u00a0<\/strong>Nie<\/li>\n<li><strong>Uz\u00e1ver\/z\u00e1suvka:\u00a0<\/strong>Nenahradite\u013en\u00e9<\/li>\n<li><strong>CE certifikovan\u00e9:\u00a0<\/strong>\u00c1no<\/li>\n<li>\u017diarovky:<\/li>\n<li>3,2V DC 1,28W<\/li>\n<\/ul>","protected":false},"excerpt":{"rendered":"<p>Solar powered light chain with small white baubles. Separate panel that makes it easy to have the light chain placed in the shadow, and the panel into the sun. LED colour: warm white Number of lamps: 20pcs Total length (included power lead cable): 6.80M Lit length:\u00a04.75M Power lead cable: 2M Spacing between bulbs: 25CM Cable [&#8230;]\n","protected":false},"featured_media":5617,"comment_status":"open","ping_status":"closed","template":"","meta":[],"product_brand":[],"product_cat":[226,232,195,171],"product_tag":[],"class_list":{"0":"post-5514","1":"product","2":"type-product","3":"status-publish","4":"has-post-thumbnail","6":"product_cat-outdoor-lights","7":"product_cat-solar-festoon-lights-outdoor-lights","8":"product_cat-solar-festoon-lights","9":"product_cat-solar-lights","10":"pa_brand-deco","11":"pa_led-colour-warm-white","13":"first","14":"instock","15":"sale","16":"shipping-taxable","17":"purchasable","18":"product-type-simple"},"yoast_head":"<!-- This site is optimized with the Yoast SEO plugin v27.3 - https:\/\/yoast.com\/product\/yoast-seo-wordpress\/ -->\n<title>Solar light chain Globini - Best price guarantee - Decolights.eu<\/title>\n<meta name=\"description\" content=\"Decorate your patio or garden with a nice solar light chain to get a cosy atmosphere. Do not hesitate and buy now the get the best price!\" \/>\n<meta name=\"robots\" content=\"index, follow, max-snippet:-1, max-image-preview:large, max-video-preview:-1\" \/>\n<link rel=\"canonical\" href=\"https:\/\/decolights.eu\/sk\/produkt-2\/solar-light-chain-globini-2\/\" \/>\n<meta property=\"og:locale\" content=\"sk_SK\" \/>\n<meta property=\"og:type\" content=\"article\" \/>\n<meta property=\"og:title\" content=\"Solar light chain Globini - Best price guarantee - Decolights.eu\" \/>\n<meta property=\"og:description\" content=\"Decorate your patio or garden with a nice solar light chain to get a cosy atmosphere. Do not hesitate and buy now the get the best price!\" \/>\n<meta property=\"og:url\" content=\"https:\/\/decolights.eu\/sk\/produkt-2\/solar-light-chain-globini-2\/\" \/>\n<meta property=\"og:site_name\" content=\"Decolights.eu\" \/>\n<meta property=\"article:modified_time\" content=\"2023-05-10T08:57:53+00:00\" \/>\n<meta property=\"og:image\" content=\"https:\/\/decolights.eu\/wp-content\/uploads\/2023\/04\/477-58_M2.png\" \/>\n\t<meta property=\"og:image:width\" content=\"600\" \/>\n\t<meta property=\"og:image:height\" content=\"602\" \/>\n\t<meta property=\"og:image:type\" content=\"image\/png\" \/>\n<meta name=\"twitter:card\" content=\"summary_large_image\" \/>\n<meta name=\"twitter:label1\" content=\"Predpokladan\u00fd \u010das \u010d\u00edtania\" \/>\n\t<meta name=\"twitter:data1\" content=\"1 min\u00fata\" \/>\n<script type=\"application\/ld+json\" class=\"yoast-schema-graph\">{\"@context\":\"https:\\\/\\\/schema.org\",\"@graph\":[{\"@type\":\"WebPage\",\"@id\":\"https:\\\/\\\/decolights.eu\\\/product\\\/solar-light-chain-globini-2\\\/\",\"url\":\"https:\\\/\\\/decolights.eu\\\/product\\\/solar-light-chain-globini-2\\\/\",\"name\":\"Solar light chain Globini - Best price guarantee - Decolights.eu\",\"isPartOf\":{\"@id\":\"https:\\\/\\\/decolights.eu\\\/#website\"},\"primaryImageOfPage\":{\"@id\":\"https:\\\/\\\/decolights.eu\\\/product\\\/solar-light-chain-globini-2\\\/#primaryimage\"},\"image\":{\"@id\":\"https:\\\/\\\/decolights.eu\\\/product\\\/solar-light-chain-globini-2\\\/#primaryimage\"},\"thumbnailUrl\":\"https:\\\/\\\/decolights.eu\\\/wp-content\\\/uploads\\\/2023\\\/04\\\/477-58_M2.png\",\"datePublished\":\"2023-04-01T04:32:00+00:00\",\"dateModified\":\"2023-05-10T08:57:53+00:00\",\"description\":\"Decorate your patio or garden with a nice solar light chain to get a cosy atmosphere. Do not hesitate and buy now the get the best price!\",\"breadcrumb\":{\"@id\":\"https:\\\/\\\/decolights.eu\\\/product\\\/solar-light-chain-globini-2\\\/#breadcrumb\"},\"inLanguage\":\"sk-SK\",\"potentialAction\":[{\"@type\":\"ReadAction\",\"target\":[\"https:\\\/\\\/decolights.eu\\\/product\\\/solar-light-chain-globini-2\\\/\"]}]},{\"@type\":\"ImageObject\",\"inLanguage\":\"sk-SK\",\"@id\":\"https:\\\/\\\/decolights.eu\\\/product\\\/solar-light-chain-globini-2\\\/#primaryimage\",\"url\":\"https:\\\/\\\/decolights.eu\\\/wp-content\\\/uploads\\\/2023\\\/04\\\/477-58_M2.png\",\"contentUrl\":\"https:\\\/\\\/decolights.eu\\\/wp-content\\\/uploads\\\/2023\\\/04\\\/477-58_M2.png\",\"width\":600,\"height\":602},{\"@type\":\"BreadcrumbList\",\"@id\":\"https:\\\/\\\/decolights.eu\\\/product\\\/solar-light-chain-globini-2\\\/#breadcrumb\",\"itemListElement\":[{\"@type\":\"ListItem\",\"position\":1,\"name\":\"Shop\",\"item\":\"https:\\\/\\\/decolights.eu\\\/shop\\\/\"},{\"@type\":\"ListItem\",\"position\":2,\"name\":\"Solar light chain Globini\"}]},{\"@type\":\"WebSite\",\"@id\":\"https:\\\/\\\/decolights.eu\\\/#website\",\"url\":\"https:\\\/\\\/decolights.eu\\\/\",\"name\":\"decolights\",\"description\":\"Led Decorations for Home and Garden\",\"publisher\":{\"@id\":\"https:\\\/\\\/decolights.eu\\\/#organization\"},\"alternateName\":\"decolights.eu\",\"potentialAction\":[{\"@type\":\"SearchAction\",\"target\":{\"@type\":\"EntryPoint\",\"urlTemplate\":\"https:\\\/\\\/decolights.eu\\\/?s={search_term_string}\"},\"query-input\":{\"@type\":\"PropertyValueSpecification\",\"valueRequired\":true,\"valueName\":\"search_term_string\"}}],\"inLanguage\":\"sk-SK\"},{\"@type\":\"Organization\",\"@id\":\"https:\\\/\\\/decolights.eu\\\/#organization\",\"name\":\"decolights\",\"url\":\"https:\\\/\\\/decolights.eu\\\/\",\"logo\":{\"@type\":\"ImageObject\",\"inLanguage\":\"sk-SK\",\"@id\":\"https:\\\/\\\/decolights.eu\\\/#\\\/schema\\\/logo\\\/image\\\/\",\"url\":\"https:\\\/\\\/decolights.eu\\\/wp-content\\\/uploads\\\/2023\\\/07\\\/cropped-decolight-siteicon.png\",\"contentUrl\":\"https:\\\/\\\/decolights.eu\\\/wp-content\\\/uploads\\\/2023\\\/07\\\/cropped-decolight-siteicon.png\",\"width\":512,\"height\":512,\"caption\":\"decolights\"},\"image\":{\"@id\":\"https:\\\/\\\/decolights.eu\\\/#\\\/schema\\\/logo\\\/image\\\/\"}}]}<\/script>\n<!-- \/ Yoast SEO plugin. -->","yoast_head_json":{"title":"Solar light chain Globini - Best price guarantee - Decolights.eu","description":"Decorate your patio or garden with a nice solar light chain to get a cosy atmosphere. Do not hesitate and buy now the get the best price!","robots":{"index":"index","follow":"follow","max-snippet":"max-snippet:-1","max-image-preview":"max-image-preview:large","max-video-preview":"max-video-preview:-1"},"canonical":"https:\/\/decolights.eu\/sk\/produkt-2\/solar-light-chain-globini-2\/","og_locale":"sk_SK","og_type":"article","og_title":"Solar light chain Globini - Best price guarantee - Decolights.eu","og_description":"Decorate your patio or garden with a nice solar light chain to get a cosy atmosphere. Do not hesitate and buy now the get the best price!","og_url":"https:\/\/decolights.eu\/sk\/produkt-2\/solar-light-chain-globini-2\/","og_site_name":"Decolights.eu","article_modified_time":"2023-05-10T08:57:53+00:00","og_image":[{"width":600,"height":602,"url":"https:\/\/decolights.eu\/wp-content\/uploads\/2023\/04\/477-58_M2.png","type":"image\/png"}],"twitter_card":"summary_large_image","twitter_misc":{"Predpokladan\u00fd \u010das \u010d\u00edtania":"1 min\u00fata"},"schema":{"@context":"https:\/\/schema.org","@graph":[{"@type":"WebPage","@id":"https:\/\/decolights.eu\/product\/solar-light-chain-globini-2\/","url":"https:\/\/decolights.eu\/product\/solar-light-chain-globini-2\/","name":"Solar light chain Globini - Best price guarantee - Decolights.eu","isPartOf":{"@id":"https:\/\/decolights.eu\/#website"},"primaryImageOfPage":{"@id":"https:\/\/decolights.eu\/product\/solar-light-chain-globini-2\/#primaryimage"},"image":{"@id":"https:\/\/decolights.eu\/product\/solar-light-chain-globini-2\/#primaryimage"},"thumbnailUrl":"https:\/\/decolights.eu\/wp-content\/uploads\/2023\/04\/477-58_M2.png","datePublished":"2023-04-01T04:32:00+00:00","dateModified":"2023-05-10T08:57:53+00:00","description":"Decorate your patio or garden with a nice solar light chain to get a cosy atmosphere. Do not hesitate and buy now the get the best price!","breadcrumb":{"@id":"https:\/\/decolights.eu\/product\/solar-light-chain-globini-2\/#breadcrumb"},"inLanguage":"sk-SK","potentialAction":[{"@type":"ReadAction","target":["https:\/\/decolights.eu\/product\/solar-light-chain-globini-2\/"]}]},{"@type":"ImageObject","inLanguage":"sk-SK","@id":"https:\/\/decolights.eu\/product\/solar-light-chain-globini-2\/#primaryimage","url":"https:\/\/decolights.eu\/wp-content\/uploads\/2023\/04\/477-58_M2.png","contentUrl":"https:\/\/decolights.eu\/wp-content\/uploads\/2023\/04\/477-58_M2.png","width":600,"height":602},{"@type":"BreadcrumbList","@id":"https:\/\/decolights.eu\/product\/solar-light-chain-globini-2\/#breadcrumb","itemListElement":[{"@type":"ListItem","position":1,"name":"Shop","item":"https:\/\/decolights.eu\/shop\/"},{"@type":"ListItem","position":2,"name":"Solar light chain Globini"}]},{"@type":"WebSite","@id":"https:\/\/decolights.eu\/#website","url":"https:\/\/decolights.eu\/","name":"decolights","description":"Led dekor\u00e1cie pre dom a z\u00e1hradu","publisher":{"@id":"https:\/\/decolights.eu\/#organization"},"alternateName":"decolights.eu","potentialAction":[{"@type":"SearchAction","target":{"@type":"EntryPoint","urlTemplate":"https:\/\/decolights.eu\/?s={search_term_string}"},"query-input":{"@type":"PropertyValueSpecification","valueRequired":true,"valueName":"search_term_string"}}],"inLanguage":"sk-SK"},{"@type":"Organization","@id":"https:\/\/decolights.eu\/#organization","name":"decolights","url":"https:\/\/decolights.eu\/","logo":{"@type":"ImageObject","inLanguage":"sk-SK","@id":"https:\/\/decolights.eu\/#\/schema\/logo\/image\/","url":"https:\/\/decolights.eu\/wp-content\/uploads\/2023\/07\/cropped-decolight-siteicon.png","contentUrl":"https:\/\/decolights.eu\/wp-content\/uploads\/2023\/07\/cropped-decolight-siteicon.png","width":512,"height":512,"caption":"decolights"},"image":{"@id":"https:\/\/decolights.eu\/#\/schema\/logo\/image\/"}}]}},"jetpack_sharing_enabled":true,"_links":{"self":[{"href":"https:\/\/decolights.eu\/sk\/wp-json\/wp\/v2\/product\/5514","targetHints":{"allow":["GET"]}}],"collection":[{"href":"https:\/\/decolights.eu\/sk\/wp-json\/wp\/v2\/product"}],"about":[{"href":"https:\/\/decolights.eu\/sk\/wp-json\/wp\/v2\/types\/product"}],"replies":[{"embeddable":true,"href":"https:\/\/decolights.eu\/sk\/wp-json\/wp\/v2\/comments?post=5514"}],"wp:featuredmedia":[{"embeddable":true,"href":"https:\/\/decolights.eu\/sk\/wp-json\/wp\/v2\/media\/5617"}],"wp:attachment":[{"href":"https:\/\/decolights.eu\/sk\/wp-json\/wp\/v2\/media?parent=5514"}],"wp:term":[{"taxonomy":"product_brand","embeddable":true,"href":"https:\/\/decolights.eu\/sk\/wp-json\/wp\/v2\/product_brand?post=5514"},{"taxonomy":"product_cat","embeddable":true,"href":"https:\/\/decolights.eu\/sk\/wp-json\/wp\/v2\/product_cat?post=5514"},{"taxonomy":"product_tag","embeddable":true,"href":"https:\/\/decolights.eu\/sk\/wp-json\/wp\/v2\/product_tag?post=5514"}],"curies":[{"name":"wp","href":"https:\/\/api.w.org\/{rel}","templated":true}]}}