{"id":5609,"date":"2023-04-01T04:33:34","date_gmt":"2023-04-01T04:33:34","guid":{"rendered":"https:\/\/decolights.eu\/?post_type=product&#038;p=5609"},"modified":"2023-05-09T12:30:46","modified_gmt":"2023-05-09T12:30:46","slug":"smart-festoon-lights-rgb-20m-40-bulbs-twinkly-festoon-gen-ii","status":"publish","type":"product","link":"https:\/\/decolights.eu\/sk\/produkt-2\/smart-festoon-lights-rgb-20m-40-bulbs-twinkly-festoon-gen-ii\/","title":{"rendered":"Inteligentn\u00e9 festoonov\u00e9 svetl\u00e1 RGB 20M 40 \u017eiaroviek Twinkly Festoon (Gen II)"},"content":{"rendered":"<p>Viano\u010dn\u00e9 osvetlenie Twinkly kombinuje viacfarebn\u00e9 RGB LED svetl\u00e1 a smart technol\u00f3gie. Svetl\u00e1 m\u00f4\u017eete ovl\u00e1da\u0165 cez Wi-Fi sie\u0165 alebo pomocou Bluetooth \u2013 vytvorte presne tak\u00fd druh osvetlenia a vzor, ak\u00fd sa v\u00e1m p\u00e1\u010di. Pou\u017e\u00edvajte r\u00f4zne efekty a anim\u00e1cie. <strong>MusicSync<\/strong> umo\u017e\u0148uje prepojenie osvetlenia s hudbou.<\/p>\n<p>Twinkly spolupracuje aj s virtu\u00e1lnymi asistentmi Google Assistant a Amazon Alexa. M\u00e1 IP44, tak\u017ee svietidl\u00e1 s\u00fa vhodn\u00e9 pre vn\u00fatorn\u00e9 aj vonkaj\u0161ie pou\u017eitie.<\/p>\n<p><strong>Celkov\u00e1 d\u013a\u017eka \u0161n\u00fary viano\u010dn\u00e9ho osvetlenia je 24 metrov (z toho 20 metrov osvetlen\u00fdch) a obsahuje 40 svetiel v tvare G45. \u017divotnos\u0165 svetiel je viac ako 30 000 hod\u00edn.<\/strong><\/p>\n<p><iframe loading=\"lazy\" title=\"Roz\u017eiarte svoje letn\u00e9 noci s Festoonom\" width=\"1020\" height=\"574\" src=\"https:\/\/www.youtube.com\/embed\/WIS5tJTZ0PQ?feature=oembed\" frameborder=\"0\" allow=\"accelerometer; autoplay; clipboard-write; encrypted-media; gyroscope; picture-in-picture; web-share\" allowfullscreen><\/iframe><\/p>\n<p><em>PS: Video je ilustra\u010dn\u00e9 a dan\u00fd produkt nemus\u00ed ma\u0165 v\u0161etky funkcie zobrazen\u00e9 vo videu.<\/em><\/p>\n<p><strong>Hodnotenie IP:<\/strong> IP44<br \/>\n<strong>Mno\u017estvo \u017eiaroviek:<\/strong> 40 ks<br \/>\n<strong>Vzdialenos\u0165 medzi lampami:<\/strong> 50 cm<br \/>\n<strong>Priemer \u017eiarovky:<\/strong> 4,5 cm<br \/>\n<strong>Synchroniz\u00e1cia hudby:<\/strong> \u00c1no, iba Twinkly Music USB Mic<br \/>\n<strong>Pripojenie:<\/strong> Bluetooth\u00ae a Wi-Fi<\/p>","protected":false},"excerpt":{"rendered":"<p>Twinkly Christmas lighting combines multi-colored RGB LED lights and smart technologies. You can control the lights over a Wi-Fi network or using Bluetooth &#8211; create exactly the kind of lighting and pattern you like. Use different effects and animations. MusicSync allows lighting to be connected to music. Twinkly also works with Google Assistant and Amazon [&#8230;]\n","protected":false},"featured_media":5689,"comment_status":"open","ping_status":"closed","template":"","meta":[],"product_brand":[],"product_cat":[226,235],"product_tag":[],"class_list":{"0":"post-5609","1":"product","2":"type-product","3":"status-publish","4":"has-post-thumbnail","6":"product_cat-outdoor-lights","7":"product_cat-twinkly-outdoor-lights","8":"pa_brand-twinkly","9":"pa_led-colour-multi-coloured","11":"first","12":"instock","13":"sale","14":"shipping-taxable","15":"purchasable","16":"product-type-simple"},"yoast_head":"<!-- This site is optimized with the Yoast SEO plugin v27.3 - https:\/\/yoast.com\/product\/yoast-seo-wordpress\/ -->\n<title>Smart festoon lights RGB 20M 40 bulbs Twinkly Festoon (Gen II) - Best price -Decolights.eu<\/title>\n<meta name=\"description\" content=\"Twinkly festoon lights is a smart light chain with RGB bulbs that can be controlled via app and voice assistants. Get it now for the best price!\" \/>\n<meta name=\"robots\" content=\"index, follow, max-snippet:-1, max-image-preview:large, max-video-preview:-1\" \/>\n<link rel=\"canonical\" href=\"https:\/\/decolights.eu\/sk\/produkt-2\/smart-festoon-lights-rgb-20m-40-bulbs-twinkly-festoon-gen-ii\/\" \/>\n<meta property=\"og:locale\" content=\"sk_SK\" \/>\n<meta property=\"og:type\" content=\"article\" \/>\n<meta property=\"og:title\" content=\"Smart festoon lights RGB 20M 40 bulbs Twinkly Festoon (Gen II) - Best price -Decolights.eu\" \/>\n<meta property=\"og:description\" content=\"Twinkly festoon lights is a smart light chain with RGB bulbs that can be controlled via app and voice assistants. Get it now for the best price!\" \/>\n<meta property=\"og:url\" content=\"https:\/\/decolights.eu\/sk\/produkt-2\/smart-festoon-lights-rgb-20m-40-bulbs-twinkly-festoon-gen-ii\/\" \/>\n<meta property=\"og:site_name\" content=\"Decolights.eu\" \/>\n<meta property=\"article:modified_time\" content=\"2023-05-09T12:30:46+00:00\" \/>\n<meta property=\"og:image\" content=\"https:\/\/decolights.eu\/wp-content\/uploads\/2023\/04\/TWF040STP-BEU_Out-of-the-box.jpg\" \/>\n\t<meta property=\"og:image:width\" content=\"600\" \/>\n\t<meta property=\"og:image:height\" content=\"600\" \/>\n\t<meta property=\"og:image:type\" content=\"image\/jpeg\" \/>\n<meta name=\"twitter:card\" content=\"summary_large_image\" \/>\n<meta name=\"twitter:label1\" content=\"Predpokladan\u00fd \u010das \u010d\u00edtania\" \/>\n\t<meta name=\"twitter:data1\" content=\"1 min\u00fata\" \/>\n<script type=\"application\/ld+json\" class=\"yoast-schema-graph\">{\"@context\":\"https:\\\/\\\/schema.org\",\"@graph\":[{\"@type\":\"WebPage\",\"@id\":\"https:\\\/\\\/decolights.eu\\\/product\\\/smart-festoon-lights-rgb-20m-40-bulbs-twinkly-festoon-gen-ii\\\/\",\"url\":\"https:\\\/\\\/decolights.eu\\\/product\\\/smart-festoon-lights-rgb-20m-40-bulbs-twinkly-festoon-gen-ii\\\/\",\"name\":\"Smart festoon lights RGB 20M 40 bulbs Twinkly Festoon (Gen II) - Best price -Decolights.eu\",\"isPartOf\":{\"@id\":\"https:\\\/\\\/decolights.eu\\\/#website\"},\"primaryImageOfPage\":{\"@id\":\"https:\\\/\\\/decolights.eu\\\/product\\\/smart-festoon-lights-rgb-20m-40-bulbs-twinkly-festoon-gen-ii\\\/#primaryimage\"},\"image\":{\"@id\":\"https:\\\/\\\/decolights.eu\\\/product\\\/smart-festoon-lights-rgb-20m-40-bulbs-twinkly-festoon-gen-ii\\\/#primaryimage\"},\"thumbnailUrl\":\"https:\\\/\\\/decolights.eu\\\/wp-content\\\/uploads\\\/2023\\\/04\\\/TWF040STP-BEU_Out-of-the-box.jpg\",\"datePublished\":\"2023-04-01T04:33:34+00:00\",\"dateModified\":\"2023-05-09T12:30:46+00:00\",\"description\":\"Twinkly festoon lights is a smart light chain with RGB bulbs that can be controlled via app and voice assistants. Get it now for the best price!\",\"breadcrumb\":{\"@id\":\"https:\\\/\\\/decolights.eu\\\/product\\\/smart-festoon-lights-rgb-20m-40-bulbs-twinkly-festoon-gen-ii\\\/#breadcrumb\"},\"inLanguage\":\"sk-SK\",\"potentialAction\":[{\"@type\":\"ReadAction\",\"target\":[\"https:\\\/\\\/decolights.eu\\\/product\\\/smart-festoon-lights-rgb-20m-40-bulbs-twinkly-festoon-gen-ii\\\/\"]}]},{\"@type\":\"ImageObject\",\"inLanguage\":\"sk-SK\",\"@id\":\"https:\\\/\\\/decolights.eu\\\/product\\\/smart-festoon-lights-rgb-20m-40-bulbs-twinkly-festoon-gen-ii\\\/#primaryimage\",\"url\":\"https:\\\/\\\/decolights.eu\\\/wp-content\\\/uploads\\\/2023\\\/04\\\/TWF040STP-BEU_Out-of-the-box.jpg\",\"contentUrl\":\"https:\\\/\\\/decolights.eu\\\/wp-content\\\/uploads\\\/2023\\\/04\\\/TWF040STP-BEU_Out-of-the-box.jpg\",\"width\":600,\"height\":600},{\"@type\":\"BreadcrumbList\",\"@id\":\"https:\\\/\\\/decolights.eu\\\/product\\\/smart-festoon-lights-rgb-20m-40-bulbs-twinkly-festoon-gen-ii\\\/#breadcrumb\",\"itemListElement\":[{\"@type\":\"ListItem\",\"position\":1,\"name\":\"Shop\",\"item\":\"https:\\\/\\\/decolights.eu\\\/shop\\\/\"},{\"@type\":\"ListItem\",\"position\":2,\"name\":\"Smart festoon lights RGB 20M 40 bulbs Twinkly Festoon (Gen II)\"}]},{\"@type\":\"WebSite\",\"@id\":\"https:\\\/\\\/decolights.eu\\\/#website\",\"url\":\"https:\\\/\\\/decolights.eu\\\/\",\"name\":\"decolights\",\"description\":\"Led Decorations for Home and Garden\",\"publisher\":{\"@id\":\"https:\\\/\\\/decolights.eu\\\/#organization\"},\"alternateName\":\"decolights.eu\",\"potentialAction\":[{\"@type\":\"SearchAction\",\"target\":{\"@type\":\"EntryPoint\",\"urlTemplate\":\"https:\\\/\\\/decolights.eu\\\/?s={search_term_string}\"},\"query-input\":{\"@type\":\"PropertyValueSpecification\",\"valueRequired\":true,\"valueName\":\"search_term_string\"}}],\"inLanguage\":\"sk-SK\"},{\"@type\":\"Organization\",\"@id\":\"https:\\\/\\\/decolights.eu\\\/#organization\",\"name\":\"decolights\",\"url\":\"https:\\\/\\\/decolights.eu\\\/\",\"logo\":{\"@type\":\"ImageObject\",\"inLanguage\":\"sk-SK\",\"@id\":\"https:\\\/\\\/decolights.eu\\\/#\\\/schema\\\/logo\\\/image\\\/\",\"url\":\"https:\\\/\\\/decolights.eu\\\/wp-content\\\/uploads\\\/2023\\\/07\\\/cropped-decolight-siteicon.png\",\"contentUrl\":\"https:\\\/\\\/decolights.eu\\\/wp-content\\\/uploads\\\/2023\\\/07\\\/cropped-decolight-siteicon.png\",\"width\":512,\"height\":512,\"caption\":\"decolights\"},\"image\":{\"@id\":\"https:\\\/\\\/decolights.eu\\\/#\\\/schema\\\/logo\\\/image\\\/\"}}]}<\/script>\n<!-- \/ Yoast SEO plugin. -->","yoast_head_json":{"title":"Inteligentn\u00e9 festoonov\u00e9 svetl\u00e1 RGB 20M 40 \u017eiaroviek Twinkly Festoon (Gen II) - Najlep\u0161ia cena -Decolights.eu","description":"Twinkly festoon lights je inteligentn\u00e1 sveteln\u00e1 re\u0165az s RGB \u017eiarovkami, ktor\u00fa mo\u017eno ovl\u00e1da\u0165 pomocou aplik\u00e1cie a hlasov\u00fdch asistentov. Z\u00edskajte ho teraz za najlep\u0161iu cenu!","robots":{"index":"index","follow":"follow","max-snippet":"max-snippet:-1","max-image-preview":"max-image-preview:large","max-video-preview":"max-video-preview:-1"},"canonical":"https:\/\/decolights.eu\/sk\/produkt-2\/smart-festoon-lights-rgb-20m-40-bulbs-twinkly-festoon-gen-ii\/","og_locale":"sk_SK","og_type":"article","og_title":"Smart festoon lights RGB 20M 40 bulbs Twinkly Festoon (Gen II) - Best price -Decolights.eu","og_description":"Twinkly festoon lights is a smart light chain with RGB bulbs that can be controlled via app and voice assistants. Get it now for the best price!","og_url":"https:\/\/decolights.eu\/sk\/produkt-2\/smart-festoon-lights-rgb-20m-40-bulbs-twinkly-festoon-gen-ii\/","og_site_name":"Decolights.eu","article_modified_time":"2023-05-09T12:30:46+00:00","og_image":[{"width":600,"height":600,"url":"https:\/\/decolights.eu\/wp-content\/uploads\/2023\/04\/TWF040STP-BEU_Out-of-the-box.jpg","type":"image\/jpeg"}],"twitter_card":"summary_large_image","twitter_misc":{"Predpokladan\u00fd \u010das \u010d\u00edtania":"1 min\u00fata"},"schema":{"@context":"https:\/\/schema.org","@graph":[{"@type":"WebPage","@id":"https:\/\/decolights.eu\/product\/smart-festoon-lights-rgb-20m-40-bulbs-twinkly-festoon-gen-ii\/","url":"https:\/\/decolights.eu\/product\/smart-festoon-lights-rgb-20m-40-bulbs-twinkly-festoon-gen-ii\/","name":"Inteligentn\u00e9 festoonov\u00e9 svetl\u00e1 RGB 20M 40 \u017eiaroviek Twinkly Festoon (Gen II) - Najlep\u0161ia cena -Decolights.eu","isPartOf":{"@id":"https:\/\/decolights.eu\/#website"},"primaryImageOfPage":{"@id":"https:\/\/decolights.eu\/product\/smart-festoon-lights-rgb-20m-40-bulbs-twinkly-festoon-gen-ii\/#primaryimage"},"image":{"@id":"https:\/\/decolights.eu\/product\/smart-festoon-lights-rgb-20m-40-bulbs-twinkly-festoon-gen-ii\/#primaryimage"},"thumbnailUrl":"https:\/\/decolights.eu\/wp-content\/uploads\/2023\/04\/TWF040STP-BEU_Out-of-the-box.jpg","datePublished":"2023-04-01T04:33:34+00:00","dateModified":"2023-05-09T12:30:46+00:00","description":"Twinkly festoon lights je inteligentn\u00e1 sveteln\u00e1 re\u0165az s RGB \u017eiarovkami, ktor\u00fa mo\u017eno ovl\u00e1da\u0165 pomocou aplik\u00e1cie a hlasov\u00fdch asistentov. Z\u00edskajte ho teraz za najlep\u0161iu cenu!","breadcrumb":{"@id":"https:\/\/decolights.eu\/product\/smart-festoon-lights-rgb-20m-40-bulbs-twinkly-festoon-gen-ii\/#breadcrumb"},"inLanguage":"sk-SK","potentialAction":[{"@type":"ReadAction","target":["https:\/\/decolights.eu\/product\/smart-festoon-lights-rgb-20m-40-bulbs-twinkly-festoon-gen-ii\/"]}]},{"@type":"ImageObject","inLanguage":"sk-SK","@id":"https:\/\/decolights.eu\/product\/smart-festoon-lights-rgb-20m-40-bulbs-twinkly-festoon-gen-ii\/#primaryimage","url":"https:\/\/decolights.eu\/wp-content\/uploads\/2023\/04\/TWF040STP-BEU_Out-of-the-box.jpg","contentUrl":"https:\/\/decolights.eu\/wp-content\/uploads\/2023\/04\/TWF040STP-BEU_Out-of-the-box.jpg","width":600,"height":600},{"@type":"BreadcrumbList","@id":"https:\/\/decolights.eu\/product\/smart-festoon-lights-rgb-20m-40-bulbs-twinkly-festoon-gen-ii\/#breadcrumb","itemListElement":[{"@type":"ListItem","position":1,"name":"Shop","item":"https:\/\/decolights.eu\/shop\/"},{"@type":"ListItem","position":2,"name":"Smart festoon lights RGB 20M 40 bulbs Twinkly Festoon (Gen II)"}]},{"@type":"WebSite","@id":"https:\/\/decolights.eu\/#website","url":"https:\/\/decolights.eu\/","name":"decolights","description":"Led dekor\u00e1cie pre dom a z\u00e1hradu","publisher":{"@id":"https:\/\/decolights.eu\/#organization"},"alternateName":"decolights.eu","potentialAction":[{"@type":"SearchAction","target":{"@type":"EntryPoint","urlTemplate":"https:\/\/decolights.eu\/?s={search_term_string}"},"query-input":{"@type":"PropertyValueSpecification","valueRequired":true,"valueName":"search_term_string"}}],"inLanguage":"sk-SK"},{"@type":"Organization","@id":"https:\/\/decolights.eu\/#organization","name":"decolights","url":"https:\/\/decolights.eu\/","logo":{"@type":"ImageObject","inLanguage":"sk-SK","@id":"https:\/\/decolights.eu\/#\/schema\/logo\/image\/","url":"https:\/\/decolights.eu\/wp-content\/uploads\/2023\/07\/cropped-decolight-siteicon.png","contentUrl":"https:\/\/decolights.eu\/wp-content\/uploads\/2023\/07\/cropped-decolight-siteicon.png","width":512,"height":512,"caption":"decolights"},"image":{"@id":"https:\/\/decolights.eu\/#\/schema\/logo\/image\/"}}]}},"jetpack_sharing_enabled":true,"_links":{"self":[{"href":"https:\/\/decolights.eu\/sk\/wp-json\/wp\/v2\/product\/5609","targetHints":{"allow":["GET"]}}],"collection":[{"href":"https:\/\/decolights.eu\/sk\/wp-json\/wp\/v2\/product"}],"about":[{"href":"https:\/\/decolights.eu\/sk\/wp-json\/wp\/v2\/types\/product"}],"replies":[{"embeddable":true,"href":"https:\/\/decolights.eu\/sk\/wp-json\/wp\/v2\/comments?post=5609"}],"wp:featuredmedia":[{"embeddable":true,"href":"https:\/\/decolights.eu\/sk\/wp-json\/wp\/v2\/media\/5689"}],"wp:attachment":[{"href":"https:\/\/decolights.eu\/sk\/wp-json\/wp\/v2\/media?parent=5609"}],"wp:term":[{"taxonomy":"product_brand","embeddable":true,"href":"https:\/\/decolights.eu\/sk\/wp-json\/wp\/v2\/product_brand?post=5609"},{"taxonomy":"product_cat","embeddable":true,"href":"https:\/\/decolights.eu\/sk\/wp-json\/wp\/v2\/product_cat?post=5609"},{"taxonomy":"product_tag","embeddable":true,"href":"https:\/\/decolights.eu\/sk\/wp-json\/wp\/v2\/product_tag?post=5609"}],"curies":[{"name":"wp","href":"https:\/\/api.w.org\/{rel}","templated":true}]}}