{"id":6077,"date":"2023-04-01T04:40:22","date_gmt":"2023-04-01T04:40:22","guid":{"rendered":"https:\/\/decolights.eu\/?post_type=product&#038;p=6077"},"modified":"2023-04-17T09:29:43","modified_gmt":"2023-04-17T09:29:43","slug":"kitty-night-lamp","status":"publish","type":"product","link":"https:\/\/decolights.eu\/sk\/produkt-2\/kitty-night-lamp\/","title":{"rendered":"No\u010dn\u00e1 lampa Kitty"},"content":{"rendered":"<p class=\"a-spacing-base\">Ak h\u013ead\u00e1te roztomil\u00e9 dar\u010deky pre deti, roztomil\u00e9 no\u010dn\u00e9 lampy Kitty by boli perfektnou vo\u013ebou!<\/p>\n<p class=\"a-spacing-base\">Rozko\u0161n\u00fd ma\u010dac\u00ed dizajn, ve\u013ekos\u0165 do ruky, \u0161etrn\u00fd k o\u010diam, 16-farebn\u00e1 LED a 9 r\u00f4znych re\u017eimov jasu. Perfektne sa hod\u00ed do detskej izby, sp\u00e1lne alebo na terasu.<\/p>\n<ul>\n<li><strong>Farba: <\/strong>biely<\/li>\n<li><strong>Farba LED:\u00a0<\/strong>16 r\u00f4znych farieb<\/li>\n<li><strong>Ve\u013ekos\u0165:<\/strong> 15 cm (d\u013a\u017eka) x 11 cm (\u0161\u00edrka) x 11 cm (v\u00fd\u0161ka)<\/li>\n<li><strong>D\u013a\u017eka nap\u00e1jacieho k\u00e1bla:\u00a0<\/strong>75 cm<\/li>\n<li><strong>Zdroj energie:\u00a0<\/strong>USB (USB adapt\u00e9r nie je s\u00fa\u010das\u0165ou balenia)<\/li>\n<li><strong>Dia\u013ekov\u00e9 ovl\u00e1danie:\u00a0<\/strong>Zahrnut\u00e9<\/li>\n<li><strong>Funkcie:\u00a0<\/strong>\u00c1no (r\u00f4zne efekty blikania a \u00farovne jasu)<\/li>\n<li><strong>Materi\u00e1l:\u00a0<\/strong>krem\u00edk<\/li>\n<li>0,5 W<\/li>\n<\/ul>","protected":false},"excerpt":{"rendered":"<p>If you are looking for cute gifts for kids then cute Kitty night lamps would be a perfect option! Adorable kitty design, handheld size, eye-friendly, 16- colour LED and 9 different brightness regimes. Perfectly suitable for children&#8217;s room, bedroom or terrace. Colour: white LED colour:\u00a016 different colours Size: 15cm (length) x 11cm (width) x 11cm [&#8230;]\n","protected":false},"featured_media":6202,"comment_status":"open","ping_status":"closed","template":"","meta":[],"product_brand":[],"product_cat":[218,214],"product_tag":[],"class_list":{"0":"post-6077","1":"product","2":"type-product","3":"status-publish","4":"has-post-thumbnail","6":"product_cat-decorative-led-lights","7":"product_cat-indoor-lights","8":"pa_brand-deco","9":"pa_led-colour-multi-coloured","11":"first","12":"instock","13":"sale","14":"shipping-taxable","15":"purchasable","16":"product-type-simple"},"yoast_head":"<!-- This site is optimized with the Yoast SEO plugin v27.3 - https:\/\/yoast.com\/product\/yoast-seo-wordpress\/ -->\n<title>Kitty Night Lamp - Best price guarantee - Decolights.eu<\/title>\n<meta name=\"description\" content=\"Adorable kitty design with different colours and brightness regimes. Perfectly suitable for children&#039;s room, bedroom or terrace.\u00a0Don&#039;t hesitate, buy now!\" \/>\n<meta name=\"robots\" content=\"index, follow, max-snippet:-1, max-image-preview:large, max-video-preview:-1\" \/>\n<link rel=\"canonical\" href=\"https:\/\/decolights.eu\/sk\/produkt-2\/kitty-night-lamp\/\" \/>\n<meta property=\"og:locale\" content=\"sk_SK\" \/>\n<meta property=\"og:type\" content=\"article\" \/>\n<meta property=\"og:title\" content=\"Kitty Night Lamp - Best price guarantee - Decolights.eu\" \/>\n<meta property=\"og:description\" content=\"Adorable kitty design with different colours and brightness regimes. Perfectly suitable for children&#039;s room, bedroom or terrace.\u00a0Don&#039;t hesitate, buy now!\" \/>\n<meta property=\"og:url\" content=\"https:\/\/decolights.eu\/sk\/produkt-2\/kitty-night-lamp\/\" \/>\n<meta property=\"og:site_name\" content=\"Decolights.eu\" \/>\n<meta property=\"article:modified_time\" content=\"2023-04-17T09:29:43+00:00\" \/>\n<meta property=\"og:image\" content=\"https:\/\/decolights.eu\/wp-content\/uploads\/2023\/04\/rus_pl_\u0421\u0432\u0435\u0442\u043e\u0434\u0438\u043e\u0434\u043d\u0430\u044f-\u043f\u0440\u0438\u043a\u0440\u043e\u0432\u0430\u0442\u043d\u0430\u044f-\u043b\u0430\u043c\u043f\u0430-\u043a\u043e\u0442\u0435\u043d\u043e\u043a-15192_9.jpg\" \/>\n\t<meta property=\"og:image:width\" content=\"500\" \/>\n\t<meta property=\"og:image:height\" content=\"500\" \/>\n\t<meta property=\"og:image:type\" content=\"image\/jpeg\" \/>\n<meta name=\"twitter:card\" content=\"summary_large_image\" \/>\n<meta name=\"twitter:label1\" content=\"Predpokladan\u00fd \u010das \u010d\u00edtania\" \/>\n\t<meta name=\"twitter:data1\" content=\"1 min\u00fata\" \/>\n<script type=\"application\/ld+json\" class=\"yoast-schema-graph\">{\"@context\":\"https:\\\/\\\/schema.org\",\"@graph\":[{\"@type\":\"WebPage\",\"@id\":\"https:\\\/\\\/decolights.eu\\\/product\\\/kitty-night-lamp\\\/\",\"url\":\"https:\\\/\\\/decolights.eu\\\/product\\\/kitty-night-lamp\\\/\",\"name\":\"Kitty Night Lamp - Best price guarantee - Decolights.eu\",\"isPartOf\":{\"@id\":\"https:\\\/\\\/decolights.eu\\\/#website\"},\"primaryImageOfPage\":{\"@id\":\"https:\\\/\\\/decolights.eu\\\/product\\\/kitty-night-lamp\\\/#primaryimage\"},\"image\":{\"@id\":\"https:\\\/\\\/decolights.eu\\\/product\\\/kitty-night-lamp\\\/#primaryimage\"},\"thumbnailUrl\":\"https:\\\/\\\/decolights.eu\\\/wp-content\\\/uploads\\\/2023\\\/04\\\/rus_pl_\u0421\u0432\u0435\u0442\u043e\u0434\u0438\u043e\u0434\u043d\u0430\u044f-\u043f\u0440\u0438\u043a\u0440\u043e\u0432\u0430\u0442\u043d\u0430\u044f-\u043b\u0430\u043c\u043f\u0430-\u043a\u043e\u0442\u0435\u043d\u043e\u043a-15192_9.jpg\",\"datePublished\":\"2023-04-01T04:40:22+00:00\",\"dateModified\":\"2023-04-17T09:29:43+00:00\",\"description\":\"Adorable kitty design with different colours and brightness regimes. Perfectly suitable for children's room, bedroom or terrace.\u00a0Don't hesitate, buy now!\",\"breadcrumb\":{\"@id\":\"https:\\\/\\\/decolights.eu\\\/product\\\/kitty-night-lamp\\\/#breadcrumb\"},\"inLanguage\":\"sk-SK\",\"potentialAction\":[{\"@type\":\"ReadAction\",\"target\":[\"https:\\\/\\\/decolights.eu\\\/product\\\/kitty-night-lamp\\\/\"]}]},{\"@type\":\"ImageObject\",\"inLanguage\":\"sk-SK\",\"@id\":\"https:\\\/\\\/decolights.eu\\\/product\\\/kitty-night-lamp\\\/#primaryimage\",\"url\":\"https:\\\/\\\/decolights.eu\\\/wp-content\\\/uploads\\\/2023\\\/04\\\/rus_pl_\u0421\u0432\u0435\u0442\u043e\u0434\u0438\u043e\u0434\u043d\u0430\u044f-\u043f\u0440\u0438\u043a\u0440\u043e\u0432\u0430\u0442\u043d\u0430\u044f-\u043b\u0430\u043c\u043f\u0430-\u043a\u043e\u0442\u0435\u043d\u043e\u043a-15192_9.jpg\",\"contentUrl\":\"https:\\\/\\\/decolights.eu\\\/wp-content\\\/uploads\\\/2023\\\/04\\\/rus_pl_\u0421\u0432\u0435\u0442\u043e\u0434\u0438\u043e\u0434\u043d\u0430\u044f-\u043f\u0440\u0438\u043a\u0440\u043e\u0432\u0430\u0442\u043d\u0430\u044f-\u043b\u0430\u043c\u043f\u0430-\u043a\u043e\u0442\u0435\u043d\u043e\u043a-15192_9.jpg\",\"width\":500,\"height\":500},{\"@type\":\"BreadcrumbList\",\"@id\":\"https:\\\/\\\/decolights.eu\\\/product\\\/kitty-night-lamp\\\/#breadcrumb\",\"itemListElement\":[{\"@type\":\"ListItem\",\"position\":1,\"name\":\"Shop\",\"item\":\"https:\\\/\\\/decolights.eu\\\/shop\\\/\"},{\"@type\":\"ListItem\",\"position\":2,\"name\":\"Kitty Night Lamp\"}]},{\"@type\":\"WebSite\",\"@id\":\"https:\\\/\\\/decolights.eu\\\/#website\",\"url\":\"https:\\\/\\\/decolights.eu\\\/\",\"name\":\"decolights\",\"description\":\"Led Decorations for Home and Garden\",\"publisher\":{\"@id\":\"https:\\\/\\\/decolights.eu\\\/#organization\"},\"alternateName\":\"decolights.eu\",\"potentialAction\":[{\"@type\":\"SearchAction\",\"target\":{\"@type\":\"EntryPoint\",\"urlTemplate\":\"https:\\\/\\\/decolights.eu\\\/?s={search_term_string}\"},\"query-input\":{\"@type\":\"PropertyValueSpecification\",\"valueRequired\":true,\"valueName\":\"search_term_string\"}}],\"inLanguage\":\"sk-SK\"},{\"@type\":\"Organization\",\"@id\":\"https:\\\/\\\/decolights.eu\\\/#organization\",\"name\":\"decolights\",\"url\":\"https:\\\/\\\/decolights.eu\\\/\",\"logo\":{\"@type\":\"ImageObject\",\"inLanguage\":\"sk-SK\",\"@id\":\"https:\\\/\\\/decolights.eu\\\/#\\\/schema\\\/logo\\\/image\\\/\",\"url\":\"https:\\\/\\\/decolights.eu\\\/wp-content\\\/uploads\\\/2023\\\/07\\\/cropped-decolight-siteicon.png\",\"contentUrl\":\"https:\\\/\\\/decolights.eu\\\/wp-content\\\/uploads\\\/2023\\\/07\\\/cropped-decolight-siteicon.png\",\"width\":512,\"height\":512,\"caption\":\"decolights\"},\"image\":{\"@id\":\"https:\\\/\\\/decolights.eu\\\/#\\\/schema\\\/logo\\\/image\\\/\"}}]}<\/script>\n<!-- \/ Yoast SEO plugin. -->","yoast_head_json":{"title":"No\u010dn\u00e1 lampa Kitty - Garancia najlep\u0161ej ceny - Decolights.eu","description":"Rozko\u0161n\u00fd ma\u010dac\u00ed dizajn s r\u00f4znymi farbami a re\u017eimami jasu. Perfektne sa hod\u00ed do detskej izby, sp\u00e1lne alebo na terasu. Nev\u00e1hajte a nakupujte teraz!","robots":{"index":"index","follow":"follow","max-snippet":"max-snippet:-1","max-image-preview":"max-image-preview:large","max-video-preview":"max-video-preview:-1"},"canonical":"https:\/\/decolights.eu\/sk\/produkt-2\/kitty-night-lamp\/","og_locale":"sk_SK","og_type":"article","og_title":"Kitty Night Lamp - Best price guarantee - Decolights.eu","og_description":"Adorable kitty design with different colours and brightness regimes. Perfectly suitable for children's room, bedroom or terrace.\u00a0Don't hesitate, buy now!","og_url":"https:\/\/decolights.eu\/sk\/produkt-2\/kitty-night-lamp\/","og_site_name":"Decolights.eu","article_modified_time":"2023-04-17T09:29:43+00:00","og_image":[{"width":500,"height":500,"url":"https:\/\/decolights.eu\/wp-content\/uploads\/2023\/04\/rus_pl_\u0421\u0432\u0435\u0442\u043e\u0434\u0438\u043e\u0434\u043d\u0430\u044f-\u043f\u0440\u0438\u043a\u0440\u043e\u0432\u0430\u0442\u043d\u0430\u044f-\u043b\u0430\u043c\u043f\u0430-\u043a\u043e\u0442\u0435\u043d\u043e\u043a-15192_9.jpg","type":"image\/jpeg"}],"twitter_card":"summary_large_image","twitter_misc":{"Predpokladan\u00fd \u010das \u010d\u00edtania":"1 min\u00fata"},"schema":{"@context":"https:\/\/schema.org","@graph":[{"@type":"WebPage","@id":"https:\/\/decolights.eu\/product\/kitty-night-lamp\/","url":"https:\/\/decolights.eu\/product\/kitty-night-lamp\/","name":"No\u010dn\u00e1 lampa Kitty - Garancia najlep\u0161ej ceny - Decolights.eu","isPartOf":{"@id":"https:\/\/decolights.eu\/#website"},"primaryImageOfPage":{"@id":"https:\/\/decolights.eu\/product\/kitty-night-lamp\/#primaryimage"},"image":{"@id":"https:\/\/decolights.eu\/product\/kitty-night-lamp\/#primaryimage"},"thumbnailUrl":"https:\/\/decolights.eu\/wp-content\/uploads\/2023\/04\/rus_pl_\u0421\u0432\u0435\u0442\u043e\u0434\u0438\u043e\u0434\u043d\u0430\u044f-\u043f\u0440\u0438\u043a\u0440\u043e\u0432\u0430\u0442\u043d\u0430\u044f-\u043b\u0430\u043c\u043f\u0430-\u043a\u043e\u0442\u0435\u043d\u043e\u043a-15192_9.jpg","datePublished":"2023-04-01T04:40:22+00:00","dateModified":"2023-04-17T09:29:43+00:00","description":"Rozko\u0161n\u00fd ma\u010dac\u00ed dizajn s r\u00f4znymi farbami a re\u017eimami jasu. Perfektne sa hod\u00ed do detskej izby, sp\u00e1lne alebo na terasu. Nev\u00e1hajte a nakupujte teraz!","breadcrumb":{"@id":"https:\/\/decolights.eu\/product\/kitty-night-lamp\/#breadcrumb"},"inLanguage":"sk-SK","potentialAction":[{"@type":"ReadAction","target":["https:\/\/decolights.eu\/product\/kitty-night-lamp\/"]}]},{"@type":"ImageObject","inLanguage":"sk-SK","@id":"https:\/\/decolights.eu\/product\/kitty-night-lamp\/#primaryimage","url":"https:\/\/decolights.eu\/wp-content\/uploads\/2023\/04\/rus_pl_\u0421\u0432\u0435\u0442\u043e\u0434\u0438\u043e\u0434\u043d\u0430\u044f-\u043f\u0440\u0438\u043a\u0440\u043e\u0432\u0430\u0442\u043d\u0430\u044f-\u043b\u0430\u043c\u043f\u0430-\u043a\u043e\u0442\u0435\u043d\u043e\u043a-15192_9.jpg","contentUrl":"https:\/\/decolights.eu\/wp-content\/uploads\/2023\/04\/rus_pl_\u0421\u0432\u0435\u0442\u043e\u0434\u0438\u043e\u0434\u043d\u0430\u044f-\u043f\u0440\u0438\u043a\u0440\u043e\u0432\u0430\u0442\u043d\u0430\u044f-\u043b\u0430\u043c\u043f\u0430-\u043a\u043e\u0442\u0435\u043d\u043e\u043a-15192_9.jpg","width":500,"height":500},{"@type":"BreadcrumbList","@id":"https:\/\/decolights.eu\/product\/kitty-night-lamp\/#breadcrumb","itemListElement":[{"@type":"ListItem","position":1,"name":"Shop","item":"https:\/\/decolights.eu\/shop\/"},{"@type":"ListItem","position":2,"name":"Kitty Night Lamp"}]},{"@type":"WebSite","@id":"https:\/\/decolights.eu\/#website","url":"https:\/\/decolights.eu\/","name":"decolights","description":"Led dekor\u00e1cie pre dom a z\u00e1hradu","publisher":{"@id":"https:\/\/decolights.eu\/#organization"},"alternateName":"decolights.eu","potentialAction":[{"@type":"SearchAction","target":{"@type":"EntryPoint","urlTemplate":"https:\/\/decolights.eu\/?s={search_term_string}"},"query-input":{"@type":"PropertyValueSpecification","valueRequired":true,"valueName":"search_term_string"}}],"inLanguage":"sk-SK"},{"@type":"Organization","@id":"https:\/\/decolights.eu\/#organization","name":"decolights","url":"https:\/\/decolights.eu\/","logo":{"@type":"ImageObject","inLanguage":"sk-SK","@id":"https:\/\/decolights.eu\/#\/schema\/logo\/image\/","url":"https:\/\/decolights.eu\/wp-content\/uploads\/2023\/07\/cropped-decolight-siteicon.png","contentUrl":"https:\/\/decolights.eu\/wp-content\/uploads\/2023\/07\/cropped-decolight-siteicon.png","width":512,"height":512,"caption":"decolights"},"image":{"@id":"https:\/\/decolights.eu\/#\/schema\/logo\/image\/"}}]}},"jetpack_sharing_enabled":true,"_links":{"self":[{"href":"https:\/\/decolights.eu\/sk\/wp-json\/wp\/v2\/product\/6077","targetHints":{"allow":["GET"]}}],"collection":[{"href":"https:\/\/decolights.eu\/sk\/wp-json\/wp\/v2\/product"}],"about":[{"href":"https:\/\/decolights.eu\/sk\/wp-json\/wp\/v2\/types\/product"}],"replies":[{"embeddable":true,"href":"https:\/\/decolights.eu\/sk\/wp-json\/wp\/v2\/comments?post=6077"}],"wp:featuredmedia":[{"embeddable":true,"href":"https:\/\/decolights.eu\/sk\/wp-json\/wp\/v2\/media\/6202"}],"wp:attachment":[{"href":"https:\/\/decolights.eu\/sk\/wp-json\/wp\/v2\/media?parent=6077"}],"wp:term":[{"taxonomy":"product_brand","embeddable":true,"href":"https:\/\/decolights.eu\/sk\/wp-json\/wp\/v2\/product_brand?post=6077"},{"taxonomy":"product_cat","embeddable":true,"href":"https:\/\/decolights.eu\/sk\/wp-json\/wp\/v2\/product_cat?post=6077"},{"taxonomy":"product_tag","embeddable":true,"href":"https:\/\/decolights.eu\/sk\/wp-json\/wp\/v2\/product_tag?post=6077"}],"curies":[{"name":"wp","href":"https:\/\/api.w.org\/{rel}","templated":true}]}}