{"id":6264,"date":"2023-04-01T04:42:50","date_gmt":"2023-04-01T04:42:50","guid":{"rendered":"https:\/\/decolights.eu\/?post_type=product&#038;p=6264"},"modified":"2023-04-17T08:59:08","modified_gmt":"2023-04-17T08:59:08","slug":"led-diadem","status":"publish","type":"product","link":"https:\/\/decolights.eu\/sk\/produkt-2\/led-diadem\/","title":{"rendered":"LED diad\u00e9m"},"content":{"rendered":"<p>Vtipn\u00e1 dekor\u00e1cia s mnoh\u00fdmi mo\u017enos\u0165ami vyu\u017eitia, ozdobte viano\u010dn\u00fd strom\u010dek, narodeninov\u00fd st\u00f4l alebo detsk\u00fa izbu. Prev\u00e1dzka na bat\u00e9rie pre vn\u00fatorn\u00e9 pou\u017eitie.<\/p>\n<ul>\n<li><strong>Farba LED<\/strong>: tepl\u00e1 biela<\/li>\n<li><strong>Po\u010det svietidiel<\/strong><strong>: <\/strong>20 LED<\/li>\n<li><b>Ve\u013ekos\u0165: <\/b>Rozmer 18 x 6 x 16 cm<\/li>\n<li><strong>Hodnotenie IP: <\/strong>IP20<\/li>\n<li><strong>Zdroj energie:\u00a0<\/strong>2 x CR2032 bat\u00e9rie (s\u00fa\u010das\u0165 balenia)<\/li>\n<li><strong>\u010casova\u010d:<\/strong> 6 hod\u00edn zapnut\u00e9\/18 hod\u00edn vypnut\u00e9, opakujte<\/li>\n<li><strong>CE certifikovan\u00e9:\u00a0<\/strong>\u00c1no<\/li>\n<li>6V DC<\/li>\n<\/ul>","protected":false},"excerpt":{"rendered":"<p>Funny decoration with many uses, decorate the Christmas tree, the birthday party table or children room. Battery operated for indoor use. LED colour: warm white Number of lamps: 20LED Size: 18 x 6 x 16 CM IP Rating: IP20 Power source:\u00a02 x CR2032 batteries (included) Timer: 6H on\/18H off, repeat CE Certified:\u00a0Yes 6V DC<\/p>","protected":false},"featured_media":6387,"comment_status":"open","ping_status":"closed","template":"","meta":[],"product_brand":[],"product_cat":[217,218,214],"product_tag":[],"class_list":{"0":"post-6264","1":"product","2":"type-product","3":"status-publish","4":"has-post-thumbnail","6":"product_cat-battery-operated-led-lights","7":"product_cat-decorative-led-lights","8":"product_cat-indoor-lights","9":"pa_led-colour-warm-white","11":"first","12":"instock","13":"sale","14":"shipping-taxable","15":"purchasable","16":"product-type-simple"},"yoast_head":"<!-- This site is optimized with the Yoast SEO plugin v27.3 - https:\/\/yoast.com\/product\/yoast-seo-wordpress\/ -->\n<title>LED diadem - The best price guarantee - Decolights.eu<\/title>\n<meta name=\"description\" content=\"Funny decoration with many uses, decorate the Christmas tree, the birthday party table or children room. Do not hesitate, buy now to get the best price!\" \/>\n<meta name=\"robots\" content=\"index, follow, max-snippet:-1, max-image-preview:large, max-video-preview:-1\" \/>\n<link rel=\"canonical\" href=\"https:\/\/decolights.eu\/sk\/produkt-2\/led-diadem\/\" \/>\n<meta property=\"og:locale\" content=\"sk_SK\" \/>\n<meta property=\"og:type\" content=\"article\" \/>\n<meta property=\"og:title\" content=\"LED diadem - The best price guarantee - Decolights.eu\" \/>\n<meta property=\"og:description\" content=\"Funny decoration with many uses, decorate the Christmas tree, the birthday party table or children room. Do not hesitate, buy now to get the best price!\" \/>\n<meta property=\"og:url\" content=\"https:\/\/decolights.eu\/sk\/produkt-2\/led-diadem\/\" \/>\n<meta property=\"og:site_name\" content=\"Decolights.eu\" \/>\n<meta property=\"article:modified_time\" content=\"2023-04-17T08:59:08+00:00\" \/>\n<meta property=\"og:image\" content=\"https:\/\/decolights.eu\/wp-content\/uploads\/2023\/04\/701-14_M2.png\" \/>\n\t<meta property=\"og:image:width\" content=\"600\" \/>\n\t<meta property=\"og:image:height\" content=\"602\" \/>\n\t<meta property=\"og:image:type\" content=\"image\/png\" \/>\n<meta name=\"twitter:card\" content=\"summary_large_image\" \/>\n<meta name=\"twitter:label1\" content=\"Predpokladan\u00fd \u010das \u010d\u00edtania\" \/>\n\t<meta name=\"twitter:data1\" content=\"1 min\u00fata\" \/>\n<script type=\"application\/ld+json\" class=\"yoast-schema-graph\">{\"@context\":\"https:\\\/\\\/schema.org\",\"@graph\":[{\"@type\":\"WebPage\",\"@id\":\"https:\\\/\\\/decolights.eu\\\/product\\\/led-diadem\\\/\",\"url\":\"https:\\\/\\\/decolights.eu\\\/product\\\/led-diadem\\\/\",\"name\":\"LED diadem - The best price guarantee - Decolights.eu\",\"isPartOf\":{\"@id\":\"https:\\\/\\\/decolights.eu\\\/#website\"},\"primaryImageOfPage\":{\"@id\":\"https:\\\/\\\/decolights.eu\\\/product\\\/led-diadem\\\/#primaryimage\"},\"image\":{\"@id\":\"https:\\\/\\\/decolights.eu\\\/product\\\/led-diadem\\\/#primaryimage\"},\"thumbnailUrl\":\"https:\\\/\\\/decolights.eu\\\/wp-content\\\/uploads\\\/2023\\\/04\\\/701-14_M2.png\",\"datePublished\":\"2023-04-01T04:42:50+00:00\",\"dateModified\":\"2023-04-17T08:59:08+00:00\",\"description\":\"Funny decoration with many uses, decorate the Christmas tree, the birthday party table or children room. Do not hesitate, buy now to get the best price!\",\"breadcrumb\":{\"@id\":\"https:\\\/\\\/decolights.eu\\\/product\\\/led-diadem\\\/#breadcrumb\"},\"inLanguage\":\"sk-SK\",\"potentialAction\":[{\"@type\":\"ReadAction\",\"target\":[\"https:\\\/\\\/decolights.eu\\\/product\\\/led-diadem\\\/\"]}]},{\"@type\":\"ImageObject\",\"inLanguage\":\"sk-SK\",\"@id\":\"https:\\\/\\\/decolights.eu\\\/product\\\/led-diadem\\\/#primaryimage\",\"url\":\"https:\\\/\\\/decolights.eu\\\/wp-content\\\/uploads\\\/2023\\\/04\\\/701-14_M2.png\",\"contentUrl\":\"https:\\\/\\\/decolights.eu\\\/wp-content\\\/uploads\\\/2023\\\/04\\\/701-14_M2.png\",\"width\":600,\"height\":602},{\"@type\":\"BreadcrumbList\",\"@id\":\"https:\\\/\\\/decolights.eu\\\/product\\\/led-diadem\\\/#breadcrumb\",\"itemListElement\":[{\"@type\":\"ListItem\",\"position\":1,\"name\":\"Shop\",\"item\":\"https:\\\/\\\/decolights.eu\\\/shop\\\/\"},{\"@type\":\"ListItem\",\"position\":2,\"name\":\"LED diadem\"}]},{\"@type\":\"WebSite\",\"@id\":\"https:\\\/\\\/decolights.eu\\\/#website\",\"url\":\"https:\\\/\\\/decolights.eu\\\/\",\"name\":\"decolights\",\"description\":\"Led Decorations for Home and Garden\",\"publisher\":{\"@id\":\"https:\\\/\\\/decolights.eu\\\/#organization\"},\"alternateName\":\"decolights.eu\",\"potentialAction\":[{\"@type\":\"SearchAction\",\"target\":{\"@type\":\"EntryPoint\",\"urlTemplate\":\"https:\\\/\\\/decolights.eu\\\/?s={search_term_string}\"},\"query-input\":{\"@type\":\"PropertyValueSpecification\",\"valueRequired\":true,\"valueName\":\"search_term_string\"}}],\"inLanguage\":\"sk-SK\"},{\"@type\":\"Organization\",\"@id\":\"https:\\\/\\\/decolights.eu\\\/#organization\",\"name\":\"decolights\",\"url\":\"https:\\\/\\\/decolights.eu\\\/\",\"logo\":{\"@type\":\"ImageObject\",\"inLanguage\":\"sk-SK\",\"@id\":\"https:\\\/\\\/decolights.eu\\\/#\\\/schema\\\/logo\\\/image\\\/\",\"url\":\"https:\\\/\\\/decolights.eu\\\/wp-content\\\/uploads\\\/2023\\\/07\\\/cropped-decolight-siteicon.png\",\"contentUrl\":\"https:\\\/\\\/decolights.eu\\\/wp-content\\\/uploads\\\/2023\\\/07\\\/cropped-decolight-siteicon.png\",\"width\":512,\"height\":512,\"caption\":\"decolights\"},\"image\":{\"@id\":\"https:\\\/\\\/decolights.eu\\\/#\\\/schema\\\/logo\\\/image\\\/\"}}]}<\/script>\n<!-- \/ Yoast SEO plugin. -->","yoast_head_json":{"title":"LED diad\u00e9m - Garancia najlep\u0161ej ceny - Decolights.eu","description":"Vtipn\u00e1 dekor\u00e1cia s mnoh\u00fdmi mo\u017enos\u0165ami vyu\u017eitia, ozdobte viano\u010dn\u00fd strom\u010dek, narodeninov\u00fd st\u00f4l alebo detsk\u00fa izbu. Nev\u00e1hajte a nakupujte teraz a z\u00edskajte najlep\u0161iu cenu!","robots":{"index":"index","follow":"follow","max-snippet":"max-snippet:-1","max-image-preview":"max-image-preview:large","max-video-preview":"max-video-preview:-1"},"canonical":"https:\/\/decolights.eu\/sk\/produkt-2\/led-diadem\/","og_locale":"sk_SK","og_type":"article","og_title":"LED diadem - The best price guarantee - Decolights.eu","og_description":"Funny decoration with many uses, decorate the Christmas tree, the birthday party table or children room. Do not hesitate, buy now to get the best price!","og_url":"https:\/\/decolights.eu\/sk\/produkt-2\/led-diadem\/","og_site_name":"Decolights.eu","article_modified_time":"2023-04-17T08:59:08+00:00","og_image":[{"width":600,"height":602,"url":"https:\/\/decolights.eu\/wp-content\/uploads\/2023\/04\/701-14_M2.png","type":"image\/png"}],"twitter_card":"summary_large_image","twitter_misc":{"Predpokladan\u00fd \u010das \u010d\u00edtania":"1 min\u00fata"},"schema":{"@context":"https:\/\/schema.org","@graph":[{"@type":"WebPage","@id":"https:\/\/decolights.eu\/product\/led-diadem\/","url":"https:\/\/decolights.eu\/product\/led-diadem\/","name":"LED diad\u00e9m - Garancia najlep\u0161ej ceny - Decolights.eu","isPartOf":{"@id":"https:\/\/decolights.eu\/#website"},"primaryImageOfPage":{"@id":"https:\/\/decolights.eu\/product\/led-diadem\/#primaryimage"},"image":{"@id":"https:\/\/decolights.eu\/product\/led-diadem\/#primaryimage"},"thumbnailUrl":"https:\/\/decolights.eu\/wp-content\/uploads\/2023\/04\/701-14_M2.png","datePublished":"2023-04-01T04:42:50+00:00","dateModified":"2023-04-17T08:59:08+00:00","description":"Vtipn\u00e1 dekor\u00e1cia s mnoh\u00fdmi mo\u017enos\u0165ami vyu\u017eitia, ozdobte viano\u010dn\u00fd strom\u010dek, narodeninov\u00fd st\u00f4l alebo detsk\u00fa izbu. Nev\u00e1hajte a nakupujte teraz a z\u00edskajte najlep\u0161iu cenu!","breadcrumb":{"@id":"https:\/\/decolights.eu\/product\/led-diadem\/#breadcrumb"},"inLanguage":"sk-SK","potentialAction":[{"@type":"ReadAction","target":["https:\/\/decolights.eu\/product\/led-diadem\/"]}]},{"@type":"ImageObject","inLanguage":"sk-SK","@id":"https:\/\/decolights.eu\/product\/led-diadem\/#primaryimage","url":"https:\/\/decolights.eu\/wp-content\/uploads\/2023\/04\/701-14_M2.png","contentUrl":"https:\/\/decolights.eu\/wp-content\/uploads\/2023\/04\/701-14_M2.png","width":600,"height":602},{"@type":"BreadcrumbList","@id":"https:\/\/decolights.eu\/product\/led-diadem\/#breadcrumb","itemListElement":[{"@type":"ListItem","position":1,"name":"Shop","item":"https:\/\/decolights.eu\/shop\/"},{"@type":"ListItem","position":2,"name":"LED diadem"}]},{"@type":"WebSite","@id":"https:\/\/decolights.eu\/#website","url":"https:\/\/decolights.eu\/","name":"decolights","description":"Led dekor\u00e1cie pre dom a z\u00e1hradu","publisher":{"@id":"https:\/\/decolights.eu\/#organization"},"alternateName":"decolights.eu","potentialAction":[{"@type":"SearchAction","target":{"@type":"EntryPoint","urlTemplate":"https:\/\/decolights.eu\/?s={search_term_string}"},"query-input":{"@type":"PropertyValueSpecification","valueRequired":true,"valueName":"search_term_string"}}],"inLanguage":"sk-SK"},{"@type":"Organization","@id":"https:\/\/decolights.eu\/#organization","name":"decolights","url":"https:\/\/decolights.eu\/","logo":{"@type":"ImageObject","inLanguage":"sk-SK","@id":"https:\/\/decolights.eu\/#\/schema\/logo\/image\/","url":"https:\/\/decolights.eu\/wp-content\/uploads\/2023\/07\/cropped-decolight-siteicon.png","contentUrl":"https:\/\/decolights.eu\/wp-content\/uploads\/2023\/07\/cropped-decolight-siteicon.png","width":512,"height":512,"caption":"decolights"},"image":{"@id":"https:\/\/decolights.eu\/#\/schema\/logo\/image\/"}}]}},"jetpack_sharing_enabled":true,"_links":{"self":[{"href":"https:\/\/decolights.eu\/sk\/wp-json\/wp\/v2\/product\/6264","targetHints":{"allow":["GET"]}}],"collection":[{"href":"https:\/\/decolights.eu\/sk\/wp-json\/wp\/v2\/product"}],"about":[{"href":"https:\/\/decolights.eu\/sk\/wp-json\/wp\/v2\/types\/product"}],"replies":[{"embeddable":true,"href":"https:\/\/decolights.eu\/sk\/wp-json\/wp\/v2\/comments?post=6264"}],"wp:featuredmedia":[{"embeddable":true,"href":"https:\/\/decolights.eu\/sk\/wp-json\/wp\/v2\/media\/6387"}],"wp:attachment":[{"href":"https:\/\/decolights.eu\/sk\/wp-json\/wp\/v2\/media?parent=6264"}],"wp:term":[{"taxonomy":"product_brand","embeddable":true,"href":"https:\/\/decolights.eu\/sk\/wp-json\/wp\/v2\/product_brand?post=6264"},{"taxonomy":"product_cat","embeddable":true,"href":"https:\/\/decolights.eu\/sk\/wp-json\/wp\/v2\/product_cat?post=6264"},{"taxonomy":"product_tag","embeddable":true,"href":"https:\/\/decolights.eu\/sk\/wp-json\/wp\/v2\/product_tag?post=6264"}],"curies":[{"name":"wp","href":"https:\/\/api.w.org\/{rel}","templated":true}]}}