{"id":6285,"date":"2023-04-01T04:43:12","date_gmt":"2023-04-01T04:43:12","guid":{"rendered":"https:\/\/decolights.eu\/?post_type=product&#038;p=6285"},"modified":"2023-05-10T09:18:58","modified_gmt":"2023-05-10T09:18:58","slug":"solar-wall-lights-with-sensor","status":"publish","type":"product","link":"https:\/\/decolights.eu\/sk\/produkt-2\/solar-wall-lights-with-sensor\/","title":{"rendered":"Sol\u00e1rne n\u00e1stenn\u00e9 svietidlo so senzorom"},"content":{"rendered":"<p><strong>BEZPLATN\u00c9 POU\u017d\u00cdVANIE \u2013\u00a0<\/strong>sol\u00e1rny panel a bat\u00e9ria poskytuj\u00fa energiu, ktor\u00e1 umo\u017e\u0148uje bez\u00fadr\u017ebov\u00e9 a bezplatn\u00e9 pou\u017e\u00edvanie zariadenia.\u00a0<strong>Nevy\u017eaduje dodato\u010dn\u00fd zdroj energie, je ekonomick\u00fd a ekonomick\u00fd<\/strong>\u00a0.<\/p>\n<p><strong>NASTAVENIE UHLA N\u00c1KLONU +<\/strong>\u00a0<strong>PIR SN\u00cdMA\u010c POHYBU A S\u00daMRAK<\/strong>\u00a0\u2013 3 lampy a panel maj\u00fa nastavite\u013en\u00fd uhol sklonu: hore, dole, do str\u00e1n. Svietidlo m\u00e1 zabudovan\u00fd sn\u00edma\u010d pohybu a s\u00famraku, v\u010faka ktor\u00e9mu v z\u00e1vislosti od re\u017eimu\u00a0<strong>rozsvieti sa a\u017e po zotmen\u00ed, ke\u010f zaznamen\u00e1 pohyb v bezprostrednej bl\u00edzkosti.<\/strong><\/p>\n<p><strong>DIA\u013dKOV\u00c9 OVL\u00c1DANIE + 4 PREV\u00c1DZKOV\u00c9 RE\u017dIMY\u00a0<\/strong>\u2013 pohodln\u00e9 ovl\u00e1danie svietidla sa vykon\u00e1va pomocou dia\u013ekov\u00e9ho ovl\u00e1da\u010da. M\u00e1 tla\u010didl\u00e1 Off a On. Tla\u010didlo ON neust\u00e1le svieti 100% a existuj\u00fa 3 re\u017eimy prep\u00ednania: \u2022 MODE 1 \u2013 Re\u017eim 1: Ke\u010f je detekovan\u00fd pohyb, lampa sa rozsvieti pri 100% maxim\u00e1lneho v\u00fdkonu na 20 sek\u00fand. RE\u017dIM 2 \u2013 Re\u017eim 2: svietidlo svieti na 301 TP3T svojho v\u00fdkonu, po detekcii pohybu svieti na 1001 TP3T maxim\u00e1lneho v\u00fdkonu na 20 sek\u00fand. RE\u017dIM 3 \u2013 Re\u017eim 3: Lampa je st\u00e1le zapnut\u00e1 pri maxim\u00e1lnom v\u00fdkone 60%.<\/p>\n<p><strong>VODEODOLN\u00dd -\u00a0<\/strong>Lampa je vodotesn\u00e1, preto nepriazniv\u00e9 poveternostn\u00e9 podmienky nemaj\u00fa vplyv na jej funk\u010dnos\u0165. M\u00e1\u00a0<strong>IP6<\/strong><strong>5<\/strong>\u00a0hodnotenie vodotesnosti.<\/p>\n<ul>\n<li><strong>Farba:<\/strong> \u010dierna<\/li>\n<li><strong>Farba LED:<\/strong> tepl\u00e1 biela<\/li>\n<li><strong>Uhol blesku<\/strong>: 180\u00b0<\/li>\n<li><strong>PIR pohybov\u00fd senzor:<\/strong> \u00c1no<\/li>\n<li><strong>Zdroj energie:\u00a0<\/strong>Sol\u00e1rne<\/li>\n<li><strong>Hodnotenie IP: <\/strong>IP65<\/li>\n<li><strong>Dia\u013ekov\u00e9 ovl\u00e1danie:\u00a0<\/strong>Zahrnut\u00e9<\/li>\n<li>9W 3,7V<\/li>\n<\/ul>","protected":false},"excerpt":{"rendered":"<p>COST-FREE USE &#8211;\u00a0the solar panel and the battery provide power that enables maintenance-free and cost-free use of the device.\u00a0It does not require an additional source of energy, it is economical and economical\u00a0. TILT ANGLE ADJUSTMENT +\u00a0PIR MOTION AND TWILIGHT SENSOR\u00a0&#8211; 3 lamps and a panel have adjustable angles of inclination: up, down, sideways. The lantern [&#8230;]\n","protected":false},"featured_media":6396,"comment_status":"open","ping_status":"closed","template":"","meta":[],"product_brand":[],"product_cat":[226,194,231,171,197,277],"product_tag":[],"class_list":{"0":"post-6285","1":"product","2":"type-product","3":"status-publish","4":"has-post-thumbnail","6":"product_cat-outdoor-lights","7":"product_cat-solar-decking-lights","8":"product_cat-solar-decking-lights-outdoor-lights","9":"product_cat-solar-lights","10":"product_cat-solar-spotlight","11":"product_cat-solar-spotlight-outdoor-lights","12":"pa_brand-deco","13":"pa_led-colour-warm-white","15":"first","16":"instock","17":"sale","18":"shipping-taxable","19":"purchasable","20":"product-type-simple"},"yoast_head":"<!-- This site is optimized with the Yoast SEO plugin v27.3 - https:\/\/yoast.com\/product\/yoast-seo-wordpress\/ -->\n<title>Solar wall lights with sensor - Decolights.eu<\/title>\n<meta name=\"description\" content=\"Solar wall light gives maintenance-free and cost-free lightning to your home or office. Very comfortable and cheap to use! Do not hesitate, buy now!\" \/>\n<meta name=\"robots\" content=\"index, follow, max-snippet:-1, max-image-preview:large, max-video-preview:-1\" \/>\n<link rel=\"canonical\" href=\"https:\/\/decolights.eu\/sk\/produkt-2\/solar-wall-lights-with-sensor\/\" \/>\n<meta property=\"og:locale\" content=\"sk_SK\" \/>\n<meta property=\"og:type\" content=\"article\" \/>\n<meta property=\"og:title\" content=\"Solar wall lights with sensor - Decolights.eu\" \/>\n<meta property=\"og:description\" content=\"Solar wall light gives maintenance-free and cost-free lightning to your home or office. Very comfortable and cheap to use! Do not hesitate, buy now!\" \/>\n<meta property=\"og:url\" content=\"https:\/\/decolights.eu\/sk\/produkt-2\/solar-wall-lights-with-sensor\/\" \/>\n<meta property=\"og:site_name\" content=\"Decolights.eu\" \/>\n<meta property=\"article:modified_time\" content=\"2023-05-10T09:18:58+00:00\" \/>\n<meta property=\"og:image\" content=\"https:\/\/decolights.eu\/wp-content\/uploads\/2023\/04\/eng_pl_181LED-solar-lamp-with-Izoxis-outdoor-panel-16276_1.jpg\" \/>\n\t<meta property=\"og:image:width\" content=\"500\" \/>\n\t<meta property=\"og:image:height\" content=\"500\" \/>\n\t<meta property=\"og:image:type\" content=\"image\/jpeg\" \/>\n<meta name=\"twitter:card\" content=\"summary_large_image\" \/>\n<meta name=\"twitter:label1\" content=\"Predpokladan\u00fd \u010das \u010d\u00edtania\" \/>\n\t<meta name=\"twitter:data1\" content=\"2 min\u00faty\" \/>\n<script type=\"application\/ld+json\" class=\"yoast-schema-graph\">{\"@context\":\"https:\\\/\\\/schema.org\",\"@graph\":[{\"@type\":\"WebPage\",\"@id\":\"https:\\\/\\\/decolights.eu\\\/product\\\/solar-wall-lights-with-sensor\\\/\",\"url\":\"https:\\\/\\\/decolights.eu\\\/product\\\/solar-wall-lights-with-sensor\\\/\",\"name\":\"Solar wall lights with sensor - Decolights.eu\",\"isPartOf\":{\"@id\":\"https:\\\/\\\/decolights.eu\\\/#website\"},\"primaryImageOfPage\":{\"@id\":\"https:\\\/\\\/decolights.eu\\\/product\\\/solar-wall-lights-with-sensor\\\/#primaryimage\"},\"image\":{\"@id\":\"https:\\\/\\\/decolights.eu\\\/product\\\/solar-wall-lights-with-sensor\\\/#primaryimage\"},\"thumbnailUrl\":\"https:\\\/\\\/decolights.eu\\\/wp-content\\\/uploads\\\/2023\\\/04\\\/eng_pl_181LED-solar-lamp-with-Izoxis-outdoor-panel-16276_1.jpg\",\"datePublished\":\"2023-04-01T04:43:12+00:00\",\"dateModified\":\"2023-05-10T09:18:58+00:00\",\"description\":\"Solar wall light gives maintenance-free and cost-free lightning to your home or office. Very comfortable and cheap to use! Do not hesitate, buy now!\",\"breadcrumb\":{\"@id\":\"https:\\\/\\\/decolights.eu\\\/product\\\/solar-wall-lights-with-sensor\\\/#breadcrumb\"},\"inLanguage\":\"sk-SK\",\"potentialAction\":[{\"@type\":\"ReadAction\",\"target\":[\"https:\\\/\\\/decolights.eu\\\/product\\\/solar-wall-lights-with-sensor\\\/\"]}]},{\"@type\":\"ImageObject\",\"inLanguage\":\"sk-SK\",\"@id\":\"https:\\\/\\\/decolights.eu\\\/product\\\/solar-wall-lights-with-sensor\\\/#primaryimage\",\"url\":\"https:\\\/\\\/decolights.eu\\\/wp-content\\\/uploads\\\/2023\\\/04\\\/eng_pl_181LED-solar-lamp-with-Izoxis-outdoor-panel-16276_1.jpg\",\"contentUrl\":\"https:\\\/\\\/decolights.eu\\\/wp-content\\\/uploads\\\/2023\\\/04\\\/eng_pl_181LED-solar-lamp-with-Izoxis-outdoor-panel-16276_1.jpg\",\"width\":500,\"height\":500},{\"@type\":\"BreadcrumbList\",\"@id\":\"https:\\\/\\\/decolights.eu\\\/product\\\/solar-wall-lights-with-sensor\\\/#breadcrumb\",\"itemListElement\":[{\"@type\":\"ListItem\",\"position\":1,\"name\":\"Shop\",\"item\":\"https:\\\/\\\/decolights.eu\\\/shop\\\/\"},{\"@type\":\"ListItem\",\"position\":2,\"name\":\"Solar wall lights with sensor\"}]},{\"@type\":\"WebSite\",\"@id\":\"https:\\\/\\\/decolights.eu\\\/#website\",\"url\":\"https:\\\/\\\/decolights.eu\\\/\",\"name\":\"decolights\",\"description\":\"Led Decorations for Home and Garden\",\"publisher\":{\"@id\":\"https:\\\/\\\/decolights.eu\\\/#organization\"},\"alternateName\":\"decolights.eu\",\"potentialAction\":[{\"@type\":\"SearchAction\",\"target\":{\"@type\":\"EntryPoint\",\"urlTemplate\":\"https:\\\/\\\/decolights.eu\\\/?s={search_term_string}\"},\"query-input\":{\"@type\":\"PropertyValueSpecification\",\"valueRequired\":true,\"valueName\":\"search_term_string\"}}],\"inLanguage\":\"sk-SK\"},{\"@type\":\"Organization\",\"@id\":\"https:\\\/\\\/decolights.eu\\\/#organization\",\"name\":\"decolights\",\"url\":\"https:\\\/\\\/decolights.eu\\\/\",\"logo\":{\"@type\":\"ImageObject\",\"inLanguage\":\"sk-SK\",\"@id\":\"https:\\\/\\\/decolights.eu\\\/#\\\/schema\\\/logo\\\/image\\\/\",\"url\":\"https:\\\/\\\/decolights.eu\\\/wp-content\\\/uploads\\\/2023\\\/07\\\/cropped-decolight-siteicon.png\",\"contentUrl\":\"https:\\\/\\\/decolights.eu\\\/wp-content\\\/uploads\\\/2023\\\/07\\\/cropped-decolight-siteicon.png\",\"width\":512,\"height\":512,\"caption\":\"decolights\"},\"image\":{\"@id\":\"https:\\\/\\\/decolights.eu\\\/#\\\/schema\\\/logo\\\/image\\\/\"}}]}<\/script>\n<!-- \/ Yoast SEO plugin. -->","yoast_head_json":{"title":"Sol\u00e1rne n\u00e1stenn\u00e9 svietidl\u00e1 so senzorom - Decolights.eu","description":"Sol\u00e1rne n\u00e1stenn\u00e9 svietidlo poskytuje bez\u00fadr\u017ebov\u00e9 a bezplatn\u00e9 osvetlenie v\u00e1\u0161ho domova alebo kancel\u00e1rie. Ve\u013emi pohodln\u00e9 a lacn\u00e9 pou\u017eitie! Nev\u00e1hajte a nakupujte teraz!","robots":{"index":"index","follow":"follow","max-snippet":"max-snippet:-1","max-image-preview":"max-image-preview:large","max-video-preview":"max-video-preview:-1"},"canonical":"https:\/\/decolights.eu\/sk\/produkt-2\/solar-wall-lights-with-sensor\/","og_locale":"sk_SK","og_type":"article","og_title":"Solar wall lights with sensor - Decolights.eu","og_description":"Solar wall light gives maintenance-free and cost-free lightning to your home or office. Very comfortable and cheap to use! Do not hesitate, buy now!","og_url":"https:\/\/decolights.eu\/sk\/produkt-2\/solar-wall-lights-with-sensor\/","og_site_name":"Decolights.eu","article_modified_time":"2023-05-10T09:18:58+00:00","og_image":[{"width":500,"height":500,"url":"https:\/\/decolights.eu\/wp-content\/uploads\/2023\/04\/eng_pl_181LED-solar-lamp-with-Izoxis-outdoor-panel-16276_1.jpg","type":"image\/jpeg"}],"twitter_card":"summary_large_image","twitter_misc":{"Predpokladan\u00fd \u010das \u010d\u00edtania":"2 min\u00faty"},"schema":{"@context":"https:\/\/schema.org","@graph":[{"@type":"WebPage","@id":"https:\/\/decolights.eu\/product\/solar-wall-lights-with-sensor\/","url":"https:\/\/decolights.eu\/product\/solar-wall-lights-with-sensor\/","name":"Sol\u00e1rne n\u00e1stenn\u00e9 svietidl\u00e1 so senzorom - Decolights.eu","isPartOf":{"@id":"https:\/\/decolights.eu\/#website"},"primaryImageOfPage":{"@id":"https:\/\/decolights.eu\/product\/solar-wall-lights-with-sensor\/#primaryimage"},"image":{"@id":"https:\/\/decolights.eu\/product\/solar-wall-lights-with-sensor\/#primaryimage"},"thumbnailUrl":"https:\/\/decolights.eu\/wp-content\/uploads\/2023\/04\/eng_pl_181LED-solar-lamp-with-Izoxis-outdoor-panel-16276_1.jpg","datePublished":"2023-04-01T04:43:12+00:00","dateModified":"2023-05-10T09:18:58+00:00","description":"Sol\u00e1rne n\u00e1stenn\u00e9 svietidlo poskytuje bez\u00fadr\u017ebov\u00e9 a bezplatn\u00e9 osvetlenie v\u00e1\u0161ho domova alebo kancel\u00e1rie. Ve\u013emi pohodln\u00e9 a lacn\u00e9 pou\u017eitie! Nev\u00e1hajte a nakupujte teraz!","breadcrumb":{"@id":"https:\/\/decolights.eu\/product\/solar-wall-lights-with-sensor\/#breadcrumb"},"inLanguage":"sk-SK","potentialAction":[{"@type":"ReadAction","target":["https:\/\/decolights.eu\/product\/solar-wall-lights-with-sensor\/"]}]},{"@type":"ImageObject","inLanguage":"sk-SK","@id":"https:\/\/decolights.eu\/product\/solar-wall-lights-with-sensor\/#primaryimage","url":"https:\/\/decolights.eu\/wp-content\/uploads\/2023\/04\/eng_pl_181LED-solar-lamp-with-Izoxis-outdoor-panel-16276_1.jpg","contentUrl":"https:\/\/decolights.eu\/wp-content\/uploads\/2023\/04\/eng_pl_181LED-solar-lamp-with-Izoxis-outdoor-panel-16276_1.jpg","width":500,"height":500},{"@type":"BreadcrumbList","@id":"https:\/\/decolights.eu\/product\/solar-wall-lights-with-sensor\/#breadcrumb","itemListElement":[{"@type":"ListItem","position":1,"name":"Shop","item":"https:\/\/decolights.eu\/shop\/"},{"@type":"ListItem","position":2,"name":"Solar wall lights with sensor"}]},{"@type":"WebSite","@id":"https:\/\/decolights.eu\/#website","url":"https:\/\/decolights.eu\/","name":"decolights","description":"Led dekor\u00e1cie pre dom a z\u00e1hradu","publisher":{"@id":"https:\/\/decolights.eu\/#organization"},"alternateName":"decolights.eu","potentialAction":[{"@type":"SearchAction","target":{"@type":"EntryPoint","urlTemplate":"https:\/\/decolights.eu\/?s={search_term_string}"},"query-input":{"@type":"PropertyValueSpecification","valueRequired":true,"valueName":"search_term_string"}}],"inLanguage":"sk-SK"},{"@type":"Organization","@id":"https:\/\/decolights.eu\/#organization","name":"decolights","url":"https:\/\/decolights.eu\/","logo":{"@type":"ImageObject","inLanguage":"sk-SK","@id":"https:\/\/decolights.eu\/#\/schema\/logo\/image\/","url":"https:\/\/decolights.eu\/wp-content\/uploads\/2023\/07\/cropped-decolight-siteicon.png","contentUrl":"https:\/\/decolights.eu\/wp-content\/uploads\/2023\/07\/cropped-decolight-siteicon.png","width":512,"height":512,"caption":"decolights"},"image":{"@id":"https:\/\/decolights.eu\/#\/schema\/logo\/image\/"}}]}},"jetpack_sharing_enabled":true,"_links":{"self":[{"href":"https:\/\/decolights.eu\/sk\/wp-json\/wp\/v2\/product\/6285","targetHints":{"allow":["GET"]}}],"collection":[{"href":"https:\/\/decolights.eu\/sk\/wp-json\/wp\/v2\/product"}],"about":[{"href":"https:\/\/decolights.eu\/sk\/wp-json\/wp\/v2\/types\/product"}],"replies":[{"embeddable":true,"href":"https:\/\/decolights.eu\/sk\/wp-json\/wp\/v2\/comments?post=6285"}],"wp:featuredmedia":[{"embeddable":true,"href":"https:\/\/decolights.eu\/sk\/wp-json\/wp\/v2\/media\/6396"}],"wp:attachment":[{"href":"https:\/\/decolights.eu\/sk\/wp-json\/wp\/v2\/media?parent=6285"}],"wp:term":[{"taxonomy":"product_brand","embeddable":true,"href":"https:\/\/decolights.eu\/sk\/wp-json\/wp\/v2\/product_brand?post=6285"},{"taxonomy":"product_cat","embeddable":true,"href":"https:\/\/decolights.eu\/sk\/wp-json\/wp\/v2\/product_cat?post=6285"},{"taxonomy":"product_tag","embeddable":true,"href":"https:\/\/decolights.eu\/sk\/wp-json\/wp\/v2\/product_tag?post=6285"}],"curies":[{"name":"wp","href":"https:\/\/api.w.org\/{rel}","templated":true}]}}