{"id":6286,"date":"2023-04-01T04:43:12","date_gmt":"2023-04-01T04:43:12","guid":{"rendered":"https:\/\/decolights.eu\/?post_type=product&#038;p=6286"},"modified":"2023-05-09T12:17:33","modified_gmt":"2023-05-09T12:17:33","slug":"on-off-timer","status":"publish","type":"product","link":"https:\/\/decolights.eu\/sk\/produkt-2\/on-off-timer\/","title":{"rendered":"\u010casova\u010d zapnutia\/vypnutia"},"content":{"rendered":"<div>\n<p><strong>\u010cASOVA\u010c<\/strong> \u2013 ide o mimoriadne praktick\u00e9 zariadenie, ktor\u00e9 v\u00e1m umo\u017en\u00ed plne ovl\u00e1da\u0165 elektrick\u00e9 zariadenia vo va\u0161ej dom\u00e1cnosti. V\u010faka tomu zautomatizujete mnoh\u00e9 denn\u00e9 \u010dinnosti, na ktor\u00e9 \u010dasto zabudnete zhasn\u00fa\u0165 lampu, vypn\u00fa\u0165 ohrieva\u010d, klimatiz\u00e1ciu \u010di bojler. M\u00f4\u017eete k nemu pripoji\u0165 nab\u00edja\u010dku na telef\u00f3n alebo viano\u010dn\u00e9 osvetlenie. Program\u00e1tor vypne alebo vypne zariadenie k nemu pripojen\u00e9 vo vopred ur\u010denom \u010dase. N\u00e1\u0161 program\u00e1tor m\u00e1 schopnos\u0165 kontrolova\u0165 zap\u00ednacie a vyp\u00ednacie sekvencie na t\u00fd\u017edennej b\u00e1ze.<\/p>\n<p><strong>\u0160ETr\u00ed ENERGIU<\/strong> \u2013 v\u010faka \u010dasova\u010du m\u00f4\u017eete zn\u00ed\u017ei\u0165 spotrebu energie v dom\u00e1cnosti. Nemus\u00edte sa b\u00e1\u0165, \u017ee pred odchodom do pr\u00e1ce alebo odchodom nech\u00e1te zapnut\u00fd spotrebi\u010d, \u010do sa odraz\u00ed na va\u0161om \u00fa\u010dte za elektrinu. Je ide\u00e1lny ako doma, v kancel\u00e1rii, tak aj v obchode, napr\u00edklad po\u010das dovolenky, kedy chceme, aby v\u00fdloha zostala po zatvoren\u00ed osvetlen\u00e1.<\/p>\n<p><strong>JEDNODUCH\u00c9 POU\u017d\u00cdVANIE<\/strong> - Program\u00e1tor sa ve\u013emi \u013eahko pou\u017e\u00edva. Disponuje 4 tla\u010didlami, v\u010faka ktor\u00fdm m\u00f4\u017eete r\u00fdchlo naprogramova\u0165 chod zariaden\u00ed vo va\u0161ej dom\u00e1cnosti alebo kancel\u00e1rii na konkr\u00e9tny de\u0148, hodinu \u010di dokonca min\u00fatu.<\/p>\n<\/div>\n<ul>\n<li><strong>Farba \u010dasova\u010da:\u00a0<\/strong>biely<\/li>\n<li><strong>Maxim\u00e1lne W: <\/strong>3680 W<\/li>\n<li><strong>Maxim\u00e1lne A:\u00a0<\/strong>16A<\/li>\n<li><strong>Pracovn\u00e1 teplota: <\/strong>0 a\u017e +50 \u00b0C<\/li>\n<li><strong>re\u017eimy:\u00a0<\/strong>24\/12h, letn\u00fd\/zimn\u00fd \u010das<\/li>\n<li><strong>Ve\u013ekos\u0165:\u00a0<\/strong>11,20 cm (d\u013a\u017eka) x 7,50 cm (\u0161\u00edrka) x 5,50 cm (v\u00fd\u0161ka)<\/li>\n<\/ul>","protected":false},"excerpt":{"rendered":"<p>TIMER &#8211; this is an extremely practical device that allows you to fully control the electrical equipment in your home. Thanks to this, you automate many daily activities that you often forget turning off the lamp, turning off the heater, air conditioner or boiler. You can connect a phone charger or Christmas lights to it. [&#8230;]\n","protected":false},"featured_media":6408,"comment_status":"open","ping_status":"closed","template":"","meta":[],"product_brand":[],"product_cat":[225,211,214,226,212],"product_tag":[],"class_list":{"0":"post-6286","1":"product","2":"type-product","3":"status-publish","4":"has-post-thumbnail","6":"product_cat-accessories-indoor-lights","7":"product_cat-accessories","8":"product_cat-indoor-lights","9":"product_cat-outdoor-lights","10":"product_cat-pro-accessories","11":"pa_brand-deco","13":"first","14":"instock","15":"sale","16":"shipping-taxable","17":"purchasable","18":"product-type-simple"},"yoast_head":"<!-- This site is optimized with the Yoast SEO plugin v27.3 - https:\/\/yoast.com\/product\/yoast-seo-wordpress\/ -->\n<title>ON\/OFF Timer - Best price guarantee - Decolights.eu<\/title>\n<meta name=\"description\" content=\"ON\/OFF timer is an extremely practical device that allows you to fully control the electrical equipment in your home. Reduces electricity cost. Buy now!\" \/>\n<meta name=\"robots\" content=\"index, follow, max-snippet:-1, max-image-preview:large, max-video-preview:-1\" \/>\n<link rel=\"canonical\" href=\"https:\/\/decolights.eu\/sk\/produkt-2\/on-off-timer\/\" \/>\n<meta property=\"og:locale\" content=\"sk_SK\" \/>\n<meta property=\"og:type\" content=\"article\" \/>\n<meta property=\"og:title\" content=\"ON\/OFF Timer - Best price guarantee - Decolights.eu\" \/>\n<meta property=\"og:description\" content=\"ON\/OFF timer is an extremely practical device that allows you to fully control the electrical equipment in your home. Reduces electricity cost. Buy now!\" \/>\n<meta property=\"og:url\" content=\"https:\/\/decolights.eu\/sk\/produkt-2\/on-off-timer\/\" \/>\n<meta property=\"og:site_name\" content=\"Decolights.eu\" \/>\n<meta property=\"article:modified_time\" content=\"2023-05-09T12:17:33+00:00\" \/>\n<meta property=\"og:image\" content=\"https:\/\/decolights.eu\/wp-content\/uploads\/2023\/04\/eng_pl_19923-on-off-timer-16360_1.jpg\" \/>\n\t<meta property=\"og:image:width\" content=\"500\" \/>\n\t<meta property=\"og:image:height\" content=\"500\" \/>\n\t<meta property=\"og:image:type\" content=\"image\/jpeg\" \/>\n<meta name=\"twitter:card\" content=\"summary_large_image\" \/>\n<meta name=\"twitter:label1\" content=\"Predpokladan\u00fd \u010das \u010d\u00edtania\" \/>\n\t<meta name=\"twitter:data1\" content=\"1 min\u00fata\" \/>\n<script type=\"application\/ld+json\" class=\"yoast-schema-graph\">{\"@context\":\"https:\\\/\\\/schema.org\",\"@graph\":[{\"@type\":\"WebPage\",\"@id\":\"https:\\\/\\\/decolights.eu\\\/product\\\/on-off-timer\\\/\",\"url\":\"https:\\\/\\\/decolights.eu\\\/product\\\/on-off-timer\\\/\",\"name\":\"ON\\\/OFF Timer - Best price guarantee - Decolights.eu\",\"isPartOf\":{\"@id\":\"https:\\\/\\\/decolights.eu\\\/#website\"},\"primaryImageOfPage\":{\"@id\":\"https:\\\/\\\/decolights.eu\\\/product\\\/on-off-timer\\\/#primaryimage\"},\"image\":{\"@id\":\"https:\\\/\\\/decolights.eu\\\/product\\\/on-off-timer\\\/#primaryimage\"},\"thumbnailUrl\":\"https:\\\/\\\/decolights.eu\\\/wp-content\\\/uploads\\\/2023\\\/04\\\/eng_pl_19923-on-off-timer-16360_1.jpg\",\"datePublished\":\"2023-04-01T04:43:12+00:00\",\"dateModified\":\"2023-05-09T12:17:33+00:00\",\"description\":\"ON\\\/OFF timer is an extremely practical device that allows you to fully control the electrical equipment in your home. Reduces electricity cost. Buy now!\",\"breadcrumb\":{\"@id\":\"https:\\\/\\\/decolights.eu\\\/product\\\/on-off-timer\\\/#breadcrumb\"},\"inLanguage\":\"sk-SK\",\"potentialAction\":[{\"@type\":\"ReadAction\",\"target\":[\"https:\\\/\\\/decolights.eu\\\/product\\\/on-off-timer\\\/\"]}]},{\"@type\":\"ImageObject\",\"inLanguage\":\"sk-SK\",\"@id\":\"https:\\\/\\\/decolights.eu\\\/product\\\/on-off-timer\\\/#primaryimage\",\"url\":\"https:\\\/\\\/decolights.eu\\\/wp-content\\\/uploads\\\/2023\\\/04\\\/eng_pl_19923-on-off-timer-16360_1.jpg\",\"contentUrl\":\"https:\\\/\\\/decolights.eu\\\/wp-content\\\/uploads\\\/2023\\\/04\\\/eng_pl_19923-on-off-timer-16360_1.jpg\",\"width\":500,\"height\":500},{\"@type\":\"BreadcrumbList\",\"@id\":\"https:\\\/\\\/decolights.eu\\\/product\\\/on-off-timer\\\/#breadcrumb\",\"itemListElement\":[{\"@type\":\"ListItem\",\"position\":1,\"name\":\"Shop\",\"item\":\"https:\\\/\\\/decolights.eu\\\/shop\\\/\"},{\"@type\":\"ListItem\",\"position\":2,\"name\":\"ON\\\/OFF Timer\"}]},{\"@type\":\"WebSite\",\"@id\":\"https:\\\/\\\/decolights.eu\\\/#website\",\"url\":\"https:\\\/\\\/decolights.eu\\\/\",\"name\":\"decolights\",\"description\":\"Led Decorations for Home and Garden\",\"publisher\":{\"@id\":\"https:\\\/\\\/decolights.eu\\\/#organization\"},\"alternateName\":\"decolights.eu\",\"potentialAction\":[{\"@type\":\"SearchAction\",\"target\":{\"@type\":\"EntryPoint\",\"urlTemplate\":\"https:\\\/\\\/decolights.eu\\\/?s={search_term_string}\"},\"query-input\":{\"@type\":\"PropertyValueSpecification\",\"valueRequired\":true,\"valueName\":\"search_term_string\"}}],\"inLanguage\":\"sk-SK\"},{\"@type\":\"Organization\",\"@id\":\"https:\\\/\\\/decolights.eu\\\/#organization\",\"name\":\"decolights\",\"url\":\"https:\\\/\\\/decolights.eu\\\/\",\"logo\":{\"@type\":\"ImageObject\",\"inLanguage\":\"sk-SK\",\"@id\":\"https:\\\/\\\/decolights.eu\\\/#\\\/schema\\\/logo\\\/image\\\/\",\"url\":\"https:\\\/\\\/decolights.eu\\\/wp-content\\\/uploads\\\/2023\\\/07\\\/cropped-decolight-siteicon.png\",\"contentUrl\":\"https:\\\/\\\/decolights.eu\\\/wp-content\\\/uploads\\\/2023\\\/07\\\/cropped-decolight-siteicon.png\",\"width\":512,\"height\":512,\"caption\":\"decolights\"},\"image\":{\"@id\":\"https:\\\/\\\/decolights.eu\\\/#\\\/schema\\\/logo\\\/image\\\/\"}}]}<\/script>\n<!-- \/ Yoast SEO plugin. -->","yoast_head_json":{"title":"\u010casova\u010d ON\/OFF - Garancia najlep\u0161ej ceny - Decolights.eu","description":"\u010casova\u010d ON\/OFF je mimoriadne praktick\u00e9 zariadenie, ktor\u00e9 v\u00e1m umo\u017en\u00ed plne ovl\u00e1da\u0165 elektrick\u00e9 zariadenia vo va\u0161ej dom\u00e1cnosti. Zni\u017euje n\u00e1klady na elektrick\u00fa energiu. K\u00fapte teraz!","robots":{"index":"index","follow":"follow","max-snippet":"max-snippet:-1","max-image-preview":"max-image-preview:large","max-video-preview":"max-video-preview:-1"},"canonical":"https:\/\/decolights.eu\/sk\/produkt-2\/on-off-timer\/","og_locale":"sk_SK","og_type":"article","og_title":"ON\/OFF Timer - Best price guarantee - Decolights.eu","og_description":"ON\/OFF timer is an extremely practical device that allows you to fully control the electrical equipment in your home. Reduces electricity cost. Buy now!","og_url":"https:\/\/decolights.eu\/sk\/produkt-2\/on-off-timer\/","og_site_name":"Decolights.eu","article_modified_time":"2023-05-09T12:17:33+00:00","og_image":[{"width":500,"height":500,"url":"https:\/\/decolights.eu\/wp-content\/uploads\/2023\/04\/eng_pl_19923-on-off-timer-16360_1.jpg","type":"image\/jpeg"}],"twitter_card":"summary_large_image","twitter_misc":{"Predpokladan\u00fd \u010das \u010d\u00edtania":"1 min\u00fata"},"schema":{"@context":"https:\/\/schema.org","@graph":[{"@type":"WebPage","@id":"https:\/\/decolights.eu\/product\/on-off-timer\/","url":"https:\/\/decolights.eu\/product\/on-off-timer\/","name":"\u010casova\u010d ON\/OFF - Garancia najlep\u0161ej ceny - Decolights.eu","isPartOf":{"@id":"https:\/\/decolights.eu\/#website"},"primaryImageOfPage":{"@id":"https:\/\/decolights.eu\/product\/on-off-timer\/#primaryimage"},"image":{"@id":"https:\/\/decolights.eu\/product\/on-off-timer\/#primaryimage"},"thumbnailUrl":"https:\/\/decolights.eu\/wp-content\/uploads\/2023\/04\/eng_pl_19923-on-off-timer-16360_1.jpg","datePublished":"2023-04-01T04:43:12+00:00","dateModified":"2023-05-09T12:17:33+00:00","description":"\u010casova\u010d ON\/OFF je mimoriadne praktick\u00e9 zariadenie, ktor\u00e9 v\u00e1m umo\u017en\u00ed plne ovl\u00e1da\u0165 elektrick\u00e9 zariadenia vo va\u0161ej dom\u00e1cnosti. Zni\u017euje n\u00e1klady na elektrick\u00fa energiu. K\u00fapte teraz!","breadcrumb":{"@id":"https:\/\/decolights.eu\/product\/on-off-timer\/#breadcrumb"},"inLanguage":"sk-SK","potentialAction":[{"@type":"ReadAction","target":["https:\/\/decolights.eu\/product\/on-off-timer\/"]}]},{"@type":"ImageObject","inLanguage":"sk-SK","@id":"https:\/\/decolights.eu\/product\/on-off-timer\/#primaryimage","url":"https:\/\/decolights.eu\/wp-content\/uploads\/2023\/04\/eng_pl_19923-on-off-timer-16360_1.jpg","contentUrl":"https:\/\/decolights.eu\/wp-content\/uploads\/2023\/04\/eng_pl_19923-on-off-timer-16360_1.jpg","width":500,"height":500},{"@type":"BreadcrumbList","@id":"https:\/\/decolights.eu\/product\/on-off-timer\/#breadcrumb","itemListElement":[{"@type":"ListItem","position":1,"name":"Shop","item":"https:\/\/decolights.eu\/shop\/"},{"@type":"ListItem","position":2,"name":"ON\/OFF Timer"}]},{"@type":"WebSite","@id":"https:\/\/decolights.eu\/#website","url":"https:\/\/decolights.eu\/","name":"decolights","description":"Led dekor\u00e1cie pre dom a z\u00e1hradu","publisher":{"@id":"https:\/\/decolights.eu\/#organization"},"alternateName":"decolights.eu","potentialAction":[{"@type":"SearchAction","target":{"@type":"EntryPoint","urlTemplate":"https:\/\/decolights.eu\/?s={search_term_string}"},"query-input":{"@type":"PropertyValueSpecification","valueRequired":true,"valueName":"search_term_string"}}],"inLanguage":"sk-SK"},{"@type":"Organization","@id":"https:\/\/decolights.eu\/#organization","name":"decolights","url":"https:\/\/decolights.eu\/","logo":{"@type":"ImageObject","inLanguage":"sk-SK","@id":"https:\/\/decolights.eu\/#\/schema\/logo\/image\/","url":"https:\/\/decolights.eu\/wp-content\/uploads\/2023\/07\/cropped-decolight-siteicon.png","contentUrl":"https:\/\/decolights.eu\/wp-content\/uploads\/2023\/07\/cropped-decolight-siteicon.png","width":512,"height":512,"caption":"decolights"},"image":{"@id":"https:\/\/decolights.eu\/#\/schema\/logo\/image\/"}}]}},"jetpack_sharing_enabled":true,"_links":{"self":[{"href":"https:\/\/decolights.eu\/sk\/wp-json\/wp\/v2\/product\/6286","targetHints":{"allow":["GET"]}}],"collection":[{"href":"https:\/\/decolights.eu\/sk\/wp-json\/wp\/v2\/product"}],"about":[{"href":"https:\/\/decolights.eu\/sk\/wp-json\/wp\/v2\/types\/product"}],"replies":[{"embeddable":true,"href":"https:\/\/decolights.eu\/sk\/wp-json\/wp\/v2\/comments?post=6286"}],"wp:featuredmedia":[{"embeddable":true,"href":"https:\/\/decolights.eu\/sk\/wp-json\/wp\/v2\/media\/6408"}],"wp:attachment":[{"href":"https:\/\/decolights.eu\/sk\/wp-json\/wp\/v2\/media?parent=6286"}],"wp:term":[{"taxonomy":"product_brand","embeddable":true,"href":"https:\/\/decolights.eu\/sk\/wp-json\/wp\/v2\/product_brand?post=6286"},{"taxonomy":"product_cat","embeddable":true,"href":"https:\/\/decolights.eu\/sk\/wp-json\/wp\/v2\/product_cat?post=6286"},{"taxonomy":"product_tag","embeddable":true,"href":"https:\/\/decolights.eu\/sk\/wp-json\/wp\/v2\/product_tag?post=6286"}],"curies":[{"name":"wp","href":"https:\/\/api.w.org\/{rel}","templated":true}]}}